{"id":2298,"date":"2024-11-05T07:26:05","date_gmt":"2024-11-05T05:26:05","guid":{"rendered":"https:\/\/sabik.com\/guias-rapidas\/"},"modified":"2025-01-20T12:16:49","modified_gmt":"2025-01-20T10:16:49","slug":"guias-rapidas","status":"publish","type":"page","link":"https:\/\/sabik.com\/es\/guias-rapidas\/","title":{"rendered":"Gu\u00edas r\u00e1pidas"},"content":{"rendered":"<div class=\"wpb-content-wrapper\">[vc_row][vc_column width=\u00bb1\/6&#8243;][\/vc_column][vc_column width=\u00bb2\/3&#8243;][vc_column_text el_class=\u00bbingressi\u00bb css=\u00bb.vc_custom_1730783780328{margin-bottom: 0px !important;}\u00bb]\n<h1 style=\"text-align: center;\">Gu\u00edas r\u00e1pidas<\/h1>\n[\/vc_column_text][\/vc_column][vc_column width=\u00bb1\/6&#8243;][\/vc_column][\/vc_row][vc_row][vc_column][mk_padding_divider size=\u00bb55&#8243;][\/vc_column][\/vc_row][vc_row][vc_column width=\u00bb1\/4&#8243;][vc_column_text el_class=\u00bbingressi\u00bb css=\u00bb.vc_custom_1730784041095{margin-bottom: 0px !important;}\u00bb]\n<p style=\"text-align: center;\"><a href=\"https:\/\/sabik.com\/wp-content\/uploads\/2024\/11\/sabik_marine_quick_guide_1_ais_for_aton_2019.pdf\" target=\"_blank\" rel=\"noopener\"><img loading=\"lazy\" decoding=\"async\" class=\"aligncenter size-full\" src=\"https:\/\/sabik.com\/wp-content\/uploads\/2024\/11\/sabik_marine_quick_guide_1_ais_for_aton_2019.jpg\" alt=\"Folleto Sabik Rigwatcher\" width=\"250\" height=\"353\" \/><\/a><strong>Gu\u00eda R\u00e1pida 1 de Sabik Marine: Ais para Aton<\/strong><\/p>\n<p style=\"text-align: center;\"><a class=\"download\" href=\"https:\/\/sabik.com\/wp-content\/uploads\/2024\/11\/sabik_marine_quick_guide_1_ais_for_aton_2019.pdf\" target=\"_blank\" rel=\"noopener\">> DESCARGAR<\/a><\/p>\n[\/vc_column_text][mk_padding_divider][\/vc_column][vc_column width=\u00bb1\/4&#8243;][vc_column_text el_class=\u00bbingressi\u00bb css=\u00bb.vc_custom_1730784203036{margin-bottom: 0px !important;}\u00bb]\n<p style=\"text-align: center;\"><a href=\"https:\/\/sabik.com\/wp-content\/uploads\/2024\/11\/sabik_marine_quick_guide_2_aton_signals_2019-leading_lights_omnidirectional_sector_lights_and_high-precision_projector_sector_lights_print.pdf\" target=\"_blank\" rel=\"noopener\"><img loading=\"lazy\" decoding=\"async\" class=\"aligncenter size-full\" src=\"https:\/\/sabik.com\/wp-content\/uploads\/2024\/11\/sabik_marine_quick_guide_2_aton_signals_2019-leading_lights_omnidirectional_sector_lights_and_high-precision_projector_sector_lights_print.jpg\" alt=\"Folleto Sabik Rigwatcher\" width=\"250\" height=\"353\" \/><\/a><strong>Gu\u00eda R\u00e1pida 2 de Sabik Marine: Se\u00f1ales Aton 2019<br \/>\n<\/strong><\/p>\n<p style=\"text-align: center;\"><a class=\"download\" href=\"https:\/\/sabik.com\/wp-content\/uploads\/2024\/11\/sabik_marine_quick_guide_2_aton_signals_2019-leading_lights_omnidirectional_sector_lights_and_high-precision_projector_sector_lights_print.pdf\" target=\"_blank\" rel=\"noopener\">> DESCARGAR<\/a><\/p>\n[\/vc_column_text][mk_padding_divider][\/vc_column][vc_column width=\u00bb1\/4&#8243;][vc_column_text el_class=\u00bbingressi\u00bb css=\u00bb.vc_custom_1730784297866{margin-bottom: 0px !important;}\u00bb]\n<p style=\"text-align: center;\"><a href=\"https:\/\/sabik.com\/wp-content\/uploads\/2024\/11\/sabik_marine_quick_guide_3_self_contained_lantern.pdf\" target=\"_blank\" rel=\"noopener\"><img loading=\"lazy\" decoding=\"async\" class=\"aligncenter size-full\" src=\"https:\/\/sabik.com\/wp-content\/uploads\/2024\/11\/sabik_marine_quick_guide_3_self_contained_lantern.jpg\" alt=\"Folleto Sabik Rigwatcher\" width=\"250\" height=\"353\" \/><\/a><strong>Gu\u00eda R\u00e1pida 3 de Sabik Marine: Linternas aut\u00f3nomas<br \/>\n<\/strong><\/p>\n<p style=\"text-align: center;\"><a class=\"download\" href=\"https:\/\/sabik.com\/wp-content\/uploads\/2024\/11\/sabik_marine_quick_guide_3_self_contained_lantern.pdf\" target=\"_blank\" rel=\"noopener\">> DESCARGAR<\/a><\/p>\n[\/vc_column_text][mk_padding_divider][\/vc_column][vc_column width=\u00bb1\/4&#8243;][vc_column_text el_class=\u00bbingressi\u00bb css=\u00bb.vc_custom_1730784360336{margin-bottom: 0px !important;}\u00bb]\n<p style=\"text-align: center;\"><a href=\"https:\/\/sabik.com\/wp-content\/uploads\/2024\/11\/sabik_marine_whitepaper_pel_sector_lights_2021.pdf\" target=\"_blank\" rel=\"noopener\"><img loading=\"lazy\" decoding=\"async\" class=\"aligncenter size-full\" src=\"https:\/\/sabik.com\/wp-content\/uploads\/2024\/11\/sabik_marine_whitepaper_pel_sector_lights_2021.jpg\" alt=\"Folleto Sabik Rigwatcher\" width=\"250\" height=\"353\" \/><\/a><strong>Informe de Sabik Marine: Luces de sector Pel 2021<br \/>\n<\/strong><\/p>\n<p style=\"text-align: center;\"><a class=\"download\" href=\"https:\/\/sabik.com\/wp-content\/uploads\/2024\/11\/sabik_marine_whitepaper_pel_sector_lights_2021.pdf\" target=\"_blank\" rel=\"noopener\">> DESCARGAR<\/a><\/p>\n[\/vc_column_text][mk_padding_divider][\/vc_column][\/vc_row]\n<\/div>","protected":false},"excerpt":{"rendered":"<p>[vc_row][vc_column width=\u00bb1\/6&#8243;][\/vc_column][vc_column width=\u00bb2\/3&#8243;][vc_column_text el_class=\u00bbingressi\u00bb css=\u00bb.vc_custom_1730783780328{margin-bottom: 0px !important;}\u00bb] Gu\u00edas r\u00e1pidas [\/vc_column_text][\/vc_column][vc_column width=\u00bb1\/6&#8243;][\/vc_column][\/vc_row][vc_row][vc_column][mk_padding_divider size=\u00bb55&#8243;][\/vc_column][\/vc_row][vc_row][vc_column width=\u00bb1\/4&#8243;][vc_column_text el_class=\u00bbingressi\u00bb css=\u00bb.vc_custom_1730784041095{margin-bottom: 0px !important;}\u00bb] Gu\u00eda R\u00e1pida 1 de Sabik Marine: Ais para Aton > DESCARGAR [\/vc_column_text][mk_padding_divider][\/vc_column][vc_column width=\u00bb1\/4&#8243;][vc_column_text el_class=\u00bbingressi\u00bb css=\u00bb.vc_custom_1730784203036{margin-bottom: 0px !important;}\u00bb] Gu\u00eda R\u00e1pida 2 de Sabik Marine: Se\u00f1ales Aton 2019 > DESCARGAR [\/vc_column_text][mk_padding_divider][\/vc_column][vc_column width=\u00bb1\/4&#8243;][vc_column_text el_class=\u00bbingressi\u00bb css=\u00bb.vc_custom_1730784297866{margin-bottom: 0px !important;}\u00bb] Gu\u00eda R\u00e1pida 3 de Sabik Marine: Linternas aut\u00f3nomas > DESCARGAR [\/vc_column_text][mk_padding_divider][\/vc_column][vc_column width=\u00bb1\/4&#8243;][vc_column_text el_class=\u00bbingressi\u00bb css=\u00bb.vc_custom_1730784360336{margin-bottom: 0px !important;}\u00bb] Informe de Sabik Marine: Luces de sector Pel 2021 > DESCARGAR [\/vc_column_text][mk_padding_divider][\/vc_column][\/vc_row]<\/p>\n","protected":false},"author":1,"featured_media":0,"parent":0,"menu_order":0,"comment_status":"closed","ping_status":"closed","template":"","meta":{"_improvement_type_select":"improve_an_existing","_thumb_yes_seoaic":false,"_frame_yes_seoaic":false,"seoaic_generate_description":"","seoaic_improve_instructions_prompt":"","seoaic_rollback_content_improvement":"","seoaic_idea_thumbnail_generator":"","thumbnail_generated":false,"thumbnail_generate_prompt":"","seoaic_article_description":"","footnotes":""},"class_list":["post-2298","page","type-page","status-publish","hentry"],"yoast_head":"<!-- This site is optimized with the Yoast SEO Premium plugin v26.2 (Yoast SEO v27.3) - https:\/\/yoast.com\/product\/yoast-seo-premium-wordpress\/ -->\n<title>Gu\u00edas r\u00e1pidas | Sabik<\/title>\n<meta name=\"description\" content=\"Eche un vistazo a las gu\u00edas aton de Sabik sobre AIS, se\u00f1ales aton y linternas aut\u00f3nomas. Consulte nuestro informe sobre las luces de sector PEL. \u00a1Lea ahora!\" \/>\n<meta name=\"robots\" content=\"index, follow, max-snippet:-1, max-image-preview:large, max-video-preview:-1\" \/>\n<link rel=\"canonical\" href=\"http:\/\/sabik.com\/media\/quick-guides\/\" \/>\n<meta property=\"og:locale\" content=\"es_ES\" \/>\n<meta property=\"og:type\" content=\"article\" \/>\n<meta property=\"og:title\" content=\"Gu\u00edas r\u00e1pidas\" \/>\n<meta property=\"og:description\" content=\"Eche un vistazo a las gu\u00edas aton de Sabik sobre AIS, se\u00f1ales aton y linternas aut\u00f3nomas. Consulte nuestro informe sobre las luces de sector PEL. \u00a1Lea ahora!\" \/>\n<meta property=\"og:url\" content=\"http:\/\/sabik.com\/media\/quick-guides\/\" \/>\n<meta property=\"og:site_name\" content=\"Sabik\" \/>\n<meta property=\"article:modified_time\" content=\"2025-01-20T10:16:49+00:00\" \/>\n<meta property=\"og:image\" content=\"https:\/\/sabik.com\/wp-content\/uploads\/2024\/11\/sabik_marine_quick_guide_1_ais_for_aton_2019.jpg\" \/>\n<meta name=\"twitter:card\" content=\"summary_large_image\" \/>\n<meta name=\"twitter:label1\" content=\"Tiempo de lectura\" \/>\n\t<meta name=\"twitter:data1\" content=\"1 minuto\" \/>\n<script type=\"application\/ld+json\" class=\"yoast-schema-graph\">{\"@context\":\"https:\\\/\\\/schema.org\",\"@graph\":[{\"@type\":\"WebPage\",\"@id\":\"http:\\\/\\\/sabik.com\\\/media\\\/quick-guides\\\/\",\"url\":\"http:\\\/\\\/sabik.com\\\/media\\\/quick-guides\\\/\",\"name\":\"Gu\u00edas r\u00e1pidas | Sabik\",\"isPartOf\":{\"@id\":\"https:\\\/\\\/sabik.com\\\/#website\"},\"primaryImageOfPage\":{\"@id\":\"http:\\\/\\\/sabik.com\\\/media\\\/quick-guides\\\/#primaryimage\"},\"image\":{\"@id\":\"http:\\\/\\\/sabik.com\\\/media\\\/quick-guides\\\/#primaryimage\"},\"thumbnailUrl\":\"https:\\\/\\\/sabik.com\\\/wp-content\\\/uploads\\\/2024\\\/11\\\/sabik_marine_quick_guide_1_ais_for_aton_2019.jpg\",\"datePublished\":\"2024-11-05T05:26:05+00:00\",\"dateModified\":\"2025-01-20T10:16:49+00:00\",\"description\":\"Eche un vistazo a las gu\u00edas aton de Sabik sobre AIS, se\u00f1ales aton y linternas aut\u00f3nomas. Consulte nuestro informe sobre las luces de sector PEL. \u00a1Lea ahora!\",\"breadcrumb\":{\"@id\":\"http:\\\/\\\/sabik.com\\\/media\\\/quick-guides\\\/#breadcrumb\"},\"inLanguage\":\"es\",\"potentialAction\":[{\"@type\":\"ReadAction\",\"target\":[\"http:\\\/\\\/sabik.com\\\/media\\\/quick-guides\\\/\"]}]},{\"@type\":\"ImageObject\",\"inLanguage\":\"es\",\"@id\":\"http:\\\/\\\/sabik.com\\\/media\\\/quick-guides\\\/#primaryimage\",\"url\":\"https:\\\/\\\/sabik.com\\\/wp-content\\\/uploads\\\/2024\\\/11\\\/sabik_marine_quick_guide_1_ais_for_aton_2019.jpg\",\"contentUrl\":\"https:\\\/\\\/sabik.com\\\/wp-content\\\/uploads\\\/2024\\\/11\\\/sabik_marine_quick_guide_1_ais_for_aton_2019.jpg\"},{\"@type\":\"BreadcrumbList\",\"@id\":\"http:\\\/\\\/sabik.com\\\/media\\\/quick-guides\\\/#breadcrumb\",\"itemListElement\":[{\"@type\":\"ListItem\",\"position\":1,\"name\":\"Home\",\"item\":\"https:\\\/\\\/live-aton-sabik.pantheonsite.io\\\/es\\\/\"},{\"@type\":\"ListItem\",\"position\":2,\"name\":\"Gu\u00edas r\u00e1pidas\"}]},{\"@type\":\"WebSite\",\"@id\":\"https:\\\/\\\/sabik.com\\\/#website\",\"url\":\"https:\\\/\\\/sabik.com\\\/\",\"name\":\"Sabik\",\"description\":\"Global Leader in Maritime Aids to Navigation\",\"potentialAction\":[{\"@type\":\"SearchAction\",\"target\":{\"@type\":\"EntryPoint\",\"urlTemplate\":\"https:\\\/\\\/sabik.com\\\/?s={search_term_string}\"},\"query-input\":{\"@type\":\"PropertyValueSpecification\",\"valueRequired\":true,\"valueName\":\"search_term_string\"}}],\"inLanguage\":\"es\"}]}<\/script>\n<!-- \/ Yoast SEO Premium plugin. -->","yoast_head_json":{"title":"Gu\u00edas r\u00e1pidas | Sabik","description":"Eche un vistazo a las gu\u00edas aton de Sabik sobre AIS, se\u00f1ales aton y linternas aut\u00f3nomas. Consulte nuestro informe sobre las luces de sector PEL. \u00a1Lea ahora!","robots":{"index":"index","follow":"follow","max-snippet":"max-snippet:-1","max-image-preview":"max-image-preview:large","max-video-preview":"max-video-preview:-1"},"canonical":"http:\/\/sabik.com\/media\/quick-guides\/","og_locale":"es_ES","og_type":"article","og_title":"Gu\u00edas r\u00e1pidas","og_description":"Eche un vistazo a las gu\u00edas aton de Sabik sobre AIS, se\u00f1ales aton y linternas aut\u00f3nomas. Consulte nuestro informe sobre las luces de sector PEL. \u00a1Lea ahora!","og_url":"http:\/\/sabik.com\/media\/quick-guides\/","og_site_name":"Sabik","article_modified_time":"2025-01-20T10:16:49+00:00","og_image":[{"url":"https:\/\/sabik.com\/wp-content\/uploads\/2024\/11\/sabik_marine_quick_guide_1_ais_for_aton_2019.jpg","type":"","width":"","height":""}],"twitter_card":"summary_large_image","twitter_misc":{"Tiempo de lectura":"1 minuto"},"schema":{"@context":"https:\/\/schema.org","@graph":[{"@type":"WebPage","@id":"http:\/\/sabik.com\/media\/quick-guides\/","url":"http:\/\/sabik.com\/media\/quick-guides\/","name":"Gu\u00edas r\u00e1pidas | Sabik","isPartOf":{"@id":"https:\/\/sabik.com\/#website"},"primaryImageOfPage":{"@id":"http:\/\/sabik.com\/media\/quick-guides\/#primaryimage"},"image":{"@id":"http:\/\/sabik.com\/media\/quick-guides\/#primaryimage"},"thumbnailUrl":"https:\/\/sabik.com\/wp-content\/uploads\/2024\/11\/sabik_marine_quick_guide_1_ais_for_aton_2019.jpg","datePublished":"2024-11-05T05:26:05+00:00","dateModified":"2025-01-20T10:16:49+00:00","description":"Eche un vistazo a las gu\u00edas aton de Sabik sobre AIS, se\u00f1ales aton y linternas aut\u00f3nomas. Consulte nuestro informe sobre las luces de sector PEL. \u00a1Lea ahora!","breadcrumb":{"@id":"http:\/\/sabik.com\/media\/quick-guides\/#breadcrumb"},"inLanguage":"es","potentialAction":[{"@type":"ReadAction","target":["http:\/\/sabik.com\/media\/quick-guides\/"]}]},{"@type":"ImageObject","inLanguage":"es","@id":"http:\/\/sabik.com\/media\/quick-guides\/#primaryimage","url":"https:\/\/sabik.com\/wp-content\/uploads\/2024\/11\/sabik_marine_quick_guide_1_ais_for_aton_2019.jpg","contentUrl":"https:\/\/sabik.com\/wp-content\/uploads\/2024\/11\/sabik_marine_quick_guide_1_ais_for_aton_2019.jpg"},{"@type":"BreadcrumbList","@id":"http:\/\/sabik.com\/media\/quick-guides\/#breadcrumb","itemListElement":[{"@type":"ListItem","position":1,"name":"Home","item":"https:\/\/live-aton-sabik.pantheonsite.io\/es\/"},{"@type":"ListItem","position":2,"name":"Gu\u00edas r\u00e1pidas"}]},{"@type":"WebSite","@id":"https:\/\/sabik.com\/#website","url":"https:\/\/sabik.com\/","name":"Sabik","description":"Global Leader in Maritime Aids to Navigation","potentialAction":[{"@type":"SearchAction","target":{"@type":"EntryPoint","urlTemplate":"https:\/\/sabik.com\/?s={search_term_string}"},"query-input":{"@type":"PropertyValueSpecification","valueRequired":true,"valueName":"search_term_string"}}],"inLanguage":"es"}]}},"_links":{"self":[{"href":"https:\/\/sabik.com\/es\/wp-json\/wp\/v2\/pages\/2298","targetHints":{"allow":["GET"]}}],"collection":[{"href":"https:\/\/sabik.com\/es\/wp-json\/wp\/v2\/pages"}],"about":[{"href":"https:\/\/sabik.com\/es\/wp-json\/wp\/v2\/types\/page"}],"author":[{"embeddable":true,"href":"https:\/\/sabik.com\/es\/wp-json\/wp\/v2\/users\/1"}],"replies":[{"embeddable":true,"href":"https:\/\/sabik.com\/es\/wp-json\/wp\/v2\/comments?post=2298"}],"version-history":[{"count":142,"href":"https:\/\/sabik.com\/es\/wp-json\/wp\/v2\/pages\/2298\/revisions"}],"predecessor-version":[{"id":2560,"href":"https:\/\/sabik.com\/es\/wp-json\/wp\/v2\/pages\/2298\/revisions\/2560"}],"wp:attachment":[{"href":"https:\/\/sabik.com\/es\/wp-json\/wp\/v2\/media?parent=2298"}],"curies":[{"name":"wp","href":"https:\/\/api.w.org\/{rel}","templated":true}]}}