{"id":2309,"date":"2024-10-18T06:11:41","date_gmt":"2024-10-18T03:11:41","guid":{"rendered":"https:\/\/sabik.com\/monitoreo-y-control\/"},"modified":"2025-01-20T12:16:49","modified_gmt":"2025-01-20T10:16:49","slug":"monitoreo-y-control","status":"publish","type":"page","link":"https:\/\/sabik.com\/es\/marina\/monitoreo-y-control\/","title":{"rendered":"Monitoreo y control"},"content":{"rendered":"<div class=\"wpb-content-wrapper\">[vc_row][vc_column width=\u00bb1\/6&#8243;][\/vc_column][vc_column width=\u00bb2\/3&#8243;][vc_column_text el_class=\u00bbingressi\u00bb css=\u00bb.vc_custom_1729220336827{margin-bottom: 0px !important;}\u00bb]\n<h1 style=\"text-align: center;\">Monitoreo y control<\/h1>\n<p style=\"text-align: center;\">Gestione y controle f\u00e1cilmente sus dispositivos de ayuda a la navegaci\u00f3n con nuestro avanzado monitor LightGuard y la aplicaci\u00f3n Sabik Bluetooth\u00ae Control. Ya sea para comprobar si la linterna marina sigue en su sitio, asegurarse de que la configuraci\u00f3n sea correcta o revisar los niveles de energ\u00eda de la bater\u00eda, nuestras herramientas proporcionan acceso remoto y en tiempo real a informaci\u00f3n esencial.<\/p>\n[\/vc_column_text][\/vc_column][vc_column width=\u00bb1\/6&#8243;][\/vc_column][\/vc_row][vc_row][vc_column][mk_padding_divider][\/vc_column][\/vc_row][vc_row][vc_column]\n\t\t\t\t<p class=\"rs-p-wp-fix\"><\/p>\n\t\t\t\t<sr7-module data-alias=\"monitor-en\" data-id=\"13\" id=\"SR7_13_1\" class=\"rs-ov-hidden\" data-version=\"6.7.51\">\n\t\t\t\t\t<sr7-adjuster><\/sr7-adjuster>\n\t\t\t\t\t<sr7-content>\n\t\t\t\t\t\t<sr7-slide id=\"SR7_13_1-25\" data-key=\"25\">\n\t\t\t\t\t\t\t<sr7-bg id=\"SR7_13_1-25-1\" class=\"sr7-layer\"><noscript><img decoding=\"async\" src=\"https:\/\/live-aton-sabik.pantheonsite.io\/wp-content\/uploads\/2024\/10\/monitoring-control.jpg\" alt=\"A screen showing monitoring with LightGuard.\" title=\"Monitoring and Control\"><\/noscript><\/sr7-bg>\n\t\t\t\t\t\t<\/sr7-slide>\n\t\t\t\t\t\t<sr7-slide id=\"SR7_13_1-26\" data-key=\"26\">\n\t\t\t\t\t\t<\/sr7-slide>\n\t\t\t\t\t<\/sr7-content>\n\t\t\t\t\t<image_lists style=\"display:none\">\n\t\t\t\t\t\t<img data-src=\"\/\/live-aton-sabik.pantheonsite.io\/wp-content\/uploads\/2024\/10\/dots-diag-8.png\" data-libid=\"620\" title=\"dots-diag-8\" width=\"0\" height=\"0\" data-dbsrc=\"Ly9saXZlLWF0b24tc2FiaWsucGFudGhlb25zaXRlLmlvL3dwLWNvbnRlbnQvdXBsb2Fkcy8yMDI0LzEwL2RvdHMtZGlhZy04LnBuZw==\"\/>\n\t\t\t\t\t\t<img data-src=\"\/\/live-aton-sabik.pantheonsite.io\/wp-content\/uploads\/2024\/10\/monitoring-control.jpg\" data-libid=\"1083\" data-lib=\"medialibrary\" alt=\"A screen showing monitoring with LightGuard.\" title=\"Monitoring and Control\" width=\"0\" height=\"0\" data-dbsrc=\"Ly9saXZlLWF0b24tc2FiaWsucGFudGhlb25zaXRlLmlvL3dwLWNvbnRlbnQvdXBsb2Fkcy8yMDI0LzEwL21vbml0b3JpbmctY29udHJvbC5qcGc=\"\/>\n\t\t\t\t\t<\/image_lists>\n\t\t\t\t<\/sr7-module>\n\t\t\t\t<script>\n\t\t\t\t\twindow.SR7 ??={};SR7.PMH ??={}; SR7.PMH[\"SR7_13_1\"] = {cn:100,state:false,fn: function() { if (window._tpt!==undefined && window._tpt.prepareModuleHeight !== undefined) {  _tpt.prepareModuleHeight({id:\"SR7_13_1\",el:[500,500,768,960,720],type:'standard',shdw:'0',gh:[500,500,413,314,194],gw:[1240,1240,1024,778,480],vpt:['100px'],size:{fullWidth:true, fullHeight:false},mh:'0',onh:0,onw:0,bg:{color:'{\"orig\":\"transparent\",\"type\":\"solid\",\"string\":\"transparent\"}'}});   SR7.PMH[\"SR7_13_1\"].state=true;} else if(SR7.PMH[\"SR7_13_1\"].cn-->0)\tsetTimeout( SR7.PMH[\"SR7_13_1\"].fn,19);}};SR7.PMH[\"SR7_13_1\" ].fn();\n\t\t\t\t<\/script>\n[\/vc_column][\/vc_row][vc_row][vc_column][mk_padding_divider size=\u00bb55&#8243;][\/vc_column][\/vc_row][vc_row][vc_column width=\u00bb1\/2&#8243;][vc_column_text el_class=\u00bbingressi\u00bb css=\u00bb.vc_custom_1729220356841{margin-bottom: 0px !important;}\u00bb]\n<h3>LightGuard Monitor &#8211; Monitoreo integral de ayudas a la navegaci\u00f3n<\/h3>\n[\/vc_column_text][\/vc_column][vc_column width=\u00bb1\/2&#8243;][vc_column_text css=\u00bb.vc_custom_1729220511191{margin-bottom: 0px !important;}\u00bb]Nuestro vanguardista LightGuard Monitor ofrece un monitoreo perfecto de las ayudas a la navegaci\u00f3n tanto fijas como flotantes, combinando facilidad de uso con una mayor seguridad. La intuitiva interfaz por Internet funciona en computadoras, tablets y smartphones y proporciona acceso en tiempo real a informes de estado detallados, como nivel de bater\u00eda, ubicaci\u00f3n de la boya y tiempos de funcionamiento de la linterna. En caso de problemas, se activan alarmas autom\u00e1ticas que garantizan una respuesta inmediata y reducen el tiempo de inactividad.<\/p>\n[\/vc_column_text][mk_button dimension=\u00bbflat\u00bb corner_style=\u00bbrounded\u00bb size=\u00bblarge\u00bb url=\u00bbhttps:\/\/lgm.sabik.com\/#login\u00bb target=\u00bb_blank\u00bb align=\u00bbcenter\u00bb margin_top=\u00bb15&#8243; margin_right=\u00bb0&#8243;]Inicio de sesi\u00f3n en LightGuard Monitor[\/mk_button][\/vc_column][\/vc_row][vc_row animation=\u00bbtop-to-bottom\u00bb][vc_column][mk_padding_divider][mk_gallery images=\u00bb629&#8243; column=\u00bb1&#8243; image_size=\u00bbfull\u00bb hover_scenarios=\u00bbnone\u00bb item_spacing=\u00bb0&#8243; margin_bottom=\u00bb0&#8243;][vc_column_text css=\u00bb.vc_custom_1729220991946{margin-bottom: 0px !important;}\u00bb]\n<p style=\"text-align: center;\"><em>Monitor LightGuard<\/em><\/p>\n[\/vc_column_text][mk_padding_divider][\/vc_column][\/vc_row][vc_row][vc_column][mk_divider style=\u00bbthin_solid\u00bb margin_top=\u00bb60&#8243; margin_bottom=\u00bb60&#8243;][\/vc_column][\/vc_row][vc_row][vc_column width=\u00bb1\/2&#8243;][vc_column_text el_class=\u00bbingressi\u00bb css=\u00bb.vc_custom_1729220854949{margin-bottom: 0px !important;}\u00bb]\n<h3>Aplicaci\u00f3n de control Sabik Bluetooth\u00ae &#8211; Sencilla programaci\u00f3n de linternas<\/h3>\n[\/vc_column_text][\/vc_column][vc_column width=\u00bb1\/2&#8243;][vc_column_text css=\u00bb.vc_custom_1729220880499{margin-bottom: 0px !important;}\u00bb]La aplicaci\u00f3n Sabik Bluetooth\u00ae Control es una potente herramienta para programar y controlar linternas marinas desde una distancia de hasta 50 metros. Con esta aplicaci\u00f3n m\u00f3vil, podr\u00e1 revisar segura y f\u00e1cilmente el estado de las linternas directamente desde su embarcaci\u00f3n o muelle, sin necesidad de subirse a los equipos. S\u00f3lo tiene que utilizar su smartphone con la aplicaci\u00f3n para un control c\u00f3modo y eficiente, mejorando tanto la seguridad como la facilidad de uso.[\/vc_column_text][\/vc_column][\/vc_row][vc_row][vc_column][mk_padding_divider][\/vc_column][\/vc_row][vc_row][vc_column width=\u00bb1\/2&#8243;][vc_column_text el_class=\u00bbingressi\u00bb css=\u00bb.vc_custom_1729220899003{margin-bottom: 0px !important;}\u00bb]\n<h3>Acceso<\/h3>\n[\/vc_column_text][\/vc_column][vc_column width=\u00bb1\/2&#8243;][vc_column_text css=\u00bb.vc_custom_1729221356954{margin-bottom: 0px !important;}\u00bb]Para acceder a la <strong>aplicaci\u00f3n de Control Sabik Bluetooth\u00ae<\/strong>, env\u00ede una solicitud a: <a href=\"&#x6d;&#97;i&#x6c;&#116;&#111;&#x3a;&#x73;&#97;b&#x69;&#107;&#46;&#x73;&#x75;&#112;p&#x6f;&#114;t&#x40;&#x73;&#112;x&#x2e;&#99;o&#x6d;\">&#115;&#x61;&#x62;i&#107;&#x2e;s&#117;&#x70;p&#111;&#x72;t&#64;&#x73;&#x70;&#120;&#x2e;&#x63;o&#109;<\/a><\/p>\n<p>Para agilizar el proceso de aprobaci\u00f3n, incluya su nombre, direcci\u00f3n de correo electr\u00f3nico, nombre de la empresa y una foto de la etiqueta de identificaci\u00f3n o el n\u00famero de serie del producto que desea manejar.[\/vc_column_text][\/vc_column][\/vc_row][vc_row][vc_column][mk_gallery images=\u00bb630&#8243; column=\u00bb1&#8243; image_size=\u00bbfull\u00bb hover_scenarios=\u00bbnone\u00bb item_spacing=\u00bb0&#8243; margin_bottom=\u00bb0&#8243;][vc_column_text css=\u00bb.vc_custom_1729221022714{margin-bottom: 0px !important;}\u00bb]\n<p style=\"text-align: center;\"><em>Aplicaci\u00f3n de Control Sabik Bluetooth\u00ae<\/em><\/p>\n[\/vc_column_text][mk_padding_divider][\/vc_column][\/vc_row]\n<\/div>","protected":false},"excerpt":{"rendered":"<p>[vc_row][vc_column width=\u00bb1\/6&#8243;][\/vc_column][vc_column width=\u00bb2\/3&#8243;][vc_column_text el_class=\u00bbingressi\u00bb css=\u00bb.vc_custom_1729220336827{margin-bottom: 0px !important;}\u00bb] Monitoreo y control Gestione y controle f\u00e1cilmente sus dispositivos de ayuda a la navegaci\u00f3n con nuestro avanzado monitor LightGuard y la aplicaci\u00f3n Sabik Bluetooth\u00ae Control. Ya sea para comprobar si la linterna marina sigue en su sitio, asegurarse de que la configuraci\u00f3n sea correcta o revisar los niveles de energ\u00eda de la bater\u00eda, nuestras herramientas proporcionan acceso remoto y en tiempo real a informaci\u00f3n esencial. [\/vc_column_text][\/vc_column][vc_column width=\u00bb1\/6&#8243;][\/vc_column][\/vc_row][vc_row][vc_column][mk_padding_divider][\/vc_column][\/vc_row][vc_row][vc_column][\/vc_column][\/vc_row][vc_row][vc_column][mk_padding_divider size=\u00bb55&#8243;][\/vc_column][\/vc_row][vc_row][vc_column width=\u00bb1\/2&#8243;][vc_column_text el_class=\u00bbingressi\u00bb css=\u00bb.vc_custom_1729220356841{margin-bottom: 0px !important;}\u00bb] LightGuard Monitor &#8211; Monitoreo integral de ayudas a la navegaci\u00f3n [\/vc_column_text][\/vc_column][vc_column width=\u00bb1\/2&#8243;][vc_column_text css=\u00bb.vc_custom_1729220511191{margin-bottom: 0px !important;}\u00bb]Nuestro vanguardista LightGuard Monitor ofrece un monitoreo perfecto de las ayudas a la navegaci\u00f3n tanto fijas como flotantes, combinando facilidad de uso con una mayor seguridad. La intuitiva interfaz por Internet funciona en computadoras, tablets y smartphones y proporciona acceso en tiempo real a informes de estado detallados, como nivel de bater\u00eda, ubicaci\u00f3n de la boya [&hellip;]<\/p>\n","protected":false},"author":1,"featured_media":0,"parent":2536,"menu_order":0,"comment_status":"closed","ping_status":"closed","template":"","meta":{"_improvement_type_select":"improve_an_existing","_thumb_yes_seoaic":false,"_frame_yes_seoaic":false,"seoaic_generate_description":"","seoaic_improve_instructions_prompt":"","seoaic_rollback_content_improvement":"","seoaic_idea_thumbnail_generator":"","thumbnail_generated":false,"thumbnail_generate_prompt":"","seoaic_article_description":"","footnotes":""},"class_list":["post-2309","page","type-page","status-publish","hentry"],"yoast_head":"<!-- This site is optimized with the Yoast SEO Premium plugin v26.2 (Yoast SEO v27.3) - https:\/\/yoast.com\/product\/yoast-seo-premium-wordpress\/ -->\n<title>Monitoreo y control | Sabik<\/title>\n<meta name=\"description\" content=\"Gestione y controle f\u00e1cilmente sus dispositivos de ayuda a la navegaci\u00f3n con nuestro avanzado monitor LightGuard y la aplicaci\u00f3n Sabik Bluetooth\u00ae Control.\" \/>\n<meta name=\"robots\" content=\"index, follow, max-snippet:-1, max-image-preview:large, max-video-preview:-1\" \/>\n<link rel=\"canonical\" href=\"https:\/\/sabik.com\/es\/marina\/monitoreo-y-control\/\" \/>\n<meta property=\"og:locale\" content=\"es_ES\" \/>\n<meta property=\"og:type\" content=\"article\" \/>\n<meta property=\"og:title\" content=\"Monitoreo y control\" \/>\n<meta property=\"og:description\" content=\"Gestione y controle f\u00e1cilmente sus dispositivos de ayuda a la navegaci\u00f3n con nuestro avanzado monitor LightGuard y la aplicaci\u00f3n Sabik Bluetooth\u00ae Control.\" \/>\n<meta property=\"og:url\" content=\"https:\/\/sabik.com\/es\/marina\/monitoreo-y-control\/\" \/>\n<meta property=\"og:site_name\" content=\"Sabik\" \/>\n<meta property=\"article:modified_time\" content=\"2025-01-20T10:16:49+00:00\" \/>\n<meta name=\"twitter:card\" content=\"summary_large_image\" \/>\n<meta name=\"twitter:label1\" content=\"Tiempo de lectura\" \/>\n\t<meta name=\"twitter:data1\" content=\"3 minutos\" \/>\n<script type=\"application\/ld+json\" class=\"yoast-schema-graph\">{\"@context\":\"https:\\\/\\\/schema.org\",\"@graph\":[{\"@type\":\"WebPage\",\"@id\":\"https:\\\/\\\/sabik.com\\\/es\\\/marina\\\/monitoreo-y-control\\\/\",\"url\":\"https:\\\/\\\/sabik.com\\\/es\\\/marina\\\/monitoreo-y-control\\\/\",\"name\":\"Monitoreo y control | Sabik\",\"isPartOf\":{\"@id\":\"https:\\\/\\\/sabik.com\\\/#website\"},\"datePublished\":\"2024-10-18T03:11:41+00:00\",\"dateModified\":\"2025-01-20T10:16:49+00:00\",\"description\":\"Gestione y controle f\u00e1cilmente sus dispositivos de ayuda a la navegaci\u00f3n con nuestro avanzado monitor LightGuard y la aplicaci\u00f3n Sabik Bluetooth\u00ae Control.\",\"breadcrumb\":{\"@id\":\"https:\\\/\\\/sabik.com\\\/es\\\/marina\\\/monitoreo-y-control\\\/#breadcrumb\"},\"inLanguage\":\"es\",\"potentialAction\":[{\"@type\":\"ReadAction\",\"target\":[\"https:\\\/\\\/sabik.com\\\/es\\\/marina\\\/monitoreo-y-control\\\/\"]}]},{\"@type\":\"BreadcrumbList\",\"@id\":\"https:\\\/\\\/sabik.com\\\/es\\\/marina\\\/monitoreo-y-control\\\/#breadcrumb\",\"itemListElement\":[{\"@type\":\"ListItem\",\"position\":1,\"name\":\"Home\",\"item\":\"https:\\\/\\\/sabik.com\\\/es\\\/\"},{\"@type\":\"ListItem\",\"position\":2,\"name\":\"Marina\",\"item\":\"https:\\\/\\\/sabik.com\\\/es\\\/marina\\\/\"},{\"@type\":\"ListItem\",\"position\":3,\"name\":\"Monitoreo y control\"}]},{\"@type\":\"WebSite\",\"@id\":\"https:\\\/\\\/sabik.com\\\/#website\",\"url\":\"https:\\\/\\\/sabik.com\\\/\",\"name\":\"Sabik\",\"description\":\"Global Leader in Maritime Aids to Navigation\",\"potentialAction\":[{\"@type\":\"SearchAction\",\"target\":{\"@type\":\"EntryPoint\",\"urlTemplate\":\"https:\\\/\\\/sabik.com\\\/?s={search_term_string}\"},\"query-input\":{\"@type\":\"PropertyValueSpecification\",\"valueRequired\":true,\"valueName\":\"search_term_string\"}}],\"inLanguage\":\"es\"}]}<\/script>\n<!-- \/ Yoast SEO Premium plugin. -->","yoast_head_json":{"title":"Monitoreo y control | Sabik","description":"Gestione y controle f\u00e1cilmente sus dispositivos de ayuda a la navegaci\u00f3n con nuestro avanzado monitor LightGuard y la aplicaci\u00f3n Sabik Bluetooth\u00ae Control.","robots":{"index":"index","follow":"follow","max-snippet":"max-snippet:-1","max-image-preview":"max-image-preview:large","max-video-preview":"max-video-preview:-1"},"canonical":"https:\/\/sabik.com\/es\/marina\/monitoreo-y-control\/","og_locale":"es_ES","og_type":"article","og_title":"Monitoreo y control","og_description":"Gestione y controle f\u00e1cilmente sus dispositivos de ayuda a la navegaci\u00f3n con nuestro avanzado monitor LightGuard y la aplicaci\u00f3n Sabik Bluetooth\u00ae Control.","og_url":"https:\/\/sabik.com\/es\/marina\/monitoreo-y-control\/","og_site_name":"Sabik","article_modified_time":"2025-01-20T10:16:49+00:00","twitter_card":"summary_large_image","twitter_misc":{"Tiempo de lectura":"3 minutos"},"schema":{"@context":"https:\/\/schema.org","@graph":[{"@type":"WebPage","@id":"https:\/\/sabik.com\/es\/marina\/monitoreo-y-control\/","url":"https:\/\/sabik.com\/es\/marina\/monitoreo-y-control\/","name":"Monitoreo y control | Sabik","isPartOf":{"@id":"https:\/\/sabik.com\/#website"},"datePublished":"2024-10-18T03:11:41+00:00","dateModified":"2025-01-20T10:16:49+00:00","description":"Gestione y controle f\u00e1cilmente sus dispositivos de ayuda a la navegaci\u00f3n con nuestro avanzado monitor LightGuard y la aplicaci\u00f3n Sabik Bluetooth\u00ae Control.","breadcrumb":{"@id":"https:\/\/sabik.com\/es\/marina\/monitoreo-y-control\/#breadcrumb"},"inLanguage":"es","potentialAction":[{"@type":"ReadAction","target":["https:\/\/sabik.com\/es\/marina\/monitoreo-y-control\/"]}]},{"@type":"BreadcrumbList","@id":"https:\/\/sabik.com\/es\/marina\/monitoreo-y-control\/#breadcrumb","itemListElement":[{"@type":"ListItem","position":1,"name":"Home","item":"https:\/\/sabik.com\/es\/"},{"@type":"ListItem","position":2,"name":"Marina","item":"https:\/\/sabik.com\/es\/marina\/"},{"@type":"ListItem","position":3,"name":"Monitoreo y control"}]},{"@type":"WebSite","@id":"https:\/\/sabik.com\/#website","url":"https:\/\/sabik.com\/","name":"Sabik","description":"Global Leader in Maritime Aids to Navigation","potentialAction":[{"@type":"SearchAction","target":{"@type":"EntryPoint","urlTemplate":"https:\/\/sabik.com\/?s={search_term_string}"},"query-input":{"@type":"PropertyValueSpecification","valueRequired":true,"valueName":"search_term_string"}}],"inLanguage":"es"}]}},"_links":{"self":[{"href":"https:\/\/sabik.com\/es\/wp-json\/wp\/v2\/pages\/2309","targetHints":{"allow":["GET"]}}],"collection":[{"href":"https:\/\/sabik.com\/es\/wp-json\/wp\/v2\/pages"}],"about":[{"href":"https:\/\/sabik.com\/es\/wp-json\/wp\/v2\/types\/page"}],"author":[{"embeddable":true,"href":"https:\/\/sabik.com\/es\/wp-json\/wp\/v2\/users\/1"}],"replies":[{"embeddable":true,"href":"https:\/\/sabik.com\/es\/wp-json\/wp\/v2\/comments?post=2309"}],"version-history":[{"count":1,"href":"https:\/\/sabik.com\/es\/wp-json\/wp\/v2\/pages\/2309\/revisions"}],"predecessor-version":[{"id":2312,"href":"https:\/\/sabik.com\/es\/wp-json\/wp\/v2\/pages\/2309\/revisions\/2312"}],"up":[{"embeddable":true,"href":"https:\/\/sabik.com\/es\/wp-json\/wp\/v2\/pages\/2536"}],"wp:attachment":[{"href":"https:\/\/sabik.com\/es\/wp-json\/wp\/v2\/media?parent=2309"}],"curies":[{"name":"wp","href":"https:\/\/api.w.org\/{rel}","templated":true}]}}