{"id":2313,"date":"2024-10-17T09:50:17","date_gmt":"2024-10-17T06:50:17","guid":{"rendered":"https:\/\/sabik.com\/pie-de-imprenta\/"},"modified":"2024-10-17T09:50:17","modified_gmt":"2024-10-17T06:50:17","slug":"pie-de-imprenta","status":"publish","type":"page","link":"https:\/\/sabik.com\/es\/pie-de-imprenta\/","title":{"rendered":"Pie de imprenta"},"content":{"rendered":"<h1>Pie de imprenta<\/h1>\n<p><strong>Propietario del sitio web:<\/strong><br \/>\nSPX Aids to Navigation Oy<\/p>\n<p><strong>Direcci\u00f3n<\/strong><br \/>\nH\u00f6yl\u00e4nlastu 2 A<br \/>\nFIN 06150 Porvoo &#8211; FINLANDIA<\/p>\n<p><strong>Contacto<\/strong><br \/>\nLars Mansner, Director General<\/p>\n<p><strong>Correo electr\u00f3nico<\/strong><br \/>\n&#115;&#x61;&#x6c;e&#115;&#x40;s&#97;&#x62;&#x69;k&#45;&#x6d;a&#114;&#x69;&#x6e;e&#46;&#x63;o&#109;<\/p>\n<p><strong>Ubicaci\u00f3n<\/strong><br \/>\nPorvoo, Finlandia (Oficina central)<\/p>\n<p><strong>N\u00famero de empresa<\/strong><br \/>\n530.283<\/p>\n<p><strong>N\u00famero de IVA<\/strong><br \/>\nFI08703050<\/p>\n<p>Concepto, dise\u00f1o y ejecuci\u00f3n t\u00e9cnica<br \/>\nMarkkinointi- ja mainostoimisto M1<br \/>\nGummeruksenkatu 9 B 10<br \/>\nFI- 40100 JYV\u00c4SKYL\u00c4, FINLANDIA<br \/>\nwww.m1.fi<\/p>\n<p><a href=\"https:\/\/sabik.com\/privacy-policy\/\">Pol\u00edtica de privacidad de Sabik<\/a><\/p>\n<p><strong>Copyright<\/strong><br \/>\nTodos los datos incluidos en este sitio web est\u00e1n sujetos a los derechos de autor definidos en la ley de propiedad intelectual. El tratamiento o copia de los contenidos s\u00f3lo est\u00e1 permitido en la medida necesaria para su uso normal. Cualquier otro tratamiento, copia, distribuci\u00f3n o publicaci\u00f3n, en particular el uso no autorizado de los contenidos en la Extranet, constituye una violaci\u00f3n de los derechos de autor sancionable por la ley y puede dar lugar tambi\u00e9n a demandas por da\u00f1os y perjuicios.<\/p>\n","protected":false},"excerpt":{"rendered":"<p>Pie de imprenta Propietario del sitio web: SPX Aids to Navigation Oy Direcci\u00f3n H\u00f6yl\u00e4nlastu 2 A FIN 06150 Porvoo &#8211; FINLANDIA Contacto Lars Mansner, Director General Correo electr\u00f3nico &#x73;&#x61;&#108;&#101;s&#64;&#x73;&#x61;&#x62;&#105;k-&#x6d;&#x61;&#x72;&#105;&#110;e&#x2e;&#x63;&#x6f;&#109; Ubicaci\u00f3n Porvoo, Finlandia (Oficina central) N\u00famero de empresa 530.283 N\u00famero de IVA FI08703050 Concepto, dise\u00f1o y ejecuci\u00f3n t\u00e9cnica Markkinointi- ja mainostoimisto M1 Gummeruksenkatu 9 B 10 FI- 40100 JYV\u00c4SKYL\u00c4, FINLANDIA www.m1.fi Pol\u00edtica de privacidad de Sabik Copyright Todos los datos incluidos en este sitio web est\u00e1n sujetos a los derechos de autor definidos en la ley de propiedad intelectual. El tratamiento o copia de los contenidos s\u00f3lo est\u00e1 permitido en la medida necesaria para su uso normal. Cualquier otro tratamiento, copia, distribuci\u00f3n o publicaci\u00f3n, en particular el uso no autorizado de los contenidos en la Extranet, constituye una violaci\u00f3n de los derechos de autor sancionable por la ley y puede dar lugar tambi\u00e9n a demandas por da\u00f1os y perjuicios.<\/p>\n","protected":false},"author":1,"featured_media":0,"parent":0,"menu_order":0,"comment_status":"closed","ping_status":"closed","template":"","meta":{"_improvement_type_select":"improve_an_existing","_thumb_yes_seoaic":false,"_frame_yes_seoaic":false,"seoaic_generate_description":"","seoaic_improve_instructions_prompt":"","seoaic_rollback_content_improvement":"","seoaic_idea_thumbnail_generator":"","thumbnail_generated":false,"thumbnail_generate_prompt":"","seoaic_article_description":"","footnotes":""},"class_list":["post-2313","page","type-page","status-publish","hentry"],"yoast_head":"<!-- This site is optimized with the Yoast SEO Premium plugin v26.2 (Yoast SEO v27.3) - https:\/\/yoast.com\/product\/yoast-seo-premium-wordpress\/ -->\n<title>Pie de imprenta | Propietario del Sitio | Sabik<\/title>\n<meta name=\"description\" content=\"Propietario del sitio web: SPX Aids to Navigation Oy\" \/>\n<meta name=\"robots\" content=\"index, follow, max-snippet:-1, max-image-preview:large, max-video-preview:-1\" \/>\n<link rel=\"canonical\" href=\"https:\/\/sabik.com\/es\/pie-de-imprenta\/\" \/>\n<meta property=\"og:locale\" content=\"es_ES\" \/>\n<meta property=\"og:type\" content=\"article\" \/>\n<meta property=\"og:title\" content=\"Pie de imprenta\" \/>\n<meta property=\"og:description\" content=\"Propietario del sitio web: SPX Aids to Navigation Oy\" \/>\n<meta property=\"og:url\" content=\"https:\/\/sabik.com\/es\/pie-de-imprenta\/\" \/>\n<meta property=\"og:site_name\" content=\"Sabik\" \/>\n<meta name=\"twitter:card\" content=\"summary_large_image\" \/>\n<meta name=\"twitter:label1\" content=\"Tiempo de lectura\" \/>\n\t<meta name=\"twitter:data1\" content=\"1 minuto\" \/>\n<script type=\"application\/ld+json\" class=\"yoast-schema-graph\">{\"@context\":\"https:\\\/\\\/schema.org\",\"@graph\":[{\"@type\":\"WebPage\",\"@id\":\"https:\\\/\\\/sabik.com\\\/es\\\/pie-de-imprenta\\\/\",\"url\":\"https:\\\/\\\/sabik.com\\\/es\\\/pie-de-imprenta\\\/\",\"name\":\"Pie de imprenta | Propietario del Sitio | Sabik\",\"isPartOf\":{\"@id\":\"https:\\\/\\\/sabik.com\\\/#website\"},\"datePublished\":\"2024-10-17T06:50:17+00:00\",\"description\":\"Propietario del sitio web: SPX Aids to Navigation Oy\",\"breadcrumb\":{\"@id\":\"https:\\\/\\\/sabik.com\\\/es\\\/pie-de-imprenta\\\/#breadcrumb\"},\"inLanguage\":\"es\",\"potentialAction\":[{\"@type\":\"ReadAction\",\"target\":[\"https:\\\/\\\/sabik.com\\\/es\\\/pie-de-imprenta\\\/\"]}]},{\"@type\":\"BreadcrumbList\",\"@id\":\"https:\\\/\\\/sabik.com\\\/es\\\/pie-de-imprenta\\\/#breadcrumb\",\"itemListElement\":[{\"@type\":\"ListItem\",\"position\":1,\"name\":\"Home\",\"item\":\"https:\\\/\\\/sabik.com\\\/es\\\/\"},{\"@type\":\"ListItem\",\"position\":2,\"name\":\"Pie de imprenta\"}]},{\"@type\":\"WebSite\",\"@id\":\"https:\\\/\\\/sabik.com\\\/#website\",\"url\":\"https:\\\/\\\/sabik.com\\\/\",\"name\":\"Sabik\",\"description\":\"Global Leader in Maritime Aids to Navigation\",\"potentialAction\":[{\"@type\":\"SearchAction\",\"target\":{\"@type\":\"EntryPoint\",\"urlTemplate\":\"https:\\\/\\\/sabik.com\\\/?s={search_term_string}\"},\"query-input\":{\"@type\":\"PropertyValueSpecification\",\"valueRequired\":true,\"valueName\":\"search_term_string\"}}],\"inLanguage\":\"es\"}]}<\/script>\n<!-- \/ Yoast SEO Premium plugin. -->","yoast_head_json":{"title":"Pie de imprenta | Propietario del Sitio | Sabik","description":"Propietario del sitio web: SPX Aids to Navigation Oy","robots":{"index":"index","follow":"follow","max-snippet":"max-snippet:-1","max-image-preview":"max-image-preview:large","max-video-preview":"max-video-preview:-1"},"canonical":"https:\/\/sabik.com\/es\/pie-de-imprenta\/","og_locale":"es_ES","og_type":"article","og_title":"Pie de imprenta","og_description":"Propietario del sitio web: SPX Aids to Navigation Oy","og_url":"https:\/\/sabik.com\/es\/pie-de-imprenta\/","og_site_name":"Sabik","twitter_card":"summary_large_image","twitter_misc":{"Tiempo de lectura":"1 minuto"},"schema":{"@context":"https:\/\/schema.org","@graph":[{"@type":"WebPage","@id":"https:\/\/sabik.com\/es\/pie-de-imprenta\/","url":"https:\/\/sabik.com\/es\/pie-de-imprenta\/","name":"Pie de imprenta | Propietario del Sitio | Sabik","isPartOf":{"@id":"https:\/\/sabik.com\/#website"},"datePublished":"2024-10-17T06:50:17+00:00","description":"Propietario del sitio web: SPX Aids to Navigation Oy","breadcrumb":{"@id":"https:\/\/sabik.com\/es\/pie-de-imprenta\/#breadcrumb"},"inLanguage":"es","potentialAction":[{"@type":"ReadAction","target":["https:\/\/sabik.com\/es\/pie-de-imprenta\/"]}]},{"@type":"BreadcrumbList","@id":"https:\/\/sabik.com\/es\/pie-de-imprenta\/#breadcrumb","itemListElement":[{"@type":"ListItem","position":1,"name":"Home","item":"https:\/\/sabik.com\/es\/"},{"@type":"ListItem","position":2,"name":"Pie de imprenta"}]},{"@type":"WebSite","@id":"https:\/\/sabik.com\/#website","url":"https:\/\/sabik.com\/","name":"Sabik","description":"Global Leader in Maritime Aids to Navigation","potentialAction":[{"@type":"SearchAction","target":{"@type":"EntryPoint","urlTemplate":"https:\/\/sabik.com\/?s={search_term_string}"},"query-input":{"@type":"PropertyValueSpecification","valueRequired":true,"valueName":"search_term_string"}}],"inLanguage":"es"}]}},"_links":{"self":[{"href":"https:\/\/sabik.com\/es\/wp-json\/wp\/v2\/pages\/2313","targetHints":{"allow":["GET"]}}],"collection":[{"href":"https:\/\/sabik.com\/es\/wp-json\/wp\/v2\/pages"}],"about":[{"href":"https:\/\/sabik.com\/es\/wp-json\/wp\/v2\/types\/page"}],"author":[{"embeddable":true,"href":"https:\/\/sabik.com\/es\/wp-json\/wp\/v2\/users\/1"}],"replies":[{"embeddable":true,"href":"https:\/\/sabik.com\/es\/wp-json\/wp\/v2\/comments?post=2313"}],"version-history":[{"count":0,"href":"https:\/\/sabik.com\/es\/wp-json\/wp\/v2\/pages\/2313\/revisions"}],"wp:attachment":[{"href":"https:\/\/sabik.com\/es\/wp-json\/wp\/v2\/media?parent=2313"}],"curies":[{"name":"wp","href":"https:\/\/api.w.org\/{rel}","templated":true}]}}