{"id":2315,"date":"2024-10-17T09:05:16","date_gmt":"2024-10-17T06:05:16","guid":{"rendered":"https:\/\/sabik.com\/herramientas-en-linea\/"},"modified":"2025-01-28T11:21:04","modified_gmt":"2025-01-28T09:21:04","slug":"herramientas-en-linea","status":"publish","type":"page","link":"https:\/\/sabik.com\/es\/herramientas-en-linea\/","title":{"rendered":"Herramientas en l\u00ednea"},"content":{"rendered":"<div class=\"wpb-content-wrapper\">[vc_row][vc_column width=\u00bb1\/6&#8243;][\/vc_column][vc_column width=\u00bb2\/3&#8243;][vc_column_text el_class=\u00bbingressi\u00bb css=\u00bb.vc_custom_1729144869575{margin-bottom: 0px !important;}\u00bb]\n<h1 style=\"text-align: center;\">Herramientas en l\u00ednea<\/h1>\n<p style=\"text-align: center;\">Explore una serie de recursos en l\u00ednea dise\u00f1ados para mejorar sus operaciones mar\u00edtimas. Nuestras herramientas ofrecen monitoreo en tiempo real, asistencia para la selecci\u00f3n de productos y f\u00e1cil acceso a la asistencia t\u00e9cnica. Tambi\u00e9n encontrar\u00e1 recursos exclusivos adaptados para nuestros socios, todos ellos destinados a agilizar su experiencia y optimizar el rendimiento sobre el terreno.<\/p>\n[\/vc_column_text][\/vc_column][vc_column width=\u00bb1\/6&#8243;][\/vc_column][\/vc_row][vc_row][vc_column][mk_padding_divider][\/vc_column][\/vc_row][vc_row][vc_column]\n\t\t\t\t<p class=\"rs-p-wp-fix\"><\/p>\n\t\t\t\t<sr7-module data-alias=\"online-tools-en\" data-id=\"12\" id=\"SR7_12_1\" class=\"rs-ov-hidden\" data-version=\"6.7.51\">\n\t\t\t\t\t<sr7-adjuster><\/sr7-adjuster>\n\t\t\t\t\t<sr7-content>\n\t\t\t\t\t\t<sr7-slide id=\"SR7_12_1-23\" data-key=\"23\">\n\t\t\t\t\t\t\t<sr7-bg id=\"SR7_12_1-23-1\" class=\"sr7-layer\"><noscript><img decoding=\"async\" src=\"https:\/\/live-aton-sabik.pantheonsite.io\/wp-content\/uploads\/2024\/10\/slider-monitor-1.jpg\" alt=\"\" title=\"slider-monitor\"><\/noscript><\/sr7-bg>\n\t\t\t\t\t\t<\/sr7-slide>\n\t\t\t\t\t\t<sr7-slide id=\"SR7_12_1-24\" data-key=\"24\">\n\t\t\t\t\t\t<\/sr7-slide>\n\t\t\t\t\t<\/sr7-content>\n\t\t\t\t\t<image_lists style=\"display:none\">\n\t\t\t\t\t\t<img data-src=\"\/\/live-aton-sabik.pantheonsite.io\/wp-content\/uploads\/2024\/10\/dots-diag-w-6.png\" data-libid=\"623\" title=\"dots-diag-w-6\" width=\"0\" height=\"0\" data-dbsrc=\"Ly9saXZlLWF0b24tc2FiaWsucGFudGhlb25zaXRlLmlvL3dwLWNvbnRlbnQvdXBsb2Fkcy8yMDI0LzEwL2RvdHMtZGlhZy13LTYucG5n\"\/>\n\t\t\t\t\t\t<img data-src=\"\/\/live-aton-sabik.pantheonsite.io\/wp-content\/uploads\/2024\/10\/slider-monitor-1.jpg\" data-libid=\"626\" data-lib=\"medialibrary\" title=\"slider-monitor\" width=\"0\" height=\"0\" data-dbsrc=\"Ly9saXZlLWF0b24tc2FiaWsucGFudGhlb25zaXRlLmlvL3dwLWNvbnRlbnQvdXBsb2Fkcy8yMDI0LzEwL3NsaWRlci1tb25pdG9yLTEuanBn\"\/>\n\t\t\t\t\t<\/image_lists>\n\t\t\t\t<\/sr7-module>\n\t\t\t\t<script>\n\t\t\t\t\twindow.SR7 ??={};SR7.PMH ??={}; SR7.PMH[\"SR7_12_1\"] = {cn:100,state:false,fn: function() { if (window._tpt!==undefined && window._tpt.prepareModuleHeight !== undefined) {  _tpt.prepareModuleHeight({id:\"SR7_12_1\",el:[500,500,768,960,720],type:'standard',shdw:'0',gh:[500,500,413,314,194],gw:[1240,1240,1024,778,480],vpt:['100px'],size:{fullWidth:true, fullHeight:false},mh:'0',onh:0,onw:0,bg:{color:'{\"orig\":\"transparent\",\"type\":\"solid\",\"string\":\"transparent\"}'}});   SR7.PMH[\"SR7_12_1\"].state=true;} else if(SR7.PMH[\"SR7_12_1\"].cn-->0)\tsetTimeout( SR7.PMH[\"SR7_12_1\"].fn,19);}};SR7.PMH[\"SR7_12_1\" ].fn();\n\t\t\t\t<\/script>\n[\/vc_column][\/vc_row][vc_row][vc_column][mk_padding_divider size=\u00bb55&#8243;][\/vc_column][\/vc_row][vc_row][vc_column width=\u00bb1\/6&#8243;][\/vc_column][vc_column width=\u00bb2\/6&#8243;][vc_column_text el_class=\u00bbkuvalinkki\u00bb css=\u00bb.vc_custom_1729685718227{margin-bottom: 0px !important;}\u00bb]<img loading=\"lazy\" decoding=\"async\" class=\"aligncenter size-full wp-image-754\" src=\"https:\/\/sabik.com\/wp-content\/uploads\/2024\/10\/lightguard-monitor-1.png\" alt=\"LightGuard Monitor\" width=\"200\" height=\"200\" srcset=\"https:\/\/sabik.com\/wp-content\/uploads\/2024\/10\/lightguard-monitor-1.png 300w, https:\/\/sabik.com\/wp-content\/uploads\/2024\/10\/lightguard-monitor-1-150x150.png 150w, https:\/\/sabik.com\/wp-content\/uploads\/2024\/10\/lightguard-monitor-1-100x100.png 100w, https:\/\/sabik.com\/wp-content\/uploads\/2024\/10\/lightguard-monitor-1-1024x1024.png 1024w\" sizes=\"auto, (max-width: 200px) 100vw, 200px\" \/><\/p>\n<p style=\"text-align: center;\"><strong>LightGuard Monitor<\/strong> provides dependable, real-time monitoring and control of your aids-to-navigation, ensuring optimal performance and enhanced maritime safety<\/p>\n[\/vc_column_text][mk_padding_divider size=\u00bb53&#8243; visibility=\u00bbhidden-sm\u00bb][mk_button dimension=\u00bbflat\u00bb corner_style=\u00bbrounded\u00bb size=\u00bblarge\u00bb url=\u00bbhttps:\/\/lgm.sabik.com\/\u00bb target=\u00bb_blank\u00bb align=\u00bbcenter\u00bb fullwidth=\u00bbtrue\u00bb margin_top=\u00bb15&#8243; margin_right=\u00bb0&#8243;]Monitor LightGuard[\/mk_button][mk_padding_divider][\/vc_column][vc_column width=\u00bb2\/6&#8243;][vc_column_text el_class=\u00bbkuvalinkki\u00bb css=\u00bb.vc_custom_1729685703960{margin-bottom: 0px !important;}\u00bb]<img loading=\"lazy\" decoding=\"async\" class=\"aligncenter size-full wp-image-755\" src=\"https:\/\/sabik.com\/wp-content\/uploads\/2024\/10\/marine-lantern-tool-1.png\" alt=\"Marine Lantern Selector Tool\" width=\"200\" height=\"200\" srcset=\"https:\/\/sabik.com\/wp-content\/uploads\/2024\/10\/marine-lantern-tool-1.png 300w, https:\/\/sabik.com\/wp-content\/uploads\/2024\/10\/marine-lantern-tool-1-150x150.png 150w, https:\/\/sabik.com\/wp-content\/uploads\/2024\/10\/marine-lantern-tool-1-100x100.png 100w\" sizes=\"auto, (max-width: 200px) 100vw, 200px\" \/><\/p>\n<p style=\"text-align: center;\">The <strong>Marine Lantern Selector Tool<\/strong> simplifies the comparison of self-contained marine lanterns. By selecting a geographic location or adjusting product options, the tool simulates solar conditions and recommends optimal settings for sustainable performance.<\/p>\n[\/vc_column_text][mk_button dimension=\u00bbflat\u00bb corner_style=\u00bbrounded\u00bb size=\u00bblarge\u00bb url=\u00bbhttps:\/\/tools.sabik.com\/\u00bb target=\u00bb_blank\u00bb align=\u00bbcenter\u00bb fullwidth=\u00bbtrue\u00bb margin_top=\u00bb15&#8243; margin_right=\u00bb0&#8243;]Selector de linterna marina[\/mk_button][mk_padding_divider][\/vc_column][vc_column width=\u00bb1\/6&#8243;][\/vc_column][\/vc_row][vc_row][vc_column width=\u00bb1\/6&#8243;][\/vc_column][vc_column width=\u00bb2\/6&#8243;][vc_column_text el_class=\u00bbkuvalinkki\u00bb css=\u00bb.vc_custom_1729685767658{margin-bottom: 0px !important;}\u00bb]<img loading=\"lazy\" decoding=\"async\" class=\"aligncenter size-full wp-image-752\" src=\"https:\/\/sabik.com\/wp-content\/uploads\/2024\/10\/zendesk-1.png\" alt=\"Zendesk\" width=\"200\" height=\"200\" srcset=\"https:\/\/sabik.com\/wp-content\/uploads\/2024\/10\/zendesk-1.png 300w, https:\/\/sabik.com\/wp-content\/uploads\/2024\/10\/zendesk-1-150x150.png 150w, https:\/\/sabik.com\/wp-content\/uploads\/2024\/10\/zendesk-1-100x100.png 100w\" sizes=\"auto, (max-width: 200px) 100vw, 200px\" \/><\/p>\n<p style=\"text-align: center;\"><strong>Zendesk<\/strong> is a dedicated helpdesk platform that enables seamless communication with our technical support team, ensuring quick and efficient assistance for your needs.<\/p>\n[\/vc_column_text][mk_button dimension=\u00bbflat\u00bb corner_style=\u00bbrounded\u00bb size=\u00bblarge\u00bb url=\u00bbhttps:\/\/sabikmarine.zendesk.com\/hc\/en-us\/restricted?return_to=https%3A%2F%2Fsabikmarine.zendesk.com%2Fhc%2Fen-us\u00bb target=\u00bb_blank\u00bb align=\u00bbcenter\u00bb fullwidth=\u00bbtrue\u00bb margin_top=\u00bb15&#8243; margin_right=\u00bb0&#8243;]Zendesk[\/mk_button][mk_padding_divider][\/vc_column][vc_column width=\u00bb2\/6&#8243;][vc_column_text el_class=\u00bbkuvalinkki\u00bb css=\u00bb.vc_custom_1729685813653{margin-bottom: 0px !important;}\u00bb]<img loading=\"lazy\" decoding=\"async\" class=\"aligncenter size-full wp-image-753\" src=\"https:\/\/sabik.com\/wp-content\/uploads\/2024\/10\/channel-partner-portal-1.png\" alt=\"Channel Partner Portal\" width=\"200\" height=\"200\" srcset=\"https:\/\/sabik.com\/wp-content\/uploads\/2024\/10\/channel-partner-portal-1.png 300w, https:\/\/sabik.com\/wp-content\/uploads\/2024\/10\/channel-partner-portal-1-150x150.png 150w, https:\/\/sabik.com\/wp-content\/uploads\/2024\/10\/channel-partner-portal-1-100x100.png 100w\" sizes=\"auto, (max-width: 200px) 100vw, 200px\" \/><\/p>\n<p style=\"text-align: center;\"><strong>Channel Partner Portal<\/strong> provides our partners with exclusive access to product resources, sales tools, and real-time updates to support their business success.<\/p>\n[\/vc_column_text][mk_button dimension=\u00bbflat\u00bb corner_style=\u00bbrounded\u00bb size=\u00bblarge\u00bb url=\u00bbhttps:\/\/spx.sharepoint.com\/sites\/SPXAtoNChannelPartnerPortal-Marine\u00bb target=\u00bb_blank\u00bb align=\u00bbcenter\u00bb fullwidth=\u00bbtrue\u00bb margin_top=\u00bb15&#8243; margin_right=\u00bb0&#8243;]Channel Partner Portal[\/mk_button][vc_column_text el_class=\u00bbdisclaimer\u00bb css=\u00bb.vc_custom_1729222860009{margin-bottom: 0px !important;}\u00bb]<strong>Nota:<\/strong> Este portal es exclusivo para nuestros socios de canal oficiales. Si es usted socio y necesita acceso, comun\u00edquese con nosotros en <a href=\"mai&#108;&#116;&#111;&#58;&#x73;&#x61;&#x6c;&#x65;&#x73;&#x40;&#x73;abi&#107;&#46;&#99;&#111;&#109;\">&#115;&#x61;&#x6c;e&#115;&#x40;s&#97;&#x62;&#x69;k&#46;&#x63;o&#109;<\/a>[\/vc_column_text][mk_padding_divider][\/vc_column][vc_column width=\u00bb1\/6&#8243;][\/vc_column][\/vc_row]\n<\/div>","protected":false},"excerpt":{"rendered":"<p>[vc_row][vc_column width=\u00bb1\/6&#8243;][\/vc_column][vc_column width=\u00bb2\/3&#8243;][vc_column_text el_class=\u00bbingressi\u00bb css=\u00bb.vc_custom_1729144869575{margin-bottom: 0px !important;}\u00bb] Herramientas en l\u00ednea Explore una serie de recursos en l\u00ednea dise\u00f1ados para mejorar sus operaciones mar\u00edtimas. Nuestras herramientas ofrecen monitoreo en tiempo real, asistencia para la selecci\u00f3n de productos y f\u00e1cil acceso a la asistencia t\u00e9cnica. Tambi\u00e9n encontrar\u00e1 recursos exclusivos adaptados para nuestros socios, todos ellos destinados a agilizar su experiencia y optimizar el rendimiento sobre el terreno. [\/vc_column_text][\/vc_column][vc_column width=\u00bb1\/6&#8243;][\/vc_column][\/vc_row][vc_row][vc_column][mk_padding_divider][\/vc_column][\/vc_row][vc_row][vc_column][\/vc_column][\/vc_row][vc_row][vc_column][mk_padding_divider size=\u00bb55&#8243;][\/vc_column][\/vc_row][vc_row][vc_column width=\u00bb1\/6&#8243;][\/vc_column][vc_column width=\u00bb2\/6&#8243;][vc_column_text el_class=\u00bbkuvalinkki\u00bb css=\u00bb.vc_custom_1729685718227{margin-bottom: 0px !important;}\u00bb] LightGuard Monitor provides dependable, real-time monitoring and control of your aids-to-navigation, ensuring optimal performance and enhanced maritime safety [\/vc_column_text][mk_padding_divider size=\u00bb53&#8243; visibility=\u00bbhidden-sm\u00bb][mk_button dimension=\u00bbflat\u00bb corner_style=\u00bbrounded\u00bb size=\u00bblarge\u00bb url=\u00bbhttps:\/\/lgm.sabik.com\/\u00bb target=\u00bb_blank\u00bb align=\u00bbcenter\u00bb fullwidth=\u00bbtrue\u00bb margin_top=\u00bb15&#8243; margin_right=\u00bb0&#8243;]Monitor LightGuard[\/mk_button][mk_padding_divider][\/vc_column][vc_column width=\u00bb2\/6&#8243;][vc_column_text el_class=\u00bbkuvalinkki\u00bb css=\u00bb.vc_custom_1729685703960{margin-bottom: 0px !important;}\u00bb] The Marine Lantern Selector Tool simplifies the comparison of self-contained marine lanterns. By selecting a geographic location or adjusting product options, the tool simulates solar conditions and recommends optimal settings for sustainable performance. [\/vc_column_text][mk_button dimension=\u00bbflat\u00bb corner_style=\u00bbrounded\u00bb size=\u00bblarge\u00bb url=\u00bbhttps:\/\/tools.sabik.com\/\u00bb target=\u00bb_blank\u00bb align=\u00bbcenter\u00bb [&hellip;]<\/p>\n","protected":false},"author":1,"featured_media":0,"parent":0,"menu_order":0,"comment_status":"closed","ping_status":"closed","template":"","meta":{"_improvement_type_select":"improve_an_existing","_thumb_yes_seoaic":false,"_frame_yes_seoaic":false,"seoaic_generate_description":"","seoaic_improve_instructions_prompt":"","seoaic_rollback_content_improvement":"","seoaic_idea_thumbnail_generator":"","thumbnail_generated":false,"thumbnail_generate_prompt":"","seoaic_article_description":"","footnotes":""},"class_list":["post-2315","page","type-page","status-publish","hentry"],"yoast_head":"<!-- This site is optimized with the Yoast SEO Premium plugin v26.2 (Yoast SEO v27.3) - https:\/\/yoast.com\/product\/yoast-seo-premium-wordpress\/ -->\n<title>Herramientas en l\u00ednea | Sabik %<\/title>\n<meta name=\"description\" content=\"Estas herramientas en l\u00ednea ofrecen monitoreo en tiempo real, f\u00e1cil acceso a la asistencia t\u00e9cnica y ayuda para elegir los productos.\" \/>\n<meta name=\"robots\" content=\"index, follow, max-snippet:-1, max-image-preview:large, max-video-preview:-1\" \/>\n<link rel=\"canonical\" href=\"https:\/\/sabik.com\/es\/herramientas-en-linea\/\" \/>\n<meta property=\"og:locale\" content=\"es_ES\" \/>\n<meta property=\"og:type\" content=\"article\" \/>\n<meta property=\"og:title\" content=\"Herramientas en l\u00ednea\" \/>\n<meta property=\"og:description\" content=\"Estas herramientas en l\u00ednea ofrecen monitoreo en tiempo real, f\u00e1cil acceso a la asistencia t\u00e9cnica y ayuda para elegir los productos.\" \/>\n<meta property=\"og:url\" content=\"https:\/\/sabik.com\/es\/herramientas-en-linea\/\" \/>\n<meta property=\"og:site_name\" content=\"Sabik\" \/>\n<meta property=\"article:modified_time\" content=\"2025-01-28T09:21:04+00:00\" \/>\n<meta property=\"og:image\" content=\"https:\/\/sabik.com\/wp-content\/uploads\/2024\/10\/lightguard-monitor-1.png\" \/>\n<meta name=\"twitter:card\" content=\"summary_large_image\" \/>\n<meta name=\"twitter:label1\" content=\"Tiempo de lectura\" \/>\n\t<meta name=\"twitter:data1\" content=\"2 minutos\" \/>\n<script type=\"application\/ld+json\" class=\"yoast-schema-graph\">{\"@context\":\"https:\\\/\\\/schema.org\",\"@graph\":[{\"@type\":\"WebPage\",\"@id\":\"https:\\\/\\\/sabik.com\\\/es\\\/herramientas-en-linea\\\/\",\"url\":\"https:\\\/\\\/sabik.com\\\/es\\\/herramientas-en-linea\\\/\",\"name\":\"Herramientas en l\u00ednea | Sabik %\",\"isPartOf\":{\"@id\":\"https:\\\/\\\/sabik.com\\\/#website\"},\"primaryImageOfPage\":{\"@id\":\"https:\\\/\\\/sabik.com\\\/es\\\/herramientas-en-linea\\\/#primaryimage\"},\"image\":{\"@id\":\"https:\\\/\\\/sabik.com\\\/es\\\/herramientas-en-linea\\\/#primaryimage\"},\"thumbnailUrl\":\"https:\\\/\\\/sabik.com\\\/wp-content\\\/uploads\\\/2024\\\/10\\\/lightguard-monitor-1.png\",\"datePublished\":\"2024-10-17T06:05:16+00:00\",\"dateModified\":\"2025-01-28T09:21:04+00:00\",\"description\":\"Estas herramientas en l\u00ednea ofrecen monitoreo en tiempo real, f\u00e1cil acceso a la asistencia t\u00e9cnica y ayuda para elegir los productos.\",\"breadcrumb\":{\"@id\":\"https:\\\/\\\/sabik.com\\\/es\\\/herramientas-en-linea\\\/#breadcrumb\"},\"inLanguage\":\"es\",\"potentialAction\":[{\"@type\":\"ReadAction\",\"target\":[\"https:\\\/\\\/sabik.com\\\/es\\\/herramientas-en-linea\\\/\"]}]},{\"@type\":\"ImageObject\",\"inLanguage\":\"es\",\"@id\":\"https:\\\/\\\/sabik.com\\\/es\\\/herramientas-en-linea\\\/#primaryimage\",\"url\":\"https:\\\/\\\/sabik.com\\\/wp-content\\\/uploads\\\/2024\\\/10\\\/lightguard-monitor-1.png\",\"contentUrl\":\"https:\\\/\\\/sabik.com\\\/wp-content\\\/uploads\\\/2024\\\/10\\\/lightguard-monitor-1.png\"},{\"@type\":\"BreadcrumbList\",\"@id\":\"https:\\\/\\\/sabik.com\\\/es\\\/herramientas-en-linea\\\/#breadcrumb\",\"itemListElement\":[{\"@type\":\"ListItem\",\"position\":1,\"name\":\"Home\",\"item\":\"https:\\\/\\\/sabik.com\\\/es\\\/\"},{\"@type\":\"ListItem\",\"position\":2,\"name\":\"Herramientas en l\u00ednea\"}]},{\"@type\":\"WebSite\",\"@id\":\"https:\\\/\\\/sabik.com\\\/#website\",\"url\":\"https:\\\/\\\/sabik.com\\\/\",\"name\":\"Sabik\",\"description\":\"Global Leader in Maritime Aids to Navigation\",\"potentialAction\":[{\"@type\":\"SearchAction\",\"target\":{\"@type\":\"EntryPoint\",\"urlTemplate\":\"https:\\\/\\\/sabik.com\\\/?s={search_term_string}\"},\"query-input\":{\"@type\":\"PropertyValueSpecification\",\"valueRequired\":true,\"valueName\":\"search_term_string\"}}],\"inLanguage\":\"es\"}]}<\/script>\n<!-- \/ Yoast SEO Premium plugin. -->","yoast_head_json":{"title":"Herramientas en l\u00ednea | Sabik %","description":"Estas herramientas en l\u00ednea ofrecen monitoreo en tiempo real, f\u00e1cil acceso a la asistencia t\u00e9cnica y ayuda para elegir los productos.","robots":{"index":"index","follow":"follow","max-snippet":"max-snippet:-1","max-image-preview":"max-image-preview:large","max-video-preview":"max-video-preview:-1"},"canonical":"https:\/\/sabik.com\/es\/herramientas-en-linea\/","og_locale":"es_ES","og_type":"article","og_title":"Herramientas en l\u00ednea","og_description":"Estas herramientas en l\u00ednea ofrecen monitoreo en tiempo real, f\u00e1cil acceso a la asistencia t\u00e9cnica y ayuda para elegir los productos.","og_url":"https:\/\/sabik.com\/es\/herramientas-en-linea\/","og_site_name":"Sabik","article_modified_time":"2025-01-28T09:21:04+00:00","og_image":[{"url":"https:\/\/sabik.com\/wp-content\/uploads\/2024\/10\/lightguard-monitor-1.png","type":"","width":"","height":""}],"twitter_card":"summary_large_image","twitter_misc":{"Tiempo de lectura":"2 minutos"},"schema":{"@context":"https:\/\/schema.org","@graph":[{"@type":"WebPage","@id":"https:\/\/sabik.com\/es\/herramientas-en-linea\/","url":"https:\/\/sabik.com\/es\/herramientas-en-linea\/","name":"Herramientas en l\u00ednea | Sabik %","isPartOf":{"@id":"https:\/\/sabik.com\/#website"},"primaryImageOfPage":{"@id":"https:\/\/sabik.com\/es\/herramientas-en-linea\/#primaryimage"},"image":{"@id":"https:\/\/sabik.com\/es\/herramientas-en-linea\/#primaryimage"},"thumbnailUrl":"https:\/\/sabik.com\/wp-content\/uploads\/2024\/10\/lightguard-monitor-1.png","datePublished":"2024-10-17T06:05:16+00:00","dateModified":"2025-01-28T09:21:04+00:00","description":"Estas herramientas en l\u00ednea ofrecen monitoreo en tiempo real, f\u00e1cil acceso a la asistencia t\u00e9cnica y ayuda para elegir los productos.","breadcrumb":{"@id":"https:\/\/sabik.com\/es\/herramientas-en-linea\/#breadcrumb"},"inLanguage":"es","potentialAction":[{"@type":"ReadAction","target":["https:\/\/sabik.com\/es\/herramientas-en-linea\/"]}]},{"@type":"ImageObject","inLanguage":"es","@id":"https:\/\/sabik.com\/es\/herramientas-en-linea\/#primaryimage","url":"https:\/\/sabik.com\/wp-content\/uploads\/2024\/10\/lightguard-monitor-1.png","contentUrl":"https:\/\/sabik.com\/wp-content\/uploads\/2024\/10\/lightguard-monitor-1.png"},{"@type":"BreadcrumbList","@id":"https:\/\/sabik.com\/es\/herramientas-en-linea\/#breadcrumb","itemListElement":[{"@type":"ListItem","position":1,"name":"Home","item":"https:\/\/sabik.com\/es\/"},{"@type":"ListItem","position":2,"name":"Herramientas en l\u00ednea"}]},{"@type":"WebSite","@id":"https:\/\/sabik.com\/#website","url":"https:\/\/sabik.com\/","name":"Sabik","description":"Global Leader in Maritime Aids to Navigation","potentialAction":[{"@type":"SearchAction","target":{"@type":"EntryPoint","urlTemplate":"https:\/\/sabik.com\/?s={search_term_string}"},"query-input":{"@type":"PropertyValueSpecification","valueRequired":true,"valueName":"search_term_string"}}],"inLanguage":"es"}]}},"_links":{"self":[{"href":"https:\/\/sabik.com\/es\/wp-json\/wp\/v2\/pages\/2315","targetHints":{"allow":["GET"]}}],"collection":[{"href":"https:\/\/sabik.com\/es\/wp-json\/wp\/v2\/pages"}],"about":[{"href":"https:\/\/sabik.com\/es\/wp-json\/wp\/v2\/types\/page"}],"author":[{"embeddable":true,"href":"https:\/\/sabik.com\/es\/wp-json\/wp\/v2\/users\/1"}],"replies":[{"embeddable":true,"href":"https:\/\/sabik.com\/es\/wp-json\/wp\/v2\/comments?post=2315"}],"version-history":[{"count":2,"href":"https:\/\/sabik.com\/es\/wp-json\/wp\/v2\/pages\/2315\/revisions"}],"predecessor-version":[{"id":2654,"href":"https:\/\/sabik.com\/es\/wp-json\/wp\/v2\/pages\/2315\/revisions\/2654"}],"wp:attachment":[{"href":"https:\/\/sabik.com\/es\/wp-json\/wp\/v2\/media?parent=2315"}],"curies":[{"name":"wp","href":"https:\/\/api.w.org\/{rel}","templated":true}]}}