{"id":2319,"date":"2024-10-16T14:19:58","date_gmt":"2024-10-16T11:19:58","guid":{"rendered":"https:\/\/sabik.com\/spx-aids-to-navigation\/"},"modified":"2025-01-20T12:16:49","modified_gmt":"2025-01-20T10:16:49","slug":"spx-aids-to-navigation","status":"publish","type":"page","link":"https:\/\/sabik.com\/es\/acerca-de-nosotros\/spx-aids-to-navigation\/","title":{"rendered":"SPX Aids to Navigation"},"content":{"rendered":"<div class=\"wpb-content-wrapper\">[vc_row][vc_column width=\u00bb1\/6&#8243;][\/vc_column][vc_column width=\u00bb2\/3&#8243;][vc_column_text el_class=\u00bbingressi\u00bb css=\u00bb.vc_custom_1729077436802{margin-bottom: 0px !important;}\u00bb]\n<h1 style=\"text-align: center;\">SPX Aids to Navigation<\/h1>\n<p style=\"text-align: center;\">SPX Aids to Navigation se basa en m\u00e1s de 130 a\u00f1os de innovaci\u00f3n l\u00edder en el sector. Reunimos la experiencia de cinco fabricantes mundiales, entre ellos Sabik, Sealite y otros, para satisfacer las demandas exclusivas de los mercados de Obstrucci\u00f3n, Aviaci\u00f3n y Ayudas a la navegaci\u00f3n mar\u00edtima. Nuestro legado son soluciones de vanguardia y un compromiso inquebrantable con la seguridad y la fiabilidad.<\/p>\n[\/vc_column_text][\/vc_column][vc_column width=\u00bb1\/6&#8243;][\/vc_column][\/vc_row][vc_row][vc_column][mk_padding_divider][\/vc_column][\/vc_row][vc_row][vc_column]\n\t\t\t\t<p class=\"rs-p-wp-fix\"><\/p>\n\t\t\t\t<sr7-module data-alias=\"spx-aids-en\" data-id=\"11\" id=\"SR7_11_1\" class=\"rs-ov-hidden\" data-version=\"6.7.51\">\n\t\t\t\t\t<sr7-adjuster><\/sr7-adjuster>\n\t\t\t\t\t<sr7-content>\n\t\t\t\t\t\t<sr7-slide id=\"SR7_11_1-21\" data-key=\"21\">\n\t\t\t\t\t\t\t<sr7-bg id=\"SR7_11_1-21-1\" class=\"sr7-layer\"><noscript><img decoding=\"async\" src=\"https:\/\/live-aton-sabik.pantheonsite.io\/wp-content\/uploads\/2024\/10\/slider-aids.jpg\" alt=\"\" title=\"slider-aids\"><\/noscript><\/sr7-bg>\n\t\t\t\t\t\t<\/sr7-slide>\n\t\t\t\t\t\t<sr7-slide id=\"SR7_11_1-22\" data-key=\"22\">\n\t\t\t\t\t\t<\/sr7-slide>\n\t\t\t\t\t<\/sr7-content>\n\t\t\t\t\t<image_lists style=\"display:none\">\n\t\t\t\t\t\t<img data-src=\"\/\/live-aton-sabik.pantheonsite.io\/wp-content\/uploads\/2024\/10\/dots-diag-w-6.png\" data-libid=\"623\" title=\"dots-diag-w-6\" width=\"0\" height=\"0\" data-dbsrc=\"Ly9saXZlLWF0b24tc2FiaWsucGFudGhlb25zaXRlLmlvL3dwLWNvbnRlbnQvdXBsb2Fkcy8yMDI0LzEwL2RvdHMtZGlhZy13LTYucG5n\"\/>\n\t\t\t\t\t\t<img data-src=\"\/\/live-aton-sabik.pantheonsite.io\/wp-content\/uploads\/2024\/10\/slider-aids.jpg\" data-libid=\"615\" data-lib=\"medialibrary\" title=\"slider-aids\" width=\"0\" height=\"0\" data-dbsrc=\"Ly9saXZlLWF0b24tc2FiaWsucGFudGhlb25zaXRlLmlvL3dwLWNvbnRlbnQvdXBsb2Fkcy8yMDI0LzEwL3NsaWRlci1haWRzLmpwZw==\"\/>\n\t\t\t\t\t<\/image_lists>\n\t\t\t\t<\/sr7-module>\n\t\t\t\t<script>\n\t\t\t\t\twindow.SR7 ??={};SR7.PMH ??={}; SR7.PMH[\"SR7_11_1\"] = {cn:100,state:false,fn: function() { if (window._tpt!==undefined && window._tpt.prepareModuleHeight !== undefined) {  _tpt.prepareModuleHeight({id:\"SR7_11_1\",el:[500,500,768,960,720],type:'standard',shdw:'0',gh:[500,500,413,314,194],gw:[1240,1240,1024,778,480],vpt:['100px'],size:{fullWidth:true, fullHeight:false},mh:'0',onh:0,onw:0,bg:{color:'{\"orig\":\"transparent\",\"type\":\"solid\",\"string\":\"transparent\"}'}});   SR7.PMH[\"SR7_11_1\"].state=true;} else if(SR7.PMH[\"SR7_11_1\"].cn-->0)\tsetTimeout( SR7.PMH[\"SR7_11_1\"].fn,19);}};SR7.PMH[\"SR7_11_1\" ].fn();\n\t\t\t\t<\/script>\n[\/vc_column][\/vc_row][vc_row][vc_column][mk_padding_divider size=\u00bb55&#8243;][\/vc_column][\/vc_row][vc_row][vc_column width=\u00bb1\/2&#8243;][vc_column_text el_class=\u00bbingressi\u00bb css=\u00bb.vc_custom_1729077457018{margin-bottom: 0px !important;}\u00bb]\n<h2>Alcance mundial y fabricaci\u00f3n avanzada<\/h2>\n[\/vc_column_text][\/vc_column][vc_column width=\u00bb1\/2&#8243;][vc_column_text css=\u00bb.vc_custom_1729077486174{margin-bottom: 0px !important;}\u00bb]Desde nuestras modernas instalaciones en Estados Unidos, Finlandia, Australia, Estonia y Reino Unido, ofrecemos una amplia gama de productos est\u00e1ndar, soluciones a medida y servicios avanzados de monitoreo digital. Tanto si sus necesidades tienen que ver con la marina, la aviaci\u00f3n o la obstrucci\u00f3n<br \/>\na la navegaci\u00f3n, SPX AtoN ofrece la m\u00e1s amplia gama de soluciones de Ayuda a la navegaci\u00f3n para misiones cr\u00edticas.[\/vc_column_text][\/vc_column][\/vc_row][vc_row][vc_column][mk_padding_divider][\/vc_column][\/vc_row][vc_row][vc_column width=\u00bb1\/2&#8243;][vc_column_text el_class=\u00bbingressi\u00bb css=\u00bb.vc_custom_1729077531358{margin-bottom: 0px !important;}\u00bb]\n<h2>Soluciones integrales para todos los mercados<\/h2>\n[\/vc_column_text][\/vc_column][vc_column width=\u00bb1\/2&#8243;][vc_column_text css=\u00bb.vc_custom_1729077548322{margin-bottom: 0px !important;}\u00bb]Nos enorgullecemos de no limitarnos a suministrar productos, sino de desarrollar sistemas integrales adaptados a los estrictos requisitos normativos de nuestras industrias. Con una gama completa de soluciones adaptables, garantizamos que las necesidades de cada cliente se satisfagan de forma eficaz y fiable.[\/vc_column_text][\/vc_column][\/vc_row][vc_row][vc_column][mk_padding_divider][\/vc_column][\/vc_row][vc_row][vc_column width=\u00bb1\/2&#8243;][vc_column_text el_class=\u00bbingressi\u00bb css=\u00bb.vc_custom_1729077555605{margin-bottom: 0px !important;}\u00bb]\n<h2>Explore nuestras marcas<\/h2>\n[\/vc_column_text][\/vc_column][vc_column width=\u00bb1\/2&#8243;][vc_column_text css=\u00bb.vc_custom_1729077582958{margin-bottom: 0px !important;}\u00bb]Descubra c\u00f3mo cada una de nuestras marcas l\u00edderes del sector contribuye a nuestras soluciones globales de ayuda a la navegaci\u00f3n:<\/p>\n<p><strong><a href=\"https:\/\/www.spxaton.com\" target=\"_blank\" rel=\"noopener\">www.spxaton.com<\/a><\/strong>[\/vc_column_text][\/vc_column][\/vc_row]\n<\/div>","protected":false},"excerpt":{"rendered":"<p>[vc_row][vc_column width=\u00bb1\/6&#8243;][\/vc_column][vc_column width=\u00bb2\/3&#8243;][vc_column_text el_class=\u00bbingressi\u00bb css=\u00bb.vc_custom_1729077436802{margin-bottom: 0px !important;}\u00bb] SPX Aids to Navigation SPX Aids to Navigation se basa en m\u00e1s de 130 a\u00f1os de innovaci\u00f3n l\u00edder en el sector. Reunimos la experiencia de cinco fabricantes mundiales, entre ellos Sabik, Sealite y otros, para satisfacer las demandas exclusivas de los mercados de Obstrucci\u00f3n, Aviaci\u00f3n y Ayudas a la navegaci\u00f3n mar\u00edtima. Nuestro legado son soluciones de vanguardia y un compromiso inquebrantable con la seguridad y la fiabilidad. [\/vc_column_text][\/vc_column][vc_column width=\u00bb1\/6&#8243;][\/vc_column][\/vc_row][vc_row][vc_column][mk_padding_divider][\/vc_column][\/vc_row][vc_row][vc_column][\/vc_column][\/vc_row][vc_row][vc_column][mk_padding_divider size=\u00bb55&#8243;][\/vc_column][\/vc_row][vc_row][vc_column width=\u00bb1\/2&#8243;][vc_column_text el_class=\u00bbingressi\u00bb css=\u00bb.vc_custom_1729077457018{margin-bottom: 0px !important;}\u00bb] Alcance mundial y fabricaci\u00f3n avanzada [\/vc_column_text][\/vc_column][vc_column width=\u00bb1\/2&#8243;][vc_column_text css=\u00bb.vc_custom_1729077486174{margin-bottom: 0px !important;}\u00bb]Desde nuestras modernas instalaciones en Estados Unidos, Finlandia, Australia, Estonia y Reino Unido, ofrecemos una amplia gama de productos est\u00e1ndar, soluciones a medida y servicios avanzados de monitoreo digital. Tanto si sus necesidades tienen que ver con la marina, la aviaci\u00f3n o la obstrucci\u00f3n a la navegaci\u00f3n, SPX AtoN ofrece la m\u00e1s amplia gama de soluciones de Ayuda a [&hellip;]<\/p>\n","protected":false},"author":1,"featured_media":0,"parent":2544,"menu_order":0,"comment_status":"closed","ping_status":"closed","template":"","meta":{"_improvement_type_select":"improve_an_existing","_thumb_yes_seoaic":false,"_frame_yes_seoaic":false,"seoaic_generate_description":"","seoaic_improve_instructions_prompt":"","seoaic_rollback_content_improvement":"","seoaic_idea_thumbnail_generator":"","thumbnail_generated":false,"thumbnail_generate_prompt":"","seoaic_article_description":"","footnotes":""},"class_list":["post-2319","page","type-page","status-publish","hentry"],"yoast_head":"<!-- This site is optimized with the Yoast SEO Premium plugin v26.2 (Yoast SEO v27.4) - https:\/\/yoast.com\/product\/yoast-seo-premium-wordpress\/ -->\n<title>SPX Aids to Navigation | Sabik<\/title>\n<meta name=\"description\" content=\"SPX Aids to Navigation se basa en m\u00e1s de 130 a\u00f1os de innovaci\u00f3n l\u00edder en el sector. Reunimos la experiencia de cinco fabricantes mundiales, entre ellos Sabik, Sealite y otros, para satisfacer las demandas exclusivas de los mercados de Obstrucci\u00f3n, Aviaci\u00f3n y Ayudas a la navegaci\u00f3n mar\u00edtima.\" \/>\n<meta name=\"robots\" content=\"index, follow, max-snippet:-1, max-image-preview:large, max-video-preview:-1\" \/>\n<link rel=\"canonical\" href=\"https:\/\/sabik.com\/es\/acerca-de-nosotros\/spx-aids-to-navigation\/\" \/>\n<meta property=\"og:locale\" content=\"es_ES\" \/>\n<meta property=\"og:type\" content=\"article\" \/>\n<meta property=\"og:title\" content=\"SPX Aids to Navigation\" \/>\n<meta property=\"og:description\" content=\"SPX Aids to Navigation se basa en m\u00e1s de 130 a\u00f1os de innovaci\u00f3n l\u00edder en el sector. Reunimos la experiencia de cinco fabricantes mundiales, entre ellos Sabik, Sealite y otros, para satisfacer las demandas exclusivas de los mercados de Obstrucci\u00f3n, Aviaci\u00f3n y Ayudas a la navegaci\u00f3n mar\u00edtima.\" \/>\n<meta property=\"og:url\" content=\"https:\/\/sabik.com\/es\/acerca-de-nosotros\/spx-aids-to-navigation\/\" \/>\n<meta property=\"og:site_name\" content=\"Sabik\" \/>\n<meta property=\"article:modified_time\" content=\"2025-01-20T10:16:49+00:00\" \/>\n<meta name=\"twitter:card\" content=\"summary_large_image\" \/>\n<meta name=\"twitter:label1\" content=\"Tiempo de lectura\" \/>\n\t<meta name=\"twitter:data1\" content=\"2 minutos\" \/>\n<script type=\"application\/ld+json\" class=\"yoast-schema-graph\">{\"@context\":\"https:\\\/\\\/schema.org\",\"@graph\":[{\"@type\":\"WebPage\",\"@id\":\"https:\\\/\\\/sabik.com\\\/es\\\/acerca-de-nosotros\\\/spx-aids-to-navigation\\\/\",\"url\":\"https:\\\/\\\/sabik.com\\\/es\\\/acerca-de-nosotros\\\/spx-aids-to-navigation\\\/\",\"name\":\"SPX Aids to Navigation | Sabik\",\"isPartOf\":{\"@id\":\"https:\\\/\\\/sabik.com\\\/#website\"},\"datePublished\":\"2024-10-16T11:19:58+00:00\",\"dateModified\":\"2025-01-20T10:16:49+00:00\",\"description\":\"SPX Aids to Navigation se basa en m\u00e1s de 130 a\u00f1os de innovaci\u00f3n l\u00edder en el sector. Reunimos la experiencia de cinco fabricantes mundiales, entre ellos Sabik, Sealite y otros, para satisfacer las demandas exclusivas de los mercados de Obstrucci\u00f3n, Aviaci\u00f3n y Ayudas a la navegaci\u00f3n mar\u00edtima.\",\"breadcrumb\":{\"@id\":\"https:\\\/\\\/sabik.com\\\/es\\\/acerca-de-nosotros\\\/spx-aids-to-navigation\\\/#breadcrumb\"},\"inLanguage\":\"es\",\"potentialAction\":[{\"@type\":\"ReadAction\",\"target\":[\"https:\\\/\\\/sabik.com\\\/es\\\/acerca-de-nosotros\\\/spx-aids-to-navigation\\\/\"]}]},{\"@type\":\"BreadcrumbList\",\"@id\":\"https:\\\/\\\/sabik.com\\\/es\\\/acerca-de-nosotros\\\/spx-aids-to-navigation\\\/#breadcrumb\",\"itemListElement\":[{\"@type\":\"ListItem\",\"position\":1,\"name\":\"Home\",\"item\":\"https:\\\/\\\/sabik.com\\\/es\\\/\"},{\"@type\":\"ListItem\",\"position\":2,\"name\":\"Acerca de nosotros\",\"item\":\"https:\\\/\\\/sabik.com\\\/es\\\/acerca-de-nosotros\\\/\"},{\"@type\":\"ListItem\",\"position\":3,\"name\":\"SPX Aids to Navigation\"}]},{\"@type\":\"WebSite\",\"@id\":\"https:\\\/\\\/sabik.com\\\/#website\",\"url\":\"https:\\\/\\\/sabik.com\\\/\",\"name\":\"Sabik\",\"description\":\"Global Leader in Maritime Aids to Navigation\",\"potentialAction\":[{\"@type\":\"SearchAction\",\"target\":{\"@type\":\"EntryPoint\",\"urlTemplate\":\"https:\\\/\\\/sabik.com\\\/?s={search_term_string}\"},\"query-input\":{\"@type\":\"PropertyValueSpecification\",\"valueRequired\":true,\"valueName\":\"search_term_string\"}}],\"inLanguage\":\"es\"}]}<\/script>\n<!-- \/ Yoast SEO Premium plugin. -->","yoast_head_json":{"title":"SPX Aids to Navigation | Sabik","description":"SPX Aids to Navigation se basa en m\u00e1s de 130 a\u00f1os de innovaci\u00f3n l\u00edder en el sector. Reunimos la experiencia de cinco fabricantes mundiales, entre ellos Sabik, Sealite y otros, para satisfacer las demandas exclusivas de los mercados de Obstrucci\u00f3n, Aviaci\u00f3n y Ayudas a la navegaci\u00f3n mar\u00edtima.","robots":{"index":"index","follow":"follow","max-snippet":"max-snippet:-1","max-image-preview":"max-image-preview:large","max-video-preview":"max-video-preview:-1"},"canonical":"https:\/\/sabik.com\/es\/acerca-de-nosotros\/spx-aids-to-navigation\/","og_locale":"es_ES","og_type":"article","og_title":"SPX Aids to Navigation","og_description":"SPX Aids to Navigation se basa en m\u00e1s de 130 a\u00f1os de innovaci\u00f3n l\u00edder en el sector. Reunimos la experiencia de cinco fabricantes mundiales, entre ellos Sabik, Sealite y otros, para satisfacer las demandas exclusivas de los mercados de Obstrucci\u00f3n, Aviaci\u00f3n y Ayudas a la navegaci\u00f3n mar\u00edtima.","og_url":"https:\/\/sabik.com\/es\/acerca-de-nosotros\/spx-aids-to-navigation\/","og_site_name":"Sabik","article_modified_time":"2025-01-20T10:16:49+00:00","twitter_card":"summary_large_image","twitter_misc":{"Tiempo de lectura":"2 minutos"},"schema":{"@context":"https:\/\/schema.org","@graph":[{"@type":"WebPage","@id":"https:\/\/sabik.com\/es\/acerca-de-nosotros\/spx-aids-to-navigation\/","url":"https:\/\/sabik.com\/es\/acerca-de-nosotros\/spx-aids-to-navigation\/","name":"SPX Aids to Navigation | Sabik","isPartOf":{"@id":"https:\/\/sabik.com\/#website"},"datePublished":"2024-10-16T11:19:58+00:00","dateModified":"2025-01-20T10:16:49+00:00","description":"SPX Aids to Navigation se basa en m\u00e1s de 130 a\u00f1os de innovaci\u00f3n l\u00edder en el sector. Reunimos la experiencia de cinco fabricantes mundiales, entre ellos Sabik, Sealite y otros, para satisfacer las demandas exclusivas de los mercados de Obstrucci\u00f3n, Aviaci\u00f3n y Ayudas a la navegaci\u00f3n mar\u00edtima.","breadcrumb":{"@id":"https:\/\/sabik.com\/es\/acerca-de-nosotros\/spx-aids-to-navigation\/#breadcrumb"},"inLanguage":"es","potentialAction":[{"@type":"ReadAction","target":["https:\/\/sabik.com\/es\/acerca-de-nosotros\/spx-aids-to-navigation\/"]}]},{"@type":"BreadcrumbList","@id":"https:\/\/sabik.com\/es\/acerca-de-nosotros\/spx-aids-to-navigation\/#breadcrumb","itemListElement":[{"@type":"ListItem","position":1,"name":"Home","item":"https:\/\/sabik.com\/es\/"},{"@type":"ListItem","position":2,"name":"Acerca de nosotros","item":"https:\/\/sabik.com\/es\/acerca-de-nosotros\/"},{"@type":"ListItem","position":3,"name":"SPX Aids to Navigation"}]},{"@type":"WebSite","@id":"https:\/\/sabik.com\/#website","url":"https:\/\/sabik.com\/","name":"Sabik","description":"Global Leader in Maritime Aids to Navigation","potentialAction":[{"@type":"SearchAction","target":{"@type":"EntryPoint","urlTemplate":"https:\/\/sabik.com\/?s={search_term_string}"},"query-input":{"@type":"PropertyValueSpecification","valueRequired":true,"valueName":"search_term_string"}}],"inLanguage":"es"}]}},"_links":{"self":[{"href":"https:\/\/sabik.com\/es\/wp-json\/wp\/v2\/pages\/2319","targetHints":{"allow":["GET"]}}],"collection":[{"href":"https:\/\/sabik.com\/es\/wp-json\/wp\/v2\/pages"}],"about":[{"href":"https:\/\/sabik.com\/es\/wp-json\/wp\/v2\/types\/page"}],"author":[{"embeddable":true,"href":"https:\/\/sabik.com\/es\/wp-json\/wp\/v2\/users\/1"}],"replies":[{"embeddable":true,"href":"https:\/\/sabik.com\/es\/wp-json\/wp\/v2\/comments?post=2319"}],"version-history":[{"count":1,"href":"https:\/\/sabik.com\/es\/wp-json\/wp\/v2\/pages\/2319\/revisions"}],"predecessor-version":[{"id":2322,"href":"https:\/\/sabik.com\/es\/wp-json\/wp\/v2\/pages\/2319\/revisions\/2322"}],"up":[{"embeddable":true,"href":"https:\/\/sabik.com\/es\/wp-json\/wp\/v2\/pages\/2544"}],"wp:attachment":[{"href":"https:\/\/sabik.com\/es\/wp-json\/wp\/v2\/media?parent=2319"}],"curies":[{"name":"wp","href":"https:\/\/api.w.org\/{rel}","templated":true}]}}