{"id":2323,"date":"2024-10-16T12:02:02","date_gmt":"2024-10-16T09:02:02","guid":{"rendered":"https:\/\/sabik.com\/encontrar-un-distribuidor\/"},"modified":"2025-01-28T11:20:18","modified_gmt":"2025-01-28T09:20:18","slug":"encontrar-un-distribuidor","status":"publish","type":"page","link":"https:\/\/sabik.com\/es\/encontrar-un-distribuidor\/","title":{"rendered":"Encontrar un distribuidor"},"content":{"rendered":"<div class=\"wpb-content-wrapper\">[vc_row][vc_column width=\u00bb1\/6&#8243;][\/vc_column][vc_column width=\u00bb2\/3&#8243;][vc_column_text el_class=\u00bbingressi\u00bb css=\u00bb.vc_custom_1729221458163{margin-bottom: 0px !important;}\u00bb]\n<h1 style=\"text-align: center;\">Encontrar un distribuidor<\/h1>\n<p style=\"text-align: center;\">\u00bfBusca un socio Sabik de confianza en su regi\u00f3n? Utilice nuestro mapa de distribuidores de f\u00e1cil navegaci\u00f3n para encontrar distribuidores y representantes autorizados de Sabik cerca suyo, lo que garantiza la asistencia de expertos y la disponibilidad local de nuestros productos y servicios de ayuda a la navegaci\u00f3n. S\u00f3lo tiene que seleccionar su pa\u00eds para empezar.<\/p>\n[\/vc_column_text][\/vc_column][vc_column width=\u00bb1\/6&#8243;][\/vc_column][\/vc_row][vc_row fullwidth=\u00bbtrue\u00bb column_padding=\u00bb2&#8243; css=\u00bb.vc_custom_1729162947049{padding-right: 20px !important;padding-left: 20px !important;}\u00bb][vc_column][mk_padding_divider][vc_column_text css=\u00bb.vc_custom_1729069311881{margin-bottom: 0px !important;}\u00bb]\r\n            <style>.wpgmza_table_category { display: none !important; }<\/style><style>.wpgmza_table_title { display: none; }<\/style>\r\n            \r\n            \r\n            <a name='map1'><\/a>\r\n            \r\n            \r\n            \r\n            <div data-wpgmza-table data-wpgmza-php-class=\"WPGMZA\\MarkerListing\\AdvancedTable\" data-wpgmza-rest-api-route=\"\/datatables\/\" data-wpgmza-datatable=\"true\" data-wpgmza-pro-datatable=\"true\" data-wpgmza-feature-type=\"marker\" id=\"wpgmza_marker_holder_1\" class=\"wpgmza_marker_holder\" style=\"width:100%;\" data-wpgmza-ajax-parameters='{\"map_id\":\"1\"}'>\r\n\t\t\t<table class=\"responsive wpgmza_table\" id=\"wpgmza_table_1\" cellspacing=\"0\" cellpadding=\"0\" style=\"width:100%;\">\r\n\t\t\t\t<thead>\r\n\t\t\t\t<th data-wpgmza-column-name=\"icon\" id=\"wpgmza_map_list_icon\" class=\"wpgmza_table_marker\"><\/th><th data-wpgmza-column-name=\"address\" id=\"wpgmza_map_list_address\" class=\"wpgmza_table_address\">Direcci\u00f3n<\/th><th data-wpgmza-column-name=\"description\" id=\"wpgmza_map_list_description\" class=\"wpgmza_table_description\">Descripci\u00f3n<\/th><\/thead>\r\n\t\t\t\t\r\n\t\t\t<\/table>\r\n\t\t<\/div>\r\n            <div class=\"wpgmza_map \"  id=\"wpgmza_map_1\" style=\"display:block; overflow:auto; width:100%; height:680px; margin-left:auto !important; margin-right:auto !important; align:center;\" data-settings='{\"id\":\"1\",\"map_title\":\"Distributor map\",\"map_width\":\"100\",\"map_height\":\"680\",\"map_start_lat\":\"41.32373000000001\",\"map_start_lng\":\"63.9528098\",\"map_start_location\":\"45.950464398418106,-109.81550500000003\",\"map_start_zoom\":\"3\",\"default_marker\":\"{\\\"url\\\":\\\"\\\",\\\"retina\\\":true}\",\"type\":\"1\",\"alignment\":\"4\",\"directions_enabled\":\"0\",\"styling_enabled\":\"0\",\"styling_json\":\"\",\"active\":\"0\",\"kml\":\"\",\"bicycle\":\"0\",\"traffic\":\"0\",\"dbox\":\"1\",\"dbox_width\":\"\",\"listmarkers\":\"0\",\"listmarkers_advanced\":\"0\",\"filterbycat\":\"0\",\"ugm_enabled\":\"0\",\"ugm_category_enabled\":\"0\",\"fusion\":\"\",\"map_width_type\":\"%\",\"map_height_type\":\"px\",\"mass_marker_support\":\"0\",\"ugm_access\":\"0\",\"order_markers_by\":\"1\",\"order_markers_choice\":\"1\",\"show_user_location\":\"0\",\"default_to\":\"\",\"other_settings\":{\"map_type\":1,\"sl_stroke_color\":\"#000000\",\"sl_fill_color\":\"#000000\",\"sl_stroke_opacity\":\"\",\"sl_fill_opacity\":\"\",\"transport_layer\":false,\"action\":\"wpgmza_save_map\",\"redirect_to\":\"\\\/wp-admin\\\/admin-post.php\",\"map_id\":\"1\",\"http_referer\":\"\\\/wp-admin\\\/admin.php?page=wp-google-maps-menu&amp;amp;action=edit&amp;amp;map_id=1\",\"wpgmza_id\":\"1\",\"wpgmza_start_location\":\"41.32373000000001,63.9528098\",\"wpgmza_start_zoom\":\"3\",\"wpgmza_theme\":\"1\",\"wpgmza_theme_data\":\"[{\\\"featureType\\\": \\\"administrative\\\",\\\"elementType\\\": \\\"labels.text.fill\\\",\\\"stylers\\\": [{\\\"color\\\": \\\"#444444\\\"}]},{\\\"featureType\\\": \\\"landscape\\\",\\\"elementType\\\": \\\"all\\\",\\\"stylers\\\": [{\\\"color\\\": \\\"#f2f2f2\\\"}]},{\\\"featureType\\\": \\\"poi\\\",\\\"elementType\\\": \\\"all\\\",\\\"stylers\\\": [{\\\"visibility\\\": \\\"off\\\"}]},{\\\"featureType\\\": \\\"road\\\",\\\"elementType\\\": \\\"all\\\",\\\"stylers\\\": [{\\\"saturation\\\": -100},{\\\"lightness\\\": 45}]},{\\\"featureType\\\": \\\"road.highway\\\",\\\"elementType\\\": \\\"all\\\",\\\"stylers\\\": [{\\\"visibility\\\": \\\"simplified\\\"}]},{\\\"featureType\\\": \\\"road.arterial\\\",\\\"elementType\\\": \\\"labels.icon\\\",\\\"stylers\\\": [{\\\"visibility\\\": \\\"off\\\"}]},{\\\"featureType\\\": \\\"transit\\\",\\\"elementType\\\": \\\"all\\\",\\\"stylers\\\": [{\\\"visibility\\\": \\\"off\\\"}]},{\\\"featureType\\\": \\\"water\\\",\\\"elementType\\\": \\\"all\\\",\\\"stylers\\\": [{\\\"color\\\": \\\"#46bcec\\\"},{\\\"visibility\\\": \\\"on\\\"}]}]\",\"store_locator_enabled\":false,\"store_locator_search_area\":\"auto\",\"wpgmza_store_locator_radius_style\":\"legacy\",\"wpgmza_store_locator_default_radius\":\"10\",\"store_locator_auto_area_max_zoom\":\"\",\"store_locator_distance\":false,\"wpgmza_store_locator_position\":false,\"store_locator_show_distance\":false,\"store_locator_category\":false,\"wpgmza_store_locator_use_their_location\":false,\"wpgmza_store_locator_bounce\":false,\"wpgmza_sl_animation\":\"0\",\"wpgmza_store_locator_hide_before_search\":false,\"store_locator_query_string\":\"\",\"store_locator_location_placeholder\":\"\",\"store_locator_default_address\":\"\",\"store_locator_name_search\":false,\"store_locator_name_string\":\"\",\"store_locator_not_found_message\":\"\",\"wpgmza_map_align\":\"2\",\"jump_to_nearest_marker_on_initialization\":false,\"automatically_pan_to_users_location\":false,\"override_users_location_zoom_level\":false,\"override_users_location_zoom_levels\":\"\",\"show_distance_from_location\":false,\"map_max_zoom\":\"21\",\"map_min_zoom\":\"0\",\"click_open_link\":false,\"fit_maps_bounds_to_markers\":false,\"fit_maps_bounds_to_markers_after_filtering\":false,\"hide_point_of_interest\":false,\"wpgmza_zoom_on_marker_click\":false,\"wpgmza_zoom_on_marker_click_slider\":\"\",\"close_infowindow_on_map_click\":true,\"disable_lightbox_images\":false,\"use_Raw_Jpeg_Coordinates\":false,\"polygon_labels\":false,\"disable_polygon_info_windows\":false,\"enable_marker_ratings\":false,\"enable_marker_labels\":false,\"only_load_markers_within_viewport\":false,\"zoom_level_mobile_override_enabled\":false,\"zoom_level_mobile_override\":\"\",\"iw_primary_color\":\"#000000\",\"iw_accent_color\":\"#000000\",\"iw_text_color\":\"#000000\",\"wpgmza_listmarkers_by\":\"2\",\"wpgmza_marker_listing_position\":true,\"wpgmza_push_in_map\":false,\"wpgmza_push_in_map_placement\":null,\"wpgmza_push_in_map_width\":\"\",\"wpgmza_push_in_map_height\":\"\",\"zoom_level_on_marker_listing_override\":false,\"zoom_level_on_marker_listing_click\":\"\",\"marker_listing_disable_zoom\":false,\"datatable_no_result_message\":\"\",\"remove_search_box_datables\":false,\"dataTable_pagination_style\":\"hidden\",\"datatable_search_string\":\"\",\"datatable_result_start\":\"\",\"datatable_result_of\":\"\",\"datatable_result_to\":\"\",\"datatable_result_total\":\"\",\"datatable_result_show\":\"\",\"datatable_result_entries\":\"\",\"wpgmza_savemap\":\"Save Map \\u00bb\",\"wpgmza_dbox_width_type\":\"%\",\"default_from\":\"\",\"directions_behaviour\":\"default\",\"force_google_directions_app\":false,\"directions_route_origin_icon\":\"https:\\\/\\\/sabik.com\\\/wp-content\\\/plugins\\\/wp-google-maps\\\/images\\\/spotlight-poi3.png\",\"directions_origin_retina\":false,\"directions_route_destination_icon\":\"https:\\\/\\\/sabik.com\\\/wp-content\\\/plugins\\\/wp-google-maps\\\/images\\\/spotlight-poi3.png\",\"directions_destination_retina\":false,\"directions_route_stroke_color\":\"#4d8df5\",\"directions_route_stroke_weight\":\"4\",\"directions_route_stroke_opacity\":\"0.8\",\"directions_fit_bounds_to_route\":false,\"wpgmza_store_locator_restrict\":\"\",\"upload_default_sl_marker\":\"\",\"upload_default_sl_marker_retina\":false,\"retina\":true,\"upload_default_ul_marker\":\"\",\"upload_default_ul_marker_retina\":false,\"enable_advanced_custom_fields_integration\":false,\"enable_toolset_woocommerce_integration\":false,\"enable_woo_product_integration\":false,\"shortcodeAttributes\":{\"id\":\"1\"},\"store_locator_component_anchor\":\"0\",\"store_locator_nearby_searches\":false,\"directions_box_component_anchor\":\"1\",\"wpgmza_ol_tile_filter\":\"contrast(100%)\",\"custom_tile_enabled\":false,\"custom_tile_image\":\"\",\"custom_tile_image_width\":\"\",\"custom_tile_image_height\":\"\",\"custom_tile_image_attribution\":\"\",\"marker_share_links\":false,\"marker_listing_component_anchor\":\"1\",\"marker_listing_component_auto_open\":false,\"category_filter_component_anchor\":\"0\",\"category_legends_enabled\":false,\"category_legends_component_anchor\":\"8\",\"map_starts_in_streetview\":false,\"map_starts_in_streetview_location\":\"\",\"map_starts_in_streetview_heading\":\"\",\"map_starts_in_streetview_pitch\":\"\"}}' data-map-id='1' data-shortcode-attributes='{\"id\":\"1\"}'> <\/div>\r\n            \r\n               \r\n        [\/vc_column_text][\/vc_column][\/vc_row]\n<\/div>","protected":false},"excerpt":{"rendered":"<p>[vc_row][vc_column width=\u00bb1\/6&#8243;][\/vc_column][vc_column width=\u00bb2\/3&#8243;][vc_column_text el_class=\u00bbingressi\u00bb css=\u00bb.vc_custom_1729221458163{margin-bottom: 0px !important;}\u00bb] Encontrar un distribuidor \u00bfBusca un socio Sabik de confianza en su regi\u00f3n? Utilice nuestro mapa de distribuidores de f\u00e1cil navegaci\u00f3n para encontrar distribuidores y representantes autorizados de Sabik cerca suyo, lo que garantiza la asistencia de expertos y la disponibilidad local de nuestros productos y servicios de ayuda a la navegaci\u00f3n. S\u00f3lo tiene que seleccionar su pa\u00eds para empezar. [\/vc_column_text][\/vc_column][vc_column width=\u00bb1\/6&#8243;][\/vc_column][\/vc_row][vc_row fullwidth=\u00bbtrue\u00bb column_padding=\u00bb2&#8243; css=\u00bb.vc_custom_1729162947049{padding-right: 20px !important;padding-left: 20px !important;}\u00bb][vc_column][mk_padding_divider][vc_column_text css=\u00bb.vc_custom_1729069311881{margin-bottom: 0px !important;}\u00bb][\/vc_column_text][\/vc_column][\/vc_row]<\/p>\n","protected":false},"author":1,"featured_media":0,"parent":0,"menu_order":0,"comment_status":"closed","ping_status":"closed","template":"","meta":{"_improvement_type_select":"improve_an_existing","_thumb_yes_seoaic":false,"_frame_yes_seoaic":false,"seoaic_generate_description":"","seoaic_improve_instructions_prompt":"","seoaic_rollback_content_improvement":"","seoaic_idea_thumbnail_generator":"","thumbnail_generated":false,"thumbnail_generate_prompt":"","seoaic_article_description":"","footnotes":""},"class_list":["post-2323","page","type-page","status-publish","hentry"],"yoast_head":"<!-- This site is optimized with the Yoast SEO Premium plugin v26.2 (Yoast SEO v27.3) - https:\/\/yoast.com\/product\/yoast-seo-premium-wordpress\/ -->\n<title>Distribuidores Sabik | Sabik %<\/title>\n<meta name=\"description\" content=\"\u00bfBusca un socio local de confianza de Sabik? Este mapa de distribuidores de f\u00e1cil navegaci\u00f3n le ayuda a encontrar distribuidores y representantes autorizados de Sabik cerca suyo.\" \/>\n<meta name=\"robots\" content=\"index, follow, max-snippet:-1, max-image-preview:large, max-video-preview:-1\" \/>\n<link rel=\"canonical\" href=\"http:\/\/sabik.com\/find-a-distributor\/\" \/>\n<meta property=\"og:locale\" content=\"es_ES\" \/>\n<meta property=\"og:type\" content=\"article\" \/>\n<meta property=\"og:title\" content=\"Encontrar un distribuidor\" \/>\n<meta property=\"og:description\" content=\"\u00bfBusca un socio local de confianza de Sabik? Este mapa de distribuidores de f\u00e1cil navegaci\u00f3n le ayuda a encontrar distribuidores y representantes autorizados de Sabik cerca suyo.\" \/>\n<meta property=\"og:url\" content=\"http:\/\/sabik.com\/find-a-distributor\/\" \/>\n<meta property=\"og:site_name\" content=\"Sabik\" \/>\n<meta property=\"article:modified_time\" content=\"2025-01-28T09:20:18+00:00\" \/>\n<meta name=\"twitter:card\" content=\"summary_large_image\" \/>\n<meta name=\"twitter:label1\" content=\"Tiempo de lectura\" \/>\n\t<meta name=\"twitter:data1\" content=\"1 minuto\" \/>\n<script type=\"application\/ld+json\" class=\"yoast-schema-graph\">{\"@context\":\"https:\\\/\\\/schema.org\",\"@graph\":[{\"@type\":\"WebPage\",\"@id\":\"http:\\\/\\\/sabik.com\\\/find-a-distributor\\\/\",\"url\":\"http:\\\/\\\/sabik.com\\\/find-a-distributor\\\/\",\"name\":\"Distribuidores Sabik | Sabik %\",\"isPartOf\":{\"@id\":\"https:\\\/\\\/sabik.com\\\/#website\"},\"datePublished\":\"2024-10-16T09:02:02+00:00\",\"dateModified\":\"2025-01-28T09:20:18+00:00\",\"description\":\"\u00bfBusca un socio local de confianza de Sabik? Este mapa de distribuidores de f\u00e1cil navegaci\u00f3n le ayuda a encontrar distribuidores y representantes autorizados de Sabik cerca suyo.\",\"breadcrumb\":{\"@id\":\"http:\\\/\\\/sabik.com\\\/find-a-distributor\\\/#breadcrumb\"},\"inLanguage\":\"es\",\"potentialAction\":[{\"@type\":\"ReadAction\",\"target\":[\"http:\\\/\\\/sabik.com\\\/find-a-distributor\\\/\"]}]},{\"@type\":\"BreadcrumbList\",\"@id\":\"http:\\\/\\\/sabik.com\\\/find-a-distributor\\\/#breadcrumb\",\"itemListElement\":[{\"@type\":\"ListItem\",\"position\":1,\"name\":\"Home\",\"item\":\"https:\\\/\\\/sabik.com\\\/es\\\/\"},{\"@type\":\"ListItem\",\"position\":2,\"name\":\"Encontrar un distribuidor\"}]},{\"@type\":\"WebSite\",\"@id\":\"https:\\\/\\\/sabik.com\\\/#website\",\"url\":\"https:\\\/\\\/sabik.com\\\/\",\"name\":\"Sabik\",\"description\":\"Global Leader in Maritime Aids to Navigation\",\"potentialAction\":[{\"@type\":\"SearchAction\",\"target\":{\"@type\":\"EntryPoint\",\"urlTemplate\":\"https:\\\/\\\/sabik.com\\\/?s={search_term_string}\"},\"query-input\":{\"@type\":\"PropertyValueSpecification\",\"valueRequired\":true,\"valueName\":\"search_term_string\"}}],\"inLanguage\":\"es\"}]}<\/script>\n<!-- \/ Yoast SEO Premium plugin. -->","yoast_head_json":{"title":"Distribuidores Sabik | Sabik %","description":"\u00bfBusca un socio local de confianza de Sabik? Este mapa de distribuidores de f\u00e1cil navegaci\u00f3n le ayuda a encontrar distribuidores y representantes autorizados de Sabik cerca suyo.","robots":{"index":"index","follow":"follow","max-snippet":"max-snippet:-1","max-image-preview":"max-image-preview:large","max-video-preview":"max-video-preview:-1"},"canonical":"http:\/\/sabik.com\/find-a-distributor\/","og_locale":"es_ES","og_type":"article","og_title":"Encontrar un distribuidor","og_description":"\u00bfBusca un socio local de confianza de Sabik? Este mapa de distribuidores de f\u00e1cil navegaci\u00f3n le ayuda a encontrar distribuidores y representantes autorizados de Sabik cerca suyo.","og_url":"http:\/\/sabik.com\/find-a-distributor\/","og_site_name":"Sabik","article_modified_time":"2025-01-28T09:20:18+00:00","twitter_card":"summary_large_image","twitter_misc":{"Tiempo de lectura":"1 minuto"},"schema":{"@context":"https:\/\/schema.org","@graph":[{"@type":"WebPage","@id":"http:\/\/sabik.com\/find-a-distributor\/","url":"http:\/\/sabik.com\/find-a-distributor\/","name":"Distribuidores Sabik | Sabik %","isPartOf":{"@id":"https:\/\/sabik.com\/#website"},"datePublished":"2024-10-16T09:02:02+00:00","dateModified":"2025-01-28T09:20:18+00:00","description":"\u00bfBusca un socio local de confianza de Sabik? Este mapa de distribuidores de f\u00e1cil navegaci\u00f3n le ayuda a encontrar distribuidores y representantes autorizados de Sabik cerca suyo.","breadcrumb":{"@id":"http:\/\/sabik.com\/find-a-distributor\/#breadcrumb"},"inLanguage":"es","potentialAction":[{"@type":"ReadAction","target":["http:\/\/sabik.com\/find-a-distributor\/"]}]},{"@type":"BreadcrumbList","@id":"http:\/\/sabik.com\/find-a-distributor\/#breadcrumb","itemListElement":[{"@type":"ListItem","position":1,"name":"Home","item":"https:\/\/sabik.com\/es\/"},{"@type":"ListItem","position":2,"name":"Encontrar un distribuidor"}]},{"@type":"WebSite","@id":"https:\/\/sabik.com\/#website","url":"https:\/\/sabik.com\/","name":"Sabik","description":"Global Leader in Maritime Aids to Navigation","potentialAction":[{"@type":"SearchAction","target":{"@type":"EntryPoint","urlTemplate":"https:\/\/sabik.com\/?s={search_term_string}"},"query-input":{"@type":"PropertyValueSpecification","valueRequired":true,"valueName":"search_term_string"}}],"inLanguage":"es"}]}},"_links":{"self":[{"href":"https:\/\/sabik.com\/es\/wp-json\/wp\/v2\/pages\/2323","targetHints":{"allow":["GET"]}}],"collection":[{"href":"https:\/\/sabik.com\/es\/wp-json\/wp\/v2\/pages"}],"about":[{"href":"https:\/\/sabik.com\/es\/wp-json\/wp\/v2\/types\/page"}],"author":[{"embeddable":true,"href":"https:\/\/sabik.com\/es\/wp-json\/wp\/v2\/users\/1"}],"replies":[{"embeddable":true,"href":"https:\/\/sabik.com\/es\/wp-json\/wp\/v2\/comments?post=2323"}],"version-history":[{"count":2,"href":"https:\/\/sabik.com\/es\/wp-json\/wp\/v2\/pages\/2323\/revisions"}],"predecessor-version":[{"id":2653,"href":"https:\/\/sabik.com\/es\/wp-json\/wp\/v2\/pages\/2323\/revisions\/2653"}],"wp:attachment":[{"href":"https:\/\/sabik.com\/es\/wp-json\/wp\/v2\/media?parent=2323"}],"curies":[{"name":"wp","href":"https:\/\/api.w.org\/{rel}","templated":true}]}}