{"id":2327,"date":"2024-10-16T10:41:13","date_gmt":"2024-10-16T07:41:13","guid":{"rendered":"https:\/\/sabik.com\/otras-soluciones-de-senalizacion\/"},"modified":"2025-01-20T12:16:49","modified_gmt":"2025-01-20T10:16:49","slug":"otras-soluciones-de-senalizacion","status":"publish","type":"page","link":"https:\/\/sabik.com\/es\/senales-ferroviarias\/otras-soluciones-de-senalizacion\/","title":{"rendered":"Otras soluciones de se\u00f1alizaci\u00f3n"},"content":{"rendered":"<div class=\"wpb-content-wrapper\">[vc_row][vc_column width=\u00bb1\/6&#8243;][\/vc_column][vc_column width=\u00bb2\/3&#8243;][vc_column_text el_class=\u00bbingressi\u00bb css=\u00bb.vc_custom_1729157221196{margin-bottom: 0px !important;}\u00bb]\n<h1 style=\"text-align: center;\">Otras soluciones de se\u00f1alizaci\u00f3n<\/h1>\n<p style=\"text-align: center;\">Tambi\u00e9n ofrecemos unidades de se\u00f1alizaci\u00f3n vers\u00e1tiles y personalizables, dise\u00f1adas para satisfacer los requisitos espec\u00edficos de distintos pa\u00edses e industrias. Estas soluciones incorporan una avanzada tecnolog\u00eda LED que garantiza una gran fiabilidad, eficiencia energ\u00e9tica y bajos costos de mantenimiento. Con par\u00e1metros ajustables para una integraci\u00f3n perfecta en diversos sistemas, las se\u00f1ales son adecuadas para una amplia gama de aplicaciones, incluidas las instalaciones subterr\u00e1neas y las espec\u00edficas de cada pa\u00eds. Robustas y flexibles, las soluciones de se\u00f1alizaci\u00f3n de Sabik garantizan un rendimiento \u00f3ptimo en entornos diversos y desafiantes.<\/p>\n[\/vc_column_text][\/vc_column][vc_column width=\u00bb1\/6&#8243;][\/vc_column][\/vc_row][vc_row][vc_column][mk_divider style=\u00bbthin_solid\u00bb margin_top=\u00bb60&#8243; margin_bottom=\u00bb60&#8243;][\/vc_column][\/vc_row][vc_row][vc_column width=\u00bb1\/2&#8243;][vc_column_text el_class=\u00bbingressi\u00bb css=\u00bb.vc_custom_1729064268466{margin-bottom: 0px !important;}\u00bb]\n<h2>Soluciones subterr\u00e1neas<\/h2>\n[\/vc_column_text][\/vc_column][vc_column width=\u00bb1\/2&#8243;][vc_column_text css=\u00bb.vc_custom_1733292290983{margin-bottom: 0px !important;}\u00bb]Sabik ofrece una soluci\u00f3n muy flexible dise\u00f1ada para satisfacer las demandas espec\u00edficas de las aplicaciones de se\u00f1alizaci\u00f3n subterr\u00e1nea. Equipada con las unidades de se\u00f1alizaci\u00f3n inteligentes de 100 mm est\u00e1ndar de Sabik, esta se\u00f1al proporciona un rendimiento fiable y una funci\u00f3n avanzada. La delgada carcasa es personalizable, lo que la hace adaptable a diversas instalaciones subterr\u00e1neas de se\u00f1alizaci\u00f3n.<\/p>\n<p>Las principales caracter\u00edsticas de la se\u00f1al incluyen la generaci\u00f3n de luz mediante 8 LED de alta potencia, lo que garantiza una alta fiabilidad con un bajo consumo de corriente. Tambi\u00e9n dispone de atenuaci\u00f3n nocturna autom\u00e1tica, que se ajusta seg\u00fan la tensi\u00f3n de entrada o los niveles de potencia. El sistema funciona dentro de un amplio rango de tensi\u00f3n de 6,0-14,0 VCA (TRMS), y su exclusiva funci\u00f3n de Prueba de l\u00ednea garantiza una activaci\u00f3n y desactivaci\u00f3n estables de la se\u00f1al, independientemente de la potencia acoplada en la l\u00ednea de se\u00f1al.<\/p>\n<p>Adem\u00e1s, cada LED dispone de un monitoreo \u00f3ptico de estado, mientras que el consumo de energ\u00eda se puede ajustar mediante una resistencia de Carga ficticia. Los numerosos par\u00e1metros ajustables de la se\u00f1al, como el consumo de corriente, los niveles de intensidad luminosa y los retardos de encendido y apagado, aumentan a\u00fan m\u00e1s su versatilidad. Los usuarios pueden acceder a estos ajustes a trav\u00e9s de conexiones IrDA inal\u00e1mbricas o con un cable serial.[\/vc_column_text][\/vc_column][\/vc_row][vc_row][vc_column][mk_padding_divider][\/vc_column][\/vc_row][vc_row][vc_column width=\u00bb1\/2&#8243;][vc_column_text el_class=\u00bbingressi\u00bb css=\u00bb.vc_custom_1729064301353{margin-bottom: 0px !important;}\u00bb]\n<h2>Documentaci\u00f3n del producto<\/h2>\n[\/vc_column_text][\/vc_column][vc_column width=\u00bb1\/2&#8243;][vc_column_text css=\u00bb.vc_custom_1730717190518{margin-bottom: 0px !important;}\u00bb]<a href=\"https:\/\/sabik.com\/wp-content\/uploads\/2024\/10\/sabik_solutions_for_undergrounds.pdf\">Soluciones para subterr\u00e1neos (pdf EN)<\/a>[\/vc_column_text][\/vc_column][\/vc_row][vc_row][vc_column][mk_padding_divider][\/vc_column][\/vc_row][vc_row][vc_column width=\u00bb1\/2&#8243;][vc_column_text animation=\u00bbtop-to-bottom\u00bb css=\u00bb.vc_custom_1729573079014{margin-bottom: 0px !important;}\u00bb]<img loading=\"lazy\" decoding=\"async\" class=\"size-full wp-image-487 aligncenter\" src=\"https:\/\/sabik.com\/wp-content\/uploads\/2024\/10\/other-signalling-solutions.jpg\" alt=\"Other Signalling Solutions\" width=\"400\" height=\"320\" srcset=\"https:\/\/sabik.com\/wp-content\/uploads\/2024\/10\/other-signalling-solutions.jpg 1000w, https:\/\/sabik.com\/wp-content\/uploads\/2024\/10\/other-signalling-solutions-300x240.jpg 300w, https:\/\/sabik.com\/wp-content\/uploads\/2024\/10\/other-signalling-solutions-768x614.jpg 768w, https:\/\/sabik.com\/wp-content\/uploads\/2024\/10\/other-signalling-solutions-600x479.jpg 600w\" sizes=\"auto, (max-width: 400px) 100vw, 400px\" \/>[\/vc_column_text][\/vc_column][vc_column width=\u00bb1\/2&#8243;][vc_column_text animation=\u00bbtop-to-bottom\u00bb css=\u00bb.vc_custom_1729573086545{margin-bottom: 0px !important;}\u00bb]<img loading=\"lazy\" decoding=\"async\" class=\"aligncenter size-full wp-image-521\" src=\"https:\/\/sabik.com\/wp-content\/uploads\/2024\/10\/other-signalling-solutions_2.jpg\" alt=\"Other Signalling Solutions\" width=\"400\" height=\"320\" srcset=\"https:\/\/sabik.com\/wp-content\/uploads\/2024\/10\/other-signalling-solutions_2.jpg 1000w, https:\/\/sabik.com\/wp-content\/uploads\/2024\/10\/other-signalling-solutions_2-300x240.jpg 300w, https:\/\/sabik.com\/wp-content\/uploads\/2024\/10\/other-signalling-solutions_2-768x614.jpg 768w, https:\/\/sabik.com\/wp-content\/uploads\/2024\/10\/other-signalling-solutions_2-600x479.jpg 600w\" sizes=\"auto, (max-width: 400px) 100vw, 400px\" \/>[\/vc_column_text][\/vc_column][\/vc_row][vc_row][vc_column][mk_padding_divider][\/vc_column][\/vc_row][vc_row][vc_column width=\u00bb1\/2&#8243;][vc_column_text el_class=\u00bbingressi\u00bb css=\u00bb.vc_custom_1729064423715{margin-bottom: 0px !important;}\u00bb]\n<h2>Soluciones espec\u00edficas para cada pa\u00eds<\/h2>\n[\/vc_column_text][\/vc_column][vc_column width=\u00bb1\/2&#8243;][vc_column_text css=\u00bb.vc_custom_1729064441953{margin-bottom: 0px !important;}\u00bb]Sabik es un socio fiable y flexible en el desarrollo de productos adaptados a las necesidades espec\u00edficas de cada pa\u00eds. Uno de los \u00faltimos avances es una se\u00f1al desarrollada para cumplir la nueva especificaci\u00f3n finlandesa OJ 2010. Las unidades de se\u00f1alizaci\u00f3n de 100 mm, equipadas con LED de alta potencia, est\u00e1n instaladas en una carcasa alta y delgada especialmente dise\u00f1ada, lo que garantiza su adaptabilidad y fiabilidad en entornos exigentes.<\/p>\n<p>La se\u00f1al cuenta con 8 LED de alta potencia que funcionan con baja corriente para una alta fiabilidad, junto con atenuaci\u00f3n nocturna autom\u00e1tica, ajust\u00e1ndose a la tensi\u00f3n de entrada o a los niveles de potencia. Funciona dentro de un amplio rango de tensi\u00f3n de 6,0-14,0 VCA (TRMS), y la exclusiva funci\u00f3n de prueba de l\u00ednea garantiza la activaci\u00f3n y desactivaci\u00f3n estables de la se\u00f1al, independientemente de la potencia de la l\u00ednea de se\u00f1al.<\/p>\n<p>Cada LED se controla \u00f3pticamente, lo que permite un control de estado en tiempo real, y el consumo de energ\u00eda de la se\u00f1al se puede ajustar utilizando una resistencia de potencia de carga ficticia. La unidad incluye una amplia gama de par\u00e1metros operativos ajustables, como el consumo de corriente en modo diurno y nocturno, los niveles de intensidad luminosa y los retardos de encendido y apagado. Se puede acceder a estos ajustes a trav\u00e9s de una conexi\u00f3n IrDA inal\u00e1mbrica o un cable serial, lo que ofrece una mayor flexibilidad. Adem\u00e1s, dispone de 3 salidas digitales optoaisladas para monitorear el estado de la se\u00f1al, incluidas salidas para se\u00f1al activada, error menor y error mayor, lo que garantiza un monitoreo completo del estado del sistema de se\u00f1al.[\/vc_column_text][\/vc_column][\/vc_row][vc_row][vc_column][mk_padding_divider][\/vc_column][\/vc_row][vc_row][vc_column width=\u00bb1\/2&#8243;][vc_column_text el_class=\u00bbingressi\u00bb css=\u00bb.vc_custom_1729062626036{margin-bottom: 0px !important;}\u00bb]\n<h2>Documentaci\u00f3n del producto<\/h2>\n[\/vc_column_text][\/vc_column][vc_column width=\u00bb1\/2&#8243;][vc_column_text css=\u00bb.vc_custom_1729064456266{margin-bottom: 0px !important;}\u00bb]<a href=\"https:\/\/sabik.com\/wp-content\/uploads\/2024\/10\/sabik_country_specific_solutions.pdf\">Soluciones espec\u00edficas para cada pa\u00eds (pdf EN)<\/a>[\/vc_column_text][\/vc_column][\/vc_row][vc_row][vc_column][mk_divider style=\u00bbthin_solid\u00bb margin_top=\u00bb60&#8243; margin_bottom=\u00bb60&#8243;][\/vc_column][\/vc_row][vc_row][vc_column width=\u00bb1\/2&#8243;][vc_column_text el_class=\u00bbingressi\u00bb css=\u00bb.vc_custom_1729060525441{margin-bottom: 0px !important;}\u00bb]\n<h2>Cont\u00e1ctenos<\/h2>\n[\/vc_column_text][\/vc_column][vc_column width=\u00bb1\/2&#8243;][vc_column_text css=\u00bb.vc_custom_1729060545577{margin-bottom: 0px !important;}\u00bb]\n<h3>SABIK\/SPX Aids to Navigation Oy<\/h3>\n<p><strong>Sebastian \u00d6hman<\/strong><br \/>\nDirector de ventas de ferrocarril y carretera<\/p>\n<p>Tel.: +358 505781509<br \/>\n&#115;&#x65;&#98;&#x61;s&#x74;i&#97;&#x6e;&#46;&#x6f;h&#x6d;a&#110;&#x40;&#115;&#x70;x&#x2e;c&#111;&#x6d;[\/vc_column_text][\/vc_column][\/vc_row]\n<\/div>","protected":false},"excerpt":{"rendered":"<p>[vc_row][vc_column width=\u00bb1\/6&#8243;][\/vc_column][vc_column width=\u00bb2\/3&#8243;][vc_column_text el_class=\u00bbingressi\u00bb css=\u00bb.vc_custom_1729157221196{margin-bottom: 0px !important;}\u00bb] Otras soluciones de se\u00f1alizaci\u00f3n Tambi\u00e9n ofrecemos unidades de se\u00f1alizaci\u00f3n vers\u00e1tiles y personalizables, dise\u00f1adas para satisfacer los requisitos espec\u00edficos de distintos pa\u00edses e industrias. Estas soluciones incorporan una avanzada tecnolog\u00eda LED que garantiza una gran fiabilidad, eficiencia energ\u00e9tica y bajos costos de mantenimiento. Con par\u00e1metros ajustables para una integraci\u00f3n perfecta en diversos sistemas, las se\u00f1ales son adecuadas para una amplia gama de aplicaciones, incluidas las instalaciones subterr\u00e1neas y las espec\u00edficas de cada pa\u00eds. Robustas y flexibles, las soluciones de se\u00f1alizaci\u00f3n de Sabik garantizan un rendimiento \u00f3ptimo en entornos diversos y desafiantes. [\/vc_column_text][\/vc_column][vc_column width=\u00bb1\/6&#8243;][\/vc_column][\/vc_row][vc_row][vc_column][mk_divider style=\u00bbthin_solid\u00bb margin_top=\u00bb60&#8243; margin_bottom=\u00bb60&#8243;][\/vc_column][\/vc_row][vc_row][vc_column width=\u00bb1\/2&#8243;][vc_column_text el_class=\u00bbingressi\u00bb css=\u00bb.vc_custom_1729064268466{margin-bottom: 0px !important;}\u00bb] Soluciones subterr\u00e1neas [\/vc_column_text][\/vc_column][vc_column width=\u00bb1\/2&#8243;][vc_column_text css=\u00bb.vc_custom_1733292290983{margin-bottom: 0px !important;}\u00bb]Sabik ofrece una soluci\u00f3n muy flexible dise\u00f1ada para satisfacer las demandas espec\u00edficas de las aplicaciones de se\u00f1alizaci\u00f3n subterr\u00e1nea. Equipada con las unidades de se\u00f1alizaci\u00f3n inteligentes de 100 mm est\u00e1ndar de Sabik, esta se\u00f1al proporciona un rendimiento fiable [&hellip;]<\/p>\n","protected":false},"author":1,"featured_media":0,"parent":2347,"menu_order":0,"comment_status":"closed","ping_status":"closed","template":"","meta":{"_improvement_type_select":"improve_an_existing","_thumb_yes_seoaic":false,"_frame_yes_seoaic":false,"seoaic_generate_description":"","seoaic_improve_instructions_prompt":"","seoaic_rollback_content_improvement":"","seoaic_idea_thumbnail_generator":"","thumbnail_generated":false,"thumbnail_generate_prompt":"","seoaic_article_description":"","footnotes":""},"class_list":["post-2327","page","type-page","status-publish","hentry"],"yoast_head":"<!-- This site is optimized with the Yoast SEO Premium plugin v26.2 (Yoast SEO v27.4) - https:\/\/yoast.com\/product\/yoast-seo-premium-wordpress\/ -->\n<title>Otras soluciones de se\u00f1alizaci\u00f3n ferroviaria | Sabik<\/title>\n<meta name=\"description\" content=\"Ofrecemos unidades de se\u00f1alizaci\u00f3n personalizables para los requisitos espec\u00edficos de distintos pa\u00edses e industrias, con tecnolog\u00eda LED avanzada.\" \/>\n<meta name=\"robots\" content=\"index, follow, max-snippet:-1, max-image-preview:large, max-video-preview:-1\" \/>\n<link rel=\"canonical\" href=\"https:\/\/sabik.com\/es\/senales-ferroviarias\/otras-soluciones-de-senalizacion\/\" \/>\n<meta property=\"og:locale\" content=\"es_ES\" \/>\n<meta property=\"og:type\" content=\"article\" \/>\n<meta property=\"og:title\" content=\"Otras soluciones de se\u00f1alizaci\u00f3n\" \/>\n<meta property=\"og:description\" content=\"Ofrecemos unidades de se\u00f1alizaci\u00f3n personalizables para los requisitos espec\u00edficos de distintos pa\u00edses e industrias, con tecnolog\u00eda LED avanzada.\" \/>\n<meta property=\"og:url\" content=\"https:\/\/sabik.com\/es\/senales-ferroviarias\/otras-soluciones-de-senalizacion\/\" \/>\n<meta property=\"og:site_name\" content=\"Sabik\" \/>\n<meta property=\"article:modified_time\" content=\"2025-01-20T10:16:49+00:00\" \/>\n<meta property=\"og:image\" content=\"https:\/\/sabik.com\/wp-content\/uploads\/2024\/10\/other-signalling-solutions.jpg\" \/>\n<meta name=\"twitter:card\" content=\"summary_large_image\" \/>\n<meta name=\"twitter:label1\" content=\"Tiempo de lectura\" \/>\n\t<meta name=\"twitter:data1\" content=\"5 minutos\" \/>\n<script type=\"application\/ld+json\" class=\"yoast-schema-graph\">{\"@context\":\"https:\\\/\\\/schema.org\",\"@graph\":[{\"@type\":\"WebPage\",\"@id\":\"https:\\\/\\\/sabik.com\\\/es\\\/senales-ferroviarias\\\/otras-soluciones-de-senalizacion\\\/\",\"url\":\"https:\\\/\\\/sabik.com\\\/es\\\/senales-ferroviarias\\\/otras-soluciones-de-senalizacion\\\/\",\"name\":\"Otras soluciones de se\u00f1alizaci\u00f3n ferroviaria | Sabik\",\"isPartOf\":{\"@id\":\"https:\\\/\\\/sabik.com\\\/#website\"},\"primaryImageOfPage\":{\"@id\":\"https:\\\/\\\/sabik.com\\\/es\\\/senales-ferroviarias\\\/otras-soluciones-de-senalizacion\\\/#primaryimage\"},\"image\":{\"@id\":\"https:\\\/\\\/sabik.com\\\/es\\\/senales-ferroviarias\\\/otras-soluciones-de-senalizacion\\\/#primaryimage\"},\"thumbnailUrl\":\"https:\\\/\\\/sabik.com\\\/wp-content\\\/uploads\\\/2024\\\/10\\\/other-signalling-solutions.jpg\",\"datePublished\":\"2024-10-16T07:41:13+00:00\",\"dateModified\":\"2025-01-20T10:16:49+00:00\",\"description\":\"Ofrecemos unidades de se\u00f1alizaci\u00f3n personalizables para los requisitos espec\u00edficos de distintos pa\u00edses e industrias, con tecnolog\u00eda LED avanzada.\",\"breadcrumb\":{\"@id\":\"https:\\\/\\\/sabik.com\\\/es\\\/senales-ferroviarias\\\/otras-soluciones-de-senalizacion\\\/#breadcrumb\"},\"inLanguage\":\"es\",\"potentialAction\":[{\"@type\":\"ReadAction\",\"target\":[\"https:\\\/\\\/sabik.com\\\/es\\\/senales-ferroviarias\\\/otras-soluciones-de-senalizacion\\\/\"]}]},{\"@type\":\"ImageObject\",\"inLanguage\":\"es\",\"@id\":\"https:\\\/\\\/sabik.com\\\/es\\\/senales-ferroviarias\\\/otras-soluciones-de-senalizacion\\\/#primaryimage\",\"url\":\"https:\\\/\\\/sabik.com\\\/wp-content\\\/uploads\\\/2024\\\/10\\\/other-signalling-solutions.jpg\",\"contentUrl\":\"https:\\\/\\\/sabik.com\\\/wp-content\\\/uploads\\\/2024\\\/10\\\/other-signalling-solutions.jpg\"},{\"@type\":\"BreadcrumbList\",\"@id\":\"https:\\\/\\\/sabik.com\\\/es\\\/senales-ferroviarias\\\/otras-soluciones-de-senalizacion\\\/#breadcrumb\",\"itemListElement\":[{\"@type\":\"ListItem\",\"position\":1,\"name\":\"Home\",\"item\":\"https:\\\/\\\/sabik.com\\\/es\\\/\"},{\"@type\":\"ListItem\",\"position\":2,\"name\":\"Se\u00f1ales ferroviarias\",\"item\":\"https:\\\/\\\/sabik.com\\\/es\\\/senales-ferroviarias\\\/\"},{\"@type\":\"ListItem\",\"position\":3,\"name\":\"Otras soluciones de se\u00f1alizaci\u00f3n\"}]},{\"@type\":\"WebSite\",\"@id\":\"https:\\\/\\\/sabik.com\\\/#website\",\"url\":\"https:\\\/\\\/sabik.com\\\/\",\"name\":\"Sabik\",\"description\":\"Global Leader in Maritime Aids to Navigation\",\"potentialAction\":[{\"@type\":\"SearchAction\",\"target\":{\"@type\":\"EntryPoint\",\"urlTemplate\":\"https:\\\/\\\/sabik.com\\\/?s={search_term_string}\"},\"query-input\":{\"@type\":\"PropertyValueSpecification\",\"valueRequired\":true,\"valueName\":\"search_term_string\"}}],\"inLanguage\":\"es\"}]}<\/script>\n<!-- \/ Yoast SEO Premium plugin. -->","yoast_head_json":{"title":"Otras soluciones de se\u00f1alizaci\u00f3n ferroviaria | Sabik","description":"Ofrecemos unidades de se\u00f1alizaci\u00f3n personalizables para los requisitos espec\u00edficos de distintos pa\u00edses e industrias, con tecnolog\u00eda LED avanzada.","robots":{"index":"index","follow":"follow","max-snippet":"max-snippet:-1","max-image-preview":"max-image-preview:large","max-video-preview":"max-video-preview:-1"},"canonical":"https:\/\/sabik.com\/es\/senales-ferroviarias\/otras-soluciones-de-senalizacion\/","og_locale":"es_ES","og_type":"article","og_title":"Otras soluciones de se\u00f1alizaci\u00f3n","og_description":"Ofrecemos unidades de se\u00f1alizaci\u00f3n personalizables para los requisitos espec\u00edficos de distintos pa\u00edses e industrias, con tecnolog\u00eda LED avanzada.","og_url":"https:\/\/sabik.com\/es\/senales-ferroviarias\/otras-soluciones-de-senalizacion\/","og_site_name":"Sabik","article_modified_time":"2025-01-20T10:16:49+00:00","og_image":[{"url":"https:\/\/sabik.com\/wp-content\/uploads\/2024\/10\/other-signalling-solutions.jpg","type":"","width":"","height":""}],"twitter_card":"summary_large_image","twitter_misc":{"Tiempo de lectura":"5 minutos"},"schema":{"@context":"https:\/\/schema.org","@graph":[{"@type":"WebPage","@id":"https:\/\/sabik.com\/es\/senales-ferroviarias\/otras-soluciones-de-senalizacion\/","url":"https:\/\/sabik.com\/es\/senales-ferroviarias\/otras-soluciones-de-senalizacion\/","name":"Otras soluciones de se\u00f1alizaci\u00f3n ferroviaria | Sabik","isPartOf":{"@id":"https:\/\/sabik.com\/#website"},"primaryImageOfPage":{"@id":"https:\/\/sabik.com\/es\/senales-ferroviarias\/otras-soluciones-de-senalizacion\/#primaryimage"},"image":{"@id":"https:\/\/sabik.com\/es\/senales-ferroviarias\/otras-soluciones-de-senalizacion\/#primaryimage"},"thumbnailUrl":"https:\/\/sabik.com\/wp-content\/uploads\/2024\/10\/other-signalling-solutions.jpg","datePublished":"2024-10-16T07:41:13+00:00","dateModified":"2025-01-20T10:16:49+00:00","description":"Ofrecemos unidades de se\u00f1alizaci\u00f3n personalizables para los requisitos espec\u00edficos de distintos pa\u00edses e industrias, con tecnolog\u00eda LED avanzada.","breadcrumb":{"@id":"https:\/\/sabik.com\/es\/senales-ferroviarias\/otras-soluciones-de-senalizacion\/#breadcrumb"},"inLanguage":"es","potentialAction":[{"@type":"ReadAction","target":["https:\/\/sabik.com\/es\/senales-ferroviarias\/otras-soluciones-de-senalizacion\/"]}]},{"@type":"ImageObject","inLanguage":"es","@id":"https:\/\/sabik.com\/es\/senales-ferroviarias\/otras-soluciones-de-senalizacion\/#primaryimage","url":"https:\/\/sabik.com\/wp-content\/uploads\/2024\/10\/other-signalling-solutions.jpg","contentUrl":"https:\/\/sabik.com\/wp-content\/uploads\/2024\/10\/other-signalling-solutions.jpg"},{"@type":"BreadcrumbList","@id":"https:\/\/sabik.com\/es\/senales-ferroviarias\/otras-soluciones-de-senalizacion\/#breadcrumb","itemListElement":[{"@type":"ListItem","position":1,"name":"Home","item":"https:\/\/sabik.com\/es\/"},{"@type":"ListItem","position":2,"name":"Se\u00f1ales ferroviarias","item":"https:\/\/sabik.com\/es\/senales-ferroviarias\/"},{"@type":"ListItem","position":3,"name":"Otras soluciones de se\u00f1alizaci\u00f3n"}]},{"@type":"WebSite","@id":"https:\/\/sabik.com\/#website","url":"https:\/\/sabik.com\/","name":"Sabik","description":"Global Leader in Maritime Aids to Navigation","potentialAction":[{"@type":"SearchAction","target":{"@type":"EntryPoint","urlTemplate":"https:\/\/sabik.com\/?s={search_term_string}"},"query-input":{"@type":"PropertyValueSpecification","valueRequired":true,"valueName":"search_term_string"}}],"inLanguage":"es"}]}},"_links":{"self":[{"href":"https:\/\/sabik.com\/es\/wp-json\/wp\/v2\/pages\/2327","targetHints":{"allow":["GET"]}}],"collection":[{"href":"https:\/\/sabik.com\/es\/wp-json\/wp\/v2\/pages"}],"about":[{"href":"https:\/\/sabik.com\/es\/wp-json\/wp\/v2\/types\/page"}],"author":[{"embeddable":true,"href":"https:\/\/sabik.com\/es\/wp-json\/wp\/v2\/users\/1"}],"replies":[{"embeddable":true,"href":"https:\/\/sabik.com\/es\/wp-json\/wp\/v2\/comments?post=2327"}],"version-history":[{"count":1,"href":"https:\/\/sabik.com\/es\/wp-json\/wp\/v2\/pages\/2327\/revisions"}],"predecessor-version":[{"id":2330,"href":"https:\/\/sabik.com\/es\/wp-json\/wp\/v2\/pages\/2327\/revisions\/2330"}],"up":[{"embeddable":true,"href":"https:\/\/sabik.com\/es\/wp-json\/wp\/v2\/pages\/2347"}],"wp:attachment":[{"href":"https:\/\/sabik.com\/es\/wp-json\/wp\/v2\/media?parent=2327"}],"curies":[{"name":"wp","href":"https:\/\/api.w.org\/{rel}","templated":true}]}}