{"id":2331,"date":"2024-10-16T10:33:36","date_gmt":"2024-10-16T07:33:36","guid":{"rendered":"https:\/\/sabik.com\/cruces-ferroviarios\/"},"modified":"2025-01-20T12:16:49","modified_gmt":"2025-01-20T10:16:49","slug":"cruces-ferroviarios","status":"publish","type":"page","link":"https:\/\/sabik.com\/es\/senales-ferroviarias\/cruces-ferroviarios\/","title":{"rendered":"Cruces ferroviarios"},"content":{"rendered":"<div class=\"wpb-content-wrapper\">[vc_row][vc_column width=\u00bb1\/6&#8243;][\/vc_column][vc_column width=\u00bb2\/3&#8243;][vc_column_text el_class=\u00bbingressi\u00bb css=\u00bb.vc_custom_1729215533195{margin-bottom: 0px !important;}\u00bb]\n<h1 style=\"text-align: center;\">Cruces ferroviarios<\/h1>\n<p style=\"text-align: center;\"><strong>Se\u00f1ales de tr\u00e1fico<\/strong><br \/>\nLas se\u00f1ales de tr\u00e1fico de Sabik est\u00e1n dise\u00f1adas para adaptarse a las diversas necesidades de los distintos pa\u00edses. Las carcasas son de acero inoxidable, normalmente acabadas en negro mate con la parte trasera amarilla para mayor visibilidad. Estas robustas soluciones ofrecen bajos costos de mantenimiento y est\u00e1n equipadas con se\u00f1ales de 100 mm que funcionan con una tensi\u00f3n de alimentaci\u00f3n de 24 VCC.<\/p>\n<p style=\"text-align: center;\"><strong>Se\u00f1ales ferroviarias<\/strong><br \/>\nNuestras se\u00f1ales ferroviarias presentan un dise\u00f1o de 200 mm que puede instalarse f\u00e1cilmente en carcasas est\u00e1ndar para sem\u00e1foros. Proporcionan un funcionamiento seguro y fiable con unas necesidades de mantenimiento m\u00ednimas. Cada se\u00f1al est\u00e1 equipada con capacidades de autocontrol y salidas de estado, junto con entradas para el control de encendido\/apagado y el ajuste de la intensidad luminosa en dos niveles. Estas se\u00f1ales est\u00e1n dise\u00f1adas para un bajo consumo de energ\u00eda, utilizando una tensi\u00f3n de alimentaci\u00f3n de 24 VCC.<\/p>\n[\/vc_column_text][\/vc_column][vc_column width=\u00bb1\/6&#8243;][\/vc_column][\/vc_row][vc_row][vc_column][mk_divider style=\u00bbthin_solid\u00bb margin_top=\u00bb60&#8243; margin_bottom=\u00bb60&#8243;][\/vc_column][\/vc_row][vc_row][vc_column width=\u00bb1\/2&#8243;][vc_column_text animation=\u00bbtop-to-bottom\u00bb el_class=\u00bbingressi\u00bb css=\u00bb.vc_custom_1729573102120{margin-bottom: 0px !important;}\u00bb]<img loading=\"lazy\" decoding=\"async\" class=\"size-full wp-image-517 aligncenter\" src=\"https:\/\/sabik.com\/wp-content\/uploads\/2024\/10\/road-traffic-signals.jpg\" alt=\"Road Traffic Signals\" width=\"400\" height=\"320\" srcset=\"https:\/\/sabik.com\/wp-content\/uploads\/2024\/10\/road-traffic-signals.jpg 1000w, https:\/\/sabik.com\/wp-content\/uploads\/2024\/10\/road-traffic-signals-300x240.jpg 300w, https:\/\/sabik.com\/wp-content\/uploads\/2024\/10\/road-traffic-signals-768x614.jpg 768w, https:\/\/sabik.com\/wp-content\/uploads\/2024\/10\/road-traffic-signals-600x479.jpg 600w\" sizes=\"auto, (max-width: 400px) 100vw, 400px\" \/>[\/vc_column_text][\/vc_column][vc_column width=\u00bb1\/2&#8243;][vc_column_text el_class=\u00bbingressi\u00bb css=\u00bb.vc_custom_1729063586677{margin-bottom: 0px !important;}\u00bb]\n<h2>Se\u00f1al de sem\u00e1foro vial<\/h2>\n<h3>RCS2\/RCS3<\/h3>\n<ul>\n<li>Mayor seguridad y fiabilidad gracias a los LED de alta calidad<\/li>\n<li>Bajos costos de mantenimiento gracias a la larga vida \u00fatil de los LED<\/li>\n<li>Menor consumo de energ\u00eda comparado con las unidades de se\u00f1alizaci\u00f3n incandescentes tradicionales<\/li>\n<li>Se puede ajustar horizontal y verticalmente<\/li>\n<\/ul>\n[\/vc_column_text][\/vc_column][\/vc_row][vc_row][vc_column][mk_padding_divider][\/vc_column][\/vc_row][vc_row][vc_column width=\u00bb1\/2&#8243;][vc_column_text el_class=\u00bbingressi\u00bb css=\u00bb.vc_custom_1729062553443{margin-bottom: 0px !important;}\u00bb]\n<h2>Informaci\u00f3n sobre el producto<\/h2>\n[\/vc_column_text][\/vc_column][vc_column width=\u00bb1\/2&#8243;][vc_column_text css=\u00bb.vc_custom_1729063630348{margin-bottom: 0px !important;}\u00bb]Las Luces de paso a nivel RCS2\/RCS3 son se\u00f1ales de tr\u00e1fico LED de alto rendimiento dise\u00f1adas espec\u00edficamente para su uso en pasos a nivel en entornos dif\u00edciles de carreteras y ferrocarriles. Ofrece mayor seguridad y fiabilidad en comparaci\u00f3n con las luces de se\u00f1alizaci\u00f3n tradicionales, lo que las convierte en la opci\u00f3n ideal para aplicaciones cr\u00edticas. Las caracter\u00edsticas avanzadas de RCS2\/RCS3 incluyen un dise\u00f1o robusto que garantiza su durabilidad y longevidad, mientras que sus LED de bajo consumo reducen significativamente los costos de mantenimiento y el consumo de energ\u00eda.[\/vc_column_text][\/vc_column][\/vc_row][vc_row][vc_column][mk_padding_divider][\/vc_column][\/vc_row][vc_row][vc_column width=\u00bb1\/2&#8243;][vc_column_text el_class=\u00bbingressi\u00bb css=\u00bb.vc_custom_1729062576042{margin-bottom: 0px !important;}\u00bb]\n<h2>Caracter\u00edsticas del producto<\/h2>\n[\/vc_column_text][\/vc_column][vc_column width=\u00bb1\/2&#8243;][vc_column_text css=\u00bb.vc_custom_1729063643594{margin-bottom: 0px !important;}\u00bb]\n<ul>\n<li>Capacidad de autocontrol con dos salidas optoaisladas que confirman la funci\u00f3n del LED y la activaci\u00f3n de la se\u00f1al<\/li>\n<li>Niveles de intensidad luminosa ajustables para operaciones diurnas y nocturnas<\/li>\n<li>Construcci\u00f3n extremadamente robusta con lente de policarbonato resistente a los rayos UV y cubierta posterior de aluminio<\/li>\n<li>Barra de ajuste horizontal opcional para dos luces tambi\u00e9n disponible<\/li>\n<\/ul>\n[\/vc_column_text][\/vc_column][\/vc_row][vc_row][vc_column][mk_padding_divider][\/vc_column][\/vc_row][vc_row][vc_column width=\u00bb1\/2&#8243;][vc_column_text el_class=\u00bbingressi\u00bb css=\u00bb.vc_custom_1729063659773{margin-bottom: 0px !important;}\u00bb]\n<h2>TRV200<\/h2>\n[\/vc_column_text][\/vc_column][vc_column width=\u00bb1\/2&#8243;][vc_column_text animation=\u00bbtop-to-bottom\u00bb css=\u00bb.vc_custom_1729573109957{margin-bottom: 0px !important;}\u00bb]The TRV 200 light unit can also be purchased separately.<br \/>\n<img loading=\"lazy\" decoding=\"async\" class=\"alignnone size-full wp-image-490\" src=\"https:\/\/sabik.com\/wp-content\/uploads\/2024\/10\/railway-crossings.jpg\" alt=\"Railway Crossings\" width=\"400\" height=\"320\" srcset=\"https:\/\/sabik.com\/wp-content\/uploads\/2024\/10\/railway-crossings.jpg 800w, https:\/\/sabik.com\/wp-content\/uploads\/2024\/10\/railway-crossings-300x240.jpg 300w, https:\/\/sabik.com\/wp-content\/uploads\/2024\/10\/railway-crossings-768x613.jpg 768w, https:\/\/sabik.com\/wp-content\/uploads\/2024\/10\/railway-crossings-600x479.jpg 600w\" sizes=\"auto, (max-width: 400px) 100vw, 400px\" \/>[\/vc_column_text][\/vc_column][\/vc_row][vc_row][vc_column][mk_padding_divider][\/vc_column][\/vc_row][vc_row][vc_column width=\u00bb1\/2&#8243;][vc_column_text el_class=\u00bbingressi\u00bb css=\u00bb.vc_custom_1729062626036{margin-bottom: 0px !important;}\u00bb]\n<h2>Documentaci\u00f3n del producto<\/h2>\n[\/vc_column_text][\/vc_column][vc_column width=\u00bb1\/2&#8243;][vc_column_text css=\u00bb.vc_custom_1729063773136{margin-bottom: 0px !important;}\u00bb]<a href=\"https:\/\/sabik.com\/wp-content\/uploads\/2024\/10\/sabik_trv_200_trv_100.pdf\">Ficha t\u00e9cnica del TRV 200 \/ TRV 100 (pdf EN)<\/a>[\/vc_column_text][\/vc_column][\/vc_row][vc_row][vc_column][mk_divider style=\u00bbthin_solid\u00bb margin_top=\u00bb60&#8243; margin_bottom=\u00bb60&#8243;][\/vc_column][\/vc_row][vc_row][vc_column width=\u00bb1\/2&#8243;][vc_column_text animation=\u00bbtop-to-bottom\u00bb el_class=\u00bbingressi\u00bb css=\u00bb.vc_custom_1729573117845{margin-bottom: 0px !important;}\u00bb]<img loading=\"lazy\" decoding=\"async\" class=\"aligncenter size-full wp-image-516\" src=\"https:\/\/sabik.com\/wp-content\/uploads\/2024\/10\/railway-signals.jpg\" alt=\"\" width=\"400\" height=\"320\" srcset=\"https:\/\/sabik.com\/wp-content\/uploads\/2024\/10\/railway-signals.jpg 1000w, https:\/\/sabik.com\/wp-content\/uploads\/2024\/10\/railway-signals-300x240.jpg 300w, https:\/\/sabik.com\/wp-content\/uploads\/2024\/10\/railway-signals-768x614.jpg 768w, https:\/\/sabik.com\/wp-content\/uploads\/2024\/10\/railway-signals-600x479.jpg 600w\" sizes=\"auto, (max-width: 400px) 100vw, 400px\" \/>[\/vc_column_text][\/vc_column][vc_column width=\u00bb1\/2&#8243;][vc_column_text el_class=\u00bbingressi\u00bb css=\u00bb.vc_custom_1729063850047{margin-bottom: 0px !important;}\u00bb]\n<h2>Cruces ferroviarios<\/h2>\n<h3>RCS100FSS\/RSL100FSS<\/h3>\n<ul>\n<li>Dise\u00f1o personalizable para adaptarse a las distintas necesidades del mercado<\/li>\n<li>Bajos costos de mantenimiento gracias a la carcasa duradera y a los LED de larga duraci\u00f3n<\/li>\n<li>Equipado con dos unidades de se\u00f1alizaci\u00f3n blancas de 24 VCC, con otros colores disponibles bajo pedido<\/li>\n<li>Autocontrol con dos salidas optoaisladas para informaci\u00f3n en tiempo real sobre el estado de la se\u00f1al<\/li>\n<\/ul>\n[\/vc_column_text][\/vc_column][\/vc_row][vc_row][vc_column][mk_padding_divider][\/vc_column][\/vc_row][vc_row][vc_column width=\u00bb1\/2&#8243;][vc_column_text el_class=\u00bbingressi\u00bb css=\u00bb.vc_custom_1729062553443{margin-bottom: 0px !important;}\u00bb]\n<h2>Informaci\u00f3n sobre el producto<\/h2>\n[\/vc_column_text][\/vc_column][vc_column width=\u00bb1\/2&#8243;][vc_column_text css=\u00bb.vc_custom_1729063885146{margin-bottom: 0px !important;}\u00bb]Las se\u00f1ales LED para cruces ferroviarios RCS 100FSS y RSL 100FSS est\u00e1n especialmente dise\u00f1adas para cruces ferroviarios como se\u00f1ales de advertencia fiables para trenes. Estas se\u00f1ales, que no requieren mantenimiento, est\u00e1n equipadas con dos unidades de luz LED blanca, que ofrecen durabilidad y bajos costos operativos. Su dise\u00f1o flexible permite una f\u00e1cil personalizaci\u00f3n para satisfacer los distintos requisitos del mercado, garantizando la compatibilidad con diversos sistemas ferroviarios. La robusta carcasa y la tecnolog\u00eda LED de larga duraci\u00f3n contribuyen adem\u00e1s a reducir los gastos de mantenimiento, mientras que el sistema de autocontrol garantiza un funcionamiento eficaz con informaci\u00f3n en tiempo real sobre el estado de las se\u00f1ales.[\/vc_column_text][\/vc_column][\/vc_row][vc_row][vc_column][mk_padding_divider][\/vc_column][\/vc_row][vc_row][vc_column width=\u00bb1\/2&#8243;][vc_column_text el_class=\u00bbingressi\u00bb css=\u00bb.vc_custom_1729063904910{margin-bottom: 0px !important;}\u00bb]\n<h2>Caracter\u00edsticas del producto<\/h2>\n[\/vc_column_text][\/vc_column][vc_column width=\u00bb1\/2&#8243;][vc_column_text css=\u00bb.vc_custom_1729063915797{margin-bottom: 0px !important;}\u00bb]\n<ul>\n<li>Intensidad luminosa regulable para los modos diurno y nocturno<\/li>\n<li>Dise\u00f1o libre de mantenimiento para un uso prolongado<\/li>\n<li>Rendimiento fiable en entornos ferroviarios dif\u00edciles<\/li>\n<\/ul>\n[\/vc_column_text][\/vc_column][\/vc_row][vc_row][vc_column][mk_padding_divider][\/vc_column][\/vc_row][vc_row][vc_column width=\u00bb1\/2&#8243;][vc_column_text el_class=\u00bbingressi\u00bb css=\u00bb.vc_custom_1729063930466{margin-bottom: 0px !important;}\u00bb]\n<h2>Documentaci\u00f3n del producto<\/h2>\n[\/vc_column_text][\/vc_column][vc_column width=\u00bb1\/2&#8243;][vc_column_text css=\u00bb.vc_custom_1729063944646{margin-bottom: 0px !important;}\u00bb]<a href=\"https:\/\/sabik.com\/wp-content\/uploads\/2024\/10\/sabik_rcs_100_fss_rls_100_fss.pdf\">Ficha t\u00e9cnica del RCS 100 FSS \/ RLS 100 FSS (pdf)<\/a>[\/vc_column_text][\/vc_column][\/vc_row][vc_row][vc_column][mk_divider style=\u00bbthin_solid\u00bb margin_top=\u00bb60&#8243; margin_bottom=\u00bb60&#8243;][\/vc_column][\/vc_row][vc_row][vc_column width=\u00bb1\/2&#8243;][vc_column_text el_class=\u00bbingressi\u00bb css=\u00bb.vc_custom_1729060525441{margin-bottom: 0px !important;}\u00bb]\n<h2>Cont\u00e1ctenos<\/h2>\n[\/vc_column_text][\/vc_column][vc_column width=\u00bb1\/2&#8243;][vc_column_text css=\u00bb.vc_custom_1729060545577{margin-bottom: 0px !important;}\u00bb]\n<h3>SABIK\/SPX Aids to Navigation Oy<\/h3>\n<p><strong>Sebastian \u00d6hman<\/strong><br \/>\nDirector de ventas de ferrocarril y carretera<\/p>\n<p>Tel.: +358 505781509<br \/>\n&#x73;&#x65;&#98;a&#x73;&#x74;&#x69;&#97;n&#x2e;&#x6f;&#x68;&#109;a&#x6e;&#x40;&#x73;&#112;x&#x2e;&#x63;&#x6f;&#109;[\/vc_column_text][\/vc_column][\/vc_row]\n<\/div>","protected":false},"excerpt":{"rendered":"<p>[vc_row][vc_column width=\u00bb1\/6&#8243;][\/vc_column][vc_column width=\u00bb2\/3&#8243;][vc_column_text el_class=\u00bbingressi\u00bb css=\u00bb.vc_custom_1729215533195{margin-bottom: 0px !important;}\u00bb] Cruces ferroviarios Se\u00f1ales de tr\u00e1fico Las se\u00f1ales de tr\u00e1fico de Sabik est\u00e1n dise\u00f1adas para adaptarse a las diversas necesidades de los distintos pa\u00edses. Las carcasas son de acero inoxidable, normalmente acabadas en negro mate con la parte trasera amarilla para mayor visibilidad. Estas robustas soluciones ofrecen bajos costos de mantenimiento y est\u00e1n equipadas con se\u00f1ales de 100 mm que funcionan con una tensi\u00f3n de alimentaci\u00f3n de 24 VCC. Se\u00f1ales ferroviarias Nuestras se\u00f1ales ferroviarias presentan un dise\u00f1o de 200 mm que puede instalarse f\u00e1cilmente en carcasas est\u00e1ndar para sem\u00e1foros. Proporcionan un funcionamiento seguro y fiable con unas necesidades de mantenimiento m\u00ednimas. Cada se\u00f1al est\u00e1 equipada con capacidades de autocontrol y salidas de estado, junto con entradas para el control de encendido\/apagado y el ajuste de la intensidad luminosa en dos niveles. Estas se\u00f1ales est\u00e1n dise\u00f1adas para un bajo consumo de energ\u00eda, utilizando una tensi\u00f3n [&hellip;]<\/p>\n","protected":false},"author":1,"featured_media":0,"parent":2347,"menu_order":0,"comment_status":"closed","ping_status":"closed","template":"","meta":{"_improvement_type_select":"improve_an_existing","_thumb_yes_seoaic":false,"_frame_yes_seoaic":false,"seoaic_generate_description":"","seoaic_improve_instructions_prompt":"","seoaic_rollback_content_improvement":"","seoaic_idea_thumbnail_generator":"","thumbnail_generated":false,"thumbnail_generate_prompt":"","seoaic_article_description":"","footnotes":""},"class_list":["post-2331","page","type-page","status-publish","hentry"],"yoast_head":"<!-- This site is optimized with the Yoast SEO Premium plugin v26.2 (Yoast SEO v27.4) - https:\/\/yoast.com\/product\/yoast-seo-premium-wordpress\/ -->\n<title>Cruces ferroviarios | Sabik%<\/title>\n<meta name=\"description\" content=\"Los cruces ferroviarios de Sabik se adaptan a las diversas necesidades de los distintos pa\u00edses y pueden instalarse f\u00e1cilmente en carcasas est\u00e1ndar para sem\u00e1foros.\" \/>\n<meta name=\"robots\" content=\"index, follow, max-snippet:-1, max-image-preview:large, max-video-preview:-1\" \/>\n<link rel=\"canonical\" href=\"https:\/\/sabik.com\/es\/senales-ferroviarias\/cruces-ferroviarios\/\" \/>\n<meta property=\"og:locale\" content=\"es_ES\" \/>\n<meta property=\"og:type\" content=\"article\" \/>\n<meta property=\"og:title\" content=\"Cruces ferroviarios\" \/>\n<meta property=\"og:description\" content=\"Los cruces ferroviarios de Sabik se adaptan a las diversas necesidades de los distintos pa\u00edses y pueden instalarse f\u00e1cilmente en carcasas est\u00e1ndar para sem\u00e1foros.\" \/>\n<meta property=\"og:url\" content=\"https:\/\/sabik.com\/es\/senales-ferroviarias\/cruces-ferroviarios\/\" \/>\n<meta property=\"og:site_name\" content=\"Sabik\" \/>\n<meta property=\"article:modified_time\" content=\"2025-01-20T10:16:49+00:00\" \/>\n<meta property=\"og:image\" content=\"https:\/\/sabik.com\/wp-content\/uploads\/2024\/10\/road-traffic-signals.jpg\" \/>\n<meta name=\"twitter:card\" content=\"summary_large_image\" \/>\n<meta name=\"twitter:label1\" content=\"Tiempo de lectura\" \/>\n\t<meta name=\"twitter:data1\" content=\"6 minutos\" \/>\n<script type=\"application\/ld+json\" class=\"yoast-schema-graph\">{\"@context\":\"https:\\\/\\\/schema.org\",\"@graph\":[{\"@type\":\"WebPage\",\"@id\":\"https:\\\/\\\/sabik.com\\\/es\\\/senales-ferroviarias\\\/cruces-ferroviarios\\\/\",\"url\":\"https:\\\/\\\/sabik.com\\\/es\\\/senales-ferroviarias\\\/cruces-ferroviarios\\\/\",\"name\":\"Cruces ferroviarios | Sabik%\",\"isPartOf\":{\"@id\":\"https:\\\/\\\/sabik.com\\\/#website\"},\"primaryImageOfPage\":{\"@id\":\"https:\\\/\\\/sabik.com\\\/es\\\/senales-ferroviarias\\\/cruces-ferroviarios\\\/#primaryimage\"},\"image\":{\"@id\":\"https:\\\/\\\/sabik.com\\\/es\\\/senales-ferroviarias\\\/cruces-ferroviarios\\\/#primaryimage\"},\"thumbnailUrl\":\"https:\\\/\\\/sabik.com\\\/wp-content\\\/uploads\\\/2024\\\/10\\\/road-traffic-signals.jpg\",\"datePublished\":\"2024-10-16T07:33:36+00:00\",\"dateModified\":\"2025-01-20T10:16:49+00:00\",\"description\":\"Los cruces ferroviarios de Sabik se adaptan a las diversas necesidades de los distintos pa\u00edses y pueden instalarse f\u00e1cilmente en carcasas est\u00e1ndar para sem\u00e1foros.\",\"breadcrumb\":{\"@id\":\"https:\\\/\\\/sabik.com\\\/es\\\/senales-ferroviarias\\\/cruces-ferroviarios\\\/#breadcrumb\"},\"inLanguage\":\"es\",\"potentialAction\":[{\"@type\":\"ReadAction\",\"target\":[\"https:\\\/\\\/sabik.com\\\/es\\\/senales-ferroviarias\\\/cruces-ferroviarios\\\/\"]}]},{\"@type\":\"ImageObject\",\"inLanguage\":\"es\",\"@id\":\"https:\\\/\\\/sabik.com\\\/es\\\/senales-ferroviarias\\\/cruces-ferroviarios\\\/#primaryimage\",\"url\":\"https:\\\/\\\/sabik.com\\\/wp-content\\\/uploads\\\/2024\\\/10\\\/road-traffic-signals.jpg\",\"contentUrl\":\"https:\\\/\\\/sabik.com\\\/wp-content\\\/uploads\\\/2024\\\/10\\\/road-traffic-signals.jpg\"},{\"@type\":\"BreadcrumbList\",\"@id\":\"https:\\\/\\\/sabik.com\\\/es\\\/senales-ferroviarias\\\/cruces-ferroviarios\\\/#breadcrumb\",\"itemListElement\":[{\"@type\":\"ListItem\",\"position\":1,\"name\":\"Home\",\"item\":\"https:\\\/\\\/sabik.com\\\/es\\\/\"},{\"@type\":\"ListItem\",\"position\":2,\"name\":\"Se\u00f1ales ferroviarias\",\"item\":\"https:\\\/\\\/sabik.com\\\/es\\\/senales-ferroviarias\\\/\"},{\"@type\":\"ListItem\",\"position\":3,\"name\":\"Cruces ferroviarios\"}]},{\"@type\":\"WebSite\",\"@id\":\"https:\\\/\\\/sabik.com\\\/#website\",\"url\":\"https:\\\/\\\/sabik.com\\\/\",\"name\":\"Sabik\",\"description\":\"Global Leader in Maritime Aids to Navigation\",\"potentialAction\":[{\"@type\":\"SearchAction\",\"target\":{\"@type\":\"EntryPoint\",\"urlTemplate\":\"https:\\\/\\\/sabik.com\\\/?s={search_term_string}\"},\"query-input\":{\"@type\":\"PropertyValueSpecification\",\"valueRequired\":true,\"valueName\":\"search_term_string\"}}],\"inLanguage\":\"es\"}]}<\/script>\n<!-- \/ Yoast SEO Premium plugin. -->","yoast_head_json":{"title":"Cruces ferroviarios | Sabik%","description":"Los cruces ferroviarios de Sabik se adaptan a las diversas necesidades de los distintos pa\u00edses y pueden instalarse f\u00e1cilmente en carcasas est\u00e1ndar para sem\u00e1foros.","robots":{"index":"index","follow":"follow","max-snippet":"max-snippet:-1","max-image-preview":"max-image-preview:large","max-video-preview":"max-video-preview:-1"},"canonical":"https:\/\/sabik.com\/es\/senales-ferroviarias\/cruces-ferroviarios\/","og_locale":"es_ES","og_type":"article","og_title":"Cruces ferroviarios","og_description":"Los cruces ferroviarios de Sabik se adaptan a las diversas necesidades de los distintos pa\u00edses y pueden instalarse f\u00e1cilmente en carcasas est\u00e1ndar para sem\u00e1foros.","og_url":"https:\/\/sabik.com\/es\/senales-ferroviarias\/cruces-ferroviarios\/","og_site_name":"Sabik","article_modified_time":"2025-01-20T10:16:49+00:00","og_image":[{"url":"https:\/\/sabik.com\/wp-content\/uploads\/2024\/10\/road-traffic-signals.jpg","type":"","width":"","height":""}],"twitter_card":"summary_large_image","twitter_misc":{"Tiempo de lectura":"6 minutos"},"schema":{"@context":"https:\/\/schema.org","@graph":[{"@type":"WebPage","@id":"https:\/\/sabik.com\/es\/senales-ferroviarias\/cruces-ferroviarios\/","url":"https:\/\/sabik.com\/es\/senales-ferroviarias\/cruces-ferroviarios\/","name":"Cruces ferroviarios | Sabik%","isPartOf":{"@id":"https:\/\/sabik.com\/#website"},"primaryImageOfPage":{"@id":"https:\/\/sabik.com\/es\/senales-ferroviarias\/cruces-ferroviarios\/#primaryimage"},"image":{"@id":"https:\/\/sabik.com\/es\/senales-ferroviarias\/cruces-ferroviarios\/#primaryimage"},"thumbnailUrl":"https:\/\/sabik.com\/wp-content\/uploads\/2024\/10\/road-traffic-signals.jpg","datePublished":"2024-10-16T07:33:36+00:00","dateModified":"2025-01-20T10:16:49+00:00","description":"Los cruces ferroviarios de Sabik se adaptan a las diversas necesidades de los distintos pa\u00edses y pueden instalarse f\u00e1cilmente en carcasas est\u00e1ndar para sem\u00e1foros.","breadcrumb":{"@id":"https:\/\/sabik.com\/es\/senales-ferroviarias\/cruces-ferroviarios\/#breadcrumb"},"inLanguage":"es","potentialAction":[{"@type":"ReadAction","target":["https:\/\/sabik.com\/es\/senales-ferroviarias\/cruces-ferroviarios\/"]}]},{"@type":"ImageObject","inLanguage":"es","@id":"https:\/\/sabik.com\/es\/senales-ferroviarias\/cruces-ferroviarios\/#primaryimage","url":"https:\/\/sabik.com\/wp-content\/uploads\/2024\/10\/road-traffic-signals.jpg","contentUrl":"https:\/\/sabik.com\/wp-content\/uploads\/2024\/10\/road-traffic-signals.jpg"},{"@type":"BreadcrumbList","@id":"https:\/\/sabik.com\/es\/senales-ferroviarias\/cruces-ferroviarios\/#breadcrumb","itemListElement":[{"@type":"ListItem","position":1,"name":"Home","item":"https:\/\/sabik.com\/es\/"},{"@type":"ListItem","position":2,"name":"Se\u00f1ales ferroviarias","item":"https:\/\/sabik.com\/es\/senales-ferroviarias\/"},{"@type":"ListItem","position":3,"name":"Cruces ferroviarios"}]},{"@type":"WebSite","@id":"https:\/\/sabik.com\/#website","url":"https:\/\/sabik.com\/","name":"Sabik","description":"Global Leader in Maritime Aids to Navigation","potentialAction":[{"@type":"SearchAction","target":{"@type":"EntryPoint","urlTemplate":"https:\/\/sabik.com\/?s={search_term_string}"},"query-input":{"@type":"PropertyValueSpecification","valueRequired":true,"valueName":"search_term_string"}}],"inLanguage":"es"}]}},"_links":{"self":[{"href":"https:\/\/sabik.com\/es\/wp-json\/wp\/v2\/pages\/2331","targetHints":{"allow":["GET"]}}],"collection":[{"href":"https:\/\/sabik.com\/es\/wp-json\/wp\/v2\/pages"}],"about":[{"href":"https:\/\/sabik.com\/es\/wp-json\/wp\/v2\/types\/page"}],"author":[{"embeddable":true,"href":"https:\/\/sabik.com\/es\/wp-json\/wp\/v2\/users\/1"}],"replies":[{"embeddable":true,"href":"https:\/\/sabik.com\/es\/wp-json\/wp\/v2\/comments?post=2331"}],"version-history":[{"count":1,"href":"https:\/\/sabik.com\/es\/wp-json\/wp\/v2\/pages\/2331\/revisions"}],"predecessor-version":[{"id":2334,"href":"https:\/\/sabik.com\/es\/wp-json\/wp\/v2\/pages\/2331\/revisions\/2334"}],"up":[{"embeddable":true,"href":"https:\/\/sabik.com\/es\/wp-json\/wp\/v2\/pages\/2347"}],"wp:attachment":[{"href":"https:\/\/sabik.com\/es\/wp-json\/wp\/v2\/media?parent=2331"}],"curies":[{"name":"wp","href":"https:\/\/api.w.org\/{rel}","templated":true}]}}