{"id":2335,"date":"2024-10-16T10:19:29","date_gmt":"2024-10-16T07:19:29","guid":{"rendered":"https:\/\/sabik.com\/senales-de-maniobra\/"},"modified":"2025-01-20T12:16:49","modified_gmt":"2025-01-20T10:16:49","slug":"senales-de-maniobra","status":"publish","type":"page","link":"https:\/\/sabik.com\/es\/senales-ferroviarias\/senales-de-maniobra\/","title":{"rendered":"Se\u00f1ales de maniobra"},"content":{"rendered":"<div class=\"wpb-content-wrapper\">[vc_row][vc_column width=\u00bb1\/6&#8243;][\/vc_column][vc_column width=\u00bb2\/3&#8243;][vc_column_text el_class=\u00bbingressi\u00bb css=\u00bb.vc_custom_1729215562965{margin-bottom: 0px !important;}\u00bb]\n<h1 style=\"text-align: center;\">Se\u00f1ales de maniobra<\/h1>\n<p style=\"text-align: center;\">Las se\u00f1ales de maniobra de Sabik est\u00e1n dise\u00f1adas pensando en la versatilidad, lo que permite adaptarlas f\u00e1cilmente a los requisitos espec\u00edficos de cada pa\u00eds. Con una robusta carcasa de acero inoxidable y acabado en negro mate, estas se\u00f1ales ofrecen gran durabilidad en entornos exigentes. Equipadas con tecnolog\u00eda LED de alta potencia, ofrecen flexibilidad en t\u00e9rminos de intensidad luminosa, anchura del haz y color, garantizando un rendimiento fiable adaptado a las distintas necesidades operativas.<\/p>\n[\/vc_column_text][\/vc_column][vc_column width=\u00bb1\/6&#8243;][\/vc_column][\/vc_row][vc_row][vc_column][mk_divider style=\u00bbthin_solid\u00bb margin_top=\u00bb60&#8243; margin_bottom=\u00bb60&#8243;][\/vc_column][\/vc_row][vc_row][vc_column width=\u00bb1\/2&#8243;][vc_column_text animation=\u00bbtop-to-bottom\u00bb el_class=\u00bbingressi\u00bb css=\u00bb.vc_custom_1729573148345{margin-bottom: 0px !important;}\u00bb]<img loading=\"lazy\" decoding=\"async\" class=\"size-full wp-image-488 aligncenter\" src=\"https:\/\/sabik.com\/wp-content\/uploads\/2024\/10\/shunting-signals.jpg\" alt=\"Shunting Signals\" width=\"400\" height=\"320\" srcset=\"https:\/\/sabik.com\/wp-content\/uploads\/2024\/10\/shunting-signals.jpg 1000w, https:\/\/sabik.com\/wp-content\/uploads\/2024\/10\/shunting-signals-300x240.jpg 300w, https:\/\/sabik.com\/wp-content\/uploads\/2024\/10\/shunting-signals-768x614.jpg 768w, https:\/\/sabik.com\/wp-content\/uploads\/2024\/10\/shunting-signals-600x479.jpg 600w\" sizes=\"auto, (max-width: 400px) 100vw, 400px\" \/>[\/vc_column_text][\/vc_column][vc_column width=\u00bb1\/2&#8243;][mk_padding_divider visibility=\u00bbhidden-sm\u00bb][vc_column_text el_class=\u00bbingressi\u00bb css=\u00bb.vc_custom_1729062974805{margin-bottom: 0px !important;}\u00bb]\n<h2>RSSL100<\/h2>\n<ul>\n<li>Generaci\u00f3n de luz con 8 LED de alta potencia que utilizan baja corriente para mejorar la fiabilidad<\/li>\n<li>Atenuaci\u00f3n nocturna autom\u00e1tica en funci\u00f3n de la tensi\u00f3n de entrada o los niveles de potencia<\/li>\n<li>Amplio rango de tensi\u00f3n de funcionamiento de 6,0-14,0 VCA<\/li>\n<li>Prueba de l\u00ednea \u00fanica para un rendimiento estable de encendido\/apagado, independientemente de las variaciones de potencia<\/li>\n<\/ul>\n[\/vc_column_text][\/vc_column][\/vc_row][vc_row][vc_column][mk_padding_divider][\/vc_column][\/vc_row][vc_row][vc_column width=\u00bb1\/2&#8243;][vc_column_text el_class=\u00bbingressi\u00bb css=\u00bb.vc_custom_1729062553443{margin-bottom: 0px !important;}\u00bb]\n<h2>Informaci\u00f3n sobre el producto<\/h2>\n[\/vc_column_text][\/vc_column][vc_column width=\u00bb1\/2&#8243;][vc_column_text css=\u00bb.vc_custom_1729063010640{margin-bottom: 0px !important;}\u00bb]La RSSL 100.12 es la se\u00f1al de maniobra de \u00faltima generaci\u00f3n de Sabik, equipada con avanzadas y unidades LED de alta potencia dise\u00f1adas para ofrecer una alta fiabilidad. La carcasa de la se\u00f1al est\u00e1 fabricada en acero inoxidable con un acabado en negro mate, que proporciona durabilidad y una est\u00e9tica moderna. La RSSL 100 puede adaptarse f\u00e1cilmente a las distintas especificaciones del mercado, y su innovadora arquitectura de unidad luminosa garantiza un funcionamiento seguro y eficaz en diversos sistemas de interconexi\u00f3n y condiciones ambientales, como el tipo de cable, la longitud y las especificaciones del transformador de se\u00f1al.[\/vc_column_text][\/vc_column][\/vc_row][vc_row][vc_column][mk_padding_divider][\/vc_column][\/vc_row][vc_row][vc_column width=\u00bb1\/2&#8243;][vc_column_text el_class=\u00bbingressi\u00bb css=\u00bb.vc_custom_1729062576042{margin-bottom: 0px !important;}\u00bb]\n<h2>Caracter\u00edsticas del producto<\/h2>\n[\/vc_column_text][\/vc_column][vc_column width=\u00bb1\/2&#8243;][vc_column_text css=\u00bb.vc_custom_1729063025259{margin-bottom: 0px !important;}\u00bb]\n<ul>\n<li>Control \u00f3ptico de estado para monitorear individualmente cada LED<\/li>\n<li>Consumo de energ\u00eda ajustable mediante una resistencia de Carga ficticia<\/li>\n<li>Diversos par\u00e1metros de funcionamiento adaptables, como el consumo de corriente, la intensidad luminosa y los retardos de encendido y apagado<\/li>\n<li>Conexi\u00f3n inal\u00e1mbrica IrDA o por cable serial para acceder a los par\u00e1metros del sistema y modificarlos<\/li>\n<\/ul>\n[\/vc_column_text][\/vc_column][\/vc_row][vc_row][vc_column][mk_padding_divider][\/vc_column][\/vc_row][vc_row][vc_column width=\u00bb1\/2&#8243;][vc_column_text el_class=\u00bbingressi\u00bb css=\u00bb.vc_custom_1729062626036{margin-bottom: 0px !important;}\u00bb]\n<h2>Documentaci\u00f3n del producto<\/h2>\n[\/vc_column_text][\/vc_column][vc_column width=\u00bb1\/2&#8243;][vc_column_text css=\u00bb.vc_custom_1730704266973{margin-bottom: 0px !important;}\u00bb]<a href=\"https:\/\/sabik.com\/wp-content\/uploads\/2024\/10\/sabik_rssl100.pdf\">Ficha t\u00e9cnica del RSSL100 (pdf EN)<\/a>[\/vc_column_text][\/vc_column][\/vc_row][vc_row][vc_column][mk_padding_divider][\/vc_column][\/vc_row][vc_row animation=\u00bbtop-to-bottom\u00bb][vc_column][mk_gallery images=\u00bb512&#8243; column=\u00bb1&#8243; image_size=\u00bbfull\u00bb hover_scenarios=\u00bbslow_zoom\u00bb item_spacing=\u00bb0&#8243; margin_bottom=\u00bb0&#8243;][\/vc_column][\/vc_row][vc_row][vc_column][mk_divider style=\u00bbthin_solid\u00bb margin_top=\u00bb60&#8243; margin_bottom=\u00bb60&#8243;][\/vc_column][\/vc_row][vc_row][vc_column width=\u00bb1\/2&#8243;][vc_column_text el_class=\u00bbingressi\u00bb css=\u00bb.vc_custom_1729060525441{margin-bottom: 0px !important;}\u00bb]\n<h2>Cont\u00e1ctenos<\/h2>\n[\/vc_column_text][\/vc_column][vc_column width=\u00bb1\/2&#8243;][vc_column_text css=\u00bb.vc_custom_1729060545577{margin-bottom: 0px !important;}\u00bb]\n<h3>SABIK\/SPX Aids to Navigation Oy<\/h3>\n<p><strong>Sebastian \u00d6hman<\/strong><br \/>\nDirector de ventas de ferrocarril y carretera<\/p>\n<p>Tel.: +358 505781509<br \/>\n&#115;&#x65;&#98;&#x61;&#115;&#x74;&#105;&#x61;&#110;&#x2e;&#111;&#x68;&#109;&#x61;&#110;&#x40;&#115;&#x70;&#120;&#x2e;&#99;&#x6f;&#109;[\/vc_column_text][\/vc_column][\/vc_row]\n<\/div>","protected":false},"excerpt":{"rendered":"<p>[vc_row][vc_column width=\u00bb1\/6&#8243;][\/vc_column][vc_column width=\u00bb2\/3&#8243;][vc_column_text el_class=\u00bbingressi\u00bb css=\u00bb.vc_custom_1729215562965{margin-bottom: 0px !important;}\u00bb] Se\u00f1ales de maniobra Las se\u00f1ales de maniobra de Sabik est\u00e1n dise\u00f1adas pensando en la versatilidad, lo que permite adaptarlas f\u00e1cilmente a los requisitos espec\u00edficos de cada pa\u00eds. Con una robusta carcasa de acero inoxidable y acabado en negro mate, estas se\u00f1ales ofrecen gran durabilidad en entornos exigentes. Equipadas con tecnolog\u00eda LED de alta potencia, ofrecen flexibilidad en t\u00e9rminos de intensidad luminosa, anchura del haz y color, garantizando un rendimiento fiable adaptado a las distintas necesidades operativas. [\/vc_column_text][\/vc_column][vc_column width=\u00bb1\/6&#8243;][\/vc_column][\/vc_row][vc_row][vc_column][mk_divider style=\u00bbthin_solid\u00bb margin_top=\u00bb60&#8243; margin_bottom=\u00bb60&#8243;][\/vc_column][\/vc_row][vc_row][vc_column width=\u00bb1\/2&#8243;][vc_column_text animation=\u00bbtop-to-bottom\u00bb el_class=\u00bbingressi\u00bb css=\u00bb.vc_custom_1729573148345{margin-bottom: 0px !important;}\u00bb][\/vc_column_text][\/vc_column][vc_column width=\u00bb1\/2&#8243;][mk_padding_divider visibility=\u00bbhidden-sm\u00bb][vc_column_text el_class=\u00bbingressi\u00bb css=\u00bb.vc_custom_1729062974805{margin-bottom: 0px !important;}\u00bb] RSSL100 Generaci\u00f3n de luz con 8 LED de alta potencia que utilizan baja corriente para mejorar la fiabilidad Atenuaci\u00f3n nocturna autom\u00e1tica en funci\u00f3n de la tensi\u00f3n de entrada o los niveles de potencia Amplio rango de tensi\u00f3n de funcionamiento de 6,0-14,0 VCA Prueba de l\u00ednea \u00fanica para un rendimiento estable [&hellip;]<\/p>\n","protected":false},"author":1,"featured_media":0,"parent":2347,"menu_order":0,"comment_status":"closed","ping_status":"closed","template":"","meta":{"_improvement_type_select":"improve_an_existing","_thumb_yes_seoaic":false,"_frame_yes_seoaic":false,"seoaic_generate_description":"","seoaic_improve_instructions_prompt":"","seoaic_rollback_content_improvement":"","seoaic_idea_thumbnail_generator":"","thumbnail_generated":false,"thumbnail_generate_prompt":"","seoaic_article_description":"","footnotes":""},"class_list":["post-2335","page","type-page","status-publish","hentry"],"yoast_head":"<!-- This site is optimized with the Yoast SEO Premium plugin v26.2 (Yoast SEO v27.3) - https:\/\/yoast.com\/product\/yoast-seo-premium-wordpress\/ -->\n<title>Se\u00f1ales de maniobra | Sabik<\/title>\n<meta name=\"description\" content=\"Las se\u00f1ales de maniobra son f\u00e1ciles de adaptar a los requisitos espec\u00edficos de cada pa\u00eds y ofrecen gran durabilidad en entornos exigentes.\" \/>\n<meta name=\"robots\" content=\"index, follow, max-snippet:-1, max-image-preview:large, max-video-preview:-1\" \/>\n<link rel=\"canonical\" href=\"https:\/\/sabik.com\/es\/senales-ferroviarias\/senales-de-maniobra\/\" \/>\n<meta property=\"og:locale\" content=\"es_ES\" \/>\n<meta property=\"og:type\" content=\"article\" \/>\n<meta property=\"og:title\" content=\"Se\u00f1ales de maniobra\" \/>\n<meta property=\"og:description\" content=\"Las se\u00f1ales de maniobra son f\u00e1ciles de adaptar a los requisitos espec\u00edficos de cada pa\u00eds y ofrecen gran durabilidad en entornos exigentes.\" \/>\n<meta property=\"og:url\" content=\"https:\/\/sabik.com\/es\/senales-ferroviarias\/senales-de-maniobra\/\" \/>\n<meta property=\"og:site_name\" content=\"Sabik\" \/>\n<meta property=\"article:modified_time\" content=\"2025-01-20T10:16:49+00:00\" \/>\n<meta property=\"og:image\" content=\"https:\/\/sabik.com\/wp-content\/uploads\/2024\/10\/shunting-signals.jpg\" \/>\n<meta name=\"twitter:card\" content=\"summary_large_image\" \/>\n<meta name=\"twitter:label1\" content=\"Tiempo de lectura\" \/>\n\t<meta name=\"twitter:data1\" content=\"4 minutos\" \/>\n<script type=\"application\/ld+json\" class=\"yoast-schema-graph\">{\"@context\":\"https:\\\/\\\/schema.org\",\"@graph\":[{\"@type\":\"WebPage\",\"@id\":\"https:\\\/\\\/sabik.com\\\/es\\\/senales-ferroviarias\\\/senales-de-maniobra\\\/\",\"url\":\"https:\\\/\\\/sabik.com\\\/es\\\/senales-ferroviarias\\\/senales-de-maniobra\\\/\",\"name\":\"Se\u00f1ales de maniobra | Sabik\",\"isPartOf\":{\"@id\":\"https:\\\/\\\/sabik.com\\\/#website\"},\"primaryImageOfPage\":{\"@id\":\"https:\\\/\\\/sabik.com\\\/es\\\/senales-ferroviarias\\\/senales-de-maniobra\\\/#primaryimage\"},\"image\":{\"@id\":\"https:\\\/\\\/sabik.com\\\/es\\\/senales-ferroviarias\\\/senales-de-maniobra\\\/#primaryimage\"},\"thumbnailUrl\":\"https:\\\/\\\/sabik.com\\\/wp-content\\\/uploads\\\/2024\\\/10\\\/shunting-signals.jpg\",\"datePublished\":\"2024-10-16T07:19:29+00:00\",\"dateModified\":\"2025-01-20T10:16:49+00:00\",\"description\":\"Las se\u00f1ales de maniobra son f\u00e1ciles de adaptar a los requisitos espec\u00edficos de cada pa\u00eds y ofrecen gran durabilidad en entornos exigentes.\",\"breadcrumb\":{\"@id\":\"https:\\\/\\\/sabik.com\\\/es\\\/senales-ferroviarias\\\/senales-de-maniobra\\\/#breadcrumb\"},\"inLanguage\":\"es\",\"potentialAction\":[{\"@type\":\"ReadAction\",\"target\":[\"https:\\\/\\\/sabik.com\\\/es\\\/senales-ferroviarias\\\/senales-de-maniobra\\\/\"]}]},{\"@type\":\"ImageObject\",\"inLanguage\":\"es\",\"@id\":\"https:\\\/\\\/sabik.com\\\/es\\\/senales-ferroviarias\\\/senales-de-maniobra\\\/#primaryimage\",\"url\":\"https:\\\/\\\/sabik.com\\\/wp-content\\\/uploads\\\/2024\\\/10\\\/shunting-signals.jpg\",\"contentUrl\":\"https:\\\/\\\/sabik.com\\\/wp-content\\\/uploads\\\/2024\\\/10\\\/shunting-signals.jpg\"},{\"@type\":\"BreadcrumbList\",\"@id\":\"https:\\\/\\\/sabik.com\\\/es\\\/senales-ferroviarias\\\/senales-de-maniobra\\\/#breadcrumb\",\"itemListElement\":[{\"@type\":\"ListItem\",\"position\":1,\"name\":\"Home\",\"item\":\"https:\\\/\\\/sabik.com\\\/es\\\/\"},{\"@type\":\"ListItem\",\"position\":2,\"name\":\"Se\u00f1ales ferroviarias\",\"item\":\"https:\\\/\\\/sabik.com\\\/es\\\/senales-ferroviarias\\\/\"},{\"@type\":\"ListItem\",\"position\":3,\"name\":\"Se\u00f1ales de maniobra\"}]},{\"@type\":\"WebSite\",\"@id\":\"https:\\\/\\\/sabik.com\\\/#website\",\"url\":\"https:\\\/\\\/sabik.com\\\/\",\"name\":\"Sabik\",\"description\":\"Global Leader in Maritime Aids to Navigation\",\"potentialAction\":[{\"@type\":\"SearchAction\",\"target\":{\"@type\":\"EntryPoint\",\"urlTemplate\":\"https:\\\/\\\/sabik.com\\\/?s={search_term_string}\"},\"query-input\":{\"@type\":\"PropertyValueSpecification\",\"valueRequired\":true,\"valueName\":\"search_term_string\"}}],\"inLanguage\":\"es\"}]}<\/script>\n<!-- \/ Yoast SEO Premium plugin. -->","yoast_head_json":{"title":"Se\u00f1ales de maniobra | Sabik","description":"Las se\u00f1ales de maniobra son f\u00e1ciles de adaptar a los requisitos espec\u00edficos de cada pa\u00eds y ofrecen gran durabilidad en entornos exigentes.","robots":{"index":"index","follow":"follow","max-snippet":"max-snippet:-1","max-image-preview":"max-image-preview:large","max-video-preview":"max-video-preview:-1"},"canonical":"https:\/\/sabik.com\/es\/senales-ferroviarias\/senales-de-maniobra\/","og_locale":"es_ES","og_type":"article","og_title":"Se\u00f1ales de maniobra","og_description":"Las se\u00f1ales de maniobra son f\u00e1ciles de adaptar a los requisitos espec\u00edficos de cada pa\u00eds y ofrecen gran durabilidad en entornos exigentes.","og_url":"https:\/\/sabik.com\/es\/senales-ferroviarias\/senales-de-maniobra\/","og_site_name":"Sabik","article_modified_time":"2025-01-20T10:16:49+00:00","og_image":[{"url":"https:\/\/sabik.com\/wp-content\/uploads\/2024\/10\/shunting-signals.jpg","type":"","width":"","height":""}],"twitter_card":"summary_large_image","twitter_misc":{"Tiempo de lectura":"4 minutos"},"schema":{"@context":"https:\/\/schema.org","@graph":[{"@type":"WebPage","@id":"https:\/\/sabik.com\/es\/senales-ferroviarias\/senales-de-maniobra\/","url":"https:\/\/sabik.com\/es\/senales-ferroviarias\/senales-de-maniobra\/","name":"Se\u00f1ales de maniobra | Sabik","isPartOf":{"@id":"https:\/\/sabik.com\/#website"},"primaryImageOfPage":{"@id":"https:\/\/sabik.com\/es\/senales-ferroviarias\/senales-de-maniobra\/#primaryimage"},"image":{"@id":"https:\/\/sabik.com\/es\/senales-ferroviarias\/senales-de-maniobra\/#primaryimage"},"thumbnailUrl":"https:\/\/sabik.com\/wp-content\/uploads\/2024\/10\/shunting-signals.jpg","datePublished":"2024-10-16T07:19:29+00:00","dateModified":"2025-01-20T10:16:49+00:00","description":"Las se\u00f1ales de maniobra son f\u00e1ciles de adaptar a los requisitos espec\u00edficos de cada pa\u00eds y ofrecen gran durabilidad en entornos exigentes.","breadcrumb":{"@id":"https:\/\/sabik.com\/es\/senales-ferroviarias\/senales-de-maniobra\/#breadcrumb"},"inLanguage":"es","potentialAction":[{"@type":"ReadAction","target":["https:\/\/sabik.com\/es\/senales-ferroviarias\/senales-de-maniobra\/"]}]},{"@type":"ImageObject","inLanguage":"es","@id":"https:\/\/sabik.com\/es\/senales-ferroviarias\/senales-de-maniobra\/#primaryimage","url":"https:\/\/sabik.com\/wp-content\/uploads\/2024\/10\/shunting-signals.jpg","contentUrl":"https:\/\/sabik.com\/wp-content\/uploads\/2024\/10\/shunting-signals.jpg"},{"@type":"BreadcrumbList","@id":"https:\/\/sabik.com\/es\/senales-ferroviarias\/senales-de-maniobra\/#breadcrumb","itemListElement":[{"@type":"ListItem","position":1,"name":"Home","item":"https:\/\/sabik.com\/es\/"},{"@type":"ListItem","position":2,"name":"Se\u00f1ales ferroviarias","item":"https:\/\/sabik.com\/es\/senales-ferroviarias\/"},{"@type":"ListItem","position":3,"name":"Se\u00f1ales de maniobra"}]},{"@type":"WebSite","@id":"https:\/\/sabik.com\/#website","url":"https:\/\/sabik.com\/","name":"Sabik","description":"Global Leader in Maritime Aids to Navigation","potentialAction":[{"@type":"SearchAction","target":{"@type":"EntryPoint","urlTemplate":"https:\/\/sabik.com\/?s={search_term_string}"},"query-input":{"@type":"PropertyValueSpecification","valueRequired":true,"valueName":"search_term_string"}}],"inLanguage":"es"}]}},"_links":{"self":[{"href":"https:\/\/sabik.com\/es\/wp-json\/wp\/v2\/pages\/2335","targetHints":{"allow":["GET"]}}],"collection":[{"href":"https:\/\/sabik.com\/es\/wp-json\/wp\/v2\/pages"}],"about":[{"href":"https:\/\/sabik.com\/es\/wp-json\/wp\/v2\/types\/page"}],"author":[{"embeddable":true,"href":"https:\/\/sabik.com\/es\/wp-json\/wp\/v2\/users\/1"}],"replies":[{"embeddable":true,"href":"https:\/\/sabik.com\/es\/wp-json\/wp\/v2\/comments?post=2335"}],"version-history":[{"count":1,"href":"https:\/\/sabik.com\/es\/wp-json\/wp\/v2\/pages\/2335\/revisions"}],"predecessor-version":[{"id":2338,"href":"https:\/\/sabik.com\/es\/wp-json\/wp\/v2\/pages\/2335\/revisions\/2338"}],"up":[{"embeddable":true,"href":"https:\/\/sabik.com\/es\/wp-json\/wp\/v2\/pages\/2347"}],"wp:attachment":[{"href":"https:\/\/sabik.com\/es\/wp-json\/wp\/v2\/media?parent=2335"}],"curies":[{"name":"wp","href":"https:\/\/api.w.org\/{rel}","templated":true}]}}