{"id":2339,"date":"2024-10-16T10:10:48","date_gmt":"2024-10-16T07:10:48","guid":{"rendered":"https:\/\/sabik.com\/senales-principales-y-distantes\/"},"modified":"2025-01-20T12:16:49","modified_gmt":"2025-01-20T10:16:49","slug":"senales-principales-y-distantes","status":"publish","type":"page","link":"https:\/\/sabik.com\/es\/senales-ferroviarias\/senales-principales-y-distantes\/","title":{"rendered":"Se\u00f1ales principales y distantes"},"content":{"rendered":"<div class=\"wpb-content-wrapper\">[vc_row][vc_column width=\u00bb1\/6&#8243;][\/vc_column][vc_column width=\u00bb2\/3&#8243;][vc_column_text el_class=\u00bbingressi\u00bb css=\u00bb.vc_custom_1729215519533{margin-bottom: 0px !important;}\u00bb]\n<h1 style=\"text-align: center;\">Se\u00f1ales principales y distantes<\/h1>\n<p style=\"text-align: center;\">Las se\u00f1ales LED de 200 mm de Sabik incorporan una duradera carcasa de aluminio dise\u00f1ada espec\u00edficamente para las exigentes condiciones de las aplicaciones ferroviarias. Equipadas con potentes LED, estas se\u00f1ales ofrecen una soluci\u00f3n que no requiere mantenimiento, eliminando la necesidad de reemplazar las l\u00e1mparas de se\u00f1alizaci\u00f3n. Con una larga vida \u00fatil y un funcionamiento rentable, ofrecen un sistema inteligente que incluye indicaci\u00f3n del \u00abestado de salud\u00bb para el monitoreo en tiempo real. Adem\u00e1s, los par\u00e1metros de funcionamiento son ajustables para adaptarse a diversos sistemas de interconexi\u00f3n, lo que garantiza flexibilidad y fiabilidad en una amplia gama de entornos.<\/p>\n[\/vc_column_text][\/vc_column][vc_column width=\u00bb1\/6&#8243;][\/vc_column][\/vc_row][vc_row][vc_column][mk_divider style=\u00bbthin_solid\u00bb margin_top=\u00bb60&#8243; margin_bottom=\u00bb60&#8243;][\/vc_column][\/vc_row][vc_row][vc_column width=\u00bb1\/2&#8243;][vc_column_text animation=\u00bbtop-to-bottom\u00bb el_class=\u00bbingressi\u00bb css=\u00bb.vc_custom_1729573061138{margin-bottom: 0px !important;}\u00bb]<img loading=\"lazy\" decoding=\"async\" class=\"size-full wp-image-489 aligncenter\" src=\"https:\/\/sabik.com\/wp-content\/uploads\/2024\/10\/main-and-distant-signals.jpg\" alt=\"Main and Distant Signals\" width=\"400\" height=\"320\" srcset=\"https:\/\/sabik.com\/wp-content\/uploads\/2024\/10\/main-and-distant-signals.jpg 1000w, https:\/\/sabik.com\/wp-content\/uploads\/2024\/10\/main-and-distant-signals-300x240.jpg 300w, https:\/\/sabik.com\/wp-content\/uploads\/2024\/10\/main-and-distant-signals-768x614.jpg 768w, https:\/\/sabik.com\/wp-content\/uploads\/2024\/10\/main-and-distant-signals-600x479.jpg 600w\" sizes=\"auto, (max-width: 400px) 100vw, 400px\" \/>[\/vc_column_text][\/vc_column][vc_column width=\u00bb1\/2&#8243;][mk_padding_divider visibility=\u00bbhidden-sm\u00bb][vc_column_text el_class=\u00bbingressi\u00bb css=\u00bb.vc_custom_1729062469305{margin-bottom: 0px !important;}\u00bb]\n<h2>RSL200<\/h2>\n<ul>\n<li>16 LED de alta potencia para una mayor fiabilidad<\/li>\n<li>Atenuaci\u00f3n nocturna autom\u00e1tica en funci\u00f3n de la potencia<\/li>\n<li>Amplio rango de tensi\u00f3n (6,0-14,0 VCA)<\/li>\n<li>Conexi\u00f3n inal\u00e1mbrica IrDA o por cable serial para el ajuste de par\u00e1metros<\/li>\n<\/ul>\n[\/vc_column_text][\/vc_column][\/vc_row][vc_row][vc_column][mk_padding_divider][\/vc_column][\/vc_row][vc_row][vc_column width=\u00bb1\/2&#8243;][vc_column_text el_class=\u00bbingressi\u00bb css=\u00bb.vc_custom_1729062553443{margin-bottom: 0px !important;}\u00bb]\n<h2>Informaci\u00f3n sobre el producto<\/h2>\n[\/vc_column_text][\/vc_column][vc_column width=\u00bb1\/2&#8243;][vc_column_text css=\u00bb.vc_custom_1729062567697{margin-bottom: 0px !important;}\u00bb]La se\u00f1al LED ferroviaria RSL200.12 est\u00e1 dise\u00f1ada para integrarse perfectamente en diferentes sistemas de interconexi\u00f3n, adapt\u00e1ndose a las condiciones locales, como el tipo de cable y las caracter\u00edsticas espec\u00edficas del transformador de se\u00f1al. Su dise\u00f1o de vanguardia garantiza un rendimiento fiable en entornos ferroviarios diversos y dif\u00edciles.[\/vc_column_text][\/vc_column][\/vc_row][vc_row][vc_column][mk_padding_divider][\/vc_column][\/vc_row][vc_row][vc_column width=\u00bb1\/2&#8243;][vc_column_text el_class=\u00bbingressi\u00bb css=\u00bb.vc_custom_1729062576042{margin-bottom: 0px !important;}\u00bb]\n<h2>Caracter\u00edsticas del producto<\/h2>\n[\/vc_column_text][\/vc_column][vc_column width=\u00bb1\/2&#8243;][vc_column_text css=\u00bb.vc_custom_1729062593335{margin-bottom: 0px !important;}\u00bb]\n<ul>\n<li>Prueba de l\u00ednea \u00fanica para un funcionamiento estable de encendido y apagado<\/li>\n<li>Control \u00f3ptico de estado de cada LED<\/li>\n<li>Par\u00e1metros de funcionamiento ajustables: consumo de corriente, intensidad luminosa e hist\u00e9resis de tensi\u00f3n<\/li>\n<li>3 salidas digitales optoaisladas para monitorear el estado: Se\u00f1al Encendida, Error Menor, Error Mayor<\/li>\n<\/ul>\n[\/vc_column_text][\/vc_column][\/vc_row][vc_row][vc_column][mk_padding_divider][\/vc_column][\/vc_row][vc_row][vc_column width=\u00bb1\/2&#8243;][vc_column_text el_class=\u00bbingressi\u00bb css=\u00bb.vc_custom_1729062626036{margin-bottom: 0px !important;}\u00bb]\n<h2>Documentaci\u00f3n del producto<\/h2>\n[\/vc_column_text][\/vc_column][vc_column width=\u00bb1\/2&#8243;][vc_column_text css=\u00bb.vc_custom_1736926122406{margin-bottom: 0px !important;}\u00bb]<a href=\"https:\/\/sabik.com\/wp-content\/uploads\/2025\/01\/sabik-rsl200-datasheet-2025.pdf\">Product datasheet RSL200 (pdf EN)<\/a>[\/vc_column_text][\/vc_column][\/vc_row][vc_row][vc_column][mk_divider style=\u00bbthin_solid\u00bb margin_top=\u00bb60&#8243; margin_bottom=\u00bb60&#8243;][\/vc_column][\/vc_row][vc_row][vc_column width=\u00bb1\/2&#8243;][vc_column_text el_class=\u00bbingressi\u00bb css=\u00bb.vc_custom_1729060525441{margin-bottom: 0px !important;}\u00bb]\n<h2>Cont\u00e1ctenos<\/h2>\n[\/vc_column_text][\/vc_column][vc_column width=\u00bb1\/2&#8243;][vc_column_text css=\u00bb.vc_custom_1729060545577{margin-bottom: 0px !important;}\u00bb]\n<h3>SABIK\/SPX Aids to Navigation Oy<\/h3>\n<p><strong>Sebastian \u00d6hman<\/strong><br \/>\nDirector de ventas de ferrocarril y carretera<\/p>\n<p>Tel.: +358 505781509<br \/>\n&#x73;&#x65;&#x62;&#97;&#115;ti&#x61;&#x6e;&#x2e;&#x6f;&#104;&#109;an&#x40;&#x73;&#x70;&#120;&#46;&#99;om[\/vc_column_text][\/vc_column][\/vc_row]\n<\/div>","protected":false},"excerpt":{"rendered":"<p>[vc_row][vc_column width=\u00bb1\/6&#8243;][\/vc_column][vc_column width=\u00bb2\/3&#8243;][vc_column_text el_class=\u00bbingressi\u00bb css=\u00bb.vc_custom_1729215519533{margin-bottom: 0px !important;}\u00bb] Se\u00f1ales principales y distantes Las se\u00f1ales LED de 200 mm de Sabik incorporan una duradera carcasa de aluminio dise\u00f1ada espec\u00edficamente para las exigentes condiciones de las aplicaciones ferroviarias. Equipadas con potentes LED, estas se\u00f1ales ofrecen una soluci\u00f3n que no requiere mantenimiento, eliminando la necesidad de reemplazar las l\u00e1mparas de se\u00f1alizaci\u00f3n. Con una larga vida \u00fatil y un funcionamiento rentable, ofrecen un sistema inteligente que incluye indicaci\u00f3n del \u00abestado de salud\u00bb para el monitoreo en tiempo real. Adem\u00e1s, los par\u00e1metros de funcionamiento son ajustables para adaptarse a diversos sistemas de interconexi\u00f3n, lo que garantiza flexibilidad y fiabilidad en una amplia gama de entornos. [\/vc_column_text][\/vc_column][vc_column width=\u00bb1\/6&#8243;][\/vc_column][\/vc_row][vc_row][vc_column][mk_divider style=\u00bbthin_solid\u00bb margin_top=\u00bb60&#8243; margin_bottom=\u00bb60&#8243;][\/vc_column][\/vc_row][vc_row][vc_column width=\u00bb1\/2&#8243;][vc_column_text animation=\u00bbtop-to-bottom\u00bb el_class=\u00bbingressi\u00bb css=\u00bb.vc_custom_1729573061138{margin-bottom: 0px !important;}\u00bb][\/vc_column_text][\/vc_column][vc_column width=\u00bb1\/2&#8243;][mk_padding_divider visibility=\u00bbhidden-sm\u00bb][vc_column_text el_class=\u00bbingressi\u00bb css=\u00bb.vc_custom_1729062469305{margin-bottom: 0px !important;}\u00bb] RSL200 16 LED de alta potencia para una mayor fiabilidad Atenuaci\u00f3n nocturna autom\u00e1tica en funci\u00f3n de la potencia Amplio rango de tensi\u00f3n (6,0-14,0 VCA) [&hellip;]<\/p>\n","protected":false},"author":1,"featured_media":0,"parent":2347,"menu_order":0,"comment_status":"closed","ping_status":"closed","template":"","meta":{"_improvement_type_select":"improve_an_existing","_thumb_yes_seoaic":false,"_frame_yes_seoaic":false,"seoaic_generate_description":"","seoaic_improve_instructions_prompt":"","seoaic_rollback_content_improvement":"","seoaic_idea_thumbnail_generator":"","thumbnail_generated":false,"thumbnail_generate_prompt":"","seoaic_article_description":"","footnotes":""},"class_list":["post-2339","page","type-page","status-publish","hentry"],"yoast_head":"<!-- This site is optimized with the Yoast SEO Premium plugin v26.2 (Yoast SEO v27.3) - https:\/\/yoast.com\/product\/yoast-seo-premium-wordpress\/ -->\n<title>Se\u00f1ales principales y distantes | Sabik<\/title>\n<meta name=\"description\" content=\"Las se\u00f1ales LED de 200 mm de Sabik incorporan una duradera carcasa de aluminio, dise\u00f1ada para las exigentes condiciones de las aplicaciones ferroviarias.\" \/>\n<meta name=\"robots\" content=\"index, follow, max-snippet:-1, max-image-preview:large, max-video-preview:-1\" \/>\n<link rel=\"canonical\" href=\"https:\/\/sabik.com\/es\/senales-ferroviarias\/senales-principales-y-distantes\/\" \/>\n<meta property=\"og:locale\" content=\"es_ES\" \/>\n<meta property=\"og:type\" content=\"article\" \/>\n<meta property=\"og:title\" content=\"Se\u00f1ales principales y distantes\" \/>\n<meta property=\"og:description\" content=\"Las se\u00f1ales LED de 200 mm de Sabik incorporan una duradera carcasa de aluminio, dise\u00f1ada para las exigentes condiciones de las aplicaciones ferroviarias.\" \/>\n<meta property=\"og:url\" content=\"https:\/\/sabik.com\/es\/senales-ferroviarias\/senales-principales-y-distantes\/\" \/>\n<meta property=\"og:site_name\" content=\"Sabik\" \/>\n<meta property=\"article:modified_time\" content=\"2025-01-20T10:16:49+00:00\" \/>\n<meta property=\"og:image\" content=\"https:\/\/sabik.com\/wp-content\/uploads\/2024\/10\/main-and-distant-signals.jpg\" \/>\n<meta name=\"twitter:card\" content=\"summary_large_image\" \/>\n<meta name=\"twitter:label1\" content=\"Tiempo de lectura\" \/>\n\t<meta name=\"twitter:data1\" content=\"3 minutos\" \/>\n<script type=\"application\/ld+json\" class=\"yoast-schema-graph\">{\"@context\":\"https:\\\/\\\/schema.org\",\"@graph\":[{\"@type\":\"WebPage\",\"@id\":\"https:\\\/\\\/sabik.com\\\/es\\\/senales-ferroviarias\\\/senales-principales-y-distantes\\\/\",\"url\":\"https:\\\/\\\/sabik.com\\\/es\\\/senales-ferroviarias\\\/senales-principales-y-distantes\\\/\",\"name\":\"Se\u00f1ales principales y distantes | Sabik\",\"isPartOf\":{\"@id\":\"https:\\\/\\\/sabik.com\\\/#website\"},\"primaryImageOfPage\":{\"@id\":\"https:\\\/\\\/sabik.com\\\/es\\\/senales-ferroviarias\\\/senales-principales-y-distantes\\\/#primaryimage\"},\"image\":{\"@id\":\"https:\\\/\\\/sabik.com\\\/es\\\/senales-ferroviarias\\\/senales-principales-y-distantes\\\/#primaryimage\"},\"thumbnailUrl\":\"https:\\\/\\\/sabik.com\\\/wp-content\\\/uploads\\\/2024\\\/10\\\/main-and-distant-signals.jpg\",\"datePublished\":\"2024-10-16T07:10:48+00:00\",\"dateModified\":\"2025-01-20T10:16:49+00:00\",\"description\":\"Las se\u00f1ales LED de 200 mm de Sabik incorporan una duradera carcasa de aluminio, dise\u00f1ada para las exigentes condiciones de las aplicaciones ferroviarias.\",\"breadcrumb\":{\"@id\":\"https:\\\/\\\/sabik.com\\\/es\\\/senales-ferroviarias\\\/senales-principales-y-distantes\\\/#breadcrumb\"},\"inLanguage\":\"es\",\"potentialAction\":[{\"@type\":\"ReadAction\",\"target\":[\"https:\\\/\\\/sabik.com\\\/es\\\/senales-ferroviarias\\\/senales-principales-y-distantes\\\/\"]}]},{\"@type\":\"ImageObject\",\"inLanguage\":\"es\",\"@id\":\"https:\\\/\\\/sabik.com\\\/es\\\/senales-ferroviarias\\\/senales-principales-y-distantes\\\/#primaryimage\",\"url\":\"https:\\\/\\\/sabik.com\\\/wp-content\\\/uploads\\\/2024\\\/10\\\/main-and-distant-signals.jpg\",\"contentUrl\":\"https:\\\/\\\/sabik.com\\\/wp-content\\\/uploads\\\/2024\\\/10\\\/main-and-distant-signals.jpg\"},{\"@type\":\"BreadcrumbList\",\"@id\":\"https:\\\/\\\/sabik.com\\\/es\\\/senales-ferroviarias\\\/senales-principales-y-distantes\\\/#breadcrumb\",\"itemListElement\":[{\"@type\":\"ListItem\",\"position\":1,\"name\":\"Home\",\"item\":\"https:\\\/\\\/sabik.com\\\/es\\\/\"},{\"@type\":\"ListItem\",\"position\":2,\"name\":\"Se\u00f1ales ferroviarias\",\"item\":\"https:\\\/\\\/sabik.com\\\/es\\\/senales-ferroviarias\\\/\"},{\"@type\":\"ListItem\",\"position\":3,\"name\":\"Se\u00f1ales principales y distantes\"}]},{\"@type\":\"WebSite\",\"@id\":\"https:\\\/\\\/sabik.com\\\/#website\",\"url\":\"https:\\\/\\\/sabik.com\\\/\",\"name\":\"Sabik\",\"description\":\"Global Leader in Maritime Aids to Navigation\",\"potentialAction\":[{\"@type\":\"SearchAction\",\"target\":{\"@type\":\"EntryPoint\",\"urlTemplate\":\"https:\\\/\\\/sabik.com\\\/?s={search_term_string}\"},\"query-input\":{\"@type\":\"PropertyValueSpecification\",\"valueRequired\":true,\"valueName\":\"search_term_string\"}}],\"inLanguage\":\"es\"}]}<\/script>\n<!-- \/ Yoast SEO Premium plugin. -->","yoast_head_json":{"title":"Se\u00f1ales principales y distantes | Sabik","description":"Las se\u00f1ales LED de 200 mm de Sabik incorporan una duradera carcasa de aluminio, dise\u00f1ada para las exigentes condiciones de las aplicaciones ferroviarias.","robots":{"index":"index","follow":"follow","max-snippet":"max-snippet:-1","max-image-preview":"max-image-preview:large","max-video-preview":"max-video-preview:-1"},"canonical":"https:\/\/sabik.com\/es\/senales-ferroviarias\/senales-principales-y-distantes\/","og_locale":"es_ES","og_type":"article","og_title":"Se\u00f1ales principales y distantes","og_description":"Las se\u00f1ales LED de 200 mm de Sabik incorporan una duradera carcasa de aluminio, dise\u00f1ada para las exigentes condiciones de las aplicaciones ferroviarias.","og_url":"https:\/\/sabik.com\/es\/senales-ferroviarias\/senales-principales-y-distantes\/","og_site_name":"Sabik","article_modified_time":"2025-01-20T10:16:49+00:00","og_image":[{"url":"https:\/\/sabik.com\/wp-content\/uploads\/2024\/10\/main-and-distant-signals.jpg","type":"","width":"","height":""}],"twitter_card":"summary_large_image","twitter_misc":{"Tiempo de lectura":"3 minutos"},"schema":{"@context":"https:\/\/schema.org","@graph":[{"@type":"WebPage","@id":"https:\/\/sabik.com\/es\/senales-ferroviarias\/senales-principales-y-distantes\/","url":"https:\/\/sabik.com\/es\/senales-ferroviarias\/senales-principales-y-distantes\/","name":"Se\u00f1ales principales y distantes | Sabik","isPartOf":{"@id":"https:\/\/sabik.com\/#website"},"primaryImageOfPage":{"@id":"https:\/\/sabik.com\/es\/senales-ferroviarias\/senales-principales-y-distantes\/#primaryimage"},"image":{"@id":"https:\/\/sabik.com\/es\/senales-ferroviarias\/senales-principales-y-distantes\/#primaryimage"},"thumbnailUrl":"https:\/\/sabik.com\/wp-content\/uploads\/2024\/10\/main-and-distant-signals.jpg","datePublished":"2024-10-16T07:10:48+00:00","dateModified":"2025-01-20T10:16:49+00:00","description":"Las se\u00f1ales LED de 200 mm de Sabik incorporan una duradera carcasa de aluminio, dise\u00f1ada para las exigentes condiciones de las aplicaciones ferroviarias.","breadcrumb":{"@id":"https:\/\/sabik.com\/es\/senales-ferroviarias\/senales-principales-y-distantes\/#breadcrumb"},"inLanguage":"es","potentialAction":[{"@type":"ReadAction","target":["https:\/\/sabik.com\/es\/senales-ferroviarias\/senales-principales-y-distantes\/"]}]},{"@type":"ImageObject","inLanguage":"es","@id":"https:\/\/sabik.com\/es\/senales-ferroviarias\/senales-principales-y-distantes\/#primaryimage","url":"https:\/\/sabik.com\/wp-content\/uploads\/2024\/10\/main-and-distant-signals.jpg","contentUrl":"https:\/\/sabik.com\/wp-content\/uploads\/2024\/10\/main-and-distant-signals.jpg"},{"@type":"BreadcrumbList","@id":"https:\/\/sabik.com\/es\/senales-ferroviarias\/senales-principales-y-distantes\/#breadcrumb","itemListElement":[{"@type":"ListItem","position":1,"name":"Home","item":"https:\/\/sabik.com\/es\/"},{"@type":"ListItem","position":2,"name":"Se\u00f1ales ferroviarias","item":"https:\/\/sabik.com\/es\/senales-ferroviarias\/"},{"@type":"ListItem","position":3,"name":"Se\u00f1ales principales y distantes"}]},{"@type":"WebSite","@id":"https:\/\/sabik.com\/#website","url":"https:\/\/sabik.com\/","name":"Sabik","description":"Global Leader in Maritime Aids to Navigation","potentialAction":[{"@type":"SearchAction","target":{"@type":"EntryPoint","urlTemplate":"https:\/\/sabik.com\/?s={search_term_string}"},"query-input":{"@type":"PropertyValueSpecification","valueRequired":true,"valueName":"search_term_string"}}],"inLanguage":"es"}]}},"_links":{"self":[{"href":"https:\/\/sabik.com\/es\/wp-json\/wp\/v2\/pages\/2339","targetHints":{"allow":["GET"]}}],"collection":[{"href":"https:\/\/sabik.com\/es\/wp-json\/wp\/v2\/pages"}],"about":[{"href":"https:\/\/sabik.com\/es\/wp-json\/wp\/v2\/types\/page"}],"author":[{"embeddable":true,"href":"https:\/\/sabik.com\/es\/wp-json\/wp\/v2\/users\/1"}],"replies":[{"embeddable":true,"href":"https:\/\/sabik.com\/es\/wp-json\/wp\/v2\/comments?post=2339"}],"version-history":[{"count":1,"href":"https:\/\/sabik.com\/es\/wp-json\/wp\/v2\/pages\/2339\/revisions"}],"predecessor-version":[{"id":2342,"href":"https:\/\/sabik.com\/es\/wp-json\/wp\/v2\/pages\/2339\/revisions\/2342"}],"up":[{"embeddable":true,"href":"https:\/\/sabik.com\/es\/wp-json\/wp\/v2\/pages\/2347"}],"wp:attachment":[{"href":"https:\/\/sabik.com\/es\/wp-json\/wp\/v2\/media?parent=2339"}],"curies":[{"name":"wp","href":"https:\/\/api.w.org\/{rel}","templated":true}]}}