{"id":2343,"date":"2024-10-16T09:52:15","date_gmt":"2024-10-16T06:52:15","guid":{"rendered":"https:\/\/sabik.com\/senales-de-transito\/"},"modified":"2025-01-20T12:16:49","modified_gmt":"2025-01-20T10:16:49","slug":"senales-de-transito","status":"publish","type":"page","link":"https:\/\/sabik.com\/es\/senales-de-transito\/","title":{"rendered":"Se\u00f1ales de tr\u00e1nsito"},"content":{"rendered":"<div class=\"wpb-content-wrapper\">[vc_row][vc_column width=\u00bb1\/6&#8243;][\/vc_column][vc_column width=\u00bb2\/3&#8243;][vc_column_text el_class=\u00bbingressi\u00bb css=\u00bb.vc_custom_1729061197264{margin-bottom: 0px !important;}\u00bb]\n<h1 style=\"text-align: center;\">Se\u00f1ales de tr\u00e1nsito<\/h1>\n<p style=\"text-align: center;\">Sabik es el proveedor de confianza de paneles de mensaje variable (VMS) en Finlandia desde 1989. A lo largo de las tres \u00faltimas d\u00e9cadas, hemos suministrado telem\u00e1tica vial avanzada para m\u00e1s de 100 proyectos, incluyendo no s\u00f3lo VMS, sino tambi\u00e9n sistemas de vanguardia como la Detecci\u00f3n de Incidentes con tecnolog\u00eda de c\u00e1mara, herramientas de medici\u00f3n del tr\u00e1fico y se\u00f1ales de prisma variable.<\/p>\n[\/vc_column_text][\/vc_column][vc_column width=\u00bb1\/6&#8243;][\/vc_column][\/vc_row][vc_row][vc_column][mk_padding_divider][\/vc_column][\/vc_row][vc_row][vc_column]\n\t\t\t\t<p class=\"rs-p-wp-fix\"><\/p>\n\t\t\t\t<sr7-module data-alias=\"roadsign-en\" data-id=\"10\" id=\"SR7_10_1\" class=\"rs-ov-hidden\" data-version=\"6.7.51\">\n\t\t\t\t\t<sr7-adjuster><\/sr7-adjuster>\n\t\t\t\t\t<sr7-content>\n\t\t\t\t\t\t<sr7-slide id=\"SR7_10_1-19\" data-key=\"19\">\n\t\t\t\t\t\t\t<sr7-bg id=\"SR7_10_1-19-1\" class=\"sr7-layer\"><noscript><img decoding=\"async\" src=\"https:\/\/live-aton-sabik.pantheonsite.io\/wp-content\/uploads\/2024\/10\/slider-road-signs.jpg\" alt=\"\" title=\"slider-road-signs\"><\/noscript><\/sr7-bg>\n\t\t\t\t\t\t<\/sr7-slide>\n\t\t\t\t\t\t<sr7-slide id=\"SR7_10_1-20\" data-key=\"20\">\n\t\t\t\t\t\t<\/sr7-slide>\n\t\t\t\t\t<\/sr7-content>\n\t\t\t\t\t<image_lists style=\"display:none\">\n\t\t\t\t\t\t<img data-src=\"\/\/live-aton-sabik.pantheonsite.io\/wp-content\/uploads\/2024\/10\/dots-diag-8.png\" data-libid=\"620\" title=\"dots-diag-8\" width=\"0\" height=\"0\" data-dbsrc=\"Ly9saXZlLWF0b24tc2FiaWsucGFudGhlb25zaXRlLmlvL3dwLWNvbnRlbnQvdXBsb2Fkcy8yMDI0LzEwL2RvdHMtZGlhZy04LnBuZw==\"\/>\n\t\t\t\t\t\t<img data-src=\"\/\/live-aton-sabik.pantheonsite.io\/wp-content\/uploads\/2024\/10\/slider-road-signs.jpg\" data-libid=\"612\" data-lib=\"medialibrary\" title=\"slider-road-signs\" width=\"0\" height=\"0\" data-dbsrc=\"Ly9saXZlLWF0b24tc2FiaWsucGFudGhlb25zaXRlLmlvL3dwLWNvbnRlbnQvdXBsb2Fkcy8yMDI0LzEwL3NsaWRlci1yb2FkLXNpZ25zLmpwZw==\"\/>\n\t\t\t\t\t<\/image_lists>\n\t\t\t\t<\/sr7-module>\n\t\t\t\t<script>\n\t\t\t\t\twindow.SR7 ??={};SR7.PMH ??={}; SR7.PMH[\"SR7_10_1\"] = {cn:100,state:false,fn: function() { if (window._tpt!==undefined && window._tpt.prepareModuleHeight !== undefined) {  _tpt.prepareModuleHeight({id:\"SR7_10_1\",el:[500,500,768,960,720],type:'standard',shdw:'0',gh:[500,500,413,314,194],gw:[1240,1240,1024,778,480],vpt:['100px'],size:{fullWidth:true, fullHeight:false},mh:'0',onh:0,onw:0,bg:{color:'{\"orig\":\"transparent\",\"type\":\"solid\",\"string\":\"transparent\"}'}});   SR7.PMH[\"SR7_10_1\"].state=true;} else if(SR7.PMH[\"SR7_10_1\"].cn-->0)\tsetTimeout( SR7.PMH[\"SR7_10_1\"].fn,19);}};SR7.PMH[\"SR7_10_1\" ].fn();\n\t\t\t\t<\/script>\n[\/vc_column][\/vc_row][vc_row][vc_column][mk_padding_divider size=\u00bb55&#8243;][\/vc_column][\/vc_row][vc_row][vc_column width=\u00bb1\/2&#8243;][vc_column_text el_class=\u00bbingressi\u00bb css=\u00bb.vc_custom_1729061211400{margin-bottom: 0px !important;}\u00bb]\n<h2>Soluciones VMS avanzadas para diversas aplicaciones<\/h2>\n[\/vc_column_text][\/vc_column][vc_column width=\u00bb1\/2&#8243;][vc_column_text css=\u00bb.vc_custom_1729061252517{margin-bottom: 0px !important;}\u00bb]Nuestra \u00faltima innovaci\u00f3n, la matriz LED continua multicolor VMS, est\u00e1 dise\u00f1ada para satisfacer una amplia gama de aplicaciones, entre las que se incluyen:<\/p>\n<ul>\n<li>VMS para autopistas: l\u00edmites de velocidad, se\u00f1ales de advertencia y grandes pantallas de informaci\u00f3n<\/li>\n<li>Se\u00f1ales de control de carriles para t\u00faneles, pasos fronterizos y puertos<\/li>\n<li>Se\u00f1ales de orientaci\u00f3n para estacionamientos en zonas urbanas y sistemas para toda la ciudad<\/li>\n<li>Pantallas de informaci\u00f3n sobre eventos en las ciudades<\/li>\n<li>Se\u00f1ales de informaci\u00f3n al pasajero para<br \/>\nterminales de transbordador<\/li>\n<\/ul>\n[\/vc_column_text][\/vc_column][\/vc_row][vc_row][vc_column][mk_padding_divider][\/vc_column][\/vc_row][vc_row][vc_column width=\u00bb1\/2&#8243;][vc_column_text el_class=\u00bbingressi\u00bb css=\u00bb.vc_custom_1729061266479{margin-bottom: 0px !important;}\u00bb]\n<h2>Dise\u00f1ado para las condiciones m\u00e1s duras<\/h2>\n[\/vc_column_text][\/vc_column][vc_column width=\u00bb1\/2&#8243;][vc_column_text css=\u00bb.vc_custom_1729061281391{margin-bottom: 0px !important;}\u00bb]Todos los productos Sabik VMS est\u00e1n dise\u00f1ados para los duros entornos del norte de Europa y cumplen las normas de rendimiento m\u00e1s exigentes, incluida la norma europea EN12966, lo que garantiza su fiabilidad y durabilidad en todas las aplicaciones.[\/vc_column_text][\/vc_column][\/vc_row][vc_row][vc_column][mk_padding_divider][\/vc_column][\/vc_row][vc_row][vc_column width=\u00bb1\/2&#8243;][vc_column_text el_class=\u00bbingressi\u00bb css=\u00bb.vc_custom_1729061323273{margin-bottom: 0px !important;}\u00bb]\n<h2>Aprobado por la Autoridad Vial Finlandesa (ITMF)<\/h2>\n[\/vc_column_text][\/vc_column][vc_column width=\u00bb1\/2&#8243;][vc_column_text css=\u00bb.vc_custom_1729061392790{margin-bottom: 0px !important;}\u00bb]Los productos Sabik VMS est\u00e1n totalmente homologados por la autoridad vial finlandesa (ITMF &#8211; antes FTA) en varios tipos de se\u00f1ales, lo que garantiza el cumplimiento y la fiabilidad para una amplia gama de necesidades de gesti\u00f3n del tr\u00e1fico.<\/p>\n<p>Entre nuestras se\u00f1ales homologadas podemos mencionar:<\/p>\n<ul>\n<li>Letreros colgantes y se\u00f1ales de informaci\u00f3n en carretera de varios tama\u00f1os<\/li>\n<li>Se\u00f1ales de l\u00edmite de velocidad<\/li>\n<li>Se\u00f1ales de advertencia<\/li>\n<li>Se\u00f1ales combinadas con secciones de advertencia y de limitaci\u00f3n de velocidad<\/li>\n<li>Se\u00f1alizaci\u00f3n de rutas alternativas<\/li>\n<li>Se\u00f1ales de control de carril<\/li>\n<li>Se\u00f1ales de orientaci\u00f3n para el estacionamiento, incluso en interiores<\/li>\n<li>Modelos iluminados<\/li>\n<li>Carteles informativos de eventos<\/li>\n<li>Se\u00f1ales de prisma variable<\/li>\n<\/ul>\n<p>Adem\u00e1s de nuestra gama de productos est\u00e1ndar, Sabik tambi\u00e9n ofrece soluciones VMS a medida para aplicaciones especializadas.[\/vc_column_text][\/vc_column][\/vc_row][vc_row][vc_column][mk_padding_divider][\/vc_column][\/vc_row][vc_row][vc_column width=\u00bb1\/2&#8243;][vc_column_text el_class=\u00bbingressi\u00bb css=\u00bb.vc_custom_1729060525441{margin-bottom: 0px !important;}\u00bb]\n<h2>Cont\u00e1ctenos<\/h2>\n[\/vc_column_text][\/vc_column][vc_column width=\u00bb1\/2&#8243;][vc_column_text css=\u00bb.vc_custom_1729060545577{margin-bottom: 0px !important;}\u00bb]\n<h3>SABIK\/SPX Aids to Navigation Oy<\/h3>\n<p><strong>Sebastian \u00d6hman<\/strong><br \/>\nDirector de ventas de ferrocarril y carretera<\/p>\n<p>Tel.: +358 505781509<br \/>\n&#x73;&#x65;&#x62;&#x61;&#115;&#116;ian&#x2e;&#x6f;&#x68;&#x6d;&#97;&#110;&#64;sp&#x78;&#x2e;&#x63;&#x6f;&#109;[\/vc_column_text][\/vc_column][\/vc_row][vc_row][vc_column][mk_padding_divider][\/vc_column][\/vc_row][vc_row][vc_column][mk_gallery images=\u00bb497&#8243; column=\u00bb1&#8243; image_size=\u00bbfull\u00bb hover_scenarios=\u00bbslow_zoom\u00bb item_spacing=\u00bb0&#8243; margin_bottom=\u00bb0&#8243;][\/vc_column][\/vc_row]\n<\/div>","protected":false},"excerpt":{"rendered":"<p>[vc_row][vc_column width=\u00bb1\/6&#8243;][\/vc_column][vc_column width=\u00bb2\/3&#8243;][vc_column_text el_class=\u00bbingressi\u00bb css=\u00bb.vc_custom_1729061197264{margin-bottom: 0px !important;}\u00bb] Se\u00f1ales de tr\u00e1nsito Sabik es el proveedor de confianza de paneles de mensaje variable (VMS) en Finlandia desde 1989. A lo largo de las tres \u00faltimas d\u00e9cadas, hemos suministrado telem\u00e1tica vial avanzada para m\u00e1s de 100 proyectos, incluyendo no s\u00f3lo VMS, sino tambi\u00e9n sistemas de vanguardia como la Detecci\u00f3n de Incidentes con tecnolog\u00eda de c\u00e1mara, herramientas de medici\u00f3n del tr\u00e1fico y se\u00f1ales de prisma variable. [\/vc_column_text][\/vc_column][vc_column width=\u00bb1\/6&#8243;][\/vc_column][\/vc_row][vc_row][vc_column][mk_padding_divider][\/vc_column][\/vc_row][vc_row][vc_column][\/vc_column][\/vc_row][vc_row][vc_column][mk_padding_divider size=\u00bb55&#8243;][\/vc_column][\/vc_row][vc_row][vc_column width=\u00bb1\/2&#8243;][vc_column_text el_class=\u00bbingressi\u00bb css=\u00bb.vc_custom_1729061211400{margin-bottom: 0px !important;}\u00bb] Soluciones VMS avanzadas para diversas aplicaciones [\/vc_column_text][\/vc_column][vc_column width=\u00bb1\/2&#8243;][vc_column_text css=\u00bb.vc_custom_1729061252517{margin-bottom: 0px !important;}\u00bb]Nuestra \u00faltima innovaci\u00f3n, la matriz LED continua multicolor VMS, est\u00e1 dise\u00f1ada para satisfacer una amplia gama de aplicaciones, entre las que se incluyen: VMS para autopistas: l\u00edmites de velocidad, se\u00f1ales de advertencia y grandes pantallas de informaci\u00f3n Se\u00f1ales de control de carriles para t\u00faneles, pasos fronterizos y puertos Se\u00f1ales de orientaci\u00f3n para estacionamientos en zonas urbanas y sistemas para toda [&hellip;]<\/p>\n","protected":false},"author":1,"featured_media":0,"parent":0,"menu_order":0,"comment_status":"closed","ping_status":"closed","template":"","meta":{"_improvement_type_select":"improve_an_existing","_thumb_yes_seoaic":false,"_frame_yes_seoaic":false,"seoaic_generate_description":"","seoaic_improve_instructions_prompt":"","seoaic_rollback_content_improvement":"","seoaic_idea_thumbnail_generator":"","thumbnail_generated":false,"thumbnail_generate_prompt":"","seoaic_article_description":"","footnotes":""},"class_list":["post-2343","page","type-page","status-publish","hentry"],"yoast_head":"<!-- This site is optimized with the Yoast SEO Premium plugin v26.2 (Yoast SEO v27.3) - https:\/\/yoast.com\/product\/yoast-seo-premium-wordpress\/ -->\n<title>Se\u00f1ales de tr\u00e1nsito | Sabik%<\/title>\n<meta name=\"description\" content=\"Sabik ofrece telem\u00e1tica avanzada para carreteras, incluidas se\u00f1ales de mensaje variable (VMS) y detecci\u00f3n de incidentes, medici\u00f3n del tr\u00e1fico y se\u00f1ales de prisma variable.\" \/>\n<meta name=\"robots\" content=\"index, follow, max-snippet:-1, max-image-preview:large, max-video-preview:-1\" \/>\n<link rel=\"canonical\" href=\"https:\/\/sabik.com\/es\/senales-de-transito\/\" \/>\n<meta property=\"og:locale\" content=\"es_ES\" \/>\n<meta property=\"og:type\" content=\"article\" \/>\n<meta property=\"og:title\" content=\"Se\u00f1ales de tr\u00e1nsito\" \/>\n<meta property=\"og:description\" content=\"Sabik ofrece telem\u00e1tica avanzada para carreteras, incluidas se\u00f1ales de mensaje variable (VMS) y detecci\u00f3n de incidentes, medici\u00f3n del tr\u00e1fico y se\u00f1ales de prisma variable.\" \/>\n<meta property=\"og:url\" content=\"https:\/\/sabik.com\/es\/senales-de-transito\/\" \/>\n<meta property=\"og:site_name\" content=\"Sabik\" \/>\n<meta property=\"article:modified_time\" content=\"2025-01-20T10:16:49+00:00\" \/>\n<meta name=\"twitter:card\" content=\"summary_large_image\" \/>\n<meta name=\"twitter:label1\" content=\"Tiempo de lectura\" \/>\n\t<meta name=\"twitter:data1\" content=\"3 minutos\" \/>\n<script type=\"application\/ld+json\" class=\"yoast-schema-graph\">{\"@context\":\"https:\\\/\\\/schema.org\",\"@graph\":[{\"@type\":\"WebPage\",\"@id\":\"https:\\\/\\\/sabik.com\\\/es\\\/senales-de-transito\\\/\",\"url\":\"https:\\\/\\\/sabik.com\\\/es\\\/senales-de-transito\\\/\",\"name\":\"Se\u00f1ales de tr\u00e1nsito | Sabik%\",\"isPartOf\":{\"@id\":\"https:\\\/\\\/sabik.com\\\/#website\"},\"datePublished\":\"2024-10-16T06:52:15+00:00\",\"dateModified\":\"2025-01-20T10:16:49+00:00\",\"description\":\"Sabik ofrece telem\u00e1tica avanzada para carreteras, incluidas se\u00f1ales de mensaje variable (VMS) y detecci\u00f3n de incidentes, medici\u00f3n del tr\u00e1fico y se\u00f1ales de prisma variable.\",\"breadcrumb\":{\"@id\":\"https:\\\/\\\/sabik.com\\\/es\\\/senales-de-transito\\\/#breadcrumb\"},\"inLanguage\":\"es\",\"potentialAction\":[{\"@type\":\"ReadAction\",\"target\":[\"https:\\\/\\\/sabik.com\\\/es\\\/senales-de-transito\\\/\"]}]},{\"@type\":\"BreadcrumbList\",\"@id\":\"https:\\\/\\\/sabik.com\\\/es\\\/senales-de-transito\\\/#breadcrumb\",\"itemListElement\":[{\"@type\":\"ListItem\",\"position\":1,\"name\":\"Home\",\"item\":\"https:\\\/\\\/sabik.com\\\/es\\\/\"},{\"@type\":\"ListItem\",\"position\":2,\"name\":\"Se\u00f1ales de tr\u00e1nsito\"}]},{\"@type\":\"WebSite\",\"@id\":\"https:\\\/\\\/sabik.com\\\/#website\",\"url\":\"https:\\\/\\\/sabik.com\\\/\",\"name\":\"Sabik\",\"description\":\"Global Leader in Maritime Aids to Navigation\",\"potentialAction\":[{\"@type\":\"SearchAction\",\"target\":{\"@type\":\"EntryPoint\",\"urlTemplate\":\"https:\\\/\\\/sabik.com\\\/?s={search_term_string}\"},\"query-input\":{\"@type\":\"PropertyValueSpecification\",\"valueRequired\":true,\"valueName\":\"search_term_string\"}}],\"inLanguage\":\"es\"}]}<\/script>\n<!-- \/ Yoast SEO Premium plugin. -->","yoast_head_json":{"title":"Se\u00f1ales de tr\u00e1nsito | Sabik%","description":"Sabik ofrece telem\u00e1tica avanzada para carreteras, incluidas se\u00f1ales de mensaje variable (VMS) y detecci\u00f3n de incidentes, medici\u00f3n del tr\u00e1fico y se\u00f1ales de prisma variable.","robots":{"index":"index","follow":"follow","max-snippet":"max-snippet:-1","max-image-preview":"max-image-preview:large","max-video-preview":"max-video-preview:-1"},"canonical":"https:\/\/sabik.com\/es\/senales-de-transito\/","og_locale":"es_ES","og_type":"article","og_title":"Se\u00f1ales de tr\u00e1nsito","og_description":"Sabik ofrece telem\u00e1tica avanzada para carreteras, incluidas se\u00f1ales de mensaje variable (VMS) y detecci\u00f3n de incidentes, medici\u00f3n del tr\u00e1fico y se\u00f1ales de prisma variable.","og_url":"https:\/\/sabik.com\/es\/senales-de-transito\/","og_site_name":"Sabik","article_modified_time":"2025-01-20T10:16:49+00:00","twitter_card":"summary_large_image","twitter_misc":{"Tiempo de lectura":"3 minutos"},"schema":{"@context":"https:\/\/schema.org","@graph":[{"@type":"WebPage","@id":"https:\/\/sabik.com\/es\/senales-de-transito\/","url":"https:\/\/sabik.com\/es\/senales-de-transito\/","name":"Se\u00f1ales de tr\u00e1nsito | Sabik%","isPartOf":{"@id":"https:\/\/sabik.com\/#website"},"datePublished":"2024-10-16T06:52:15+00:00","dateModified":"2025-01-20T10:16:49+00:00","description":"Sabik ofrece telem\u00e1tica avanzada para carreteras, incluidas se\u00f1ales de mensaje variable (VMS) y detecci\u00f3n de incidentes, medici\u00f3n del tr\u00e1fico y se\u00f1ales de prisma variable.","breadcrumb":{"@id":"https:\/\/sabik.com\/es\/senales-de-transito\/#breadcrumb"},"inLanguage":"es","potentialAction":[{"@type":"ReadAction","target":["https:\/\/sabik.com\/es\/senales-de-transito\/"]}]},{"@type":"BreadcrumbList","@id":"https:\/\/sabik.com\/es\/senales-de-transito\/#breadcrumb","itemListElement":[{"@type":"ListItem","position":1,"name":"Home","item":"https:\/\/sabik.com\/es\/"},{"@type":"ListItem","position":2,"name":"Se\u00f1ales de tr\u00e1nsito"}]},{"@type":"WebSite","@id":"https:\/\/sabik.com\/#website","url":"https:\/\/sabik.com\/","name":"Sabik","description":"Global Leader in Maritime Aids to Navigation","potentialAction":[{"@type":"SearchAction","target":{"@type":"EntryPoint","urlTemplate":"https:\/\/sabik.com\/?s={search_term_string}"},"query-input":{"@type":"PropertyValueSpecification","valueRequired":true,"valueName":"search_term_string"}}],"inLanguage":"es"}]}},"_links":{"self":[{"href":"https:\/\/sabik.com\/es\/wp-json\/wp\/v2\/pages\/2343","targetHints":{"allow":["GET"]}}],"collection":[{"href":"https:\/\/sabik.com\/es\/wp-json\/wp\/v2\/pages"}],"about":[{"href":"https:\/\/sabik.com\/es\/wp-json\/wp\/v2\/types\/page"}],"author":[{"embeddable":true,"href":"https:\/\/sabik.com\/es\/wp-json\/wp\/v2\/users\/1"}],"replies":[{"embeddable":true,"href":"https:\/\/sabik.com\/es\/wp-json\/wp\/v2\/comments?post=2343"}],"version-history":[{"count":1,"href":"https:\/\/sabik.com\/es\/wp-json\/wp\/v2\/pages\/2343\/revisions"}],"predecessor-version":[{"id":2346,"href":"https:\/\/sabik.com\/es\/wp-json\/wp\/v2\/pages\/2343\/revisions\/2346"}],"wp:attachment":[{"href":"https:\/\/sabik.com\/es\/wp-json\/wp\/v2\/media?parent=2343"}],"curies":[{"name":"wp","href":"https:\/\/api.w.org\/{rel}","templated":true}]}}