{"id":2347,"date":"2024-10-16T09:40:50","date_gmt":"2024-10-16T06:40:50","guid":{"rendered":"https:\/\/sabik.com\/senales-ferroviarias\/"},"modified":"2025-01-20T13:58:24","modified_gmt":"2025-01-20T11:58:24","slug":"senales-ferroviarias","status":"publish","type":"page","link":"https:\/\/sabik.com\/es\/senales-ferroviarias\/","title":{"rendered":"Se\u00f1ales ferroviarias"},"content":{"rendered":"<div class=\"wpb-content-wrapper\">[vc_row][vc_column width=\u00bb1\/6&#8243;][\/vc_column][vc_column width=\u00bb2\/3&#8243;][vc_column_text el_class=\u00bbingressi\u00bb css=\u00bb.vc_custom_1729061044775{margin-bottom: 0px !important;}\u00bb]\n<h1 style=\"text-align: center;\">Se\u00f1ales ferroviarias<\/h1>\n<p style=\"text-align: center;\">Adem\u00e1s de nuestro negocio mar\u00edtimo, tambi\u00e9n desarrollamos y producimos se\u00f1ales ferroviarias. La gama de se\u00f1ales LED de Sabik cubre una amplia gama de aplicaciones utilizadas actualmente en el sistema de se\u00f1alizaci\u00f3n ferroviaria.<\/p>\n[\/vc_column_text][\/vc_column][vc_column width=\u00bb1\/6&#8243;][\/vc_column][\/vc_row][vc_row][vc_column][mk_padding_divider][\/vc_column][\/vc_row][vc_row][vc_column]\n\t\t\t\t<p class=\"rs-p-wp-fix\"><\/p>\n\t\t\t\t<sr7-module data-alias=\"railway-en\" data-id=\"9\" id=\"SR7_9_1\" class=\"rs-ov-hidden\" data-version=\"6.7.51\">\n\t\t\t\t\t<sr7-adjuster><\/sr7-adjuster>\n\t\t\t\t\t<sr7-content>\n\t\t\t\t\t\t<sr7-slide id=\"SR7_9_1-17\" data-key=\"17\">\n\t\t\t\t\t\t\t<sr7-bg id=\"SR7_9_1-17-1\" class=\"sr7-layer\"><noscript><img decoding=\"async\" src=\"https:\/\/live-aton-sabik.pantheonsite.io\/wp-content\/uploads\/2024\/10\/slider-railroad.jpg\" alt=\"\" title=\"slider-railroad\"><\/noscript><\/sr7-bg>\n\t\t\t\t\t\t<\/sr7-slide>\n\t\t\t\t\t\t<sr7-slide id=\"SR7_9_1-18\" data-key=\"18\">\n\t\t\t\t\t\t<\/sr7-slide>\n\t\t\t\t\t<\/sr7-content>\n\t\t\t\t\t<image_lists style=\"display:none\">\n\t\t\t\t\t\t<img data-src=\"\/\/live-aton-sabik.pantheonsite.io\/wp-content\/uploads\/2024\/10\/dots-diag-6.png\" data-libid=\"624\" title=\"dots-diag-6\" width=\"0\" height=\"0\" data-dbsrc=\"Ly9saXZlLWF0b24tc2FiaWsucGFudGhlb25zaXRlLmlvL3dwLWNvbnRlbnQvdXBsb2Fkcy8yMDI0LzEwL2RvdHMtZGlhZy02LnBuZw==\"\/>\n\t\t\t\t\t\t<img data-src=\"\/\/live-aton-sabik.pantheonsite.io\/wp-content\/uploads\/2024\/10\/slider-railroad.jpg\" data-libid=\"611\" data-lib=\"medialibrary\" title=\"slider-railroad\" width=\"0\" height=\"0\" data-dbsrc=\"Ly9saXZlLWF0b24tc2FiaWsucGFudGhlb25zaXRlLmlvL3dwLWNvbnRlbnQvdXBsb2Fkcy8yMDI0LzEwL3NsaWRlci1yYWlscm9hZC5qcGc=\"\/>\n\t\t\t\t\t<\/image_lists>\n\t\t\t\t<\/sr7-module>\n\t\t\t\t<script>\n\t\t\t\t\twindow.SR7 ??={};SR7.PMH ??={}; SR7.PMH[\"SR7_9_1\"] = {cn:100,state:false,fn: function() { if (window._tpt!==undefined && window._tpt.prepareModuleHeight !== undefined) {  _tpt.prepareModuleHeight({id:\"SR7_9_1\",el:[500,500,768,960,720],type:'standard',shdw:'0',gh:[500,500,413,314,194],gw:[1240,1240,1024,778,480],vpt:['100px'],size:{fullWidth:true, fullHeight:false},mh:'0',onh:0,onw:0,bg:{color:'{\"orig\":\"transparent\",\"type\":\"solid\",\"string\":\"transparent\"}'}});   SR7.PMH[\"SR7_9_1\"].state=true;} else if(SR7.PMH[\"SR7_9_1\"].cn-->0)\tsetTimeout( SR7.PMH[\"SR7_9_1\"].fn,19);}};SR7.PMH[\"SR7_9_1\" ].fn();\n\t\t\t\t<\/script>\n[\/vc_column][\/vc_row][vc_row][vc_column][mk_padding_divider size=\u00bb55&#8243;][\/vc_column][\/vc_row][vc_row][vc_column width=\u00bb1\/2&#8243;][vc_column_text el_class=\u00bbingressi\u00bb css=\u00bb.vc_custom_1729060367419{margin-bottom: 0px !important;}\u00bb]\n<h2>Alcance mundial y fabricaci\u00f3n avanzada<\/h2>\n[\/vc_column_text][\/vc_column][vc_column width=\u00bb1\/2&#8243;][vc_column_text css=\u00bb.vc_custom_1729060954865{margin-bottom: 0px !important;}\u00bb]Las se\u00f1ales LED no requieren mantenimiento, son mec\u00e1nicamente robustas y fiables y tienen un consumo de energ\u00eda inferior a las se\u00f1ales incandescentes utilizadas anteriormente. Las se\u00f1ales Sabik son apreciadas por su rendimiento luminoso, fiabilidad, modularidad y funcionalidad. Al seleccionar una se\u00f1al Sabik, no s\u00f3lo obtiene un producto fiable, sino tambi\u00e9n una unidad de se\u00f1al inteligente que puede configurarse para adaptarse a diferentes tipos de interconexi\u00f3n. Nuestra larga experiencia como dise\u00f1adores y proveedores de se\u00f1ales LED nos ha ense\u00f1ado a no comprometer la seguridad en ninguna situaci\u00f3n.[\/vc_column_text][\/vc_column][\/vc_row][vc_row][vc_column][mk_padding_divider][\/vc_column][\/vc_row][vc_row][vc_column width=\u00bb1\/2&#8243;][vc_column_text el_class=\u00bbingressi\u00bb css=\u00bb.vc_custom_1729060416527{margin-bottom: 0px !important;}\u00bb]\n<h2>Conjuntos de sistemas<\/h2>\n[\/vc_column_text][\/vc_column][vc_column width=\u00bb1\/2&#8243;][vc_column_text css=\u00bb.vc_custom_1729060433793{margin-bottom: 0px !important;}\u00bb]Sabik se especializa en una gama de productos y montajes relacionados con proyectos ferroviarios, incluidas se\u00f1ales de cruce ferroviario con tableros de respaldo, se\u00f1ales de cruce ferroviario dise\u00f1adas para albergar en carcasas est\u00e1ndar para sem\u00e1foros y se\u00f1ales especiales de mensaje variable. Adem\u00e1s, Sabik suministra carcasas para se\u00f1ales ferroviarias, carcasas para sem\u00e1foros y estructuras de soporte de acero a medida.[\/vc_column_text][\/vc_column][\/vc_row][vc_row][vc_column][mk_divider style=\u00bbthin_solid\u00bb margin_top=\u00bb60&#8243; margin_bottom=\u00bb60&#8243;][\/vc_column][\/vc_row][vc_row][vc_column width=\u00bb1\/2&#8243;][vc_column_text el_class=\u00bbingressi\u00bb css=\u00bb.vc_custom_1729060497747{margin-bottom: 0px !important;}\u00bb]\n<h2>Grupos de productos<\/h2>\n[\/vc_column_text][\/vc_column][vc_column width=\u00bb1\/2&#8243;][\/vc_column][\/vc_row][vc_row][vc_column width=\u00bb1\/6&#8243;][\/vc_column][vc_column width=\u00bb2\/6&#8243;][vc_column_text el_class=\u00bbkuvalinkki\u00bb css=\u00bb.vc_custom_1737374230292{margin-bottom: 0px !important;}\u00bb]\n<h3 style=\"text-align: center;\"><a href=\"\/es\/senales-ferroviarias\/senales-principales-y-distantes\/\"><img loading=\"lazy\" decoding=\"async\" class=\"alignnone size-full wp-image-489\" src=\"https:\/\/sabik.com\/wp-content\/uploads\/2024\/10\/main-and-distant-signals.jpg\" alt=\"Main and Distant Signals\" width=\"300\" height=\"240\" srcset=\"https:\/\/sabik.com\/wp-content\/uploads\/2024\/10\/main-and-distant-signals.jpg 1000w, https:\/\/sabik.com\/wp-content\/uploads\/2024\/10\/main-and-distant-signals-300x240.jpg 300w, https:\/\/sabik.com\/wp-content\/uploads\/2024\/10\/main-and-distant-signals-768x614.jpg 768w, https:\/\/sabik.com\/wp-content\/uploads\/2024\/10\/main-and-distant-signals-600x479.jpg 600w\" sizes=\"auto, (max-width: 300px) 100vw, 300px\" \/><\/a><\/h3>\n<h3 style=\"text-align: center;\"><a href=\"\/es\/senales-ferroviarias\/senales-principales-y-distantes\/\">Se\u00f1ales principales<\/a><br \/>\n<a href=\"\/es\/senales-ferroviarias\/senales-principales-y-distantes\/\">y distantes<\/a><\/h3>\n[\/vc_column_text][mk_padding_divider][\/vc_column][vc_column width=\u00bb2\/6&#8243;][vc_column_text el_class=\u00bbkuvalinkki\u00bb css=\u00bb.vc_custom_1737374214346{margin-bottom: 0px !important;}\u00bb]\n<h3 style=\"text-align: center;\"><a href=\"\/es\/senales-ferroviarias\/senales-de-maniobra\/\"><img loading=\"lazy\" decoding=\"async\" class=\"alignnone size-full wp-image-488\" src=\"https:\/\/sabik.com\/wp-content\/uploads\/2024\/10\/shunting-signals.jpg\" alt=\"Shunting Signals\" width=\"300\" height=\"240\" srcset=\"https:\/\/sabik.com\/wp-content\/uploads\/2024\/10\/shunting-signals.jpg 1000w, https:\/\/sabik.com\/wp-content\/uploads\/2024\/10\/shunting-signals-300x240.jpg 300w, https:\/\/sabik.com\/wp-content\/uploads\/2024\/10\/shunting-signals-768x614.jpg 768w, https:\/\/sabik.com\/wp-content\/uploads\/2024\/10\/shunting-signals-600x479.jpg 600w\" sizes=\"auto, (max-width: 300px) 100vw, 300px\" \/><\/a><\/h3>\n<h3 style=\"text-align: center;\"><a href=\"\/es\/senales-ferroviarias\/senales-de-maniobra\/\">Se\u00f1ales de maniobra<\/a><\/h3>\n[\/vc_column_text][mk_padding_divider][\/vc_column][vc_column width=\u00bb1\/6&#8243;][\/vc_column][\/vc_row][vc_row][vc_column width=\u00bb1\/6&#8243;][\/vc_column][vc_column width=\u00bb2\/6&#8243;][vc_column_text el_class=\u00bbingressi\u00bb css=\u00bb.vc_custom_1737374258121{margin-bottom: 0px !important;}\u00bb]\n<h3 style=\"text-align: center;\"><a href=\"\/es\/senales-ferroviarias\/cruces-ferroviarios\/\"><img loading=\"lazy\" decoding=\"async\" class=\"alignnone size-full wp-image-490\" src=\"https:\/\/sabik.com\/wp-content\/uploads\/2024\/10\/railway-crossings.jpg\" alt=\"Railway Crossings\" width=\"300\" height=\"240\" srcset=\"https:\/\/sabik.com\/wp-content\/uploads\/2024\/10\/railway-crossings.jpg 800w, https:\/\/sabik.com\/wp-content\/uploads\/2024\/10\/railway-crossings-300x240.jpg 300w, https:\/\/sabik.com\/wp-content\/uploads\/2024\/10\/railway-crossings-768x613.jpg 768w, https:\/\/sabik.com\/wp-content\/uploads\/2024\/10\/railway-crossings-600x479.jpg 600w\" sizes=\"auto, (max-width: 300px) 100vw, 300px\" \/><\/a><\/h3>\n<h3 style=\"text-align: center;\"><a href=\"\/es\/senales-ferroviarias\/cruces-ferroviarios\/\">Cruces ferroviarios<\/a><\/h3>\n[\/vc_column_text][mk_padding_divider][\/vc_column][vc_column width=\u00bb2\/6&#8243;][vc_column_text el_class=\u00bbingressi\u00bb css=\u00bb.vc_custom_1737374296053{margin-bottom: 0px !important;}\u00bb]\n<h3 style=\"text-align: center;\"><a href=\"\/es\/senales-ferroviarias\/otras-soluciones-de-senalizacion\/\"><img loading=\"lazy\" decoding=\"async\" class=\"alignnone size-full wp-image-487\" src=\"https:\/\/sabik.com\/wp-content\/uploads\/2024\/10\/other-signalling-solutions.jpg\" alt=\"Other Signalling Solutions\" width=\"300\" height=\"240\" srcset=\"https:\/\/sabik.com\/wp-content\/uploads\/2024\/10\/other-signalling-solutions.jpg 1000w, https:\/\/sabik.com\/wp-content\/uploads\/2024\/10\/other-signalling-solutions-300x240.jpg 300w, https:\/\/sabik.com\/wp-content\/uploads\/2024\/10\/other-signalling-solutions-768x614.jpg 768w, https:\/\/sabik.com\/wp-content\/uploads\/2024\/10\/other-signalling-solutions-600x479.jpg 600w\" sizes=\"auto, (max-width: 300px) 100vw, 300px\" \/><\/a><\/h3>\n<h3 style=\"text-align: center;\"><a href=\"\/es\/senales-ferroviarias\/otras-soluciones-de-senalizacion\/\">Otras soluciones<\/a><br \/>\n<a href=\"\/es\/senales-ferroviarias\/otras-soluciones-de-senalizacion\/\">de se\u00f1alizaci\u00f3n<\/a><\/h3>\n[\/vc_column_text][mk_padding_divider][\/vc_column][vc_column width=\u00bb1\/6&#8243;][\/vc_column][\/vc_row][vc_row][vc_column][mk_divider style=\u00bbthin_solid\u00bb margin_top=\u00bb60&#8243; margin_bottom=\u00bb60&#8243;][\/vc_column][\/vc_row][vc_row][vc_column width=\u00bb1\/2&#8243;][vc_column_text el_class=\u00bbingressi\u00bb css=\u00bb.vc_custom_1729060525441{margin-bottom: 0px !important;}\u00bb]\n<h2>Cont\u00e1ctenos<\/h2>\n[\/vc_column_text][\/vc_column][vc_column width=\u00bb1\/2&#8243;][vc_column_text css=\u00bb.vc_custom_1729060545577{margin-bottom: 0px !important;}\u00bb]\n<h3>SABIK\/SPX Aids to Navigation Oy<\/h3>\n<p><strong>Sebastian \u00d6hman<\/strong><br \/>\nDirector de ventas de ferrocarril y carretera<\/p>\n<p>Tel.: +358 505781509<br \/>\n&#x73;&#101;&#98;a&#x73;&#x74;&#105;a&#x6e;&#x2e;&#111;h&#x6d;&#x61;&#110;&#64;&#x73;&#x70;&#120;&#46;&#x63;&#x6f;&#109;[\/vc_column_text][\/vc_column][\/vc_row]\n<\/div>","protected":false},"excerpt":{"rendered":"<p>[vc_row][vc_column width=\u00bb1\/6&#8243;][\/vc_column][vc_column width=\u00bb2\/3&#8243;][vc_column_text el_class=\u00bbingressi\u00bb css=\u00bb.vc_custom_1729061044775{margin-bottom: 0px !important;}\u00bb] Se\u00f1ales ferroviarias Adem\u00e1s de nuestro negocio mar\u00edtimo, tambi\u00e9n desarrollamos y producimos se\u00f1ales ferroviarias. La gama de se\u00f1ales LED de Sabik cubre una amplia gama de aplicaciones utilizadas actualmente en el sistema de se\u00f1alizaci\u00f3n ferroviaria. [\/vc_column_text][\/vc_column][vc_column width=\u00bb1\/6&#8243;][\/vc_column][\/vc_row][vc_row][vc_column][mk_padding_divider][\/vc_column][\/vc_row][vc_row][vc_column][\/vc_column][\/vc_row][vc_row][vc_column][mk_padding_divider size=\u00bb55&#8243;][\/vc_column][\/vc_row][vc_row][vc_column width=\u00bb1\/2&#8243;][vc_column_text el_class=\u00bbingressi\u00bb css=\u00bb.vc_custom_1729060367419{margin-bottom: 0px !important;}\u00bb] Alcance mundial y fabricaci\u00f3n avanzada [\/vc_column_text][\/vc_column][vc_column width=\u00bb1\/2&#8243;][vc_column_text css=\u00bb.vc_custom_1729060954865{margin-bottom: 0px !important;}\u00bb]Las se\u00f1ales LED no requieren mantenimiento, son mec\u00e1nicamente robustas y fiables y tienen un consumo de energ\u00eda inferior a las se\u00f1ales incandescentes utilizadas anteriormente. Las se\u00f1ales Sabik son apreciadas por su rendimiento luminoso, fiabilidad, modularidad y funcionalidad. Al seleccionar una se\u00f1al Sabik, no s\u00f3lo obtiene un producto fiable, sino tambi\u00e9n una unidad de se\u00f1al inteligente que puede configurarse para adaptarse a diferentes tipos de interconexi\u00f3n. Nuestra larga experiencia como dise\u00f1adores y proveedores de se\u00f1ales LED nos ha ense\u00f1ado a no comprometer la seguridad en ninguna situaci\u00f3n.[\/vc_column_text][\/vc_column][\/vc_row][vc_row][vc_column][mk_padding_divider][\/vc_column][\/vc_row][vc_row][vc_column width=\u00bb1\/2&#8243;][vc_column_text el_class=\u00bbingressi\u00bb css=\u00bb.vc_custom_1729060416527{margin-bottom: 0px !important;}\u00bb] Conjuntos [&hellip;]<\/p>\n","protected":false},"author":1,"featured_media":0,"parent":0,"menu_order":0,"comment_status":"closed","ping_status":"closed","template":"","meta":{"_improvement_type_select":"improve_an_existing","_thumb_yes_seoaic":false,"_frame_yes_seoaic":false,"seoaic_generate_description":"","seoaic_improve_instructions_prompt":"","seoaic_rollback_content_improvement":"","seoaic_idea_thumbnail_generator":"","thumbnail_generated":false,"thumbnail_generate_prompt":"","seoaic_article_description":"","footnotes":""},"class_list":["post-2347","page","type-page","status-publish","hentry"],"yoast_head":"<!-- This site is optimized with the Yoast SEO Premium plugin v26.2 (Yoast SEO v27.4) - https:\/\/yoast.com\/product\/yoast-seo-premium-wordpress\/ -->\n<title>Se\u00f1ales ferroviarias | Sabik %<\/title>\n<meta name=\"description\" content=\"Sabik desarrolla y produce se\u00f1ales ferroviarias que cubren una amplia gama de aplicaciones utilizadas actualmente en el sistema de se\u00f1alizaci\u00f3n ferroviaria.\" \/>\n<meta name=\"robots\" content=\"index, follow, max-snippet:-1, max-image-preview:large, max-video-preview:-1\" \/>\n<link rel=\"canonical\" href=\"https:\/\/sabik.com\/es\/senales-ferroviarias\/\" \/>\n<meta property=\"og:locale\" content=\"es_ES\" \/>\n<meta property=\"og:type\" content=\"article\" \/>\n<meta property=\"og:title\" content=\"Se\u00f1ales ferroviarias\" \/>\n<meta property=\"og:description\" content=\"Sabik desarrolla y produce se\u00f1ales ferroviarias que cubren una amplia gama de aplicaciones utilizadas actualmente en el sistema de se\u00f1alizaci\u00f3n ferroviaria.\" \/>\n<meta property=\"og:url\" content=\"https:\/\/sabik.com\/es\/senales-ferroviarias\/\" \/>\n<meta property=\"og:site_name\" content=\"Sabik\" \/>\n<meta property=\"article:modified_time\" content=\"2025-01-20T11:58:24+00:00\" \/>\n<meta property=\"og:image\" content=\"https:\/\/sabik.com\/wp-content\/uploads\/2024\/10\/main-and-distant-signals.jpg\" \/>\n<meta name=\"twitter:card\" content=\"summary_large_image\" \/>\n<meta name=\"twitter:label1\" content=\"Tiempo de lectura\" \/>\n\t<meta name=\"twitter:data1\" content=\"3 minutos\" \/>\n<script type=\"application\/ld+json\" class=\"yoast-schema-graph\">{\"@context\":\"https:\\\/\\\/schema.org\",\"@graph\":[{\"@type\":\"WebPage\",\"@id\":\"https:\\\/\\\/sabik.com\\\/es\\\/senales-ferroviarias\\\/\",\"url\":\"https:\\\/\\\/sabik.com\\\/es\\\/senales-ferroviarias\\\/\",\"name\":\"Se\u00f1ales ferroviarias | Sabik %\",\"isPartOf\":{\"@id\":\"https:\\\/\\\/sabik.com\\\/#website\"},\"primaryImageOfPage\":{\"@id\":\"https:\\\/\\\/sabik.com\\\/es\\\/senales-ferroviarias\\\/#primaryimage\"},\"image\":{\"@id\":\"https:\\\/\\\/sabik.com\\\/es\\\/senales-ferroviarias\\\/#primaryimage\"},\"thumbnailUrl\":\"https:\\\/\\\/sabik.com\\\/wp-content\\\/uploads\\\/2024\\\/10\\\/main-and-distant-signals.jpg\",\"datePublished\":\"2024-10-16T06:40:50+00:00\",\"dateModified\":\"2025-01-20T11:58:24+00:00\",\"description\":\"Sabik desarrolla y produce se\u00f1ales ferroviarias que cubren una amplia gama de aplicaciones utilizadas actualmente en el sistema de se\u00f1alizaci\u00f3n ferroviaria.\",\"breadcrumb\":{\"@id\":\"https:\\\/\\\/sabik.com\\\/es\\\/senales-ferroviarias\\\/#breadcrumb\"},\"inLanguage\":\"es\",\"potentialAction\":[{\"@type\":\"ReadAction\",\"target\":[\"https:\\\/\\\/sabik.com\\\/es\\\/senales-ferroviarias\\\/\"]}]},{\"@type\":\"ImageObject\",\"inLanguage\":\"es\",\"@id\":\"https:\\\/\\\/sabik.com\\\/es\\\/senales-ferroviarias\\\/#primaryimage\",\"url\":\"https:\\\/\\\/sabik.com\\\/wp-content\\\/uploads\\\/2024\\\/10\\\/main-and-distant-signals.jpg\",\"contentUrl\":\"https:\\\/\\\/sabik.com\\\/wp-content\\\/uploads\\\/2024\\\/10\\\/main-and-distant-signals.jpg\"},{\"@type\":\"BreadcrumbList\",\"@id\":\"https:\\\/\\\/sabik.com\\\/es\\\/senales-ferroviarias\\\/#breadcrumb\",\"itemListElement\":[{\"@type\":\"ListItem\",\"position\":1,\"name\":\"Home\",\"item\":\"https:\\\/\\\/sabik.com\\\/es\\\/\"},{\"@type\":\"ListItem\",\"position\":2,\"name\":\"Se\u00f1ales ferroviarias\"}]},{\"@type\":\"WebSite\",\"@id\":\"https:\\\/\\\/sabik.com\\\/#website\",\"url\":\"https:\\\/\\\/sabik.com\\\/\",\"name\":\"Sabik\",\"description\":\"Global Leader in Maritime Aids to Navigation\",\"potentialAction\":[{\"@type\":\"SearchAction\",\"target\":{\"@type\":\"EntryPoint\",\"urlTemplate\":\"https:\\\/\\\/sabik.com\\\/?s={search_term_string}\"},\"query-input\":{\"@type\":\"PropertyValueSpecification\",\"valueRequired\":true,\"valueName\":\"search_term_string\"}}],\"inLanguage\":\"es\"}]}<\/script>\n<!-- \/ Yoast SEO Premium plugin. -->","yoast_head_json":{"title":"Se\u00f1ales ferroviarias | Sabik %","description":"Sabik desarrolla y produce se\u00f1ales ferroviarias que cubren una amplia gama de aplicaciones utilizadas actualmente en el sistema de se\u00f1alizaci\u00f3n ferroviaria.","robots":{"index":"index","follow":"follow","max-snippet":"max-snippet:-1","max-image-preview":"max-image-preview:large","max-video-preview":"max-video-preview:-1"},"canonical":"https:\/\/sabik.com\/es\/senales-ferroviarias\/","og_locale":"es_ES","og_type":"article","og_title":"Se\u00f1ales ferroviarias","og_description":"Sabik desarrolla y produce se\u00f1ales ferroviarias que cubren una amplia gama de aplicaciones utilizadas actualmente en el sistema de se\u00f1alizaci\u00f3n ferroviaria.","og_url":"https:\/\/sabik.com\/es\/senales-ferroviarias\/","og_site_name":"Sabik","article_modified_time":"2025-01-20T11:58:24+00:00","og_image":[{"url":"https:\/\/sabik.com\/wp-content\/uploads\/2024\/10\/main-and-distant-signals.jpg","type":"","width":"","height":""}],"twitter_card":"summary_large_image","twitter_misc":{"Tiempo de lectura":"3 minutos"},"schema":{"@context":"https:\/\/schema.org","@graph":[{"@type":"WebPage","@id":"https:\/\/sabik.com\/es\/senales-ferroviarias\/","url":"https:\/\/sabik.com\/es\/senales-ferroviarias\/","name":"Se\u00f1ales ferroviarias | Sabik %","isPartOf":{"@id":"https:\/\/sabik.com\/#website"},"primaryImageOfPage":{"@id":"https:\/\/sabik.com\/es\/senales-ferroviarias\/#primaryimage"},"image":{"@id":"https:\/\/sabik.com\/es\/senales-ferroviarias\/#primaryimage"},"thumbnailUrl":"https:\/\/sabik.com\/wp-content\/uploads\/2024\/10\/main-and-distant-signals.jpg","datePublished":"2024-10-16T06:40:50+00:00","dateModified":"2025-01-20T11:58:24+00:00","description":"Sabik desarrolla y produce se\u00f1ales ferroviarias que cubren una amplia gama de aplicaciones utilizadas actualmente en el sistema de se\u00f1alizaci\u00f3n ferroviaria.","breadcrumb":{"@id":"https:\/\/sabik.com\/es\/senales-ferroviarias\/#breadcrumb"},"inLanguage":"es","potentialAction":[{"@type":"ReadAction","target":["https:\/\/sabik.com\/es\/senales-ferroviarias\/"]}]},{"@type":"ImageObject","inLanguage":"es","@id":"https:\/\/sabik.com\/es\/senales-ferroviarias\/#primaryimage","url":"https:\/\/sabik.com\/wp-content\/uploads\/2024\/10\/main-and-distant-signals.jpg","contentUrl":"https:\/\/sabik.com\/wp-content\/uploads\/2024\/10\/main-and-distant-signals.jpg"},{"@type":"BreadcrumbList","@id":"https:\/\/sabik.com\/es\/senales-ferroviarias\/#breadcrumb","itemListElement":[{"@type":"ListItem","position":1,"name":"Home","item":"https:\/\/sabik.com\/es\/"},{"@type":"ListItem","position":2,"name":"Se\u00f1ales ferroviarias"}]},{"@type":"WebSite","@id":"https:\/\/sabik.com\/#website","url":"https:\/\/sabik.com\/","name":"Sabik","description":"Global Leader in Maritime Aids to Navigation","potentialAction":[{"@type":"SearchAction","target":{"@type":"EntryPoint","urlTemplate":"https:\/\/sabik.com\/?s={search_term_string}"},"query-input":{"@type":"PropertyValueSpecification","valueRequired":true,"valueName":"search_term_string"}}],"inLanguage":"es"}]}},"_links":{"self":[{"href":"https:\/\/sabik.com\/es\/wp-json\/wp\/v2\/pages\/2347","targetHints":{"allow":["GET"]}}],"collection":[{"href":"https:\/\/sabik.com\/es\/wp-json\/wp\/v2\/pages"}],"about":[{"href":"https:\/\/sabik.com\/es\/wp-json\/wp\/v2\/types\/page"}],"author":[{"embeddable":true,"href":"https:\/\/sabik.com\/es\/wp-json\/wp\/v2\/users\/1"}],"replies":[{"embeddable":true,"href":"https:\/\/sabik.com\/es\/wp-json\/wp\/v2\/comments?post=2347"}],"version-history":[{"count":3,"href":"https:\/\/sabik.com\/es\/wp-json\/wp\/v2\/pages\/2347\/revisions"}],"predecessor-version":[{"id":2598,"href":"https:\/\/sabik.com\/es\/wp-json\/wp\/v2\/pages\/2347\/revisions\/2598"}],"wp:attachment":[{"href":"https:\/\/sabik.com\/es\/wp-json\/wp\/v2\/media?parent=2347"}],"curies":[{"name":"wp","href":"https:\/\/api.w.org\/{rel}","templated":true}]}}