{"id":2354,"date":"2024-10-09T09:34:35","date_gmt":"2024-10-09T06:34:35","guid":{"rendered":"https:\/\/sabik.com\/personal\/"},"modified":"2025-01-28T10:48:47","modified_gmt":"2025-01-28T08:48:47","slug":"personal","status":"publish","type":"page","link":"https:\/\/sabik.com\/es\/acerca-de-nosotros\/personal\/","title":{"rendered":"Personal"},"content":{"rendered":"<div class=\"wpb-content-wrapper\">[vc_row][vc_column width=\u00bb1\/6&#8243;][\/vc_column][vc_column width=\u00bb2\/3&#8243;][vc_column_text el_class=\u00bbingressi\u00bb css=\u00bb.vc_custom_1730803508970{margin-bottom: 0px !important;}\u00bb]\n<h1 style=\"text-align: center;\">Personal<\/h1>\n<p style=\"text-align: center;\">En Sabik, creemos que nuestro personal es nuestro activo m\u00e1s valioso. Su experiencia y dedicaci\u00f3n son la fuerza motriz de nuestra capacidad para satisfacer las necesidades en constante evoluci\u00f3n de nuestros clientes y superar los l\u00edmites de la innovaci\u00f3n.<\/p>\n[\/vc_column_text][\/vc_column][vc_column width=\u00bb1\/6&#8243;][\/vc_column][\/vc_row][vc_row][vc_column][mk_padding_divider][\/vc_column][\/vc_row][vc_row][vc_column]\n\t\t\t\t<p class=\"rs-p-wp-fix\"><\/p>\n\t\t\t\t<sr7-module data-alias=\"people-en\" data-id=\"8\" id=\"SR7_8_1\" class=\"rs-ov-hidden\" data-version=\"6.7.51\">\n\t\t\t\t\t<sr7-adjuster><\/sr7-adjuster>\n\t\t\t\t\t<sr7-content>\n\t\t\t\t\t\t<sr7-slide id=\"SR7_8_1-15\" data-key=\"15\">\n\t\t\t\t\t\t\t<sr7-bg id=\"SR7_8_1-15-1\" class=\"sr7-layer\"><noscript><img decoding=\"async\" src=\"https:\/\/live-aton-sabik.pantheonsite.io\/wp-content\/uploads\/2024\/10\/slider-people.jpg\" alt=\"\" title=\"slider-people\"><\/noscript><\/sr7-bg>\n\t\t\t\t\t\t<\/sr7-slide>\n\t\t\t\t\t\t<sr7-slide id=\"SR7_8_1-16\" data-key=\"16\">\n\t\t\t\t\t\t<\/sr7-slide>\n\t\t\t\t\t<\/sr7-content>\n\t\t\t\t\t<image_lists style=\"display:none\">\n\t\t\t\t\t\t<img data-src=\"\/\/live-aton-sabik.pantheonsite.io\/wp-content\/uploads\/2024\/10\/dots-diag-w-6.png\" data-libid=\"623\" title=\"dots-diag-w-6\" width=\"0\" height=\"0\" data-dbsrc=\"Ly9saXZlLWF0b24tc2FiaWsucGFudGhlb25zaXRlLmlvL3dwLWNvbnRlbnQvdXBsb2Fkcy8yMDI0LzEwL2RvdHMtZGlhZy13LTYucG5n\"\/>\n\t\t\t\t\t\t<img data-src=\"\/\/live-aton-sabik.pantheonsite.io\/wp-content\/uploads\/2024\/10\/slider-people.jpg\" data-libid=\"616\" data-lib=\"medialibrary\" title=\"slider-people\" width=\"0\" height=\"0\" data-dbsrc=\"Ly9saXZlLWF0b24tc2FiaWsucGFudGhlb25zaXRlLmlvL3dwLWNvbnRlbnQvdXBsb2Fkcy8yMDI0LzEwL3NsaWRlci1wZW9wbGUuanBn\"\/>\n\t\t\t\t\t<\/image_lists>\n\t\t\t\t<\/sr7-module>\n\t\t\t\t<script>\n\t\t\t\t\twindow.SR7 ??={};SR7.PMH ??={}; SR7.PMH[\"SR7_8_1\"] = {cn:100,state:false,fn: function() { if (window._tpt!==undefined && window._tpt.prepareModuleHeight !== undefined) {  _tpt.prepareModuleHeight({id:\"SR7_8_1\",el:[500,500,768,960,720],type:'standard',shdw:'0',gh:[500,500,413,314,194],gw:[1240,1240,1024,778,480],vpt:['100px'],size:{fullWidth:true, fullHeight:false},mh:'0',onh:0,onw:0,bg:{color:'{\"orig\":\"transparent\",\"type\":\"solid\",\"string\":\"transparent\"}'}});   SR7.PMH[\"SR7_8_1\"].state=true;} else if(SR7.PMH[\"SR7_8_1\"].cn-->0)\tsetTimeout( SR7.PMH[\"SR7_8_1\"].fn,19);}};SR7.PMH[\"SR7_8_1\" ].fn();\n\t\t\t\t<\/script>\n[\/vc_column][\/vc_row][vc_row][vc_column][mk_padding_divider size=\u00bb55&#8243;][\/vc_column][\/vc_row][vc_row][vc_column width=\u00bb1\/2&#8243;][vc_column_text el_class=\u00bbingressi\u00bb css=\u00bb.vc_custom_1728455643418{margin-bottom: 0px !important;}\u00bb]\n<h2>Compromiso con el crecimiento y el aprendizaje<\/h2>\n[\/vc_column_text][\/vc_column][vc_column width=\u00bb1\/2&#8243;][vc_column_text css=\u00bb.vc_custom_1730804077447{margin-bottom: 0px !important;}\u00bb]Fomentamos un entorno propicio que fomenta el desarrollo profesional y el aprendizaje continuo. Al invertir en el crecimiento de cada persona, nos aseguramos de que nuestro equipo lidere el sector con competencias y conocimientos de vanguardia, preparado para impulsar la innovaci\u00f3n.[\/vc_column_text][\/vc_column][\/vc_row][vc_row][vc_column][mk_padding_divider][\/vc_column][\/vc_row][vc_row][vc_column width=\u00bb1\/2&#8243;][vc_column_text el_class=\u00bbingressi\u00bb css=\u00bb.vc_custom_1730803721451{margin-bottom: 0px !important;}\u00bb]\n<h2>Equilibrar la experiencia con nuevas perspectivas<\/h2>\n[\/vc_column_text][\/vc_column][vc_column width=\u00bb1\/2&#8243;][vc_column_text css=\u00bb.vc_custom_1730803703441{margin-bottom: 0px !important;}\u00bb]Muchos de nuestros empleados llevan varios a\u00f1os con nosotros, algunos m\u00e1s de dos d\u00e9cadas. Apreciamos esta profunda experiencia acumulada a lo largo de los a\u00f1os, al tiempo que acogemos con satisfacci\u00f3n las nuevas perspectivas y puntos de vista que aportan los nuevos miembros del equipo. Juntos formamos un equipo diverso y altamente capacitado que se nutre de la colaboraci\u00f3n, la innovaci\u00f3n y el compromiso compartido con la excelencia.<\/p>\n<p>Trabajando en distintos equipos y disciplinas, nuestros empleados afrontan hoy los retos del ma\u00f1ana. Este esp\u00edritu de colaboraci\u00f3n garantiza que cada producto refleje la experiencia, la creatividad y la visi\u00f3n de toda nuestra organizaci\u00f3n.[\/vc_column_text][\/vc_column][\/vc_row][vc_row][vc_column][mk_padding_divider][mk_gallery images=\u00bb229&#8243; column=\u00bb1&#8243; image_size=\u00bbfull\u00bb hover_scenarios=\u00bbslow_zoom\u00bb item_spacing=\u00bb0&#8243; margin_bottom=\u00bb0&#8243;][mk_padding_divider][\/vc_column][\/vc_row]\n<\/div>","protected":false},"excerpt":{"rendered":"<p>[vc_row][vc_column width=\u00bb1\/6&#8243;][\/vc_column][vc_column width=\u00bb2\/3&#8243;][vc_column_text el_class=\u00bbingressi\u00bb css=\u00bb.vc_custom_1730803508970{margin-bottom: 0px !important;}\u00bb] Personal En Sabik, creemos que nuestro personal es nuestro activo m\u00e1s valioso. Su experiencia y dedicaci\u00f3n son la fuerza motriz de nuestra capacidad para satisfacer las necesidades en constante evoluci\u00f3n de nuestros clientes y superar los l\u00edmites de la innovaci\u00f3n. [\/vc_column_text][\/vc_column][vc_column width=\u00bb1\/6&#8243;][\/vc_column][\/vc_row][vc_row][vc_column][mk_padding_divider][\/vc_column][\/vc_row][vc_row][vc_column][\/vc_column][\/vc_row][vc_row][vc_column][mk_padding_divider size=\u00bb55&#8243;][\/vc_column][\/vc_row][vc_row][vc_column width=\u00bb1\/2&#8243;][vc_column_text el_class=\u00bbingressi\u00bb css=\u00bb.vc_custom_1728455643418{margin-bottom: 0px !important;}\u00bb] Compromiso con el crecimiento y el aprendizaje [\/vc_column_text][\/vc_column][vc_column width=\u00bb1\/2&#8243;][vc_column_text css=\u00bb.vc_custom_1730804077447{margin-bottom: 0px !important;}\u00bb]Fomentamos un entorno propicio que fomenta el desarrollo profesional y el aprendizaje continuo. Al invertir en el crecimiento de cada persona, nos aseguramos de que nuestro equipo lidere el sector con competencias y conocimientos de vanguardia, preparado para impulsar la innovaci\u00f3n.[\/vc_column_text][\/vc_column][\/vc_row][vc_row][vc_column][mk_padding_divider][\/vc_column][\/vc_row][vc_row][vc_column width=\u00bb1\/2&#8243;][vc_column_text el_class=\u00bbingressi\u00bb css=\u00bb.vc_custom_1730803721451{margin-bottom: 0px !important;}\u00bb] Equilibrar la experiencia con nuevas perspectivas [\/vc_column_text][\/vc_column][vc_column width=\u00bb1\/2&#8243;][vc_column_text css=\u00bb.vc_custom_1730803703441{margin-bottom: 0px !important;}\u00bb]Muchos de nuestros empleados llevan varios a\u00f1os con nosotros, algunos m\u00e1s de dos d\u00e9cadas. Apreciamos esta profunda experiencia acumulada a lo largo de los a\u00f1os, al tiempo que [&hellip;]<\/p>\n","protected":false},"author":1,"featured_media":0,"parent":2544,"menu_order":0,"comment_status":"closed","ping_status":"closed","template":"","meta":{"_improvement_type_select":"improve_an_existing","_thumb_yes_seoaic":false,"_frame_yes_seoaic":false,"seoaic_generate_description":"","seoaic_improve_instructions_prompt":"","seoaic_rollback_content_improvement":"","seoaic_idea_thumbnail_generator":"","thumbnail_generated":false,"thumbnail_generate_prompt":"","seoaic_article_description":"","footnotes":""},"class_list":["post-2354","page","type-page","status-publish","hentry"],"yoast_head":"<!-- This site is optimized with the Yoast SEO Premium plugin v26.2 (Yoast SEO v27.4) - https:\/\/yoast.com\/product\/yoast-seo-premium-wordpress\/ -->\n<title>Personal | Sabik<\/title>\n<meta name=\"description\" content=\"El personal de Sabik es nuestro activo m\u00e1s valioso. Son la fuerza motriz de nuestra capacidad para superar los l\u00edmites de la innovaci\u00f3n.\" \/>\n<meta name=\"robots\" content=\"index, follow, max-snippet:-1, max-image-preview:large, max-video-preview:-1\" \/>\n<link rel=\"canonical\" href=\"https:\/\/sabik.com\/es\/acerca-de-nosotros\/personal\/\" \/>\n<meta property=\"og:locale\" content=\"es_ES\" \/>\n<meta property=\"og:type\" content=\"article\" \/>\n<meta property=\"og:title\" content=\"Personal\" \/>\n<meta property=\"og:description\" content=\"El personal de Sabik es nuestro activo m\u00e1s valioso. Son la fuerza motriz de nuestra capacidad para superar los l\u00edmites de la innovaci\u00f3n.\" \/>\n<meta property=\"og:url\" content=\"https:\/\/sabik.com\/es\/acerca-de-nosotros\/personal\/\" \/>\n<meta property=\"og:site_name\" content=\"Sabik\" \/>\n<meta property=\"article:modified_time\" content=\"2025-01-28T08:48:47+00:00\" \/>\n<meta name=\"twitter:card\" content=\"summary_large_image\" \/>\n<meta name=\"twitter:label1\" content=\"Tiempo de lectura\" \/>\n\t<meta name=\"twitter:data1\" content=\"2 minutos\" \/>\n<script type=\"application\/ld+json\" class=\"yoast-schema-graph\">{\"@context\":\"https:\\\/\\\/schema.org\",\"@graph\":[{\"@type\":\"WebPage\",\"@id\":\"https:\\\/\\\/sabik.com\\\/es\\\/acerca-de-nosotros\\\/personal\\\/\",\"url\":\"https:\\\/\\\/sabik.com\\\/es\\\/acerca-de-nosotros\\\/personal\\\/\",\"name\":\"Personal | Sabik\",\"isPartOf\":{\"@id\":\"https:\\\/\\\/sabik.com\\\/#website\"},\"datePublished\":\"2024-10-09T06:34:35+00:00\",\"dateModified\":\"2025-01-28T08:48:47+00:00\",\"description\":\"El personal de Sabik es nuestro activo m\u00e1s valioso. Son la fuerza motriz de nuestra capacidad para superar los l\u00edmites de la innovaci\u00f3n.\",\"breadcrumb\":{\"@id\":\"https:\\\/\\\/sabik.com\\\/es\\\/acerca-de-nosotros\\\/personal\\\/#breadcrumb\"},\"inLanguage\":\"es\",\"potentialAction\":[{\"@type\":\"ReadAction\",\"target\":[\"https:\\\/\\\/sabik.com\\\/es\\\/acerca-de-nosotros\\\/personal\\\/\"]}]},{\"@type\":\"BreadcrumbList\",\"@id\":\"https:\\\/\\\/sabik.com\\\/es\\\/acerca-de-nosotros\\\/personal\\\/#breadcrumb\",\"itemListElement\":[{\"@type\":\"ListItem\",\"position\":1,\"name\":\"Home\",\"item\":\"https:\\\/\\\/sabik.com\\\/es\\\/\"},{\"@type\":\"ListItem\",\"position\":2,\"name\":\"Acerca de nosotros\",\"item\":\"https:\\\/\\\/sabik.com\\\/es\\\/acerca-de-nosotros\\\/\"},{\"@type\":\"ListItem\",\"position\":3,\"name\":\"Personal\"}]},{\"@type\":\"WebSite\",\"@id\":\"https:\\\/\\\/sabik.com\\\/#website\",\"url\":\"https:\\\/\\\/sabik.com\\\/\",\"name\":\"Sabik\",\"description\":\"Global Leader in Maritime Aids to Navigation\",\"potentialAction\":[{\"@type\":\"SearchAction\",\"target\":{\"@type\":\"EntryPoint\",\"urlTemplate\":\"https:\\\/\\\/sabik.com\\\/?s={search_term_string}\"},\"query-input\":{\"@type\":\"PropertyValueSpecification\",\"valueRequired\":true,\"valueName\":\"search_term_string\"}}],\"inLanguage\":\"es\"}]}<\/script>\n<!-- \/ Yoast SEO Premium plugin. -->","yoast_head_json":{"title":"Personal | Sabik","description":"El personal de Sabik es nuestro activo m\u00e1s valioso. Son la fuerza motriz de nuestra capacidad para superar los l\u00edmites de la innovaci\u00f3n.","robots":{"index":"index","follow":"follow","max-snippet":"max-snippet:-1","max-image-preview":"max-image-preview:large","max-video-preview":"max-video-preview:-1"},"canonical":"https:\/\/sabik.com\/es\/acerca-de-nosotros\/personal\/","og_locale":"es_ES","og_type":"article","og_title":"Personal","og_description":"El personal de Sabik es nuestro activo m\u00e1s valioso. Son la fuerza motriz de nuestra capacidad para superar los l\u00edmites de la innovaci\u00f3n.","og_url":"https:\/\/sabik.com\/es\/acerca-de-nosotros\/personal\/","og_site_name":"Sabik","article_modified_time":"2025-01-28T08:48:47+00:00","twitter_card":"summary_large_image","twitter_misc":{"Tiempo de lectura":"2 minutos"},"schema":{"@context":"https:\/\/schema.org","@graph":[{"@type":"WebPage","@id":"https:\/\/sabik.com\/es\/acerca-de-nosotros\/personal\/","url":"https:\/\/sabik.com\/es\/acerca-de-nosotros\/personal\/","name":"Personal | Sabik","isPartOf":{"@id":"https:\/\/sabik.com\/#website"},"datePublished":"2024-10-09T06:34:35+00:00","dateModified":"2025-01-28T08:48:47+00:00","description":"El personal de Sabik es nuestro activo m\u00e1s valioso. Son la fuerza motriz de nuestra capacidad para superar los l\u00edmites de la innovaci\u00f3n.","breadcrumb":{"@id":"https:\/\/sabik.com\/es\/acerca-de-nosotros\/personal\/#breadcrumb"},"inLanguage":"es","potentialAction":[{"@type":"ReadAction","target":["https:\/\/sabik.com\/es\/acerca-de-nosotros\/personal\/"]}]},{"@type":"BreadcrumbList","@id":"https:\/\/sabik.com\/es\/acerca-de-nosotros\/personal\/#breadcrumb","itemListElement":[{"@type":"ListItem","position":1,"name":"Home","item":"https:\/\/sabik.com\/es\/"},{"@type":"ListItem","position":2,"name":"Acerca de nosotros","item":"https:\/\/sabik.com\/es\/acerca-de-nosotros\/"},{"@type":"ListItem","position":3,"name":"Personal"}]},{"@type":"WebSite","@id":"https:\/\/sabik.com\/#website","url":"https:\/\/sabik.com\/","name":"Sabik","description":"Global Leader in Maritime Aids to Navigation","potentialAction":[{"@type":"SearchAction","target":{"@type":"EntryPoint","urlTemplate":"https:\/\/sabik.com\/?s={search_term_string}"},"query-input":{"@type":"PropertyValueSpecification","valueRequired":true,"valueName":"search_term_string"}}],"inLanguage":"es"}]}},"_links":{"self":[{"href":"https:\/\/sabik.com\/es\/wp-json\/wp\/v2\/pages\/2354","targetHints":{"allow":["GET"]}}],"collection":[{"href":"https:\/\/sabik.com\/es\/wp-json\/wp\/v2\/pages"}],"about":[{"href":"https:\/\/sabik.com\/es\/wp-json\/wp\/v2\/types\/page"}],"author":[{"embeddable":true,"href":"https:\/\/sabik.com\/es\/wp-json\/wp\/v2\/users\/1"}],"replies":[{"embeddable":true,"href":"https:\/\/sabik.com\/es\/wp-json\/wp\/v2\/comments?post=2354"}],"version-history":[{"count":2,"href":"https:\/\/sabik.com\/es\/wp-json\/wp\/v2\/pages\/2354\/revisions"}],"predecessor-version":[{"id":2646,"href":"https:\/\/sabik.com\/es\/wp-json\/wp\/v2\/pages\/2354\/revisions\/2646"}],"up":[{"embeddable":true,"href":"https:\/\/sabik.com\/es\/wp-json\/wp\/v2\/pages\/2544"}],"wp:attachment":[{"href":"https:\/\/sabik.com\/es\/wp-json\/wp\/v2\/media?parent=2354"}],"curies":[{"name":"wp","href":"https:\/\/api.w.org\/{rel}","templated":true}]}}