{"id":2358,"date":"2024-10-09T09:28:09","date_gmt":"2024-10-09T06:28:09","guid":{"rendered":"https:\/\/sabik.com\/sostenibilidad\/"},"modified":"2025-01-20T12:16:50","modified_gmt":"2025-01-20T10:16:50","slug":"sostenibilidad","status":"publish","type":"page","link":"https:\/\/sabik.com\/es\/acerca-de-nosotros\/sostenibilidad\/","title":{"rendered":"Sostenibilidad"},"content":{"rendered":"<div class=\"wpb-content-wrapper\">[vc_row][vc_column width=\u00bb1\/6&#8243;][\/vc_column][vc_column width=\u00bb2\/3&#8243;][vc_column_text el_class=\u00bbingressi\u00bb css=\u00bb.vc_custom_1728455195456{margin-bottom: 0px !important;}\u00bb]\n<h1 style=\"text-align: center;\">Sostenibilidad<\/h1>\n<p style=\"text-align: center;\">Nuestro equipo de desarrollo de productos se dedica a mejorar nuestros productos para garantizar que sean t\u00e9cnica, funcional y ecol\u00f3gicamente competitivos, manteniendo al mismo tiempo los m\u00e1s altos niveles de calidad del sector.<\/p>\n[\/vc_column_text][\/vc_column][vc_column width=\u00bb1\/6&#8243;][\/vc_column][\/vc_row][vc_row][vc_column][mk_padding_divider][\/vc_column][\/vc_row][vc_row][vc_column]\n\t\t\t\t<p class=\"rs-p-wp-fix\"><\/p>\n\t\t\t\t<sr7-module data-alias=\"sustainability-en\" data-id=\"7\" id=\"SR7_7_1\" class=\"rs-ov-hidden\" data-version=\"6.7.51\">\n\t\t\t\t\t<sr7-adjuster><\/sr7-adjuster>\n\t\t\t\t\t<sr7-content>\n\t\t\t\t\t\t<sr7-slide id=\"SR7_7_1-13\" data-key=\"13\">\n\t\t\t\t\t\t\t<sr7-bg id=\"SR7_7_1-13-1\" class=\"sr7-layer\"><noscript><img decoding=\"async\" src=\"https:\/\/live-aton-sabik.pantheonsite.io\/wp-content\/uploads\/2024\/10\/slider-sustainability.jpg\" alt=\"\" title=\"slider-sustainability\"><\/noscript><\/sr7-bg>\n\t\t\t\t\t\t<\/sr7-slide>\n\t\t\t\t\t\t<sr7-slide id=\"SR7_7_1-14\" data-key=\"14\">\n\t\t\t\t\t\t<\/sr7-slide>\n\t\t\t\t\t<\/sr7-content>\n\t\t\t\t\t<image_lists style=\"display:none\">\n\t\t\t\t\t\t<img data-src=\"\/\/live-aton-sabik.pantheonsite.io\/wp-content\/uploads\/2024\/10\/dots-diag-6.png\" data-libid=\"624\" title=\"dots-diag-6\" width=\"0\" height=\"0\" data-dbsrc=\"Ly9saXZlLWF0b24tc2FiaWsucGFudGhlb25zaXRlLmlvL3dwLWNvbnRlbnQvdXBsb2Fkcy8yMDI0LzEwL2RvdHMtZGlhZy02LnBuZw==\"\/>\n\t\t\t\t\t\t<img data-src=\"\/\/live-aton-sabik.pantheonsite.io\/wp-content\/uploads\/2024\/10\/slider-sustainability.jpg\" data-libid=\"613\" data-lib=\"medialibrary\" title=\"slider-sustainability\" width=\"0\" height=\"0\" data-dbsrc=\"Ly9saXZlLWF0b24tc2FiaWsucGFudGhlb25zaXRlLmlvL3dwLWNvbnRlbnQvdXBsb2Fkcy8yMDI0LzEwL3NsaWRlci1zdXN0YWluYWJpbGl0eS5qcGc=\"\/>\n\t\t\t\t\t<\/image_lists>\n\t\t\t\t<\/sr7-module>\n\t\t\t\t<script>\n\t\t\t\t\twindow.SR7 ??={};SR7.PMH ??={}; SR7.PMH[\"SR7_7_1\"] = {cn:100,state:false,fn: function() { if (window._tpt!==undefined && window._tpt.prepareModuleHeight !== undefined) {  _tpt.prepareModuleHeight({id:\"SR7_7_1\",el:[500,500,768,960,720],type:'standard',shdw:'0',gh:[500,500,413,314,194],gw:[1240,1240,1024,778,480],vpt:['100px'],size:{fullWidth:true, fullHeight:false},mh:'0',onh:0,onw:0,bg:{color:'{\"orig\":\"transparent\",\"type\":\"solid\",\"string\":\"transparent\"}'}});   SR7.PMH[\"SR7_7_1\"].state=true;} else if(SR7.PMH[\"SR7_7_1\"].cn-->0)\tsetTimeout( SR7.PMH[\"SR7_7_1\"].fn,19);}};SR7.PMH[\"SR7_7_1\" ].fn();\n\t\t\t\t<\/script>\n[\/vc_column][\/vc_row][vc_row][vc_column][mk_padding_divider size=\u00bb55&#8243;][\/vc_column][\/vc_row][vc_row][vc_column width=\u00bb1\/2&#8243;][vc_column_text el_class=\u00bbingressi\u00bb css=\u00bb.vc_custom_1728455206170{margin-bottom: 0px !important;}\u00bb]\n<h2>Soluciones duraderas para un futuro sostenible<\/h2>\n[\/vc_column_text][\/vc_column][vc_column width=\u00bb1\/2&#8243;][vc_column_text css=\u00bb.vc_custom_1728455210255{margin-bottom: 0px !important;}\u00bb]El uso de materiales duraderos nos permite alargar la vida \u00fatil de los productos, reducir los residuos y fomentar la sostenibilidad. Nuestras innovaciones reducen el consumo de energ\u00eda, lo que prolonga los intervalos de mantenimiento y disminuye las visitas a lugares remotos, reduciendo en \u00faltima instancia el coste del ciclo de vida de nuestros productos.[\/vc_column_text][\/vc_column][\/vc_row][vc_row][vc_column][mk_padding_divider][\/vc_column][\/vc_row][vc_row][vc_column width=\u00bb1\/2&#8243;][vc_column_text el_class=\u00bbingressi\u00bb css=\u00bb.vc_custom_1728455216039{margin-bottom: 0px !important;}\u00bb]\n<h2>Pr\u00e1cticas ecol\u00f3gicas<\/h2>\n[\/vc_column_text][\/vc_column][vc_column width=\u00bb1\/2&#8243;][vc_column_text css=\u00bb.vc_custom_1728455222321{margin-bottom: 0px !important;}\u00bb]Damos prioridad a las pr\u00e1cticas ecol\u00f3gicas, incluido el uso de cajas de madera para el transporte, que reducen al m\u00ednimo los residuos pl\u00e1sticos. Nuestras instalaciones de fabricaci\u00f3n clasifican activamente todos los residuos para garantizar su correcto reciclaje y eliminaci\u00f3n, reduciendo a\u00fan m\u00e1s nuestro impacto medioambiental.[\/vc_column_text][\/vc_column][\/vc_row][vc_row][vc_column][mk_padding_divider][\/vc_column][\/vc_row][vc_row][vc_column width=\u00bb1\/2&#8243;][vc_column_text el_class=\u00bbingressi\u00bb css=\u00bb.vc_custom_1728455228048{margin-bottom: 0px !important;}\u00bb]\n<h2>Compromiso con las personas y el planeta<\/h2>\n[\/vc_column_text][\/vc_column][vc_column width=\u00bb1\/2&#8243;][vc_column_text css=\u00bb.vc_custom_1728455233187{margin-bottom: 0px !important;}\u00bb]Sostenibilidad significa hacer negocios de forma que se apoye a las personas y al planeta. Nos dedicamos a minimizar nuestro impacto operativo al tiempo que promovemos la salud, el bienestar y la educaci\u00f3n de nuestros empleados y de las comunidades a las que servimos. Creemos que estas iniciativas no s\u00f3lo benefician al medio ambiente y a la sociedad, sino que tambi\u00e9n mejoran nuestra rentabilidad y nuestros valores corporativos.[\/vc_column_text][\/vc_column][\/vc_row][vc_row][vc_column][mk_padding_divider][mk_gallery images=\u00bb224&#8243; column=\u00bb1&#8243; image_size=\u00bbfull\u00bb hover_scenarios=\u00bbslow_zoom\u00bb item_spacing=\u00bb0&#8243; margin_bottom=\u00bb0&#8243;][mk_padding_divider][\/vc_column][\/vc_row][vc_row][vc_column][mk_padding_divider][\/vc_column][\/vc_row]\n<\/div>","protected":false},"excerpt":{"rendered":"<p>[vc_row][vc_column width=\u00bb1\/6&#8243;][\/vc_column][vc_column width=\u00bb2\/3&#8243;][vc_column_text el_class=\u00bbingressi\u00bb css=\u00bb.vc_custom_1728455195456{margin-bottom: 0px !important;}\u00bb] Sostenibilidad Nuestro equipo de desarrollo de productos se dedica a mejorar nuestros productos para garantizar que sean t\u00e9cnica, funcional y ecol\u00f3gicamente competitivos, manteniendo al mismo tiempo los m\u00e1s altos niveles de calidad del sector. [\/vc_column_text][\/vc_column][vc_column width=\u00bb1\/6&#8243;][\/vc_column][\/vc_row][vc_row][vc_column][mk_padding_divider][\/vc_column][\/vc_row][vc_row][vc_column][\/vc_column][\/vc_row][vc_row][vc_column][mk_padding_divider size=\u00bb55&#8243;][\/vc_column][\/vc_row][vc_row][vc_column width=\u00bb1\/2&#8243;][vc_column_text el_class=\u00bbingressi\u00bb css=\u00bb.vc_custom_1728455206170{margin-bottom: 0px !important;}\u00bb] Soluciones duraderas para un futuro sostenible [\/vc_column_text][\/vc_column][vc_column width=\u00bb1\/2&#8243;][vc_column_text css=\u00bb.vc_custom_1728455210255{margin-bottom: 0px !important;}\u00bb]El uso de materiales duraderos nos permite alargar la vida \u00fatil de los productos, reducir los residuos y fomentar la sostenibilidad. Nuestras innovaciones reducen el consumo de energ\u00eda, lo que prolonga los intervalos de mantenimiento y disminuye las visitas a lugares remotos, reduciendo en \u00faltima instancia el coste del ciclo de vida de nuestros productos.[\/vc_column_text][\/vc_column][\/vc_row][vc_row][vc_column][mk_padding_divider][\/vc_column][\/vc_row][vc_row][vc_column width=\u00bb1\/2&#8243;][vc_column_text el_class=\u00bbingressi\u00bb css=\u00bb.vc_custom_1728455216039{margin-bottom: 0px !important;}\u00bb] Pr\u00e1cticas ecol\u00f3gicas [\/vc_column_text][\/vc_column][vc_column width=\u00bb1\/2&#8243;][vc_column_text css=\u00bb.vc_custom_1728455222321{margin-bottom: 0px !important;}\u00bb]Damos prioridad a las pr\u00e1cticas ecol\u00f3gicas, incluido el uso de cajas de madera para el transporte, que reducen al m\u00ednimo los residuos pl\u00e1sticos. Nuestras instalaciones [&hellip;]<\/p>\n","protected":false},"author":1,"featured_media":0,"parent":2544,"menu_order":0,"comment_status":"closed","ping_status":"closed","template":"","meta":{"_improvement_type_select":"improve_an_existing","_thumb_yes_seoaic":false,"_frame_yes_seoaic":false,"seoaic_generate_description":"","seoaic_improve_instructions_prompt":"","seoaic_rollback_content_improvement":"","seoaic_idea_thumbnail_generator":"","thumbnail_generated":false,"thumbnail_generate_prompt":"","seoaic_article_description":"","footnotes":""},"class_list":["post-2358","page","type-page","status-publish","hentry"],"yoast_head":"<!-- This site is optimized with the Yoast SEO Premium plugin v26.2 (Yoast SEO v27.4) - https:\/\/yoast.com\/product\/yoast-seo-premium-wordpress\/ -->\n<title>Sostenibilidad | Sabik<\/title>\n<meta name=\"description\" content=\"Nuestro equipo de desarrollo de productos garantiza que nuestros productos de alta calidad sean t\u00e9cnica, funcional y ecol\u00f3gicamente sostenibles.\" \/>\n<meta name=\"robots\" content=\"index, follow, max-snippet:-1, max-image-preview:large, max-video-preview:-1\" \/>\n<link rel=\"canonical\" href=\"https:\/\/sabik.com\/es\/acerca-de-nosotros\/sostenibilidad\/\" \/>\n<meta property=\"og:locale\" content=\"es_ES\" \/>\n<meta property=\"og:type\" content=\"article\" \/>\n<meta property=\"og:title\" content=\"Sostenibilidad\" \/>\n<meta property=\"og:description\" content=\"Nuestro equipo de desarrollo de productos garantiza que nuestros productos de alta calidad sean t\u00e9cnica, funcional y ecol\u00f3gicamente sostenibles.\" \/>\n<meta property=\"og:url\" content=\"https:\/\/sabik.com\/es\/acerca-de-nosotros\/sostenibilidad\/\" \/>\n<meta property=\"og:site_name\" content=\"Sabik\" \/>\n<meta property=\"article:modified_time\" content=\"2025-01-20T10:16:50+00:00\" \/>\n<meta name=\"twitter:card\" content=\"summary_large_image\" \/>\n<meta name=\"twitter:label1\" content=\"Tiempo de lectura\" \/>\n\t<meta name=\"twitter:data1\" content=\"2 minutos\" \/>\n<script type=\"application\/ld+json\" class=\"yoast-schema-graph\">{\"@context\":\"https:\\\/\\\/schema.org\",\"@graph\":[{\"@type\":\"WebPage\",\"@id\":\"https:\\\/\\\/sabik.com\\\/es\\\/acerca-de-nosotros\\\/sostenibilidad\\\/\",\"url\":\"https:\\\/\\\/sabik.com\\\/es\\\/acerca-de-nosotros\\\/sostenibilidad\\\/\",\"name\":\"Sostenibilidad | Sabik\",\"isPartOf\":{\"@id\":\"https:\\\/\\\/sabik.com\\\/#website\"},\"datePublished\":\"2024-10-09T06:28:09+00:00\",\"dateModified\":\"2025-01-20T10:16:50+00:00\",\"description\":\"Nuestro equipo de desarrollo de productos garantiza que nuestros productos de alta calidad sean t\u00e9cnica, funcional y ecol\u00f3gicamente sostenibles.\",\"breadcrumb\":{\"@id\":\"https:\\\/\\\/sabik.com\\\/es\\\/acerca-de-nosotros\\\/sostenibilidad\\\/#breadcrumb\"},\"inLanguage\":\"es\",\"potentialAction\":[{\"@type\":\"ReadAction\",\"target\":[\"https:\\\/\\\/sabik.com\\\/es\\\/acerca-de-nosotros\\\/sostenibilidad\\\/\"]}]},{\"@type\":\"BreadcrumbList\",\"@id\":\"https:\\\/\\\/sabik.com\\\/es\\\/acerca-de-nosotros\\\/sostenibilidad\\\/#breadcrumb\",\"itemListElement\":[{\"@type\":\"ListItem\",\"position\":1,\"name\":\"Home\",\"item\":\"https:\\\/\\\/sabik.com\\\/es\\\/\"},{\"@type\":\"ListItem\",\"position\":2,\"name\":\"Acerca de nosotros\",\"item\":\"https:\\\/\\\/sabik.com\\\/es\\\/acerca-de-nosotros\\\/\"},{\"@type\":\"ListItem\",\"position\":3,\"name\":\"Sostenibilidad\"}]},{\"@type\":\"WebSite\",\"@id\":\"https:\\\/\\\/sabik.com\\\/#website\",\"url\":\"https:\\\/\\\/sabik.com\\\/\",\"name\":\"Sabik\",\"description\":\"Global Leader in Maritime Aids to Navigation\",\"potentialAction\":[{\"@type\":\"SearchAction\",\"target\":{\"@type\":\"EntryPoint\",\"urlTemplate\":\"https:\\\/\\\/sabik.com\\\/?s={search_term_string}\"},\"query-input\":{\"@type\":\"PropertyValueSpecification\",\"valueRequired\":true,\"valueName\":\"search_term_string\"}}],\"inLanguage\":\"es\"}]}<\/script>\n<!-- \/ Yoast SEO Premium plugin. -->","yoast_head_json":{"title":"Sostenibilidad | Sabik","description":"Nuestro equipo de desarrollo de productos garantiza que nuestros productos de alta calidad sean t\u00e9cnica, funcional y ecol\u00f3gicamente sostenibles.","robots":{"index":"index","follow":"follow","max-snippet":"max-snippet:-1","max-image-preview":"max-image-preview:large","max-video-preview":"max-video-preview:-1"},"canonical":"https:\/\/sabik.com\/es\/acerca-de-nosotros\/sostenibilidad\/","og_locale":"es_ES","og_type":"article","og_title":"Sostenibilidad","og_description":"Nuestro equipo de desarrollo de productos garantiza que nuestros productos de alta calidad sean t\u00e9cnica, funcional y ecol\u00f3gicamente sostenibles.","og_url":"https:\/\/sabik.com\/es\/acerca-de-nosotros\/sostenibilidad\/","og_site_name":"Sabik","article_modified_time":"2025-01-20T10:16:50+00:00","twitter_card":"summary_large_image","twitter_misc":{"Tiempo de lectura":"2 minutos"},"schema":{"@context":"https:\/\/schema.org","@graph":[{"@type":"WebPage","@id":"https:\/\/sabik.com\/es\/acerca-de-nosotros\/sostenibilidad\/","url":"https:\/\/sabik.com\/es\/acerca-de-nosotros\/sostenibilidad\/","name":"Sostenibilidad | Sabik","isPartOf":{"@id":"https:\/\/sabik.com\/#website"},"datePublished":"2024-10-09T06:28:09+00:00","dateModified":"2025-01-20T10:16:50+00:00","description":"Nuestro equipo de desarrollo de productos garantiza que nuestros productos de alta calidad sean t\u00e9cnica, funcional y ecol\u00f3gicamente sostenibles.","breadcrumb":{"@id":"https:\/\/sabik.com\/es\/acerca-de-nosotros\/sostenibilidad\/#breadcrumb"},"inLanguage":"es","potentialAction":[{"@type":"ReadAction","target":["https:\/\/sabik.com\/es\/acerca-de-nosotros\/sostenibilidad\/"]}]},{"@type":"BreadcrumbList","@id":"https:\/\/sabik.com\/es\/acerca-de-nosotros\/sostenibilidad\/#breadcrumb","itemListElement":[{"@type":"ListItem","position":1,"name":"Home","item":"https:\/\/sabik.com\/es\/"},{"@type":"ListItem","position":2,"name":"Acerca de nosotros","item":"https:\/\/sabik.com\/es\/acerca-de-nosotros\/"},{"@type":"ListItem","position":3,"name":"Sostenibilidad"}]},{"@type":"WebSite","@id":"https:\/\/sabik.com\/#website","url":"https:\/\/sabik.com\/","name":"Sabik","description":"Global Leader in Maritime Aids to Navigation","potentialAction":[{"@type":"SearchAction","target":{"@type":"EntryPoint","urlTemplate":"https:\/\/sabik.com\/?s={search_term_string}"},"query-input":{"@type":"PropertyValueSpecification","valueRequired":true,"valueName":"search_term_string"}}],"inLanguage":"es"}]}},"_links":{"self":[{"href":"https:\/\/sabik.com\/es\/wp-json\/wp\/v2\/pages\/2358","targetHints":{"allow":["GET"]}}],"collection":[{"href":"https:\/\/sabik.com\/es\/wp-json\/wp\/v2\/pages"}],"about":[{"href":"https:\/\/sabik.com\/es\/wp-json\/wp\/v2\/types\/page"}],"author":[{"embeddable":true,"href":"https:\/\/sabik.com\/es\/wp-json\/wp\/v2\/users\/1"}],"replies":[{"embeddable":true,"href":"https:\/\/sabik.com\/es\/wp-json\/wp\/v2\/comments?post=2358"}],"version-history":[{"count":1,"href":"https:\/\/sabik.com\/es\/wp-json\/wp\/v2\/pages\/2358\/revisions"}],"predecessor-version":[{"id":2361,"href":"https:\/\/sabik.com\/es\/wp-json\/wp\/v2\/pages\/2358\/revisions\/2361"}],"up":[{"embeddable":true,"href":"https:\/\/sabik.com\/es\/wp-json\/wp\/v2\/pages\/2544"}],"wp:attachment":[{"href":"https:\/\/sabik.com\/es\/wp-json\/wp\/v2\/media?parent=2358"}],"curies":[{"name":"wp","href":"https:\/\/api.w.org\/{rel}","templated":true}]}}