{"id":2517,"date":"2024-09-23T12:24:46","date_gmt":"2024-09-23T09:24:46","guid":{"rendered":"https:\/\/sabik.com\/calidad\/"},"modified":"2025-01-28T11:14:56","modified_gmt":"2025-01-28T09:14:56","slug":"calidad","status":"publish","type":"page","link":"https:\/\/sabik.com\/es\/acerca-de-nosotros\/calidad\/","title":{"rendered":"Calidad"},"content":{"rendered":"<div class=\"wpb-content-wrapper\">[vc_row][vc_column width=\u00bb1\/6&#8243;][\/vc_column][vc_column width=\u00bb2\/3&#8243;][vc_column_text el_class=\u00bbingressi\u00bb css=\u00bb.vc_custom_1728454893302{margin-bottom: 0px !important;}\u00bb]\n<h1 style=\"text-align: center;\">Calidad<\/h1>\n<p style=\"text-align: center;\">La calidad es la base de todo lo que hacemos en Sabik. Nuestros rigurosos procesos de producci\u00f3n garantizan que cada producto ofrezca una fiabilidad y un rendimiento superiores, capaces de soportar las condiciones mar\u00edtimas m\u00e1s duras.<\/p>\n[\/vc_column_text][\/vc_column][vc_column width=\u00bb1\/6&#8243;][\/vc_column][\/vc_row][vc_row][vc_column][mk_padding_divider][\/vc_column][\/vc_row][vc_row][vc_column]\n\t\t\t\t<p class=\"rs-p-wp-fix\"><\/p>\n\t\t\t\t<sr7-module data-alias=\"quality-en\" data-id=\"6\" id=\"SR7_6_1\" class=\"rs-ov-hidden\" data-version=\"6.7.51\">\n\t\t\t\t\t<sr7-adjuster><\/sr7-adjuster>\n\t\t\t\t\t<sr7-content>\n\t\t\t\t\t\t<sr7-slide id=\"SR7_6_1-11\" data-key=\"11\">\n\t\t\t\t\t\t\t<sr7-bg id=\"SR7_6_1-11-1\" class=\"sr7-layer\"><noscript><img decoding=\"async\" src=\"https:\/\/live-aton-sabik.pantheonsite.io\/wp-content\/uploads\/2024\/10\/slider-quality.jpg\" alt=\"\" title=\"slider-quality\"><\/noscript><\/sr7-bg>\n\t\t\t\t\t\t<\/sr7-slide>\n\t\t\t\t\t\t<sr7-slide id=\"SR7_6_1-12\" data-key=\"12\">\n\t\t\t\t\t\t<\/sr7-slide>\n\t\t\t\t\t<\/sr7-content>\n\t\t\t\t\t<image_lists style=\"display:none\">\n\t\t\t\t\t\t<img data-src=\"\/\/live-aton-sabik.pantheonsite.io\/wp-content\/uploads\/2024\/10\/dots-diag-6.png\" data-libid=\"624\" title=\"dots-diag-6\" width=\"0\" height=\"0\" data-dbsrc=\"Ly9saXZlLWF0b24tc2FiaWsucGFudGhlb25zaXRlLmlvL3dwLWNvbnRlbnQvdXBsb2Fkcy8yMDI0LzEwL2RvdHMtZGlhZy02LnBuZw==\"\/>\n\t\t\t\t\t\t<img data-src=\"\/\/live-aton-sabik.pantheonsite.io\/wp-content\/uploads\/2024\/10\/slider-quality.jpg\" data-libid=\"617\" data-lib=\"medialibrary\" title=\"slider-quality\" width=\"0\" height=\"0\" data-dbsrc=\"Ly9saXZlLWF0b24tc2FiaWsucGFudGhlb25zaXRlLmlvL3dwLWNvbnRlbnQvdXBsb2Fkcy8yMDI0LzEwL3NsaWRlci1xdWFsaXR5LmpwZw==\"\/>\n\t\t\t\t\t<\/image_lists>\n\t\t\t\t<\/sr7-module>\n\t\t\t\t<script>\n\t\t\t\t\twindow.SR7 ??={};SR7.PMH ??={}; SR7.PMH[\"SR7_6_1\"] = {cn:100,state:false,fn: function() { if (window._tpt!==undefined && window._tpt.prepareModuleHeight !== undefined) {  _tpt.prepareModuleHeight({id:\"SR7_6_1\",el:[500,500,768,960,720],type:'standard',shdw:'0',gh:[500,500,413,314,194],gw:[1240,1240,1024,778,480],vpt:['100px'],size:{fullWidth:true, fullHeight:false},mh:'0',onh:0,onw:0,bg:{color:'{\"orig\":\"transparent\",\"type\":\"solid\",\"string\":\"transparent\"}'}});   SR7.PMH[\"SR7_6_1\"].state=true;} else if(SR7.PMH[\"SR7_6_1\"].cn-->0)\tsetTimeout( SR7.PMH[\"SR7_6_1\"].fn,19);}};SR7.PMH[\"SR7_6_1\" ].fn();\n\t\t\t\t<\/script>\n[\/vc_column][\/vc_row][vc_row][vc_column][mk_padding_divider size=\u00bb55&#8243;][\/vc_column][\/vc_row][vc_row][vc_column width=\u00bb1\/2&#8243;][vc_column_text el_class=\u00bbingressi\u00bb css=\u00bb.vc_custom_1728454906484{margin-bottom: 0px !important;}\u00bb]\n<h2>Pruebas exhaustivas de productos<\/h2>\n[\/vc_column_text][\/vc_column][vc_column width=\u00bb1\/2&#8243;][vc_column_text css=\u00bb.vc_custom_1728454911073{margin-bottom: 0px !important;}\u00bb]Sometemos cada linterna de medio y largo alcance a pruebas detalladas de rendimiento \u00f3ptico antes de que salga de nuestra f\u00e1brica. Estas pruebas garantizan que nuestros productos no s\u00f3lo cumplen las normas del sector, sino que tambi\u00e9n superan las expectativas de los clientes. Los datos recogidos durante estas pruebas impulsan mejoras continuas en nuestros procesos.[\/vc_column_text][\/vc_column][\/vc_row][vc_row][vc_column][mk_padding_divider][\/vc_column][\/vc_row][vc_row][vc_column width=\u00bb1\/2&#8243;][vc_column_text el_class=\u00bbingressi\u00bb css=\u00bb.vc_custom_1728454916117{margin-bottom: 0px !important;}\u00bb]\n<h2>El Futuro de las normas industriales<\/h2>\n[\/vc_column_text][\/vc_column][vc_column width=\u00bb1\/2&#8243;][vc_column_text css=\u00bb.vc_custom_1728454920269{margin-bottom: 0px !important;}\u00bb]Estamos orgullosos de contribuir a la creaci\u00f3n y perfeccionamiento de normas internacionales como participantes activos en la IALA. Nuestro compromiso con estas normas garantiza que no s\u00f3lo cumplimos los requisitos de calidad del sector de las ayudas a la navegaci\u00f3n mar\u00edtima, sino que a menudo los superamos.[\/vc_column_text][\/vc_column][\/vc_row][vc_row][vc_column][mk_padding_divider][\/vc_column][\/vc_row][vc_row][vc_column width=\u00bb1\/2&#8243;][vc_column_text el_class=\u00bbingressi\u00bb css=\u00bb.vc_custom_1728454937383{margin-bottom: 0px !important;}\u00bb]\n<h2>Certificado de excelencia<\/h2>\n[\/vc_column_text][\/vc_column][vc_column width=\u00bb1\/2&#8243;][vc_column_text css=\u00bb.vc_custom_1730111159600{margin-bottom: 0px !important;}\u00bb]Nuestro sistema integrado de gesti\u00f3n est\u00e1 certificado seg\u00fan las normas ISO 9001 (calidad) e ISO 14001 (medio ambiente). Estas certificaciones reflejan nuestro compromiso inquebrantable con los mayores est\u00e1ndares, la seguridad y la sostenibilidad en todos los aspectos de nuestro negocio.[\/vc_column_text][\/vc_column][\/vc_row][vc_row animation=\u00bbtop-to-bottom\u00bb][vc_column width=\u00bb1\/6&#8243;][\/vc_column][vc_column width=\u00bb2\/3&#8243;][mk_padding_divider][mk_gallery images=\u00bb221&#8243; column=\u00bb1&#8243; image_size=\u00bbfull\u00bb hover_scenarios=\u00bbslow_zoom\u00bb item_spacing=\u00bb0&#8243; margin_bottom=\u00bb0&#8243;][mk_padding_divider][\/vc_column][vc_column width=\u00bb1\/6&#8243;][\/vc_column][\/vc_row][vc_row][vc_column][mk_padding_divider][mk_gallery images=\u00bb218,219&#8243; column=\u00bb2&#8243; image_size=\u00bbfull\u00bb hover_scenarios=\u00bbslow_zoom\u00bb item_spacing=\u00bb15&#8243; margin_bottom=\u00bb0&#8243;][mk_padding_divider][\/vc_column][\/vc_row][vc_row][vc_column][mk_padding_divider][\/vc_column][\/vc_row]\n<\/div>","protected":false},"excerpt":{"rendered":"<p>[vc_row][vc_column width=\u00bb1\/6&#8243;][\/vc_column][vc_column width=\u00bb2\/3&#8243;][vc_column_text el_class=\u00bbingressi\u00bb css=\u00bb.vc_custom_1728454893302{margin-bottom: 0px !important;}\u00bb] Calidad La calidad es la base de todo lo que hacemos en Sabik. Nuestros rigurosos procesos de producci\u00f3n garantizan que cada producto ofrezca una fiabilidad y un rendimiento superiores, capaces de soportar las condiciones mar\u00edtimas m\u00e1s duras. [\/vc_column_text][\/vc_column][vc_column width=\u00bb1\/6&#8243;][\/vc_column][\/vc_row][vc_row][vc_column][mk_padding_divider][\/vc_column][\/vc_row][vc_row][vc_column][\/vc_column][\/vc_row][vc_row][vc_column][mk_padding_divider size=\u00bb55&#8243;][\/vc_column][\/vc_row][vc_row][vc_column width=\u00bb1\/2&#8243;][vc_column_text el_class=\u00bbingressi\u00bb css=\u00bb.vc_custom_1728454906484{margin-bottom: 0px !important;}\u00bb] Pruebas exhaustivas de productos [\/vc_column_text][\/vc_column][vc_column width=\u00bb1\/2&#8243;][vc_column_text css=\u00bb.vc_custom_1728454911073{margin-bottom: 0px !important;}\u00bb]Sometemos cada linterna de medio y largo alcance a pruebas detalladas de rendimiento \u00f3ptico antes de que salga de nuestra f\u00e1brica. Estas pruebas garantizan que nuestros productos no s\u00f3lo cumplen las normas del sector, sino que tambi\u00e9n superan las expectativas de los clientes. Los datos recogidos durante estas pruebas impulsan mejoras continuas en nuestros procesos.[\/vc_column_text][\/vc_column][\/vc_row][vc_row][vc_column][mk_padding_divider][\/vc_column][\/vc_row][vc_row][vc_column width=\u00bb1\/2&#8243;][vc_column_text el_class=\u00bbingressi\u00bb css=\u00bb.vc_custom_1728454916117{margin-bottom: 0px !important;}\u00bb] El Futuro de las normas industriales [\/vc_column_text][\/vc_column][vc_column width=\u00bb1\/2&#8243;][vc_column_text css=\u00bb.vc_custom_1728454920269{margin-bottom: 0px !important;}\u00bb]Estamos orgullosos de contribuir a la creaci\u00f3n y perfeccionamiento de normas internacionales como participantes activos en la IALA. Nuestro compromiso [&hellip;]<\/p>\n","protected":false},"author":1,"featured_media":0,"parent":2544,"menu_order":0,"comment_status":"closed","ping_status":"closed","template":"","meta":{"_improvement_type_select":"improve_an_existing","_thumb_yes_seoaic":false,"_frame_yes_seoaic":false,"seoaic_generate_description":"","seoaic_improve_instructions_prompt":"","seoaic_rollback_content_improvement":"","seoaic_idea_thumbnail_generator":"","thumbnail_generated":false,"thumbnail_generate_prompt":"","seoaic_article_description":"","footnotes":""},"class_list":["post-2517","page","type-page","status-publish","hentry"],"yoast_head":"<!-- This site is optimized with the Yoast SEO Premium plugin v26.2 (Yoast SEO v27.4) - https:\/\/yoast.com\/product\/yoast-seo-premium-wordpress\/ -->\n<title>Calidad | Sabik<\/title>\n<meta name=\"description\" content=\"La calidad es nuestra prioridad. Entregamos productos fiables y de alto rendimiento fabricados para soportar las condiciones mar\u00edtimas m\u00e1s duras.\" \/>\n<meta name=\"robots\" content=\"index, follow, max-snippet:-1, max-image-preview:large, max-video-preview:-1\" \/>\n<link rel=\"canonical\" href=\"https:\/\/sabik.com\/es\/acerca-de-nosotros\/calidad\/\" \/>\n<meta property=\"og:locale\" content=\"es_ES\" \/>\n<meta property=\"og:type\" content=\"article\" \/>\n<meta property=\"og:title\" content=\"Calidad\" \/>\n<meta property=\"og:description\" content=\"La calidad es nuestra prioridad. Entregamos productos fiables y de alto rendimiento fabricados para soportar las condiciones mar\u00edtimas m\u00e1s duras.\" \/>\n<meta property=\"og:url\" content=\"https:\/\/sabik.com\/es\/acerca-de-nosotros\/calidad\/\" \/>\n<meta property=\"og:site_name\" content=\"Sabik\" \/>\n<meta property=\"article:modified_time\" content=\"2025-01-28T09:14:56+00:00\" \/>\n<meta name=\"twitter:card\" content=\"summary_large_image\" \/>\n<meta name=\"twitter:label1\" content=\"Tiempo de lectura\" \/>\n\t<meta name=\"twitter:data1\" content=\"2 minutos\" \/>\n<script type=\"application\/ld+json\" class=\"yoast-schema-graph\">{\"@context\":\"https:\\\/\\\/schema.org\",\"@graph\":[{\"@type\":\"WebPage\",\"@id\":\"https:\\\/\\\/sabik.com\\\/es\\\/acerca-de-nosotros\\\/calidad\\\/\",\"url\":\"https:\\\/\\\/sabik.com\\\/es\\\/acerca-de-nosotros\\\/calidad\\\/\",\"name\":\"Calidad | Sabik\",\"isPartOf\":{\"@id\":\"https:\\\/\\\/sabik.com\\\/#website\"},\"datePublished\":\"2024-09-23T09:24:46+00:00\",\"dateModified\":\"2025-01-28T09:14:56+00:00\",\"description\":\"La calidad es nuestra prioridad. Entregamos productos fiables y de alto rendimiento fabricados para soportar las condiciones mar\u00edtimas m\u00e1s duras.\",\"breadcrumb\":{\"@id\":\"https:\\\/\\\/sabik.com\\\/es\\\/acerca-de-nosotros\\\/calidad\\\/#breadcrumb\"},\"inLanguage\":\"es\",\"potentialAction\":[{\"@type\":\"ReadAction\",\"target\":[\"https:\\\/\\\/sabik.com\\\/es\\\/acerca-de-nosotros\\\/calidad\\\/\"]}]},{\"@type\":\"BreadcrumbList\",\"@id\":\"https:\\\/\\\/sabik.com\\\/es\\\/acerca-de-nosotros\\\/calidad\\\/#breadcrumb\",\"itemListElement\":[{\"@type\":\"ListItem\",\"position\":1,\"name\":\"Home\",\"item\":\"https:\\\/\\\/sabik.com\\\/es\\\/\"},{\"@type\":\"ListItem\",\"position\":2,\"name\":\"Acerca de nosotros\",\"item\":\"https:\\\/\\\/sabik.com\\\/es\\\/acerca-de-nosotros\\\/\"},{\"@type\":\"ListItem\",\"position\":3,\"name\":\"Calidad\"}]},{\"@type\":\"WebSite\",\"@id\":\"https:\\\/\\\/sabik.com\\\/#website\",\"url\":\"https:\\\/\\\/sabik.com\\\/\",\"name\":\"Sabik\",\"description\":\"Global Leader in Maritime Aids to Navigation\",\"potentialAction\":[{\"@type\":\"SearchAction\",\"target\":{\"@type\":\"EntryPoint\",\"urlTemplate\":\"https:\\\/\\\/sabik.com\\\/?s={search_term_string}\"},\"query-input\":{\"@type\":\"PropertyValueSpecification\",\"valueRequired\":true,\"valueName\":\"search_term_string\"}}],\"inLanguage\":\"es\"}]}<\/script>\n<!-- \/ Yoast SEO Premium plugin. -->","yoast_head_json":{"title":"Calidad | Sabik","description":"La calidad es nuestra prioridad. Entregamos productos fiables y de alto rendimiento fabricados para soportar las condiciones mar\u00edtimas m\u00e1s duras.","robots":{"index":"index","follow":"follow","max-snippet":"max-snippet:-1","max-image-preview":"max-image-preview:large","max-video-preview":"max-video-preview:-1"},"canonical":"https:\/\/sabik.com\/es\/acerca-de-nosotros\/calidad\/","og_locale":"es_ES","og_type":"article","og_title":"Calidad","og_description":"La calidad es nuestra prioridad. Entregamos productos fiables y de alto rendimiento fabricados para soportar las condiciones mar\u00edtimas m\u00e1s duras.","og_url":"https:\/\/sabik.com\/es\/acerca-de-nosotros\/calidad\/","og_site_name":"Sabik","article_modified_time":"2025-01-28T09:14:56+00:00","twitter_card":"summary_large_image","twitter_misc":{"Tiempo de lectura":"2 minutos"},"schema":{"@context":"https:\/\/schema.org","@graph":[{"@type":"WebPage","@id":"https:\/\/sabik.com\/es\/acerca-de-nosotros\/calidad\/","url":"https:\/\/sabik.com\/es\/acerca-de-nosotros\/calidad\/","name":"Calidad | Sabik","isPartOf":{"@id":"https:\/\/sabik.com\/#website"},"datePublished":"2024-09-23T09:24:46+00:00","dateModified":"2025-01-28T09:14:56+00:00","description":"La calidad es nuestra prioridad. Entregamos productos fiables y de alto rendimiento fabricados para soportar las condiciones mar\u00edtimas m\u00e1s duras.","breadcrumb":{"@id":"https:\/\/sabik.com\/es\/acerca-de-nosotros\/calidad\/#breadcrumb"},"inLanguage":"es","potentialAction":[{"@type":"ReadAction","target":["https:\/\/sabik.com\/es\/acerca-de-nosotros\/calidad\/"]}]},{"@type":"BreadcrumbList","@id":"https:\/\/sabik.com\/es\/acerca-de-nosotros\/calidad\/#breadcrumb","itemListElement":[{"@type":"ListItem","position":1,"name":"Home","item":"https:\/\/sabik.com\/es\/"},{"@type":"ListItem","position":2,"name":"Acerca de nosotros","item":"https:\/\/sabik.com\/es\/acerca-de-nosotros\/"},{"@type":"ListItem","position":3,"name":"Calidad"}]},{"@type":"WebSite","@id":"https:\/\/sabik.com\/#website","url":"https:\/\/sabik.com\/","name":"Sabik","description":"Global Leader in Maritime Aids to Navigation","potentialAction":[{"@type":"SearchAction","target":{"@type":"EntryPoint","urlTemplate":"https:\/\/sabik.com\/?s={search_term_string}"},"query-input":{"@type":"PropertyValueSpecification","valueRequired":true,"valueName":"search_term_string"}}],"inLanguage":"es"}]}},"_links":{"self":[{"href":"https:\/\/sabik.com\/es\/wp-json\/wp\/v2\/pages\/2517","targetHints":{"allow":["GET"]}}],"collection":[{"href":"https:\/\/sabik.com\/es\/wp-json\/wp\/v2\/pages"}],"about":[{"href":"https:\/\/sabik.com\/es\/wp-json\/wp\/v2\/types\/page"}],"author":[{"embeddable":true,"href":"https:\/\/sabik.com\/es\/wp-json\/wp\/v2\/users\/1"}],"replies":[{"embeddable":true,"href":"https:\/\/sabik.com\/es\/wp-json\/wp\/v2\/comments?post=2517"}],"version-history":[{"count":2,"href":"https:\/\/sabik.com\/es\/wp-json\/wp\/v2\/pages\/2517\/revisions"}],"predecessor-version":[{"id":2652,"href":"https:\/\/sabik.com\/es\/wp-json\/wp\/v2\/pages\/2517\/revisions\/2652"}],"up":[{"embeddable":true,"href":"https:\/\/sabik.com\/es\/wp-json\/wp\/v2\/pages\/2544"}],"wp:attachment":[{"href":"https:\/\/sabik.com\/es\/wp-json\/wp\/v2\/media?parent=2517"}],"curies":[{"name":"wp","href":"https:\/\/api.w.org\/{rel}","templated":true}]}}