{"id":2521,"date":"2024-09-23T12:22:04","date_gmt":"2024-09-23T09:22:04","guid":{"rendered":"https:\/\/sabik.com\/excelencia-en-tecnologia\/"},"modified":"2025-01-28T11:14:29","modified_gmt":"2025-01-28T09:14:29","slug":"excelencia-en-tecnologia","status":"publish","type":"page","link":"https:\/\/sabik.com\/es\/acerca-de-nosotros\/excelencia-en-tecnologia\/","title":{"rendered":"Excelencia en tecnolog\u00eda"},"content":{"rendered":"<div class=\"wpb-content-wrapper\">[vc_row][vc_column width=\u00bb1\/6&#8243;][\/vc_column][vc_column width=\u00bb2\/3&#8243;][vc_column_text el_class=\u00bbingressi\u00bb css=\u00bb.vc_custom_1728453801166{margin-bottom: 0px !important;}\u00bb]\n<h1 style=\"text-align: center;\">Tecnolog\u00eda<\/h1>\n<p style=\"text-align: center;\">En Sabik, la innovaci\u00f3n est\u00e1 en el centro de todo lo que hacemos. Nuestra avanzada tecnolog\u00eda de se\u00f1alizaci\u00f3n mar\u00edtima est\u00e1 dise\u00f1ada para mejorar la seguridad, la eficacia y el control de los navegantes de todo el mundo. Desde el pionero control Bluetooth\u00ae para linternas hasta los sistemas de iluminaci\u00f3n de precisi\u00f3n, lideramos los avances tecnol\u00f3gicos.<\/p>\n[\/vc_column_text][\/vc_column][vc_column width=\u00bb1\/6&#8243;][\/vc_column][\/vc_row][vc_row][vc_column][mk_padding_divider][\/vc_column][\/vc_row][vc_row][vc_column]\n\t\t\t\t<p class=\"rs-p-wp-fix\"><\/p>\n\t\t\t\t<sr7-module data-alias=\"technology-en\" data-id=\"5\" id=\"SR7_5_1\" class=\"rs-ov-hidden\" data-version=\"6.7.51\">\n\t\t\t\t\t<sr7-adjuster><\/sr7-adjuster>\n\t\t\t\t\t<sr7-content>\n\t\t\t\t\t\t<sr7-slide id=\"SR7_5_1-9\" data-key=\"9\">\n\t\t\t\t\t\t\t<sr7-bg id=\"SR7_5_1-9-1\" class=\"sr7-layer\"><noscript><img decoding=\"async\" src=\"https:\/\/live-aton-sabik.pantheonsite.io\/wp-content\/uploads\/2024\/10\/slider-technology.jpg\" alt=\"\" title=\"slider-technology\"><\/noscript><\/sr7-bg>\n\t\t\t\t\t\t<\/sr7-slide>\n\t\t\t\t\t\t<sr7-slide id=\"SR7_5_1-10\" data-key=\"10\">\n\t\t\t\t\t\t<\/sr7-slide>\n\t\t\t\t\t<\/sr7-content>\n\t\t\t\t\t<image_lists style=\"display:none\">\n\t\t\t\t\t\t<img data-src=\"\/\/live-aton-sabik.pantheonsite.io\/wp-content\/uploads\/2024\/10\/dots-diag-6.png\" data-libid=\"624\" title=\"dots-diag-6\" width=\"0\" height=\"0\" data-dbsrc=\"Ly9saXZlLWF0b24tc2FiaWsucGFudGhlb25zaXRlLmlvL3dwLWNvbnRlbnQvdXBsb2Fkcy8yMDI0LzEwL2RvdHMtZGlhZy02LnBuZw==\"\/>\n\t\t\t\t\t\t<img data-src=\"\/\/live-aton-sabik.pantheonsite.io\/wp-content\/uploads\/2024\/10\/slider-technology.jpg\" data-libid=\"618\" data-lib=\"medialibrary\" title=\"slider-technology\" width=\"0\" height=\"0\" data-dbsrc=\"Ly9saXZlLWF0b24tc2FiaWsucGFudGhlb25zaXRlLmlvL3dwLWNvbnRlbnQvdXBsb2Fkcy8yMDI0LzEwL3NsaWRlci10ZWNobm9sb2d5LmpwZw==\"\/>\n\t\t\t\t\t<\/image_lists>\n\t\t\t\t<\/sr7-module>\n\t\t\t\t<script>\n\t\t\t\t\twindow.SR7 ??={};SR7.PMH ??={}; SR7.PMH[\"SR7_5_1\"] = {cn:100,state:false,fn: function() { if (window._tpt!==undefined && window._tpt.prepareModuleHeight !== undefined) {  _tpt.prepareModuleHeight({id:\"SR7_5_1\",el:[500,500,768,960,720],type:'standard',shdw:'0',gh:[500,500,413,314,194],gw:[1240,1240,1024,778,480],vpt:['100px'],size:{fullWidth:true, fullHeight:false},mh:'0',onh:0,onw:0,bg:{color:'{\"orig\":\"transparent\",\"type\":\"solid\",\"string\":\"transparent\"}'}});   SR7.PMH[\"SR7_5_1\"].state=true;} else if(SR7.PMH[\"SR7_5_1\"].cn-->0)\tsetTimeout( SR7.PMH[\"SR7_5_1\"].fn,19);}};SR7.PMH[\"SR7_5_1\" ].fn();\n\t\t\t\t<\/script>\n[\/vc_column][\/vc_row][vc_row][vc_column][mk_padding_divider size=\u00bb55&#8243;][\/vc_column][\/vc_row][vc_row][vc_column width=\u00bb1\/2&#8243;][vc_column_text el_class=\u00bbingressi\u00bb css=\u00bb.vc_custom_1730703233514{margin-bottom: 0px !important;}\u00bb]\n<h2>Control y conectividad avanzados<\/h2>\n[\/vc_column_text][\/vc_column][vc_column width=\u00bb1\/2&#8243;][vc_column_text css=\u00bb.vc_custom_1728453819466{margin-bottom: 0px !important;}\u00bb]En 2015, nos convertimos en pioneros con el lanzamiento de Bluetooth\u00ae Control para linternas marinas, que permite programar y ajustar a distancia con facilidad. Damos prioridad a que todos nuestros productos sean lo m\u00e1s f\u00e1ciles de usar posible, garantizando un funcionamiento sin problemas para nuestros clientes. Adem\u00e1s del Control Bluetooth\u00ae, ofrecemos soluciones avanzadas de monitoreo y control remotos en toda nuestra gama de productos, estableciendo nuevos est\u00e1ndares de comodidad, fiabilidad y accesibilidad en la navegaci\u00f3n mar\u00edtima.[\/vc_column_text][\/vc_column][\/vc_row][vc_row][vc_column][mk_padding_divider][\/vc_column][\/vc_row][vc_row][vc_column width=\u00bb1\/2&#8243;][vc_column_text el_class=\u00bbingressi\u00bb css=\u00bb.vc_custom_1730703238649{margin-bottom: 0px !important;}\u00bb]\n<h2>Soluciones de alta ingenier\u00eda<\/h2>\n[\/vc_column_text][\/vc_column][vc_column width=\u00bb1\/2&#8243;][vc_column_text css=\u00bb.vc_custom_1728454733252{margin-bottom: 0px !important;}\u00bb]Toda nuestra gama de productos est\u00e1 dise\u00f1ada para ofrecer precisi\u00f3n, fiabilidad y facilidad de uso, con una exactitud sin igual en la navegaci\u00f3n mar\u00edtima. Desde avanzados sistemas de iluminaci\u00f3n hasta funciones de control remoto, las autoridades portuarias y las organizaciones mar\u00edtimas de todo el mundo conf\u00edan en nuestros productos para guiar a los buques con seguridad por las v\u00edas navegables m\u00e1s complejas. Nuestros equipos especializados de gesti\u00f3n de productos e ingenier\u00eda trabajan continuamente para introducir innovaciones en el mercado, hacer evolucionar las normas del sector y garantizar que nuestras soluciones satisfagan las necesidades siempre cambiantes de nuestros clientes.[\/vc_column_text][\/vc_column][\/vc_row][vc_row animation=\u00bbbottom-to-top\u00bb][vc_column][mk_padding_divider][mk_gallery images=\u00bb208&#8243; column=\u00bb1&#8243; image_size=\u00bbfull\u00bb hover_scenarios=\u00bbslow_zoom\u00bb item_spacing=\u00bb0&#8243; margin_bottom=\u00bb0&#8243;][mk_padding_divider][\/vc_column][\/vc_row][vc_row][vc_column width=\u00bb1\/2&#8243;][vc_column_text el_class=\u00bbingressi\u00bb css=\u00bb.vc_custom_1730703245665{margin-bottom: 0px !important;}\u00bb]\n<h2>Innovadoras tecnolog\u00edas de ensayo<\/h2>\n[\/vc_column_text][\/vc_column][vc_column width=\u00bb1\/2&#8243;][vc_column_text css=\u00bb.vc_custom_1728453878732{margin-bottom: 0px !important;}\u00bb]Somos pioneros en tecnolog\u00eda de navegaci\u00f3n mar\u00edtima y marcamos la pauta en fiabilidad y rendimiento. Gracias a innovaciones como las pruebas fotom\u00e9tricas en l\u00ednea, nos aseguramos de que cada producto cumpla las exigentes normas de rendimiento \u00f3ptico, impulsando la mejora continua en toda nuestra gama de productos.[\/vc_column_text][\/vc_column][\/vc_row][vc_row][vc_column][mk_padding_divider][\/vc_column][\/vc_row][vc_row][vc_column width=\u00bb1\/2&#8243;][vc_column_text el_class=\u00bbingressi\u00bb css=\u00bb.vc_custom_1730703251186{margin-bottom: 0px !important;}\u00bb]\n<h2>Contribuci\u00f3n a las normas mar\u00edtimas mundiales<\/h2>\n[\/vc_column_text][\/vc_column][vc_column width=\u00bb1\/2&#8243;][vc_column_text css=\u00bb.vc_custom_1728453890016{margin-bottom: 0px !important;}\u00bb]Como l\u00edderes en ayudas a la navegaci\u00f3n mar\u00edtima, contribuimos activamente al desarrollo de normas internacionales a trav\u00e9s de nuestro papel en la IALA. Nuestra colaboraci\u00f3n con los l\u00edderes del sector ayuda a definir los futuros avances en seguridad y tecnolog\u00eda de la navegaci\u00f3n.[\/vc_column_text][\/vc_column][\/vc_row]\n<\/div>","protected":false},"excerpt":{"rendered":"<p>[vc_row][vc_column width=\u00bb1\/6&#8243;][\/vc_column][vc_column width=\u00bb2\/3&#8243;][vc_column_text el_class=\u00bbingressi\u00bb css=\u00bb.vc_custom_1728453801166{margin-bottom: 0px !important;}\u00bb] Tecnolog\u00eda En Sabik, la innovaci\u00f3n est\u00e1 en el centro de todo lo que hacemos. Nuestra avanzada tecnolog\u00eda de se\u00f1alizaci\u00f3n mar\u00edtima est\u00e1 dise\u00f1ada para mejorar la seguridad, la eficacia y el control de los navegantes de todo el mundo. Desde el pionero control Bluetooth\u00ae para linternas hasta los sistemas de iluminaci\u00f3n de precisi\u00f3n, lideramos los avances tecnol\u00f3gicos. [\/vc_column_text][\/vc_column][vc_column width=\u00bb1\/6&#8243;][\/vc_column][\/vc_row][vc_row][vc_column][mk_padding_divider][\/vc_column][\/vc_row][vc_row][vc_column][\/vc_column][\/vc_row][vc_row][vc_column][mk_padding_divider size=\u00bb55&#8243;][\/vc_column][\/vc_row][vc_row][vc_column width=\u00bb1\/2&#8243;][vc_column_text el_class=\u00bbingressi\u00bb css=\u00bb.vc_custom_1730703233514{margin-bottom: 0px !important;}\u00bb] Control y conectividad avanzados [\/vc_column_text][\/vc_column][vc_column width=\u00bb1\/2&#8243;][vc_column_text css=\u00bb.vc_custom_1728453819466{margin-bottom: 0px !important;}\u00bb]En 2015, nos convertimos en pioneros con el lanzamiento de Bluetooth\u00ae Control para linternas marinas, que permite programar y ajustar a distancia con facilidad. Damos prioridad a que todos nuestros productos sean lo m\u00e1s f\u00e1ciles de usar posible, garantizando un funcionamiento sin problemas para nuestros clientes. Adem\u00e1s del Control Bluetooth\u00ae, ofrecemos soluciones avanzadas de monitoreo y control remotos en toda nuestra gama de productos, estableciendo nuevos est\u00e1ndares de comodidad, fiabilidad y [&hellip;]<\/p>\n","protected":false},"author":1,"featured_media":0,"parent":2544,"menu_order":0,"comment_status":"closed","ping_status":"closed","template":"","meta":{"_improvement_type_select":"improve_an_existing","_thumb_yes_seoaic":false,"_frame_yes_seoaic":false,"seoaic_generate_description":"","seoaic_improve_instructions_prompt":"","seoaic_rollback_content_improvement":"","seoaic_idea_thumbnail_generator":"","thumbnail_generated":false,"thumbnail_generate_prompt":"","seoaic_article_description":"","footnotes":""},"class_list":["post-2521","page","type-page","status-publish","hentry"],"yoast_head":"<!-- This site is optimized with the Yoast SEO Premium plugin v26.2 (Yoast SEO v27.3) - https:\/\/yoast.com\/product\/yoast-seo-premium-wordpress\/ -->\n<title>Tecnolog\u00eda de navegaci\u00f3n | %<\/title>\n<meta name=\"description\" content=\"La avanzada tecnolog\u00eda de se\u00f1alizaci\u00f3n mar\u00edtima de Sabik est\u00e1 dise\u00f1ada para aumentar la seguridad, la eficacia y el control de los navegantes de todo el mundo. \u00a1Descubra m\u00e1s!\" \/>\n<meta name=\"robots\" content=\"index, follow, max-snippet:-1, max-image-preview:large, max-video-preview:-1\" \/>\n<link rel=\"canonical\" href=\"https:\/\/sabik.com\/es\/acerca-de-nosotros\/excelencia-en-tecnologia\/\" \/>\n<meta property=\"og:locale\" content=\"es_ES\" \/>\n<meta property=\"og:type\" content=\"article\" \/>\n<meta property=\"og:title\" content=\"Excelencia en tecnolog\u00eda\" \/>\n<meta property=\"og:description\" content=\"La avanzada tecnolog\u00eda de se\u00f1alizaci\u00f3n mar\u00edtima de Sabik est\u00e1 dise\u00f1ada para aumentar la seguridad, la eficacia y el control de los navegantes de todo el mundo. \u00a1Descubra m\u00e1s!\" \/>\n<meta property=\"og:url\" content=\"https:\/\/sabik.com\/es\/acerca-de-nosotros\/excelencia-en-tecnologia\/\" \/>\n<meta property=\"og:site_name\" content=\"Sabik\" \/>\n<meta property=\"article:modified_time\" content=\"2025-01-28T09:14:29+00:00\" \/>\n<meta name=\"twitter:card\" content=\"summary_large_image\" \/>\n<meta name=\"twitter:label1\" content=\"Tiempo de lectura\" \/>\n\t<meta name=\"twitter:data1\" content=\"2 minutos\" \/>\n<script type=\"application\/ld+json\" class=\"yoast-schema-graph\">{\"@context\":\"https:\\\/\\\/schema.org\",\"@graph\":[{\"@type\":\"WebPage\",\"@id\":\"https:\\\/\\\/sabik.com\\\/es\\\/acerca-de-nosotros\\\/excelencia-en-tecnologia\\\/\",\"url\":\"https:\\\/\\\/sabik.com\\\/es\\\/acerca-de-nosotros\\\/excelencia-en-tecnologia\\\/\",\"name\":\"Tecnolog\u00eda de navegaci\u00f3n | %\",\"isPartOf\":{\"@id\":\"https:\\\/\\\/sabik.com\\\/#website\"},\"datePublished\":\"2024-09-23T09:22:04+00:00\",\"dateModified\":\"2025-01-28T09:14:29+00:00\",\"description\":\"La avanzada tecnolog\u00eda de se\u00f1alizaci\u00f3n mar\u00edtima de Sabik est\u00e1 dise\u00f1ada para aumentar la seguridad, la eficacia y el control de los navegantes de todo el mundo. \u00a1Descubra m\u00e1s!\",\"breadcrumb\":{\"@id\":\"https:\\\/\\\/sabik.com\\\/es\\\/acerca-de-nosotros\\\/excelencia-en-tecnologia\\\/#breadcrumb\"},\"inLanguage\":\"es\",\"potentialAction\":[{\"@type\":\"ReadAction\",\"target\":[\"https:\\\/\\\/sabik.com\\\/es\\\/acerca-de-nosotros\\\/excelencia-en-tecnologia\\\/\"]}]},{\"@type\":\"BreadcrumbList\",\"@id\":\"https:\\\/\\\/sabik.com\\\/es\\\/acerca-de-nosotros\\\/excelencia-en-tecnologia\\\/#breadcrumb\",\"itemListElement\":[{\"@type\":\"ListItem\",\"position\":1,\"name\":\"Home\",\"item\":\"https:\\\/\\\/sabik.com\\\/es\\\/\"},{\"@type\":\"ListItem\",\"position\":2,\"name\":\"Acerca de nosotros\",\"item\":\"https:\\\/\\\/sabik.com\\\/es\\\/acerca-de-nosotros\\\/\"},{\"@type\":\"ListItem\",\"position\":3,\"name\":\"Excelencia en tecnolog\u00eda\"}]},{\"@type\":\"WebSite\",\"@id\":\"https:\\\/\\\/sabik.com\\\/#website\",\"url\":\"https:\\\/\\\/sabik.com\\\/\",\"name\":\"Sabik\",\"description\":\"Global Leader in Maritime Aids to Navigation\",\"potentialAction\":[{\"@type\":\"SearchAction\",\"target\":{\"@type\":\"EntryPoint\",\"urlTemplate\":\"https:\\\/\\\/sabik.com\\\/?s={search_term_string}\"},\"query-input\":{\"@type\":\"PropertyValueSpecification\",\"valueRequired\":true,\"valueName\":\"search_term_string\"}}],\"inLanguage\":\"es\"}]}<\/script>\n<!-- \/ Yoast SEO Premium plugin. -->","yoast_head_json":{"title":"Tecnolog\u00eda de navegaci\u00f3n | %","description":"La avanzada tecnolog\u00eda de se\u00f1alizaci\u00f3n mar\u00edtima de Sabik est\u00e1 dise\u00f1ada para aumentar la seguridad, la eficacia y el control de los navegantes de todo el mundo. \u00a1Descubra m\u00e1s!","robots":{"index":"index","follow":"follow","max-snippet":"max-snippet:-1","max-image-preview":"max-image-preview:large","max-video-preview":"max-video-preview:-1"},"canonical":"https:\/\/sabik.com\/es\/acerca-de-nosotros\/excelencia-en-tecnologia\/","og_locale":"es_ES","og_type":"article","og_title":"Excelencia en tecnolog\u00eda","og_description":"La avanzada tecnolog\u00eda de se\u00f1alizaci\u00f3n mar\u00edtima de Sabik est\u00e1 dise\u00f1ada para aumentar la seguridad, la eficacia y el control de los navegantes de todo el mundo. \u00a1Descubra m\u00e1s!","og_url":"https:\/\/sabik.com\/es\/acerca-de-nosotros\/excelencia-en-tecnologia\/","og_site_name":"Sabik","article_modified_time":"2025-01-28T09:14:29+00:00","twitter_card":"summary_large_image","twitter_misc":{"Tiempo de lectura":"2 minutos"},"schema":{"@context":"https:\/\/schema.org","@graph":[{"@type":"WebPage","@id":"https:\/\/sabik.com\/es\/acerca-de-nosotros\/excelencia-en-tecnologia\/","url":"https:\/\/sabik.com\/es\/acerca-de-nosotros\/excelencia-en-tecnologia\/","name":"Tecnolog\u00eda de navegaci\u00f3n | %","isPartOf":{"@id":"https:\/\/sabik.com\/#website"},"datePublished":"2024-09-23T09:22:04+00:00","dateModified":"2025-01-28T09:14:29+00:00","description":"La avanzada tecnolog\u00eda de se\u00f1alizaci\u00f3n mar\u00edtima de Sabik est\u00e1 dise\u00f1ada para aumentar la seguridad, la eficacia y el control de los navegantes de todo el mundo. \u00a1Descubra m\u00e1s!","breadcrumb":{"@id":"https:\/\/sabik.com\/es\/acerca-de-nosotros\/excelencia-en-tecnologia\/#breadcrumb"},"inLanguage":"es","potentialAction":[{"@type":"ReadAction","target":["https:\/\/sabik.com\/es\/acerca-de-nosotros\/excelencia-en-tecnologia\/"]}]},{"@type":"BreadcrumbList","@id":"https:\/\/sabik.com\/es\/acerca-de-nosotros\/excelencia-en-tecnologia\/#breadcrumb","itemListElement":[{"@type":"ListItem","position":1,"name":"Home","item":"https:\/\/sabik.com\/es\/"},{"@type":"ListItem","position":2,"name":"Acerca de nosotros","item":"https:\/\/sabik.com\/es\/acerca-de-nosotros\/"},{"@type":"ListItem","position":3,"name":"Excelencia en tecnolog\u00eda"}]},{"@type":"WebSite","@id":"https:\/\/sabik.com\/#website","url":"https:\/\/sabik.com\/","name":"Sabik","description":"Global Leader in Maritime Aids to Navigation","potentialAction":[{"@type":"SearchAction","target":{"@type":"EntryPoint","urlTemplate":"https:\/\/sabik.com\/?s={search_term_string}"},"query-input":{"@type":"PropertyValueSpecification","valueRequired":true,"valueName":"search_term_string"}}],"inLanguage":"es"}]}},"_links":{"self":[{"href":"https:\/\/sabik.com\/es\/wp-json\/wp\/v2\/pages\/2521","targetHints":{"allow":["GET"]}}],"collection":[{"href":"https:\/\/sabik.com\/es\/wp-json\/wp\/v2\/pages"}],"about":[{"href":"https:\/\/sabik.com\/es\/wp-json\/wp\/v2\/types\/page"}],"author":[{"embeddable":true,"href":"https:\/\/sabik.com\/es\/wp-json\/wp\/v2\/users\/1"}],"replies":[{"embeddable":true,"href":"https:\/\/sabik.com\/es\/wp-json\/wp\/v2\/comments?post=2521"}],"version-history":[{"count":2,"href":"https:\/\/sabik.com\/es\/wp-json\/wp\/v2\/pages\/2521\/revisions"}],"predecessor-version":[{"id":2651,"href":"https:\/\/sabik.com\/es\/wp-json\/wp\/v2\/pages\/2521\/revisions\/2651"}],"up":[{"embeddable":true,"href":"https:\/\/sabik.com\/es\/wp-json\/wp\/v2\/pages\/2544"}],"wp:attachment":[{"href":"https:\/\/sabik.com\/es\/wp-json\/wp\/v2\/media?parent=2521"}],"curies":[{"name":"wp","href":"https:\/\/api.w.org\/{rel}","templated":true}]}}