{"id":2525,"date":"2024-09-23T12:13:49","date_gmt":"2024-09-23T09:13:49","guid":{"rendered":"https:\/\/sabik.com\/nuestra-historia\/"},"modified":"2025-01-28T11:13:43","modified_gmt":"2025-01-28T09:13:43","slug":"nuestra-historia","status":"publish","type":"page","link":"https:\/\/sabik.com\/es\/acerca-de-nosotros\/nuestra-historia\/","title":{"rendered":"Nuestra historia"},"content":{"rendered":"<div class=\"wpb-content-wrapper\">[vc_row][vc_column width=\u00bb1\/6&#8243;][\/vc_column][vc_column width=\u00bb2\/3&#8243;][vc_column_text el_class=\u00bbingressi\u00bb css=\u00bb.vc_custom_1730802900665{margin-bottom: 0px !important;}\u00bb]\n<h1 style=\"text-align: center;\">Nuestra historia<\/h1>\n<p style=\"text-align: center;\">Descubra c\u00f3mo Sabik, ahora SPX Aids to Navigation, transform\u00f3 la seguridad mar\u00edtima a trav\u00e9s de importantes hitos: desde la creaci\u00f3n de la primera boya para hielo hasta convertirse en l\u00edder mundial en soluciones de navegaci\u00f3n mar\u00edtima.<\/p>\n[\/vc_column_text][\/vc_column][vc_column width=\u00bb1\/6&#8243;][\/vc_column][\/vc_row][vc_row][vc_column][mk_padding_divider][\/vc_column][\/vc_row][vc_row][vc_column]\n\t\t\t\t<p class=\"rs-p-wp-fix\"><\/p>\n\t\t\t\t<sr7-module data-alias=\"our-story-en\" data-id=\"4\" id=\"SR7_4_1\" class=\"rs-ov-hidden\" data-version=\"6.7.51\">\n\t\t\t\t\t<sr7-adjuster><\/sr7-adjuster>\n\t\t\t\t\t<sr7-content>\n\t\t\t\t\t\t<sr7-slide id=\"SR7_4_1-7\" data-key=\"7\">\n\t\t\t\t\t\t\t<sr7-bg id=\"SR7_4_1-7-1\" class=\"sr7-layer\"><noscript><img decoding=\"async\" src=\"https:\/\/live-aton-sabik.pantheonsite.io\/wp-content\/uploads\/2024\/10\/slider-our-story.jpg\" alt=\"\" title=\"slider-our-story\"><\/noscript><\/sr7-bg>\n\t\t\t\t\t\t<\/sr7-slide>\n\t\t\t\t\t\t<sr7-slide id=\"SR7_4_1-8\" data-key=\"8\">\n\t\t\t\t\t\t<\/sr7-slide>\n\t\t\t\t\t<\/sr7-content>\n\t\t\t\t\t<image_lists style=\"display:none\">\n\t\t\t\t\t\t<img data-src=\"\/\/live-aton-sabik.pantheonsite.io\/wp-content\/uploads\/2024\/10\/dots-diag-w-8.png\" data-libid=\"621\" title=\"dots-diag-w-8\" width=\"0\" height=\"0\" data-dbsrc=\"Ly9saXZlLWF0b24tc2FiaWsucGFudGhlb25zaXRlLmlvL3dwLWNvbnRlbnQvdXBsb2Fkcy8yMDI0LzEwL2RvdHMtZGlhZy13LTgucG5n\"\/>\n\t\t\t\t\t\t<img data-src=\"\/\/live-aton-sabik.pantheonsite.io\/wp-content\/uploads\/2024\/10\/slider-our-story.jpg\" data-libid=\"614\" data-lib=\"medialibrary\" title=\"slider-our-story\" width=\"0\" height=\"0\" data-dbsrc=\"Ly9saXZlLWF0b24tc2FiaWsucGFudGhlb25zaXRlLmlvL3dwLWNvbnRlbnQvdXBsb2Fkcy8yMDI0LzEwL3NsaWRlci1vdXItc3RvcnkuanBn\"\/>\n\t\t\t\t\t<\/image_lists>\n\t\t\t\t<\/sr7-module>\n\t\t\t\t<script>\n\t\t\t\t\twindow.SR7 ??={};SR7.PMH ??={}; SR7.PMH[\"SR7_4_1\"] = {cn:100,state:false,fn: function() { if (window._tpt!==undefined && window._tpt.prepareModuleHeight !== undefined) {  _tpt.prepareModuleHeight({id:\"SR7_4_1\",el:[500,500,768,960,720],type:'standard',shdw:'0',gh:[500,500,413,314,194],gw:[1240,1240,1024,778,480],vpt:['100px'],size:{fullWidth:true, fullHeight:false},mh:'0',onh:0,onw:0,bg:{color:'{\"orig\":\"transparent\",\"type\":\"solid\",\"string\":\"transparent\"}'}});   SR7.PMH[\"SR7_4_1\"].state=true;} else if(SR7.PMH[\"SR7_4_1\"].cn-->0)\tsetTimeout( SR7.PMH[\"SR7_4_1\"].fn,19);}};SR7.PMH[\"SR7_4_1\" ].fn();\n\t\t\t\t<\/script>\n[\/vc_column][\/vc_row][vc_row][vc_column][mk_padding_divider size=\u00bb55&#8243;][\/vc_column][\/vc_row][vc_row][vc_column width=\u00bb1\/2&#8243;][vc_column_text el_class=\u00bbingressi\u00bb css=\u00bb.vc_custom_1730703262198{margin-bottom: 0px !important;}\u00bb]\n<h2>D\u00e9cada del 70: Una nueva era en la navegaci\u00f3n<\/h2>\n[\/vc_column_text][\/vc_column][vc_column width=\u00bb1\/2&#8243;][vc_column_text css=\u00bb.vc_custom_1730110797449{margin-bottom: 0px !important;}\u00bb]\n<h6>Innovaci\u00f3n en Linternas de Boyas para Hielo<\/h6>\n<p>La trayectoria de Sabik comenz\u00f3 con la creaci\u00f3n de la primera boya para hielo, dise\u00f1ada en colaboraci\u00f3n con la Finnish Maritime, que estableci\u00f3 un nuevo est\u00e1ndar en ayudas a la navegaci\u00f3n.[\/vc_column_text][mk_padding_divider size=\u00bb30&#8243; visibility=\u00bbhidden-sm\u00bb][vc_column_text css=\u00bb.vc_custom_1729573332064{margin-bottom: 0px !important;}\u00bb]\n<h6>Avance Tecnol\u00f3gico<\/h6>\n<p>Se desarrollaron la linterna MPV y el policarbonato Lexan, que sentaron las bases para que Sabik se centrara en la tecnolog\u00eda mar\u00edtima de vanguardia.[\/vc_column_text][\/vc_column][\/vc_row][vc_row animation=\u00bbfade-in\u00bb][vc_column][mk_divider style=\u00bbthin_solid\u00bb margin_top=\u00bb40&#8243; margin_bottom=\u00bb40&#8243;][\/vc_column][\/vc_row][vc_row][vc_column width=\u00bb1\/2&#8243;][vc_column_text el_class=\u00bbingressi\u00bb css=\u00bb.vc_custom_1730703267786{margin-bottom: 0px !important;}\u00bb]\n<h2>D\u00e9cada del 80: Soluciones inteligentes<\/h2>\n[\/vc_column_text][\/vc_column][vc_column width=\u00bb1\/2&#8243;][vc_column_text css=\u00bb.vc_custom_1729573339545{margin-bottom: 0px !important;}\u00bb]\n<h6>SmartFlasher<\/h6>\n<p>Sabik revolucion\u00f3 el sector con el primer intermitente inteligente del mundo, un gran avance en los sistemas de navegaci\u00f3n[\/vc_column_text][\/vc_column][\/vc_row][vc_row animation=\u00bbfade-in\u00bb][vc_column][mk_divider style=\u00bbthin_solid\u00bb margin_top=\u00bb40&#8243; margin_bottom=\u00bb40&#8243;][\/vc_column][\/vc_row][vc_row][vc_column width=\u00bb1\/2&#8243;][vc_column_text el_class=\u00bbingressi\u00bb css=\u00bb.vc_custom_1730703273327{margin-bottom: 0px !important;}\u00bb]\n<h2>D\u00e9cada del 90: Resistencia y expansi\u00f3n<\/h2>\n[\/vc_column_text][\/vc_column][vc_column width=\u00bb1\/2&#8243;][vc_column_text css=\u00bb.vc_custom_1729573346820{margin-bottom: 0px !important;}\u00bb]\n<h6>Superar los Retos<\/h6>\n<p>Tras pasar apuros financieros, Sabik Oy resurgi\u00f3 con innovaciones revolucionarias como la primera linterna LED y tecnolog\u00edas de monitoreo remoto.[\/vc_column_text][mk_padding_divider size=\u00bb30&#8243; visibility=\u00bbhidden-sm\u00bb][vc_column_text css=\u00bb.vc_custom_1729573355472{margin-bottom: 0px !important;}\u00bb]\n<h6>Alcance Mundial<\/h6>\n<p>El alcance mundial de Sabik se ampli\u00f3 con su primera entrega fuera de Europa a la Guardia Costera canadiense y su expansi\u00f3n estrat\u00e9gica a Dinamarca.[\/vc_column_text][\/vc_column][\/vc_row][vc_row animation=\u00bbfade-in\u00bb][vc_column][mk_divider style=\u00bbthin_solid\u00bb margin_top=\u00bb40&#8243; margin_bottom=\u00bb40&#8243;][\/vc_column][\/vc_row][vc_row][vc_column width=\u00bb1\/2&#8243;][vc_column_text el_class=\u00bbingressi\u00bb css=\u00bb.vc_custom_1730703279305{margin-bottom: 0px !important;}\u00bb]\n<h2>D\u00e9cada del 2000: L\u00edder en innovaci\u00f3n LED<\/h2>\n[\/vc_column_text][\/vc_column][vc_column width=\u00bb1\/2&#8243;][vc_column_text css=\u00bb.vc_custom_1729573363021{margin-bottom: 0px !important;}\u00bb]\n<h6>Transici\u00f3n LED Completa<\/h6>\n<p>A principios de la d\u00e9cada de 2000, Sabik se hab\u00eda pasado por completo a la tecnolog\u00eda LED, introduciendo productos clave como el LED-155 y el LED-350. Tambi\u00e9n estableci\u00f3 est\u00e1ndares industriales con pruebas fotom\u00e9tricas en l\u00ednea.[\/vc_column_text][mk_padding_divider size=\u00bb30&#8243; visibility=\u00bbhidden-sm\u00bb][vc_column_text css=\u00bb.vc_custom_1729573369734{margin-bottom: 0px !important;}\u00bb]\n<h6>Establecimiento de Nuevas Normas<\/h6>\n<p>Sabik fue la primera empresa del sector en realizar pruebas fotom\u00e9tricas en l\u00ednea en todos sus productos.[\/vc_column_text][\/vc_column][\/vc_row][vc_row animation=\u00bbfade-in\u00bb][vc_column][mk_divider style=\u00bbthin_solid\u00bb margin_top=\u00bb40&#8243; margin_bottom=\u00bb40&#8243;][\/vc_column][\/vc_row][vc_row][vc_column width=\u00bb1\/2&#8243;][vc_column_text el_class=\u00bbingressi\u00bb css=\u00bb.vc_custom_1730703285026{margin-bottom: 0px !important;}\u00bb]\n<h2>D\u00e9cada del 2010: Crecimiento estrat\u00e9gico y asociaciones<\/h2>\n[\/vc_column_text][\/vc_column][vc_column width=\u00bb1\/2&#8243;][vc_column_text css=\u00bb.vc_custom_1730111038198{margin-bottom: 0px !important;}\u00bb]\n<h6>Asociaci\u00f3n con Carmanah<\/h6>\n<p>En la d\u00e9cada de 2010, Sabik form\u00f3 alianzas clave, en particular con Carmanah, lo que condujo a un crecimiento significativo y a una presencia global en Asia y Am\u00e9rica.[\/vc_column_text][\/vc_column][\/vc_row][vc_row animation=\u00bbfade-in\u00bb][vc_column][mk_divider style=\u00bbthin_solid\u00bb margin_top=\u00bb40&#8243; margin_bottom=\u00bb40&#8243;][\/vc_column][\/vc_row][vc_row][vc_column width=\u00bb1\/2&#8243;][vc_column_text el_class=\u00bbingressi\u00bb css=\u00bb.vc_custom_1730703291558{margin-bottom: 0px !important;}\u00bb]\n<h2>2017-2023: Nos convertimos en SPX Aids to Navigation<\/h2>\n[\/vc_column_text][\/vc_column][vc_column width=\u00bb1\/2&#8243;][vc_column_text css=\u00bb.vc_custom_1729573386372{margin-bottom: 0px !important;}\u00bb]\n<h6>Adquisiciones y Liderazgo<\/h6>\n<p>SPX adquiri\u00f3 Sabik en 2019, seguida de Sealite y Avlite, lo que la convierte en la mayor empresa de se\u00f1alizaci\u00f3n mar\u00edtima. En 2023, Sabik pas\u00f3 a llamarse SPX Aids to Navigation Oy, en consonancia con una visi\u00f3n m\u00e1s amplia del futuro.[\/vc_column_text][\/vc_column][\/vc_row]\n<\/div>","protected":false},"excerpt":{"rendered":"<p>[vc_row][vc_column width=\u00bb1\/6&#8243;][\/vc_column][vc_column width=\u00bb2\/3&#8243;][vc_column_text el_class=\u00bbingressi\u00bb css=\u00bb.vc_custom_1730802900665{margin-bottom: 0px !important;}\u00bb] Nuestra historia Descubra c\u00f3mo Sabik, ahora SPX Aids to Navigation, transform\u00f3 la seguridad mar\u00edtima a trav\u00e9s de importantes hitos: desde la creaci\u00f3n de la primera boya para hielo hasta convertirse en l\u00edder mundial en soluciones de navegaci\u00f3n mar\u00edtima. [\/vc_column_text][\/vc_column][vc_column width=\u00bb1\/6&#8243;][\/vc_column][\/vc_row][vc_row][vc_column][mk_padding_divider][\/vc_column][\/vc_row][vc_row][vc_column][\/vc_column][\/vc_row][vc_row][vc_column][mk_padding_divider size=\u00bb55&#8243;][\/vc_column][\/vc_row][vc_row][vc_column width=\u00bb1\/2&#8243;][vc_column_text el_class=\u00bbingressi\u00bb css=\u00bb.vc_custom_1730703262198{margin-bottom: 0px !important;}\u00bb] D\u00e9cada del 70: Una nueva era en la navegaci\u00f3n [\/vc_column_text][\/vc_column][vc_column width=\u00bb1\/2&#8243;][vc_column_text css=\u00bb.vc_custom_1730110797449{margin-bottom: 0px !important;}\u00bb] Innovaci\u00f3n en Linternas de Boyas para Hielo La trayectoria de Sabik comenz\u00f3 con la creaci\u00f3n de la primera boya para hielo, dise\u00f1ada en colaboraci\u00f3n con la Finnish Maritime, que estableci\u00f3 un nuevo est\u00e1ndar en ayudas a la navegaci\u00f3n.[\/vc_column_text][mk_padding_divider size=\u00bb30&#8243; visibility=\u00bbhidden-sm\u00bb][vc_column_text css=\u00bb.vc_custom_1729573332064{margin-bottom: 0px !important;}\u00bb] Avance Tecnol\u00f3gico Se desarrollaron la linterna MPV y el policarbonato Lexan, que sentaron las bases para que Sabik se centrara en la tecnolog\u00eda mar\u00edtima de vanguardia.[\/vc_column_text][\/vc_column][\/vc_row][vc_row animation=\u00bbfade-in\u00bb][vc_column][mk_divider style=\u00bbthin_solid\u00bb margin_top=\u00bb40&#8243; margin_bottom=\u00bb40&#8243;][\/vc_column][\/vc_row][vc_row][vc_column width=\u00bb1\/2&#8243;][vc_column_text el_class=\u00bbingressi\u00bb css=\u00bb.vc_custom_1730703267786{margin-bottom: 0px !important;}\u00bb] D\u00e9cada del 80: Soluciones inteligentes [&hellip;]<\/p>\n","protected":false},"author":1,"featured_media":0,"parent":2544,"menu_order":0,"comment_status":"closed","ping_status":"closed","template":"","meta":{"_improvement_type_select":"improve_an_existing","_thumb_yes_seoaic":false,"_frame_yes_seoaic":false,"seoaic_generate_description":"","seoaic_improve_instructions_prompt":"","seoaic_rollback_content_improvement":"","seoaic_idea_thumbnail_generator":"","thumbnail_generated":false,"thumbnail_generate_prompt":"","seoaic_article_description":"","footnotes":""},"class_list":["post-2525","page","type-page","status-publish","hentry"],"yoast_head":"<!-- This site is optimized with the Yoast SEO Premium plugin v26.2 (Yoast SEO v27.3) - https:\/\/yoast.com\/product\/yoast-seo-premium-wordpress\/ -->\n<title>Nuestra historia | Sabik %<\/title>\n<meta name=\"description\" content=\"Explore los hitos que han dado forma a Sabik, ahora conocida como SPX Aids to Navigation, desde la creaci\u00f3n de la primera boya de hielo hasta convertirse en una fuerza central de la industria mar\u00edtima actual.\" \/>\n<meta name=\"robots\" content=\"index, follow, max-snippet:-1, max-image-preview:large, max-video-preview:-1\" \/>\n<link rel=\"canonical\" href=\"https:\/\/sabik.com\/es\/acerca-de-nosotros\/nuestra-historia\/\" \/>\n<meta property=\"og:locale\" content=\"es_ES\" \/>\n<meta property=\"og:type\" content=\"article\" \/>\n<meta property=\"og:title\" content=\"Nuestra historia\" \/>\n<meta property=\"og:description\" content=\"Explore los hitos que han dado forma a Sabik, ahora conocida como SPX Aids to Navigation, desde la creaci\u00f3n de la primera boya de hielo hasta convertirse en una fuerza central de la industria mar\u00edtima actual.\" \/>\n<meta property=\"og:url\" content=\"https:\/\/sabik.com\/es\/acerca-de-nosotros\/nuestra-historia\/\" \/>\n<meta property=\"og:site_name\" content=\"Sabik\" \/>\n<meta property=\"article:modified_time\" content=\"2025-01-28T09:13:43+00:00\" \/>\n<meta name=\"twitter:card\" content=\"summary_large_image\" \/>\n<meta name=\"twitter:label1\" content=\"Tiempo de lectura\" \/>\n\t<meta name=\"twitter:data1\" content=\"2 minutos\" \/>\n<script type=\"application\/ld+json\" class=\"yoast-schema-graph\">{\"@context\":\"https:\\\/\\\/schema.org\",\"@graph\":[{\"@type\":\"WebPage\",\"@id\":\"https:\\\/\\\/sabik.com\\\/es\\\/acerca-de-nosotros\\\/nuestra-historia\\\/\",\"url\":\"https:\\\/\\\/sabik.com\\\/es\\\/acerca-de-nosotros\\\/nuestra-historia\\\/\",\"name\":\"Nuestra historia | Sabik %\",\"isPartOf\":{\"@id\":\"https:\\\/\\\/sabik.com\\\/#website\"},\"datePublished\":\"2024-09-23T09:13:49+00:00\",\"dateModified\":\"2025-01-28T09:13:43+00:00\",\"description\":\"Explore los hitos que han dado forma a Sabik, ahora conocida como SPX Aids to Navigation, desde la creaci\u00f3n de la primera boya de hielo hasta convertirse en una fuerza central de la industria mar\u00edtima actual.\",\"breadcrumb\":{\"@id\":\"https:\\\/\\\/sabik.com\\\/es\\\/acerca-de-nosotros\\\/nuestra-historia\\\/#breadcrumb\"},\"inLanguage\":\"es\",\"potentialAction\":[{\"@type\":\"ReadAction\",\"target\":[\"https:\\\/\\\/sabik.com\\\/es\\\/acerca-de-nosotros\\\/nuestra-historia\\\/\"]}]},{\"@type\":\"BreadcrumbList\",\"@id\":\"https:\\\/\\\/sabik.com\\\/es\\\/acerca-de-nosotros\\\/nuestra-historia\\\/#breadcrumb\",\"itemListElement\":[{\"@type\":\"ListItem\",\"position\":1,\"name\":\"Home\",\"item\":\"https:\\\/\\\/sabik.com\\\/es\\\/\"},{\"@type\":\"ListItem\",\"position\":2,\"name\":\"Acerca de nosotros\",\"item\":\"https:\\\/\\\/sabik.com\\\/es\\\/acerca-de-nosotros\\\/\"},{\"@type\":\"ListItem\",\"position\":3,\"name\":\"Nuestra historia\"}]},{\"@type\":\"WebSite\",\"@id\":\"https:\\\/\\\/sabik.com\\\/#website\",\"url\":\"https:\\\/\\\/sabik.com\\\/\",\"name\":\"Sabik\",\"description\":\"Global Leader in Maritime Aids to Navigation\",\"potentialAction\":[{\"@type\":\"SearchAction\",\"target\":{\"@type\":\"EntryPoint\",\"urlTemplate\":\"https:\\\/\\\/sabik.com\\\/?s={search_term_string}\"},\"query-input\":{\"@type\":\"PropertyValueSpecification\",\"valueRequired\":true,\"valueName\":\"search_term_string\"}}],\"inLanguage\":\"es\"}]}<\/script>\n<!-- \/ Yoast SEO Premium plugin. -->","yoast_head_json":{"title":"Nuestra historia | Sabik %","description":"Explore los hitos que han dado forma a Sabik, ahora conocida como SPX Aids to Navigation, desde la creaci\u00f3n de la primera boya de hielo hasta convertirse en una fuerza central de la industria mar\u00edtima actual.","robots":{"index":"index","follow":"follow","max-snippet":"max-snippet:-1","max-image-preview":"max-image-preview:large","max-video-preview":"max-video-preview:-1"},"canonical":"https:\/\/sabik.com\/es\/acerca-de-nosotros\/nuestra-historia\/","og_locale":"es_ES","og_type":"article","og_title":"Nuestra historia","og_description":"Explore los hitos que han dado forma a Sabik, ahora conocida como SPX Aids to Navigation, desde la creaci\u00f3n de la primera boya de hielo hasta convertirse en una fuerza central de la industria mar\u00edtima actual.","og_url":"https:\/\/sabik.com\/es\/acerca-de-nosotros\/nuestra-historia\/","og_site_name":"Sabik","article_modified_time":"2025-01-28T09:13:43+00:00","twitter_card":"summary_large_image","twitter_misc":{"Tiempo de lectura":"2 minutos"},"schema":{"@context":"https:\/\/schema.org","@graph":[{"@type":"WebPage","@id":"https:\/\/sabik.com\/es\/acerca-de-nosotros\/nuestra-historia\/","url":"https:\/\/sabik.com\/es\/acerca-de-nosotros\/nuestra-historia\/","name":"Nuestra historia | Sabik %","isPartOf":{"@id":"https:\/\/sabik.com\/#website"},"datePublished":"2024-09-23T09:13:49+00:00","dateModified":"2025-01-28T09:13:43+00:00","description":"Explore los hitos que han dado forma a Sabik, ahora conocida como SPX Aids to Navigation, desde la creaci\u00f3n de la primera boya de hielo hasta convertirse en una fuerza central de la industria mar\u00edtima actual.","breadcrumb":{"@id":"https:\/\/sabik.com\/es\/acerca-de-nosotros\/nuestra-historia\/#breadcrumb"},"inLanguage":"es","potentialAction":[{"@type":"ReadAction","target":["https:\/\/sabik.com\/es\/acerca-de-nosotros\/nuestra-historia\/"]}]},{"@type":"BreadcrumbList","@id":"https:\/\/sabik.com\/es\/acerca-de-nosotros\/nuestra-historia\/#breadcrumb","itemListElement":[{"@type":"ListItem","position":1,"name":"Home","item":"https:\/\/sabik.com\/es\/"},{"@type":"ListItem","position":2,"name":"Acerca de nosotros","item":"https:\/\/sabik.com\/es\/acerca-de-nosotros\/"},{"@type":"ListItem","position":3,"name":"Nuestra historia"}]},{"@type":"WebSite","@id":"https:\/\/sabik.com\/#website","url":"https:\/\/sabik.com\/","name":"Sabik","description":"Global Leader in Maritime Aids to Navigation","potentialAction":[{"@type":"SearchAction","target":{"@type":"EntryPoint","urlTemplate":"https:\/\/sabik.com\/?s={search_term_string}"},"query-input":{"@type":"PropertyValueSpecification","valueRequired":true,"valueName":"search_term_string"}}],"inLanguage":"es"}]}},"_links":{"self":[{"href":"https:\/\/sabik.com\/es\/wp-json\/wp\/v2\/pages\/2525","targetHints":{"allow":["GET"]}}],"collection":[{"href":"https:\/\/sabik.com\/es\/wp-json\/wp\/v2\/pages"}],"about":[{"href":"https:\/\/sabik.com\/es\/wp-json\/wp\/v2\/types\/page"}],"author":[{"embeddable":true,"href":"https:\/\/sabik.com\/es\/wp-json\/wp\/v2\/users\/1"}],"replies":[{"embeddable":true,"href":"https:\/\/sabik.com\/es\/wp-json\/wp\/v2\/comments?post=2525"}],"version-history":[{"count":2,"href":"https:\/\/sabik.com\/es\/wp-json\/wp\/v2\/pages\/2525\/revisions"}],"predecessor-version":[{"id":2650,"href":"https:\/\/sabik.com\/es\/wp-json\/wp\/v2\/pages\/2525\/revisions\/2650"}],"up":[{"embeddable":true,"href":"https:\/\/sabik.com\/es\/wp-json\/wp\/v2\/pages\/2544"}],"wp:attachment":[{"href":"https:\/\/sabik.com\/es\/wp-json\/wp\/v2\/media?parent=2525"}],"curies":[{"name":"wp","href":"https:\/\/api.w.org\/{rel}","templated":true}]}}