{"id":2546,"date":"2024-06-13T08:50:08","date_gmt":"2024-06-13T05:50:08","guid":{"rendered":"https:\/\/sabik.com\/pagina-de-inicio\/"},"modified":"2025-01-28T11:10:01","modified_gmt":"2025-01-28T09:10:01","slug":"pagina-de-inicio","status":"publish","type":"page","link":"https:\/\/sabik.com\/es\/","title":{"rendered":"P\u00e1gina de inicio"},"content":{"rendered":"<div class=\"wpb-content-wrapper\">[vc_row fullwidth=\u00bbtrue\u00bb fullwidth_content=\u00bbfalse\u00bb css=\u00bb.vc_custom_1730980474127{background-color: #F7F7F7 !important;}\u00bb][vc_column]\n\t\t\t\t<p class=\"rs-p-wp-fix\"><\/p>\n\t\t\t\t<sr7-module data-alias=\"product-menu-es\" data-id=\"15\" id=\"SR7_15_1\" class=\"rs-ov-hidden\" data-version=\"6.7.51\">\n\t\t\t\t\t<sr7-adjuster><\/sr7-adjuster>\n\t\t\t\t\t<sr7-content>\n\t\t\t\t\t\t<sr7-slide id=\"SR7_15_1-29\" data-key=\"29\">\n\t\t\t\t\t\t\t<sr7-txt id=\"SR7_15_1-29-11\" class=\"sr7-layer\">Luces solares<\/sr7-txt>\n\t\t\t\t\t\t\t<sr7-txt id=\"SR7_15_1-29-15\" class=\"sr7-layer\">Linternas<br \/>\nomnidireccionales<\/sr7-txt>\n\t\t\t\t\t\t\t<sr7-txt id=\"SR7_15_1-29-18\" class=\"sr7-layer\">Linternas<br \/>\ndireccionales<\/sr7-txt>\n\t\t\t\t\t\t\t<sr7-txt id=\"SR7_15_1-29-21\" class=\"sr7-layer\">Luces especiales<\/sr7-txt>\n\t\t\t\t\t\t\t<sr7-txt id=\"SR7_15_1-29-24\" class=\"sr7-layer\">Sistemas de<br \/>\nalimentaci\u00f3n el\u00e9ctrica<\/sr7-txt>\n\t\t\t\t\t\t\t<sr7-txt id=\"SR7_15_1-29-27\" class=\"sr7-layer\">Otros productos<\/sr7-txt>\n\t\t\t\t\t\t<\/sr7-slide>\n\t\t\t\t\t\t<sr7-slide id=\"SR7_15_1-30\" data-key=\"30\">\n\t\t\t\t\t\t<\/sr7-slide>\n\t\t\t\t\t<\/sr7-content>\n\t\t\t\t\t<image_lists style=\"display:none\">\n\t\t\t\t\t\t<img data-src=\"\/\/sabik.com\/wp-content\/uploads\/2024\/10\/solar-lanterns.png\" data-libid=\"452\" data-lib=\"medialibrary\" alt=\"Solar Lights\" title=\"Solar Lights\" width=\"0\" height=\"0\" data-dbsrc=\"Ly9zYWJpay5jb20vd3AtY29udGVudC91cGxvYWRzLzIwMjQvMTAvc29sYXItbGFudGVybnMucG5n\"\/>\n\t\t\t\t\t\t<img data-src=\"\/\/sabik.com\/wp-content\/uploads\/2024\/10\/omnidirectional.png\" data-libid=\"453\" data-lib=\"medialibrary\" alt=\"Omnidirectional Marine Lanterns\" title=\"Omnidirectional Marine Lanterns\" width=\"0\" height=\"0\" data-dbsrc=\"Ly9zYWJpay5jb20vd3AtY29udGVudC91cGxvYWRzLzIwMjQvMTAvb21uaWRpcmVjdGlvbmFsLnBuZw==\"\/>\n\t\t\t\t\t\t<img data-src=\"\/\/sabik.com\/wp-content\/uploads\/2024\/10\/directional.png\" data-libid=\"454\" data-lib=\"medialibrary\" alt=\"Directional marine lanterns\" title=\"Directional Marine Lanterns\" width=\"0\" height=\"0\" data-dbsrc=\"Ly9zYWJpay5jb20vd3AtY29udGVudC91cGxvYWRzLzIwMjQvMTAvZGlyZWN0aW9uYWwucG5n\"\/>\n\t\t\t\t\t\t<img data-src=\"\/\/sabik.com\/wp-content\/uploads\/2024\/10\/special-lights.png\" data-libid=\"451\" data-lib=\"medialibrary\" alt=\"Special marine lights\" title=\"Special Marine Lights\" width=\"0\" height=\"0\" data-dbsrc=\"Ly9zYWJpay5jb20vd3AtY29udGVudC91cGxvYWRzLzIwMjQvMTAvc3BlY2lhbC1saWdodHMucG5n\"\/>\n\t\t\t\t\t\t<img data-src=\"\/\/sabik.com\/wp-content\/uploads\/2024\/10\/power-systems.png\" data-libid=\"455\" data-lib=\"medialibrary\" alt=\"Power Systems\" title=\"Power Systems\" width=\"0\" height=\"0\" data-dbsrc=\"Ly9zYWJpay5jb20vd3AtY29udGVudC91cGxvYWRzLzIwMjQvMTAvcG93ZXItc3lzdGVtcy5wbmc=\"\/>\n\t\t\t\t\t\t<img data-src=\"\/\/sabik.com\/wp-content\/uploads\/2024\/10\/other-products.png\" data-libid=\"1519\" data-lib=\"medialibrary\" alt=\"Other products\" title=\"Other products\" width=\"0\" height=\"0\" data-dbsrc=\"Ly9zYWJpay5jb20vd3AtY29udGVudC91cGxvYWRzLzIwMjQvMTAvb3RoZXItcHJvZHVjdHMucG5n\"\/>\n\t\t\t\t\t<\/image_lists>\n\t\t\t\t<\/sr7-module>\n\t\t\t\t<script>\n\t\t\t\t\twindow.SR7 ??={};SR7.PMH ??={}; SR7.PMH[\"SR7_15_1\"] = {cn:100,state:false,fn: function() { if (window._tpt!==undefined && window._tpt.prepareModuleHeight !== undefined) {  _tpt.prepareModuleHeight({id:\"SR7_15_1\",el:[242,242,242,242,390],type:'standard',shdw:'0',gh:[242,242,242,242,390],gw:[1200,1200,1200,1200,480],vpt:['-100px&#039;,&#039;-100px&#039;,&#039;-100px&#039;,&#039;-100px&#039;,&#039;-100px'],size:{fullWidth:false, fullHeight:false},mh:'0',onh:0,onw:0,bg:{color:'{\"orig\":\"transparent\",\"type\":\"solid\",\"string\":\"transparent\"}'}});   SR7.PMH[\"SR7_15_1\"].state=true;} else if(SR7.PMH[\"SR7_15_1\"].cn-->0)\tsetTimeout( SR7.PMH[\"SR7_15_1\"].fn,19);}};SR7.PMH[\"SR7_15_1\" ].fn();\n\t\t\t\t<\/script>\n[\/vc_column][\/vc_row][vc_row][vc_column]\n\t\t\t\t<p class=\"rs-p-wp-fix\"><\/p>\n\t\t\t\t<sr7-module data-alias=\"frontpage-en-1\" data-id=\"16\" id=\"SR7_16_2\" class=\"rs-ov-hidden\" data-version=\"6.7.51\">\n\t\t\t\t\t<sr7-adjuster><\/sr7-adjuster>\n\t\t\t\t\t<sr7-content>\n\t\t\t\t\t\t<sr7-slide id=\"SR7_16_2-31\" data-key=\"31\">\n\t\t\t\t\t\t\t<sr7-txt id=\"SR7_16_2-31-0\" class=\"sr7-layer\">Una s\u00f3lida experiencia a su servicio<\/sr7-txt>\n\t\t\t\t\t\t\t<a id=\"SR7_16_2-31-1\" class=\"sr7-layer\" href=\"\/es\/acerca-de-nosotros\/nuestra-historia\/\" target=\"_self\">Nuestra historia<\/a>\n\t\t\t\t\t\t\t<sr7-txt id=\"SR7_16_2-31-2\" class=\"sr7-layer\">Contacto<\/sr7-txt>\n\t\t\t\t\t\t<\/sr7-slide>\n\t\t\t\t\t\t<sr7-slide id=\"SR7_16_2-32\" data-key=\"32\">\n\t\t\t\t\t\t<\/sr7-slide>\n\t\t\t\t\t<\/sr7-content>\n\t\t\t\t<\/sr7-module>\n\t\t\t\t<script>\n\t\t\t\t\twindow.SR7 ??={};SR7.PMH ??={}; SR7.PMH[\"SR7_16_2\"] = {cn:100,state:false,fn: function() { if (window._tpt!==undefined && window._tpt.prepareModuleHeight !== undefined) {  _tpt.prepareModuleHeight({id:\"SR7_16_2\",el:[500,500,500,500,400],type:'standard',shdw:'0',gh:[500,500,500,500,400],gw:[1240,1240,1240,1240,480],vpt:['-100px&#039;,&#039;-100px&#039;,&#039;-100px&#039;,&#039;-100px&#039;,&#039;-100px'],size:{fullWidth:true, fullHeight:false},mh:'0',onh:0,onw:0,bg:{color:'{\"orig\":\"transparent\",\"type\":\"solid\",\"string\":\"transparent\"}'}});   SR7.PMH[\"SR7_16_2\"].state=true;} else if(SR7.PMH[\"SR7_16_2\"].cn-->0)\tsetTimeout( SR7.PMH[\"SR7_16_2\"].fn,19);}};SR7.PMH[\"SR7_16_2\" ].fn();\n\t\t\t\t<\/script>\n[\/vc_column][\/vc_row][vc_row][vc_column][mk_padding_divider][vc_column_text align=\u00bbcenter\u00bb css=\u00bb.vc_custom_1737452331984{margin-bottom: 0px !important;}\u00bb]\n<h1>Sabik \u2013 L\u00edder global en ayudas a la navegaci\u00f3n<\/h1>\n[\/vc_column_text][mk_padding_divider][\/vc_column][\/vc_row][vc_row][vc_column width=\u00bb1\/2&#8243;][mk_gallery images=\u00bb645&#8243; column=\u00bb1&#8243; image_size=\u00bbfull\u00bb hover_scenarios=\u00bbslow_zoom\u00bb item_spacing=\u00bb0&#8243; margin_bottom=\u00bb0&#8243;][mk_padding_divider size=\u00bb30&#8243;][\/vc_column][vc_column width=\u00bb1\/2&#8243;][vc_column_text css=\u00bb.vc_custom_1737452344447{margin-bottom: 0px !important;}\u00bb]\n<h2>Presentamos la gama mejorada de luces de sector ODSL 200<\/h2>\n<p>Descubra las \u00faltimas innovaciones en nuestras luces de sector ODSL 200, ahora disponibles en m\u00faltiples configuraciones para satisfacer diversas necesidades mar\u00edtimas y de navegaci\u00f3n. Con mayor visibilidad, alcance extendido y funciones avanzadas, la ODSL 200 garantiza un rendimiento confiable incluso en los entornos m\u00e1s cr\u00edticos. Mejore su navegaci\u00f3n con precisi\u00f3n y confianza.[\/vc_column_text][mk_button dimension=\u00bbflat\u00bb corner_style=\u00bbrounded\u00bb size=\u00bblarge\u00bb url=\u00bb\/es\/producto\/luz-sectorial-omnidireccional-odsl-200\/\u00bb margin_right=\u00bb0&#8243; btn_hover_bg=\u00bb#002f6c\u00bb]Conozca m\u00e1s[\/mk_button][\/vc_column][\/vc_row][vc_row][vc_column][mk_padding_divider][\/vc_column][\/vc_row][mk_page_section bg_color=\u00bb#f7f7f7&#8243; padding_top=\u00bb60&#8243; padding_bottom=\u00bb60&#8243; sidebar=\u00bbsidebar-1&#8243;][vc_column][vc_column_text css=\u00bb.vc_custom_1737370564320{margin-bottom: 0px !important;}\u00bb]\n<h2 style=\"text-align: center;\">Suscr\u00edbete a nuestras actualizaciones internas y s\u00e9 el primero en recibir noticias exclusivas, lanzamientos de productos y m\u00e1s.<\/h2>\n[\/vc_column_text][mk_button dimension=\u00bbflat\u00bb corner_style=\u00bbrounded\u00bb size=\u00bblarge\u00bb url=\u00bb\/es\/suscribase-al-boletin-de-noticias\/\u00bb align=\u00bbcenter\u00bb margin_top=\u00bb20&#8243; margin_bottom=\u00bb20&#8243; margin_right=\u00bb0&#8243; btn_hover_bg=\u00bb#002f6c\u00bb]Suscr\u00edbase al bolet\u00edn de noticias[\/mk_button][\/vc_column][\/mk_page_section]\n<\/div>","protected":false},"excerpt":{"rendered":"<p>[vc_row fullwidth=\u00bbtrue\u00bb fullwidth_content=\u00bbfalse\u00bb css=\u00bb.vc_custom_1730980474127{background-color: #F7F7F7 !important;}\u00bb][vc_column][\/vc_column][\/vc_row][vc_row][vc_column][\/vc_column][\/vc_row][vc_row][vc_column][mk_padding_divider][vc_column_text align=\u00bbcenter\u00bb css=\u00bb.vc_custom_1737452331984{margin-bottom: 0px !important;}\u00bb] Sabik \u2013 L\u00edder global en ayudas a la navegaci\u00f3n [\/vc_column_text][mk_padding_divider][\/vc_column][\/vc_row][vc_row][vc_column width=\u00bb1\/2&#8243;][mk_gallery images=\u00bb645&#8243; column=\u00bb1&#8243; image_size=\u00bbfull\u00bb hover_scenarios=\u00bbslow_zoom\u00bb item_spacing=\u00bb0&#8243; margin_bottom=\u00bb0&#8243;][mk_padding_divider size=\u00bb30&#8243;][\/vc_column][vc_column width=\u00bb1\/2&#8243;][vc_column_text css=\u00bb.vc_custom_1737452344447{margin-bottom: 0px !important;}\u00bb] Presentamos la gama mejorada de luces de sector ODSL 200 Descubra las \u00faltimas innovaciones en nuestras luces de sector ODSL 200, ahora disponibles en m\u00faltiples configuraciones para satisfacer diversas necesidades mar\u00edtimas y de navegaci\u00f3n. Con mayor visibilidad, alcance extendido y funciones avanzadas, la ODSL 200 garantiza un rendimiento confiable incluso en los entornos m\u00e1s cr\u00edticos. Mejore su navegaci\u00f3n con precisi\u00f3n y confianza.[\/vc_column_text][mk_button dimension=\u00bbflat\u00bb corner_style=\u00bbrounded\u00bb size=\u00bblarge\u00bb url=\u00bb\/es\/producto\/luz-sectorial-omnidireccional-odsl-200\/\u00bb margin_right=\u00bb0&#8243; btn_hover_bg=\u00bb#002f6c\u00bb]Conozca m\u00e1s[\/mk_button][\/vc_column][\/vc_row][vc_row][vc_column][mk_padding_divider][\/vc_column][\/vc_row][mk_page_section bg_color=\u00bb#f7f7f7&#8243; padding_top=\u00bb60&#8243; padding_bottom=\u00bb60&#8243; sidebar=\u00bbsidebar-1&#8243;][vc_column][vc_column_text css=\u00bb.vc_custom_1737370564320{margin-bottom: 0px !important;}\u00bb] Suscr\u00edbete a nuestras actualizaciones internas y s\u00e9 el primero en recibir noticias exclusivas, lanzamientos de productos y m\u00e1s. [\/vc_column_text][mk_button dimension=\u00bbflat\u00bb corner_style=\u00bbrounded\u00bb size=\u00bblarge\u00bb url=\u00bb\/es\/suscribase-al-boletin-de-noticias\/\u00bb align=\u00bbcenter\u00bb margin_top=\u00bb20&#8243; margin_bottom=\u00bb20&#8243; margin_right=\u00bb0&#8243; btn_hover_bg=\u00bb#002f6c\u00bb]Suscr\u00edbase al bolet\u00edn de noticias[\/mk_button][\/vc_column][\/mk_page_section]<\/p>\n","protected":false},"author":1,"featured_media":0,"parent":0,"menu_order":0,"comment_status":"closed","ping_status":"closed","template":"","meta":{"_improvement_type_select":"improve_an_existing","_thumb_yes_seoaic":false,"_frame_yes_seoaic":false,"seoaic_generate_description":"","seoaic_improve_instructions_prompt":"","seoaic_rollback_content_improvement":"","seoaic_idea_thumbnail_generator":"","thumbnail_generated":false,"thumbnail_generate_prompt":"","seoaic_article_description":"","footnotes":""},"class_list":["post-2546","page","type-page","status-publish","hentry"],"yoast_head":"<!-- This site is optimized with the Yoast SEO Premium plugin v26.2 (Yoast SEO v27.3) - https:\/\/yoast.com\/product\/yoast-seo-premium-wordpress\/ -->\n<title>| L\u00edder global en ayudas a la navegaci\u00f3n mar\u00edtima<\/title>\n<meta name=\"description\" content=\"Sabik es l\u00edder mundial en se\u00f1alizaci\u00f3n y monitoreo mar\u00edtimo, mejorando la seguridad mar\u00edtima y prestando servicio a clientes de todos los oc\u00e9anos y latitudes.\" \/>\n<meta name=\"robots\" content=\"index, follow, max-snippet:-1, max-image-preview:large, max-video-preview:-1\" \/>\n<link rel=\"canonical\" href=\"https:\/\/sabik.com\/es\/\" \/>\n<meta property=\"og:locale\" content=\"es_ES\" \/>\n<meta property=\"og:type\" content=\"article\" \/>\n<meta property=\"og:title\" content=\"P\u00e1gina de inicio\" \/>\n<meta property=\"og:description\" content=\"Sabik es l\u00edder mundial en se\u00f1alizaci\u00f3n y monitoreo mar\u00edtimo, mejorando la seguridad mar\u00edtima y prestando servicio a clientes de todos los oc\u00e9anos y latitudes.\" \/>\n<meta property=\"og:url\" content=\"https:\/\/sabik.com\/es\/\" \/>\n<meta property=\"og:site_name\" content=\"Sabik\" \/>\n<meta property=\"article:modified_time\" content=\"2025-01-28T09:10:01+00:00\" \/>\n<meta name=\"twitter:card\" content=\"summary_large_image\" \/>\n<meta name=\"twitter:label1\" content=\"Tiempo de lectura\" \/>\n\t<meta name=\"twitter:data1\" content=\"1 minuto\" \/>\n<script type=\"application\/ld+json\" class=\"yoast-schema-graph\">{\"@context\":\"https:\\\/\\\/schema.org\",\"@graph\":[{\"@type\":\"WebPage\",\"@id\":\"https:\\\/\\\/sabik.com\\\/es\\\/\",\"url\":\"https:\\\/\\\/sabik.com\\\/es\\\/\",\"name\":\"| L\u00edder global en ayudas a la navegaci\u00f3n mar\u00edtima\",\"isPartOf\":{\"@id\":\"https:\\\/\\\/sabik.com\\\/#website\"},\"datePublished\":\"2024-06-13T05:50:08+00:00\",\"dateModified\":\"2025-01-28T09:10:01+00:00\",\"description\":\"Sabik es l\u00edder mundial en se\u00f1alizaci\u00f3n y monitoreo mar\u00edtimo, mejorando la seguridad mar\u00edtima y prestando servicio a clientes de todos los oc\u00e9anos y latitudes.\",\"breadcrumb\":{\"@id\":\"https:\\\/\\\/sabik.com\\\/es\\\/#breadcrumb\"},\"inLanguage\":\"es\",\"potentialAction\":[{\"@type\":\"ReadAction\",\"target\":[\"https:\\\/\\\/sabik.com\\\/es\\\/\"]}]},{\"@type\":\"BreadcrumbList\",\"@id\":\"https:\\\/\\\/sabik.com\\\/es\\\/#breadcrumb\",\"itemListElement\":[{\"@type\":\"ListItem\",\"position\":1,\"name\":\"Home\",\"item\":\"https:\\\/\\\/sabik.com\\\/es\\\/\"},{\"@type\":\"ListItem\",\"position\":2,\"name\":\"P\u00e1gina de inicio\"}]},{\"@type\":\"WebSite\",\"@id\":\"https:\\\/\\\/sabik.com\\\/#website\",\"url\":\"https:\\\/\\\/sabik.com\\\/\",\"name\":\"Sabik\",\"description\":\"Global Leader in Maritime Aids to Navigation\",\"potentialAction\":[{\"@type\":\"SearchAction\",\"target\":{\"@type\":\"EntryPoint\",\"urlTemplate\":\"https:\\\/\\\/sabik.com\\\/?s={search_term_string}\"},\"query-input\":{\"@type\":\"PropertyValueSpecification\",\"valueRequired\":true,\"valueName\":\"search_term_string\"}}],\"inLanguage\":\"es\"}]}<\/script>\n<!-- \/ Yoast SEO Premium plugin. -->","yoast_head_json":{"title":"| L\u00edder global en ayudas a la navegaci\u00f3n mar\u00edtima","description":"Sabik es l\u00edder mundial en se\u00f1alizaci\u00f3n y monitoreo mar\u00edtimo, mejorando la seguridad mar\u00edtima y prestando servicio a clientes de todos los oc\u00e9anos y latitudes.","robots":{"index":"index","follow":"follow","max-snippet":"max-snippet:-1","max-image-preview":"max-image-preview:large","max-video-preview":"max-video-preview:-1"},"canonical":"https:\/\/sabik.com\/es\/","og_locale":"es_ES","og_type":"article","og_title":"P\u00e1gina de inicio","og_description":"Sabik es l\u00edder mundial en se\u00f1alizaci\u00f3n y monitoreo mar\u00edtimo, mejorando la seguridad mar\u00edtima y prestando servicio a clientes de todos los oc\u00e9anos y latitudes.","og_url":"https:\/\/sabik.com\/es\/","og_site_name":"Sabik","article_modified_time":"2025-01-28T09:10:01+00:00","twitter_card":"summary_large_image","twitter_misc":{"Tiempo de lectura":"1 minuto"},"schema":{"@context":"https:\/\/schema.org","@graph":[{"@type":"WebPage","@id":"https:\/\/sabik.com\/es\/","url":"https:\/\/sabik.com\/es\/","name":"| L\u00edder global en ayudas a la navegaci\u00f3n mar\u00edtima","isPartOf":{"@id":"https:\/\/sabik.com\/#website"},"datePublished":"2024-06-13T05:50:08+00:00","dateModified":"2025-01-28T09:10:01+00:00","description":"Sabik es l\u00edder mundial en se\u00f1alizaci\u00f3n y monitoreo mar\u00edtimo, mejorando la seguridad mar\u00edtima y prestando servicio a clientes de todos los oc\u00e9anos y latitudes.","breadcrumb":{"@id":"https:\/\/sabik.com\/es\/#breadcrumb"},"inLanguage":"es","potentialAction":[{"@type":"ReadAction","target":["https:\/\/sabik.com\/es\/"]}]},{"@type":"BreadcrumbList","@id":"https:\/\/sabik.com\/es\/#breadcrumb","itemListElement":[{"@type":"ListItem","position":1,"name":"Home","item":"https:\/\/sabik.com\/es\/"},{"@type":"ListItem","position":2,"name":"P\u00e1gina de inicio"}]},{"@type":"WebSite","@id":"https:\/\/sabik.com\/#website","url":"https:\/\/sabik.com\/","name":"Sabik","description":"Global Leader in Maritime Aids to Navigation","potentialAction":[{"@type":"SearchAction","target":{"@type":"EntryPoint","urlTemplate":"https:\/\/sabik.com\/?s={search_term_string}"},"query-input":{"@type":"PropertyValueSpecification","valueRequired":true,"valueName":"search_term_string"}}],"inLanguage":"es"}]}},"_links":{"self":[{"href":"https:\/\/sabik.com\/es\/wp-json\/wp\/v2\/pages\/2546","targetHints":{"allow":["GET"]}}],"collection":[{"href":"https:\/\/sabik.com\/es\/wp-json\/wp\/v2\/pages"}],"about":[{"href":"https:\/\/sabik.com\/es\/wp-json\/wp\/v2\/types\/page"}],"author":[{"embeddable":true,"href":"https:\/\/sabik.com\/es\/wp-json\/wp\/v2\/users\/1"}],"replies":[{"embeddable":true,"href":"https:\/\/sabik.com\/es\/wp-json\/wp\/v2\/comments?post=2546"}],"version-history":[{"count":16,"href":"https:\/\/sabik.com\/es\/wp-json\/wp\/v2\/pages\/2546\/revisions"}],"predecessor-version":[{"id":2648,"href":"https:\/\/sabik.com\/es\/wp-json\/wp\/v2\/pages\/2546\/revisions\/2648"}],"wp:attachment":[{"href":"https:\/\/sabik.com\/es\/wp-json\/wp\/v2\/media?parent=2546"}],"curies":[{"name":"wp","href":"https:\/\/api.w.org\/{rel}","templated":true}]}}