{"id":2552,"date":"2024-06-13T04:49:07","date_gmt":"2024-06-13T01:49:07","guid":{"rendered":"https:\/\/sabik.com\/politica-de-privacidad\/"},"modified":"2024-06-13T04:49:07","modified_gmt":"2024-06-13T01:49:07","slug":"politica-de-privacidad","status":"publish","type":"page","link":"https:\/\/sabik.com\/es\/politica-de-privacidad\/","title":{"rendered":"Pol\u00edtica de Privacidad"},"content":{"rendered":"<h1>POL\u00cdTICA DE PRIVACIDAD DE SPX AIDS TO NAVIGATION OY<\/h1>\n<p>\u00daltima actualizaci\u00f3n: 25.4.2023.<\/p>\n<p>Su privacidad es importante para SPX Aids to Navigation Oy (\u00abSPX AtoN Oy\u00bb). Esta Declaraci\u00f3n explica c\u00f3mo SPX AtoN Oy recopila, utiliza, divulga, conserva y elimina la informaci\u00f3n personal, incluida la informaci\u00f3n recopilada a trav\u00e9s del sitio web de SPX AtoN Oy o directamente por los representantes de SPX AtoN Oy.\u00a0Esta Pol\u00edtica de Privacidad se aplica a SPX Aids to Navigation Oy &#8211; una filial de SPX Technologies.<\/p>\n<p>SPX AtoN Oy agradece las preguntas y comentarios sobre esta Declaraci\u00f3n de Privacidad y el estado sobre su gesti\u00f3n de la informaci\u00f3n personal. Cualquier pregunta, solicitud relativa a informaci\u00f3n personal, retirada o variaci\u00f3n del consentimiento o consulta sobre nuestras pol\u00edticas y pr\u00e1cticas de privacidad, incluidas las preguntas sobre la recopilaci\u00f3n, uso, divulgaci\u00f3n o almacenamiento de informaci\u00f3n personal por parte de nuestros proveedores, distribuidores o prestadores de servicios autorizados, puede dirigirse al Responsable de Privacidad de SPX AtoN Oy\/Tietosuojavastaava en SPX AtoN Oy, H\u00f6yl\u00e4nlastu 2 A, 06100 Porvoo, Finlandia o por correo electr\u00f3nico a &#103;&#x64;p&#114;&#x40;&#115;&#x61;b&#105;&#x6b;-&#x6d;&#x61;&#114;&#x69;n&#101;&#x2e;c&#x6f;&#x6d;.<\/p>\n<h2>SU CONSENTIMIENTO<\/h2>\n<p>SPX AtoN Oy s\u00f3lo recopilar\u00e1, utilizar\u00e1 y divulgar\u00e1 informaci\u00f3n personal para los fines para los que fue proporcionada, a menos que usted consienta un nuevo prop\u00f3sito, o si lo permite o exige la ley.<\/p>\n<p>Cuando usted proporciona o env\u00eda su informaci\u00f3n personal a SPX AtoN Oy, consideramos que ha dado su consentimiento a la recopilaci\u00f3n, uso y divulgaci\u00f3n de su informaci\u00f3n personal para los fines para los que fue proporcionada o enviada. Trataremos esa informaci\u00f3n personal de acuerdo con esta Declaraci\u00f3n de Privacidad, o seg\u00fan lo permita la legislaci\u00f3n aplicable.<\/p>\n<p>Sujeto a restricciones legales o contractuales, con un preaviso razonable, puede retirar o modificar su consentimiento para que SPX AtoN Oy recopile, utilice y divulgue su informaci\u00f3n personal enviando una solicitud por escrito al Responsable de Privacidad de SPX AtoN Oy utilizando la informaci\u00f3n de contacto indicada anteriormente. Si retira o modifica su consentimiento, puede haber productos y servicios que SPX AtoN Oy ya no pueda suministrarle.<\/p>\n<p>En esta Declaraci\u00f3n de Privacidad, \u00abinformaci\u00f3n personal\u00bb significa informaci\u00f3n sobre un individuo identificable.<\/p>\n<h2>C\u00d3MO RECOPILA SPX ATON OY LA INFORMACI\u00d3N PERSONAL<\/h2>\n<p>(a) Obtenci\u00f3n directa:<\/p>\n<p>Es posible que se le pida que proporcione o env\u00ede su informaci\u00f3n personal a SPX AtoN Oy cuando se ponga en contacto con SPX AtoN Oy para hablar de nuestros productos o servicios, realizar un pedido de nuestros productos y servicios, registrarse para crear una cuenta de SPX AtoN Oy, suscribirse a los servicios de SPX AtoN Oy, incluido nuestro bolet\u00edn informativo, rellenar un formulario, enviar una consulta o cuando se ponga en contacto de cualquier otro modo con SPX AtoN Oy o sus representantes. En tales circunstancias, puede optar por no facilitar o enviar sus datos personales, pero entonces es posible que no podamos responderle plenamente.<\/p>\n<p>(b) Obtenci\u00f3n autom\u00e1tica:<\/p>\n<p>El sitio web de SPX AtoN Oy puede recopilar autom\u00e1ticamente cierta informaci\u00f3n relativa a su uso del sitio web, como las fechas y horas de acceso al sitio web de SPX AtoN Oy y los navegadores, sistemas operativos y dispositivos que utiliza para acceder al sitio web. SPX AtoN Oy puede utilizar esa informaci\u00f3n para diversos fines, entre ellos administrar y mejorar el sitio web de SPX AtoN Oy.<\/p>\n<p>El sitio web y los mensajes de correo electr\u00f3nico de SPX AtoN Oy tambi\u00e9n pueden utilizar \u00abcookies\u00bb y otras tecnolog\u00edas similares. Estas tecnolog\u00edas recopilan informaci\u00f3n que ayuda a SPX AtoN Oy a mejorar los servicios de SPX AtoN Oy y las comunicaciones con los clientes. SPX AtoN Oy puede utilizar la informaci\u00f3n recopilada a trav\u00e9s de cookies y tecnolog\u00edas similares para reconocerle como usuario del sitio web de SPX AtoN Oy, determinar su ubicaci\u00f3n general, realizar un seguimiento de su uso del sitio web de SPX AtoN Oy y facilitar y mejorar de otro modo su uso del sitio web de SPX AtoN Oy.<\/p>\n<p>Puede optar por rechazar o desactivar las cookies si su navegador web lo permite, pero hacerlo puede afectar a su capacidad para utilizar determinadas funciones del sitio web de SPX AtoN Oy. Usted puede optar por no recibir correos electr\u00f3nicos de acuerdo con esta Declaraci\u00f3n de Privacidad.<\/p>\n<p>(c) Servicios Basados en la Localizaci\u00f3n<\/p>\n<p>SPX AtoN Oy puede proporcionar servicios basados en la ubicaci\u00f3n, incluyendo marketing espec\u00edfico para su ubicaci\u00f3n y el c\u00e1lculo de precios en moneda local. Para ello, SPX AtoN Oy puede recopilar y utilizar informaci\u00f3n relativa a la ubicaci\u00f3n geogr\u00e1fica de su computadora o dispositivo m\u00f3vil. Si los datos de localizaci\u00f3n contienen su informaci\u00f3n personal, entonces SPX AtoN Oy tratar\u00e1 los datos de localizaci\u00f3n como informaci\u00f3n personal de acuerdo con esta Declaraci\u00f3n de Privacidad. Puede configurar su computadora o dispositivo m\u00f3vil para transmitir o no transmitir datos de localizaci\u00f3n a SPX AtoN Oy.<\/p>\n<h2>C\u00d3MO UTILIZA SPX ATON OY LA INFORMACI\u00d3N PERSONAL<\/h2>\n<p>SPX AtoN Oy utiliza su informaci\u00f3n personal:<\/p>\n<p>(A) para proporcionarle los productos y servicios de SPX AtoN Oy para los que se haya registrado o haya comprado, para facilitar el proceso de compra, para procesar sus consultas y solicitudes, y para administrar de cualquier otro modo la relaci\u00f3n de SPX AtoN Oy con usted, incluida la informaci\u00f3n sobre nuestros nuevos productos y servicios, para crear y gestionar su cuenta de SPX AtoN Oy y, en caso de ser necesario, para facilitar la devoluci\u00f3n de productos para su mantenimiento o reparaci\u00f3n.<\/p>\n<p>(B) para los fines exigidos o permitidos por la ley.<\/p>\n<p>SPX AtoN Oy puede combinar su informaci\u00f3n personal recopilada a trav\u00e9s de varias fuentes, incluida la informaci\u00f3n recopilada de sus compras o a trav\u00e9s del sitio web de SPX AtoN Oy, y desarrollar un perfil de cliente para usted que se utilizar\u00e1 para los fines anteriormente mencionados.<\/p>\n<p>(C) Si ha dado su consentimiento para que SPX AtoN Oy utilice su informaci\u00f3n personal con fines de marketing, tambi\u00e9n podremos utilizar su informaci\u00f3n personal para enviarle informaci\u00f3n relativa a mensajes de marketing y actualizaciones de SPX AtoN Oy que puedan ser de su inter\u00e9s.<\/p>\n<p>SPX AtoN Oy puede utilizar informaci\u00f3n personal para crear informaci\u00f3n no personal que luego puede ser utilizada, divulgada, transferida y conservada para otros fines como el an\u00e1lisis de estad\u00edsticas, la garant\u00eda de calidad y para ayudarnos a planificar nuestras actividades empresariales. SPX AtoN Oy puede utilizar, divulgar, transferir y conservar informaci\u00f3n no personal para cualquier fin y de cualquier manera.<\/p>\n<h2>C\u00d3MO DIVULGA SPX ATON OY LA INFORMACI\u00d3N PERSONAL<\/h2>\n<p>(a) Proveedores, distribuidores y prestadores de servicios:<\/p>\n<p>SPX AtoN Oy puede revelar o transferir su informaci\u00f3n personal a sus proveedores, distribuidores y prestadores de servicios aprobados para ayudar a SPX AtoN Oy a suministrarle productos y servicios, para suministrar productos y servicios a SPX AtoN Oy, para realizar trabajos en nombre de SPX AtoN Oy utilizando su informaci\u00f3n personal, o seg\u00fan lo permita la legislaci\u00f3n aplicable.<\/p>\n<p>(b) Operaciones Comerciales de SPX AtoN Oy:<\/p>\n<p>SPX AtoN Oy puede divulgar su informaci\u00f3n personal en relaci\u00f3n con una transacci\u00f3n comercial propuesta o real en la que SPX AtoN Oy est\u00e9 implicada (como una reorganizaci\u00f3n corporativa, fusi\u00f3n o adquisici\u00f3n, o la venta de parte o la totalidad de los negocios o activos de SPX AtoN Oy), pero SPX AtoN Oy exigir\u00e1 que el receptor de la informaci\u00f3n acepte proteger la privacidad de su informaci\u00f3n personal de forma coherente con esta Declaraci\u00f3n de privacidad y la legislaci\u00f3n aplicable.<\/p>\n<h2>LOCALIZACI\u00d3N DE INFORMACI\u00d3N PERSONAL<\/h2>\n<p>SPX AtoN Oy puede procesar, almacenar y utilizar su informaci\u00f3n personal en instalaciones de varios pa\u00edses. Las leyes de protecci\u00f3n de la informaci\u00f3n personal de esos otros pa\u00edses podr\u00edan ser diferentes de las leyes de la jurisdicci\u00f3n en la que usted reside, y podr\u00edan permitir que los tribunales, el gobierno, los organismos encargados de hacer cumplir la ley, los organismos reguladores y las autoridades de seguridad accedan a su informaci\u00f3n personal. Al proporcionar a SPX AtoN Oy su informaci\u00f3n personal, usted consiente la transferencia de su informaci\u00f3n personal a instalaciones ubicadas en otros pa\u00edses y el procesamiento y almacenamiento de su informaci\u00f3n personal en dichas instalaciones.<\/p>\n<h2>CONSERVACI\u00d3N Y PROTECCI\u00d3N DE DATOS PERSONALES<\/h2>\n<p>SPX AtoN Oy conserva su informaci\u00f3n personal durante el per\u00edodo razonablemente necesario para los fines descritos en esta Declaraci\u00f3n de Privacidad o durante un per\u00edodo m\u00e1s largo requerido o permitido por la legislaci\u00f3n aplicable. SPX AtoN Oy eliminar\u00e1 o dispondr\u00e1 de su informaci\u00f3n personal cuando SPX AtoN Oy ya no est\u00e9 razonablemente obligada a conservar la informaci\u00f3n para los fines descritos en esta Declaraci\u00f3n de Privacidad.<\/p>\n<p>SPX AtoN Oy emplea medidas de protecci\u00f3n razonables &#8211; medidas y soluciones administrativas, f\u00edsicas y t\u00e9cnicas de seguridad y protecci\u00f3n &#8211; adecuadas a la confidencialidad de la informaci\u00f3n personal en posesi\u00f3n de SPX AtoN Oy o bajo su control, con el fin de proteger la informaci\u00f3n del acceso, recopilaci\u00f3n, uso, divulgaci\u00f3n, eliminaci\u00f3n o riesgos similares no autorizados.<\/p>\n<h2>EXACTITUD Y ACCESO A LA INFORMACI\u00d3N PERSONAL<\/h2>\n<p>SPX AtoN Oy confiar\u00e1 en que usted se asegure de que su informaci\u00f3n personal sea tan precisa, completa y actualizada como sea necesario para los fines de los productos y servicios que SPX AtoN Oy le brinda.<\/p>\n<p>Puede solicitar la recopilaci\u00f3n de su informaci\u00f3n personal en SPX AtoN Oy e informaci\u00f3n sobre la recopilaci\u00f3n, uso, divulgaci\u00f3n, retenci\u00f3n y eliminaci\u00f3n de su informaci\u00f3n personal por parte de SPX AtoN Oy enviando una solicitud por escrito al Responsable de Privacidad\/Tietosuojavastaava de SPX AtoN Oy utilizando la informaci\u00f3n de contacto anterior. Sujeto a las excepciones y limitaciones establecidas por la legislaci\u00f3n vigente, se le dar\u00e1 un acceso razonable a su informaci\u00f3n personal y tendr\u00e1 derecho a verificar la exactitud e integridad de su informaci\u00f3n personal y a modificarla seg\u00fan corresponda. Es posible que tenga que pagar una tasa razonable por la recopilaci\u00f3n de sus datos personales.<\/p>\n<h2>OTROS ASUNTOS<\/h2>\n<p>T\u00e9rminos y Condiciones del Sitio Web:\u00a0\u00a0Los T\u00e9rminos y Condiciones que usted acepta al registrarse en una cuenta de SPX AtoN Oy contienen disposiciones importantes, incluidas disposiciones que eximen, limitan o excluyen la responsabilidad de SPX AtoN Oy y disposiciones que determinan la legislaci\u00f3n vigente y la jurisdicci\u00f3n exclusiva para la resoluci\u00f3n de litigios. En la medida en que lo permita la legislaci\u00f3n vigente, cada uno de esos t\u00e9rminos y condiciones se aplica a toda disputa que pueda surgir en relaci\u00f3n con esta Declaraci\u00f3n de Privacidad o con la recopilaci\u00f3n, uso, divulgaci\u00f3n, retenci\u00f3n y eliminaci\u00f3n de su informaci\u00f3n personal por parte de SPX AtoN Oy, y tienen la misma fuerza y efecto que si se hubieran reproducido directamente en esta Declaraci\u00f3n de Privacidad.<\/p>\n<p>Otros Sitios Web\/Servicios en L\u00ednea:\u00a0\u00a0El sitio web de SPX AtoN Oy puede contener enlaces a otros sitios web o servicios en l\u00ednea. Cuando utiliza esos enlaces, se pone en contacto con otro sitio web o servicio. SPX AtoN Oy no tiene ninguna responsabilidad o control sobre esos otros sitios web o servicios ni sobre su recopilaci\u00f3n, uso, divulgaci\u00f3n, retenci\u00f3n y eliminaci\u00f3n de su informaci\u00f3n personal. Consulte las pol\u00edticas de privacidad y las condiciones de uso aplicables a esos otros sitios web o servicios en l\u00ednea.<\/p>\n<p>Anulaci\u00f3n de la suscripci\u00f3n a Boletines:\u00a0 Puede darse de baja de los mensajes electr\u00f3nicos comerciales de SPX AtoN Oy utilizando el procedimiento de baja aplicable incluido en dichos mensajes o poni\u00e9ndose en contacto con SPX AtoN Oy, Marketing Communications Manager, H\u00f6yl\u00e4nlastu 2 A, 06150 Porvoo, Finlandia.<\/p>\n<p>Cambios en esta Declaraci\u00f3n:\u00a0 Las leyes de privacidad est\u00e1n sujetas a cambios y SPX AtoN Oy puede modificar esta Declaraci\u00f3n de Privacidad a su discreci\u00f3n de vez en cuando, sin previo aviso ni responsabilidad ante ninguna persona, publicando una nueva versi\u00f3n de esta Declaraci\u00f3n de Privacidad en el sitio web de SPX AtoN Oy. La recopilaci\u00f3n, uso, divulgaci\u00f3n, retenci\u00f3n y eliminaci\u00f3n de su informaci\u00f3n personal por parte de SPX AtoN Oy se regir\u00e1 por la versi\u00f3n de esta Declaraci\u00f3n de Privacidad vigente en ese momento. La continuaci\u00f3n de sus relaciones con SPX AtoN Oy despu\u00e9s de cualquier cambio en esta Declaraci\u00f3n de Privacidad significar\u00e1 su consentimiento a la recopilaci\u00f3n, uso, divulgaci\u00f3n, retenci\u00f3n y eliminaci\u00f3n de su informaci\u00f3n personal de acuerdo con la Declaraci\u00f3n de Privacidad modificada. En consecuencia, debe comprobar la fecha de \u00ab\u00daltima actualizaci\u00f3n\u00bb de esta Declaraci\u00f3n de confidencialidad (en la parte superior de esta Declaraci\u00f3n) y revisar cualquier cambio que se haya producido desde la \u00faltima versi\u00f3n.<\/p>\n<p>SPX Aids to Navigation Oy<\/p>\n","protected":false},"excerpt":{"rendered":"<p>POL\u00cdTICA DE PRIVACIDAD DE SPX AIDS TO NAVIGATION OY \u00daltima actualizaci\u00f3n: 25.4.2023. Su privacidad es importante para SPX Aids to Navigation Oy (\u00abSPX AtoN Oy\u00bb). Esta Declaraci\u00f3n explica c\u00f3mo SPX AtoN Oy recopila, utiliza, divulga, conserva y elimina la informaci\u00f3n personal, incluida la informaci\u00f3n recopilada a trav\u00e9s del sitio web de SPX AtoN Oy o directamente por los representantes de SPX AtoN Oy.\u00a0Esta Pol\u00edtica de Privacidad se aplica a SPX Aids to Navigation Oy &#8211; una filial de SPX Technologies. SPX AtoN Oy agradece las preguntas y comentarios sobre esta Declaraci\u00f3n de Privacidad y el estado sobre su gesti\u00f3n de la informaci\u00f3n personal. Cualquier pregunta, solicitud relativa a informaci\u00f3n personal, retirada o variaci\u00f3n del consentimiento o consulta sobre nuestras pol\u00edticas y pr\u00e1cticas de privacidad, incluidas las preguntas sobre la recopilaci\u00f3n, uso, divulgaci\u00f3n o almacenamiento de informaci\u00f3n personal por parte de nuestros proveedores, distribuidores o prestadores de servicios autorizados, puede dirigirse [&hellip;]<\/p>\n","protected":false},"author":1,"featured_media":0,"parent":0,"menu_order":0,"comment_status":"closed","ping_status":"closed","template":"","meta":{"_improvement_type_select":"improve_an_existing","_thumb_yes_seoaic":false,"_frame_yes_seoaic":false,"seoaic_generate_description":"","seoaic_improve_instructions_prompt":"","seoaic_rollback_content_improvement":"","seoaic_idea_thumbnail_generator":"","thumbnail_generated":false,"thumbnail_generate_prompt":"","seoaic_article_description":"","footnotes":""},"class_list":["post-2552","page","type-page","status-publish","hentry"],"yoast_head":"<!-- This site is optimized with the Yoast SEO Premium plugin v26.2 (Yoast SEO v27.3) - https:\/\/yoast.com\/product\/yoast-seo-premium-wordpress\/ -->\n<title>Pol\u00edtica de privacidad | Sabik%<\/title>\n<meta name=\"description\" content=\"Esta Declaraci\u00f3n de Pol\u00edtica de Privacidad explica c\u00f3mo SPX AtoN Oy recopila, utiliza, divulga, conserva y elimina la informaci\u00f3n personal.\" \/>\n<meta name=\"robots\" content=\"index, follow, max-snippet:-1, max-image-preview:large, max-video-preview:-1\" \/>\n<link rel=\"canonical\" href=\"https:\/\/sabik.com\/es\/politica-de-privacidad\/\" \/>\n<meta property=\"og:locale\" content=\"es_ES\" \/>\n<meta property=\"og:type\" content=\"article\" \/>\n<meta property=\"og:title\" content=\"Pol\u00edtica de Privacidad\" \/>\n<meta property=\"og:description\" content=\"Esta Declaraci\u00f3n de Pol\u00edtica de Privacidad explica c\u00f3mo SPX AtoN Oy recopila, utiliza, divulga, conserva y elimina la informaci\u00f3n personal.\" \/>\n<meta property=\"og:url\" content=\"https:\/\/sabik.com\/es\/politica-de-privacidad\/\" \/>\n<meta property=\"og:site_name\" content=\"Sabik\" \/>\n<meta name=\"twitter:card\" content=\"summary_large_image\" \/>\n<meta name=\"twitter:label1\" content=\"Tiempo de lectura\" \/>\n\t<meta name=\"twitter:data1\" content=\"11 minutos\" \/>\n<script type=\"application\/ld+json\" class=\"yoast-schema-graph\">{\"@context\":\"https:\\\/\\\/schema.org\",\"@graph\":[{\"@type\":\"WebPage\",\"@id\":\"https:\\\/\\\/sabik.com\\\/es\\\/politica-de-privacidad\\\/\",\"url\":\"https:\\\/\\\/sabik.com\\\/es\\\/politica-de-privacidad\\\/\",\"name\":\"Pol\u00edtica de privacidad | Sabik%\",\"isPartOf\":{\"@id\":\"https:\\\/\\\/sabik.com\\\/#website\"},\"datePublished\":\"2024-06-13T01:49:07+00:00\",\"description\":\"Esta Declaraci\u00f3n de Pol\u00edtica de Privacidad explica c\u00f3mo SPX AtoN Oy recopila, utiliza, divulga, conserva y elimina la informaci\u00f3n personal.\",\"breadcrumb\":{\"@id\":\"https:\\\/\\\/sabik.com\\\/es\\\/politica-de-privacidad\\\/#breadcrumb\"},\"inLanguage\":\"es\",\"potentialAction\":[{\"@type\":\"ReadAction\",\"target\":[\"https:\\\/\\\/sabik.com\\\/es\\\/politica-de-privacidad\\\/\"]}]},{\"@type\":\"BreadcrumbList\",\"@id\":\"https:\\\/\\\/sabik.com\\\/es\\\/politica-de-privacidad\\\/#breadcrumb\",\"itemListElement\":[{\"@type\":\"ListItem\",\"position\":1,\"name\":\"Home\",\"item\":\"https:\\\/\\\/sabik.com\\\/es\\\/\"},{\"@type\":\"ListItem\",\"position\":2,\"name\":\"Pol\u00edtica de Privacidad\"}]},{\"@type\":\"WebSite\",\"@id\":\"https:\\\/\\\/sabik.com\\\/#website\",\"url\":\"https:\\\/\\\/sabik.com\\\/\",\"name\":\"Sabik\",\"description\":\"Global Leader in Maritime Aids to Navigation\",\"potentialAction\":[{\"@type\":\"SearchAction\",\"target\":{\"@type\":\"EntryPoint\",\"urlTemplate\":\"https:\\\/\\\/sabik.com\\\/?s={search_term_string}\"},\"query-input\":{\"@type\":\"PropertyValueSpecification\",\"valueRequired\":true,\"valueName\":\"search_term_string\"}}],\"inLanguage\":\"es\"}]}<\/script>\n<!-- \/ Yoast SEO Premium plugin. -->","yoast_head_json":{"title":"Pol\u00edtica de privacidad | Sabik%","description":"Esta Declaraci\u00f3n de Pol\u00edtica de Privacidad explica c\u00f3mo SPX AtoN Oy recopila, utiliza, divulga, conserva y elimina la informaci\u00f3n personal.","robots":{"index":"index","follow":"follow","max-snippet":"max-snippet:-1","max-image-preview":"max-image-preview:large","max-video-preview":"max-video-preview:-1"},"canonical":"https:\/\/sabik.com\/es\/politica-de-privacidad\/","og_locale":"es_ES","og_type":"article","og_title":"Pol\u00edtica de Privacidad","og_description":"Esta Declaraci\u00f3n de Pol\u00edtica de Privacidad explica c\u00f3mo SPX AtoN Oy recopila, utiliza, divulga, conserva y elimina la informaci\u00f3n personal.","og_url":"https:\/\/sabik.com\/es\/politica-de-privacidad\/","og_site_name":"Sabik","twitter_card":"summary_large_image","twitter_misc":{"Tiempo de lectura":"11 minutos"},"schema":{"@context":"https:\/\/schema.org","@graph":[{"@type":"WebPage","@id":"https:\/\/sabik.com\/es\/politica-de-privacidad\/","url":"https:\/\/sabik.com\/es\/politica-de-privacidad\/","name":"Pol\u00edtica de privacidad | Sabik%","isPartOf":{"@id":"https:\/\/sabik.com\/#website"},"datePublished":"2024-06-13T01:49:07+00:00","description":"Esta Declaraci\u00f3n de Pol\u00edtica de Privacidad explica c\u00f3mo SPX AtoN Oy recopila, utiliza, divulga, conserva y elimina la informaci\u00f3n personal.","breadcrumb":{"@id":"https:\/\/sabik.com\/es\/politica-de-privacidad\/#breadcrumb"},"inLanguage":"es","potentialAction":[{"@type":"ReadAction","target":["https:\/\/sabik.com\/es\/politica-de-privacidad\/"]}]},{"@type":"BreadcrumbList","@id":"https:\/\/sabik.com\/es\/politica-de-privacidad\/#breadcrumb","itemListElement":[{"@type":"ListItem","position":1,"name":"Home","item":"https:\/\/sabik.com\/es\/"},{"@type":"ListItem","position":2,"name":"Pol\u00edtica de Privacidad"}]},{"@type":"WebSite","@id":"https:\/\/sabik.com\/#website","url":"https:\/\/sabik.com\/","name":"Sabik","description":"Global Leader in Maritime Aids to Navigation","potentialAction":[{"@type":"SearchAction","target":{"@type":"EntryPoint","urlTemplate":"https:\/\/sabik.com\/?s={search_term_string}"},"query-input":{"@type":"PropertyValueSpecification","valueRequired":true,"valueName":"search_term_string"}}],"inLanguage":"es"}]}},"_links":{"self":[{"href":"https:\/\/sabik.com\/es\/wp-json\/wp\/v2\/pages\/2552","targetHints":{"allow":["GET"]}}],"collection":[{"href":"https:\/\/sabik.com\/es\/wp-json\/wp\/v2\/pages"}],"about":[{"href":"https:\/\/sabik.com\/es\/wp-json\/wp\/v2\/types\/page"}],"author":[{"embeddable":true,"href":"https:\/\/sabik.com\/es\/wp-json\/wp\/v2\/users\/1"}],"replies":[{"embeddable":true,"href":"https:\/\/sabik.com\/es\/wp-json\/wp\/v2\/comments?post=2552"}],"version-history":[{"count":0,"href":"https:\/\/sabik.com\/es\/wp-json\/wp\/v2\/pages\/2552\/revisions"}],"wp:attachment":[{"href":"https:\/\/sabik.com\/es\/wp-json\/wp\/v2\/media?parent=2552"}],"curies":[{"name":"wp","href":"https:\/\/api.w.org\/{rel}","templated":true}]}}