{"id":2351,"date":"2024-10-15T13:28:37","date_gmt":"2024-10-15T10:28:37","guid":{"rendered":"https:\/\/sabik.com\/product\/luz-lineal-portatil-vll-43\/"},"modified":"2025-01-20T12:16:49","modified_gmt":"2025-01-20T10:16:49","slug":"luz-lineal-portatil-vll-43","status":"publish","type":"product","link":"https:\/\/sabik.com\/es\/producto\/luz-lineal-portatil-vll-43\/","title":{"rendered":"Luz lineal port\u00e1til VLL-43"},"content":{"rendered":"<div class=\"wpb-content-wrapper\">[vc_row][vc_column][mk_padding_divider][\/vc_column][\/vc_row][vc_row][vc_column width=\u00bb1\/2&#8243;][vc_column_text css=\u00bb.vc_custom_1728538507404{margin-bottom: 0px !important;}\u00bb]\n<h2>Informaci\u00f3n sobre el producto:<\/h2>\n[\/vc_column_text][\/vc_column][vc_column width=\u00bb1\/2&#8243;][vc_column_text css=\u00bb.vc_custom_1728987965458{margin-bottom: 0px !important;}\u00bb]Con un alcance de 13 NM a 22 NM a 0,74 T, la luz lineal de plomo VLL-43 es una potente luz unidireccional ideal para marcar distancias cortas y obst\u00e1culos. Su sistema \u00f3ptico utiliza una lente acr\u00edlica para captar y proyectar eficazmente la luz de los LED de alta potencia. Estos LED est\u00e1n cuidadosamente graduados y colocados para crear un haz con una variaci\u00f3n m\u00ednima de intensidad. Pueden desplegarse varias unidades para lograr el alcance deseado, y cada una de ellas dispone de su propia tarjeta de control para un funcionamiento individual.[\/vc_column_text][\/vc_column][\/vc_row][vc_row][vc_column][mk_padding_divider][\/vc_column][\/vc_row][vc_row][vc_column width=\u00bb1\/2&#8243;][vc_column_text css=\u00bb.vc_custom_1728538512684{margin-bottom: 0px !important;}\u00bb]\n<h2>Documentaci\u00f3n del producto:<\/h2>\n[\/vc_column_text][\/vc_column][vc_column width=\u00bb1\/2&#8243;][vc_column_text css=\u00bb.vc_custom_1734004729376{margin-bottom: 0px !important;}\u00bb]<a href=\"https:\/\/sabik.com\/wp-content\/uploads\/2024\/10\/sabik_marine_datasheet_vll-43_2020.pdf\">Product Datasheet VLL-43 (pdf EN)<\/a><\/p>\n<p><a href=\"https:\/\/sabik.com\/wp-content\/uploads\/2024\/10\/sabik_marine_spain_datasheet_vll_43_2020.pdf\">Product Datasheet VLL-43 (pdf ES)<\/a><\/p>\n<p><a href=\"https:\/\/sabik.com\/wp-content\/uploads\/2024\/12\/sabik-vll-43-product-manual.pdf\">Product Manual VLL-43 (pdf EN)<\/a>[\/vc_column_text][\/vc_column][\/vc_row][vc_row][vc_column][mk_padding_divider][\/vc_column][\/vc_row][vc_row][vc_column width=\u00bb1\/6&#8243;][\/vc_column][vc_column width=\u00bb2\/3&#8243;][vc_video max_width=\u00bb900&#8243; link=\u00bbhttps:\/\/www.youtube.com\/watch?v=h7ZpNRSW5P0&#8243;][\/vc_column][vc_column width=\u00bb1\/6&#8243;][\/vc_column][\/vc_row][vc_row][vc_column][mk_divider style=\u00bbthin_solid\u00bb margin_top=\u00bb40&#8243; margin_bottom=\u00bb40&#8243;][\/vc_column][\/vc_row]\n<\/div>","protected":false},"excerpt":{"rendered":"<p><img loading=\"lazy\" decoding=\"async\" class=\"alignnone size-full wp-image-253\" src=\"https:\/\/sabik.com\/wp-content\/uploads\/2024\/10\/ir_programmer_text.png\" alt=\"Programador IR\" width=\"75\" height=\"100\" srcset=\"https:\/\/sabik.com\/wp-content\/uploads\/2024\/10\/ir_programmer_text.png 300w, https:\/\/sabik.com\/wp-content\/uploads\/2024\/10\/ir_programmer_text-225x300.png 225w\" sizes=\"auto, (max-width: 75px) 100vw, 75px\" \/><\/p>\n<ul>\n<li>Ajustes de intensidad independientes para el d\u00eda y la noche<\/li>\n<li>Nueve ajustes de transici\u00f3n noche\/d\u00eda<\/li>\n<li>Hasta 246 caracteres est\u00e1ndar de destello y un car\u00e1cter personalizado programable<\/li>\n<li>Sincronizaci\u00f3n por cable con opciones principal\/esclavo y retardo ajustable (de 0,1 a 9,9 segundos)<\/li>\n<li>Desconexi\u00f3n por baja tensi\u00f3n de la bater\u00eda y c\u00f3digo PIN opcional para la programaci\u00f3n<\/li>\n<li>Sincronizaci\u00f3n GNSS externa con la unidad VSU-29<\/li>\n<li>Correcci\u00f3n autom\u00e1tica de intensidad Schmidt-Clausen<\/li>\n<\/ul>\n","protected":false},"featured_media":1451,"template":"","meta":{"_improvement_type_select":"improve_an_existing","_thumb_yes_seoaic":false,"_frame_yes_seoaic":false,"seoaic_generate_description":"","seoaic_improve_instructions_prompt":"","seoaic_rollback_content_improvement":"","seoaic_idea_thumbnail_generator":"","thumbnail_generated":false,"thumbnail_generate_prompt":"","seoaic_article_description":""},"product_brand":[],"product_cat":[153],"product_tag":[],"class_list":{"0":"post-2351","1":"product","2":"type-product","3":"status-publish","4":"has-post-thumbnail","6":"product_cat-direccional","8":"first","9":"instock","10":"featured","11":"shipping-taxable","12":"product-type-simple"},"yoast_head":"<!-- This site is optimized with the Yoast SEO Premium plugin v26.2 (Yoast SEO v27.4) - https:\/\/yoast.com\/product\/yoast-seo-premium-wordpress\/ -->\n<title>VLL-43 | Sabik%<\/title>\n<meta name=\"description\" content=\"La Linterna lineal port\u00e1til VLL-43 es una potente linterna unidireccional ideal para se\u00f1alizar distancias cortas y obst\u00e1culos. \u00a1Explore VLL-43 y otros productos Sabik!\" \/>\n<meta name=\"robots\" content=\"index, follow, max-snippet:-1, max-image-preview:large, max-video-preview:-1\" \/>\n<link rel=\"canonical\" href=\"https:\/\/sabik.com\/es\/producto\/luz-lineal-portatil-vll-43\/\" \/>\n<meta property=\"og:locale\" content=\"es_ES\" \/>\n<meta property=\"og:type\" content=\"article\" \/>\n<meta property=\"og:title\" content=\"Luz lineal port\u00e1til VLL-43\" \/>\n<meta property=\"og:description\" content=\"La Linterna lineal port\u00e1til VLL-43 es una potente linterna unidireccional ideal para se\u00f1alizar distancias cortas y obst\u00e1culos. \u00a1Explore VLL-43 y otros productos Sabik!\" \/>\n<meta property=\"og:url\" content=\"https:\/\/sabik.com\/es\/producto\/luz-lineal-portatil-vll-43\/\" \/>\n<meta property=\"og:site_name\" content=\"Sabik\" \/>\n<meta property=\"article:modified_time\" content=\"2025-01-20T10:16:49+00:00\" \/>\n<meta property=\"og:image\" content=\"https:\/\/sabik.com\/wp-content\/uploads\/2024\/10\/vll-43.jpg\" \/>\n\t<meta property=\"og:image:width\" content=\"1000\" \/>\n\t<meta property=\"og:image:height\" content=\"1000\" \/>\n\t<meta property=\"og:image:type\" content=\"image\/jpeg\" \/>\n<meta name=\"twitter:card\" content=\"summary_large_image\" \/>\n<meta name=\"twitter:label1\" content=\"Tiempo de lectura\" \/>\n\t<meta name=\"twitter:data1\" content=\"1 minuto\" \/>\n<script type=\"application\/ld+json\" class=\"yoast-schema-graph\">{\"@context\":\"https:\\\/\\\/schema.org\",\"@graph\":[{\"@type\":\"WebPage\",\"@id\":\"https:\\\/\\\/sabik.com\\\/es\\\/producto\\\/luz-lineal-portatil-vll-43\\\/\",\"url\":\"https:\\\/\\\/sabik.com\\\/es\\\/producto\\\/luz-lineal-portatil-vll-43\\\/\",\"name\":\"VLL-43 | Sabik%\",\"isPartOf\":{\"@id\":\"https:\\\/\\\/sabik.com\\\/#website\"},\"primaryImageOfPage\":{\"@id\":\"https:\\\/\\\/sabik.com\\\/es\\\/producto\\\/luz-lineal-portatil-vll-43\\\/#primaryimage\"},\"image\":{\"@id\":\"https:\\\/\\\/sabik.com\\\/es\\\/producto\\\/luz-lineal-portatil-vll-43\\\/#primaryimage\"},\"thumbnailUrl\":\"https:\\\/\\\/sabik.com\\\/wp-content\\\/uploads\\\/2024\\\/10\\\/vll-43.jpg\",\"datePublished\":\"2024-10-15T10:28:37+00:00\",\"dateModified\":\"2025-01-20T10:16:49+00:00\",\"description\":\"La Linterna lineal port\u00e1til VLL-43 es una potente linterna unidireccional ideal para se\u00f1alizar distancias cortas y obst\u00e1culos. \u00a1Explore VLL-43 y otros productos Sabik!\",\"breadcrumb\":{\"@id\":\"https:\\\/\\\/sabik.com\\\/es\\\/producto\\\/luz-lineal-portatil-vll-43\\\/#breadcrumb\"},\"inLanguage\":\"es\",\"potentialAction\":[{\"@type\":\"ReadAction\",\"target\":[\"https:\\\/\\\/sabik.com\\\/es\\\/producto\\\/luz-lineal-portatil-vll-43\\\/\"]}]},{\"@type\":\"ImageObject\",\"inLanguage\":\"es\",\"@id\":\"https:\\\/\\\/sabik.com\\\/es\\\/producto\\\/luz-lineal-portatil-vll-43\\\/#primaryimage\",\"url\":\"https:\\\/\\\/sabik.com\\\/wp-content\\\/uploads\\\/2024\\\/10\\\/vll-43.jpg\",\"contentUrl\":\"https:\\\/\\\/sabik.com\\\/wp-content\\\/uploads\\\/2024\\\/10\\\/vll-43.jpg\",\"width\":1000,\"height\":1000,\"caption\":\"VLL-43\"},{\"@type\":\"BreadcrumbList\",\"@id\":\"https:\\\/\\\/sabik.com\\\/es\\\/producto\\\/luz-lineal-portatil-vll-43\\\/#breadcrumb\",\"itemListElement\":[{\"@type\":\"ListItem\",\"position\":1,\"name\":\"Home\",\"item\":\"https:\\\/\\\/sabik.com\\\/es\\\/\"},{\"@type\":\"ListItem\",\"position\":2,\"name\":\"Productos\",\"item\":\"https:\\\/\\\/sabik.com\\\/es\\\/tienda\\\/\"},{\"@type\":\"ListItem\",\"position\":3,\"name\":\"Luz lineal port\u00e1til VLL-43\"}]},{\"@type\":\"WebSite\",\"@id\":\"https:\\\/\\\/sabik.com\\\/#website\",\"url\":\"https:\\\/\\\/sabik.com\\\/\",\"name\":\"Sabik\",\"description\":\"Global Leader in Maritime Aids to Navigation\",\"potentialAction\":[{\"@type\":\"SearchAction\",\"target\":{\"@type\":\"EntryPoint\",\"urlTemplate\":\"https:\\\/\\\/sabik.com\\\/?s={search_term_string}\"},\"query-input\":{\"@type\":\"PropertyValueSpecification\",\"valueRequired\":true,\"valueName\":\"search_term_string\"}}],\"inLanguage\":\"es\"}]}<\/script>\n<!-- \/ Yoast SEO Premium plugin. -->","yoast_head_json":{"title":"VLL-43 | Sabik%","description":"La Linterna lineal port\u00e1til VLL-43 es una potente linterna unidireccional ideal para se\u00f1alizar distancias cortas y obst\u00e1culos. \u00a1Explore VLL-43 y otros productos Sabik!","robots":{"index":"index","follow":"follow","max-snippet":"max-snippet:-1","max-image-preview":"max-image-preview:large","max-video-preview":"max-video-preview:-1"},"canonical":"https:\/\/sabik.com\/es\/producto\/luz-lineal-portatil-vll-43\/","og_locale":"es_ES","og_type":"article","og_title":"Luz lineal port\u00e1til VLL-43","og_description":"La Linterna lineal port\u00e1til VLL-43 es una potente linterna unidireccional ideal para se\u00f1alizar distancias cortas y obst\u00e1culos. \u00a1Explore VLL-43 y otros productos Sabik!","og_url":"https:\/\/sabik.com\/es\/producto\/luz-lineal-portatil-vll-43\/","og_site_name":"Sabik","article_modified_time":"2025-01-20T10:16:49+00:00","og_image":[{"width":1000,"height":1000,"url":"https:\/\/sabik.com\/wp-content\/uploads\/2024\/10\/vll-43.jpg","type":"image\/jpeg"}],"twitter_card":"summary_large_image","twitter_misc":{"Tiempo de lectura":"1 minuto"},"schema":{"@context":"https:\/\/schema.org","@graph":[{"@type":"WebPage","@id":"https:\/\/sabik.com\/es\/producto\/luz-lineal-portatil-vll-43\/","url":"https:\/\/sabik.com\/es\/producto\/luz-lineal-portatil-vll-43\/","name":"VLL-43 | Sabik%","isPartOf":{"@id":"https:\/\/sabik.com\/#website"},"primaryImageOfPage":{"@id":"https:\/\/sabik.com\/es\/producto\/luz-lineal-portatil-vll-43\/#primaryimage"},"image":{"@id":"https:\/\/sabik.com\/es\/producto\/luz-lineal-portatil-vll-43\/#primaryimage"},"thumbnailUrl":"https:\/\/sabik.com\/wp-content\/uploads\/2024\/10\/vll-43.jpg","datePublished":"2024-10-15T10:28:37+00:00","dateModified":"2025-01-20T10:16:49+00:00","description":"La Linterna lineal port\u00e1til VLL-43 es una potente linterna unidireccional ideal para se\u00f1alizar distancias cortas y obst\u00e1culos. \u00a1Explore VLL-43 y otros productos Sabik!","breadcrumb":{"@id":"https:\/\/sabik.com\/es\/producto\/luz-lineal-portatil-vll-43\/#breadcrumb"},"inLanguage":"es","potentialAction":[{"@type":"ReadAction","target":["https:\/\/sabik.com\/es\/producto\/luz-lineal-portatil-vll-43\/"]}]},{"@type":"ImageObject","inLanguage":"es","@id":"https:\/\/sabik.com\/es\/producto\/luz-lineal-portatil-vll-43\/#primaryimage","url":"https:\/\/sabik.com\/wp-content\/uploads\/2024\/10\/vll-43.jpg","contentUrl":"https:\/\/sabik.com\/wp-content\/uploads\/2024\/10\/vll-43.jpg","width":1000,"height":1000,"caption":"VLL-43"},{"@type":"BreadcrumbList","@id":"https:\/\/sabik.com\/es\/producto\/luz-lineal-portatil-vll-43\/#breadcrumb","itemListElement":[{"@type":"ListItem","position":1,"name":"Home","item":"https:\/\/sabik.com\/es\/"},{"@type":"ListItem","position":2,"name":"Productos","item":"https:\/\/sabik.com\/es\/tienda\/"},{"@type":"ListItem","position":3,"name":"Luz lineal port\u00e1til VLL-43"}]},{"@type":"WebSite","@id":"https:\/\/sabik.com\/#website","url":"https:\/\/sabik.com\/","name":"Sabik","description":"Global Leader in Maritime Aids to Navigation","potentialAction":[{"@type":"SearchAction","target":{"@type":"EntryPoint","urlTemplate":"https:\/\/sabik.com\/?s={search_term_string}"},"query-input":{"@type":"PropertyValueSpecification","valueRequired":true,"valueName":"search_term_string"}}],"inLanguage":"es"}]}},"_links":{"self":[{"href":"https:\/\/sabik.com\/es\/wp-json\/wp\/v2\/product\/2351","targetHints":{"allow":["GET"]}}],"collection":[{"href":"https:\/\/sabik.com\/es\/wp-json\/wp\/v2\/product"}],"about":[{"href":"https:\/\/sabik.com\/es\/wp-json\/wp\/v2\/types\/product"}],"wp:featuredmedia":[{"embeddable":true,"href":"https:\/\/sabik.com\/es\/wp-json\/wp\/v2\/media\/1451"}],"wp:attachment":[{"href":"https:\/\/sabik.com\/es\/wp-json\/wp\/v2\/media?parent=2351"}],"wp:term":[{"taxonomy":"product_brand","embeddable":true,"href":"https:\/\/sabik.com\/es\/wp-json\/wp\/v2\/product_brand?post=2351"},{"taxonomy":"product_cat","embeddable":true,"href":"https:\/\/sabik.com\/es\/wp-json\/wp\/v2\/product_cat?post=2351"},{"taxonomy":"product_tag","embeddable":true,"href":"https:\/\/sabik.com\/es\/wp-json\/wp\/v2\/product_tag?post=2351"}],"curies":[{"name":"wp","href":"https:\/\/api.w.org\/{rel}","templated":true}]}}