{"id":2382,"date":"2024-10-03T14:11:38","date_gmt":"2024-10-03T11:11:38","guid":{"rendered":"https:\/\/sabik.com\/product\/modulos-solares\/"},"modified":"2025-01-20T12:16:50","modified_gmt":"2025-01-20T10:16:50","slug":"modulos-solares","status":"publish","type":"product","link":"https:\/\/sabik.com\/es\/producto\/modulos-solares\/","title":{"rendered":"M\u00f3dulos solares"},"content":{"rendered":"<div class=\"wpb-content-wrapper\">[vc_row][vc_column][mk_padding_divider][\/vc_column][\/vc_row][vc_row][vc_column width=\u00bb1\/2&#8243;][vc_column_text css=\u00bb.vc_custom_1728538507404{margin-bottom: 0px !important;}\u00bb]\n<h2>Informaci\u00f3n sobre el producto:<\/h2>\n[\/vc_column_text][\/vc_column][vc_column width=\u00bb1\/2&#8243;][vc_column_text css=\u00bb.vc_custom_1728986644361{margin-bottom: 0px !important;}\u00bb]Los m\u00f3dulos fotovoltaicos para ayudas a la navegaci\u00f3n est\u00e1n dise\u00f1ados y optimizados para ofrecer un alto rendimiento en sistemas fotovoltaicos aislados de la red. Estos m\u00f3dulos han demostrado su eficacia en cientos de instalaciones de ayuda a la navegaci\u00f3n, tanto en condiciones \u00e1rticas como tropicales, lo que garantiza una fiabilidad excepcional en entornos marinos hostiles.[\/vc_column_text][\/vc_column][\/vc_row][vc_row][vc_column][mk_padding_divider][\/vc_column][\/vc_row][vc_row][vc_column width=\u00bb1\/2&#8243;][vc_column_text css=\u00bb.vc_custom_1728538512684{margin-bottom: 0px !important;}\u00bb]\n<h2>Documentaci\u00f3n del producto:<\/h2>\n[\/vc_column_text][\/vc_column][vc_column width=\u00bb1\/2&#8243;][vc_column_text css=\u00bb.vc_custom_1731590241886{margin-bottom: 0px !important;}\u00bb]<a href=\"https:\/\/sabik.com\/wp-content\/uploads\/2024\/10\/sabik_marine_datasheet_solar_modules_2020.pdf\">Ficha t\u00e9cnica de los M\u00f3dulos solares (pdf EN)<\/a><\/p>\n<p><a href=\"https:\/\/sabik.com\/wp-content\/uploads\/2024\/10\/sabik_marine_spain_datasheet_solar-modules_2020.pdf\">Ficha t\u00e9cnica de los M\u00f3dulos solares (pdf ES)<\/a><\/p>\n[\/vc_column_text][\/vc_column][\/vc_row][vc_row][vc_column][mk_padding_divider][\/vc_column][\/vc_row][vc_row][vc_column][mk_divider style=\u00bbthin_solid\u00bb margin_top=\u00bb40&#8243; margin_bottom=\u00bb40&#8243;][\/vc_column][\/vc_row]\n<\/div>","protected":false},"excerpt":{"rendered":"<ul>\n<li>Dise\u00f1o de calidad industrial duradero con un marco de aluminio estable<\/li>\n<li>Incluye orificios de montaje y conexi\u00f3n a tierra para facilitar la instalaci\u00f3n<\/li>\n<li>C\u00e9lulas solares policristalinas de alto rendimiento cableadas con diodos de derivaci\u00f3n para minimizar la p\u00e9rdida de energ\u00eda<\/li>\n<li>La caja de conexiones cuenta con conectores para cables f\u00e1ciles de instalar<\/li>\n<li>Cumple los requisitos medioambientales de la norma IEC61215<\/li>\n<\/ul>\n","protected":false},"featured_media":1413,"template":"","meta":{"_improvement_type_select":"improve_an_existing","_thumb_yes_seoaic":false,"_frame_yes_seoaic":false,"seoaic_generate_description":"","seoaic_improve_instructions_prompt":"","seoaic_rollback_content_improvement":"","seoaic_idea_thumbnail_generator":"","thumbnail_generated":false,"thumbnail_generate_prompt":"","seoaic_article_description":""},"product_brand":[],"product_cat":[154],"product_tag":[],"class_list":{"0":"post-2382","1":"product","2":"type-product","3":"status-publish","4":"has-post-thumbnail","6":"product_cat-sistemas-de-alimentacion-electrica","8":"first","9":"instock","10":"shipping-taxable","11":"product-type-simple"},"yoast_head":"<!-- This site is optimized with the Yoast SEO Premium plugin v26.2 (Yoast SEO v27.4) - https:\/\/yoast.com\/product\/yoast-seo-premium-wordpress\/ -->\n<title>M\u00f3dulos solares | Sabik%<\/title>\n<meta name=\"description\" content=\"Los m\u00f3dulos solares fotovoltaicos para ayudas a la navegaci\u00f3n est\u00e1n dise\u00f1ados y optimizados para ofrecer un alto rendimiento en sistemas fotovoltaicos aislados de la red.\" \/>\n<meta name=\"robots\" content=\"index, follow, max-snippet:-1, max-image-preview:large, max-video-preview:-1\" \/>\n<link rel=\"canonical\" href=\"https:\/\/sabik.com\/es\/producto\/modulos-solares\/\" \/>\n<meta property=\"og:locale\" content=\"es_ES\" \/>\n<meta property=\"og:type\" content=\"article\" \/>\n<meta property=\"og:title\" content=\"M\u00f3dulos solares\" \/>\n<meta property=\"og:description\" content=\"Los m\u00f3dulos solares fotovoltaicos para ayudas a la navegaci\u00f3n est\u00e1n dise\u00f1ados y optimizados para ofrecer un alto rendimiento en sistemas fotovoltaicos aislados de la red.\" \/>\n<meta property=\"og:url\" content=\"https:\/\/sabik.com\/es\/producto\/modulos-solares\/\" \/>\n<meta property=\"og:site_name\" content=\"Sabik\" \/>\n<meta property=\"article:modified_time\" content=\"2025-01-20T10:16:50+00:00\" \/>\n<meta property=\"og:image\" content=\"https:\/\/sabik.com\/wp-content\/uploads\/2024\/10\/solar-modules.jpg\" \/>\n\t<meta property=\"og:image:width\" content=\"1000\" \/>\n\t<meta property=\"og:image:height\" content=\"1000\" \/>\n\t<meta property=\"og:image:type\" content=\"image\/jpeg\" \/>\n<meta name=\"twitter:card\" content=\"summary_large_image\" \/>\n<meta name=\"twitter:label1\" content=\"Tiempo de lectura\" \/>\n\t<meta name=\"twitter:data1\" content=\"1 minuto\" \/>\n<script type=\"application\/ld+json\" class=\"yoast-schema-graph\">{\"@context\":\"https:\\\/\\\/schema.org\",\"@graph\":[{\"@type\":\"WebPage\",\"@id\":\"https:\\\/\\\/sabik.com\\\/es\\\/producto\\\/modulos-solares\\\/\",\"url\":\"https:\\\/\\\/sabik.com\\\/es\\\/producto\\\/modulos-solares\\\/\",\"name\":\"M\u00f3dulos solares | Sabik%\",\"isPartOf\":{\"@id\":\"https:\\\/\\\/sabik.com\\\/#website\"},\"primaryImageOfPage\":{\"@id\":\"https:\\\/\\\/sabik.com\\\/es\\\/producto\\\/modulos-solares\\\/#primaryimage\"},\"image\":{\"@id\":\"https:\\\/\\\/sabik.com\\\/es\\\/producto\\\/modulos-solares\\\/#primaryimage\"},\"thumbnailUrl\":\"https:\\\/\\\/sabik.com\\\/wp-content\\\/uploads\\\/2024\\\/10\\\/solar-modules.jpg\",\"datePublished\":\"2024-10-03T11:11:38+00:00\",\"dateModified\":\"2025-01-20T10:16:50+00:00\",\"description\":\"Los m\u00f3dulos solares fotovoltaicos para ayudas a la navegaci\u00f3n est\u00e1n dise\u00f1ados y optimizados para ofrecer un alto rendimiento en sistemas fotovoltaicos aislados de la red.\",\"breadcrumb\":{\"@id\":\"https:\\\/\\\/sabik.com\\\/es\\\/producto\\\/modulos-solares\\\/#breadcrumb\"},\"inLanguage\":\"es\",\"potentialAction\":[{\"@type\":\"ReadAction\",\"target\":[\"https:\\\/\\\/sabik.com\\\/es\\\/producto\\\/modulos-solares\\\/\"]}]},{\"@type\":\"ImageObject\",\"inLanguage\":\"es\",\"@id\":\"https:\\\/\\\/sabik.com\\\/es\\\/producto\\\/modulos-solares\\\/#primaryimage\",\"url\":\"https:\\\/\\\/sabik.com\\\/wp-content\\\/uploads\\\/2024\\\/10\\\/solar-modules.jpg\",\"contentUrl\":\"https:\\\/\\\/sabik.com\\\/wp-content\\\/uploads\\\/2024\\\/10\\\/solar-modules.jpg\",\"width\":1000,\"height\":1000,\"caption\":\"M\u00f3dulos solares\"},{\"@type\":\"BreadcrumbList\",\"@id\":\"https:\\\/\\\/sabik.com\\\/es\\\/producto\\\/modulos-solares\\\/#breadcrumb\",\"itemListElement\":[{\"@type\":\"ListItem\",\"position\":1,\"name\":\"Home\",\"item\":\"https:\\\/\\\/sabik.com\\\/es\\\/\"},{\"@type\":\"ListItem\",\"position\":2,\"name\":\"Productos\",\"item\":\"https:\\\/\\\/sabik.com\\\/es\\\/tienda\\\/\"},{\"@type\":\"ListItem\",\"position\":3,\"name\":\"M\u00f3dulos solares\"}]},{\"@type\":\"WebSite\",\"@id\":\"https:\\\/\\\/sabik.com\\\/#website\",\"url\":\"https:\\\/\\\/sabik.com\\\/\",\"name\":\"Sabik\",\"description\":\"Global Leader in Maritime Aids to Navigation\",\"potentialAction\":[{\"@type\":\"SearchAction\",\"target\":{\"@type\":\"EntryPoint\",\"urlTemplate\":\"https:\\\/\\\/sabik.com\\\/?s={search_term_string}\"},\"query-input\":{\"@type\":\"PropertyValueSpecification\",\"valueRequired\":true,\"valueName\":\"search_term_string\"}}],\"inLanguage\":\"es\"}]}<\/script>\n<!-- \/ Yoast SEO Premium plugin. -->","yoast_head_json":{"title":"M\u00f3dulos solares | Sabik%","description":"Los m\u00f3dulos solares fotovoltaicos para ayudas a la navegaci\u00f3n est\u00e1n dise\u00f1ados y optimizados para ofrecer un alto rendimiento en sistemas fotovoltaicos aislados de la red.","robots":{"index":"index","follow":"follow","max-snippet":"max-snippet:-1","max-image-preview":"max-image-preview:large","max-video-preview":"max-video-preview:-1"},"canonical":"https:\/\/sabik.com\/es\/producto\/modulos-solares\/","og_locale":"es_ES","og_type":"article","og_title":"M\u00f3dulos solares","og_description":"Los m\u00f3dulos solares fotovoltaicos para ayudas a la navegaci\u00f3n est\u00e1n dise\u00f1ados y optimizados para ofrecer un alto rendimiento en sistemas fotovoltaicos aislados de la red.","og_url":"https:\/\/sabik.com\/es\/producto\/modulos-solares\/","og_site_name":"Sabik","article_modified_time":"2025-01-20T10:16:50+00:00","og_image":[{"width":1000,"height":1000,"url":"https:\/\/sabik.com\/wp-content\/uploads\/2024\/10\/solar-modules.jpg","type":"image\/jpeg"}],"twitter_card":"summary_large_image","twitter_misc":{"Tiempo de lectura":"1 minuto"},"schema":{"@context":"https:\/\/schema.org","@graph":[{"@type":"WebPage","@id":"https:\/\/sabik.com\/es\/producto\/modulos-solares\/","url":"https:\/\/sabik.com\/es\/producto\/modulos-solares\/","name":"M\u00f3dulos solares | Sabik%","isPartOf":{"@id":"https:\/\/sabik.com\/#website"},"primaryImageOfPage":{"@id":"https:\/\/sabik.com\/es\/producto\/modulos-solares\/#primaryimage"},"image":{"@id":"https:\/\/sabik.com\/es\/producto\/modulos-solares\/#primaryimage"},"thumbnailUrl":"https:\/\/sabik.com\/wp-content\/uploads\/2024\/10\/solar-modules.jpg","datePublished":"2024-10-03T11:11:38+00:00","dateModified":"2025-01-20T10:16:50+00:00","description":"Los m\u00f3dulos solares fotovoltaicos para ayudas a la navegaci\u00f3n est\u00e1n dise\u00f1ados y optimizados para ofrecer un alto rendimiento en sistemas fotovoltaicos aislados de la red.","breadcrumb":{"@id":"https:\/\/sabik.com\/es\/producto\/modulos-solares\/#breadcrumb"},"inLanguage":"es","potentialAction":[{"@type":"ReadAction","target":["https:\/\/sabik.com\/es\/producto\/modulos-solares\/"]}]},{"@type":"ImageObject","inLanguage":"es","@id":"https:\/\/sabik.com\/es\/producto\/modulos-solares\/#primaryimage","url":"https:\/\/sabik.com\/wp-content\/uploads\/2024\/10\/solar-modules.jpg","contentUrl":"https:\/\/sabik.com\/wp-content\/uploads\/2024\/10\/solar-modules.jpg","width":1000,"height":1000,"caption":"M\u00f3dulos solares"},{"@type":"BreadcrumbList","@id":"https:\/\/sabik.com\/es\/producto\/modulos-solares\/#breadcrumb","itemListElement":[{"@type":"ListItem","position":1,"name":"Home","item":"https:\/\/sabik.com\/es\/"},{"@type":"ListItem","position":2,"name":"Productos","item":"https:\/\/sabik.com\/es\/tienda\/"},{"@type":"ListItem","position":3,"name":"M\u00f3dulos solares"}]},{"@type":"WebSite","@id":"https:\/\/sabik.com\/#website","url":"https:\/\/sabik.com\/","name":"Sabik","description":"Global Leader in Maritime Aids to Navigation","potentialAction":[{"@type":"SearchAction","target":{"@type":"EntryPoint","urlTemplate":"https:\/\/sabik.com\/?s={search_term_string}"},"query-input":{"@type":"PropertyValueSpecification","valueRequired":true,"valueName":"search_term_string"}}],"inLanguage":"es"}]}},"_links":{"self":[{"href":"https:\/\/sabik.com\/es\/wp-json\/wp\/v2\/product\/2382","targetHints":{"allow":["GET"]}}],"collection":[{"href":"https:\/\/sabik.com\/es\/wp-json\/wp\/v2\/product"}],"about":[{"href":"https:\/\/sabik.com\/es\/wp-json\/wp\/v2\/types\/product"}],"wp:featuredmedia":[{"embeddable":true,"href":"https:\/\/sabik.com\/es\/wp-json\/wp\/v2\/media\/1413"}],"wp:attachment":[{"href":"https:\/\/sabik.com\/es\/wp-json\/wp\/v2\/media?parent=2382"}],"wp:term":[{"taxonomy":"product_brand","embeddable":true,"href":"https:\/\/sabik.com\/es\/wp-json\/wp\/v2\/product_brand?post=2382"},{"taxonomy":"product_cat","embeddable":true,"href":"https:\/\/sabik.com\/es\/wp-json\/wp\/v2\/product_cat?post=2382"},{"taxonomy":"product_tag","embeddable":true,"href":"https:\/\/sabik.com\/es\/wp-json\/wp\/v2\/product_tag?post=2382"}],"curies":[{"name":"wp","href":"https:\/\/api.w.org\/{rel}","templated":true}]}}