{"id":2391,"date":"2024-10-03T14:10:19","date_gmt":"2024-10-03T11:10:19","guid":{"rendered":"https:\/\/sabik.com\/product\/baterias-saft-sun-ni-cd\/"},"modified":"2025-01-20T12:16:50","modified_gmt":"2025-01-20T10:16:50","slug":"baterias-saft-sun-ni-cd","status":"publish","type":"product","link":"https:\/\/sabik.com\/es\/producto\/baterias-saft-sun-ni-cd\/","title":{"rendered":"Bater\u00edas Saft Sun+ Ni-Cd"},"content":{"rendered":"<div class=\"wpb-content-wrapper\">[vc_row][vc_column][mk_padding_divider][\/vc_column][\/vc_row][vc_row][vc_column width=\u00bb1\/2&#8243;][vc_column_text css=\u00bb.vc_custom_1728538507404{margin-bottom: 0px !important;}\u00bb]\n<h2>Informaci\u00f3n sobre el producto:<\/h2>\n[\/vc_column_text][\/vc_column][vc_column width=\u00bb1\/2&#8243;][vc_column_text css=\u00bb.vc_custom_1728983135754{margin-bottom: 0px !important;}\u00bb]Las bater\u00edas de Ni-Cd Saft Sun+ son la opci\u00f3n preferida para los sistemas solares en los que el rendimiento en condiciones de fr\u00edo, la larga vida \u00fatil y los bajos costos del ciclo de vida son esenciales. La qu\u00edmica de sus bater\u00edas est\u00e1 optimizada para aplicaciones solares, lo que permite una descarga diaria m\u00ednima y, normalmente, s\u00f3lo una descarga importante durante el invierno. El dise\u00f1o modular ofrece una excelente flexibilidad para configurar los bancos de bater\u00edas seg\u00fan las necesidades espec\u00edficas del cliente. Con un historial probado en aplicaciones industriales exigentes desde la d\u00e9cada de 1970, las bater\u00edas Saft Sun+ ofrecen un rendimiento fiable.[\/vc_column_text][\/vc_column][\/vc_row][vc_row][vc_column][mk_padding_divider][\/vc_column][\/vc_row][vc_row][vc_column width=\u00bb1\/2&#8243;][vc_column_text css=\u00bb.vc_custom_1728538512684{margin-bottom: 0px !important;}\u00bb]\n<h2>Documentaci\u00f3n del producto:<\/h2>\n[\/vc_column_text][\/vc_column][vc_column width=\u00bb1\/2&#8243;][vc_column_text css=\u00bb.vc_custom_1731591620170{margin-bottom: 0px !important;}\u00bb]<a href=\"https:\/\/sabik.com\/wp-content\/uploads\/2024\/10\/sabik_marine_datasheet_saft_sunnicd_batteries_20201.pdf\">Ficha t\u00e9cnica de las Bater\u00edas de Ni-Cd Sunica (pdf EN)<\/a><\/p>\n<p><a href=\"https:\/\/sabik.com\/wp-content\/uploads\/2024\/10\/sabik_marine_spain_datasheet_saft_sunnicd_batteries_2020.pdf\">Ficha t\u00e9cnica de las Bater\u00edas de Ni-Cd Sunica (pdf ES)<\/a><\/p>\n[\/vc_column_text][\/vc_column][\/vc_row][vc_row][vc_column][mk_padding_divider][\/vc_column][\/vc_row][vc_row][vc_column][mk_divider style=\u00bbthin_solid\u00bb margin_top=\u00bb40&#8243; margin_bottom=\u00bb40&#8243;][\/vc_column][\/vc_row]\n<\/div>","protected":false},"excerpt":{"rendered":"<ul>\n<li>M\u00e1s de 20 a\u00f1os de vida \u00fatil; 8.000 ciclos al 15%<\/li>\n<li>Optimizado para fotovoltaica con mantenimiento limitado (cada cuatro a\u00f1os)<\/li>\n<li>Funciona de -50\u00b0C a +70\u00b0C (de -58\u00b0F a 158\u00b0F)<\/li>\n<li>Resistente a la sobrecarga\/baja carga y a la descarga completa<\/li>\n<li>Rango de capacidad: 45 Ah &#8211; 1110 Ah;<\/li>\n<li>Las bater\u00edas usadas se devuelven al fabricante para su reciclado al 100%<\/li>\n<\/ul>\n","protected":false},"featured_media":1345,"template":"","meta":{"_improvement_type_select":"improve_an_existing","_thumb_yes_seoaic":false,"_frame_yes_seoaic":false,"seoaic_generate_description":"","seoaic_improve_instructions_prompt":"","seoaic_rollback_content_improvement":"","seoaic_idea_thumbnail_generator":"","thumbnail_generated":false,"thumbnail_generate_prompt":"","seoaic_article_description":""},"product_brand":[],"product_cat":[154],"product_tag":[],"class_list":{"0":"post-2391","1":"product","2":"type-product","3":"status-publish","4":"has-post-thumbnail","6":"product_cat-sistemas-de-alimentacion-electrica","8":"first","9":"instock","10":"shipping-taxable","11":"product-type-simple"},"yoast_head":"<!-- This site is optimized with the Yoast SEO Premium plugin v26.2 (Yoast SEO v27.3) - https:\/\/yoast.com\/product\/yoast-seo-premium-wordpress\/ -->\n<title>Bater\u00edas Saft Sun+ Ni-Cd | Sabik<\/title>\n<meta name=\"description\" content=\"Bater\u00edas de Ni-Cd Saft Sun+ para sistemas solares en los que el rendimiento en condiciones de fr\u00edo, la larga vida \u00fatil y los bajos costos del ciclo de vida son esenciales.\" \/>\n<meta name=\"robots\" content=\"index, follow, max-snippet:-1, max-image-preview:large, max-video-preview:-1\" \/>\n<link rel=\"canonical\" href=\"https:\/\/sabik.com\/es\/producto\/baterias-saft-sun-ni-cd\/\" \/>\n<meta property=\"og:locale\" content=\"es_ES\" \/>\n<meta property=\"og:type\" content=\"article\" \/>\n<meta property=\"og:title\" content=\"Bater\u00edas Saft Sun+ Ni-Cd\" \/>\n<meta property=\"og:description\" content=\"Bater\u00edas de Ni-Cd Saft Sun+ para sistemas solares en los que el rendimiento en condiciones de fr\u00edo, la larga vida \u00fatil y los bajos costos del ciclo de vida son esenciales.\" \/>\n<meta property=\"og:url\" content=\"https:\/\/sabik.com\/es\/producto\/baterias-saft-sun-ni-cd\/\" \/>\n<meta property=\"og:site_name\" content=\"Sabik\" \/>\n<meta property=\"article:modified_time\" content=\"2025-01-20T10:16:50+00:00\" \/>\n<meta property=\"og:image\" content=\"https:\/\/sabik.com\/wp-content\/uploads\/2024\/10\/saft-sun-ni-cd-batteries.jpg\" \/>\n\t<meta property=\"og:image:width\" content=\"1000\" \/>\n\t<meta property=\"og:image:height\" content=\"1000\" \/>\n\t<meta property=\"og:image:type\" content=\"image\/jpeg\" \/>\n<meta name=\"twitter:card\" content=\"summary_large_image\" \/>\n<meta name=\"twitter:label1\" content=\"Tiempo de lectura\" \/>\n\t<meta name=\"twitter:data1\" content=\"1 minuto\" \/>\n<script type=\"application\/ld+json\" class=\"yoast-schema-graph\">{\"@context\":\"https:\\\/\\\/schema.org\",\"@graph\":[{\"@type\":\"WebPage\",\"@id\":\"https:\\\/\\\/sabik.com\\\/es\\\/producto\\\/baterias-saft-sun-ni-cd\\\/\",\"url\":\"https:\\\/\\\/sabik.com\\\/es\\\/producto\\\/baterias-saft-sun-ni-cd\\\/\",\"name\":\"Bater\u00edas Saft Sun+ Ni-Cd | Sabik\",\"isPartOf\":{\"@id\":\"https:\\\/\\\/sabik.com\\\/#website\"},\"primaryImageOfPage\":{\"@id\":\"https:\\\/\\\/sabik.com\\\/es\\\/producto\\\/baterias-saft-sun-ni-cd\\\/#primaryimage\"},\"image\":{\"@id\":\"https:\\\/\\\/sabik.com\\\/es\\\/producto\\\/baterias-saft-sun-ni-cd\\\/#primaryimage\"},\"thumbnailUrl\":\"https:\\\/\\\/sabik.com\\\/wp-content\\\/uploads\\\/2024\\\/10\\\/saft-sun-ni-cd-batteries.jpg\",\"datePublished\":\"2024-10-03T11:10:19+00:00\",\"dateModified\":\"2025-01-20T10:16:50+00:00\",\"description\":\"Bater\u00edas de Ni-Cd Saft Sun+ para sistemas solares en los que el rendimiento en condiciones de fr\u00edo, la larga vida \u00fatil y los bajos costos del ciclo de vida son esenciales.\",\"breadcrumb\":{\"@id\":\"https:\\\/\\\/sabik.com\\\/es\\\/producto\\\/baterias-saft-sun-ni-cd\\\/#breadcrumb\"},\"inLanguage\":\"es\",\"potentialAction\":[{\"@type\":\"ReadAction\",\"target\":[\"https:\\\/\\\/sabik.com\\\/es\\\/producto\\\/baterias-saft-sun-ni-cd\\\/\"]}]},{\"@type\":\"ImageObject\",\"inLanguage\":\"es\",\"@id\":\"https:\\\/\\\/sabik.com\\\/es\\\/producto\\\/baterias-saft-sun-ni-cd\\\/#primaryimage\",\"url\":\"https:\\\/\\\/sabik.com\\\/wp-content\\\/uploads\\\/2024\\\/10\\\/saft-sun-ni-cd-batteries.jpg\",\"contentUrl\":\"https:\\\/\\\/sabik.com\\\/wp-content\\\/uploads\\\/2024\\\/10\\\/saft-sun-ni-cd-batteries.jpg\",\"width\":1000,\"height\":1000,\"caption\":\"Bater\u00edas Saft Sun+ Ni-Cd\"},{\"@type\":\"BreadcrumbList\",\"@id\":\"https:\\\/\\\/sabik.com\\\/es\\\/producto\\\/baterias-saft-sun-ni-cd\\\/#breadcrumb\",\"itemListElement\":[{\"@type\":\"ListItem\",\"position\":1,\"name\":\"Home\",\"item\":\"https:\\\/\\\/sabik.com\\\/es\\\/\"},{\"@type\":\"ListItem\",\"position\":2,\"name\":\"Productos\",\"item\":\"https:\\\/\\\/sabik.com\\\/es\\\/tienda\\\/\"},{\"@type\":\"ListItem\",\"position\":3,\"name\":\"Bater\u00edas Saft Sun+ Ni-Cd\"}]},{\"@type\":\"WebSite\",\"@id\":\"https:\\\/\\\/sabik.com\\\/#website\",\"url\":\"https:\\\/\\\/sabik.com\\\/\",\"name\":\"Sabik\",\"description\":\"Global Leader in Maritime Aids to Navigation\",\"potentialAction\":[{\"@type\":\"SearchAction\",\"target\":{\"@type\":\"EntryPoint\",\"urlTemplate\":\"https:\\\/\\\/sabik.com\\\/?s={search_term_string}\"},\"query-input\":{\"@type\":\"PropertyValueSpecification\",\"valueRequired\":true,\"valueName\":\"search_term_string\"}}],\"inLanguage\":\"es\"}]}<\/script>\n<!-- \/ Yoast SEO Premium plugin. -->","yoast_head_json":{"title":"Bater\u00edas Saft Sun+ Ni-Cd | Sabik","description":"Bater\u00edas de Ni-Cd Saft Sun+ para sistemas solares en los que el rendimiento en condiciones de fr\u00edo, la larga vida \u00fatil y los bajos costos del ciclo de vida son esenciales.","robots":{"index":"index","follow":"follow","max-snippet":"max-snippet:-1","max-image-preview":"max-image-preview:large","max-video-preview":"max-video-preview:-1"},"canonical":"https:\/\/sabik.com\/es\/producto\/baterias-saft-sun-ni-cd\/","og_locale":"es_ES","og_type":"article","og_title":"Bater\u00edas Saft Sun+ Ni-Cd","og_description":"Bater\u00edas de Ni-Cd Saft Sun+ para sistemas solares en los que el rendimiento en condiciones de fr\u00edo, la larga vida \u00fatil y los bajos costos del ciclo de vida son esenciales.","og_url":"https:\/\/sabik.com\/es\/producto\/baterias-saft-sun-ni-cd\/","og_site_name":"Sabik","article_modified_time":"2025-01-20T10:16:50+00:00","og_image":[{"width":1000,"height":1000,"url":"https:\/\/sabik.com\/wp-content\/uploads\/2024\/10\/saft-sun-ni-cd-batteries.jpg","type":"image\/jpeg"}],"twitter_card":"summary_large_image","twitter_misc":{"Tiempo de lectura":"1 minuto"},"schema":{"@context":"https:\/\/schema.org","@graph":[{"@type":"WebPage","@id":"https:\/\/sabik.com\/es\/producto\/baterias-saft-sun-ni-cd\/","url":"https:\/\/sabik.com\/es\/producto\/baterias-saft-sun-ni-cd\/","name":"Bater\u00edas Saft Sun+ Ni-Cd | Sabik","isPartOf":{"@id":"https:\/\/sabik.com\/#website"},"primaryImageOfPage":{"@id":"https:\/\/sabik.com\/es\/producto\/baterias-saft-sun-ni-cd\/#primaryimage"},"image":{"@id":"https:\/\/sabik.com\/es\/producto\/baterias-saft-sun-ni-cd\/#primaryimage"},"thumbnailUrl":"https:\/\/sabik.com\/wp-content\/uploads\/2024\/10\/saft-sun-ni-cd-batteries.jpg","datePublished":"2024-10-03T11:10:19+00:00","dateModified":"2025-01-20T10:16:50+00:00","description":"Bater\u00edas de Ni-Cd Saft Sun+ para sistemas solares en los que el rendimiento en condiciones de fr\u00edo, la larga vida \u00fatil y los bajos costos del ciclo de vida son esenciales.","breadcrumb":{"@id":"https:\/\/sabik.com\/es\/producto\/baterias-saft-sun-ni-cd\/#breadcrumb"},"inLanguage":"es","potentialAction":[{"@type":"ReadAction","target":["https:\/\/sabik.com\/es\/producto\/baterias-saft-sun-ni-cd\/"]}]},{"@type":"ImageObject","inLanguage":"es","@id":"https:\/\/sabik.com\/es\/producto\/baterias-saft-sun-ni-cd\/#primaryimage","url":"https:\/\/sabik.com\/wp-content\/uploads\/2024\/10\/saft-sun-ni-cd-batteries.jpg","contentUrl":"https:\/\/sabik.com\/wp-content\/uploads\/2024\/10\/saft-sun-ni-cd-batteries.jpg","width":1000,"height":1000,"caption":"Bater\u00edas Saft Sun+ Ni-Cd"},{"@type":"BreadcrumbList","@id":"https:\/\/sabik.com\/es\/producto\/baterias-saft-sun-ni-cd\/#breadcrumb","itemListElement":[{"@type":"ListItem","position":1,"name":"Home","item":"https:\/\/sabik.com\/es\/"},{"@type":"ListItem","position":2,"name":"Productos","item":"https:\/\/sabik.com\/es\/tienda\/"},{"@type":"ListItem","position":3,"name":"Bater\u00edas Saft Sun+ Ni-Cd"}]},{"@type":"WebSite","@id":"https:\/\/sabik.com\/#website","url":"https:\/\/sabik.com\/","name":"Sabik","description":"Global Leader in Maritime Aids to Navigation","potentialAction":[{"@type":"SearchAction","target":{"@type":"EntryPoint","urlTemplate":"https:\/\/sabik.com\/?s={search_term_string}"},"query-input":{"@type":"PropertyValueSpecification","valueRequired":true,"valueName":"search_term_string"}}],"inLanguage":"es"}]}},"_links":{"self":[{"href":"https:\/\/sabik.com\/es\/wp-json\/wp\/v2\/product\/2391","targetHints":{"allow":["GET"]}}],"collection":[{"href":"https:\/\/sabik.com\/es\/wp-json\/wp\/v2\/product"}],"about":[{"href":"https:\/\/sabik.com\/es\/wp-json\/wp\/v2\/types\/product"}],"wp:featuredmedia":[{"embeddable":true,"href":"https:\/\/sabik.com\/es\/wp-json\/wp\/v2\/media\/1345"}],"wp:attachment":[{"href":"https:\/\/sabik.com\/es\/wp-json\/wp\/v2\/media?parent=2391"}],"wp:term":[{"taxonomy":"product_brand","embeddable":true,"href":"https:\/\/sabik.com\/es\/wp-json\/wp\/v2\/product_brand?post=2391"},{"taxonomy":"product_cat","embeddable":true,"href":"https:\/\/sabik.com\/es\/wp-json\/wp\/v2\/product_cat?post=2391"},{"taxonomy":"product_tag","embeddable":true,"href":"https:\/\/sabik.com\/es\/wp-json\/wp\/v2\/product_tag?post=2391"}],"curies":[{"name":"wp","href":"https:\/\/api.w.org\/{rel}","templated":true}]}}