{"id":2394,"date":"2024-10-03T14:09:53","date_gmt":"2024-10-03T11:09:53","guid":{"rendered":"https:\/\/sabik.com\/product\/sonnenschein-solar-block-baterias-vrla\/"},"modified":"2025-01-20T12:16:50","modified_gmt":"2025-01-20T10:16:50","slug":"sonnenschein-solar-block-baterias-vrla","status":"publish","type":"product","link":"https:\/\/sabik.com\/es\/producto\/sonnenschein-solar-block-baterias-vrla\/","title":{"rendered":"Sonnenschein Solar Block &#8211; Bater\u00edas VRLA"},"content":{"rendered":"<div class=\"wpb-content-wrapper\">[vc_row][vc_column][mk_padding_divider][\/vc_column][\/vc_row][vc_row][vc_column width=\u00bb1\/2&#8243;][vc_column_text css=\u00bb.vc_custom_1728538507404{margin-bottom: 0px !important;}\u00bb]\n<h2>Informaci\u00f3n sobre el producto:<\/h2>\n[\/vc_column_text][\/vc_column][vc_column width=\u00bb1\/2&#8243;][vc_column_text css=\u00bb.vc_custom_1728986883401{margin-bottom: 0px !important;}\u00bb]La gama de bater\u00edas Sonnenschein Solar es potente y fiable, incluso en condiciones de aplicaci\u00f3n dif\u00edciles, gracias a sus bater\u00edas de plomo-\u00e1cido reguladas por v\u00e1lvula dise\u00f1adas para sistemas solares. Estas bater\u00edas se utilizan en ayudas a la navegaci\u00f3n fijas y flotantes alimentadas por energ\u00eda solar en todo el mundo.[\/vc_column_text][\/vc_column][\/vc_row][vc_row][vc_column][mk_padding_divider][\/vc_column][\/vc_row][vc_row][vc_column width=\u00bb1\/2&#8243;][vc_column_text css=\u00bb.vc_custom_1728538512684{margin-bottom: 0px !important;}\u00bb]\n<h2>Documentaci\u00f3n del producto:<\/h2>\n[\/vc_column_text][\/vc_column][vc_column width=\u00bb1\/2&#8243;][vc_column_text css=\u00bb.vc_custom_1728986896856{margin-bottom: 0px !important;}\u00bb]<a href=\"https:\/\/sabik.com\/wp-content\/uploads\/2024\/10\/sabik_marine_datasheetpower-systems-sonnenschein-solar-batteries_2018.pdf\">Ficha t\u00e9cnica de la Bater\u00eda solar Sonnenschein (pdf EN)<\/a><\/p>\n<p><a href=\"https:\/\/sabik.com\/wp-content\/uploads\/2024\/10\/sabik_marine_datasheet_2018_154_sistemas-de-alimentacion_baterias-solares-sonnenschein_es_.pdf\">Ficha t\u00e9cnica de la Bater\u00eda solar Sonnenschein (pdf ES)<\/a>[\/vc_column_text][\/vc_column][\/vc_row][vc_row][vc_column][mk_padding_divider][\/vc_column][\/vc_row][vc_row][vc_column][mk_divider style=\u00bbthin_solid\u00bb margin_top=\u00bb40&#8243; margin_bottom=\u00bb40&#8243;][\/vc_column][\/vc_row]\n<\/div>","protected":false},"excerpt":{"rendered":"<ul>\n<li>M\u00e1s de 7 a\u00f1os de esperanza de vida \u00fatil<\/li>\n<li>Reciclable y libre de mantenimiento (no hay que rellenar)<\/li>\n<li>Tecnolog\u00eda de gel con placa de rejilla para una vida \u00fatil m\u00e1s larga que las bater\u00edas AGM o inundadas<\/li>\n<li>Resistente a descargas profundas y menor riesgo de fugas de \u00e1cido<\/li>\n<li>Dise\u00f1o robusto con asas integradas para facilitar su manejo<\/li>\n<\/ul>\n","protected":false},"featured_media":1415,"template":"","meta":{"_improvement_type_select":"improve_an_existing","_thumb_yes_seoaic":false,"_frame_yes_seoaic":false,"seoaic_generate_description":"","seoaic_improve_instructions_prompt":"","seoaic_rollback_content_improvement":"","seoaic_idea_thumbnail_generator":"","thumbnail_generated":false,"thumbnail_generate_prompt":"","seoaic_article_description":""},"product_brand":[],"product_cat":[154],"product_tag":[],"class_list":{"0":"post-2394","1":"product","2":"type-product","3":"status-publish","4":"has-post-thumbnail","6":"product_cat-sistemas-de-alimentacion-electrica","8":"first","9":"instock","10":"shipping-taxable","11":"product-type-simple"},"yoast_head":"<!-- This site is optimized with the Yoast SEO Premium plugin v26.2 (Yoast SEO v27.3) - https:\/\/yoast.com\/product\/yoast-seo-premium-wordpress\/ -->\n<title>Sonnenschein Solar Block | Bater\u00edas VRLA | Sabik<\/title>\n<meta name=\"description\" content=\"La gama de bater\u00edas Sonnenschein Solar es potente y fiable con sus bater\u00edas de plomo-\u00e1cido reguladas por v\u00e1lvula dise\u00f1adas para sistemas solares.\" \/>\n<meta name=\"robots\" content=\"index, follow, max-snippet:-1, max-image-preview:large, max-video-preview:-1\" \/>\n<link rel=\"canonical\" href=\"https:\/\/sabik.com\/es\/producto\/sonnenschein-solar-block-baterias-vrla\/\" \/>\n<meta property=\"og:locale\" content=\"es_ES\" \/>\n<meta property=\"og:type\" content=\"article\" \/>\n<meta property=\"og:title\" content=\"Sonnenschein Solar Block - Bater\u00edas VRLA\" \/>\n<meta property=\"og:description\" content=\"La gama de bater\u00edas Sonnenschein Solar es potente y fiable con sus bater\u00edas de plomo-\u00e1cido reguladas por v\u00e1lvula dise\u00f1adas para sistemas solares.\" \/>\n<meta property=\"og:url\" content=\"https:\/\/sabik.com\/es\/producto\/sonnenschein-solar-block-baterias-vrla\/\" \/>\n<meta property=\"og:site_name\" content=\"Sabik\" \/>\n<meta property=\"article:modified_time\" content=\"2025-01-20T10:16:50+00:00\" \/>\n<meta property=\"og:image\" content=\"https:\/\/sabik.com\/wp-content\/uploads\/2024\/10\/sonnenchein-solar-block-vrla-batteries.jpg\" \/>\n\t<meta property=\"og:image:width\" content=\"1000\" \/>\n\t<meta property=\"og:image:height\" content=\"1000\" \/>\n\t<meta property=\"og:image:type\" content=\"image\/jpeg\" \/>\n<meta name=\"twitter:card\" content=\"summary_large_image\" \/>\n<meta name=\"twitter:label1\" content=\"Tiempo de lectura\" \/>\n\t<meta name=\"twitter:data1\" content=\"1 minuto\" \/>\n<script type=\"application\/ld+json\" class=\"yoast-schema-graph\">{\"@context\":\"https:\\\/\\\/schema.org\",\"@graph\":[{\"@type\":\"WebPage\",\"@id\":\"https:\\\/\\\/sabik.com\\\/es\\\/producto\\\/sonnenschein-solar-block-baterias-vrla\\\/\",\"url\":\"https:\\\/\\\/sabik.com\\\/es\\\/producto\\\/sonnenschein-solar-block-baterias-vrla\\\/\",\"name\":\"Sonnenschein Solar Block | Bater\u00edas VRLA | Sabik\",\"isPartOf\":{\"@id\":\"https:\\\/\\\/sabik.com\\\/#website\"},\"primaryImageOfPage\":{\"@id\":\"https:\\\/\\\/sabik.com\\\/es\\\/producto\\\/sonnenschein-solar-block-baterias-vrla\\\/#primaryimage\"},\"image\":{\"@id\":\"https:\\\/\\\/sabik.com\\\/es\\\/producto\\\/sonnenschein-solar-block-baterias-vrla\\\/#primaryimage\"},\"thumbnailUrl\":\"https:\\\/\\\/sabik.com\\\/wp-content\\\/uploads\\\/2024\\\/10\\\/sonnenchein-solar-block-vrla-batteries.jpg\",\"datePublished\":\"2024-10-03T11:09:53+00:00\",\"dateModified\":\"2025-01-20T10:16:50+00:00\",\"description\":\"La gama de bater\u00edas Sonnenschein Solar es potente y fiable con sus bater\u00edas de plomo-\u00e1cido reguladas por v\u00e1lvula dise\u00f1adas para sistemas solares.\",\"breadcrumb\":{\"@id\":\"https:\\\/\\\/sabik.com\\\/es\\\/producto\\\/sonnenschein-solar-block-baterias-vrla\\\/#breadcrumb\"},\"inLanguage\":\"es\",\"potentialAction\":[{\"@type\":\"ReadAction\",\"target\":[\"https:\\\/\\\/sabik.com\\\/es\\\/producto\\\/sonnenschein-solar-block-baterias-vrla\\\/\"]}]},{\"@type\":\"ImageObject\",\"inLanguage\":\"es\",\"@id\":\"https:\\\/\\\/sabik.com\\\/es\\\/producto\\\/sonnenschein-solar-block-baterias-vrla\\\/#primaryimage\",\"url\":\"https:\\\/\\\/sabik.com\\\/wp-content\\\/uploads\\\/2024\\\/10\\\/sonnenchein-solar-block-vrla-batteries.jpg\",\"contentUrl\":\"https:\\\/\\\/sabik.com\\\/wp-content\\\/uploads\\\/2024\\\/10\\\/sonnenchein-solar-block-vrla-batteries.jpg\",\"width\":1000,\"height\":1000,\"caption\":\"Sonnenschein Solar Block - Bater\u00edas VRLA\"},{\"@type\":\"BreadcrumbList\",\"@id\":\"https:\\\/\\\/sabik.com\\\/es\\\/producto\\\/sonnenschein-solar-block-baterias-vrla\\\/#breadcrumb\",\"itemListElement\":[{\"@type\":\"ListItem\",\"position\":1,\"name\":\"Home\",\"item\":\"https:\\\/\\\/sabik.com\\\/es\\\/\"},{\"@type\":\"ListItem\",\"position\":2,\"name\":\"Productos\",\"item\":\"https:\\\/\\\/sabik.com\\\/es\\\/tienda\\\/\"},{\"@type\":\"ListItem\",\"position\":3,\"name\":\"Sonnenschein Solar Block &#8211; Bater\u00edas VRLA\"}]},{\"@type\":\"WebSite\",\"@id\":\"https:\\\/\\\/sabik.com\\\/#website\",\"url\":\"https:\\\/\\\/sabik.com\\\/\",\"name\":\"Sabik\",\"description\":\"Global Leader in Maritime Aids to Navigation\",\"potentialAction\":[{\"@type\":\"SearchAction\",\"target\":{\"@type\":\"EntryPoint\",\"urlTemplate\":\"https:\\\/\\\/sabik.com\\\/?s={search_term_string}\"},\"query-input\":{\"@type\":\"PropertyValueSpecification\",\"valueRequired\":true,\"valueName\":\"search_term_string\"}}],\"inLanguage\":\"es\"}]}<\/script>\n<!-- \/ Yoast SEO Premium plugin. -->","yoast_head_json":{"title":"Sonnenschein Solar Block | Bater\u00edas VRLA | Sabik","description":"La gama de bater\u00edas Sonnenschein Solar es potente y fiable con sus bater\u00edas de plomo-\u00e1cido reguladas por v\u00e1lvula dise\u00f1adas para sistemas solares.","robots":{"index":"index","follow":"follow","max-snippet":"max-snippet:-1","max-image-preview":"max-image-preview:large","max-video-preview":"max-video-preview:-1"},"canonical":"https:\/\/sabik.com\/es\/producto\/sonnenschein-solar-block-baterias-vrla\/","og_locale":"es_ES","og_type":"article","og_title":"Sonnenschein Solar Block - Bater\u00edas VRLA","og_description":"La gama de bater\u00edas Sonnenschein Solar es potente y fiable con sus bater\u00edas de plomo-\u00e1cido reguladas por v\u00e1lvula dise\u00f1adas para sistemas solares.","og_url":"https:\/\/sabik.com\/es\/producto\/sonnenschein-solar-block-baterias-vrla\/","og_site_name":"Sabik","article_modified_time":"2025-01-20T10:16:50+00:00","og_image":[{"width":1000,"height":1000,"url":"https:\/\/sabik.com\/wp-content\/uploads\/2024\/10\/sonnenchein-solar-block-vrla-batteries.jpg","type":"image\/jpeg"}],"twitter_card":"summary_large_image","twitter_misc":{"Tiempo de lectura":"1 minuto"},"schema":{"@context":"https:\/\/schema.org","@graph":[{"@type":"WebPage","@id":"https:\/\/sabik.com\/es\/producto\/sonnenschein-solar-block-baterias-vrla\/","url":"https:\/\/sabik.com\/es\/producto\/sonnenschein-solar-block-baterias-vrla\/","name":"Sonnenschein Solar Block | Bater\u00edas VRLA | Sabik","isPartOf":{"@id":"https:\/\/sabik.com\/#website"},"primaryImageOfPage":{"@id":"https:\/\/sabik.com\/es\/producto\/sonnenschein-solar-block-baterias-vrla\/#primaryimage"},"image":{"@id":"https:\/\/sabik.com\/es\/producto\/sonnenschein-solar-block-baterias-vrla\/#primaryimage"},"thumbnailUrl":"https:\/\/sabik.com\/wp-content\/uploads\/2024\/10\/sonnenchein-solar-block-vrla-batteries.jpg","datePublished":"2024-10-03T11:09:53+00:00","dateModified":"2025-01-20T10:16:50+00:00","description":"La gama de bater\u00edas Sonnenschein Solar es potente y fiable con sus bater\u00edas de plomo-\u00e1cido reguladas por v\u00e1lvula dise\u00f1adas para sistemas solares.","breadcrumb":{"@id":"https:\/\/sabik.com\/es\/producto\/sonnenschein-solar-block-baterias-vrla\/#breadcrumb"},"inLanguage":"es","potentialAction":[{"@type":"ReadAction","target":["https:\/\/sabik.com\/es\/producto\/sonnenschein-solar-block-baterias-vrla\/"]}]},{"@type":"ImageObject","inLanguage":"es","@id":"https:\/\/sabik.com\/es\/producto\/sonnenschein-solar-block-baterias-vrla\/#primaryimage","url":"https:\/\/sabik.com\/wp-content\/uploads\/2024\/10\/sonnenchein-solar-block-vrla-batteries.jpg","contentUrl":"https:\/\/sabik.com\/wp-content\/uploads\/2024\/10\/sonnenchein-solar-block-vrla-batteries.jpg","width":1000,"height":1000,"caption":"Sonnenschein Solar Block - Bater\u00edas VRLA"},{"@type":"BreadcrumbList","@id":"https:\/\/sabik.com\/es\/producto\/sonnenschein-solar-block-baterias-vrla\/#breadcrumb","itemListElement":[{"@type":"ListItem","position":1,"name":"Home","item":"https:\/\/sabik.com\/es\/"},{"@type":"ListItem","position":2,"name":"Productos","item":"https:\/\/sabik.com\/es\/tienda\/"},{"@type":"ListItem","position":3,"name":"Sonnenschein Solar Block &#8211; Bater\u00edas VRLA"}]},{"@type":"WebSite","@id":"https:\/\/sabik.com\/#website","url":"https:\/\/sabik.com\/","name":"Sabik","description":"Global Leader in Maritime Aids to Navigation","potentialAction":[{"@type":"SearchAction","target":{"@type":"EntryPoint","urlTemplate":"https:\/\/sabik.com\/?s={search_term_string}"},"query-input":{"@type":"PropertyValueSpecification","valueRequired":true,"valueName":"search_term_string"}}],"inLanguage":"es"}]}},"_links":{"self":[{"href":"https:\/\/sabik.com\/es\/wp-json\/wp\/v2\/product\/2394","targetHints":{"allow":["GET"]}}],"collection":[{"href":"https:\/\/sabik.com\/es\/wp-json\/wp\/v2\/product"}],"about":[{"href":"https:\/\/sabik.com\/es\/wp-json\/wp\/v2\/types\/product"}],"wp:featuredmedia":[{"embeddable":true,"href":"https:\/\/sabik.com\/es\/wp-json\/wp\/v2\/media\/1415"}],"wp:attachment":[{"href":"https:\/\/sabik.com\/es\/wp-json\/wp\/v2\/media?parent=2394"}],"wp:term":[{"taxonomy":"product_brand","embeddable":true,"href":"https:\/\/sabik.com\/es\/wp-json\/wp\/v2\/product_brand?post=2394"},{"taxonomy":"product_cat","embeddable":true,"href":"https:\/\/sabik.com\/es\/wp-json\/wp\/v2\/product_cat?post=2394"},{"taxonomy":"product_tag","embeddable":true,"href":"https:\/\/sabik.com\/es\/wp-json\/wp\/v2\/product_tag?post=2394"}],"curies":[{"name":"wp","href":"https:\/\/api.w.org\/{rel}","templated":true}]}}