{"id":2397,"date":"2024-10-03T14:09:33","date_gmt":"2024-10-03T11:09:33","guid":{"rendered":"https:\/\/sabik.com\/product\/bateria-alcalina-primaria\/"},"modified":"2025-01-20T12:16:50","modified_gmt":"2025-01-20T10:16:50","slug":"bateria-alcalina-primaria","status":"publish","type":"product","link":"https:\/\/sabik.com\/es\/producto\/bateria-alcalina-primaria\/","title":{"rendered":"Bater\u00eda alcalina primaria"},"content":{"rendered":"<div class=\"wpb-content-wrapper\">[vc_row][vc_column][mk_padding_divider][\/vc_column][\/vc_row][vc_row][vc_column width=\u00bb1\/2&#8243;][vc_column_text css=\u00bb.vc_custom_1728538507404{margin-bottom: 0px !important;}\u00bb]\n<h2>Informaci\u00f3n sobre el producto:<\/h2>\n[\/vc_column_text][\/vc_column][vc_column width=\u00bb1\/2&#8243;][vc_column_text css=\u00bb.vc_custom_1728972215581{margin-bottom: 0px !important;}\u00bb]La gama de bater\u00edas alcalinas para boyas de Sabik se ha desarrollado para utilizarse como fuente de alimentaci\u00f3n \u00fanica para una se\u00f1al luminosa en dispositivos flotantes o fijos en el entorno marino. La bater\u00eda est\u00e1 fabricada con bater\u00edas alcalinas que contienen un 0 % de plomo o cadmio, clasificadas como respetuosas con el medio ambiente. Las bater\u00edas pueden desecharse en los puntos de recogida habituales. Certificado ambiental del fabricante disponible a pedido. La carcasa est\u00e1 fabricada en polietileno resistente a la corrosi\u00f3n. Tanto la parte superior como la inferior est\u00e1n soldadas al tubo, formando un conjunto totalmente impermeable. Las bater\u00edas se suministran con cables de conexi\u00f3n de PVC de doble aislamiento. Incluso est\u00e1n disponibles para uso sumergido.[\/vc_column_text][\/vc_column][\/vc_row][vc_row][vc_column][mk_padding_divider][\/vc_column][\/vc_row][vc_row][vc_column width=\u00bb1\/2&#8243;][vc_column_text css=\u00bb.vc_custom_1728538512684{margin-bottom: 0px !important;}\u00bb]\n<h2>Documentaci\u00f3n del producto:<\/h2>\n[\/vc_column_text][\/vc_column][vc_column width=\u00bb1\/2&#8243;][vc_column_text css=\u00bb.vc_custom_1731591291590{margin-bottom: 0px !important;}\u00bb]<a href=\"https:\/\/sabik.com\/wp-content\/uploads\/2024\/10\/sabik_marine_datasheet_batteries_2020.pdf\">Ficha t\u00e9cnica de producto de las Bater\u00edas alcalinas primarias (pdf EN)<\/a><\/p>\n<p><a href=\"https:\/\/sabik.com\/wp-content\/uploads\/2024\/10\/sabik-marine-datasheet-batteries-es-2020.pdf\">Ficha t\u00e9cnica de producto de las Bater\u00edas alcalinas primarias (pdf ES)<\/a><\/p>\n[\/vc_column_text][\/vc_column][\/vc_row][vc_row][vc_column][mk_padding_divider][\/vc_column][\/vc_row][vc_row][vc_column][mk_divider style=\u00bbthin_solid\u00bb margin_top=\u00bb40&#8243; margin_bottom=\u00bb40&#8243;][\/vc_column][\/vc_row]\n<\/div>","protected":false},"excerpt":{"rendered":"<ul>\n<li>Asa de elevaci\u00f3n<\/li>\n<li>Ojo de elevaci\u00f3n para gr\u00faas<\/li>\n<li>Funciona en el vac\u00edo<\/li>\n<li>Accesorios opcionales disponibles<\/li>\n<\/ul>\n","protected":false},"featured_media":1195,"template":"","meta":{"_improvement_type_select":"improve_an_existing","_thumb_yes_seoaic":false,"_frame_yes_seoaic":false,"seoaic_generate_description":"","seoaic_improve_instructions_prompt":"","seoaic_rollback_content_improvement":"","seoaic_idea_thumbnail_generator":"","thumbnail_generated":false,"thumbnail_generate_prompt":"","seoaic_article_description":""},"product_brand":[],"product_cat":[154],"product_tag":[],"class_list":{"0":"post-2397","1":"product","2":"type-product","3":"status-publish","4":"has-post-thumbnail","6":"product_cat-sistemas-de-alimentacion-electrica","8":"first","9":"instock","10":"shipping-taxable","11":"product-type-simple"},"yoast_head":"<!-- This site is optimized with the Yoast SEO Premium plugin v26.2 (Yoast SEO v27.4) - https:\/\/yoast.com\/product\/yoast-seo-premium-wordpress\/ -->\n<title>Bater\u00eda alcalina primaria<\/title>\n<meta name=\"description\" content=\"Las bater\u00edas alcalinas Sabik para boyas se han desarrollado para utilizarse como fuente de alimentaci\u00f3n \u00fanica para una se\u00f1al luminosa en dispositivos flotantes o fijos en el entorno marino.\" \/>\n<meta name=\"robots\" content=\"index, follow, max-snippet:-1, max-image-preview:large, max-video-preview:-1\" \/>\n<link rel=\"canonical\" href=\"http:\/\/sabik.com\/product\/alkaline-primary-battery\/\" \/>\n<meta property=\"og:locale\" content=\"es_ES\" \/>\n<meta property=\"og:type\" content=\"article\" \/>\n<meta property=\"og:title\" content=\"Bater\u00eda alcalina primaria\" \/>\n<meta property=\"og:description\" content=\"Las bater\u00edas alcalinas Sabik para boyas se han desarrollado para utilizarse como fuente de alimentaci\u00f3n \u00fanica para una se\u00f1al luminosa en dispositivos flotantes o fijos en el entorno marino.\" \/>\n<meta property=\"og:url\" content=\"http:\/\/sabik.com\/product\/alkaline-primary-battery\/\" \/>\n<meta property=\"og:site_name\" content=\"Sabik\" \/>\n<meta property=\"article:modified_time\" content=\"2025-01-20T10:16:50+00:00\" \/>\n<meta property=\"og:image\" content=\"http:\/\/sabik.com\/wp-content\/uploads\/2024\/10\/sabik-alkaline-primary-battery.jpg\" \/>\n\t<meta property=\"og:image:width\" content=\"1000\" \/>\n\t<meta property=\"og:image:height\" content=\"1000\" \/>\n\t<meta property=\"og:image:type\" content=\"image\/jpeg\" \/>\n<meta name=\"twitter:card\" content=\"summary_large_image\" \/>\n<meta name=\"twitter:label1\" content=\"Tiempo de lectura\" \/>\n\t<meta name=\"twitter:data1\" content=\"1 minuto\" \/>\n<script type=\"application\/ld+json\" class=\"yoast-schema-graph\">{\"@context\":\"https:\\\/\\\/schema.org\",\"@graph\":[{\"@type\":\"WebPage\",\"@id\":\"http:\\\/\\\/sabik.com\\\/product\\\/alkaline-primary-battery\\\/\",\"url\":\"http:\\\/\\\/sabik.com\\\/product\\\/alkaline-primary-battery\\\/\",\"name\":\"Bater\u00eda alcalina primaria\",\"isPartOf\":{\"@id\":\"https:\\\/\\\/sabik.com\\\/#website\"},\"primaryImageOfPage\":{\"@id\":\"http:\\\/\\\/sabik.com\\\/product\\\/alkaline-primary-battery\\\/#primaryimage\"},\"image\":{\"@id\":\"http:\\\/\\\/sabik.com\\\/product\\\/alkaline-primary-battery\\\/#primaryimage\"},\"thumbnailUrl\":\"https:\\\/\\\/sabik.com\\\/wp-content\\\/uploads\\\/2024\\\/10\\\/sabik-alkaline-primary-battery.jpg\",\"datePublished\":\"2024-10-03T11:09:33+00:00\",\"dateModified\":\"2025-01-20T10:16:50+00:00\",\"description\":\"Las bater\u00edas alcalinas Sabik para boyas se han desarrollado para utilizarse como fuente de alimentaci\u00f3n \u00fanica para una se\u00f1al luminosa en dispositivos flotantes o fijos en el entorno marino.\",\"breadcrumb\":{\"@id\":\"http:\\\/\\\/sabik.com\\\/product\\\/alkaline-primary-battery\\\/#breadcrumb\"},\"inLanguage\":\"es\",\"potentialAction\":[{\"@type\":\"ReadAction\",\"target\":[\"http:\\\/\\\/sabik.com\\\/product\\\/alkaline-primary-battery\\\/\"]}]},{\"@type\":\"ImageObject\",\"inLanguage\":\"es\",\"@id\":\"http:\\\/\\\/sabik.com\\\/product\\\/alkaline-primary-battery\\\/#primaryimage\",\"url\":\"https:\\\/\\\/sabik.com\\\/wp-content\\\/uploads\\\/2024\\\/10\\\/sabik-alkaline-primary-battery.jpg\",\"contentUrl\":\"https:\\\/\\\/sabik.com\\\/wp-content\\\/uploads\\\/2024\\\/10\\\/sabik-alkaline-primary-battery.jpg\",\"width\":1000,\"height\":1000,\"caption\":\"Bater\u00eda alcalina primaria Sabik\"},{\"@type\":\"BreadcrumbList\",\"@id\":\"http:\\\/\\\/sabik.com\\\/product\\\/alkaline-primary-battery\\\/#breadcrumb\",\"itemListElement\":[{\"@type\":\"ListItem\",\"position\":1,\"name\":\"Home\",\"item\":\"https:\\\/\\\/sabik.com\\\/es\\\/\"},{\"@type\":\"ListItem\",\"position\":2,\"name\":\"Productos\",\"item\":\"https:\\\/\\\/sabik.com\\\/es\\\/tienda\\\/\"},{\"@type\":\"ListItem\",\"position\":3,\"name\":\"Bater\u00eda alcalina primaria\"}]},{\"@type\":\"WebSite\",\"@id\":\"https:\\\/\\\/sabik.com\\\/#website\",\"url\":\"https:\\\/\\\/sabik.com\\\/\",\"name\":\"Sabik\",\"description\":\"Global Leader in Maritime Aids to Navigation\",\"potentialAction\":[{\"@type\":\"SearchAction\",\"target\":{\"@type\":\"EntryPoint\",\"urlTemplate\":\"https:\\\/\\\/sabik.com\\\/?s={search_term_string}\"},\"query-input\":{\"@type\":\"PropertyValueSpecification\",\"valueRequired\":true,\"valueName\":\"search_term_string\"}}],\"inLanguage\":\"es\"}]}<\/script>\n<!-- \/ Yoast SEO Premium plugin. -->","yoast_head_json":{"title":"Bater\u00eda alcalina primaria","description":"Las bater\u00edas alcalinas Sabik para boyas se han desarrollado para utilizarse como fuente de alimentaci\u00f3n \u00fanica para una se\u00f1al luminosa en dispositivos flotantes o fijos en el entorno marino.","robots":{"index":"index","follow":"follow","max-snippet":"max-snippet:-1","max-image-preview":"max-image-preview:large","max-video-preview":"max-video-preview:-1"},"canonical":"http:\/\/sabik.com\/product\/alkaline-primary-battery\/","og_locale":"es_ES","og_type":"article","og_title":"Bater\u00eda alcalina primaria","og_description":"Las bater\u00edas alcalinas Sabik para boyas se han desarrollado para utilizarse como fuente de alimentaci\u00f3n \u00fanica para una se\u00f1al luminosa en dispositivos flotantes o fijos en el entorno marino.","og_url":"http:\/\/sabik.com\/product\/alkaline-primary-battery\/","og_site_name":"Sabik","article_modified_time":"2025-01-20T10:16:50+00:00","og_image":[{"width":1000,"height":1000,"url":"http:\/\/sabik.com\/wp-content\/uploads\/2024\/10\/sabik-alkaline-primary-battery.jpg","type":"image\/jpeg"}],"twitter_card":"summary_large_image","twitter_misc":{"Tiempo de lectura":"1 minuto"},"schema":{"@context":"https:\/\/schema.org","@graph":[{"@type":"WebPage","@id":"http:\/\/sabik.com\/product\/alkaline-primary-battery\/","url":"http:\/\/sabik.com\/product\/alkaline-primary-battery\/","name":"Bater\u00eda alcalina primaria","isPartOf":{"@id":"https:\/\/sabik.com\/#website"},"primaryImageOfPage":{"@id":"http:\/\/sabik.com\/product\/alkaline-primary-battery\/#primaryimage"},"image":{"@id":"http:\/\/sabik.com\/product\/alkaline-primary-battery\/#primaryimage"},"thumbnailUrl":"https:\/\/sabik.com\/wp-content\/uploads\/2024\/10\/sabik-alkaline-primary-battery.jpg","datePublished":"2024-10-03T11:09:33+00:00","dateModified":"2025-01-20T10:16:50+00:00","description":"Las bater\u00edas alcalinas Sabik para boyas se han desarrollado para utilizarse como fuente de alimentaci\u00f3n \u00fanica para una se\u00f1al luminosa en dispositivos flotantes o fijos en el entorno marino.","breadcrumb":{"@id":"http:\/\/sabik.com\/product\/alkaline-primary-battery\/#breadcrumb"},"inLanguage":"es","potentialAction":[{"@type":"ReadAction","target":["http:\/\/sabik.com\/product\/alkaline-primary-battery\/"]}]},{"@type":"ImageObject","inLanguage":"es","@id":"http:\/\/sabik.com\/product\/alkaline-primary-battery\/#primaryimage","url":"https:\/\/sabik.com\/wp-content\/uploads\/2024\/10\/sabik-alkaline-primary-battery.jpg","contentUrl":"https:\/\/sabik.com\/wp-content\/uploads\/2024\/10\/sabik-alkaline-primary-battery.jpg","width":1000,"height":1000,"caption":"Bater\u00eda alcalina primaria Sabik"},{"@type":"BreadcrumbList","@id":"http:\/\/sabik.com\/product\/alkaline-primary-battery\/#breadcrumb","itemListElement":[{"@type":"ListItem","position":1,"name":"Home","item":"https:\/\/sabik.com\/es\/"},{"@type":"ListItem","position":2,"name":"Productos","item":"https:\/\/sabik.com\/es\/tienda\/"},{"@type":"ListItem","position":3,"name":"Bater\u00eda alcalina primaria"}]},{"@type":"WebSite","@id":"https:\/\/sabik.com\/#website","url":"https:\/\/sabik.com\/","name":"Sabik","description":"Global Leader in Maritime Aids to Navigation","potentialAction":[{"@type":"SearchAction","target":{"@type":"EntryPoint","urlTemplate":"https:\/\/sabik.com\/?s={search_term_string}"},"query-input":{"@type":"PropertyValueSpecification","valueRequired":true,"valueName":"search_term_string"}}],"inLanguage":"es"}]}},"_links":{"self":[{"href":"https:\/\/sabik.com\/es\/wp-json\/wp\/v2\/product\/2397","targetHints":{"allow":["GET"]}}],"collection":[{"href":"https:\/\/sabik.com\/es\/wp-json\/wp\/v2\/product"}],"about":[{"href":"https:\/\/sabik.com\/es\/wp-json\/wp\/v2\/types\/product"}],"wp:featuredmedia":[{"embeddable":true,"href":"https:\/\/sabik.com\/es\/wp-json\/wp\/v2\/media\/1195"}],"wp:attachment":[{"href":"https:\/\/sabik.com\/es\/wp-json\/wp\/v2\/media?parent=2397"}],"wp:term":[{"taxonomy":"product_brand","embeddable":true,"href":"https:\/\/sabik.com\/es\/wp-json\/wp\/v2\/product_brand?post=2397"},{"taxonomy":"product_cat","embeddable":true,"href":"https:\/\/sabik.com\/es\/wp-json\/wp\/v2\/product_cat?post=2397"},{"taxonomy":"product_tag","embeddable":true,"href":"https:\/\/sabik.com\/es\/wp-json\/wp\/v2\/product_tag?post=2397"}],"curies":[{"name":"wp","href":"https:\/\/api.w.org\/{rel}","templated":true}]}}