{"id":2403,"date":"2024-10-03T14:08:30","date_gmt":"2024-10-03T11:08:30","guid":{"rendered":"https:\/\/sabik.com\/product\/sistema-de-alimentacion-ininterrumpida-ups-12\/"},"modified":"2025-01-20T12:16:50","modified_gmt":"2025-01-20T10:16:50","slug":"sistema-de-alimentacion-ininterrumpida-ups-12","status":"publish","type":"product","link":"https:\/\/sabik.com\/es\/producto\/sistema-de-alimentacion-ininterrumpida-ups-12\/","title":{"rendered":"Sistema de Alimentaci\u00f3n Ininterrumpida UPS 12"},"content":{"rendered":"<div class=\"wpb-content-wrapper\">[vc_row][vc_column][mk_padding_divider][\/vc_column][\/vc_row][vc_row][vc_column width=\u00bb1\/2&#8243;][vc_column_text css=\u00bb.vc_custom_1728538507404{margin-bottom: 0px !important;}\u00bb]\n<h2>Informaci\u00f3n sobre el producto:<\/h2>\n[\/vc_column_text][\/vc_column][vc_column width=\u00bb1\/2&#8243;][vc_column_text css=\u00bb.vc_custom_1728987078852{margin-bottom: 0px !important;}\u00bb]Un sistema de alimentaci\u00f3n ininterrumpida (UPS), instalado junto a las bater\u00edas de plomo (de gel, AGM o ventiladas), proporciona un respaldo fiable para las linternas en caso de fallo de la red el\u00e9ctrica. La UPS est\u00e1 alojada en una resistente carcasa de policarbonato que garantiza su protecci\u00f3n y durabilidad[\/vc_column_text][\/vc_column][\/vc_row][vc_row][vc_column][mk_padding_divider][\/vc_column][\/vc_row][vc_row][vc_column width=\u00bb1\/2&#8243;][vc_column_text css=\u00bb.vc_custom_1728538512684{margin-bottom: 0px !important;}\u00bb]\n<h2>Documentaci\u00f3n del producto:<\/h2>\n[\/vc_column_text][\/vc_column][vc_column width=\u00bb1\/2&#8243;][vc_column_text css=\u00bb.vc_custom_1731592058053{margin-bottom: 0px !important;}\u00bb]<a href=\"https:\/\/sabik.com\/wp-content\/uploads\/2024\/10\/sabik_marine_datasheet_ups_12_2020.pdf\">Ficha t\u00e9cnica del Sistema de alimentaci\u00f3n ininterrumpida (pdf EN)<\/a><\/p>\n<p><a href=\"https:\/\/sabik.com\/wp-content\/uploads\/2024\/10\/sabik_marine_spain_datasheet_ups_12_2020.pdf\">Ficha t\u00e9cnica del Sistema de alimentaci\u00f3n ininterrumpida (pdf ES)<\/a><\/p>\n[\/vc_column_text][\/vc_column][\/vc_row][vc_row][vc_column][mk_padding_divider][\/vc_column][\/vc_row][vc_row][vc_column][mk_divider style=\u00bbthin_solid\u00bb margin_top=\u00bb40&#8243; margin_bottom=\u00bb40&#8243;][\/vc_column][\/vc_row]\n<\/div>","protected":false},"excerpt":{"rendered":"<ul>\n<li>Carcasa equipada con un sofisticado cargador de bater\u00edas<\/li>\n<li>Adecuado para bater\u00edas de 25-150 Ah<\/li>\n<li>Tensi\u00f3n de entrada 180-250 VCA<\/li>\n<li>Tensi\u00f3n de salida 12 VCC (opcionalmente 24VCC)<\/li>\n<li>Equipado con protecci\u00f3n contra corriente y sobretensi\u00f3n<\/li>\n<li>Carcasa apta para uso interiores y exteriores<\/li>\n<\/ul>\n","protected":false},"featured_media":1427,"template":"","meta":{"_improvement_type_select":"improve_an_existing","_thumb_yes_seoaic":false,"_frame_yes_seoaic":false,"seoaic_generate_description":"","seoaic_improve_instructions_prompt":"","seoaic_rollback_content_improvement":"","seoaic_idea_thumbnail_generator":"","thumbnail_generated":false,"thumbnail_generate_prompt":"","seoaic_article_description":""},"product_brand":[],"product_cat":[154],"product_tag":[],"class_list":{"0":"post-2403","1":"product","2":"type-product","3":"status-publish","4":"has-post-thumbnail","6":"product_cat-sistemas-de-alimentacion-electrica","8":"first","9":"instock","10":"shipping-taxable","11":"product-type-simple"},"yoast_head":"<!-- This site is optimized with the Yoast SEO Premium plugin v26.2 (Yoast SEO v27.4) - https:\/\/yoast.com\/product\/yoast-seo-premium-wordpress\/ -->\n<title>Sistema de alimentaci\u00f3n ininterrumpida UPS 12 | Sabik<\/title>\n<meta name=\"description\" content=\"Un sistema de alimentaci\u00f3n ininterrumpida (UPS 12), instalado junto a bater\u00edas de plomo (de gel, AGM o ventiladas), proporciona un respaldo fiable para las linternas en caso de fallo de la alimentaci\u00f3n principal.\" \/>\n<meta name=\"robots\" content=\"index, follow, max-snippet:-1, max-image-preview:large, max-video-preview:-1\" \/>\n<link rel=\"canonical\" href=\"https:\/\/sabik.com\/es\/producto\/sistema-de-alimentacion-ininterrumpida-ups-12\/\" \/>\n<meta property=\"og:locale\" content=\"es_ES\" \/>\n<meta property=\"og:type\" content=\"article\" \/>\n<meta property=\"og:title\" content=\"Sistema de Alimentaci\u00f3n Ininterrumpida UPS 12\" \/>\n<meta property=\"og:description\" content=\"Un sistema de alimentaci\u00f3n ininterrumpida (UPS 12), instalado junto a bater\u00edas de plomo (de gel, AGM o ventiladas), proporciona un respaldo fiable para las linternas en caso de fallo de la alimentaci\u00f3n principal.\" \/>\n<meta property=\"og:url\" content=\"https:\/\/sabik.com\/es\/producto\/sistema-de-alimentacion-ininterrumpida-ups-12\/\" \/>\n<meta property=\"og:site_name\" content=\"Sabik\" \/>\n<meta property=\"article:modified_time\" content=\"2025-01-20T10:16:50+00:00\" \/>\n<meta property=\"og:image\" content=\"https:\/\/sabik.com\/wp-content\/uploads\/2024\/10\/ups12.jpg\" \/>\n\t<meta property=\"og:image:width\" content=\"1000\" \/>\n\t<meta property=\"og:image:height\" content=\"1000\" \/>\n\t<meta property=\"og:image:type\" content=\"image\/jpeg\" \/>\n<meta name=\"twitter:card\" content=\"summary_large_image\" \/>\n<meta name=\"twitter:label1\" content=\"Tiempo de lectura\" \/>\n\t<meta name=\"twitter:data1\" content=\"1 minuto\" \/>\n<script type=\"application\/ld+json\" class=\"yoast-schema-graph\">{\"@context\":\"https:\\\/\\\/schema.org\",\"@graph\":[{\"@type\":\"WebPage\",\"@id\":\"https:\\\/\\\/sabik.com\\\/es\\\/producto\\\/sistema-de-alimentacion-ininterrumpida-ups-12\\\/\",\"url\":\"https:\\\/\\\/sabik.com\\\/es\\\/producto\\\/sistema-de-alimentacion-ininterrumpida-ups-12\\\/\",\"name\":\"Sistema de alimentaci\u00f3n ininterrumpida UPS 12 | Sabik\",\"isPartOf\":{\"@id\":\"https:\\\/\\\/sabik.com\\\/#website\"},\"primaryImageOfPage\":{\"@id\":\"https:\\\/\\\/sabik.com\\\/es\\\/producto\\\/sistema-de-alimentacion-ininterrumpida-ups-12\\\/#primaryimage\"},\"image\":{\"@id\":\"https:\\\/\\\/sabik.com\\\/es\\\/producto\\\/sistema-de-alimentacion-ininterrumpida-ups-12\\\/#primaryimage\"},\"thumbnailUrl\":\"https:\\\/\\\/sabik.com\\\/wp-content\\\/uploads\\\/2024\\\/10\\\/ups12.jpg\",\"datePublished\":\"2024-10-03T11:08:30+00:00\",\"dateModified\":\"2025-01-20T10:16:50+00:00\",\"description\":\"Un sistema de alimentaci\u00f3n ininterrumpida (UPS 12), instalado junto a bater\u00edas de plomo (de gel, AGM o ventiladas), proporciona un respaldo fiable para las linternas en caso de fallo de la alimentaci\u00f3n principal.\",\"breadcrumb\":{\"@id\":\"https:\\\/\\\/sabik.com\\\/es\\\/producto\\\/sistema-de-alimentacion-ininterrumpida-ups-12\\\/#breadcrumb\"},\"inLanguage\":\"es\",\"potentialAction\":[{\"@type\":\"ReadAction\",\"target\":[\"https:\\\/\\\/sabik.com\\\/es\\\/producto\\\/sistema-de-alimentacion-ininterrumpida-ups-12\\\/\"]}]},{\"@type\":\"ImageObject\",\"inLanguage\":\"es\",\"@id\":\"https:\\\/\\\/sabik.com\\\/es\\\/producto\\\/sistema-de-alimentacion-ininterrumpida-ups-12\\\/#primaryimage\",\"url\":\"https:\\\/\\\/sabik.com\\\/wp-content\\\/uploads\\\/2024\\\/10\\\/ups12.jpg\",\"contentUrl\":\"https:\\\/\\\/sabik.com\\\/wp-content\\\/uploads\\\/2024\\\/10\\\/ups12.jpg\",\"width\":1000,\"height\":1000,\"caption\":\"UPS 12 - Sistema de alimentaci\u00f3n ininterrumpida\"},{\"@type\":\"BreadcrumbList\",\"@id\":\"https:\\\/\\\/sabik.com\\\/es\\\/producto\\\/sistema-de-alimentacion-ininterrumpida-ups-12\\\/#breadcrumb\",\"itemListElement\":[{\"@type\":\"ListItem\",\"position\":1,\"name\":\"Home\",\"item\":\"https:\\\/\\\/sabik.com\\\/es\\\/\"},{\"@type\":\"ListItem\",\"position\":2,\"name\":\"Productos\",\"item\":\"https:\\\/\\\/sabik.com\\\/es\\\/tienda\\\/\"},{\"@type\":\"ListItem\",\"position\":3,\"name\":\"Sistema de Alimentaci\u00f3n Ininterrumpida UPS 12\"}]},{\"@type\":\"WebSite\",\"@id\":\"https:\\\/\\\/sabik.com\\\/#website\",\"url\":\"https:\\\/\\\/sabik.com\\\/\",\"name\":\"Sabik\",\"description\":\"Global Leader in Maritime Aids to Navigation\",\"potentialAction\":[{\"@type\":\"SearchAction\",\"target\":{\"@type\":\"EntryPoint\",\"urlTemplate\":\"https:\\\/\\\/sabik.com\\\/?s={search_term_string}\"},\"query-input\":{\"@type\":\"PropertyValueSpecification\",\"valueRequired\":true,\"valueName\":\"search_term_string\"}}],\"inLanguage\":\"es\"}]}<\/script>\n<!-- \/ Yoast SEO Premium plugin. -->","yoast_head_json":{"title":"Sistema de alimentaci\u00f3n ininterrumpida UPS 12 | Sabik","description":"Un sistema de alimentaci\u00f3n ininterrumpida (UPS 12), instalado junto a bater\u00edas de plomo (de gel, AGM o ventiladas), proporciona un respaldo fiable para las linternas en caso de fallo de la alimentaci\u00f3n principal.","robots":{"index":"index","follow":"follow","max-snippet":"max-snippet:-1","max-image-preview":"max-image-preview:large","max-video-preview":"max-video-preview:-1"},"canonical":"https:\/\/sabik.com\/es\/producto\/sistema-de-alimentacion-ininterrumpida-ups-12\/","og_locale":"es_ES","og_type":"article","og_title":"Sistema de Alimentaci\u00f3n Ininterrumpida UPS 12","og_description":"Un sistema de alimentaci\u00f3n ininterrumpida (UPS 12), instalado junto a bater\u00edas de plomo (de gel, AGM o ventiladas), proporciona un respaldo fiable para las linternas en caso de fallo de la alimentaci\u00f3n principal.","og_url":"https:\/\/sabik.com\/es\/producto\/sistema-de-alimentacion-ininterrumpida-ups-12\/","og_site_name":"Sabik","article_modified_time":"2025-01-20T10:16:50+00:00","og_image":[{"width":1000,"height":1000,"url":"https:\/\/sabik.com\/wp-content\/uploads\/2024\/10\/ups12.jpg","type":"image\/jpeg"}],"twitter_card":"summary_large_image","twitter_misc":{"Tiempo de lectura":"1 minuto"},"schema":{"@context":"https:\/\/schema.org","@graph":[{"@type":"WebPage","@id":"https:\/\/sabik.com\/es\/producto\/sistema-de-alimentacion-ininterrumpida-ups-12\/","url":"https:\/\/sabik.com\/es\/producto\/sistema-de-alimentacion-ininterrumpida-ups-12\/","name":"Sistema de alimentaci\u00f3n ininterrumpida UPS 12 | Sabik","isPartOf":{"@id":"https:\/\/sabik.com\/#website"},"primaryImageOfPage":{"@id":"https:\/\/sabik.com\/es\/producto\/sistema-de-alimentacion-ininterrumpida-ups-12\/#primaryimage"},"image":{"@id":"https:\/\/sabik.com\/es\/producto\/sistema-de-alimentacion-ininterrumpida-ups-12\/#primaryimage"},"thumbnailUrl":"https:\/\/sabik.com\/wp-content\/uploads\/2024\/10\/ups12.jpg","datePublished":"2024-10-03T11:08:30+00:00","dateModified":"2025-01-20T10:16:50+00:00","description":"Un sistema de alimentaci\u00f3n ininterrumpida (UPS 12), instalado junto a bater\u00edas de plomo (de gel, AGM o ventiladas), proporciona un respaldo fiable para las linternas en caso de fallo de la alimentaci\u00f3n principal.","breadcrumb":{"@id":"https:\/\/sabik.com\/es\/producto\/sistema-de-alimentacion-ininterrumpida-ups-12\/#breadcrumb"},"inLanguage":"es","potentialAction":[{"@type":"ReadAction","target":["https:\/\/sabik.com\/es\/producto\/sistema-de-alimentacion-ininterrumpida-ups-12\/"]}]},{"@type":"ImageObject","inLanguage":"es","@id":"https:\/\/sabik.com\/es\/producto\/sistema-de-alimentacion-ininterrumpida-ups-12\/#primaryimage","url":"https:\/\/sabik.com\/wp-content\/uploads\/2024\/10\/ups12.jpg","contentUrl":"https:\/\/sabik.com\/wp-content\/uploads\/2024\/10\/ups12.jpg","width":1000,"height":1000,"caption":"UPS 12 - Sistema de alimentaci\u00f3n ininterrumpida"},{"@type":"BreadcrumbList","@id":"https:\/\/sabik.com\/es\/producto\/sistema-de-alimentacion-ininterrumpida-ups-12\/#breadcrumb","itemListElement":[{"@type":"ListItem","position":1,"name":"Home","item":"https:\/\/sabik.com\/es\/"},{"@type":"ListItem","position":2,"name":"Productos","item":"https:\/\/sabik.com\/es\/tienda\/"},{"@type":"ListItem","position":3,"name":"Sistema de Alimentaci\u00f3n Ininterrumpida UPS 12"}]},{"@type":"WebSite","@id":"https:\/\/sabik.com\/#website","url":"https:\/\/sabik.com\/","name":"Sabik","description":"Global Leader in Maritime Aids to Navigation","potentialAction":[{"@type":"SearchAction","target":{"@type":"EntryPoint","urlTemplate":"https:\/\/sabik.com\/?s={search_term_string}"},"query-input":{"@type":"PropertyValueSpecification","valueRequired":true,"valueName":"search_term_string"}}],"inLanguage":"es"}]}},"_links":{"self":[{"href":"https:\/\/sabik.com\/es\/wp-json\/wp\/v2\/product\/2403","targetHints":{"allow":["GET"]}}],"collection":[{"href":"https:\/\/sabik.com\/es\/wp-json\/wp\/v2\/product"}],"about":[{"href":"https:\/\/sabik.com\/es\/wp-json\/wp\/v2\/types\/product"}],"wp:featuredmedia":[{"embeddable":true,"href":"https:\/\/sabik.com\/es\/wp-json\/wp\/v2\/media\/1427"}],"wp:attachment":[{"href":"https:\/\/sabik.com\/es\/wp-json\/wp\/v2\/media?parent=2403"}],"wp:term":[{"taxonomy":"product_brand","embeddable":true,"href":"https:\/\/sabik.com\/es\/wp-json\/wp\/v2\/product_brand?post=2403"},{"taxonomy":"product_cat","embeddable":true,"href":"https:\/\/sabik.com\/es\/wp-json\/wp\/v2\/product_cat?post=2403"},{"taxonomy":"product_tag","embeddable":true,"href":"https:\/\/sabik.com\/es\/wp-json\/wp\/v2\/product_tag?post=2403"}],"curies":[{"name":"wp","href":"https:\/\/api.w.org\/{rel}","templated":true}]}}