{"id":2406,"date":"2024-10-03T14:05:16","date_gmt":"2024-10-03T11:05:16","guid":{"rendered":"https:\/\/sabik.com\/product\/proyector-de-luz-sectorial-de-largo-alcance-pel-7\/"},"modified":"2025-01-20T12:16:50","modified_gmt":"2025-01-20T10:16:50","slug":"proyector-de-luz-sectorial-de-largo-alcance-pel-7","status":"publish","type":"product","link":"https:\/\/sabik.com\/es\/producto\/proyector-de-luz-sectorial-de-largo-alcance-pel-7\/","title":{"rendered":"Proyector de luz sectorial de largo alcance PEL-7"},"content":{"rendered":"<div class=\"wpb-content-wrapper\">[vc_row][vc_column][mk_padding_divider][\/vc_column][\/vc_row][vc_row][vc_column width=\u00bb1\/2&#8243;][vc_column_text css=\u00bb.vc_custom_1728538507404{margin-bottom: 0px !important;}\u00bb]\n<h2>Informaci\u00f3n sobre el producto:<\/h2>\n[\/vc_column_text][\/vc_column][vc_column width=\u00bb1\/2&#8243;][vc_column_text css=\u00bb.vc_custom_1728982588906{margin-bottom: 0px !important;}\u00bb]El PEL-7 es un proyector sectorial de largo alcance de alta precisi\u00f3n dise\u00f1ado para uso diurno y nocturno. Equipado con una nueva fuente de luz LED de alta potencia, el PEL-7 representa la \u00faltima evoluci\u00f3n de la legendaria familia de productos PEL de Sabik. Sus LED de larga duraci\u00f3n minimizan las necesidades de mantenimiento, mientras que su alineaci\u00f3n de sectores y l\u00edmites excepcionalmente precisos garantizan una navegaci\u00f3n exacta. El l\u00edmite oscilante anal\u00f3gico mejora el conocimiento de la posici\u00f3n cuando un buque se desv\u00eda de su rumbo \u00f3ptimo. Adem\u00e1s, la amplia divergencia vertical reduce la necesidad de torres de instalaci\u00f3n altas, lo que disminuye los costos totales de instalaci\u00f3n.[\/vc_column_text][\/vc_column][\/vc_row][vc_row][vc_column][mk_padding_divider][\/vc_column][\/vc_row][vc_row][vc_column width=\u00bb1\/2&#8243;][vc_column_text css=\u00bb.vc_custom_1728538512684{margin-bottom: 0px !important;}\u00bb]\n<h2>Documentaci\u00f3n del producto:<\/h2>\n[\/vc_column_text][\/vc_column][vc_column width=\u00bb1\/2&#8243;][vc_column_text css=\u00bb.vc_custom_1731589357095{margin-bottom: 0px !important;}\u00bb]<a href=\"https:\/\/sabik.com\/wp-content\/uploads\/2024\/10\/sabik_marine_datasheet_pel-7_2020.pdf\">Ficha t\u00e9cnica del PEL-7 (pdf EN)<\/a><\/p>\n<p><a href=\"https:\/\/sabik.com\/wp-content\/uploads\/2024\/10\/sabik_marine_datasheet_pel-7_2020_es.pdf\">Ficha t\u00e9cnica del PEL-7 (pdf ES)<\/a><\/p>\n<p><a href=\"https:\/\/sabik.com\/manuals\/Sabik_PEL-7_Product_Manual.pdf\" target=\"_blank\" rel=\"noopener\">Manual de producto del PEL-7 (pdf EN)<\/a>[\/vc_column_text][\/vc_column][\/vc_row][vc_row][vc_column][mk_padding_divider][\/vc_column][\/vc_row][vc_row][vc_column][mk_divider style=\u00bbthin_solid\u00bb margin_top=\u00bb40&#8243; margin_bottom=\u00bb40&#8243;][\/vc_column][\/vc_row]\n<\/div>","protected":false},"excerpt":{"rendered":"<p><img loading=\"lazy\" decoding=\"async\" class=\"alignnone size-full wp-image-253\" src=\"https:\/\/sabik.com\/wp-content\/uploads\/2024\/10\/ir_programmer_text.png\" alt=\"Programador IR\" width=\"75\" height=\"100\" srcset=\"https:\/\/sabik.com\/wp-content\/uploads\/2024\/10\/ir_programmer_text.png 300w, https:\/\/sabik.com\/wp-content\/uploads\/2024\/10\/ir_programmer_text-225x300.png 225w\" sizes=\"auto, (max-width: 75px) 100vw, 75px\" \/><img loading=\"lazy\" decoding=\"async\" class=\"alignnone size-full wp-image-251\" src=\"https:\/\/sabik.com\/wp-content\/uploads\/2024\/10\/cellular_text.png\" alt=\"por celular\" width=\"75\" height=\"100\" srcset=\"https:\/\/sabik.com\/wp-content\/uploads\/2024\/10\/cellular_text.png 300w, https:\/\/sabik.com\/wp-content\/uploads\/2024\/10\/cellular_text-225x300.png 225w\" sizes=\"auto, (max-width: 75px) 100vw, 75px\" \/><\/p>\n<ul>\n<li>La luz sectorial m\u00e1s precisa disponible<\/li>\n<li>Conocimiento preciso de la posici\u00f3n con l\u00edmite oscilante<\/li>\n<li>Reemplazo directo del PEL-6<\/li>\n<li>Fuente de luz LED modular que no requiere mantenimiento<\/li>\n<li>Hasta 7 sectores con l\u00edmite oscilante<\/li>\n<li>Amplia divergencia vertical<\/li>\n<li>Detecci\u00f3n y conmutaci\u00f3n autom\u00e1tica d\u00eda\/noche<\/li>\n<\/ul>\n","protected":false},"featured_media":1329,"template":"","meta":{"_improvement_type_select":"improve_an_existing","_thumb_yes_seoaic":false,"_frame_yes_seoaic":false,"seoaic_generate_description":"","seoaic_improve_instructions_prompt":"","seoaic_rollback_content_improvement":"","seoaic_idea_thumbnail_generator":"","thumbnail_generated":false,"thumbnail_generate_prompt":"","seoaic_article_description":""},"product_brand":[],"product_cat":[153],"product_tag":[],"class_list":{"0":"post-2406","1":"product","2":"type-product","3":"status-publish","4":"has-post-thumbnail","6":"product_cat-direccional","8":"first","9":"instock","10":"featured","11":"shipping-taxable","12":"product-type-simple"},"yoast_head":"<!-- This site is optimized with the Yoast SEO Premium plugin v26.2 (Yoast SEO v27.3) - https:\/\/yoast.com\/product\/yoast-seo-premium-wordpress\/ -->\n<title>PEL-7 | Sabik<\/title>\n<meta name=\"description\" content=\"El PEL-7 es un proyector sectorial de largo alcance de alta precisi\u00f3n dise\u00f1ado para uso diurno y nocturno. Equipada con una nueva fuente de luz LED de alta potencia.\" \/>\n<meta name=\"robots\" content=\"index, follow, max-snippet:-1, max-image-preview:large, max-video-preview:-1\" \/>\n<link rel=\"canonical\" href=\"https:\/\/sabik.com\/es\/producto\/proyector-de-luz-sectorial-de-largo-alcance-pel-7\/\" \/>\n<meta property=\"og:locale\" content=\"es_ES\" \/>\n<meta property=\"og:type\" content=\"article\" \/>\n<meta property=\"og:title\" content=\"Proyector de luz sectorial de largo alcance PEL-7\" \/>\n<meta property=\"og:description\" content=\"El PEL-7 es un proyector sectorial de largo alcance de alta precisi\u00f3n dise\u00f1ado para uso diurno y nocturno. Equipada con una nueva fuente de luz LED de alta potencia.\" \/>\n<meta property=\"og:url\" content=\"https:\/\/sabik.com\/es\/producto\/proyector-de-luz-sectorial-de-largo-alcance-pel-7\/\" \/>\n<meta property=\"og:site_name\" content=\"Sabik\" \/>\n<meta property=\"article:modified_time\" content=\"2025-01-20T10:16:50+00:00\" \/>\n<meta property=\"og:image\" content=\"https:\/\/sabik.com\/wp-content\/uploads\/2024\/10\/pel-7.jpg\" \/>\n\t<meta property=\"og:image:width\" content=\"1000\" \/>\n\t<meta property=\"og:image:height\" content=\"1000\" \/>\n\t<meta property=\"og:image:type\" content=\"image\/jpeg\" \/>\n<meta name=\"twitter:card\" content=\"summary_large_image\" \/>\n<meta name=\"twitter:label1\" content=\"Tiempo de lectura\" \/>\n\t<meta name=\"twitter:data1\" content=\"1 minuto\" \/>\n<script type=\"application\/ld+json\" class=\"yoast-schema-graph\">{\"@context\":\"https:\\\/\\\/schema.org\",\"@graph\":[{\"@type\":\"WebPage\",\"@id\":\"https:\\\/\\\/sabik.com\\\/es\\\/producto\\\/proyector-de-luz-sectorial-de-largo-alcance-pel-7\\\/\",\"url\":\"https:\\\/\\\/sabik.com\\\/es\\\/producto\\\/proyector-de-luz-sectorial-de-largo-alcance-pel-7\\\/\",\"name\":\"PEL-7 | Sabik\",\"isPartOf\":{\"@id\":\"https:\\\/\\\/sabik.com\\\/#website\"},\"primaryImageOfPage\":{\"@id\":\"https:\\\/\\\/sabik.com\\\/es\\\/producto\\\/proyector-de-luz-sectorial-de-largo-alcance-pel-7\\\/#primaryimage\"},\"image\":{\"@id\":\"https:\\\/\\\/sabik.com\\\/es\\\/producto\\\/proyector-de-luz-sectorial-de-largo-alcance-pel-7\\\/#primaryimage\"},\"thumbnailUrl\":\"https:\\\/\\\/sabik.com\\\/wp-content\\\/uploads\\\/2024\\\/10\\\/pel-7.jpg\",\"datePublished\":\"2024-10-03T11:05:16+00:00\",\"dateModified\":\"2025-01-20T10:16:50+00:00\",\"description\":\"El PEL-7 es un proyector sectorial de largo alcance de alta precisi\u00f3n dise\u00f1ado para uso diurno y nocturno. Equipada con una nueva fuente de luz LED de alta potencia.\",\"breadcrumb\":{\"@id\":\"https:\\\/\\\/sabik.com\\\/es\\\/producto\\\/proyector-de-luz-sectorial-de-largo-alcance-pel-7\\\/#breadcrumb\"},\"inLanguage\":\"es\",\"potentialAction\":[{\"@type\":\"ReadAction\",\"target\":[\"https:\\\/\\\/sabik.com\\\/es\\\/producto\\\/proyector-de-luz-sectorial-de-largo-alcance-pel-7\\\/\"]}]},{\"@type\":\"ImageObject\",\"inLanguage\":\"es\",\"@id\":\"https:\\\/\\\/sabik.com\\\/es\\\/producto\\\/proyector-de-luz-sectorial-de-largo-alcance-pel-7\\\/#primaryimage\",\"url\":\"https:\\\/\\\/sabik.com\\\/wp-content\\\/uploads\\\/2024\\\/10\\\/pel-7.jpg\",\"contentUrl\":\"https:\\\/\\\/sabik.com\\\/wp-content\\\/uploads\\\/2024\\\/10\\\/pel-7.jpg\",\"width\":1000,\"height\":1000,\"caption\":\"Sabik PEL-7 Long-Range Projector Sector Light\"},{\"@type\":\"BreadcrumbList\",\"@id\":\"https:\\\/\\\/sabik.com\\\/es\\\/producto\\\/proyector-de-luz-sectorial-de-largo-alcance-pel-7\\\/#breadcrumb\",\"itemListElement\":[{\"@type\":\"ListItem\",\"position\":1,\"name\":\"Home\",\"item\":\"https:\\\/\\\/sabik.com\\\/es\\\/\"},{\"@type\":\"ListItem\",\"position\":2,\"name\":\"Productos\",\"item\":\"https:\\\/\\\/sabik.com\\\/es\\\/tienda\\\/\"},{\"@type\":\"ListItem\",\"position\":3,\"name\":\"Proyector de luz sectorial de largo alcance PEL-7\"}]},{\"@type\":\"WebSite\",\"@id\":\"https:\\\/\\\/sabik.com\\\/#website\",\"url\":\"https:\\\/\\\/sabik.com\\\/\",\"name\":\"Sabik\",\"description\":\"Global Leader in Maritime Aids to Navigation\",\"potentialAction\":[{\"@type\":\"SearchAction\",\"target\":{\"@type\":\"EntryPoint\",\"urlTemplate\":\"https:\\\/\\\/sabik.com\\\/?s={search_term_string}\"},\"query-input\":{\"@type\":\"PropertyValueSpecification\",\"valueRequired\":true,\"valueName\":\"search_term_string\"}}],\"inLanguage\":\"es\"}]}<\/script>\n<!-- \/ Yoast SEO Premium plugin. -->","yoast_head_json":{"title":"PEL-7 | Sabik","description":"El PEL-7 es un proyector sectorial de largo alcance de alta precisi\u00f3n dise\u00f1ado para uso diurno y nocturno. Equipada con una nueva fuente de luz LED de alta potencia.","robots":{"index":"index","follow":"follow","max-snippet":"max-snippet:-1","max-image-preview":"max-image-preview:large","max-video-preview":"max-video-preview:-1"},"canonical":"https:\/\/sabik.com\/es\/producto\/proyector-de-luz-sectorial-de-largo-alcance-pel-7\/","og_locale":"es_ES","og_type":"article","og_title":"Proyector de luz sectorial de largo alcance PEL-7","og_description":"El PEL-7 es un proyector sectorial de largo alcance de alta precisi\u00f3n dise\u00f1ado para uso diurno y nocturno. Equipada con una nueva fuente de luz LED de alta potencia.","og_url":"https:\/\/sabik.com\/es\/producto\/proyector-de-luz-sectorial-de-largo-alcance-pel-7\/","og_site_name":"Sabik","article_modified_time":"2025-01-20T10:16:50+00:00","og_image":[{"width":1000,"height":1000,"url":"https:\/\/sabik.com\/wp-content\/uploads\/2024\/10\/pel-7.jpg","type":"image\/jpeg"}],"twitter_card":"summary_large_image","twitter_misc":{"Tiempo de lectura":"1 minuto"},"schema":{"@context":"https:\/\/schema.org","@graph":[{"@type":"WebPage","@id":"https:\/\/sabik.com\/es\/producto\/proyector-de-luz-sectorial-de-largo-alcance-pel-7\/","url":"https:\/\/sabik.com\/es\/producto\/proyector-de-luz-sectorial-de-largo-alcance-pel-7\/","name":"PEL-7 | Sabik","isPartOf":{"@id":"https:\/\/sabik.com\/#website"},"primaryImageOfPage":{"@id":"https:\/\/sabik.com\/es\/producto\/proyector-de-luz-sectorial-de-largo-alcance-pel-7\/#primaryimage"},"image":{"@id":"https:\/\/sabik.com\/es\/producto\/proyector-de-luz-sectorial-de-largo-alcance-pel-7\/#primaryimage"},"thumbnailUrl":"https:\/\/sabik.com\/wp-content\/uploads\/2024\/10\/pel-7.jpg","datePublished":"2024-10-03T11:05:16+00:00","dateModified":"2025-01-20T10:16:50+00:00","description":"El PEL-7 es un proyector sectorial de largo alcance de alta precisi\u00f3n dise\u00f1ado para uso diurno y nocturno. Equipada con una nueva fuente de luz LED de alta potencia.","breadcrumb":{"@id":"https:\/\/sabik.com\/es\/producto\/proyector-de-luz-sectorial-de-largo-alcance-pel-7\/#breadcrumb"},"inLanguage":"es","potentialAction":[{"@type":"ReadAction","target":["https:\/\/sabik.com\/es\/producto\/proyector-de-luz-sectorial-de-largo-alcance-pel-7\/"]}]},{"@type":"ImageObject","inLanguage":"es","@id":"https:\/\/sabik.com\/es\/producto\/proyector-de-luz-sectorial-de-largo-alcance-pel-7\/#primaryimage","url":"https:\/\/sabik.com\/wp-content\/uploads\/2024\/10\/pel-7.jpg","contentUrl":"https:\/\/sabik.com\/wp-content\/uploads\/2024\/10\/pel-7.jpg","width":1000,"height":1000,"caption":"Sabik PEL-7 Long-Range Projector Sector Light"},{"@type":"BreadcrumbList","@id":"https:\/\/sabik.com\/es\/producto\/proyector-de-luz-sectorial-de-largo-alcance-pel-7\/#breadcrumb","itemListElement":[{"@type":"ListItem","position":1,"name":"Home","item":"https:\/\/sabik.com\/es\/"},{"@type":"ListItem","position":2,"name":"Productos","item":"https:\/\/sabik.com\/es\/tienda\/"},{"@type":"ListItem","position":3,"name":"Proyector de luz sectorial de largo alcance PEL-7"}]},{"@type":"WebSite","@id":"https:\/\/sabik.com\/#website","url":"https:\/\/sabik.com\/","name":"Sabik","description":"Global Leader in Maritime Aids to Navigation","potentialAction":[{"@type":"SearchAction","target":{"@type":"EntryPoint","urlTemplate":"https:\/\/sabik.com\/?s={search_term_string}"},"query-input":{"@type":"PropertyValueSpecification","valueRequired":true,"valueName":"search_term_string"}}],"inLanguage":"es"}]}},"_links":{"self":[{"href":"https:\/\/sabik.com\/es\/wp-json\/wp\/v2\/product\/2406","targetHints":{"allow":["GET"]}}],"collection":[{"href":"https:\/\/sabik.com\/es\/wp-json\/wp\/v2\/product"}],"about":[{"href":"https:\/\/sabik.com\/es\/wp-json\/wp\/v2\/types\/product"}],"wp:featuredmedia":[{"embeddable":true,"href":"https:\/\/sabik.com\/es\/wp-json\/wp\/v2\/media\/1329"}],"wp:attachment":[{"href":"https:\/\/sabik.com\/es\/wp-json\/wp\/v2\/media?parent=2406"}],"wp:term":[{"taxonomy":"product_brand","embeddable":true,"href":"https:\/\/sabik.com\/es\/wp-json\/wp\/v2\/product_brand?post=2406"},{"taxonomy":"product_cat","embeddable":true,"href":"https:\/\/sabik.com\/es\/wp-json\/wp\/v2\/product_cat?post=2406"},{"taxonomy":"product_tag","embeddable":true,"href":"https:\/\/sabik.com\/es\/wp-json\/wp\/v2\/product_tag?post=2406"}],"curies":[{"name":"wp","href":"https:\/\/api.w.org\/{rel}","templated":true}]}}