{"id":2409,"date":"2024-10-03T12:52:28","date_gmt":"2024-10-03T09:52:28","guid":{"rendered":"https:\/\/sabik.com\/product\/sector-ligero-de-medio-alcance-pel-4\/"},"modified":"2025-01-20T12:16:51","modified_gmt":"2025-01-20T10:16:51","slug":"sector-ligero-de-medio-alcance-pel-4","status":"publish","type":"product","link":"https:\/\/sabik.com\/es\/producto\/sector-ligero-de-medio-alcance-pel-4\/","title":{"rendered":"Sector ligero de medio alcance PEL-4"},"content":{"rendered":"<div class=\"wpb-content-wrapper\">[vc_row][vc_column][mk_padding_divider][\/vc_column][\/vc_row][vc_row][vc_column width=\u00bb1\/2&#8243;][vc_column_text css=\u00bb.vc_custom_1728538507404{margin-bottom: 0px !important;}\u00bb]\n<h2>Informaci\u00f3n sobre el producto:<\/h2>\n[\/vc_column_text][\/vc_column][vc_column width=\u00bb1\/2&#8243;][vc_column_text css=\u00bb.vc_custom_1728982326357{margin-bottom: 0px !important;}\u00bb]Disponible con divergencias horizontales de 3,5\u00b0, 5\u00b0, 10\u00b0 y 20\u00b0, el PEL-4 es una ayuda a la navegaci\u00f3n de gran precisi\u00f3n. Al navegar por aguas peligrosas, el PEL-4 proporciona informaci\u00f3n visual clara, indicando si se encuentra dentro o fuera de un sector. Cuando se combina con un l\u00edmite oscilante, tambi\u00e9n se\u00f1ala tu posici\u00f3n exacta dentro del sector. Con tecnolog\u00eda LED de bajo consumo, la PEL-4 es lo suficientemente luminosa para su uso diurno y nocturno. Su dise\u00f1o libre de mantenimiento y su compatibilidad con la energ\u00eda solar eliminan la necesidad de costosas visitas para volver a iluminar.[\/vc_column_text][\/vc_column][\/vc_row][vc_row][vc_column][mk_padding_divider][\/vc_column][\/vc_row][vc_row][vc_column width=\u00bb1\/2&#8243;][vc_column_text css=\u00bb.vc_custom_1728538512684{margin-bottom: 0px !important;}\u00bb]\n<h2>Documentaci\u00f3n del producto:<\/h2>\n[\/vc_column_text][\/vc_column][vc_column width=\u00bb1\/2&#8243;][vc_column_text css=\u00bb.vc_custom_1731912901220{margin-bottom: 0px !important;}\u00bb]<a href=\"https:\/\/sabik.com\/wp-content\/uploads\/2024\/10\/sabik_marine_datasheet_pel-4.pdf\">Ficha t\u00e9cnica del PEL-4 (pdf EN)<\/a><\/p>\n<p><a href=\"https:\/\/sabik.com\/wp-content\/uploads\/2024\/10\/sabik_marine_datasheet_pel-4_es.pdf\">Ficha t\u00e9cnica del PEL-4 (pdf ES)<\/a><\/p>\n<p><a href=\"https:\/\/sabik.com\/wp-content\/uploads\/2024\/11\/sabik_pel-4_manual_english.pdf\">Manual de producto del PEL-4 (pdf EN)<\/a>[\/vc_column_text][\/vc_column][\/vc_row][vc_row][vc_column][mk_padding_divider][\/vc_column][\/vc_row][vc_row][vc_column][mk_divider style=\u00bbthin_solid\u00bb margin_top=\u00bb40&#8243; margin_bottom=\u00bb40&#8243;][\/vc_column][\/vc_row]\n<\/div>","protected":false},"excerpt":{"rendered":"<p><img loading=\"lazy\" decoding=\"async\" class=\"alignnone size-full wp-image-253\" src=\"https:\/\/sabik.com\/wp-content\/uploads\/2024\/10\/ir_programmer_text.png\" alt=\"Programador IR\" width=\"75\" height=\"100\" srcset=\"https:\/\/sabik.com\/wp-content\/uploads\/2024\/10\/ir_programmer_text.png 300w, https:\/\/sabik.com\/wp-content\/uploads\/2024\/10\/ir_programmer_text-225x300.png 225w\" sizes=\"auto, (max-width: 75px) 100vw, 75px\" \/><img loading=\"lazy\" decoding=\"async\" class=\"alignnone size-full wp-image-251\" src=\"https:\/\/sabik.com\/wp-content\/uploads\/2024\/10\/cellular_text.png\" alt=\"por celular\" width=\"75\" height=\"100\" srcset=\"https:\/\/sabik.com\/wp-content\/uploads\/2024\/10\/cellular_text.png 300w, https:\/\/sabik.com\/wp-content\/uploads\/2024\/10\/cellular_text-225x300.png 225w\" sizes=\"auto, (max-width: 75px) 100vw, 75px\" \/><\/p>\n<ul>\n<li>Divergencia horizontal: De 3,5\u00b0 a 20<\/li>\n<li>Carcasa herm\u00e9tica para montaje exterior<\/li>\n<li>LED reemplazable libre de mantenimiento<\/li>\n<li>Caracteres de destello IALA programables e intensidad ajustable<\/li>\n<li>Detecci\u00f3n autom\u00e1tica d\u00eda\/noche<\/li>\n<li>C\u00f3digo de seguridad y desconexi\u00f3n de baja tensi\u00f3n opcionales<\/li>\n<li>Modo principal\/de reserva seleccionable<\/li>\n<li>L\u00edmite oscilante opcional<\/li>\n<\/ul>\n","protected":false},"featured_media":1323,"template":"","meta":{"_improvement_type_select":"improve_an_existing","_thumb_yes_seoaic":false,"_frame_yes_seoaic":false,"seoaic_generate_description":"","seoaic_improve_instructions_prompt":"","seoaic_rollback_content_improvement":"","seoaic_idea_thumbnail_generator":"","thumbnail_generated":false,"thumbnail_generate_prompt":"","seoaic_article_description":""},"product_brand":[],"product_cat":[153],"product_tag":[],"class_list":{"0":"post-2409","1":"product","2":"type-product","3":"status-publish","4":"has-post-thumbnail","6":"product_cat-direccional","8":"first","9":"instock","10":"featured","11":"shipping-taxable","12":"product-type-simple"},"yoast_head":"<!-- This site is optimized with the Yoast SEO Premium plugin v26.2 (Yoast SEO v27.4) - https:\/\/yoast.com\/product\/yoast-seo-premium-wordpress\/ -->\n<title>Sector ligero de medio alcance PEL-4 | Sabik<\/title>\n<meta name=\"description\" content=\"Disponible en divergencias horizontales de 3,5\u00b0, 5\u00b0, 10\u00b0 y 20\u00b0, la PEL-4 es una luz sectorial de alcance medio de gran precisi\u00f3n, que proporciona un estado visual claro.\" \/>\n<meta name=\"robots\" content=\"index, follow, max-snippet:-1, max-image-preview:large, max-video-preview:-1\" \/>\n<link rel=\"canonical\" href=\"https:\/\/sabik.com\/es\/producto\/sector-ligero-de-medio-alcance-pel-4\/\" \/>\n<meta property=\"og:locale\" content=\"es_ES\" \/>\n<meta property=\"og:type\" content=\"article\" \/>\n<meta property=\"og:title\" content=\"Sector ligero de medio alcance PEL-4\" \/>\n<meta property=\"og:description\" content=\"Disponible en divergencias horizontales de 3,5\u00b0, 5\u00b0, 10\u00b0 y 20\u00b0, la PEL-4 es una luz sectorial de alcance medio de gran precisi\u00f3n, que proporciona un estado visual claro.\" \/>\n<meta property=\"og:url\" content=\"https:\/\/sabik.com\/es\/producto\/sector-ligero-de-medio-alcance-pel-4\/\" \/>\n<meta property=\"og:site_name\" content=\"Sabik\" \/>\n<meta property=\"article:modified_time\" content=\"2025-01-20T10:16:51+00:00\" \/>\n<meta property=\"og:image\" content=\"https:\/\/sabik.com\/wp-content\/uploads\/2024\/10\/pel-4_1.jpg\" \/>\n\t<meta property=\"og:image:width\" content=\"1000\" \/>\n\t<meta property=\"og:image:height\" content=\"1000\" \/>\n\t<meta property=\"og:image:type\" content=\"image\/jpeg\" \/>\n<meta name=\"twitter:card\" content=\"summary_large_image\" \/>\n<meta name=\"twitter:label1\" content=\"Tiempo de lectura\" \/>\n\t<meta name=\"twitter:data1\" content=\"1 minuto\" \/>\n<script type=\"application\/ld+json\" class=\"yoast-schema-graph\">{\"@context\":\"https:\\\/\\\/schema.org\",\"@graph\":[{\"@type\":\"WebPage\",\"@id\":\"https:\\\/\\\/sabik.com\\\/es\\\/producto\\\/sector-ligero-de-medio-alcance-pel-4\\\/\",\"url\":\"https:\\\/\\\/sabik.com\\\/es\\\/producto\\\/sector-ligero-de-medio-alcance-pel-4\\\/\",\"name\":\"Sector ligero de medio alcance PEL-4 | Sabik\",\"isPartOf\":{\"@id\":\"https:\\\/\\\/sabik.com\\\/#website\"},\"primaryImageOfPage\":{\"@id\":\"https:\\\/\\\/sabik.com\\\/es\\\/producto\\\/sector-ligero-de-medio-alcance-pel-4\\\/#primaryimage\"},\"image\":{\"@id\":\"https:\\\/\\\/sabik.com\\\/es\\\/producto\\\/sector-ligero-de-medio-alcance-pel-4\\\/#primaryimage\"},\"thumbnailUrl\":\"https:\\\/\\\/sabik.com\\\/wp-content\\\/uploads\\\/2024\\\/10\\\/pel-4_1.jpg\",\"datePublished\":\"2024-10-03T09:52:28+00:00\",\"dateModified\":\"2025-01-20T10:16:51+00:00\",\"description\":\"Disponible en divergencias horizontales de 3,5\u00b0, 5\u00b0, 10\u00b0 y 20\u00b0, la PEL-4 es una luz sectorial de alcance medio de gran precisi\u00f3n, que proporciona un estado visual claro.\",\"breadcrumb\":{\"@id\":\"https:\\\/\\\/sabik.com\\\/es\\\/producto\\\/sector-ligero-de-medio-alcance-pel-4\\\/#breadcrumb\"},\"inLanguage\":\"es\",\"potentialAction\":[{\"@type\":\"ReadAction\",\"target\":[\"https:\\\/\\\/sabik.com\\\/es\\\/producto\\\/sector-ligero-de-medio-alcance-pel-4\\\/\"]}]},{\"@type\":\"ImageObject\",\"inLanguage\":\"es\",\"@id\":\"https:\\\/\\\/sabik.com\\\/es\\\/producto\\\/sector-ligero-de-medio-alcance-pel-4\\\/#primaryimage\",\"url\":\"https:\\\/\\\/sabik.com\\\/wp-content\\\/uploads\\\/2024\\\/10\\\/pel-4_1.jpg\",\"contentUrl\":\"https:\\\/\\\/sabik.com\\\/wp-content\\\/uploads\\\/2024\\\/10\\\/pel-4_1.jpg\",\"width\":1000,\"height\":1000,\"caption\":\"PEL-4\"},{\"@type\":\"BreadcrumbList\",\"@id\":\"https:\\\/\\\/sabik.com\\\/es\\\/producto\\\/sector-ligero-de-medio-alcance-pel-4\\\/#breadcrumb\",\"itemListElement\":[{\"@type\":\"ListItem\",\"position\":1,\"name\":\"Home\",\"item\":\"https:\\\/\\\/sabik.com\\\/es\\\/\"},{\"@type\":\"ListItem\",\"position\":2,\"name\":\"Productos\",\"item\":\"https:\\\/\\\/sabik.com\\\/es\\\/tienda\\\/\"},{\"@type\":\"ListItem\",\"position\":3,\"name\":\"Sector ligero de medio alcance PEL-4\"}]},{\"@type\":\"WebSite\",\"@id\":\"https:\\\/\\\/sabik.com\\\/#website\",\"url\":\"https:\\\/\\\/sabik.com\\\/\",\"name\":\"Sabik\",\"description\":\"Global Leader in Maritime Aids to Navigation\",\"potentialAction\":[{\"@type\":\"SearchAction\",\"target\":{\"@type\":\"EntryPoint\",\"urlTemplate\":\"https:\\\/\\\/sabik.com\\\/?s={search_term_string}\"},\"query-input\":{\"@type\":\"PropertyValueSpecification\",\"valueRequired\":true,\"valueName\":\"search_term_string\"}}],\"inLanguage\":\"es\"}]}<\/script>\n<!-- \/ Yoast SEO Premium plugin. -->","yoast_head_json":{"title":"Sector ligero de medio alcance PEL-4 | Sabik","description":"Disponible en divergencias horizontales de 3,5\u00b0, 5\u00b0, 10\u00b0 y 20\u00b0, la PEL-4 es una luz sectorial de alcance medio de gran precisi\u00f3n, que proporciona un estado visual claro.","robots":{"index":"index","follow":"follow","max-snippet":"max-snippet:-1","max-image-preview":"max-image-preview:large","max-video-preview":"max-video-preview:-1"},"canonical":"https:\/\/sabik.com\/es\/producto\/sector-ligero-de-medio-alcance-pel-4\/","og_locale":"es_ES","og_type":"article","og_title":"Sector ligero de medio alcance PEL-4","og_description":"Disponible en divergencias horizontales de 3,5\u00b0, 5\u00b0, 10\u00b0 y 20\u00b0, la PEL-4 es una luz sectorial de alcance medio de gran precisi\u00f3n, que proporciona un estado visual claro.","og_url":"https:\/\/sabik.com\/es\/producto\/sector-ligero-de-medio-alcance-pel-4\/","og_site_name":"Sabik","article_modified_time":"2025-01-20T10:16:51+00:00","og_image":[{"width":1000,"height":1000,"url":"https:\/\/sabik.com\/wp-content\/uploads\/2024\/10\/pel-4_1.jpg","type":"image\/jpeg"}],"twitter_card":"summary_large_image","twitter_misc":{"Tiempo de lectura":"1 minuto"},"schema":{"@context":"https:\/\/schema.org","@graph":[{"@type":"WebPage","@id":"https:\/\/sabik.com\/es\/producto\/sector-ligero-de-medio-alcance-pel-4\/","url":"https:\/\/sabik.com\/es\/producto\/sector-ligero-de-medio-alcance-pel-4\/","name":"Sector ligero de medio alcance PEL-4 | Sabik","isPartOf":{"@id":"https:\/\/sabik.com\/#website"},"primaryImageOfPage":{"@id":"https:\/\/sabik.com\/es\/producto\/sector-ligero-de-medio-alcance-pel-4\/#primaryimage"},"image":{"@id":"https:\/\/sabik.com\/es\/producto\/sector-ligero-de-medio-alcance-pel-4\/#primaryimage"},"thumbnailUrl":"https:\/\/sabik.com\/wp-content\/uploads\/2024\/10\/pel-4_1.jpg","datePublished":"2024-10-03T09:52:28+00:00","dateModified":"2025-01-20T10:16:51+00:00","description":"Disponible en divergencias horizontales de 3,5\u00b0, 5\u00b0, 10\u00b0 y 20\u00b0, la PEL-4 es una luz sectorial de alcance medio de gran precisi\u00f3n, que proporciona un estado visual claro.","breadcrumb":{"@id":"https:\/\/sabik.com\/es\/producto\/sector-ligero-de-medio-alcance-pel-4\/#breadcrumb"},"inLanguage":"es","potentialAction":[{"@type":"ReadAction","target":["https:\/\/sabik.com\/es\/producto\/sector-ligero-de-medio-alcance-pel-4\/"]}]},{"@type":"ImageObject","inLanguage":"es","@id":"https:\/\/sabik.com\/es\/producto\/sector-ligero-de-medio-alcance-pel-4\/#primaryimage","url":"https:\/\/sabik.com\/wp-content\/uploads\/2024\/10\/pel-4_1.jpg","contentUrl":"https:\/\/sabik.com\/wp-content\/uploads\/2024\/10\/pel-4_1.jpg","width":1000,"height":1000,"caption":"PEL-4"},{"@type":"BreadcrumbList","@id":"https:\/\/sabik.com\/es\/producto\/sector-ligero-de-medio-alcance-pel-4\/#breadcrumb","itemListElement":[{"@type":"ListItem","position":1,"name":"Home","item":"https:\/\/sabik.com\/es\/"},{"@type":"ListItem","position":2,"name":"Productos","item":"https:\/\/sabik.com\/es\/tienda\/"},{"@type":"ListItem","position":3,"name":"Sector ligero de medio alcance PEL-4"}]},{"@type":"WebSite","@id":"https:\/\/sabik.com\/#website","url":"https:\/\/sabik.com\/","name":"Sabik","description":"Global Leader in Maritime Aids to Navigation","potentialAction":[{"@type":"SearchAction","target":{"@type":"EntryPoint","urlTemplate":"https:\/\/sabik.com\/?s={search_term_string}"},"query-input":{"@type":"PropertyValueSpecification","valueRequired":true,"valueName":"search_term_string"}}],"inLanguage":"es"}]}},"_links":{"self":[{"href":"https:\/\/sabik.com\/es\/wp-json\/wp\/v2\/product\/2409","targetHints":{"allow":["GET"]}}],"collection":[{"href":"https:\/\/sabik.com\/es\/wp-json\/wp\/v2\/product"}],"about":[{"href":"https:\/\/sabik.com\/es\/wp-json\/wp\/v2\/types\/product"}],"wp:featuredmedia":[{"embeddable":true,"href":"https:\/\/sabik.com\/es\/wp-json\/wp\/v2\/media\/1323"}],"wp:attachment":[{"href":"https:\/\/sabik.com\/es\/wp-json\/wp\/v2\/media?parent=2409"}],"wp:term":[{"taxonomy":"product_brand","embeddable":true,"href":"https:\/\/sabik.com\/es\/wp-json\/wp\/v2\/product_brand?post=2409"},{"taxonomy":"product_cat","embeddable":true,"href":"https:\/\/sabik.com\/es\/wp-json\/wp\/v2\/product_cat?post=2409"},{"taxonomy":"product_tag","embeddable":true,"href":"https:\/\/sabik.com\/es\/wp-json\/wp\/v2\/product_tag?post=2409"}],"curies":[{"name":"wp","href":"https:\/\/api.w.org\/{rel}","templated":true}]}}