{"id":2423,"date":"2024-10-03T11:51:32","date_gmt":"2024-10-03T08:51:32","guid":{"rendered":"https:\/\/sabik.com\/product\/luz-telescopica-led-de-alta-potencia-vrl-91\/"},"modified":"2025-01-20T12:16:51","modified_gmt":"2025-01-20T10:16:51","slug":"luz-telescopica-led-de-alta-potencia-vrl-91","status":"publish","type":"product","link":"https:\/\/sabik.com\/es\/producto\/luz-telescopica-led-de-alta-potencia-vrl-91\/","title":{"rendered":"Luz telesc\u00f3pica LED de alta potencia VRL-91"},"content":{"rendered":"<div class=\"wpb-content-wrapper\">[vc_row][vc_column][mk_padding_divider][\/vc_column][\/vc_row][vc_row][vc_column width=\u00bb1\/2&#8243;][vc_column_text css=\u00bb.vc_custom_1728538507404{margin-bottom: 0px !important;}\u00bb]\n<h2>Informaci\u00f3n sobre el producto:<\/h2>\n[\/vc_column_text][\/vc_column][vc_column width=\u00bb1\/2&#8243;][vc_column_text css=\u00bb.vc_custom_1728990586637{margin-bottom: 0px !important;}\u00bb]La luz de alcance LED de alta potencia VRL-91 est\u00e1 dise\u00f1ada para aplicaciones que requieren una intensidad muy alta, ofreciendo un alcance diurno de 5,4 NM y un alcance nocturno de 23 NM. Esta unidad cuenta con una \u00fanica lente blanca que utiliza un LED para producir una impresionante intensidad de hasta 403.000 candelas, lo que garantiza un alcance de 23 NM a 0,74 T sin interferencias de luz de fondo.[\/vc_column_text][\/vc_column][\/vc_row][vc_row][vc_column][mk_padding_divider][\/vc_column][\/vc_row][vc_row][vc_column width=\u00bb1\/2&#8243;][vc_column_text css=\u00bb.vc_custom_1728538512684{margin-bottom: 0px !important;}\u00bb]\n<h2>Documentaci\u00f3n del producto:<\/h2>\n[\/vc_column_text][\/vc_column][vc_column width=\u00bb1\/2&#8243;][vc_column_text css=\u00bb.vc_custom_1731597756237{margin-bottom: 0px !important;}\u00bb]<a href=\"https:\/\/sabik.com\/wp-content\/uploads\/2024\/10\/sabik_marine_datasheet_vrl-91_2020.pdf\">Ficha t\u00e9cnica del VRL-91 (pdf EN)<\/a><\/p>\n<p><a href=\"https:\/\/sabik.com\/wp-content\/uploads\/2024\/10\/sabik_marine_spain_datasheet_vrl-91_2020.pdf\">Ficha t\u00e9cnica del VRL-91 (pdf ES)<\/a><\/p>\n[\/vc_column_text][\/vc_column][\/vc_row][vc_row][vc_column][mk_padding_divider][\/vc_column][\/vc_row][vc_row][vc_column][mk_divider style=\u00bbthin_solid\u00bb margin_top=\u00bb40&#8243; margin_bottom=\u00bb40&#8243;][\/vc_column][\/vc_row]\n<\/div>","protected":false},"excerpt":{"rendered":"<p><img loading=\"lazy\" decoding=\"async\" class=\"alignnone size-full wp-image-253\" src=\"https:\/\/sabik.com\/wp-content\/uploads\/2024\/10\/ir_programmer_text.png\" alt=\"Programador IR\" width=\"75\" height=\"100\" srcset=\"https:\/\/sabik.com\/wp-content\/uploads\/2024\/10\/ir_programmer_text.png 300w, https:\/\/sabik.com\/wp-content\/uploads\/2024\/10\/ir_programmer_text-225x300.png 225w\" sizes=\"auto, (max-width: 75px) 100vw, 75px\" \/><img loading=\"lazy\" decoding=\"async\" class=\"alignnone size-full wp-image-251\" src=\"https:\/\/sabik.com\/wp-content\/uploads\/2024\/10\/cellular_text.png\" alt=\"por celular\" width=\"75\" height=\"100\" srcset=\"https:\/\/sabik.com\/wp-content\/uploads\/2024\/10\/cellular_text.png 300w, https:\/\/sabik.com\/wp-content\/uploads\/2024\/10\/cellular_text-225x300.png 225w\" sizes=\"auto, (max-width: 75px) 100vw, 75px\" \/><\/p>\n<ul>\n<li>Correcci\u00f3n autom\u00e1tica de intensidad Schmidt-Clausen para destellos cortos<\/li>\n<li>M\u00faltiples ajustes de intensidad para funcionamiento diurno\/nocturno con caracteres de destello programables<\/li>\n<li>Control de sincronizaci\u00f3n con opciones principal\/esclavo y retardo de sincronizaci\u00f3n<\/li>\n<li>Monitoreo de la tensi\u00f3n de alimentaci\u00f3n y desconexi\u00f3n por baja tensi\u00f3n<\/li>\n<li>Puerto de datos RS-232 y c\u00f3digo de seguridad opcionales<\/li>\n<\/ul>\n","protected":false},"featured_media":1507,"template":"","meta":{"_improvement_type_select":"improve_an_existing","_thumb_yes_seoaic":false,"_frame_yes_seoaic":false,"seoaic_generate_description":"","seoaic_improve_instructions_prompt":"","seoaic_rollback_content_improvement":"","seoaic_idea_thumbnail_generator":"","thumbnail_generated":false,"thumbnail_generate_prompt":"","seoaic_article_description":""},"product_brand":[],"product_cat":[153],"product_tag":[],"class_list":{"0":"post-2423","1":"product","2":"type-product","3":"status-publish","4":"has-post-thumbnail","6":"product_cat-direccional","8":"first","9":"instock","10":"featured","11":"shipping-taxable","12":"product-type-simple"},"yoast_head":"<!-- This site is optimized with the Yoast SEO Premium plugin v26.2 (Yoast SEO v27.4) - https:\/\/yoast.com\/product\/yoast-seo-premium-wordpress\/ -->\n<title>Luz telesc\u00f3pica LED de alta potencia VRL-91 | Sabik<\/title>\n<meta name=\"description\" content=\"La luz de largo alcance LED de alta potencia VRL-91 est\u00e1 dise\u00f1ada para aplicaciones que requieren una intensidad muy alta, ofreciendo un alcance de 5,4 NM de d\u00eda y 23 NM de noche.\" \/>\n<meta name=\"robots\" content=\"index, follow, max-snippet:-1, max-image-preview:large, max-video-preview:-1\" \/>\n<link rel=\"canonical\" href=\"https:\/\/sabik.com\/es\/producto\/luz-telescopica-led-de-alta-potencia-vrl-91\/\" \/>\n<meta property=\"og:locale\" content=\"es_ES\" \/>\n<meta property=\"og:type\" content=\"article\" \/>\n<meta property=\"og:title\" content=\"Luz telesc\u00f3pica LED de alta potencia VRL-91\" \/>\n<meta property=\"og:description\" content=\"La luz de largo alcance LED de alta potencia VRL-91 est\u00e1 dise\u00f1ada para aplicaciones que requieren una intensidad muy alta, ofreciendo un alcance de 5,4 NM de d\u00eda y 23 NM de noche.\" \/>\n<meta property=\"og:url\" content=\"https:\/\/sabik.com\/es\/producto\/luz-telescopica-led-de-alta-potencia-vrl-91\/\" \/>\n<meta property=\"og:site_name\" content=\"Sabik\" \/>\n<meta property=\"article:modified_time\" content=\"2025-01-20T10:16:51+00:00\" \/>\n<meta property=\"og:image\" content=\"https:\/\/sabik.com\/wp-content\/uploads\/2024\/10\/vrl-91_1.jpg\" \/>\n\t<meta property=\"og:image:width\" content=\"1000\" \/>\n\t<meta property=\"og:image:height\" content=\"1000\" \/>\n\t<meta property=\"og:image:type\" content=\"image\/jpeg\" \/>\n<meta name=\"twitter:card\" content=\"summary_large_image\" \/>\n<meta name=\"twitter:label1\" content=\"Tiempo de lectura\" \/>\n\t<meta name=\"twitter:data1\" content=\"1 minuto\" \/>\n<script type=\"application\/ld+json\" class=\"yoast-schema-graph\">{\"@context\":\"https:\\\/\\\/schema.org\",\"@graph\":[{\"@type\":\"WebPage\",\"@id\":\"https:\\\/\\\/sabik.com\\\/es\\\/producto\\\/luz-telescopica-led-de-alta-potencia-vrl-91\\\/\",\"url\":\"https:\\\/\\\/sabik.com\\\/es\\\/producto\\\/luz-telescopica-led-de-alta-potencia-vrl-91\\\/\",\"name\":\"Luz telesc\u00f3pica LED de alta potencia VRL-91 | Sabik\",\"isPartOf\":{\"@id\":\"https:\\\/\\\/sabik.com\\\/#website\"},\"primaryImageOfPage\":{\"@id\":\"https:\\\/\\\/sabik.com\\\/es\\\/producto\\\/luz-telescopica-led-de-alta-potencia-vrl-91\\\/#primaryimage\"},\"image\":{\"@id\":\"https:\\\/\\\/sabik.com\\\/es\\\/producto\\\/luz-telescopica-led-de-alta-potencia-vrl-91\\\/#primaryimage\"},\"thumbnailUrl\":\"https:\\\/\\\/sabik.com\\\/wp-content\\\/uploads\\\/2024\\\/10\\\/vrl-91_1.jpg\",\"datePublished\":\"2024-10-03T08:51:32+00:00\",\"dateModified\":\"2025-01-20T10:16:51+00:00\",\"description\":\"La luz de largo alcance LED de alta potencia VRL-91 est\u00e1 dise\u00f1ada para aplicaciones que requieren una intensidad muy alta, ofreciendo un alcance de 5,4 NM de d\u00eda y 23 NM de noche.\",\"breadcrumb\":{\"@id\":\"https:\\\/\\\/sabik.com\\\/es\\\/producto\\\/luz-telescopica-led-de-alta-potencia-vrl-91\\\/#breadcrumb\"},\"inLanguage\":\"es\",\"potentialAction\":[{\"@type\":\"ReadAction\",\"target\":[\"https:\\\/\\\/sabik.com\\\/es\\\/producto\\\/luz-telescopica-led-de-alta-potencia-vrl-91\\\/\"]}]},{\"@type\":\"ImageObject\",\"inLanguage\":\"es\",\"@id\":\"https:\\\/\\\/sabik.com\\\/es\\\/producto\\\/luz-telescopica-led-de-alta-potencia-vrl-91\\\/#primaryimage\",\"url\":\"https:\\\/\\\/sabik.com\\\/wp-content\\\/uploads\\\/2024\\\/10\\\/vrl-91_1.jpg\",\"contentUrl\":\"https:\\\/\\\/sabik.com\\\/wp-content\\\/uploads\\\/2024\\\/10\\\/vrl-91_1.jpg\",\"width\":1000,\"height\":1000,\"caption\":\"VRL-91\"},{\"@type\":\"BreadcrumbList\",\"@id\":\"https:\\\/\\\/sabik.com\\\/es\\\/producto\\\/luz-telescopica-led-de-alta-potencia-vrl-91\\\/#breadcrumb\",\"itemListElement\":[{\"@type\":\"ListItem\",\"position\":1,\"name\":\"Home\",\"item\":\"https:\\\/\\\/sabik.com\\\/es\\\/\"},{\"@type\":\"ListItem\",\"position\":2,\"name\":\"Productos\",\"item\":\"https:\\\/\\\/sabik.com\\\/es\\\/tienda\\\/\"},{\"@type\":\"ListItem\",\"position\":3,\"name\":\"Luz telesc\u00f3pica LED de alta potencia VRL-91\"}]},{\"@type\":\"WebSite\",\"@id\":\"https:\\\/\\\/sabik.com\\\/#website\",\"url\":\"https:\\\/\\\/sabik.com\\\/\",\"name\":\"Sabik\",\"description\":\"Global Leader in Maritime Aids to Navigation\",\"potentialAction\":[{\"@type\":\"SearchAction\",\"target\":{\"@type\":\"EntryPoint\",\"urlTemplate\":\"https:\\\/\\\/sabik.com\\\/?s={search_term_string}\"},\"query-input\":{\"@type\":\"PropertyValueSpecification\",\"valueRequired\":true,\"valueName\":\"search_term_string\"}}],\"inLanguage\":\"es\"}]}<\/script>\n<!-- \/ Yoast SEO Premium plugin. -->","yoast_head_json":{"title":"Luz telesc\u00f3pica LED de alta potencia VRL-91 | Sabik","description":"La luz de largo alcance LED de alta potencia VRL-91 est\u00e1 dise\u00f1ada para aplicaciones que requieren una intensidad muy alta, ofreciendo un alcance de 5,4 NM de d\u00eda y 23 NM de noche.","robots":{"index":"index","follow":"follow","max-snippet":"max-snippet:-1","max-image-preview":"max-image-preview:large","max-video-preview":"max-video-preview:-1"},"canonical":"https:\/\/sabik.com\/es\/producto\/luz-telescopica-led-de-alta-potencia-vrl-91\/","og_locale":"es_ES","og_type":"article","og_title":"Luz telesc\u00f3pica LED de alta potencia VRL-91","og_description":"La luz de largo alcance LED de alta potencia VRL-91 est\u00e1 dise\u00f1ada para aplicaciones que requieren una intensidad muy alta, ofreciendo un alcance de 5,4 NM de d\u00eda y 23 NM de noche.","og_url":"https:\/\/sabik.com\/es\/producto\/luz-telescopica-led-de-alta-potencia-vrl-91\/","og_site_name":"Sabik","article_modified_time":"2025-01-20T10:16:51+00:00","og_image":[{"width":1000,"height":1000,"url":"https:\/\/sabik.com\/wp-content\/uploads\/2024\/10\/vrl-91_1.jpg","type":"image\/jpeg"}],"twitter_card":"summary_large_image","twitter_misc":{"Tiempo de lectura":"1 minuto"},"schema":{"@context":"https:\/\/schema.org","@graph":[{"@type":"WebPage","@id":"https:\/\/sabik.com\/es\/producto\/luz-telescopica-led-de-alta-potencia-vrl-91\/","url":"https:\/\/sabik.com\/es\/producto\/luz-telescopica-led-de-alta-potencia-vrl-91\/","name":"Luz telesc\u00f3pica LED de alta potencia VRL-91 | Sabik","isPartOf":{"@id":"https:\/\/sabik.com\/#website"},"primaryImageOfPage":{"@id":"https:\/\/sabik.com\/es\/producto\/luz-telescopica-led-de-alta-potencia-vrl-91\/#primaryimage"},"image":{"@id":"https:\/\/sabik.com\/es\/producto\/luz-telescopica-led-de-alta-potencia-vrl-91\/#primaryimage"},"thumbnailUrl":"https:\/\/sabik.com\/wp-content\/uploads\/2024\/10\/vrl-91_1.jpg","datePublished":"2024-10-03T08:51:32+00:00","dateModified":"2025-01-20T10:16:51+00:00","description":"La luz de largo alcance LED de alta potencia VRL-91 est\u00e1 dise\u00f1ada para aplicaciones que requieren una intensidad muy alta, ofreciendo un alcance de 5,4 NM de d\u00eda y 23 NM de noche.","breadcrumb":{"@id":"https:\/\/sabik.com\/es\/producto\/luz-telescopica-led-de-alta-potencia-vrl-91\/#breadcrumb"},"inLanguage":"es","potentialAction":[{"@type":"ReadAction","target":["https:\/\/sabik.com\/es\/producto\/luz-telescopica-led-de-alta-potencia-vrl-91\/"]}]},{"@type":"ImageObject","inLanguage":"es","@id":"https:\/\/sabik.com\/es\/producto\/luz-telescopica-led-de-alta-potencia-vrl-91\/#primaryimage","url":"https:\/\/sabik.com\/wp-content\/uploads\/2024\/10\/vrl-91_1.jpg","contentUrl":"https:\/\/sabik.com\/wp-content\/uploads\/2024\/10\/vrl-91_1.jpg","width":1000,"height":1000,"caption":"VRL-91"},{"@type":"BreadcrumbList","@id":"https:\/\/sabik.com\/es\/producto\/luz-telescopica-led-de-alta-potencia-vrl-91\/#breadcrumb","itemListElement":[{"@type":"ListItem","position":1,"name":"Home","item":"https:\/\/sabik.com\/es\/"},{"@type":"ListItem","position":2,"name":"Productos","item":"https:\/\/sabik.com\/es\/tienda\/"},{"@type":"ListItem","position":3,"name":"Luz telesc\u00f3pica LED de alta potencia VRL-91"}]},{"@type":"WebSite","@id":"https:\/\/sabik.com\/#website","url":"https:\/\/sabik.com\/","name":"Sabik","description":"Global Leader in Maritime Aids to Navigation","potentialAction":[{"@type":"SearchAction","target":{"@type":"EntryPoint","urlTemplate":"https:\/\/sabik.com\/?s={search_term_string}"},"query-input":{"@type":"PropertyValueSpecification","valueRequired":true,"valueName":"search_term_string"}}],"inLanguage":"es"}]}},"_links":{"self":[{"href":"https:\/\/sabik.com\/es\/wp-json\/wp\/v2\/product\/2423","targetHints":{"allow":["GET"]}}],"collection":[{"href":"https:\/\/sabik.com\/es\/wp-json\/wp\/v2\/product"}],"about":[{"href":"https:\/\/sabik.com\/es\/wp-json\/wp\/v2\/types\/product"}],"wp:featuredmedia":[{"embeddable":true,"href":"https:\/\/sabik.com\/es\/wp-json\/wp\/v2\/media\/1507"}],"wp:attachment":[{"href":"https:\/\/sabik.com\/es\/wp-json\/wp\/v2\/media?parent=2423"}],"wp:term":[{"taxonomy":"product_brand","embeddable":true,"href":"https:\/\/sabik.com\/es\/wp-json\/wp\/v2\/product_brand?post=2423"},{"taxonomy":"product_cat","embeddable":true,"href":"https:\/\/sabik.com\/es\/wp-json\/wp\/v2\/product_cat?post=2423"},{"taxonomy":"product_tag","embeddable":true,"href":"https:\/\/sabik.com\/es\/wp-json\/wp\/v2\/product_tag?post=2423"}],"curies":[{"name":"wp","href":"https:\/\/api.w.org\/{rel}","templated":true}]}}