{"id":2426,"date":"2024-10-03T11:03:46","date_gmt":"2024-10-03T08:03:46","guid":{"rendered":"https:\/\/sabik.com\/product\/linterna-de-boya-tricolor-vp-ii\/"},"modified":"2025-01-20T12:16:51","modified_gmt":"2025-01-20T10:16:51","slug":"linterna-de-boya-tricolor-vp-ii","status":"publish","type":"product","link":"https:\/\/sabik.com\/es\/producto\/linterna-de-boya-tricolor-vp-ii\/","title":{"rendered":"Linterna de boya tricolor VP II"},"content":{"rendered":"<div class=\"wpb-content-wrapper\">[vc_row][vc_column][mk_padding_divider][\/vc_column][\/vc_row][vc_row][vc_column width=\u00bb1\/2&#8243;][vc_column_text css=\u00bb.vc_custom_1728538507404{margin-bottom: 0px !important;}\u00bb]\n<h2>Informaci\u00f3n sobre el producto:<\/h2>\n[\/vc_column_text][\/vc_column][vc_column width=\u00bb1\/2&#8243;][vc_column_text css=\u00bb.vc_custom_1728988738173{margin-bottom: 0px !important;}\u00bb]Fabricada en duradero aluminio marino, la linterna de boya tricolor VP II est\u00e1 meticulosamente dise\u00f1ada para condiciones de hielo moderadas. Su resistencia demostrada frente a la presi\u00f3n y las fuerzas del hielo, junto con su elegante dise\u00f1o de perfil bajo, convierten a la VP II en un elemento b\u00e1sico en los entornos marinos m\u00e1s exigentes. Espec\u00edficamente dise\u00f1ada para m\u00e1stiles y boyas de pl\u00e1stico para hielo, la VP II destaca cuando se requieren soluciones ligeras. Con su funci\u00f3n tricolor (rojo\/verde\/blanco o rojo\/verde\/amarillo), esta linterna ofrece una se\u00f1alizaci\u00f3n vers\u00e1til en una sola unidad. Lo que la distingue a\u00fan m\u00e1s es su consumo de energ\u00eda extraordinariamente bajo, que la convierte en la opci\u00f3n ideal para el funcionamiento con bater\u00eda primaria, garantizando tanto un rendimiento como una eficiencia duraderos.[\/vc_column_text][\/vc_column][\/vc_row][vc_row][vc_column][mk_padding_divider][\/vc_column][\/vc_row][vc_row][vc_column width=\u00bb1\/2&#8243;][vc_column_text css=\u00bb.vc_custom_1728538512684{margin-bottom: 0px !important;}\u00bb]\n<h2>Documentaci\u00f3n del producto:<\/h2>\n[\/vc_column_text][\/vc_column][vc_column width=\u00bb1\/2&#8243;][vc_column_text css=\u00bb.vc_custom_1731590709393{margin-bottom: 0px !important;}\u00bb]<a href=\"https:\/\/sabik.com\/wp-content\/uploads\/2024\/10\/spx-aids-to-navigation_sabik_datasheet_vpii_08112023.pdf\">Ficha t\u00e9cnica del VP II (pdf EN)<\/a><\/p>\n<p><a href=\"https:\/\/sabik.com\/manuals\/Sabik_VPII_Product_Manual.pdf\" target=\"_blank\" rel=\"noopener\">Manual de producto del VP II (pdf EN)<\/a>[\/vc_column_text][\/vc_column][\/vc_row][vc_row][vc_column][mk_padding_divider][\/vc_column][\/vc_row][vc_row][vc_column width=\u00bb1\/6&#8243;][\/vc_column][vc_column width=\u00bb2\/3&#8243;][vc_video max_width=\u00bb900&#8243; link=\u00bbhttps:\/\/www.youtube.com\/watch?v=vVXvCqLUmvA\u00bb][\/vc_column][vc_column width=\u00bb1\/6&#8243;][\/vc_column][\/vc_row][vc_row][vc_column][mk_divider style=\u00bbthin_solid\u00bb margin_top=\u00bb40&#8243; margin_bottom=\u00bb40&#8243;][\/vc_column][\/vc_row]\n<\/div>","protected":false},"excerpt":{"rendered":"<p><img loading=\"lazy\" decoding=\"async\" class=\"alignnone size-full wp-image-250\" src=\"https:\/\/sabik.com\/wp-content\/uploads\/2024\/10\/bluetooth_text.png\" alt=\"Cargador Solar Interno\" width=\"75\" height=\"100\" srcset=\"https:\/\/sabik.com\/wp-content\/uploads\/2024\/10\/bluetooth_text.png 300w, https:\/\/sabik.com\/wp-content\/uploads\/2024\/10\/bluetooth_text-225x300.png 225w\" sizes=\"auto, (max-width: 75px) 100vw, 75px\" \/><img loading=\"lazy\" decoding=\"async\" class=\"alignnone size-full wp-image-251\" src=\"https:\/\/sabik.com\/wp-content\/uploads\/2024\/10\/cellular_text.png\" alt=\"por Bluetooth\" width=\"75\" height=\"100\" srcset=\"https:\/\/sabik.com\/wp-content\/uploads\/2024\/10\/cellular_text.png 300w, https:\/\/sabik.com\/wp-content\/uploads\/2024\/10\/cellular_text-225x300.png 225w\" sizes=\"auto, (max-width: 75px) 100vw, 75px\" \/><img loading=\"lazy\" decoding=\"async\" class=\"alignnone size-full wp-image-252\" src=\"https:\/\/sabik.com\/wp-content\/uploads\/2024\/10\/internal_solar_charger_text.png\" alt=\"de Celular\" width=\"75\" height=\"100\" srcset=\"https:\/\/sabik.com\/wp-content\/uploads\/2024\/10\/internal_solar_charger_text.png 300w, https:\/\/sabik.com\/wp-content\/uploads\/2024\/10\/internal_solar_charger_text-225x300.png 225w\" sizes=\"auto, (max-width: 75px) 100vw, 75px\" \/><\/p>\n<ul>\n<li>Totalmente impermeable; resiste inmersiones prolongadas<\/li>\n<li>Funci\u00f3n tricolor: rojo\/verde\/blanco o rojo\/verde\/amarillo<\/li>\n<li>Consumo de energ\u00eda extremadamente bajo para el funcionamiento con bater\u00eda<\/li>\n<li>Intensidad y alcance ajustables<\/li>\n<li>Funci\u00f3n de registro de eventos y calendario<\/li>\n<\/ul>\n","protected":false},"featured_media":1469,"template":"","meta":{"_improvement_type_select":"improve_an_existing","_thumb_yes_seoaic":false,"_frame_yes_seoaic":false,"seoaic_generate_description":"","seoaic_improve_instructions_prompt":"","seoaic_rollback_content_improvement":"","seoaic_idea_thumbnail_generator":"","thumbnail_generated":false,"thumbnail_generate_prompt":"","seoaic_article_description":""},"product_brand":[],"product_cat":[174],"product_tag":[],"class_list":{"0":"post-2426","1":"product","2":"type-product","3":"status-publish","4":"has-post-thumbnail","6":"product_cat-luces-especiales","8":"first","9":"instock","10":"featured","11":"shipping-taxable","12":"product-type-simple"},"yoast_head":"<!-- This site is optimized with the Yoast SEO Premium plugin v26.2 (Yoast SEO v27.4) - https:\/\/yoast.com\/product\/yoast-seo-premium-wordpress\/ -->\n<title>Linterna de boya tricolor VP II | Sabik<\/title>\n<meta name=\"description\" content=\"Fabricada en duradero aluminio marino, la linterna de boya tricolor VP II est\u00e1 meticulosamente dise\u00f1ada para condiciones de hielo moderadas.\" \/>\n<meta name=\"robots\" content=\"index, follow, max-snippet:-1, max-image-preview:large, max-video-preview:-1\" \/>\n<link rel=\"canonical\" href=\"https:\/\/sabik.com\/es\/producto\/linterna-de-boya-tricolor-vp-ii\/\" \/>\n<meta property=\"og:locale\" content=\"es_ES\" \/>\n<meta property=\"og:type\" content=\"article\" \/>\n<meta property=\"og:title\" content=\"Linterna de boya tricolor VP II\" \/>\n<meta property=\"og:description\" content=\"Fabricada en duradero aluminio marino, la linterna de boya tricolor VP II est\u00e1 meticulosamente dise\u00f1ada para condiciones de hielo moderadas.\" \/>\n<meta property=\"og:url\" content=\"https:\/\/sabik.com\/es\/producto\/linterna-de-boya-tricolor-vp-ii\/\" \/>\n<meta property=\"og:site_name\" content=\"Sabik\" \/>\n<meta property=\"article:modified_time\" content=\"2025-01-20T10:16:51+00:00\" \/>\n<meta property=\"og:image\" content=\"https:\/\/sabik.com\/wp-content\/uploads\/2024\/10\/vp-ii.jpg\" \/>\n\t<meta property=\"og:image:width\" content=\"1000\" \/>\n\t<meta property=\"og:image:height\" content=\"1000\" \/>\n\t<meta property=\"og:image:type\" content=\"image\/jpeg\" \/>\n<meta name=\"twitter:card\" content=\"summary_large_image\" \/>\n<meta name=\"twitter:label1\" content=\"Tiempo de lectura\" \/>\n\t<meta name=\"twitter:data1\" content=\"2 minutos\" \/>\n<script type=\"application\/ld+json\" class=\"yoast-schema-graph\">{\"@context\":\"https:\\\/\\\/schema.org\",\"@graph\":[{\"@type\":\"WebPage\",\"@id\":\"https:\\\/\\\/sabik.com\\\/es\\\/producto\\\/linterna-de-boya-tricolor-vp-ii\\\/\",\"url\":\"https:\\\/\\\/sabik.com\\\/es\\\/producto\\\/linterna-de-boya-tricolor-vp-ii\\\/\",\"name\":\"Linterna de boya tricolor VP II | Sabik\",\"isPartOf\":{\"@id\":\"https:\\\/\\\/sabik.com\\\/#website\"},\"primaryImageOfPage\":{\"@id\":\"https:\\\/\\\/sabik.com\\\/es\\\/producto\\\/linterna-de-boya-tricolor-vp-ii\\\/#primaryimage\"},\"image\":{\"@id\":\"https:\\\/\\\/sabik.com\\\/es\\\/producto\\\/linterna-de-boya-tricolor-vp-ii\\\/#primaryimage\"},\"thumbnailUrl\":\"https:\\\/\\\/sabik.com\\\/wp-content\\\/uploads\\\/2024\\\/10\\\/vp-ii.jpg\",\"datePublished\":\"2024-10-03T08:03:46+00:00\",\"dateModified\":\"2025-01-20T10:16:51+00:00\",\"description\":\"Fabricada en duradero aluminio marino, la linterna de boya tricolor VP II est\u00e1 meticulosamente dise\u00f1ada para condiciones de hielo moderadas.\",\"breadcrumb\":{\"@id\":\"https:\\\/\\\/sabik.com\\\/es\\\/producto\\\/linterna-de-boya-tricolor-vp-ii\\\/#breadcrumb\"},\"inLanguage\":\"es\",\"potentialAction\":[{\"@type\":\"ReadAction\",\"target\":[\"https:\\\/\\\/sabik.com\\\/es\\\/producto\\\/linterna-de-boya-tricolor-vp-ii\\\/\"]}]},{\"@type\":\"ImageObject\",\"inLanguage\":\"es\",\"@id\":\"https:\\\/\\\/sabik.com\\\/es\\\/producto\\\/linterna-de-boya-tricolor-vp-ii\\\/#primaryimage\",\"url\":\"https:\\\/\\\/sabik.com\\\/wp-content\\\/uploads\\\/2024\\\/10\\\/vp-ii.jpg\",\"contentUrl\":\"https:\\\/\\\/sabik.com\\\/wp-content\\\/uploads\\\/2024\\\/10\\\/vp-ii.jpg\",\"width\":1000,\"height\":1000,\"caption\":\"VP II\"},{\"@type\":\"BreadcrumbList\",\"@id\":\"https:\\\/\\\/sabik.com\\\/es\\\/producto\\\/linterna-de-boya-tricolor-vp-ii\\\/#breadcrumb\",\"itemListElement\":[{\"@type\":\"ListItem\",\"position\":1,\"name\":\"Home\",\"item\":\"https:\\\/\\\/sabik.com\\\/es\\\/\"},{\"@type\":\"ListItem\",\"position\":2,\"name\":\"Productos\",\"item\":\"https:\\\/\\\/sabik.com\\\/es\\\/tienda\\\/\"},{\"@type\":\"ListItem\",\"position\":3,\"name\":\"Linterna de boya tricolor VP II\"}]},{\"@type\":\"WebSite\",\"@id\":\"https:\\\/\\\/sabik.com\\\/#website\",\"url\":\"https:\\\/\\\/sabik.com\\\/\",\"name\":\"Sabik\",\"description\":\"Global Leader in Maritime Aids to Navigation\",\"potentialAction\":[{\"@type\":\"SearchAction\",\"target\":{\"@type\":\"EntryPoint\",\"urlTemplate\":\"https:\\\/\\\/sabik.com\\\/?s={search_term_string}\"},\"query-input\":{\"@type\":\"PropertyValueSpecification\",\"valueRequired\":true,\"valueName\":\"search_term_string\"}}],\"inLanguage\":\"es\"}]}<\/script>\n<!-- \/ Yoast SEO Premium plugin. -->","yoast_head_json":{"title":"Linterna de boya tricolor VP II | Sabik","description":"Fabricada en duradero aluminio marino, la linterna de boya tricolor VP II est\u00e1 meticulosamente dise\u00f1ada para condiciones de hielo moderadas.","robots":{"index":"index","follow":"follow","max-snippet":"max-snippet:-1","max-image-preview":"max-image-preview:large","max-video-preview":"max-video-preview:-1"},"canonical":"https:\/\/sabik.com\/es\/producto\/linterna-de-boya-tricolor-vp-ii\/","og_locale":"es_ES","og_type":"article","og_title":"Linterna de boya tricolor VP II","og_description":"Fabricada en duradero aluminio marino, la linterna de boya tricolor VP II est\u00e1 meticulosamente dise\u00f1ada para condiciones de hielo moderadas.","og_url":"https:\/\/sabik.com\/es\/producto\/linterna-de-boya-tricolor-vp-ii\/","og_site_name":"Sabik","article_modified_time":"2025-01-20T10:16:51+00:00","og_image":[{"width":1000,"height":1000,"url":"https:\/\/sabik.com\/wp-content\/uploads\/2024\/10\/vp-ii.jpg","type":"image\/jpeg"}],"twitter_card":"summary_large_image","twitter_misc":{"Tiempo de lectura":"2 minutos"},"schema":{"@context":"https:\/\/schema.org","@graph":[{"@type":"WebPage","@id":"https:\/\/sabik.com\/es\/producto\/linterna-de-boya-tricolor-vp-ii\/","url":"https:\/\/sabik.com\/es\/producto\/linterna-de-boya-tricolor-vp-ii\/","name":"Linterna de boya tricolor VP II | Sabik","isPartOf":{"@id":"https:\/\/sabik.com\/#website"},"primaryImageOfPage":{"@id":"https:\/\/sabik.com\/es\/producto\/linterna-de-boya-tricolor-vp-ii\/#primaryimage"},"image":{"@id":"https:\/\/sabik.com\/es\/producto\/linterna-de-boya-tricolor-vp-ii\/#primaryimage"},"thumbnailUrl":"https:\/\/sabik.com\/wp-content\/uploads\/2024\/10\/vp-ii.jpg","datePublished":"2024-10-03T08:03:46+00:00","dateModified":"2025-01-20T10:16:51+00:00","description":"Fabricada en duradero aluminio marino, la linterna de boya tricolor VP II est\u00e1 meticulosamente dise\u00f1ada para condiciones de hielo moderadas.","breadcrumb":{"@id":"https:\/\/sabik.com\/es\/producto\/linterna-de-boya-tricolor-vp-ii\/#breadcrumb"},"inLanguage":"es","potentialAction":[{"@type":"ReadAction","target":["https:\/\/sabik.com\/es\/producto\/linterna-de-boya-tricolor-vp-ii\/"]}]},{"@type":"ImageObject","inLanguage":"es","@id":"https:\/\/sabik.com\/es\/producto\/linterna-de-boya-tricolor-vp-ii\/#primaryimage","url":"https:\/\/sabik.com\/wp-content\/uploads\/2024\/10\/vp-ii.jpg","contentUrl":"https:\/\/sabik.com\/wp-content\/uploads\/2024\/10\/vp-ii.jpg","width":1000,"height":1000,"caption":"VP II"},{"@type":"BreadcrumbList","@id":"https:\/\/sabik.com\/es\/producto\/linterna-de-boya-tricolor-vp-ii\/#breadcrumb","itemListElement":[{"@type":"ListItem","position":1,"name":"Home","item":"https:\/\/sabik.com\/es\/"},{"@type":"ListItem","position":2,"name":"Productos","item":"https:\/\/sabik.com\/es\/tienda\/"},{"@type":"ListItem","position":3,"name":"Linterna de boya tricolor VP II"}]},{"@type":"WebSite","@id":"https:\/\/sabik.com\/#website","url":"https:\/\/sabik.com\/","name":"Sabik","description":"Global Leader in Maritime Aids to Navigation","potentialAction":[{"@type":"SearchAction","target":{"@type":"EntryPoint","urlTemplate":"https:\/\/sabik.com\/?s={search_term_string}"},"query-input":{"@type":"PropertyValueSpecification","valueRequired":true,"valueName":"search_term_string"}}],"inLanguage":"es"}]}},"_links":{"self":[{"href":"https:\/\/sabik.com\/es\/wp-json\/wp\/v2\/product\/2426","targetHints":{"allow":["GET"]}}],"collection":[{"href":"https:\/\/sabik.com\/es\/wp-json\/wp\/v2\/product"}],"about":[{"href":"https:\/\/sabik.com\/es\/wp-json\/wp\/v2\/types\/product"}],"wp:featuredmedia":[{"embeddable":true,"href":"https:\/\/sabik.com\/es\/wp-json\/wp\/v2\/media\/1469"}],"wp:attachment":[{"href":"https:\/\/sabik.com\/es\/wp-json\/wp\/v2\/media?parent=2426"}],"wp:term":[{"taxonomy":"product_brand","embeddable":true,"href":"https:\/\/sabik.com\/es\/wp-json\/wp\/v2\/product_brand?post=2426"},{"taxonomy":"product_cat","embeddable":true,"href":"https:\/\/sabik.com\/es\/wp-json\/wp\/v2\/product_cat?post=2426"},{"taxonomy":"product_tag","embeddable":true,"href":"https:\/\/sabik.com\/es\/wp-json\/wp\/v2\/product_tag?post=2426"}],"curies":[{"name":"wp","href":"https:\/\/api.w.org\/{rel}","templated":true}]}}