{"id":2429,"date":"2024-10-03T10:46:18","date_gmt":"2024-10-03T07:46:18","guid":{"rendered":"https:\/\/sabik.com\/product\/linterna-de-boya-de-hielo-mpv-ii\/"},"modified":"2025-01-20T12:16:51","modified_gmt":"2025-01-20T10:16:51","slug":"linterna-de-boya-de-hielo-mpv-ii","status":"publish","type":"product","link":"https:\/\/sabik.com\/es\/producto\/linterna-de-boya-de-hielo-mpv-ii\/","title":{"rendered":"Linterna de boya de hielo MPV II"},"content":{"rendered":"<div class=\"wpb-content-wrapper\">[vc_row][vc_column][mk_padding_divider][\/vc_column][\/vc_row][vc_row][vc_column width=\u00bb1\/2&#8243;][vc_column_text css=\u00bb.vc_custom_1728538507404{margin-bottom: 0px !important;}\u00bb]\n<h2>Informaci\u00f3n sobre el producto:<\/h2>\n[\/vc_column_text][\/vc_column][vc_column width=\u00bb1\/2&#8243;][vc_column_text css=\u00bb.vc_custom_1728981693316{margin-bottom: 0px !important;}\u00bb]La MPV II es la linterna de boya para hielo m\u00e1s resistente jam\u00e1s fabricada, con un robusto cuerpo de aleaci\u00f3n de bronce y una gruesa lente de policarbonato moldeado que puede soportar las presiones aplastantes del hielo y la inmersi\u00f3n prolongada. Se trata de un moderno reemplazo del conocido MPV LED, con una \u00f3ptica completamente redise\u00f1ada. El reducido consumo de energ\u00eda de la MPV II duplica el ciclo de reemplazo de la bater\u00eda, mientras que su funci\u00f3n tricolor reduce el stock necesario a la mitad. El mantenimiento y el monitoreo se mejoran con el control Bluetooth y la nueva tecnolog\u00eda de monitoreo remoto, as\u00ed como con una precisi\u00f3n de posicionamiento de la linterna notablemente mejorada.[\/vc_column_text][\/vc_column][\/vc_row][vc_row][vc_column][mk_padding_divider][\/vc_column][\/vc_row][vc_row][vc_column width=\u00bb1\/2&#8243;][vc_column_text css=\u00bb.vc_custom_1728538512684{margin-bottom: 0px !important;}\u00bb]\n<h2>Documentaci\u00f3n del producto:<\/h2>\n[\/vc_column_text][\/vc_column][vc_column width=\u00bb1\/2&#8243;][vc_column_text css=\u00bb.vc_custom_1731590581792{margin-bottom: 0px !important;}\u00bb]<a href=\"https:\/\/sabik.com\/wp-content\/uploads\/2024\/10\/spx-aids-to-navigation_sabik_datasheet_mpv2_2023.pdf\">Ficha t\u00e9cnica del MPV II (pdf EN)<\/a><\/p>\n<p><a href=\"https:\/\/sabik.com\/manuals\/Sabik_MPVII_Product_Manual.pdf\" target=\"_blank\" rel=\"noopener\">Manual de producto del MPV II (pdf EN)<\/a>[\/vc_column_text][\/vc_column][\/vc_row][vc_row][vc_column][mk_padding_divider][\/vc_column][\/vc_row][vc_row][vc_column width=\u00bb1\/6&#8243;][\/vc_column][vc_column width=\u00bb2\/3&#8243;][vc_video max_width=\u00bb900&#8243; link=\u00bbhttps:\/\/www.youtube.com\/watch?v=3t9uT3z9szk\u00bb][\/vc_column][vc_column width=\u00bb1\/6&#8243;][\/vc_column][\/vc_row][vc_row][vc_column][mk_divider style=\u00bbthin_solid\u00bb margin_top=\u00bb40&#8243; margin_bottom=\u00bb40&#8243;][\/vc_column][\/vc_row]\n<\/div>","protected":false},"excerpt":{"rendered":"<p><img loading=\"lazy\" decoding=\"async\" class=\"alignnone size-full wp-image-250\" src=\"https:\/\/sabik.com\/wp-content\/uploads\/2024\/10\/bluetooth_text.png\" alt=\"Por Bluetooth\" width=\"75\" height=\"100\" srcset=\"https:\/\/sabik.com\/wp-content\/uploads\/2024\/10\/bluetooth_text.png 300w, https:\/\/sabik.com\/wp-content\/uploads\/2024\/10\/bluetooth_text-225x300.png 225w\" sizes=\"auto, (max-width: 75px) 100vw, 75px\" \/><img loading=\"lazy\" decoding=\"async\" class=\"alignnone size-full wp-image-251\" src=\"https:\/\/sabik.com\/wp-content\/uploads\/2024\/10\/cellular_text.png\" alt=\"de celular\" width=\"75\" height=\"100\" srcset=\"https:\/\/sabik.com\/wp-content\/uploads\/2024\/10\/cellular_text.png 300w, https:\/\/sabik.com\/wp-content\/uploads\/2024\/10\/cellular_text-225x300.png 225w\" sizes=\"auto, (max-width: 75px) 100vw, 75px\" \/><\/p>\n<ul>\n<li>Robusta carcasa de aleaci\u00f3n de bronce<\/li>\n<li>Sumergible hasta 100 m<\/li>\n<li>Reemplazo directo de MPV LED<\/li>\n<li>Bajo consumo, ciclo de bater\u00eda de m\u00e1s de 3 a\u00f1os<\/li>\n<li>Funci\u00f3n tricolor (blanco\/rojo\/verde o amarillo\/rojo\/verde)<\/li>\n<li>Monitoreo GNSS con 2,5 m de precisi\u00f3n<\/li>\n<\/ul>\n","protected":false},"featured_media":1303,"template":"","meta":{"_improvement_type_select":"improve_an_existing","_thumb_yes_seoaic":false,"_frame_yes_seoaic":false,"seoaic_generate_description":"","seoaic_improve_instructions_prompt":"","seoaic_rollback_content_improvement":"","seoaic_idea_thumbnail_generator":"","thumbnail_generated":false,"thumbnail_generate_prompt":"","seoaic_article_description":""},"product_brand":[],"product_cat":[174],"product_tag":[],"class_list":{"0":"post-2429","1":"product","2":"type-product","3":"status-publish","4":"has-post-thumbnail","6":"product_cat-luces-especiales","8":"first","9":"instock","10":"featured","11":"shipping-taxable","12":"product-type-simple"},"yoast_head":"<!-- This site is optimized with the Yoast SEO Premium plugin v26.2 (Yoast SEO v27.5) - https:\/\/yoast.com\/product\/yoast-seo-premium-wordpress\/ -->\n<title>MPV II | Sabik<\/title>\n<meta name=\"description\" content=\"La MPV II es la linterna para boyas de hielo m\u00e1s resistente jam\u00e1s fabricada, con un robusto cuerpo de aleaci\u00f3n de bronce y una gruesa lente de policarbonato moldeado.\" \/>\n<meta name=\"robots\" content=\"index, follow, max-snippet:-1, max-image-preview:large, max-video-preview:-1\" \/>\n<link rel=\"canonical\" href=\"https:\/\/sabik.com\/es\/producto\/linterna-de-boya-de-hielo-mpv-ii\/\" \/>\n<meta property=\"og:locale\" content=\"es_ES\" \/>\n<meta property=\"og:type\" content=\"article\" \/>\n<meta property=\"og:title\" content=\"Linterna de boya de hielo MPV II\" \/>\n<meta property=\"og:description\" content=\"La MPV II es la linterna para boyas de hielo m\u00e1s resistente jam\u00e1s fabricada, con un robusto cuerpo de aleaci\u00f3n de bronce y una gruesa lente de policarbonato moldeado.\" \/>\n<meta property=\"og:url\" content=\"https:\/\/sabik.com\/es\/producto\/linterna-de-boya-de-hielo-mpv-ii\/\" \/>\n<meta property=\"og:site_name\" content=\"Sabik\" \/>\n<meta property=\"article:modified_time\" content=\"2025-01-20T10:16:51+00:00\" \/>\n<meta property=\"og:image\" content=\"https:\/\/sabik.com\/wp-content\/uploads\/2024\/10\/mpv-ii.jpg\" \/>\n\t<meta property=\"og:image:width\" content=\"1000\" \/>\n\t<meta property=\"og:image:height\" content=\"1000\" \/>\n\t<meta property=\"og:image:type\" content=\"image\/jpeg\" \/>\n<meta name=\"twitter:card\" content=\"summary_large_image\" \/>\n<meta name=\"twitter:label1\" content=\"Tiempo de lectura\" \/>\n\t<meta name=\"twitter:data1\" content=\"2 minutos\" \/>\n<script type=\"application\/ld+json\" class=\"yoast-schema-graph\">{\"@context\":\"https:\\\/\\\/schema.org\",\"@graph\":[{\"@type\":\"WebPage\",\"@id\":\"https:\\\/\\\/sabik.com\\\/es\\\/producto\\\/linterna-de-boya-de-hielo-mpv-ii\\\/\",\"url\":\"https:\\\/\\\/sabik.com\\\/es\\\/producto\\\/linterna-de-boya-de-hielo-mpv-ii\\\/\",\"name\":\"MPV II | Sabik\",\"isPartOf\":{\"@id\":\"https:\\\/\\\/sabik.com\\\/#website\"},\"primaryImageOfPage\":{\"@id\":\"https:\\\/\\\/sabik.com\\\/es\\\/producto\\\/linterna-de-boya-de-hielo-mpv-ii\\\/#primaryimage\"},\"image\":{\"@id\":\"https:\\\/\\\/sabik.com\\\/es\\\/producto\\\/linterna-de-boya-de-hielo-mpv-ii\\\/#primaryimage\"},\"thumbnailUrl\":\"https:\\\/\\\/sabik.com\\\/wp-content\\\/uploads\\\/2024\\\/10\\\/mpv-ii.jpg\",\"datePublished\":\"2024-10-03T07:46:18+00:00\",\"dateModified\":\"2025-01-20T10:16:51+00:00\",\"description\":\"La MPV II es la linterna para boyas de hielo m\u00e1s resistente jam\u00e1s fabricada, con un robusto cuerpo de aleaci\u00f3n de bronce y una gruesa lente de policarbonato moldeado.\",\"breadcrumb\":{\"@id\":\"https:\\\/\\\/sabik.com\\\/es\\\/producto\\\/linterna-de-boya-de-hielo-mpv-ii\\\/#breadcrumb\"},\"inLanguage\":\"es\",\"potentialAction\":[{\"@type\":\"ReadAction\",\"target\":[\"https:\\\/\\\/sabik.com\\\/es\\\/producto\\\/linterna-de-boya-de-hielo-mpv-ii\\\/\"]}]},{\"@type\":\"ImageObject\",\"inLanguage\":\"es\",\"@id\":\"https:\\\/\\\/sabik.com\\\/es\\\/producto\\\/linterna-de-boya-de-hielo-mpv-ii\\\/#primaryimage\",\"url\":\"https:\\\/\\\/sabik.com\\\/wp-content\\\/uploads\\\/2024\\\/10\\\/mpv-ii.jpg\",\"contentUrl\":\"https:\\\/\\\/sabik.com\\\/wp-content\\\/uploads\\\/2024\\\/10\\\/mpv-ii.jpg\",\"width\":1000,\"height\":1000,\"caption\":\"MPV II\"},{\"@type\":\"BreadcrumbList\",\"@id\":\"https:\\\/\\\/sabik.com\\\/es\\\/producto\\\/linterna-de-boya-de-hielo-mpv-ii\\\/#breadcrumb\",\"itemListElement\":[{\"@type\":\"ListItem\",\"position\":1,\"name\":\"Home\",\"item\":\"https:\\\/\\\/sabik.com\\\/es\\\/\"},{\"@type\":\"ListItem\",\"position\":2,\"name\":\"Productos\",\"item\":\"https:\\\/\\\/sabik.com\\\/es\\\/tienda\\\/\"},{\"@type\":\"ListItem\",\"position\":3,\"name\":\"Linterna de boya de hielo MPV II\"}]},{\"@type\":\"WebSite\",\"@id\":\"https:\\\/\\\/sabik.com\\\/#website\",\"url\":\"https:\\\/\\\/sabik.com\\\/\",\"name\":\"Sabik\",\"description\":\"Global Leader in Maritime Aids to Navigation\",\"potentialAction\":[{\"@type\":\"SearchAction\",\"target\":{\"@type\":\"EntryPoint\",\"urlTemplate\":\"https:\\\/\\\/sabik.com\\\/?s={search_term_string}\"},\"query-input\":{\"@type\":\"PropertyValueSpecification\",\"valueRequired\":true,\"valueName\":\"search_term_string\"}}],\"inLanguage\":\"es\"}]}<\/script>\n<!-- \/ Yoast SEO Premium plugin. -->","yoast_head_json":{"title":"MPV II | Sabik","description":"La MPV II es la linterna para boyas de hielo m\u00e1s resistente jam\u00e1s fabricada, con un robusto cuerpo de aleaci\u00f3n de bronce y una gruesa lente de policarbonato moldeado.","robots":{"index":"index","follow":"follow","max-snippet":"max-snippet:-1","max-image-preview":"max-image-preview:large","max-video-preview":"max-video-preview:-1"},"canonical":"https:\/\/sabik.com\/es\/producto\/linterna-de-boya-de-hielo-mpv-ii\/","og_locale":"es_ES","og_type":"article","og_title":"Linterna de boya de hielo MPV II","og_description":"La MPV II es la linterna para boyas de hielo m\u00e1s resistente jam\u00e1s fabricada, con un robusto cuerpo de aleaci\u00f3n de bronce y una gruesa lente de policarbonato moldeado.","og_url":"https:\/\/sabik.com\/es\/producto\/linterna-de-boya-de-hielo-mpv-ii\/","og_site_name":"Sabik","article_modified_time":"2025-01-20T10:16:51+00:00","og_image":[{"width":1000,"height":1000,"url":"https:\/\/sabik.com\/wp-content\/uploads\/2024\/10\/mpv-ii.jpg","type":"image\/jpeg"}],"twitter_card":"summary_large_image","twitter_misc":{"Tiempo de lectura":"2 minutos"},"schema":{"@context":"https:\/\/schema.org","@graph":[{"@type":"WebPage","@id":"https:\/\/sabik.com\/es\/producto\/linterna-de-boya-de-hielo-mpv-ii\/","url":"https:\/\/sabik.com\/es\/producto\/linterna-de-boya-de-hielo-mpv-ii\/","name":"MPV II | Sabik","isPartOf":{"@id":"https:\/\/sabik.com\/#website"},"primaryImageOfPage":{"@id":"https:\/\/sabik.com\/es\/producto\/linterna-de-boya-de-hielo-mpv-ii\/#primaryimage"},"image":{"@id":"https:\/\/sabik.com\/es\/producto\/linterna-de-boya-de-hielo-mpv-ii\/#primaryimage"},"thumbnailUrl":"https:\/\/sabik.com\/wp-content\/uploads\/2024\/10\/mpv-ii.jpg","datePublished":"2024-10-03T07:46:18+00:00","dateModified":"2025-01-20T10:16:51+00:00","description":"La MPV II es la linterna para boyas de hielo m\u00e1s resistente jam\u00e1s fabricada, con un robusto cuerpo de aleaci\u00f3n de bronce y una gruesa lente de policarbonato moldeado.","breadcrumb":{"@id":"https:\/\/sabik.com\/es\/producto\/linterna-de-boya-de-hielo-mpv-ii\/#breadcrumb"},"inLanguage":"es","potentialAction":[{"@type":"ReadAction","target":["https:\/\/sabik.com\/es\/producto\/linterna-de-boya-de-hielo-mpv-ii\/"]}]},{"@type":"ImageObject","inLanguage":"es","@id":"https:\/\/sabik.com\/es\/producto\/linterna-de-boya-de-hielo-mpv-ii\/#primaryimage","url":"https:\/\/sabik.com\/wp-content\/uploads\/2024\/10\/mpv-ii.jpg","contentUrl":"https:\/\/sabik.com\/wp-content\/uploads\/2024\/10\/mpv-ii.jpg","width":1000,"height":1000,"caption":"MPV II"},{"@type":"BreadcrumbList","@id":"https:\/\/sabik.com\/es\/producto\/linterna-de-boya-de-hielo-mpv-ii\/#breadcrumb","itemListElement":[{"@type":"ListItem","position":1,"name":"Home","item":"https:\/\/sabik.com\/es\/"},{"@type":"ListItem","position":2,"name":"Productos","item":"https:\/\/sabik.com\/es\/tienda\/"},{"@type":"ListItem","position":3,"name":"Linterna de boya de hielo MPV II"}]},{"@type":"WebSite","@id":"https:\/\/sabik.com\/#website","url":"https:\/\/sabik.com\/","name":"Sabik","description":"Global Leader in Maritime Aids to Navigation","potentialAction":[{"@type":"SearchAction","target":{"@type":"EntryPoint","urlTemplate":"https:\/\/sabik.com\/?s={search_term_string}"},"query-input":{"@type":"PropertyValueSpecification","valueRequired":true,"valueName":"search_term_string"}}],"inLanguage":"es"}]}},"_links":{"self":[{"href":"https:\/\/sabik.com\/es\/wp-json\/wp\/v2\/product\/2429","targetHints":{"allow":["GET"]}}],"collection":[{"href":"https:\/\/sabik.com\/es\/wp-json\/wp\/v2\/product"}],"about":[{"href":"https:\/\/sabik.com\/es\/wp-json\/wp\/v2\/types\/product"}],"wp:featuredmedia":[{"embeddable":true,"href":"https:\/\/sabik.com\/es\/wp-json\/wp\/v2\/media\/1303"}],"wp:attachment":[{"href":"https:\/\/sabik.com\/es\/wp-json\/wp\/v2\/media?parent=2429"}],"wp:term":[{"taxonomy":"product_brand","embeddable":true,"href":"https:\/\/sabik.com\/es\/wp-json\/wp\/v2\/product_brand?post=2429"},{"taxonomy":"product_cat","embeddable":true,"href":"https:\/\/sabik.com\/es\/wp-json\/wp\/v2\/product_cat?post=2429"},{"taxonomy":"product_tag","embeddable":true,"href":"https:\/\/sabik.com\/es\/wp-json\/wp\/v2\/product_tag?post=2429"}],"curies":[{"name":"wp","href":"https:\/\/api.w.org\/{rel}","templated":true}]}}