{"id":2432,"date":"2024-10-03T10:42:51","date_gmt":"2024-10-03T07:42:51","guid":{"rendered":"https:\/\/sabik.com\/product\/baliza-de-radar-de-doble-banda-hekleo-2xsr\/"},"modified":"2025-01-20T12:16:51","modified_gmt":"2025-01-20T10:16:51","slug":"baliza-de-radar-de-doble-banda-hekleo-2xsr","status":"publish","type":"product","link":"https:\/\/sabik.com\/es\/producto\/baliza-de-radar-de-doble-banda-hekleo-2xsr\/","title":{"rendered":"Baliza de radar de doble banda HEKLEO-2XSR"},"content":{"rendered":"<div class=\"wpb-content-wrapper\">[vc_row][vc_column][mk_padding_divider][\/vc_column][\/vc_row][vc_row][vc_column width=\u00bb1\/2&#8243;][vc_column_text css=\u00bb.vc_custom_1728538507404{margin-bottom: 0px !important;}\u00bb]\n<h2>Informaci\u00f3n sobre el producto:<\/h2>\n[\/vc_column_text][\/vc_column][vc_column width=\u00bb1\/2&#8243;][vc_column_text css=\u00bb.vc_custom_1728972641763{margin-bottom: 0px !important;}\u00bb]La HEKLEO-2XSR es una baliza radar de doble banda con agilidad de frecuencia que funciona tanto en la banda S marina como en la banda X. Su dise\u00f1o ligero y sus funciones de programaci\u00f3n intuitivas hacen que la instalaci\u00f3n sea sencilla y eficaz. Con un bajo consumo de energ\u00eda y un periodo de funcionamiento configurable, la HEKLEO-2XSR puede integrarse f\u00e1cilmente con sistemas alimentados por energ\u00eda solar. Su robusta construcci\u00f3n presenta un cuerpo de polietileno estabilizado a los rayos UV que no se corroe y ofrece una protecci\u00f3n contra la inmersi\u00f3n IP67, por lo que es ideal para entornos marinos y de alta mar dif\u00edciles.[\/vc_column_text][\/vc_column][\/vc_row][vc_row][vc_column][mk_padding_divider][\/vc_column][\/vc_row][vc_row][vc_column width=\u00bb1\/2&#8243;][vc_column_text css=\u00bb.vc_custom_1728538512684{margin-bottom: 0px !important;}\u00bb]\n<h2>Documentaci\u00f3n del producto:<\/h2>\n[\/vc_column_text][\/vc_column][vc_column width=\u00bb1\/2&#8243;][vc_column_text css=\u00bb.vc_custom_1731913387220{margin-bottom: 0px !important;}\u00bb]<a href=\"https:\/\/sabik.com\/wp-content\/uploads\/2024\/10\/sabik_marine_datasheet_heklo-2xs-racon_2021_version-1.pdf\">Ficha t\u00e9cnica del HEKLEO-2XSR (pdf EN)<\/a><\/p>\n<p><a href=\"https:\/\/sabik.com\/wp-content\/uploads\/2024\/10\/sabik_marine_datasheet_heklo-2xsr_2021_es.pdf\">Ficha t\u00e9cnica del HEKLEO-2XSR (pdf ES)<\/a><\/p>\n<p><a href=\"https:\/\/sabik.com\/wp-content\/uploads\/2024\/11\/sabik_hekleo-2xsr_manual_french_english.pdf\">Manual de producto del HEKLEO-2XSR (pdf EN, FR)<\/a>[\/vc_column_text][\/vc_column][\/vc_row][vc_row][vc_column][mk_padding_divider][\/vc_column][\/vc_row][vc_row][vc_column][mk_divider style=\u00bbthin_solid\u00bb margin_top=\u00bb40&#8243; margin_bottom=\u00bb40&#8243;][\/vc_column][\/vc_row]\n<\/div>","protected":false},"excerpt":{"rendered":"<ul>\n<li>Funciona en las bandas S y X con supresi\u00f3n de l\u00f3bulos laterales<\/li>\n<li>Bajo consumo y c\u00f3digo Morse\/caracteres programables por el usuario<\/li>\n<li>Programable in situ, ligera y resistente a la corrosi\u00f3n<\/li>\n<li>Cumple la normativa IMO\/IALA y no requiere mantenimiento<\/li>\n<li>Autocontrol y calibraci\u00f3n autom\u00e1ticos<\/li>\n<\/ul>\n","protected":false},"featured_media":1207,"template":"","meta":{"_improvement_type_select":"improve_an_existing","_thumb_yes_seoaic":false,"_frame_yes_seoaic":false,"seoaic_generate_description":"","seoaic_improve_instructions_prompt":"","seoaic_rollback_content_improvement":"","seoaic_idea_thumbnail_generator":"","thumbnail_generated":false,"thumbnail_generate_prompt":"","seoaic_article_description":""},"product_brand":[],"product_cat":[179],"product_tag":[],"class_list":{"0":"post-2432","1":"product","2":"type-product","3":"status-publish","4":"has-post-thumbnail","6":"product_cat-otros","8":"first","9":"instock","10":"featured","11":"shipping-taxable","12":"product-type-simple"},"yoast_head":"<!-- This site is optimized with the Yoast SEO Premium plugin v26.2 (Yoast SEO v27.4) - https:\/\/yoast.com\/product\/yoast-seo-premium-wordpress\/ -->\n<title>Baliza de radar de doble banda HEKLEO-2XSR | Sabik<\/title>\n<meta name=\"description\" content=\"La HEKLEO-2XSR, f\u00e1cil de instalar, es una baliza de radar de doble banda con agilidad de frecuencia que funciona tanto en la banda S marina como en la banda X.\" \/>\n<meta name=\"robots\" content=\"index, follow, max-snippet:-1, max-image-preview:large, max-video-preview:-1\" \/>\n<link rel=\"canonical\" href=\"https:\/\/sabik.com\/es\/producto\/baliza-de-radar-de-doble-banda-hekleo-2xsr\/\" \/>\n<meta property=\"og:locale\" content=\"es_ES\" \/>\n<meta property=\"og:type\" content=\"article\" \/>\n<meta property=\"og:title\" content=\"Baliza de radar de doble banda HEKLEO-2XSR\" \/>\n<meta property=\"og:description\" content=\"La HEKLEO-2XSR, f\u00e1cil de instalar, es una baliza de radar de doble banda con agilidad de frecuencia que funciona tanto en la banda S marina como en la banda X.\" \/>\n<meta property=\"og:url\" content=\"https:\/\/sabik.com\/es\/producto\/baliza-de-radar-de-doble-banda-hekleo-2xsr\/\" \/>\n<meta property=\"og:site_name\" content=\"Sabik\" \/>\n<meta property=\"article:modified_time\" content=\"2025-01-20T10:16:51+00:00\" \/>\n<meta property=\"og:image\" content=\"https:\/\/sabik.com\/wp-content\/uploads\/2024\/10\/hekleo-2xs-racon.jpg\" \/>\n\t<meta property=\"og:image:width\" content=\"1000\" \/>\n\t<meta property=\"og:image:height\" content=\"1000\" \/>\n\t<meta property=\"og:image:type\" content=\"image\/jpeg\" \/>\n<meta name=\"twitter:card\" content=\"summary_large_image\" \/>\n<meta name=\"twitter:label1\" content=\"Tiempo de lectura\" \/>\n\t<meta name=\"twitter:data1\" content=\"1 minuto\" \/>\n<script type=\"application\/ld+json\" class=\"yoast-schema-graph\">{\"@context\":\"https:\\\/\\\/schema.org\",\"@graph\":[{\"@type\":\"WebPage\",\"@id\":\"https:\\\/\\\/sabik.com\\\/es\\\/producto\\\/baliza-de-radar-de-doble-banda-hekleo-2xsr\\\/\",\"url\":\"https:\\\/\\\/sabik.com\\\/es\\\/producto\\\/baliza-de-radar-de-doble-banda-hekleo-2xsr\\\/\",\"name\":\"Baliza de radar de doble banda HEKLEO-2XSR | Sabik\",\"isPartOf\":{\"@id\":\"https:\\\/\\\/sabik.com\\\/#website\"},\"primaryImageOfPage\":{\"@id\":\"https:\\\/\\\/sabik.com\\\/es\\\/producto\\\/baliza-de-radar-de-doble-banda-hekleo-2xsr\\\/#primaryimage\"},\"image\":{\"@id\":\"https:\\\/\\\/sabik.com\\\/es\\\/producto\\\/baliza-de-radar-de-doble-banda-hekleo-2xsr\\\/#primaryimage\"},\"thumbnailUrl\":\"https:\\\/\\\/sabik.com\\\/wp-content\\\/uploads\\\/2024\\\/10\\\/hekleo-2xs-racon.jpg\",\"datePublished\":\"2024-10-03T07:42:51+00:00\",\"dateModified\":\"2025-01-20T10:16:51+00:00\",\"description\":\"La HEKLEO-2XSR, f\u00e1cil de instalar, es una baliza de radar de doble banda con agilidad de frecuencia que funciona tanto en la banda S marina como en la banda X.\",\"breadcrumb\":{\"@id\":\"https:\\\/\\\/sabik.com\\\/es\\\/producto\\\/baliza-de-radar-de-doble-banda-hekleo-2xsr\\\/#breadcrumb\"},\"inLanguage\":\"es\",\"potentialAction\":[{\"@type\":\"ReadAction\",\"target\":[\"https:\\\/\\\/sabik.com\\\/es\\\/producto\\\/baliza-de-radar-de-doble-banda-hekleo-2xsr\\\/\"]}]},{\"@type\":\"ImageObject\",\"inLanguage\":\"es\",\"@id\":\"https:\\\/\\\/sabik.com\\\/es\\\/producto\\\/baliza-de-radar-de-doble-banda-hekleo-2xsr\\\/#primaryimage\",\"url\":\"https:\\\/\\\/sabik.com\\\/wp-content\\\/uploads\\\/2024\\\/10\\\/hekleo-2xs-racon.jpg\",\"contentUrl\":\"https:\\\/\\\/sabik.com\\\/wp-content\\\/uploads\\\/2024\\\/10\\\/hekleo-2xs-racon.jpg\",\"width\":1000,\"height\":1000,\"caption\":\"Hekleo-2xs-racon\"},{\"@type\":\"BreadcrumbList\",\"@id\":\"https:\\\/\\\/sabik.com\\\/es\\\/producto\\\/baliza-de-radar-de-doble-banda-hekleo-2xsr\\\/#breadcrumb\",\"itemListElement\":[{\"@type\":\"ListItem\",\"position\":1,\"name\":\"Home\",\"item\":\"https:\\\/\\\/sabik.com\\\/es\\\/\"},{\"@type\":\"ListItem\",\"position\":2,\"name\":\"Productos\",\"item\":\"https:\\\/\\\/sabik.com\\\/es\\\/tienda\\\/\"},{\"@type\":\"ListItem\",\"position\":3,\"name\":\"Baliza de radar de doble banda HEKLEO-2XSR\"}]},{\"@type\":\"WebSite\",\"@id\":\"https:\\\/\\\/sabik.com\\\/#website\",\"url\":\"https:\\\/\\\/sabik.com\\\/\",\"name\":\"Sabik\",\"description\":\"Global Leader in Maritime Aids to Navigation\",\"potentialAction\":[{\"@type\":\"SearchAction\",\"target\":{\"@type\":\"EntryPoint\",\"urlTemplate\":\"https:\\\/\\\/sabik.com\\\/?s={search_term_string}\"},\"query-input\":{\"@type\":\"PropertyValueSpecification\",\"valueRequired\":true,\"valueName\":\"search_term_string\"}}],\"inLanguage\":\"es\"}]}<\/script>\n<!-- \/ Yoast SEO Premium plugin. -->","yoast_head_json":{"title":"Baliza de radar de doble banda HEKLEO-2XSR | Sabik","description":"La HEKLEO-2XSR, f\u00e1cil de instalar, es una baliza de radar de doble banda con agilidad de frecuencia que funciona tanto en la banda S marina como en la banda X.","robots":{"index":"index","follow":"follow","max-snippet":"max-snippet:-1","max-image-preview":"max-image-preview:large","max-video-preview":"max-video-preview:-1"},"canonical":"https:\/\/sabik.com\/es\/producto\/baliza-de-radar-de-doble-banda-hekleo-2xsr\/","og_locale":"es_ES","og_type":"article","og_title":"Baliza de radar de doble banda HEKLEO-2XSR","og_description":"La HEKLEO-2XSR, f\u00e1cil de instalar, es una baliza de radar de doble banda con agilidad de frecuencia que funciona tanto en la banda S marina como en la banda X.","og_url":"https:\/\/sabik.com\/es\/producto\/baliza-de-radar-de-doble-banda-hekleo-2xsr\/","og_site_name":"Sabik","article_modified_time":"2025-01-20T10:16:51+00:00","og_image":[{"width":1000,"height":1000,"url":"https:\/\/sabik.com\/wp-content\/uploads\/2024\/10\/hekleo-2xs-racon.jpg","type":"image\/jpeg"}],"twitter_card":"summary_large_image","twitter_misc":{"Tiempo de lectura":"1 minuto"},"schema":{"@context":"https:\/\/schema.org","@graph":[{"@type":"WebPage","@id":"https:\/\/sabik.com\/es\/producto\/baliza-de-radar-de-doble-banda-hekleo-2xsr\/","url":"https:\/\/sabik.com\/es\/producto\/baliza-de-radar-de-doble-banda-hekleo-2xsr\/","name":"Baliza de radar de doble banda HEKLEO-2XSR | Sabik","isPartOf":{"@id":"https:\/\/sabik.com\/#website"},"primaryImageOfPage":{"@id":"https:\/\/sabik.com\/es\/producto\/baliza-de-radar-de-doble-banda-hekleo-2xsr\/#primaryimage"},"image":{"@id":"https:\/\/sabik.com\/es\/producto\/baliza-de-radar-de-doble-banda-hekleo-2xsr\/#primaryimage"},"thumbnailUrl":"https:\/\/sabik.com\/wp-content\/uploads\/2024\/10\/hekleo-2xs-racon.jpg","datePublished":"2024-10-03T07:42:51+00:00","dateModified":"2025-01-20T10:16:51+00:00","description":"La HEKLEO-2XSR, f\u00e1cil de instalar, es una baliza de radar de doble banda con agilidad de frecuencia que funciona tanto en la banda S marina como en la banda X.","breadcrumb":{"@id":"https:\/\/sabik.com\/es\/producto\/baliza-de-radar-de-doble-banda-hekleo-2xsr\/#breadcrumb"},"inLanguage":"es","potentialAction":[{"@type":"ReadAction","target":["https:\/\/sabik.com\/es\/producto\/baliza-de-radar-de-doble-banda-hekleo-2xsr\/"]}]},{"@type":"ImageObject","inLanguage":"es","@id":"https:\/\/sabik.com\/es\/producto\/baliza-de-radar-de-doble-banda-hekleo-2xsr\/#primaryimage","url":"https:\/\/sabik.com\/wp-content\/uploads\/2024\/10\/hekleo-2xs-racon.jpg","contentUrl":"https:\/\/sabik.com\/wp-content\/uploads\/2024\/10\/hekleo-2xs-racon.jpg","width":1000,"height":1000,"caption":"Hekleo-2xs-racon"},{"@type":"BreadcrumbList","@id":"https:\/\/sabik.com\/es\/producto\/baliza-de-radar-de-doble-banda-hekleo-2xsr\/#breadcrumb","itemListElement":[{"@type":"ListItem","position":1,"name":"Home","item":"https:\/\/sabik.com\/es\/"},{"@type":"ListItem","position":2,"name":"Productos","item":"https:\/\/sabik.com\/es\/tienda\/"},{"@type":"ListItem","position":3,"name":"Baliza de radar de doble banda HEKLEO-2XSR"}]},{"@type":"WebSite","@id":"https:\/\/sabik.com\/#website","url":"https:\/\/sabik.com\/","name":"Sabik","description":"Global Leader in Maritime Aids to Navigation","potentialAction":[{"@type":"SearchAction","target":{"@type":"EntryPoint","urlTemplate":"https:\/\/sabik.com\/?s={search_term_string}"},"query-input":{"@type":"PropertyValueSpecification","valueRequired":true,"valueName":"search_term_string"}}],"inLanguage":"es"}]}},"_links":{"self":[{"href":"https:\/\/sabik.com\/es\/wp-json\/wp\/v2\/product\/2432","targetHints":{"allow":["GET"]}}],"collection":[{"href":"https:\/\/sabik.com\/es\/wp-json\/wp\/v2\/product"}],"about":[{"href":"https:\/\/sabik.com\/es\/wp-json\/wp\/v2\/types\/product"}],"wp:featuredmedia":[{"embeddable":true,"href":"https:\/\/sabik.com\/es\/wp-json\/wp\/v2\/media\/1207"}],"wp:attachment":[{"href":"https:\/\/sabik.com\/es\/wp-json\/wp\/v2\/media?parent=2432"}],"wp:term":[{"taxonomy":"product_brand","embeddable":true,"href":"https:\/\/sabik.com\/es\/wp-json\/wp\/v2\/product_brand?post=2432"},{"taxonomy":"product_cat","embeddable":true,"href":"https:\/\/sabik.com\/es\/wp-json\/wp\/v2\/product_cat?post=2432"},{"taxonomy":"product_tag","embeddable":true,"href":"https:\/\/sabik.com\/es\/wp-json\/wp\/v2\/product_tag?post=2432"}],"curies":[{"name":"wp","href":"https:\/\/api.w.org\/{rel}","templated":true}]}}