{"id":2443,"date":"2024-10-03T10:32:43","date_gmt":"2024-10-03T07:32:43","guid":{"rendered":"https:\/\/sabik.com\/product\/proyector-ltf-400\/"},"modified":"2025-01-20T12:16:51","modified_gmt":"2025-01-20T10:16:51","slug":"proyector-ltf-400","status":"publish","type":"product","link":"https:\/\/sabik.com\/es\/producto\/proyector-ltf-400\/","title":{"rendered":"Proyector LTF 400"},"content":{"rendered":"<div class=\"wpb-content-wrapper\">[vc_row][vc_column][mk_padding_divider][\/vc_column][\/vc_row][vc_row][vc_column width=\u00bb1\/2&#8243;][vc_column_text css=\u00bb.vc_custom_1728538507404{margin-bottom: 0px !important;}\u00bb]\n<h2>Informaci\u00f3n sobre el producto:<\/h2>\n[\/vc_column_text][\/vc_column][vc_column width=\u00bb1\/2&#8243;][vc_column_text css=\u00bb.vc_custom_1728976047681{margin-bottom: 0px !important;}\u00bb]El LTF 400 de Sabik es un proyector dise\u00f1ado para iluminar estructuras fijas y se\u00f1ales auxiliares, con un rendimiento excepcional en entornos marinos exigentes, a la vez que es una opci\u00f3n duradera para instalaciones interiores. Disponible en varios \u00e1ngulos de haz y niveles de brillo, puede adaptarse a las necesidades espec\u00edficas de iluminaci\u00f3n y consumo de energ\u00eda. Su dise\u00f1o basado en LED, que no requiere mantenimiento, combinado con un controlador integrado de alta eficiencia, la hace ideal para instalaciones remotas y alimentadas por energ\u00eda solar.[\/vc_column_text][\/vc_column][\/vc_row][vc_row][vc_column][mk_padding_divider][\/vc_column][\/vc_row][vc_row][vc_column width=\u00bb1\/2&#8243;][vc_column_text css=\u00bb.vc_custom_1728538512684{margin-bottom: 0px !important;}\u00bb]\n<h2>Documentaci\u00f3n del producto:<\/h2>\n[\/vc_column_text][\/vc_column][vc_column width=\u00bb1\/2&#8243;][vc_column_text css=\u00bb.vc_custom_1731591471413{margin-bottom: 0px !important;}\u00bb]<a href=\"https:\/\/sabik.com\/wp-content\/uploads\/2024\/10\/sabik_marine_datasheet_ltf_400_2020.pdf\">Ficha t\u00e9cnica del LTF 400 (pdf EN)<\/a><\/p>\n<p><a href=\"https:\/\/sabik.com\/wp-content\/uploads\/2024\/10\/sabik_marine_spain_datasheet_ltf_400_2020.pdf\">Ficha t\u00e9cnica del LTF 400 (pdf ES)<\/a><\/p>\n<p><a href=\"https:\/\/sabik.com\/manuals\/Sabik_LTF400_Product_Manual.pdf\" target=\"_blank\" rel=\"noopener\">Manual de producto del LTF 400 (pdf EN)<\/a>[\/vc_column_text][\/vc_column][\/vc_row][vc_row][vc_column][mk_padding_divider][\/vc_column][\/vc_row][vc_row][vc_column][mk_divider style=\u00bbthin_solid\u00bb margin_top=\u00bb40&#8243; margin_bottom=\u00bb40&#8243;][\/vc_column][\/vc_row]\n<\/div>","protected":false},"excerpt":{"rendered":"<ul>\n<li>Consumo de energ\u00eda muy bajo, perfecto para instalaciones alimentadas por energ\u00eda solar<\/li>\n<li>Dise\u00f1o duradero, sellado y libre de mantenimiento<\/li>\n<li>Cambio autom\u00e1tico entre los modos diurno y nocturno<\/li>\n<li>Perfil del haz optimizado para la iluminaci\u00f3n uniforme de estructuras<\/li>\n<\/ul>\n","protected":false},"featured_media":1249,"template":"","meta":{"_improvement_type_select":"improve_an_existing","_thumb_yes_seoaic":false,"_frame_yes_seoaic":false,"seoaic_generate_description":"","seoaic_improve_instructions_prompt":"","seoaic_rollback_content_improvement":"","seoaic_idea_thumbnail_generator":"","thumbnail_generated":false,"thumbnail_generate_prompt":"","seoaic_article_description":""},"product_brand":[],"product_cat":[179],"product_tag":[],"class_list":{"0":"post-2443","1":"product","2":"type-product","3":"status-publish","4":"has-post-thumbnail","6":"product_cat-otros","8":"first","9":"instock","10":"featured","11":"shipping-taxable","12":"product-type-simple"},"yoast_head":"<!-- This site is optimized with the Yoast SEO Premium plugin v26.2 (Yoast SEO v27.3) - https:\/\/yoast.com\/product\/yoast-seo-premium-wordpress\/ -->\n<title>Proyector LTF 400 | Sabik<\/title>\n<meta name=\"description\" content=\"El Sabik LTF 400 es un proyector dise\u00f1ado para iluminar estructuras fijas y se\u00f1ales auxiliares, con un rendimiento excepcional en entornos marinos exigentes.\" \/>\n<meta name=\"robots\" content=\"index, follow, max-snippet:-1, max-image-preview:large, max-video-preview:-1\" \/>\n<link rel=\"canonical\" href=\"https:\/\/sabik.com\/es\/producto\/proyector-ltf-400\/\" \/>\n<meta property=\"og:locale\" content=\"es_ES\" \/>\n<meta property=\"og:type\" content=\"article\" \/>\n<meta property=\"og:title\" content=\"Proyector LTF 400\" \/>\n<meta property=\"og:description\" content=\"El Sabik LTF 400 es un proyector dise\u00f1ado para iluminar estructuras fijas y se\u00f1ales auxiliares, con un rendimiento excepcional en entornos marinos exigentes.\" \/>\n<meta property=\"og:url\" content=\"https:\/\/sabik.com\/es\/producto\/proyector-ltf-400\/\" \/>\n<meta property=\"og:site_name\" content=\"Sabik\" \/>\n<meta property=\"article:modified_time\" content=\"2025-01-20T10:16:51+00:00\" \/>\n<meta property=\"og:image\" content=\"https:\/\/sabik.com\/wp-content\/uploads\/2024\/10\/ltf400.jpg\" \/>\n\t<meta property=\"og:image:width\" content=\"1000\" \/>\n\t<meta property=\"og:image:height\" content=\"1000\" \/>\n\t<meta property=\"og:image:type\" content=\"image\/jpeg\" \/>\n<meta name=\"twitter:card\" content=\"summary_large_image\" \/>\n<meta name=\"twitter:label1\" content=\"Tiempo de lectura\" \/>\n\t<meta name=\"twitter:data1\" content=\"1 minuto\" \/>\n<script type=\"application\/ld+json\" class=\"yoast-schema-graph\">{\"@context\":\"https:\\\/\\\/schema.org\",\"@graph\":[{\"@type\":\"WebPage\",\"@id\":\"https:\\\/\\\/sabik.com\\\/es\\\/producto\\\/proyector-ltf-400\\\/\",\"url\":\"https:\\\/\\\/sabik.com\\\/es\\\/producto\\\/proyector-ltf-400\\\/\",\"name\":\"Proyector LTF 400 | Sabik\",\"isPartOf\":{\"@id\":\"https:\\\/\\\/sabik.com\\\/#website\"},\"primaryImageOfPage\":{\"@id\":\"https:\\\/\\\/sabik.com\\\/es\\\/producto\\\/proyector-ltf-400\\\/#primaryimage\"},\"image\":{\"@id\":\"https:\\\/\\\/sabik.com\\\/es\\\/producto\\\/proyector-ltf-400\\\/#primaryimage\"},\"thumbnailUrl\":\"https:\\\/\\\/sabik.com\\\/wp-content\\\/uploads\\\/2024\\\/10\\\/ltf400.jpg\",\"datePublished\":\"2024-10-03T07:32:43+00:00\",\"dateModified\":\"2025-01-20T10:16:51+00:00\",\"description\":\"El Sabik LTF 400 es un proyector dise\u00f1ado para iluminar estructuras fijas y se\u00f1ales auxiliares, con un rendimiento excepcional en entornos marinos exigentes.\",\"breadcrumb\":{\"@id\":\"https:\\\/\\\/sabik.com\\\/es\\\/producto\\\/proyector-ltf-400\\\/#breadcrumb\"},\"inLanguage\":\"es\",\"potentialAction\":[{\"@type\":\"ReadAction\",\"target\":[\"https:\\\/\\\/sabik.com\\\/es\\\/producto\\\/proyector-ltf-400\\\/\"]}]},{\"@type\":\"ImageObject\",\"inLanguage\":\"es\",\"@id\":\"https:\\\/\\\/sabik.com\\\/es\\\/producto\\\/proyector-ltf-400\\\/#primaryimage\",\"url\":\"https:\\\/\\\/sabik.com\\\/wp-content\\\/uploads\\\/2024\\\/10\\\/ltf400.jpg\",\"contentUrl\":\"https:\\\/\\\/sabik.com\\\/wp-content\\\/uploads\\\/2024\\\/10\\\/ltf400.jpg\",\"width\":1000,\"height\":1000,\"caption\":\"LTF 400\"},{\"@type\":\"BreadcrumbList\",\"@id\":\"https:\\\/\\\/sabik.com\\\/es\\\/producto\\\/proyector-ltf-400\\\/#breadcrumb\",\"itemListElement\":[{\"@type\":\"ListItem\",\"position\":1,\"name\":\"Home\",\"item\":\"https:\\\/\\\/sabik.com\\\/es\\\/\"},{\"@type\":\"ListItem\",\"position\":2,\"name\":\"Productos\",\"item\":\"https:\\\/\\\/sabik.com\\\/es\\\/tienda\\\/\"},{\"@type\":\"ListItem\",\"position\":3,\"name\":\"Proyector LTF 400\"}]},{\"@type\":\"WebSite\",\"@id\":\"https:\\\/\\\/sabik.com\\\/#website\",\"url\":\"https:\\\/\\\/sabik.com\\\/\",\"name\":\"Sabik\",\"description\":\"Global Leader in Maritime Aids to Navigation\",\"potentialAction\":[{\"@type\":\"SearchAction\",\"target\":{\"@type\":\"EntryPoint\",\"urlTemplate\":\"https:\\\/\\\/sabik.com\\\/?s={search_term_string}\"},\"query-input\":{\"@type\":\"PropertyValueSpecification\",\"valueRequired\":true,\"valueName\":\"search_term_string\"}}],\"inLanguage\":\"es\"}]}<\/script>\n<!-- \/ Yoast SEO Premium plugin. -->","yoast_head_json":{"title":"Proyector LTF 400 | Sabik","description":"El Sabik LTF 400 es un proyector dise\u00f1ado para iluminar estructuras fijas y se\u00f1ales auxiliares, con un rendimiento excepcional en entornos marinos exigentes.","robots":{"index":"index","follow":"follow","max-snippet":"max-snippet:-1","max-image-preview":"max-image-preview:large","max-video-preview":"max-video-preview:-1"},"canonical":"https:\/\/sabik.com\/es\/producto\/proyector-ltf-400\/","og_locale":"es_ES","og_type":"article","og_title":"Proyector LTF 400","og_description":"El Sabik LTF 400 es un proyector dise\u00f1ado para iluminar estructuras fijas y se\u00f1ales auxiliares, con un rendimiento excepcional en entornos marinos exigentes.","og_url":"https:\/\/sabik.com\/es\/producto\/proyector-ltf-400\/","og_site_name":"Sabik","article_modified_time":"2025-01-20T10:16:51+00:00","og_image":[{"width":1000,"height":1000,"url":"https:\/\/sabik.com\/wp-content\/uploads\/2024\/10\/ltf400.jpg","type":"image\/jpeg"}],"twitter_card":"summary_large_image","twitter_misc":{"Tiempo de lectura":"1 minuto"},"schema":{"@context":"https:\/\/schema.org","@graph":[{"@type":"WebPage","@id":"https:\/\/sabik.com\/es\/producto\/proyector-ltf-400\/","url":"https:\/\/sabik.com\/es\/producto\/proyector-ltf-400\/","name":"Proyector LTF 400 | Sabik","isPartOf":{"@id":"https:\/\/sabik.com\/#website"},"primaryImageOfPage":{"@id":"https:\/\/sabik.com\/es\/producto\/proyector-ltf-400\/#primaryimage"},"image":{"@id":"https:\/\/sabik.com\/es\/producto\/proyector-ltf-400\/#primaryimage"},"thumbnailUrl":"https:\/\/sabik.com\/wp-content\/uploads\/2024\/10\/ltf400.jpg","datePublished":"2024-10-03T07:32:43+00:00","dateModified":"2025-01-20T10:16:51+00:00","description":"El Sabik LTF 400 es un proyector dise\u00f1ado para iluminar estructuras fijas y se\u00f1ales auxiliares, con un rendimiento excepcional en entornos marinos exigentes.","breadcrumb":{"@id":"https:\/\/sabik.com\/es\/producto\/proyector-ltf-400\/#breadcrumb"},"inLanguage":"es","potentialAction":[{"@type":"ReadAction","target":["https:\/\/sabik.com\/es\/producto\/proyector-ltf-400\/"]}]},{"@type":"ImageObject","inLanguage":"es","@id":"https:\/\/sabik.com\/es\/producto\/proyector-ltf-400\/#primaryimage","url":"https:\/\/sabik.com\/wp-content\/uploads\/2024\/10\/ltf400.jpg","contentUrl":"https:\/\/sabik.com\/wp-content\/uploads\/2024\/10\/ltf400.jpg","width":1000,"height":1000,"caption":"LTF 400"},{"@type":"BreadcrumbList","@id":"https:\/\/sabik.com\/es\/producto\/proyector-ltf-400\/#breadcrumb","itemListElement":[{"@type":"ListItem","position":1,"name":"Home","item":"https:\/\/sabik.com\/es\/"},{"@type":"ListItem","position":2,"name":"Productos","item":"https:\/\/sabik.com\/es\/tienda\/"},{"@type":"ListItem","position":3,"name":"Proyector LTF 400"}]},{"@type":"WebSite","@id":"https:\/\/sabik.com\/#website","url":"https:\/\/sabik.com\/","name":"Sabik","description":"Global Leader in Maritime Aids to Navigation","potentialAction":[{"@type":"SearchAction","target":{"@type":"EntryPoint","urlTemplate":"https:\/\/sabik.com\/?s={search_term_string}"},"query-input":{"@type":"PropertyValueSpecification","valueRequired":true,"valueName":"search_term_string"}}],"inLanguage":"es"}]}},"_links":{"self":[{"href":"https:\/\/sabik.com\/es\/wp-json\/wp\/v2\/product\/2443","targetHints":{"allow":["GET"]}}],"collection":[{"href":"https:\/\/sabik.com\/es\/wp-json\/wp\/v2\/product"}],"about":[{"href":"https:\/\/sabik.com\/es\/wp-json\/wp\/v2\/types\/product"}],"wp:featuredmedia":[{"embeddable":true,"href":"https:\/\/sabik.com\/es\/wp-json\/wp\/v2\/media\/1249"}],"wp:attachment":[{"href":"https:\/\/sabik.com\/es\/wp-json\/wp\/v2\/media?parent=2443"}],"wp:term":[{"taxonomy":"product_brand","embeddable":true,"href":"https:\/\/sabik.com\/es\/wp-json\/wp\/v2\/product_brand?post=2443"},{"taxonomy":"product_cat","embeddable":true,"href":"https:\/\/sabik.com\/es\/wp-json\/wp\/v2\/product_cat?post=2443"},{"taxonomy":"product_tag","embeddable":true,"href":"https:\/\/sabik.com\/es\/wp-json\/wp\/v2\/product_tag?post=2443"}],"curies":[{"name":"wp","href":"https:\/\/api.w.org\/{rel}","templated":true}]}}