{"id":2446,"date":"2024-10-03T10:27:55","date_gmt":"2024-10-03T07:27:55","guid":{"rendered":"https:\/\/sabik.com\/product\/linterna-de-alta-intensidad-m44\/"},"modified":"2025-01-20T12:16:51","modified_gmt":"2025-01-20T10:16:51","slug":"linterna-de-alta-intensidad-m44","status":"publish","type":"product","link":"https:\/\/sabik.com\/es\/producto\/linterna-de-alta-intensidad-m44\/","title":{"rendered":"Linterna de Alta Intensidad M44"},"content":{"rendered":"<div class=\"wpb-content-wrapper\">[vc_row][vc_column][mk_padding_divider][\/vc_column][\/vc_row][vc_row][vc_column width=\u00bb1\/2&#8243;][vc_column_text css=\u00bb.vc_custom_1728538507404{margin-bottom: 0px !important;}\u00bb]\n<h2>Informaci\u00f3n sobre el producto:<\/h2>\n[\/vc_column_text][\/vc_column][vc_column width=\u00bb1\/2&#8243;][vc_column_text css=\u00bb.vc_custom_1728975839807{margin-bottom: 0px !important;}\u00bb]La linterna M44 se erige como un faro vers\u00e1til de innovaci\u00f3n en iluminaci\u00f3n de navegaci\u00f3n. Fabricada con precisi\u00f3n con una lente acr\u00edlica duradera y un cuerpo de aluminio de calidad marina, destaca en diversos entornos marinos. Su capacidad de programaci\u00f3n por Bluetooth garantiza una alta eficiencia, mientras que la sincronizaci\u00f3n GNSS opcional y la conectividad LTE-M aportan tecnolog\u00eda avanzada. Con disponibilidad en cuatro colores de se\u00f1al IALA, tres divergencias verticales y compatibilidad con 12-24 VCC, la M44 se adapta a diversas aplicaciones. Adem\u00e1s, la conexi\u00f3n de la linterna a la aplicaci\u00f3n Sabik Bluetooth\u2122 permite realizar ajustes sobre la marcha para adaptarse a las necesidades espec\u00edficas del lugar. Equipado con sincronizaci\u00f3n por cable y sincronizaci\u00f3n GNSS opcional, el M44 ofrece precisi\u00f3n y eficacia en la iluminaci\u00f3n de navegaci\u00f3n.[\/vc_column_text][\/vc_column][\/vc_row][vc_row][vc_column][mk_padding_divider][\/vc_column][\/vc_row][vc_row][vc_column width=\u00bb1\/2&#8243;][vc_column_text css=\u00bb.vc_custom_1728538512684{margin-bottom: 0px !important;}\u00bb]\n<h2>Documentaci\u00f3n del producto:<\/h2>\n[\/vc_column_text][\/vc_column][vc_column width=\u00bb1\/2&#8243;][vc_column_text css=\u00bb.vc_custom_1731589805434{margin-bottom: 0px !important;}\u00bb]<a href=\"https:\/\/sabik.com\/wp-content\/uploads\/2024\/10\/sabik_datasheet_-m44_2024_05032024.pdf\">Ficha t\u00e9cnica de la M44 (pdf EN)<\/a><\/p>\n<p><a href=\"https:\/\/sabik.com\/wp-content\/uploads\/2024\/10\/sabik_datasheet_-m44_2024_es.pdf\">Ficha t\u00e9cnica de la M44 (pdf ES)<\/a><\/p>\n<p><a href=\"https:\/\/sabik.com\/manuals\/Sabik_M44_Product_Manual.pdf\" target=\"_blank\" rel=\"noopener\">Manual de producto de la M44 (pdf EN)<\/a>[\/vc_column_text][\/vc_column][\/vc_row][vc_row][vc_column][mk_padding_divider][\/vc_column][\/vc_row][vc_row][vc_column width=\u00bb1\/6&#8243;][\/vc_column][vc_column width=\u00bb2\/3&#8243;][vc_video max_width=\u00bb900&#8243; link=\u00bbhttps:\/\/www.youtube.com\/watch?v=WsVlaHQYwWA\u00bb][\/vc_column][vc_column width=\u00bb1\/6&#8243;][\/vc_column][\/vc_row][vc_row][vc_column][mk_divider style=\u00bbthin_solid\u00bb margin_top=\u00bb40&#8243; margin_bottom=\u00bb40&#8243;][\/vc_column][\/vc_row]\n<\/div>","protected":false},"excerpt":{"rendered":"<p><img loading=\"lazy\" decoding=\"async\" class=\"alignnone size-full wp-image-250\" src=\"https:\/\/sabik.com\/wp-content\/uploads\/2024\/10\/bluetooth_text.png\" alt=\"Por Bluetooth\" width=\"75\" height=\"100\" srcset=\"https:\/\/sabik.com\/wp-content\/uploads\/2024\/10\/bluetooth_text.png 300w, https:\/\/sabik.com\/wp-content\/uploads\/2024\/10\/bluetooth_text-225x300.png 225w\" sizes=\"auto, (max-width: 75px) 100vw, 75px\" \/><img loading=\"lazy\" decoding=\"async\" class=\"alignnone size-full wp-image-251\" src=\"https:\/\/sabik.com\/wp-content\/uploads\/2024\/10\/cellular_text.png\" alt=\"de celular\" width=\"75\" height=\"100\" srcset=\"https:\/\/sabik.com\/wp-content\/uploads\/2024\/10\/cellular_text.png 300w, https:\/\/sabik.com\/wp-content\/uploads\/2024\/10\/cellular_text-225x300.png 225w\" sizes=\"auto, (max-width: 75px) 100vw, 75px\" \/><\/p>\n<ul>\n<li>Amplia gama de intensidades<\/li>\n<li>Divergencias verticales: 2.5\u00b0, 5\u00b0, 10\u00b0<\/li>\n<li>Dise\u00f1o de alta eficiencia y baja generaci\u00f3n de calor<\/li>\n<li>LED avanzado de alta intensidad<\/li>\n<li>Intensidad d\u00eda\/noche regulable<\/li>\n<\/ul>\n","protected":false},"featured_media":1251,"template":"","meta":{"_improvement_type_select":"improve_an_existing","_thumb_yes_seoaic":false,"_frame_yes_seoaic":false,"seoaic_generate_description":"","seoaic_improve_instructions_prompt":"","seoaic_rollback_content_improvement":"","seoaic_idea_thumbnail_generator":"","thumbnail_generated":false,"thumbnail_generate_prompt":"","seoaic_article_description":""},"product_brand":[],"product_cat":[190],"product_tag":[],"class_list":{"0":"post-2446","1":"product","2":"type-product","3":"status-publish","4":"has-post-thumbnail","6":"product_cat-omnidireccional","8":"first","9":"instock","10":"featured","11":"shipping-taxable","12":"product-type-simple"},"yoast_head":"<!-- This site is optimized with the Yoast SEO Premium plugin v26.2 (Yoast SEO v27.4) - https:\/\/yoast.com\/product\/yoast-seo-premium-wordpress\/ -->\n<title>M44 | Sabik<\/title>\n<meta name=\"description\" content=\"La linterna M44 est\u00e1 fabricada con precisi\u00f3n con una lente acr\u00edlica duradera y un cuerpo de aluminio de calidad marina, por lo que destaca en diversos entornos marinos.\" \/>\n<meta name=\"robots\" content=\"index, follow, max-snippet:-1, max-image-preview:large, max-video-preview:-1\" \/>\n<link rel=\"canonical\" href=\"https:\/\/sabik.com\/es\/producto\/linterna-de-alta-intensidad-m44\/\" \/>\n<meta property=\"og:locale\" content=\"es_ES\" \/>\n<meta property=\"og:type\" content=\"article\" \/>\n<meta property=\"og:title\" content=\"Linterna de Alta Intensidad M44\" \/>\n<meta property=\"og:description\" content=\"La linterna M44 est\u00e1 fabricada con precisi\u00f3n con una lente acr\u00edlica duradera y un cuerpo de aluminio de calidad marina, por lo que destaca en diversos entornos marinos.\" \/>\n<meta property=\"og:url\" content=\"https:\/\/sabik.com\/es\/producto\/linterna-de-alta-intensidad-m44\/\" \/>\n<meta property=\"og:site_name\" content=\"Sabik\" \/>\n<meta property=\"article:modified_time\" content=\"2025-01-20T10:16:51+00:00\" \/>\n<meta property=\"og:image\" content=\"https:\/\/sabik.com\/wp-content\/uploads\/2024\/10\/m44.jpg\" \/>\n\t<meta property=\"og:image:width\" content=\"1000\" \/>\n\t<meta property=\"og:image:height\" content=\"1000\" \/>\n\t<meta property=\"og:image:type\" content=\"image\/jpeg\" \/>\n<meta name=\"twitter:card\" content=\"summary_large_image\" \/>\n<meta name=\"twitter:label1\" content=\"Tiempo de lectura\" \/>\n\t<meta name=\"twitter:data1\" content=\"2 minutos\" \/>\n<script type=\"application\/ld+json\" class=\"yoast-schema-graph\">{\"@context\":\"https:\\\/\\\/schema.org\",\"@graph\":[{\"@type\":\"WebPage\",\"@id\":\"https:\\\/\\\/sabik.com\\\/es\\\/producto\\\/linterna-de-alta-intensidad-m44\\\/\",\"url\":\"https:\\\/\\\/sabik.com\\\/es\\\/producto\\\/linterna-de-alta-intensidad-m44\\\/\",\"name\":\"M44 | Sabik\",\"isPartOf\":{\"@id\":\"https:\\\/\\\/sabik.com\\\/#website\"},\"primaryImageOfPage\":{\"@id\":\"https:\\\/\\\/sabik.com\\\/es\\\/producto\\\/linterna-de-alta-intensidad-m44\\\/#primaryimage\"},\"image\":{\"@id\":\"https:\\\/\\\/sabik.com\\\/es\\\/producto\\\/linterna-de-alta-intensidad-m44\\\/#primaryimage\"},\"thumbnailUrl\":\"https:\\\/\\\/sabik.com\\\/wp-content\\\/uploads\\\/2024\\\/10\\\/m44.jpg\",\"datePublished\":\"2024-10-03T07:27:55+00:00\",\"dateModified\":\"2025-01-20T10:16:51+00:00\",\"description\":\"La linterna M44 est\u00e1 fabricada con precisi\u00f3n con una lente acr\u00edlica duradera y un cuerpo de aluminio de calidad marina, por lo que destaca en diversos entornos marinos.\",\"breadcrumb\":{\"@id\":\"https:\\\/\\\/sabik.com\\\/es\\\/producto\\\/linterna-de-alta-intensidad-m44\\\/#breadcrumb\"},\"inLanguage\":\"es\",\"potentialAction\":[{\"@type\":\"ReadAction\",\"target\":[\"https:\\\/\\\/sabik.com\\\/es\\\/producto\\\/linterna-de-alta-intensidad-m44\\\/\"]}]},{\"@type\":\"ImageObject\",\"inLanguage\":\"es\",\"@id\":\"https:\\\/\\\/sabik.com\\\/es\\\/producto\\\/linterna-de-alta-intensidad-m44\\\/#primaryimage\",\"url\":\"https:\\\/\\\/sabik.com\\\/wp-content\\\/uploads\\\/2024\\\/10\\\/m44.jpg\",\"contentUrl\":\"https:\\\/\\\/sabik.com\\\/wp-content\\\/uploads\\\/2024\\\/10\\\/m44.jpg\",\"width\":1000,\"height\":1000,\"caption\":\"M44\"},{\"@type\":\"BreadcrumbList\",\"@id\":\"https:\\\/\\\/sabik.com\\\/es\\\/producto\\\/linterna-de-alta-intensidad-m44\\\/#breadcrumb\",\"itemListElement\":[{\"@type\":\"ListItem\",\"position\":1,\"name\":\"Home\",\"item\":\"https:\\\/\\\/sabik.com\\\/es\\\/\"},{\"@type\":\"ListItem\",\"position\":2,\"name\":\"Productos\",\"item\":\"https:\\\/\\\/sabik.com\\\/es\\\/tienda\\\/\"},{\"@type\":\"ListItem\",\"position\":3,\"name\":\"Linterna de Alta Intensidad M44\"}]},{\"@type\":\"WebSite\",\"@id\":\"https:\\\/\\\/sabik.com\\\/#website\",\"url\":\"https:\\\/\\\/sabik.com\\\/\",\"name\":\"Sabik\",\"description\":\"Global Leader in Maritime Aids to Navigation\",\"potentialAction\":[{\"@type\":\"SearchAction\",\"target\":{\"@type\":\"EntryPoint\",\"urlTemplate\":\"https:\\\/\\\/sabik.com\\\/?s={search_term_string}\"},\"query-input\":{\"@type\":\"PropertyValueSpecification\",\"valueRequired\":true,\"valueName\":\"search_term_string\"}}],\"inLanguage\":\"es\"}]}<\/script>\n<!-- \/ Yoast SEO Premium plugin. -->","yoast_head_json":{"title":"M44 | Sabik","description":"La linterna M44 est\u00e1 fabricada con precisi\u00f3n con una lente acr\u00edlica duradera y un cuerpo de aluminio de calidad marina, por lo que destaca en diversos entornos marinos.","robots":{"index":"index","follow":"follow","max-snippet":"max-snippet:-1","max-image-preview":"max-image-preview:large","max-video-preview":"max-video-preview:-1"},"canonical":"https:\/\/sabik.com\/es\/producto\/linterna-de-alta-intensidad-m44\/","og_locale":"es_ES","og_type":"article","og_title":"Linterna de Alta Intensidad M44","og_description":"La linterna M44 est\u00e1 fabricada con precisi\u00f3n con una lente acr\u00edlica duradera y un cuerpo de aluminio de calidad marina, por lo que destaca en diversos entornos marinos.","og_url":"https:\/\/sabik.com\/es\/producto\/linterna-de-alta-intensidad-m44\/","og_site_name":"Sabik","article_modified_time":"2025-01-20T10:16:51+00:00","og_image":[{"width":1000,"height":1000,"url":"https:\/\/sabik.com\/wp-content\/uploads\/2024\/10\/m44.jpg","type":"image\/jpeg"}],"twitter_card":"summary_large_image","twitter_misc":{"Tiempo de lectura":"2 minutos"},"schema":{"@context":"https:\/\/schema.org","@graph":[{"@type":"WebPage","@id":"https:\/\/sabik.com\/es\/producto\/linterna-de-alta-intensidad-m44\/","url":"https:\/\/sabik.com\/es\/producto\/linterna-de-alta-intensidad-m44\/","name":"M44 | Sabik","isPartOf":{"@id":"https:\/\/sabik.com\/#website"},"primaryImageOfPage":{"@id":"https:\/\/sabik.com\/es\/producto\/linterna-de-alta-intensidad-m44\/#primaryimage"},"image":{"@id":"https:\/\/sabik.com\/es\/producto\/linterna-de-alta-intensidad-m44\/#primaryimage"},"thumbnailUrl":"https:\/\/sabik.com\/wp-content\/uploads\/2024\/10\/m44.jpg","datePublished":"2024-10-03T07:27:55+00:00","dateModified":"2025-01-20T10:16:51+00:00","description":"La linterna M44 est\u00e1 fabricada con precisi\u00f3n con una lente acr\u00edlica duradera y un cuerpo de aluminio de calidad marina, por lo que destaca en diversos entornos marinos.","breadcrumb":{"@id":"https:\/\/sabik.com\/es\/producto\/linterna-de-alta-intensidad-m44\/#breadcrumb"},"inLanguage":"es","potentialAction":[{"@type":"ReadAction","target":["https:\/\/sabik.com\/es\/producto\/linterna-de-alta-intensidad-m44\/"]}]},{"@type":"ImageObject","inLanguage":"es","@id":"https:\/\/sabik.com\/es\/producto\/linterna-de-alta-intensidad-m44\/#primaryimage","url":"https:\/\/sabik.com\/wp-content\/uploads\/2024\/10\/m44.jpg","contentUrl":"https:\/\/sabik.com\/wp-content\/uploads\/2024\/10\/m44.jpg","width":1000,"height":1000,"caption":"M44"},{"@type":"BreadcrumbList","@id":"https:\/\/sabik.com\/es\/producto\/linterna-de-alta-intensidad-m44\/#breadcrumb","itemListElement":[{"@type":"ListItem","position":1,"name":"Home","item":"https:\/\/sabik.com\/es\/"},{"@type":"ListItem","position":2,"name":"Productos","item":"https:\/\/sabik.com\/es\/tienda\/"},{"@type":"ListItem","position":3,"name":"Linterna de Alta Intensidad M44"}]},{"@type":"WebSite","@id":"https:\/\/sabik.com\/#website","url":"https:\/\/sabik.com\/","name":"Sabik","description":"Global Leader in Maritime Aids to Navigation","potentialAction":[{"@type":"SearchAction","target":{"@type":"EntryPoint","urlTemplate":"https:\/\/sabik.com\/?s={search_term_string}"},"query-input":{"@type":"PropertyValueSpecification","valueRequired":true,"valueName":"search_term_string"}}],"inLanguage":"es"}]}},"_links":{"self":[{"href":"https:\/\/sabik.com\/es\/wp-json\/wp\/v2\/product\/2446","targetHints":{"allow":["GET"]}}],"collection":[{"href":"https:\/\/sabik.com\/es\/wp-json\/wp\/v2\/product"}],"about":[{"href":"https:\/\/sabik.com\/es\/wp-json\/wp\/v2\/types\/product"}],"wp:featuredmedia":[{"embeddable":true,"href":"https:\/\/sabik.com\/es\/wp-json\/wp\/v2\/media\/1251"}],"wp:attachment":[{"href":"https:\/\/sabik.com\/es\/wp-json\/wp\/v2\/media?parent=2446"}],"wp:term":[{"taxonomy":"product_brand","embeddable":true,"href":"https:\/\/sabik.com\/es\/wp-json\/wp\/v2\/product_brand?post=2446"},{"taxonomy":"product_cat","embeddable":true,"href":"https:\/\/sabik.com\/es\/wp-json\/wp\/v2\/product_cat?post=2446"},{"taxonomy":"product_tag","embeddable":true,"href":"https:\/\/sabik.com\/es\/wp-json\/wp\/v2\/product_tag?post=2446"}],"curies":[{"name":"wp","href":"https:\/\/api.w.org\/{rel}","templated":true}]}}