{"id":2456,"date":"2024-10-03T10:18:39","date_gmt":"2024-10-03T07:18:39","guid":{"rendered":"https:\/\/sabik.com\/product\/unidad-de-faro-slu-24-slu-36\/"},"modified":"2025-01-20T12:16:52","modified_gmt":"2025-01-20T10:16:52","slug":"unidad-de-faro-slu-24-slu-36","status":"publish","type":"product","link":"https:\/\/sabik.com\/es\/producto\/unidad-de-faro-slu-24-slu-36\/","title":{"rendered":"Unidad de Faro SLU-24\/SLU-36"},"content":{"rendered":"<div class=\"wpb-content-wrapper\">[vc_row][vc_column][mk_padding_divider][\/vc_column][\/vc_row][vc_row][vc_column width=\u00bb1\/2&#8243;][vc_column_text css=\u00bb.vc_custom_1728538507404{margin-bottom: 0px !important;}\u00bb]\n<h2>Informaci\u00f3n sobre el producto:<\/h2>\n[\/vc_column_text][\/vc_column][vc_column width=\u00bb1\/2&#8243;][vc_column_text css=\u00bb.vc_custom_1728986380005{margin-bottom: 0px !important;}\u00bb]La unidad de faro Sabik (SLU-24 \/ SLU-36) es una fuente de luz de estado s\u00f3lido fiable y eficiente dise\u00f1ada para reemplazar las l\u00e1mparas tradicionales en las \u00f3pticas de faro cl\u00e1sicas giratorias o fijas. Aumenta la vida \u00fatil de los faros tradicionales sin necesidad de costosas y complicadas reformas o desmantelamientos. Adem\u00e1s, esta unidad ofrece varias ventajas, como la capacidad de monitoreo remoto, la reducci\u00f3n de los costos de mantenimiento y la compatibilidad con la energ\u00eda solar u otras fuentes de energ\u00eda renovables. Y lo que es m\u00e1s importante, conserva el aspecto tradicional, la \u00f3ptica existente, el haz giratorio, las caracter\u00edsticas del destello y el valor patrimonial de los faros cl\u00e1sicos.[\/vc_column_text][\/vc_column][\/vc_row][vc_row][vc_column][mk_padding_divider][\/vc_column][\/vc_row][vc_row][vc_column width=\u00bb1\/2&#8243;][vc_column_text css=\u00bb.vc_custom_1728538512684{margin-bottom: 0px !important;}\u00bb]\n<h2>Documentaci\u00f3n del producto:<\/h2>\n[\/vc_column_text][\/vc_column][vc_column width=\u00bb1\/2&#8243;][vc_column_text css=\u00bb.vc_custom_1728986393571{margin-bottom: 0px !important;}\u00bb]<a href=\"https:\/\/sabik.com\/wp-content\/uploads\/2024\/10\/sabik_marine_datasheet_slu-24_slu-36_2020.pdf\">Ficha t\u00e9cnica del SLU-24\/SLU-36 (pdf EN)<\/a><\/p>\n<p><a href=\"https:\/\/sabik.com\/wp-content\/uploads\/2024\/10\/sabik_marine_spain_datasheet_slu-24_slu-36_2020.pdf\">Ficha t\u00e9cnica del SLU-24\/SLU-36 (pdf ES)<\/a>[\/vc_column_text][\/vc_column][\/vc_row][vc_row][vc_column][mk_padding_divider][\/vc_column][\/vc_row][vc_row][vc_column width=\u00bb1\/6&#8243;][\/vc_column][vc_column width=\u00bb2\/3&#8243;][vc_video max_width=\u00bb900&#8243; link=\u00bbhttps:\/\/www.youtube.com\/watch?v=1CYHucBika8&#8243;][\/vc_column][vc_column width=\u00bb1\/6&#8243;][\/vc_column][\/vc_row][vc_row][vc_column][mk_divider style=\u00bbthin_solid\u00bb margin_top=\u00bb40&#8243; margin_bottom=\u00bb40&#8243;][\/vc_column][\/vc_row]\n<\/div>","protected":false},"excerpt":{"rendered":"<p><img loading=\"lazy\" decoding=\"async\" class=\"alignnone size-full wp-image-250\" src=\"https:\/\/sabik.com\/wp-content\/uploads\/2024\/10\/bluetooth_text.png\" alt=\"Por Bluetooth\" width=\"75\" height=\"100\" srcset=\"https:\/\/sabik.com\/wp-content\/uploads\/2024\/10\/bluetooth_text.png 300w, https:\/\/sabik.com\/wp-content\/uploads\/2024\/10\/bluetooth_text-225x300.png 225w\" sizes=\"auto, (max-width: 75px) 100vw, 75px\" \/><img loading=\"lazy\" decoding=\"async\" class=\"alignnone size-full wp-image-251\" src=\"https:\/\/sabik.com\/wp-content\/uploads\/2024\/10\/cellular_text.png\" alt=\"de celular\" width=\"75\" height=\"100\" srcset=\"https:\/\/sabik.com\/wp-content\/uploads\/2024\/10\/cellular_text.png 300w, https:\/\/sabik.com\/wp-content\/uploads\/2024\/10\/cellular_text-225x300.png 225w\" sizes=\"auto, (max-width: 75px) 100vw, 75px\" \/><\/p>\n<ul>\n<li>Cuerpo robusto de cobre\/aluminio dise\u00f1ado para una gesti\u00f3n \u00f3ptima del calor<\/li>\n<li>Alcance de hasta 24 NM a Tc = 0,74; disponible en blanco fr\u00edo y blanco c\u00e1lido<\/li>\n<li>Bajo consumo; apto para funcionamiento con energ\u00eda solar y bater\u00edas<\/li>\n<li>Cargador de panel solar integrado de 16 A con modulaci\u00f3n por ancho de pulsos<\/li>\n<li>Conmutaci\u00f3n autom\u00e1tica d\u00eda-noche e intensidad\/rango ajustables<\/li>\n<\/ul>\n","protected":false},"featured_media":1405,"template":"","meta":{"_improvement_type_select":"improve_an_existing","_thumb_yes_seoaic":false,"_frame_yes_seoaic":false,"seoaic_generate_description":"","seoaic_improve_instructions_prompt":"","seoaic_rollback_content_improvement":"","seoaic_idea_thumbnail_generator":"","thumbnail_generated":false,"thumbnail_generate_prompt":"","seoaic_article_description":""},"product_brand":[],"product_cat":[190],"product_tag":[],"class_list":{"0":"post-2456","1":"product","2":"type-product","3":"status-publish","4":"has-post-thumbnail","6":"product_cat-omnidireccional","8":"first","9":"instock","10":"featured","11":"shipping-taxable","12":"product-type-simple"},"yoast_head":"<!-- This site is optimized with the Yoast SEO Premium plugin v26.2 (Yoast SEO v27.4) - https:\/\/yoast.com\/product\/yoast-seo-premium-wordpress\/ -->\n<title>Unidad de Faro SLU-24\/SLU-36 | Sabik<\/title>\n<meta name=\"description\" content=\"La Lighthouse Unit (SLU-24 \/ SLU-36) es una fuente de luz de estado s\u00f3lido dise\u00f1ada para reemplazar las l\u00e1mparas tradicionales en las \u00f3pticas de faro cl\u00e1sicas giratorias o fijas.\" \/>\n<meta name=\"robots\" content=\"index, follow, max-snippet:-1, max-image-preview:large, max-video-preview:-1\" \/>\n<link rel=\"canonical\" href=\"https:\/\/sabik.com\/es\/producto\/unidad-de-faro-slu-24-slu-36\/\" \/>\n<meta property=\"og:locale\" content=\"es_ES\" \/>\n<meta property=\"og:type\" content=\"article\" \/>\n<meta property=\"og:title\" content=\"Unidad de Faro SLU-24\/SLU-36\" \/>\n<meta property=\"og:description\" content=\"La Lighthouse Unit (SLU-24 \/ SLU-36) es una fuente de luz de estado s\u00f3lido dise\u00f1ada para reemplazar las l\u00e1mparas tradicionales en las \u00f3pticas de faro cl\u00e1sicas giratorias o fijas.\" \/>\n<meta property=\"og:url\" content=\"https:\/\/sabik.com\/es\/producto\/unidad-de-faro-slu-24-slu-36\/\" \/>\n<meta property=\"og:site_name\" content=\"Sabik\" \/>\n<meta property=\"article:modified_time\" content=\"2025-01-20T10:16:52+00:00\" \/>\n<meta property=\"og:image\" content=\"https:\/\/sabik.com\/wp-content\/uploads\/2024\/10\/slu-24-slu-36.jpg\" \/>\n\t<meta property=\"og:image:width\" content=\"1000\" \/>\n\t<meta property=\"og:image:height\" content=\"1000\" \/>\n\t<meta property=\"og:image:type\" content=\"image\/jpeg\" \/>\n<meta name=\"twitter:card\" content=\"summary_large_image\" \/>\n<meta name=\"twitter:label1\" content=\"Tiempo de lectura\" \/>\n\t<meta name=\"twitter:data1\" content=\"2 minutos\" \/>\n<script type=\"application\/ld+json\" class=\"yoast-schema-graph\">{\"@context\":\"https:\\\/\\\/schema.org\",\"@graph\":[{\"@type\":\"WebPage\",\"@id\":\"https:\\\/\\\/sabik.com\\\/es\\\/producto\\\/unidad-de-faro-slu-24-slu-36\\\/\",\"url\":\"https:\\\/\\\/sabik.com\\\/es\\\/producto\\\/unidad-de-faro-slu-24-slu-36\\\/\",\"name\":\"Unidad de Faro SLU-24\\\/SLU-36 | Sabik\",\"isPartOf\":{\"@id\":\"https:\\\/\\\/sabik.com\\\/#website\"},\"primaryImageOfPage\":{\"@id\":\"https:\\\/\\\/sabik.com\\\/es\\\/producto\\\/unidad-de-faro-slu-24-slu-36\\\/#primaryimage\"},\"image\":{\"@id\":\"https:\\\/\\\/sabik.com\\\/es\\\/producto\\\/unidad-de-faro-slu-24-slu-36\\\/#primaryimage\"},\"thumbnailUrl\":\"https:\\\/\\\/sabik.com\\\/wp-content\\\/uploads\\\/2024\\\/10\\\/slu-24-slu-36.jpg\",\"datePublished\":\"2024-10-03T07:18:39+00:00\",\"dateModified\":\"2025-01-20T10:16:52+00:00\",\"description\":\"La Lighthouse Unit (SLU-24 \\\/ SLU-36) es una fuente de luz de estado s\u00f3lido dise\u00f1ada para reemplazar las l\u00e1mparas tradicionales en las \u00f3pticas de faro cl\u00e1sicas giratorias o fijas.\",\"breadcrumb\":{\"@id\":\"https:\\\/\\\/sabik.com\\\/es\\\/producto\\\/unidad-de-faro-slu-24-slu-36\\\/#breadcrumb\"},\"inLanguage\":\"es\",\"potentialAction\":[{\"@type\":\"ReadAction\",\"target\":[\"https:\\\/\\\/sabik.com\\\/es\\\/producto\\\/unidad-de-faro-slu-24-slu-36\\\/\"]}]},{\"@type\":\"ImageObject\",\"inLanguage\":\"es\",\"@id\":\"https:\\\/\\\/sabik.com\\\/es\\\/producto\\\/unidad-de-faro-slu-24-slu-36\\\/#primaryimage\",\"url\":\"https:\\\/\\\/sabik.com\\\/wp-content\\\/uploads\\\/2024\\\/10\\\/slu-24-slu-36.jpg\",\"contentUrl\":\"https:\\\/\\\/sabik.com\\\/wp-content\\\/uploads\\\/2024\\\/10\\\/slu-24-slu-36.jpg\",\"width\":1000,\"height\":1000,\"caption\":\"Unidad para Faro Sabik SLU-24\\\/SLU-36\"},{\"@type\":\"BreadcrumbList\",\"@id\":\"https:\\\/\\\/sabik.com\\\/es\\\/producto\\\/unidad-de-faro-slu-24-slu-36\\\/#breadcrumb\",\"itemListElement\":[{\"@type\":\"ListItem\",\"position\":1,\"name\":\"Home\",\"item\":\"https:\\\/\\\/sabik.com\\\/es\\\/\"},{\"@type\":\"ListItem\",\"position\":2,\"name\":\"Productos\",\"item\":\"https:\\\/\\\/sabik.com\\\/es\\\/tienda\\\/\"},{\"@type\":\"ListItem\",\"position\":3,\"name\":\"Unidad de Faro SLU-24\\\/SLU-36\"}]},{\"@type\":\"WebSite\",\"@id\":\"https:\\\/\\\/sabik.com\\\/#website\",\"url\":\"https:\\\/\\\/sabik.com\\\/\",\"name\":\"Sabik\",\"description\":\"Global Leader in Maritime Aids to Navigation\",\"potentialAction\":[{\"@type\":\"SearchAction\",\"target\":{\"@type\":\"EntryPoint\",\"urlTemplate\":\"https:\\\/\\\/sabik.com\\\/?s={search_term_string}\"},\"query-input\":{\"@type\":\"PropertyValueSpecification\",\"valueRequired\":true,\"valueName\":\"search_term_string\"}}],\"inLanguage\":\"es\"}]}<\/script>\n<!-- \/ Yoast SEO Premium plugin. -->","yoast_head_json":{"title":"Unidad de Faro SLU-24\/SLU-36 | Sabik","description":"La Lighthouse Unit (SLU-24 \/ SLU-36) es una fuente de luz de estado s\u00f3lido dise\u00f1ada para reemplazar las l\u00e1mparas tradicionales en las \u00f3pticas de faro cl\u00e1sicas giratorias o fijas.","robots":{"index":"index","follow":"follow","max-snippet":"max-snippet:-1","max-image-preview":"max-image-preview:large","max-video-preview":"max-video-preview:-1"},"canonical":"https:\/\/sabik.com\/es\/producto\/unidad-de-faro-slu-24-slu-36\/","og_locale":"es_ES","og_type":"article","og_title":"Unidad de Faro SLU-24\/SLU-36","og_description":"La Lighthouse Unit (SLU-24 \/ SLU-36) es una fuente de luz de estado s\u00f3lido dise\u00f1ada para reemplazar las l\u00e1mparas tradicionales en las \u00f3pticas de faro cl\u00e1sicas giratorias o fijas.","og_url":"https:\/\/sabik.com\/es\/producto\/unidad-de-faro-slu-24-slu-36\/","og_site_name":"Sabik","article_modified_time":"2025-01-20T10:16:52+00:00","og_image":[{"width":1000,"height":1000,"url":"https:\/\/sabik.com\/wp-content\/uploads\/2024\/10\/slu-24-slu-36.jpg","type":"image\/jpeg"}],"twitter_card":"summary_large_image","twitter_misc":{"Tiempo de lectura":"2 minutos"},"schema":{"@context":"https:\/\/schema.org","@graph":[{"@type":"WebPage","@id":"https:\/\/sabik.com\/es\/producto\/unidad-de-faro-slu-24-slu-36\/","url":"https:\/\/sabik.com\/es\/producto\/unidad-de-faro-slu-24-slu-36\/","name":"Unidad de Faro SLU-24\/SLU-36 | Sabik","isPartOf":{"@id":"https:\/\/sabik.com\/#website"},"primaryImageOfPage":{"@id":"https:\/\/sabik.com\/es\/producto\/unidad-de-faro-slu-24-slu-36\/#primaryimage"},"image":{"@id":"https:\/\/sabik.com\/es\/producto\/unidad-de-faro-slu-24-slu-36\/#primaryimage"},"thumbnailUrl":"https:\/\/sabik.com\/wp-content\/uploads\/2024\/10\/slu-24-slu-36.jpg","datePublished":"2024-10-03T07:18:39+00:00","dateModified":"2025-01-20T10:16:52+00:00","description":"La Lighthouse Unit (SLU-24 \/ SLU-36) es una fuente de luz de estado s\u00f3lido dise\u00f1ada para reemplazar las l\u00e1mparas tradicionales en las \u00f3pticas de faro cl\u00e1sicas giratorias o fijas.","breadcrumb":{"@id":"https:\/\/sabik.com\/es\/producto\/unidad-de-faro-slu-24-slu-36\/#breadcrumb"},"inLanguage":"es","potentialAction":[{"@type":"ReadAction","target":["https:\/\/sabik.com\/es\/producto\/unidad-de-faro-slu-24-slu-36\/"]}]},{"@type":"ImageObject","inLanguage":"es","@id":"https:\/\/sabik.com\/es\/producto\/unidad-de-faro-slu-24-slu-36\/#primaryimage","url":"https:\/\/sabik.com\/wp-content\/uploads\/2024\/10\/slu-24-slu-36.jpg","contentUrl":"https:\/\/sabik.com\/wp-content\/uploads\/2024\/10\/slu-24-slu-36.jpg","width":1000,"height":1000,"caption":"Unidad para Faro Sabik SLU-24\/SLU-36"},{"@type":"BreadcrumbList","@id":"https:\/\/sabik.com\/es\/producto\/unidad-de-faro-slu-24-slu-36\/#breadcrumb","itemListElement":[{"@type":"ListItem","position":1,"name":"Home","item":"https:\/\/sabik.com\/es\/"},{"@type":"ListItem","position":2,"name":"Productos","item":"https:\/\/sabik.com\/es\/tienda\/"},{"@type":"ListItem","position":3,"name":"Unidad de Faro SLU-24\/SLU-36"}]},{"@type":"WebSite","@id":"https:\/\/sabik.com\/#website","url":"https:\/\/sabik.com\/","name":"Sabik","description":"Global Leader in Maritime Aids to Navigation","potentialAction":[{"@type":"SearchAction","target":{"@type":"EntryPoint","urlTemplate":"https:\/\/sabik.com\/?s={search_term_string}"},"query-input":{"@type":"PropertyValueSpecification","valueRequired":true,"valueName":"search_term_string"}}],"inLanguage":"es"}]}},"_links":{"self":[{"href":"https:\/\/sabik.com\/es\/wp-json\/wp\/v2\/product\/2456","targetHints":{"allow":["GET"]}}],"collection":[{"href":"https:\/\/sabik.com\/es\/wp-json\/wp\/v2\/product"}],"about":[{"href":"https:\/\/sabik.com\/es\/wp-json\/wp\/v2\/types\/product"}],"wp:featuredmedia":[{"embeddable":true,"href":"https:\/\/sabik.com\/es\/wp-json\/wp\/v2\/media\/1405"}],"wp:attachment":[{"href":"https:\/\/sabik.com\/es\/wp-json\/wp\/v2\/media?parent=2456"}],"wp:term":[{"taxonomy":"product_brand","embeddable":true,"href":"https:\/\/sabik.com\/es\/wp-json\/wp\/v2\/product_brand?post=2456"},{"taxonomy":"product_cat","embeddable":true,"href":"https:\/\/sabik.com\/es\/wp-json\/wp\/v2\/product_cat?post=2456"},{"taxonomy":"product_tag","embeddable":true,"href":"https:\/\/sabik.com\/es\/wp-json\/wp\/v2\/product_tag?post=2456"}],"curies":[{"name":"wp","href":"https:\/\/api.w.org\/{rel}","templated":true}]}}