{"id":2463,"date":"2024-10-03T10:00:44","date_gmt":"2024-10-03T07:00:44","guid":{"rendered":"https:\/\/sabik.com\/product\/luz-sectorial-omnidireccional-odsl-200\/"},"modified":"2025-01-20T12:16:52","modified_gmt":"2025-01-20T10:16:52","slug":"luz-sectorial-omnidireccional-odsl-200","status":"publish","type":"product","link":"https:\/\/sabik.com\/es\/producto\/luz-sectorial-omnidireccional-odsl-200\/","title":{"rendered":"Luz sectorial omnidireccional ODSL 200"},"content":{"rendered":"<div class=\"wpb-content-wrapper\">[vc_row][vc_column][mk_padding_divider][\/vc_column][\/vc_row][vc_row][vc_column width=\u00bb1\/2&#8243;][vc_column_text css=\u00bb.vc_custom_1728538507404{margin-bottom: 0px !important;}\u00bb]\n<h2>Informaci\u00f3n sobre el producto:<\/h2>\n[\/vc_column_text][\/vc_column][vc_column width=\u00bb1\/2&#8243;][vc_column_text css=\u00bb.vc_custom_1731596850302{margin-bottom: 0px !important;}\u00bb]La luz sectorial omnidireccional ODSL 200 es una nueva luz sectorial innovadora y compacta con bordes sectoriales precisos. Esta luz est\u00e1 equipada con una unidad \u00f3ptica LED reemplazable. El alcance de la luz, seg\u00fan el color y el car\u00e1cter del destello, oscila entre 6 y 10 NM (Tc = 0,74).[\/vc_column_text][\/vc_column][\/vc_row][vc_row][vc_column][mk_padding_divider][\/vc_column][\/vc_row][vc_row][vc_column width=\u00bb1\/2&#8243;][vc_column_text css=\u00bb.vc_custom_1728538512684{margin-bottom: 0px !important;}\u00bb]\n<h2>Documentaci\u00f3n del producto:<\/h2>\n[\/vc_column_text][\/vc_column][vc_column width=\u00bb1\/2&#8243;][vc_column_text css=\u00bb.vc_custom_1731596925597{margin-bottom: 0px !important;}\u00bb]<a href=\"https:\/\/sabik.com\/wp-content\/uploads\/2024\/11\/sabik-odsl-200-datasheet-2024.pdf\">Ficha t\u00e9cnica del ODSL 200 (pdf EN)<\/a><\/p>\n<p><a href=\"https:\/\/sabik.com\/wp-content\/uploads\/2024\/11\/sabik_datasheet_2024_odsl_200-es.pdf\">Ficha t\u00e9cnica del ODSL 200 (pdf ES)<\/a><\/p>\n<p><a href=\"https:\/\/sabik.com\/manuals\/Sabik_ODSL200_Product_Manual.pdf\" target=\"_blank\" rel=\"noopener\">Manual de producto del ODSL 200 (pdf EN)<\/a>[\/vc_column_text][\/vc_column][\/vc_row][vc_row][vc_column][mk_padding_divider][\/vc_column][\/vc_row][vc_row][vc_column width=\u00bb1\/6&#8243;][\/vc_column][vc_column width=\u00bb2\/3&#8243;][vc_video max_width=\u00bb900&#8243; link=\u00bbhttps:\/\/www.youtube.com\/watch?v=jGL6AGT6kjg\u00bb][mk_padding_divider][vc_video max_width=\u00bb900&#8243; link=\u00bbhttps:\/\/www.youtube.com\/watch?v=vVXvCqLUmvA\u00bb][\/vc_column][vc_column width=\u00bb1\/6&#8243;][\/vc_column][\/vc_row][vc_row][vc_column][mk_divider style=\u00bbthin_solid\u00bb margin_top=\u00bb40&#8243; margin_bottom=\u00bb40&#8243;][\/vc_column][\/vc_row]\n<\/div>","protected":false},"excerpt":{"rendered":"<p><img loading=\"lazy\" decoding=\"async\" class=\"alignnone size-full wp-image-250\" src=\"https:\/\/sabik.com\/wp-content\/uploads\/2024\/10\/bluetooth_text.png\" alt=\"Cargador Solar Interno\" width=\"75\" height=\"100\" srcset=\"https:\/\/sabik.com\/wp-content\/uploads\/2024\/10\/bluetooth_text.png 300w, https:\/\/sabik.com\/wp-content\/uploads\/2024\/10\/bluetooth_text-225x300.png 225w\" sizes=\"auto, (max-width: 75px) 100vw, 75px\" \/><img loading=\"lazy\" decoding=\"async\" class=\"alignnone size-full wp-image-251\" src=\"https:\/\/sabik.com\/wp-content\/uploads\/2024\/10\/cellular_text.png\" alt=\"por Bluetooth\" width=\"75\" height=\"100\" srcset=\"https:\/\/sabik.com\/wp-content\/uploads\/2024\/10\/cellular_text.png 300w, https:\/\/sabik.com\/wp-content\/uploads\/2024\/10\/cellular_text-225x300.png 225w\" sizes=\"auto, (max-width: 75px) 100vw, 75px\" \/><img loading=\"lazy\" decoding=\"async\" class=\"alignnone size-full wp-image-252\" src=\"https:\/\/sabik.com\/wp-content\/uploads\/2024\/10\/internal_solar_charger_text.png\" alt=\"de Celular\" width=\"75\" height=\"100\" srcset=\"https:\/\/sabik.com\/wp-content\/uploads\/2024\/10\/internal_solar_charger_text.png 300w, https:\/\/sabik.com\/wp-content\/uploads\/2024\/10\/internal_solar_charger_text-225x300.png 225w\" sizes=\"auto, (max-width: 75px) 100vw, 75px\" \/><\/p>\n<ul>\n<li>Sectores verificados antes de la entrega<\/li>\n<li>F\u00e1cil instalaci\u00f3n in situ con base ajustable<\/li>\n<li>Alineaci\u00f3n de precisi\u00f3n con mira opcional<\/li>\n<li>La alineaci\u00f3n de los sectores se mantiene intacta incluso con el reemplazo de los LED<\/li>\n<li>Disponible en modelos de 3, 6 u 8 capas<\/li>\n<li>Peque\u00f1a incertidumbre entre sectores (&lt;0,5\u00b0)<\/li>\n<li>Intermitente integrado y cargador de panel solar<\/li>\n<\/ul>\n","protected":false},"featured_media":1313,"template":"","meta":{"_improvement_type_select":"improve_an_existing","_thumb_yes_seoaic":false,"_frame_yes_seoaic":false,"seoaic_generate_description":"","seoaic_improve_instructions_prompt":"","seoaic_rollback_content_improvement":"","seoaic_idea_thumbnail_generator":"","thumbnail_generated":false,"thumbnail_generate_prompt":"","seoaic_article_description":""},"product_brand":[],"product_cat":[190],"product_tag":[],"class_list":{"0":"post-2463","1":"product","2":"type-product","3":"status-publish","4":"has-post-thumbnail","6":"product_cat-omnidireccional","8":"first","9":"instock","10":"featured","11":"shipping-taxable","12":"product-type-simple"},"yoast_head":"<!-- This site is optimized with the Yoast SEO Premium plugin v26.2 (Yoast SEO v27.3) - https:\/\/yoast.com\/product\/yoast-seo-premium-wordpress\/ -->\n<title>Luz sectorial omnidireccional ODSL 200 | Sabik<\/title>\n<meta name=\"description\" content=\"La luz sectorial omnidireccional ODSL 200 es una nueva luz sectorial innovadora y compacta con bordes sectoriales precisos, equipada con una unidad \u00f3ptica LED reemplazable.\" \/>\n<meta name=\"robots\" content=\"index, follow, max-snippet:-1, max-image-preview:large, max-video-preview:-1\" \/>\n<link rel=\"canonical\" href=\"https:\/\/sabik.com\/es\/producto\/luz-sectorial-omnidireccional-odsl-200\/\" \/>\n<meta property=\"og:locale\" content=\"es_ES\" \/>\n<meta property=\"og:type\" content=\"article\" \/>\n<meta property=\"og:title\" content=\"Luz sectorial omnidireccional ODSL 200\" \/>\n<meta property=\"og:description\" content=\"La luz sectorial omnidireccional ODSL 200 es una nueva luz sectorial innovadora y compacta con bordes sectoriales precisos, equipada con una unidad \u00f3ptica LED reemplazable.\" \/>\n<meta property=\"og:url\" content=\"https:\/\/sabik.com\/es\/producto\/luz-sectorial-omnidireccional-odsl-200\/\" \/>\n<meta property=\"og:site_name\" content=\"Sabik\" \/>\n<meta property=\"article:modified_time\" content=\"2025-01-20T10:16:52+00:00\" \/>\n<meta property=\"og:image\" content=\"https:\/\/sabik.com\/wp-content\/uploads\/2024\/10\/odsl-200.jpg\" \/>\n\t<meta property=\"og:image:width\" content=\"1000\" \/>\n\t<meta property=\"og:image:height\" content=\"1000\" \/>\n\t<meta property=\"og:image:type\" content=\"image\/jpeg\" \/>\n<meta name=\"twitter:card\" content=\"summary_large_image\" \/>\n<meta name=\"twitter:label1\" content=\"Tiempo de lectura\" \/>\n\t<meta name=\"twitter:data1\" content=\"1 minuto\" \/>\n<script type=\"application\/ld+json\" class=\"yoast-schema-graph\">{\"@context\":\"https:\\\/\\\/schema.org\",\"@graph\":[{\"@type\":\"WebPage\",\"@id\":\"https:\\\/\\\/sabik.com\\\/es\\\/producto\\\/luz-sectorial-omnidireccional-odsl-200\\\/\",\"url\":\"https:\\\/\\\/sabik.com\\\/es\\\/producto\\\/luz-sectorial-omnidireccional-odsl-200\\\/\",\"name\":\"Luz sectorial omnidireccional ODSL 200 | Sabik\",\"isPartOf\":{\"@id\":\"https:\\\/\\\/sabik.com\\\/#website\"},\"primaryImageOfPage\":{\"@id\":\"https:\\\/\\\/sabik.com\\\/es\\\/producto\\\/luz-sectorial-omnidireccional-odsl-200\\\/#primaryimage\"},\"image\":{\"@id\":\"https:\\\/\\\/sabik.com\\\/es\\\/producto\\\/luz-sectorial-omnidireccional-odsl-200\\\/#primaryimage\"},\"thumbnailUrl\":\"https:\\\/\\\/sabik.com\\\/wp-content\\\/uploads\\\/2024\\\/10\\\/odsl-200.jpg\",\"datePublished\":\"2024-10-03T07:00:44+00:00\",\"dateModified\":\"2025-01-20T10:16:52+00:00\",\"description\":\"La luz sectorial omnidireccional ODSL 200 es una nueva luz sectorial innovadora y compacta con bordes sectoriales precisos, equipada con una unidad \u00f3ptica LED reemplazable.\",\"breadcrumb\":{\"@id\":\"https:\\\/\\\/sabik.com\\\/es\\\/producto\\\/luz-sectorial-omnidireccional-odsl-200\\\/#breadcrumb\"},\"inLanguage\":\"es\",\"potentialAction\":[{\"@type\":\"ReadAction\",\"target\":[\"https:\\\/\\\/sabik.com\\\/es\\\/producto\\\/luz-sectorial-omnidireccional-odsl-200\\\/\"]}]},{\"@type\":\"ImageObject\",\"inLanguage\":\"es\",\"@id\":\"https:\\\/\\\/sabik.com\\\/es\\\/producto\\\/luz-sectorial-omnidireccional-odsl-200\\\/#primaryimage\",\"url\":\"https:\\\/\\\/sabik.com\\\/wp-content\\\/uploads\\\/2024\\\/10\\\/odsl-200.jpg\",\"contentUrl\":\"https:\\\/\\\/sabik.com\\\/wp-content\\\/uploads\\\/2024\\\/10\\\/odsl-200.jpg\",\"width\":1000,\"height\":1000,\"caption\":\"ODSL 200\"},{\"@type\":\"BreadcrumbList\",\"@id\":\"https:\\\/\\\/sabik.com\\\/es\\\/producto\\\/luz-sectorial-omnidireccional-odsl-200\\\/#breadcrumb\",\"itemListElement\":[{\"@type\":\"ListItem\",\"position\":1,\"name\":\"Home\",\"item\":\"https:\\\/\\\/sabik.com\\\/es\\\/\"},{\"@type\":\"ListItem\",\"position\":2,\"name\":\"Productos\",\"item\":\"https:\\\/\\\/sabik.com\\\/es\\\/tienda\\\/\"},{\"@type\":\"ListItem\",\"position\":3,\"name\":\"Luz sectorial omnidireccional ODSL 200\"}]},{\"@type\":\"WebSite\",\"@id\":\"https:\\\/\\\/sabik.com\\\/#website\",\"url\":\"https:\\\/\\\/sabik.com\\\/\",\"name\":\"Sabik\",\"description\":\"Global Leader in Maritime Aids to Navigation\",\"potentialAction\":[{\"@type\":\"SearchAction\",\"target\":{\"@type\":\"EntryPoint\",\"urlTemplate\":\"https:\\\/\\\/sabik.com\\\/?s={search_term_string}\"},\"query-input\":{\"@type\":\"PropertyValueSpecification\",\"valueRequired\":true,\"valueName\":\"search_term_string\"}}],\"inLanguage\":\"es\"}]}<\/script>\n<!-- \/ Yoast SEO Premium plugin. -->","yoast_head_json":{"title":"Luz sectorial omnidireccional ODSL 200 | Sabik","description":"La luz sectorial omnidireccional ODSL 200 es una nueva luz sectorial innovadora y compacta con bordes sectoriales precisos, equipada con una unidad \u00f3ptica LED reemplazable.","robots":{"index":"index","follow":"follow","max-snippet":"max-snippet:-1","max-image-preview":"max-image-preview:large","max-video-preview":"max-video-preview:-1"},"canonical":"https:\/\/sabik.com\/es\/producto\/luz-sectorial-omnidireccional-odsl-200\/","og_locale":"es_ES","og_type":"article","og_title":"Luz sectorial omnidireccional ODSL 200","og_description":"La luz sectorial omnidireccional ODSL 200 es una nueva luz sectorial innovadora y compacta con bordes sectoriales precisos, equipada con una unidad \u00f3ptica LED reemplazable.","og_url":"https:\/\/sabik.com\/es\/producto\/luz-sectorial-omnidireccional-odsl-200\/","og_site_name":"Sabik","article_modified_time":"2025-01-20T10:16:52+00:00","og_image":[{"width":1000,"height":1000,"url":"https:\/\/sabik.com\/wp-content\/uploads\/2024\/10\/odsl-200.jpg","type":"image\/jpeg"}],"twitter_card":"summary_large_image","twitter_misc":{"Tiempo de lectura":"1 minuto"},"schema":{"@context":"https:\/\/schema.org","@graph":[{"@type":"WebPage","@id":"https:\/\/sabik.com\/es\/producto\/luz-sectorial-omnidireccional-odsl-200\/","url":"https:\/\/sabik.com\/es\/producto\/luz-sectorial-omnidireccional-odsl-200\/","name":"Luz sectorial omnidireccional ODSL 200 | Sabik","isPartOf":{"@id":"https:\/\/sabik.com\/#website"},"primaryImageOfPage":{"@id":"https:\/\/sabik.com\/es\/producto\/luz-sectorial-omnidireccional-odsl-200\/#primaryimage"},"image":{"@id":"https:\/\/sabik.com\/es\/producto\/luz-sectorial-omnidireccional-odsl-200\/#primaryimage"},"thumbnailUrl":"https:\/\/sabik.com\/wp-content\/uploads\/2024\/10\/odsl-200.jpg","datePublished":"2024-10-03T07:00:44+00:00","dateModified":"2025-01-20T10:16:52+00:00","description":"La luz sectorial omnidireccional ODSL 200 es una nueva luz sectorial innovadora y compacta con bordes sectoriales precisos, equipada con una unidad \u00f3ptica LED reemplazable.","breadcrumb":{"@id":"https:\/\/sabik.com\/es\/producto\/luz-sectorial-omnidireccional-odsl-200\/#breadcrumb"},"inLanguage":"es","potentialAction":[{"@type":"ReadAction","target":["https:\/\/sabik.com\/es\/producto\/luz-sectorial-omnidireccional-odsl-200\/"]}]},{"@type":"ImageObject","inLanguage":"es","@id":"https:\/\/sabik.com\/es\/producto\/luz-sectorial-omnidireccional-odsl-200\/#primaryimage","url":"https:\/\/sabik.com\/wp-content\/uploads\/2024\/10\/odsl-200.jpg","contentUrl":"https:\/\/sabik.com\/wp-content\/uploads\/2024\/10\/odsl-200.jpg","width":1000,"height":1000,"caption":"ODSL 200"},{"@type":"BreadcrumbList","@id":"https:\/\/sabik.com\/es\/producto\/luz-sectorial-omnidireccional-odsl-200\/#breadcrumb","itemListElement":[{"@type":"ListItem","position":1,"name":"Home","item":"https:\/\/sabik.com\/es\/"},{"@type":"ListItem","position":2,"name":"Productos","item":"https:\/\/sabik.com\/es\/tienda\/"},{"@type":"ListItem","position":3,"name":"Luz sectorial omnidireccional ODSL 200"}]},{"@type":"WebSite","@id":"https:\/\/sabik.com\/#website","url":"https:\/\/sabik.com\/","name":"Sabik","description":"Global Leader in Maritime Aids to Navigation","potentialAction":[{"@type":"SearchAction","target":{"@type":"EntryPoint","urlTemplate":"https:\/\/sabik.com\/?s={search_term_string}"},"query-input":{"@type":"PropertyValueSpecification","valueRequired":true,"valueName":"search_term_string"}}],"inLanguage":"es"}]}},"_links":{"self":[{"href":"https:\/\/sabik.com\/es\/wp-json\/wp\/v2\/product\/2463","targetHints":{"allow":["GET"]}}],"collection":[{"href":"https:\/\/sabik.com\/es\/wp-json\/wp\/v2\/product"}],"about":[{"href":"https:\/\/sabik.com\/es\/wp-json\/wp\/v2\/types\/product"}],"wp:featuredmedia":[{"embeddable":true,"href":"https:\/\/sabik.com\/es\/wp-json\/wp\/v2\/media\/1313"}],"wp:attachment":[{"href":"https:\/\/sabik.com\/es\/wp-json\/wp\/v2\/media?parent=2463"}],"wp:term":[{"taxonomy":"product_brand","embeddable":true,"href":"https:\/\/sabik.com\/es\/wp-json\/wp\/v2\/product_brand?post=2463"},{"taxonomy":"product_cat","embeddable":true,"href":"https:\/\/sabik.com\/es\/wp-json\/wp\/v2\/product_cat?post=2463"},{"taxonomy":"product_tag","embeddable":true,"href":"https:\/\/sabik.com\/es\/wp-json\/wp\/v2\/product_tag?post=2463"}],"curies":[{"name":"wp","href":"https:\/\/api.w.org\/{rel}","templated":true}]}}