{"id":2477,"date":"2024-10-02T15:15:45","date_gmt":"2024-10-02T12:15:45","guid":{"rendered":"https:\/\/sabik.com\/product\/linterna-led-autonoma-de-corto-alcance-m650h\/"},"modified":"2025-01-20T12:16:52","modified_gmt":"2025-01-20T10:16:52","slug":"linterna-led-autonoma-de-corto-alcance-m650h","status":"publish","type":"product","link":"https:\/\/sabik.com\/es\/producto\/linterna-led-autonoma-de-corto-alcance-m650h\/","title":{"rendered":"Linterna LED aut\u00f3noma de corto alcance M650H"},"content":{"rendered":"<div class=\"wpb-content-wrapper\">[vc_row][vc_column][mk_padding_divider][\/vc_column][\/vc_row][vc_row][vc_column width=\u00bb1\/2&#8243;][vc_column_text css=\u00bb.vc_custom_1728538507404{margin-bottom: 0px !important;}\u00bb]\n<h2>Informaci\u00f3n sobre el producto:<\/h2>\n[\/vc_column_text][\/vc_column][vc_column width=\u00bb1\/2&#8243;][vc_column_text css=\u00bb.vc_custom_1728977737933{margin-bottom: 0px !important;}\u00bb]Como linterna LED aut\u00f3noma para boyas y balizas peque\u00f1as con un alcance de 2 a 4 NM, la M650H ofrece una soluci\u00f3n rentable y de alto rendimiento con un mantenimiento m\u00ednimo y una instalaci\u00f3n sencilla. Esta linterna marina solar incorpora una bater\u00eda reemplazable que prolonga su vida \u00fatil m\u00e1s all\u00e1 de los cinco a\u00f1os y reduce el coste total de propiedad. Ideal para una amplia gama de aplicaciones, como ayudas a la navegaci\u00f3n mar\u00edtima, iluminaci\u00f3n de puertos deportivos, muelles y puertos[\/vc_column_text][\/vc_column][\/vc_row][vc_row][vc_column][mk_padding_divider][\/vc_column][\/vc_row][vc_row][vc_column width=\u00bb1\/2&#8243;][vc_column_text css=\u00bb.vc_custom_1728538512684{margin-bottom: 0px !important;}\u00bb]\n<h2>Documentaci\u00f3n del producto:<\/h2>\n[\/vc_column_text][\/vc_column][vc_column width=\u00bb1\/2&#8243;][vc_column_text css=\u00bb.vc_custom_1731913085001{margin-bottom: 0px !important;}\u00bb]<a href=\"https:\/\/sabik.com\/wp-content\/uploads\/2024\/10\/sabik_marine-datasheet_m650h_2020.pdf\">Ficha t\u00e9cnica de la M650H (pdf EN)<\/a><\/p>\n<p><a href=\"https:\/\/sabik.com\/wp-content\/uploads\/2024\/10\/sabik_marine_spain_datasheet_m650h_2020.pdf\">Ficha t\u00e9cnica de la M650H (pdf ES)<\/a><\/p>\n<p><a href=\"https:\/\/sabik.com\/wp-content\/uploads\/2024\/11\/sabik_m650h_manual_english.pdf\">Manual de producto de la M650H (pdf EN)<\/a>[\/vc_column_text][\/vc_column][\/vc_row][vc_row][vc_column][mk_padding_divider][\/vc_column][\/vc_row][vc_row][vc_column width=\u00bb1\/6&#8243;][\/vc_column][vc_column width=\u00bb2\/3&#8243;][vc_video max_width=\u00bb900&#8243; link=\u00bbhttps:\/\/www.youtube.com\/watch?v=Mq90tNwycSA\u00bb][\/vc_column][vc_column width=\u00bb1\/6&#8243;][\/vc_column][\/vc_row][vc_row][vc_column][mk_divider style=\u00bbthin_solid\u00bb margin_top=\u00bb40&#8243; margin_bottom=\u00bb40&#8243;][\/vc_column][\/vc_row]\n<\/div>","protected":false},"excerpt":{"rendered":"<p><img loading=\"lazy\" decoding=\"async\" class=\"alignnone size-full wp-image-253\" src=\"https:\/\/sabik.com\/wp-content\/uploads\/2024\/10\/ir_programmer_text.png\" alt=\"Programador IR\" width=\"75\" height=\"100\" srcset=\"https:\/\/sabik.com\/wp-content\/uploads\/2024\/10\/ir_programmer_text.png 300w, https:\/\/sabik.com\/wp-content\/uploads\/2024\/10\/ir_programmer_text-225x300.png 225w\" sizes=\"auto, (max-width: 75px) 100vw, 75px\" \/><img loading=\"lazy\" decoding=\"async\" class=\"alignnone size-full wp-image-252\" src=\"https:\/\/sabik.com\/wp-content\/uploads\/2024\/10\/internal_solar_charger_text.png\" alt=\"Cargador solar interno\" width=\"75\" height=\"100\" srcset=\"https:\/\/sabik.com\/wp-content\/uploads\/2024\/10\/internal_solar_charger_text.png 300w, https:\/\/sabik.com\/wp-content\/uploads\/2024\/10\/internal_solar_charger_text-225x300.png 225w\" sizes=\"auto, (max-width: 75px) 100vw, 75px\" \/><\/p>\n<ul>\n<li>Colores IALA: rojo, verde, blanco, amarillo, azul<\/li>\n<li>C\u00e9lulas solares de alta eficiencia<\/li>\n<li>Cuerpo de policarbonato\/polisiloxano resistente a los rayos UV<\/li>\n<li>Controladores LED con correcci\u00f3n de temperatura para una intensidad constante<\/li>\n<li>Bater\u00eda SLA con compartimento ventilado<\/li>\n<li>Divergencia vertical de 8\u00ba<\/li>\n<\/ul>\n","protected":false},"featured_media":1271,"template":"","meta":{"_improvement_type_select":"improve_an_existing","_thumb_yes_seoaic":false,"_frame_yes_seoaic":false,"seoaic_generate_description":"","seoaic_improve_instructions_prompt":"","seoaic_rollback_content_improvement":"","seoaic_idea_thumbnail_generator":"","thumbnail_generated":false,"thumbnail_generate_prompt":"","seoaic_article_description":""},"product_brand":[],"product_cat":[203],"product_tag":[],"class_list":{"0":"post-2477","1":"product","2":"type-product","3":"status-publish","4":"has-post-thumbnail","6":"product_cat-luces-solares","8":"first","9":"instock","10":"featured","11":"shipping-taxable","12":"product-type-simple"},"yoast_head":"<!-- This site is optimized with the Yoast SEO Premium plugin v26.2 (Yoast SEO v27.3) - https:\/\/yoast.com\/product\/yoast-seo-premium-wordpress\/ -->\n<title>M650H | %<\/title>\n<meta name=\"description\" content=\"Como linterna LED aut\u00f3noma para boyas y balizas peque\u00f1as con un alcance de 2 a 4 NM, la M650H ofrece rentabilidad y alto rendimiento con un mantenimiento m\u00ednimo.\" \/>\n<meta name=\"robots\" content=\"index, follow, max-snippet:-1, max-image-preview:large, max-video-preview:-1\" \/>\n<link rel=\"canonical\" href=\"https:\/\/sabik.com\/es\/producto\/linterna-led-autonoma-de-corto-alcance-m650h\/\" \/>\n<meta property=\"og:locale\" content=\"es_ES\" \/>\n<meta property=\"og:type\" content=\"article\" \/>\n<meta property=\"og:title\" content=\"Linterna LED aut\u00f3noma de corto alcance M650H\" \/>\n<meta property=\"og:description\" content=\"Como linterna LED aut\u00f3noma para boyas y balizas peque\u00f1as con un alcance de 2 a 4 NM, la M650H ofrece rentabilidad y alto rendimiento con un mantenimiento m\u00ednimo.\" \/>\n<meta property=\"og:url\" content=\"https:\/\/sabik.com\/es\/producto\/linterna-led-autonoma-de-corto-alcance-m650h\/\" \/>\n<meta property=\"og:site_name\" content=\"Sabik\" \/>\n<meta property=\"article:modified_time\" content=\"2025-01-20T10:16:52+00:00\" \/>\n<meta property=\"og:image\" content=\"https:\/\/sabik.com\/wp-content\/uploads\/2024\/10\/m650h.jpg\" \/>\n\t<meta property=\"og:image:width\" content=\"1000\" \/>\n\t<meta property=\"og:image:height\" content=\"1000\" \/>\n\t<meta property=\"og:image:type\" content=\"image\/jpeg\" \/>\n<meta name=\"twitter:card\" content=\"summary_large_image\" \/>\n<meta name=\"twitter:label1\" content=\"Tiempo de lectura\" \/>\n\t<meta name=\"twitter:data1\" content=\"1 minuto\" \/>\n<script type=\"application\/ld+json\" class=\"yoast-schema-graph\">{\"@context\":\"https:\\\/\\\/schema.org\",\"@graph\":[{\"@type\":\"WebPage\",\"@id\":\"https:\\\/\\\/sabik.com\\\/es\\\/producto\\\/linterna-led-autonoma-de-corto-alcance-m650h\\\/\",\"url\":\"https:\\\/\\\/sabik.com\\\/es\\\/producto\\\/linterna-led-autonoma-de-corto-alcance-m650h\\\/\",\"name\":\"M650H | %\",\"isPartOf\":{\"@id\":\"https:\\\/\\\/sabik.com\\\/#website\"},\"primaryImageOfPage\":{\"@id\":\"https:\\\/\\\/sabik.com\\\/es\\\/producto\\\/linterna-led-autonoma-de-corto-alcance-m650h\\\/#primaryimage\"},\"image\":{\"@id\":\"https:\\\/\\\/sabik.com\\\/es\\\/producto\\\/linterna-led-autonoma-de-corto-alcance-m650h\\\/#primaryimage\"},\"thumbnailUrl\":\"https:\\\/\\\/sabik.com\\\/wp-content\\\/uploads\\\/2024\\\/10\\\/m650h.jpg\",\"datePublished\":\"2024-10-02T12:15:45+00:00\",\"dateModified\":\"2025-01-20T10:16:52+00:00\",\"description\":\"Como linterna LED aut\u00f3noma para boyas y balizas peque\u00f1as con un alcance de 2 a 4 NM, la M650H ofrece rentabilidad y alto rendimiento con un mantenimiento m\u00ednimo.\",\"breadcrumb\":{\"@id\":\"https:\\\/\\\/sabik.com\\\/es\\\/producto\\\/linterna-led-autonoma-de-corto-alcance-m650h\\\/#breadcrumb\"},\"inLanguage\":\"es\",\"potentialAction\":[{\"@type\":\"ReadAction\",\"target\":[\"https:\\\/\\\/sabik.com\\\/es\\\/producto\\\/linterna-led-autonoma-de-corto-alcance-m650h\\\/\"]}]},{\"@type\":\"ImageObject\",\"inLanguage\":\"es\",\"@id\":\"https:\\\/\\\/sabik.com\\\/es\\\/producto\\\/linterna-led-autonoma-de-corto-alcance-m650h\\\/#primaryimage\",\"url\":\"https:\\\/\\\/sabik.com\\\/wp-content\\\/uploads\\\/2024\\\/10\\\/m650h.jpg\",\"contentUrl\":\"https:\\\/\\\/sabik.com\\\/wp-content\\\/uploads\\\/2024\\\/10\\\/m650h.jpg\",\"width\":1000,\"height\":1000,\"caption\":\"M650H\"},{\"@type\":\"BreadcrumbList\",\"@id\":\"https:\\\/\\\/sabik.com\\\/es\\\/producto\\\/linterna-led-autonoma-de-corto-alcance-m650h\\\/#breadcrumb\",\"itemListElement\":[{\"@type\":\"ListItem\",\"position\":1,\"name\":\"Home\",\"item\":\"https:\\\/\\\/sabik.com\\\/es\\\/\"},{\"@type\":\"ListItem\",\"position\":2,\"name\":\"Productos\",\"item\":\"https:\\\/\\\/sabik.com\\\/es\\\/tienda\\\/\"},{\"@type\":\"ListItem\",\"position\":3,\"name\":\"Linterna LED aut\u00f3noma de corto alcance M650H\"}]},{\"@type\":\"WebSite\",\"@id\":\"https:\\\/\\\/sabik.com\\\/#website\",\"url\":\"https:\\\/\\\/sabik.com\\\/\",\"name\":\"Sabik\",\"description\":\"Global Leader in Maritime Aids to Navigation\",\"potentialAction\":[{\"@type\":\"SearchAction\",\"target\":{\"@type\":\"EntryPoint\",\"urlTemplate\":\"https:\\\/\\\/sabik.com\\\/?s={search_term_string}\"},\"query-input\":{\"@type\":\"PropertyValueSpecification\",\"valueRequired\":true,\"valueName\":\"search_term_string\"}}],\"inLanguage\":\"es\"}]}<\/script>\n<!-- \/ Yoast SEO Premium plugin. -->","yoast_head_json":{"title":"M650H | %","description":"Como linterna LED aut\u00f3noma para boyas y balizas peque\u00f1as con un alcance de 2 a 4 NM, la M650H ofrece rentabilidad y alto rendimiento con un mantenimiento m\u00ednimo.","robots":{"index":"index","follow":"follow","max-snippet":"max-snippet:-1","max-image-preview":"max-image-preview:large","max-video-preview":"max-video-preview:-1"},"canonical":"https:\/\/sabik.com\/es\/producto\/linterna-led-autonoma-de-corto-alcance-m650h\/","og_locale":"es_ES","og_type":"article","og_title":"Linterna LED aut\u00f3noma de corto alcance M650H","og_description":"Como linterna LED aut\u00f3noma para boyas y balizas peque\u00f1as con un alcance de 2 a 4 NM, la M650H ofrece rentabilidad y alto rendimiento con un mantenimiento m\u00ednimo.","og_url":"https:\/\/sabik.com\/es\/producto\/linterna-led-autonoma-de-corto-alcance-m650h\/","og_site_name":"Sabik","article_modified_time":"2025-01-20T10:16:52+00:00","og_image":[{"width":1000,"height":1000,"url":"https:\/\/sabik.com\/wp-content\/uploads\/2024\/10\/m650h.jpg","type":"image\/jpeg"}],"twitter_card":"summary_large_image","twitter_misc":{"Tiempo de lectura":"1 minuto"},"schema":{"@context":"https:\/\/schema.org","@graph":[{"@type":"WebPage","@id":"https:\/\/sabik.com\/es\/producto\/linterna-led-autonoma-de-corto-alcance-m650h\/","url":"https:\/\/sabik.com\/es\/producto\/linterna-led-autonoma-de-corto-alcance-m650h\/","name":"M650H | %","isPartOf":{"@id":"https:\/\/sabik.com\/#website"},"primaryImageOfPage":{"@id":"https:\/\/sabik.com\/es\/producto\/linterna-led-autonoma-de-corto-alcance-m650h\/#primaryimage"},"image":{"@id":"https:\/\/sabik.com\/es\/producto\/linterna-led-autonoma-de-corto-alcance-m650h\/#primaryimage"},"thumbnailUrl":"https:\/\/sabik.com\/wp-content\/uploads\/2024\/10\/m650h.jpg","datePublished":"2024-10-02T12:15:45+00:00","dateModified":"2025-01-20T10:16:52+00:00","description":"Como linterna LED aut\u00f3noma para boyas y balizas peque\u00f1as con un alcance de 2 a 4 NM, la M650H ofrece rentabilidad y alto rendimiento con un mantenimiento m\u00ednimo.","breadcrumb":{"@id":"https:\/\/sabik.com\/es\/producto\/linterna-led-autonoma-de-corto-alcance-m650h\/#breadcrumb"},"inLanguage":"es","potentialAction":[{"@type":"ReadAction","target":["https:\/\/sabik.com\/es\/producto\/linterna-led-autonoma-de-corto-alcance-m650h\/"]}]},{"@type":"ImageObject","inLanguage":"es","@id":"https:\/\/sabik.com\/es\/producto\/linterna-led-autonoma-de-corto-alcance-m650h\/#primaryimage","url":"https:\/\/sabik.com\/wp-content\/uploads\/2024\/10\/m650h.jpg","contentUrl":"https:\/\/sabik.com\/wp-content\/uploads\/2024\/10\/m650h.jpg","width":1000,"height":1000,"caption":"M650H"},{"@type":"BreadcrumbList","@id":"https:\/\/sabik.com\/es\/producto\/linterna-led-autonoma-de-corto-alcance-m650h\/#breadcrumb","itemListElement":[{"@type":"ListItem","position":1,"name":"Home","item":"https:\/\/sabik.com\/es\/"},{"@type":"ListItem","position":2,"name":"Productos","item":"https:\/\/sabik.com\/es\/tienda\/"},{"@type":"ListItem","position":3,"name":"Linterna LED aut\u00f3noma de corto alcance M650H"}]},{"@type":"WebSite","@id":"https:\/\/sabik.com\/#website","url":"https:\/\/sabik.com\/","name":"Sabik","description":"Global Leader in Maritime Aids to Navigation","potentialAction":[{"@type":"SearchAction","target":{"@type":"EntryPoint","urlTemplate":"https:\/\/sabik.com\/?s={search_term_string}"},"query-input":{"@type":"PropertyValueSpecification","valueRequired":true,"valueName":"search_term_string"}}],"inLanguage":"es"}]}},"_links":{"self":[{"href":"https:\/\/sabik.com\/es\/wp-json\/wp\/v2\/product\/2477","targetHints":{"allow":["GET"]}}],"collection":[{"href":"https:\/\/sabik.com\/es\/wp-json\/wp\/v2\/product"}],"about":[{"href":"https:\/\/sabik.com\/es\/wp-json\/wp\/v2\/types\/product"}],"wp:featuredmedia":[{"embeddable":true,"href":"https:\/\/sabik.com\/es\/wp-json\/wp\/v2\/media\/1271"}],"wp:attachment":[{"href":"https:\/\/sabik.com\/es\/wp-json\/wp\/v2\/media?parent=2477"}],"wp:term":[{"taxonomy":"product_brand","embeddable":true,"href":"https:\/\/sabik.com\/es\/wp-json\/wp\/v2\/product_brand?post=2477"},{"taxonomy":"product_cat","embeddable":true,"href":"https:\/\/sabik.com\/es\/wp-json\/wp\/v2\/product_cat?post=2477"},{"taxonomy":"product_tag","embeddable":true,"href":"https:\/\/sabik.com\/es\/wp-json\/wp\/v2\/product_tag?post=2477"}],"curies":[{"name":"wp","href":"https:\/\/api.w.org\/{rel}","templated":true}]}}