{"id":2501,"date":"2024-09-26T09:14:54","date_gmt":"2024-09-26T06:14:54","guid":{"rendered":"https:\/\/sabik.com\/product\/piloto-de-senalizacion-sbfl-160\/"},"modified":"2025-01-20T12:16:53","modified_gmt":"2025-01-20T10:16:53","slug":"piloto-de-senalizacion-sbfl-160","status":"publish","type":"product","link":"https:\/\/sabik.com\/es\/producto\/piloto-de-senalizacion-sbfl-160\/","title":{"rendered":"Piloto de se\u00f1alizaci\u00f3n SBFL 160"},"content":{"rendered":"<div class=\"wpb-content-wrapper\">[vc_row][vc_column][mk_padding_divider][\/vc_column][\/vc_row][vc_row][vc_column width=\u00bb1\/2&#8243;][vc_column_text css=\u00bb.vc_custom_1728538507404{margin-bottom: 0px !important;}\u00bb]\n<h2>Informaci\u00f3n sobre el producto:<\/h2>\n[\/vc_column_text][\/vc_column][vc_column width=\u00bb1\/2&#8243;][vc_column_text css=\u00bb.vc_custom_1728983774375{margin-bottom: 0px !important;}\u00bb]La SBFL 160 es una luz de se\u00f1alizaci\u00f3n dise\u00f1ada espec\u00edficamente para explotaciones acu\u00edcolas. Esta unidad cumple los requisitos de visibilidad diurna y nocturna, as\u00ed como de detecci\u00f3n por radar. Puede instalarse directamente en flotadores para operaciones de acuicultura. La luz de balizamiento cuenta con un tubo de boya amarillo que alberga una bater\u00eda alcalina integrada, una linterna LED, reflectores de luz y un reflector de radar interno. Con su dise\u00f1o parcialmente integrado y duradero, la linterna presenta un bajo consumo de energ\u00eda y est\u00e1 equipada con sincronizaci\u00f3n GNSS para una mayor funcionalidad.[\/vc_column_text][\/vc_column][\/vc_row][vc_row][vc_column][mk_padding_divider][\/vc_column][\/vc_row][vc_row][vc_column width=\u00bb1\/2&#8243;][vc_column_text css=\u00bb.vc_custom_1728538512684{margin-bottom: 0px !important;}\u00bb]\n<h2>Documentaci\u00f3n del producto:<\/h2>\n[\/vc_column_text][\/vc_column][vc_column width=\u00bb1\/2&#8243;][vc_column_text css=\u00bb.vc_custom_1731913769529{margin-bottom: 0px !important;}\u00bb]<a href=\"https:\/\/sabik.com\/wp-content\/uploads\/2024\/10\/sabik_marine_datasheet_sbfl160_2020.pdf\">Ficha t\u00e9cnica de la SBFL160 (pdf EN)<\/a><\/p>\n<p><a href=\"https:\/\/sabik.com\/wp-content\/uploads\/2024\/10\/sabik_marine_spain_datasheet_sbfl-160_2020.pdf\">Ficha t\u00e9cnica de la SBFL160 (pdf ES)<\/a><\/p>\n<p><a href=\"https:\/\/sabik.com\/wp-content\/uploads\/2024\/11\/sabik_sbfl-sbfh-160_manual_english.pdf\">Manual de producto de la SBFL 160 y de la SBFH 160 (pdf EN)<\/a>[\/vc_column_text][\/vc_column][\/vc_row][vc_row][vc_column][mk_padding_divider][\/vc_column][\/vc_row][vc_row][vc_column width=\u00bb1\/6&#8243;][\/vc_column][vc_column width=\u00bb2\/3&#8243;][vc_video max_width=\u00bb900&#8243; link=\u00bbhttps:\/\/www.youtube.com\/watch?v=vVXvCqLUmvA\u00bb][\/vc_column][vc_column width=\u00bb1\/6&#8243;][\/vc_column][\/vc_row][vc_row][vc_column][mk_divider style=\u00bbthin_solid\u00bb margin_top=\u00bb40&#8243; margin_bottom=\u00bb40&#8243;][\/vc_column][\/vc_row]\n<\/div>","protected":false},"excerpt":{"rendered":"<p><img loading=\"lazy\" decoding=\"async\" class=\"alignnone size-full wp-image-250\" src=\"https:\/\/sabik.com\/wp-content\/uploads\/2024\/10\/bluetooth_text.png\" alt=\"Bluetooth\" width=\"75\" height=\"100\" srcset=\"https:\/\/sabik.com\/wp-content\/uploads\/2024\/10\/bluetooth_text.png 300w, https:\/\/sabik.com\/wp-content\/uploads\/2024\/10\/bluetooth_text-225x300.png 225w\" sizes=\"auto, (max-width: 75px) 100vw, 75px\" \/><img loading=\"lazy\" decoding=\"async\" class=\"alignnone size-full wp-image-252\" src=\"https:\/\/sabik.com\/wp-content\/uploads\/2024\/10\/internal_solar_charger_text.png\" alt=\"Internal Solar Charger\" width=\"75\" height=\"100\" srcset=\"https:\/\/sabik.com\/wp-content\/uploads\/2024\/10\/internal_solar_charger_text.png 300w, https:\/\/sabik.com\/wp-content\/uploads\/2024\/10\/internal_solar_charger_text-225x300.png 225w\" sizes=\"auto, (max-width: 75px) 100vw, 75px\" \/><\/p>\n<ul>\n<li>Intensidad y alcance ajustables<\/li>\n<li>Luz amarilla IALA est\u00e1ndar con reflector de radar interno<\/li>\n<li>Funciona con una bater\u00eda alcalina; divergencia vertical de 8\u00b0 al 50%<\/li>\n<li>Mecanismo de montaje personalizable; compatible con el programador Sabik Easy<\/li>\n<\/ul>\n","protected":false},"featured_media":1369,"template":"","meta":{"_improvement_type_select":"improve_an_existing","_thumb_yes_seoaic":false,"_frame_yes_seoaic":false,"seoaic_generate_description":"","seoaic_improve_instructions_prompt":"","seoaic_rollback_content_improvement":"","seoaic_idea_thumbnail_generator":"","thumbnail_generated":false,"thumbnail_generate_prompt":"","seoaic_article_description":""},"product_brand":[],"product_cat":[174],"product_tag":[],"class_list":{"0":"post-2501","1":"product","2":"type-product","3":"status-publish","4":"has-post-thumbnail","6":"product_cat-luces-especiales","8":"first","9":"instock","10":"featured","11":"shipping-taxable","12":"product-type-simple"},"yoast_head":"<!-- This site is optimized with the Yoast SEO Premium plugin v26.2 (Yoast SEO v27.4) - https:\/\/yoast.com\/product\/yoast-seo-premium-wordpress\/ -->\n<title>Piloto de se\u00f1alizaci\u00f3n SBFL 160 | Sabik<\/title>\n<meta name=\"description\" content=\"La SBFL 160 es una luz de se\u00f1alizaci\u00f3n para explotaciones acu\u00edcolas. Esta unidad cumple los requisitos de visibilidad diurna y nocturna, as\u00ed como de detecci\u00f3n por radar.\" \/>\n<meta name=\"robots\" content=\"index, follow, max-snippet:-1, max-image-preview:large, max-video-preview:-1\" \/>\n<link rel=\"canonical\" href=\"https:\/\/sabik.com\/es\/producto\/piloto-de-senalizacion-sbfl-160\/\" \/>\n<meta property=\"og:locale\" content=\"es_ES\" \/>\n<meta property=\"og:type\" content=\"article\" \/>\n<meta property=\"og:title\" content=\"Piloto de se\u00f1alizaci\u00f3n SBFL 160\" \/>\n<meta property=\"og:description\" content=\"La SBFL 160 es una luz de se\u00f1alizaci\u00f3n para explotaciones acu\u00edcolas. Esta unidad cumple los requisitos de visibilidad diurna y nocturna, as\u00ed como de detecci\u00f3n por radar.\" \/>\n<meta property=\"og:url\" content=\"https:\/\/sabik.com\/es\/producto\/piloto-de-senalizacion-sbfl-160\/\" \/>\n<meta property=\"og:site_name\" content=\"Sabik\" \/>\n<meta property=\"article:modified_time\" content=\"2025-01-20T10:16:53+00:00\" \/>\n<meta property=\"og:image\" content=\"https:\/\/sabik.com\/wp-content\/uploads\/2024\/10\/sbfl-160.jpg\" \/>\n\t<meta property=\"og:image:width\" content=\"1000\" \/>\n\t<meta property=\"og:image:height\" content=\"1000\" \/>\n\t<meta property=\"og:image:type\" content=\"image\/jpeg\" \/>\n<meta name=\"twitter:card\" content=\"summary_large_image\" \/>\n<meta name=\"twitter:label1\" content=\"Tiempo de lectura\" \/>\n\t<meta name=\"twitter:data1\" content=\"1 minuto\" \/>\n<script type=\"application\/ld+json\" class=\"yoast-schema-graph\">{\"@context\":\"https:\\\/\\\/schema.org\",\"@graph\":[{\"@type\":\"WebPage\",\"@id\":\"https:\\\/\\\/sabik.com\\\/es\\\/producto\\\/piloto-de-senalizacion-sbfl-160\\\/\",\"url\":\"https:\\\/\\\/sabik.com\\\/es\\\/producto\\\/piloto-de-senalizacion-sbfl-160\\\/\",\"name\":\"Piloto de se\u00f1alizaci\u00f3n SBFL 160 | Sabik\",\"isPartOf\":{\"@id\":\"https:\\\/\\\/sabik.com\\\/#website\"},\"primaryImageOfPage\":{\"@id\":\"https:\\\/\\\/sabik.com\\\/es\\\/producto\\\/piloto-de-senalizacion-sbfl-160\\\/#primaryimage\"},\"image\":{\"@id\":\"https:\\\/\\\/sabik.com\\\/es\\\/producto\\\/piloto-de-senalizacion-sbfl-160\\\/#primaryimage\"},\"thumbnailUrl\":\"https:\\\/\\\/sabik.com\\\/wp-content\\\/uploads\\\/2024\\\/10\\\/sbfl-160.jpg\",\"datePublished\":\"2024-09-26T06:14:54+00:00\",\"dateModified\":\"2025-01-20T10:16:53+00:00\",\"description\":\"La SBFL 160 es una luz de se\u00f1alizaci\u00f3n para explotaciones acu\u00edcolas. Esta unidad cumple los requisitos de visibilidad diurna y nocturna, as\u00ed como de detecci\u00f3n por radar.\",\"breadcrumb\":{\"@id\":\"https:\\\/\\\/sabik.com\\\/es\\\/producto\\\/piloto-de-senalizacion-sbfl-160\\\/#breadcrumb\"},\"inLanguage\":\"es\",\"potentialAction\":[{\"@type\":\"ReadAction\",\"target\":[\"https:\\\/\\\/sabik.com\\\/es\\\/producto\\\/piloto-de-senalizacion-sbfl-160\\\/\"]}]},{\"@type\":\"ImageObject\",\"inLanguage\":\"es\",\"@id\":\"https:\\\/\\\/sabik.com\\\/es\\\/producto\\\/piloto-de-senalizacion-sbfl-160\\\/#primaryimage\",\"url\":\"https:\\\/\\\/sabik.com\\\/wp-content\\\/uploads\\\/2024\\\/10\\\/sbfl-160.jpg\",\"contentUrl\":\"https:\\\/\\\/sabik.com\\\/wp-content\\\/uploads\\\/2024\\\/10\\\/sbfl-160.jpg\",\"width\":1000,\"height\":1000,\"caption\":\"SBFL 160\"},{\"@type\":\"BreadcrumbList\",\"@id\":\"https:\\\/\\\/sabik.com\\\/es\\\/producto\\\/piloto-de-senalizacion-sbfl-160\\\/#breadcrumb\",\"itemListElement\":[{\"@type\":\"ListItem\",\"position\":1,\"name\":\"Home\",\"item\":\"https:\\\/\\\/sabik.com\\\/es\\\/\"},{\"@type\":\"ListItem\",\"position\":2,\"name\":\"Productos\",\"item\":\"https:\\\/\\\/sabik.com\\\/es\\\/tienda\\\/\"},{\"@type\":\"ListItem\",\"position\":3,\"name\":\"Piloto de se\u00f1alizaci\u00f3n SBFL 160\"}]},{\"@type\":\"WebSite\",\"@id\":\"https:\\\/\\\/sabik.com\\\/#website\",\"url\":\"https:\\\/\\\/sabik.com\\\/\",\"name\":\"Sabik\",\"description\":\"Global Leader in Maritime Aids to Navigation\",\"potentialAction\":[{\"@type\":\"SearchAction\",\"target\":{\"@type\":\"EntryPoint\",\"urlTemplate\":\"https:\\\/\\\/sabik.com\\\/?s={search_term_string}\"},\"query-input\":{\"@type\":\"PropertyValueSpecification\",\"valueRequired\":true,\"valueName\":\"search_term_string\"}}],\"inLanguage\":\"es\"}]}<\/script>\n<!-- \/ Yoast SEO Premium plugin. -->","yoast_head_json":{"title":"Piloto de se\u00f1alizaci\u00f3n SBFL 160 | Sabik","description":"La SBFL 160 es una luz de se\u00f1alizaci\u00f3n para explotaciones acu\u00edcolas. Esta unidad cumple los requisitos de visibilidad diurna y nocturna, as\u00ed como de detecci\u00f3n por radar.","robots":{"index":"index","follow":"follow","max-snippet":"max-snippet:-1","max-image-preview":"max-image-preview:large","max-video-preview":"max-video-preview:-1"},"canonical":"https:\/\/sabik.com\/es\/producto\/piloto-de-senalizacion-sbfl-160\/","og_locale":"es_ES","og_type":"article","og_title":"Piloto de se\u00f1alizaci\u00f3n SBFL 160","og_description":"La SBFL 160 es una luz de se\u00f1alizaci\u00f3n para explotaciones acu\u00edcolas. Esta unidad cumple los requisitos de visibilidad diurna y nocturna, as\u00ed como de detecci\u00f3n por radar.","og_url":"https:\/\/sabik.com\/es\/producto\/piloto-de-senalizacion-sbfl-160\/","og_site_name":"Sabik","article_modified_time":"2025-01-20T10:16:53+00:00","og_image":[{"width":1000,"height":1000,"url":"https:\/\/sabik.com\/wp-content\/uploads\/2024\/10\/sbfl-160.jpg","type":"image\/jpeg"}],"twitter_card":"summary_large_image","twitter_misc":{"Tiempo de lectura":"1 minuto"},"schema":{"@context":"https:\/\/schema.org","@graph":[{"@type":"WebPage","@id":"https:\/\/sabik.com\/es\/producto\/piloto-de-senalizacion-sbfl-160\/","url":"https:\/\/sabik.com\/es\/producto\/piloto-de-senalizacion-sbfl-160\/","name":"Piloto de se\u00f1alizaci\u00f3n SBFL 160 | Sabik","isPartOf":{"@id":"https:\/\/sabik.com\/#website"},"primaryImageOfPage":{"@id":"https:\/\/sabik.com\/es\/producto\/piloto-de-senalizacion-sbfl-160\/#primaryimage"},"image":{"@id":"https:\/\/sabik.com\/es\/producto\/piloto-de-senalizacion-sbfl-160\/#primaryimage"},"thumbnailUrl":"https:\/\/sabik.com\/wp-content\/uploads\/2024\/10\/sbfl-160.jpg","datePublished":"2024-09-26T06:14:54+00:00","dateModified":"2025-01-20T10:16:53+00:00","description":"La SBFL 160 es una luz de se\u00f1alizaci\u00f3n para explotaciones acu\u00edcolas. Esta unidad cumple los requisitos de visibilidad diurna y nocturna, as\u00ed como de detecci\u00f3n por radar.","breadcrumb":{"@id":"https:\/\/sabik.com\/es\/producto\/piloto-de-senalizacion-sbfl-160\/#breadcrumb"},"inLanguage":"es","potentialAction":[{"@type":"ReadAction","target":["https:\/\/sabik.com\/es\/producto\/piloto-de-senalizacion-sbfl-160\/"]}]},{"@type":"ImageObject","inLanguage":"es","@id":"https:\/\/sabik.com\/es\/producto\/piloto-de-senalizacion-sbfl-160\/#primaryimage","url":"https:\/\/sabik.com\/wp-content\/uploads\/2024\/10\/sbfl-160.jpg","contentUrl":"https:\/\/sabik.com\/wp-content\/uploads\/2024\/10\/sbfl-160.jpg","width":1000,"height":1000,"caption":"SBFL 160"},{"@type":"BreadcrumbList","@id":"https:\/\/sabik.com\/es\/producto\/piloto-de-senalizacion-sbfl-160\/#breadcrumb","itemListElement":[{"@type":"ListItem","position":1,"name":"Home","item":"https:\/\/sabik.com\/es\/"},{"@type":"ListItem","position":2,"name":"Productos","item":"https:\/\/sabik.com\/es\/tienda\/"},{"@type":"ListItem","position":3,"name":"Piloto de se\u00f1alizaci\u00f3n SBFL 160"}]},{"@type":"WebSite","@id":"https:\/\/sabik.com\/#website","url":"https:\/\/sabik.com\/","name":"Sabik","description":"Global Leader in Maritime Aids to Navigation","potentialAction":[{"@type":"SearchAction","target":{"@type":"EntryPoint","urlTemplate":"https:\/\/sabik.com\/?s={search_term_string}"},"query-input":{"@type":"PropertyValueSpecification","valueRequired":true,"valueName":"search_term_string"}}],"inLanguage":"es"}]}},"_links":{"self":[{"href":"https:\/\/sabik.com\/es\/wp-json\/wp\/v2\/product\/2501","targetHints":{"allow":["GET"]}}],"collection":[{"href":"https:\/\/sabik.com\/es\/wp-json\/wp\/v2\/product"}],"about":[{"href":"https:\/\/sabik.com\/es\/wp-json\/wp\/v2\/types\/product"}],"wp:featuredmedia":[{"embeddable":true,"href":"https:\/\/sabik.com\/es\/wp-json\/wp\/v2\/media\/1369"}],"wp:attachment":[{"href":"https:\/\/sabik.com\/es\/wp-json\/wp\/v2\/media?parent=2501"}],"wp:term":[{"taxonomy":"product_brand","embeddable":true,"href":"https:\/\/sabik.com\/es\/wp-json\/wp\/v2\/product_brand?post=2501"},{"taxonomy":"product_cat","embeddable":true,"href":"https:\/\/sabik.com\/es\/wp-json\/wp\/v2\/product_cat?post=2501"},{"taxonomy":"product_tag","embeddable":true,"href":"https:\/\/sabik.com\/es\/wp-json\/wp\/v2\/product_tag?post=2501"}],"curies":[{"name":"wp","href":"https:\/\/api.w.org\/{rel}","templated":true}]}}