{"id":2505,"date":"2024-09-26T09:12:31","date_gmt":"2024-09-26T06:12:31","guid":{"rendered":"https:\/\/sabik.com\/product\/tubo-de-luz-led-lt-1000\/"},"modified":"2025-01-20T12:16:53","modified_gmt":"2025-01-20T10:16:53","slug":"tubo-de-luz-led-lt-1000","status":"publish","type":"product","link":"https:\/\/sabik.com\/es\/producto\/tubo-de-luz-led-lt-1000\/","title":{"rendered":"Tubo de luz Led LT 1000"},"content":{"rendered":"<div class=\"wpb-content-wrapper\">[vc_row][vc_column][mk_padding_divider][\/vc_column][\/vc_row][vc_row][vc_column width=\u00bb1\/2&#8243;][vc_column_text css=\u00bb.vc_custom_1728538507404{margin-bottom: 0px !important;}\u00bb]\n<h2>Informaci\u00f3n sobre el producto:<\/h2>\n[\/vc_column_text][\/vc_column][vc_column width=\u00bb1\/2&#8243;][vc_column_text css=\u00bb.vc_custom_1728975132203{margin-bottom: 0px !important;}\u00bb]El tubo de luz LED LT 1000 est\u00e1 dise\u00f1ado para reemplazar los proyectores tradicionales. La luz se distribuye directamente hacia los navegantes en lugar de iluminar la estructura. En comparaci\u00f3n con los proyectores tradicionales, s\u00f3lo se necesita una peque\u00f1a parte de la energ\u00eda.[\/vc_column_text][\/vc_column][\/vc_row][vc_row][vc_column][mk_padding_divider][\/vc_column][\/vc_row][vc_row][vc_column width=\u00bb1\/2&#8243;][vc_column_text css=\u00bb.vc_custom_1728538512684{margin-bottom: 0px !important;}\u00bb]\n<h2>Documentaci\u00f3n del producto:<\/h2>\n[\/vc_column_text][\/vc_column][vc_column width=\u00bb1\/2&#8243;][vc_column_text css=\u00bb.vc_custom_1731596344970{margin-bottom: 0px !important;}\u00bb]<a href=\"https:\/\/sabik.com\/wp-content\/uploads\/2024\/10\/sabik_marine_datasheet_lt_1000_2020.pdf\">Ficha t\u00e9cnica del LT 1000 (pdf EN)<\/a><\/p>\n<p><a href=\"https:\/\/sabik.com\/wp-content\/uploads\/2024\/10\/sabik_marine_spain_datasheet_lt_1000_2020.pdf\">Ficha t\u00e9cnica del LT 1000 (pdf ES)<\/a><\/p>\n[\/vc_column_text][\/vc_column][\/vc_row][vc_row][vc_column][mk_padding_divider][\/vc_column][\/vc_row][vc_row][vc_column][mk_divider style=\u00bbthin_solid\u00bb margin_top=\u00bb40&#8243; margin_bottom=\u00bb40&#8243;][\/vc_column][\/vc_row]\n<\/div>","protected":false},"excerpt":{"rendered":"<ul>\n<li>Tubos de luz LED libre de mantenimiento<\/li>\n<li>Carcasa herm\u00e9tica con respiradero de PTFE<\/li>\n<li>Colores de superficie est\u00e1ndar IALA<\/li>\n<li>Bajo consumo de energ\u00eda<\/li>\n<li>Funcionamiento aut\u00f3nomo o con unidad de control<\/li>\n<li>Intensidad regulable (15% a 100%) con unidad de control<\/li>\n<li>Regulador solar y fotoc\u00e9lula integrados<\/li>\n<\/ul>\n","protected":false},"featured_media":1241,"template":"","meta":{"_improvement_type_select":"improve_an_existing","_thumb_yes_seoaic":false,"_frame_yes_seoaic":false,"seoaic_generate_description":"","seoaic_improve_instructions_prompt":"","seoaic_rollback_content_improvement":"","seoaic_idea_thumbnail_generator":"","thumbnail_generated":false,"thumbnail_generate_prompt":"","seoaic_article_description":""},"product_brand":[],"product_cat":[179],"product_tag":[],"class_list":{"0":"post-2505","1":"product","2":"type-product","3":"status-publish","4":"has-post-thumbnail","6":"product_cat-otros","8":"first","9":"instock","10":"featured","11":"shipping-taxable","12":"product-type-simple"},"yoast_head":"<!-- This site is optimized with the Yoast SEO Premium plugin v26.2 (Yoast SEO v27.4) - https:\/\/yoast.com\/product\/yoast-seo-premium-wordpress\/ -->\n<title>Tubo de luz Led LT 1000 | Sabik<\/title>\n<meta name=\"description\" content=\"El tubo de luz LED LT 1000 est\u00e1 dise\u00f1ado para reemplazar los proyectores tradicionales. La luz se distribuye directamente hacia los navegantes.\" \/>\n<meta name=\"robots\" content=\"index, follow, max-snippet:-1, max-image-preview:large, max-video-preview:-1\" \/>\n<link rel=\"canonical\" href=\"https:\/\/sabik.com\/es\/producto\/tubo-de-luz-led-lt-1000\/\" \/>\n<meta property=\"og:locale\" content=\"es_ES\" \/>\n<meta property=\"og:type\" content=\"article\" \/>\n<meta property=\"og:title\" content=\"Tubo de luz Led LT 1000\" \/>\n<meta property=\"og:description\" content=\"El tubo de luz LED LT 1000 est\u00e1 dise\u00f1ado para reemplazar los proyectores tradicionales. La luz se distribuye directamente hacia los navegantes.\" \/>\n<meta property=\"og:url\" content=\"https:\/\/sabik.com\/es\/producto\/tubo-de-luz-led-lt-1000\/\" \/>\n<meta property=\"og:site_name\" content=\"Sabik\" \/>\n<meta property=\"article:modified_time\" content=\"2025-01-20T10:16:53+00:00\" \/>\n<meta property=\"og:image\" content=\"https:\/\/sabik.com\/wp-content\/uploads\/2024\/10\/lt-1000.jpg\" \/>\n\t<meta property=\"og:image:width\" content=\"1000\" \/>\n\t<meta property=\"og:image:height\" content=\"1000\" \/>\n\t<meta property=\"og:image:type\" content=\"image\/jpeg\" \/>\n<meta name=\"twitter:card\" content=\"summary_large_image\" \/>\n<meta name=\"twitter:label1\" content=\"Tiempo de lectura\" \/>\n\t<meta name=\"twitter:data1\" content=\"1 minuto\" \/>\n<script type=\"application\/ld+json\" class=\"yoast-schema-graph\">{\"@context\":\"https:\\\/\\\/schema.org\",\"@graph\":[{\"@type\":\"WebPage\",\"@id\":\"https:\\\/\\\/sabik.com\\\/es\\\/producto\\\/tubo-de-luz-led-lt-1000\\\/\",\"url\":\"https:\\\/\\\/sabik.com\\\/es\\\/producto\\\/tubo-de-luz-led-lt-1000\\\/\",\"name\":\"Tubo de luz Led LT 1000 | Sabik\",\"isPartOf\":{\"@id\":\"https:\\\/\\\/sabik.com\\\/#website\"},\"primaryImageOfPage\":{\"@id\":\"https:\\\/\\\/sabik.com\\\/es\\\/producto\\\/tubo-de-luz-led-lt-1000\\\/#primaryimage\"},\"image\":{\"@id\":\"https:\\\/\\\/sabik.com\\\/es\\\/producto\\\/tubo-de-luz-led-lt-1000\\\/#primaryimage\"},\"thumbnailUrl\":\"https:\\\/\\\/sabik.com\\\/wp-content\\\/uploads\\\/2024\\\/10\\\/lt-1000.jpg\",\"datePublished\":\"2024-09-26T06:12:31+00:00\",\"dateModified\":\"2025-01-20T10:16:53+00:00\",\"description\":\"El tubo de luz LED LT 1000 est\u00e1 dise\u00f1ado para reemplazar los proyectores tradicionales. La luz se distribuye directamente hacia los navegantes.\",\"breadcrumb\":{\"@id\":\"https:\\\/\\\/sabik.com\\\/es\\\/producto\\\/tubo-de-luz-led-lt-1000\\\/#breadcrumb\"},\"inLanguage\":\"es\",\"potentialAction\":[{\"@type\":\"ReadAction\",\"target\":[\"https:\\\/\\\/sabik.com\\\/es\\\/producto\\\/tubo-de-luz-led-lt-1000\\\/\"]}]},{\"@type\":\"ImageObject\",\"inLanguage\":\"es\",\"@id\":\"https:\\\/\\\/sabik.com\\\/es\\\/producto\\\/tubo-de-luz-led-lt-1000\\\/#primaryimage\",\"url\":\"https:\\\/\\\/sabik.com\\\/wp-content\\\/uploads\\\/2024\\\/10\\\/lt-1000.jpg\",\"contentUrl\":\"https:\\\/\\\/sabik.com\\\/wp-content\\\/uploads\\\/2024\\\/10\\\/lt-1000.jpg\",\"width\":1000,\"height\":1000,\"caption\":\"LT 1000\"},{\"@type\":\"BreadcrumbList\",\"@id\":\"https:\\\/\\\/sabik.com\\\/es\\\/producto\\\/tubo-de-luz-led-lt-1000\\\/#breadcrumb\",\"itemListElement\":[{\"@type\":\"ListItem\",\"position\":1,\"name\":\"Home\",\"item\":\"https:\\\/\\\/sabik.com\\\/es\\\/\"},{\"@type\":\"ListItem\",\"position\":2,\"name\":\"Productos\",\"item\":\"https:\\\/\\\/sabik.com\\\/es\\\/tienda\\\/\"},{\"@type\":\"ListItem\",\"position\":3,\"name\":\"Tubo de luz Led LT 1000\"}]},{\"@type\":\"WebSite\",\"@id\":\"https:\\\/\\\/sabik.com\\\/#website\",\"url\":\"https:\\\/\\\/sabik.com\\\/\",\"name\":\"Sabik\",\"description\":\"Global Leader in Maritime Aids to Navigation\",\"potentialAction\":[{\"@type\":\"SearchAction\",\"target\":{\"@type\":\"EntryPoint\",\"urlTemplate\":\"https:\\\/\\\/sabik.com\\\/?s={search_term_string}\"},\"query-input\":{\"@type\":\"PropertyValueSpecification\",\"valueRequired\":true,\"valueName\":\"search_term_string\"}}],\"inLanguage\":\"es\"}]}<\/script>\n<!-- \/ Yoast SEO Premium plugin. -->","yoast_head_json":{"title":"Tubo de luz Led LT 1000 | Sabik","description":"El tubo de luz LED LT 1000 est\u00e1 dise\u00f1ado para reemplazar los proyectores tradicionales. La luz se distribuye directamente hacia los navegantes.","robots":{"index":"index","follow":"follow","max-snippet":"max-snippet:-1","max-image-preview":"max-image-preview:large","max-video-preview":"max-video-preview:-1"},"canonical":"https:\/\/sabik.com\/es\/producto\/tubo-de-luz-led-lt-1000\/","og_locale":"es_ES","og_type":"article","og_title":"Tubo de luz Led LT 1000","og_description":"El tubo de luz LED LT 1000 est\u00e1 dise\u00f1ado para reemplazar los proyectores tradicionales. La luz se distribuye directamente hacia los navegantes.","og_url":"https:\/\/sabik.com\/es\/producto\/tubo-de-luz-led-lt-1000\/","og_site_name":"Sabik","article_modified_time":"2025-01-20T10:16:53+00:00","og_image":[{"width":1000,"height":1000,"url":"https:\/\/sabik.com\/wp-content\/uploads\/2024\/10\/lt-1000.jpg","type":"image\/jpeg"}],"twitter_card":"summary_large_image","twitter_misc":{"Tiempo de lectura":"1 minuto"},"schema":{"@context":"https:\/\/schema.org","@graph":[{"@type":"WebPage","@id":"https:\/\/sabik.com\/es\/producto\/tubo-de-luz-led-lt-1000\/","url":"https:\/\/sabik.com\/es\/producto\/tubo-de-luz-led-lt-1000\/","name":"Tubo de luz Led LT 1000 | Sabik","isPartOf":{"@id":"https:\/\/sabik.com\/#website"},"primaryImageOfPage":{"@id":"https:\/\/sabik.com\/es\/producto\/tubo-de-luz-led-lt-1000\/#primaryimage"},"image":{"@id":"https:\/\/sabik.com\/es\/producto\/tubo-de-luz-led-lt-1000\/#primaryimage"},"thumbnailUrl":"https:\/\/sabik.com\/wp-content\/uploads\/2024\/10\/lt-1000.jpg","datePublished":"2024-09-26T06:12:31+00:00","dateModified":"2025-01-20T10:16:53+00:00","description":"El tubo de luz LED LT 1000 est\u00e1 dise\u00f1ado para reemplazar los proyectores tradicionales. La luz se distribuye directamente hacia los navegantes.","breadcrumb":{"@id":"https:\/\/sabik.com\/es\/producto\/tubo-de-luz-led-lt-1000\/#breadcrumb"},"inLanguage":"es","potentialAction":[{"@type":"ReadAction","target":["https:\/\/sabik.com\/es\/producto\/tubo-de-luz-led-lt-1000\/"]}]},{"@type":"ImageObject","inLanguage":"es","@id":"https:\/\/sabik.com\/es\/producto\/tubo-de-luz-led-lt-1000\/#primaryimage","url":"https:\/\/sabik.com\/wp-content\/uploads\/2024\/10\/lt-1000.jpg","contentUrl":"https:\/\/sabik.com\/wp-content\/uploads\/2024\/10\/lt-1000.jpg","width":1000,"height":1000,"caption":"LT 1000"},{"@type":"BreadcrumbList","@id":"https:\/\/sabik.com\/es\/producto\/tubo-de-luz-led-lt-1000\/#breadcrumb","itemListElement":[{"@type":"ListItem","position":1,"name":"Home","item":"https:\/\/sabik.com\/es\/"},{"@type":"ListItem","position":2,"name":"Productos","item":"https:\/\/sabik.com\/es\/tienda\/"},{"@type":"ListItem","position":3,"name":"Tubo de luz Led LT 1000"}]},{"@type":"WebSite","@id":"https:\/\/sabik.com\/#website","url":"https:\/\/sabik.com\/","name":"Sabik","description":"Global Leader in Maritime Aids to Navigation","potentialAction":[{"@type":"SearchAction","target":{"@type":"EntryPoint","urlTemplate":"https:\/\/sabik.com\/?s={search_term_string}"},"query-input":{"@type":"PropertyValueSpecification","valueRequired":true,"valueName":"search_term_string"}}],"inLanguage":"es"}]}},"_links":{"self":[{"href":"https:\/\/sabik.com\/es\/wp-json\/wp\/v2\/product\/2505","targetHints":{"allow":["GET"]}}],"collection":[{"href":"https:\/\/sabik.com\/es\/wp-json\/wp\/v2\/product"}],"about":[{"href":"https:\/\/sabik.com\/es\/wp-json\/wp\/v2\/types\/product"}],"wp:featuredmedia":[{"embeddable":true,"href":"https:\/\/sabik.com\/es\/wp-json\/wp\/v2\/media\/1241"}],"wp:attachment":[{"href":"https:\/\/sabik.com\/es\/wp-json\/wp\/v2\/media?parent=2505"}],"wp:term":[{"taxonomy":"product_brand","embeddable":true,"href":"https:\/\/sabik.com\/es\/wp-json\/wp\/v2\/product_brand?post=2505"},{"taxonomy":"product_cat","embeddable":true,"href":"https:\/\/sabik.com\/es\/wp-json\/wp\/v2\/product_cat?post=2505"},{"taxonomy":"product_tag","embeddable":true,"href":"https:\/\/sabik.com\/es\/wp-json\/wp\/v2\/product_tag?post=2505"}],"curies":[{"name":"wp","href":"https:\/\/api.w.org\/{rel}","templated":true}]}}