{"id":2511,"date":"2024-09-26T08:25:37","date_gmt":"2024-09-26T05:25:37","guid":{"rendered":"https:\/\/sabik.com\/product\/linterna-autonoma-para-boyas-y-balizas-led-160\/"},"modified":"2025-01-20T12:16:53","modified_gmt":"2025-01-20T10:16:53","slug":"linterna-autonoma-para-boyas-y-balizas-led-160","status":"publish","type":"product","link":"https:\/\/sabik.com\/es\/producto\/linterna-autonoma-para-boyas-y-balizas-led-160\/","title":{"rendered":"Linterna Aut\u00f3noma para Boyas y Balizas LED 160"},"content":{"rendered":"<div class=\"wpb-content-wrapper\">[vc_row][vc_column][mk_padding_divider][\/vc_column][\/vc_row][vc_row][vc_column width=\u00bb1\/2&#8243;][vc_column_text css=\u00bb.vc_custom_1728538507404{margin-bottom: 0px !important;}\u00bb]\n<h2>Informaci\u00f3n sobre el producto:<\/h2>\n[\/vc_column_text][\/vc_column][vc_column width=\u00bb1\/2&#8243;][vc_column_text css=\u00bb.vc_custom_1728973751974{margin-bottom: 0px !important;}\u00bb]La linterna marina LED 160 ofrece un rendimiento \u00f3ptico de primera clase, dise\u00f1ada tanto para boyas como para instalaciones fijas. Con tres opciones de lentes diferentes, proporciona una visibilidad fiable en un rango de 3 NM a 12 NM (Tc = 0,74), garantizando un rendimiento \u00f3ptimo en diversas condiciones mar\u00edtimas[\/vc_column_text][\/vc_column][\/vc_row][vc_row][vc_column][mk_padding_divider][\/vc_column][\/vc_row][vc_row][vc_column width=\u00bb1\/2&#8243;][vc_column_text css=\u00bb.vc_custom_1728538512684{margin-bottom: 0px !important;}\u00bb]\n<h2>Documentaci\u00f3n del producto:<\/h2>\n[\/vc_column_text][\/vc_column][vc_column width=\u00bb1\/2&#8243;][vc_column_text css=\u00bb.vc_custom_1731591063899{margin-bottom: 0px !important;}\u00bb]<a href=\"https:\/\/sabik.com\/wp-content\/uploads\/2024\/10\/sabik_marine_datasheet_led_160_2020.pdf\">Ficha t\u00e9cnica de la LED 160 (pdf EN)<\/a><\/p>\n<p><a href=\"https:\/\/sabik.com\/wp-content\/uploads\/2024\/10\/sabik_marine_spain_datasheet_led_160_2020.pdf\">Ficha t\u00e9cnica de la LED 160 (pdf ES)<\/a><\/p>\n<p><a href=\"https:\/\/sabik.com\/wp-content\/uploads\/2024\/10\/sabik_marine_datasheet_led_160_2020.pdf\" target=\"_blank\" rel=\"noopener\">Manual de producto de la LED 160 (pdf EN)<\/a>[\/vc_column_text][\/vc_column][\/vc_row][vc_row][vc_column][mk_padding_divider][\/vc_column][\/vc_row][vc_row][vc_column width=\u00bb1\/6&#8243;][\/vc_column][vc_column width=\u00bb2\/3&#8243;][vc_video max_width=\u00bb900&#8243; link=\u00bbhttps:\/\/www.youtube.com\/watch?v=vVXvCqLUmvA\u00bb][\/vc_column][vc_column width=\u00bb1\/6&#8243;][\/vc_column][\/vc_row][vc_row][vc_column][mk_divider style=\u00bbthin_solid\u00bb margin_top=\u00bb40&#8243; margin_bottom=\u00bb40&#8243;][\/vc_column][\/vc_row]\n<\/div>","protected":false},"excerpt":{"rendered":"<p><img loading=\"lazy\" decoding=\"async\" class=\"alignnone size-full wp-image-250\" src=\"https:\/\/sabik.com\/wp-content\/uploads\/2024\/10\/bluetooth_text.png\" alt=\"Cargador Solar Interno\" width=\"75\" height=\"100\" srcset=\"https:\/\/sabik.com\/wp-content\/uploads\/2024\/10\/bluetooth_text.png 300w, https:\/\/sabik.com\/wp-content\/uploads\/2024\/10\/bluetooth_text-225x300.png 225w\" sizes=\"auto, (max-width: 75px) 100vw, 75px\" \/><img loading=\"lazy\" decoding=\"async\" class=\"alignnone size-full wp-image-251\" src=\"https:\/\/sabik.com\/wp-content\/uploads\/2024\/10\/cellular_text.png\" alt=\"por Bluetooth\" width=\"75\" height=\"100\" srcset=\"https:\/\/sabik.com\/wp-content\/uploads\/2024\/10\/cellular_text.png 300w, https:\/\/sabik.com\/wp-content\/uploads\/2024\/10\/cellular_text-225x300.png 225w\" sizes=\"auto, (max-width: 75px) 100vw, 75px\" \/><img loading=\"lazy\" decoding=\"async\" class=\"alignnone size-full wp-image-252\" src=\"https:\/\/sabik.com\/wp-content\/uploads\/2024\/10\/internal_solar_charger_text.png\" alt=\"de Celular\" width=\"75\" height=\"100\" srcset=\"https:\/\/sabik.com\/wp-content\/uploads\/2024\/10\/internal_solar_charger_text.png 300w, https:\/\/sabik.com\/wp-content\/uploads\/2024\/10\/internal_solar_charger_text-225x300.png 225w\" sizes=\"auto, (max-width: 75px) 100vw, 75px\" \/><\/p>\n<ul>\n<li>Colores est\u00e1ndar IALA: rojo, verde, blanco, amarillo<\/li>\n<li>Alto rendimiento \u00f3ptico<\/li>\n<li>Robusta carcasa de aluminio<\/li>\n<li>Bajo consumo, compatible con energ\u00eda solar\/bater\u00eda<\/li>\n<li>Cargador solar integrado de 16 A<\/li>\n<li>Intensidad y alcance ajustables<\/li>\n<li>Disponible con divergencia de 2,5\u00b0, 5\u00b0 o 10<\/li>\n<li>Programaci\u00f3n IR o Bluetooth<\/li>\n<li>Sincronizaci\u00f3n GNSS opcional, LTE-M, AIS<\/li>\n<\/ul>\n","protected":false},"featured_media":1209,"template":"","meta":{"_improvement_type_select":"improve_an_existing","_thumb_yes_seoaic":false,"_frame_yes_seoaic":false,"seoaic_generate_description":"","seoaic_improve_instructions_prompt":"","seoaic_rollback_content_improvement":"","seoaic_idea_thumbnail_generator":"","thumbnail_generated":false,"thumbnail_generate_prompt":"","seoaic_article_description":""},"product_brand":[],"product_cat":[190],"product_tag":[],"class_list":{"0":"post-2511","1":"product","2":"type-product","3":"status-publish","4":"has-post-thumbnail","6":"product_cat-omnidireccional","8":"first","9":"instock","10":"featured","11":"shipping-taxable","12":"product-type-simple"},"yoast_head":"<!-- This site is optimized with the Yoast SEO Premium plugin v26.2 (Yoast SEO v27.5) - https:\/\/yoast.com\/product\/yoast-seo-premium-wordpress\/ -->\n<title>LED 160 | Sabik<\/title>\n<meta name=\"description\" content=\"La linterna marina LED 160 ofrece un rendimiento \u00f3ptico de primera clase, dise\u00f1ada tanto para boyas como para instalaciones fijas. Con tres opciones de lentes diferentes.\" \/>\n<meta name=\"robots\" content=\"index, follow, max-snippet:-1, max-image-preview:large, max-video-preview:-1\" \/>\n<link rel=\"canonical\" href=\"https:\/\/sabik.com\/es\/producto\/linterna-autonoma-para-boyas-y-balizas-led-160\/\" \/>\n<meta property=\"og:locale\" content=\"es_ES\" \/>\n<meta property=\"og:type\" content=\"article\" \/>\n<meta property=\"og:title\" content=\"Linterna Aut\u00f3noma para Boyas y Balizas LED 160\" \/>\n<meta property=\"og:description\" content=\"La linterna marina LED 160 ofrece un rendimiento \u00f3ptico de primera clase, dise\u00f1ada tanto para boyas como para instalaciones fijas. Con tres opciones de lentes diferentes.\" \/>\n<meta property=\"og:url\" content=\"https:\/\/sabik.com\/es\/producto\/linterna-autonoma-para-boyas-y-balizas-led-160\/\" \/>\n<meta property=\"og:site_name\" content=\"Sabik\" \/>\n<meta property=\"article:modified_time\" content=\"2025-01-20T10:16:53+00:00\" \/>\n<meta property=\"og:image\" content=\"https:\/\/sabik.com\/wp-content\/uploads\/2024\/10\/led-160.jpg\" \/>\n\t<meta property=\"og:image:width\" content=\"1000\" \/>\n\t<meta property=\"og:image:height\" content=\"1000\" \/>\n\t<meta property=\"og:image:type\" content=\"image\/jpeg\" \/>\n<meta name=\"twitter:card\" content=\"summary_large_image\" \/>\n<meta name=\"twitter:label1\" content=\"Tiempo de lectura\" \/>\n\t<meta name=\"twitter:data1\" content=\"1 minuto\" \/>\n<script type=\"application\/ld+json\" class=\"yoast-schema-graph\">{\"@context\":\"https:\\\/\\\/schema.org\",\"@graph\":[{\"@type\":\"WebPage\",\"@id\":\"https:\\\/\\\/sabik.com\\\/es\\\/producto\\\/linterna-autonoma-para-boyas-y-balizas-led-160\\\/\",\"url\":\"https:\\\/\\\/sabik.com\\\/es\\\/producto\\\/linterna-autonoma-para-boyas-y-balizas-led-160\\\/\",\"name\":\"LED 160 | Sabik\",\"isPartOf\":{\"@id\":\"https:\\\/\\\/sabik.com\\\/#website\"},\"primaryImageOfPage\":{\"@id\":\"https:\\\/\\\/sabik.com\\\/es\\\/producto\\\/linterna-autonoma-para-boyas-y-balizas-led-160\\\/#primaryimage\"},\"image\":{\"@id\":\"https:\\\/\\\/sabik.com\\\/es\\\/producto\\\/linterna-autonoma-para-boyas-y-balizas-led-160\\\/#primaryimage\"},\"thumbnailUrl\":\"https:\\\/\\\/sabik.com\\\/wp-content\\\/uploads\\\/2024\\\/10\\\/led-160.jpg\",\"datePublished\":\"2024-09-26T05:25:37+00:00\",\"dateModified\":\"2025-01-20T10:16:53+00:00\",\"description\":\"La linterna marina LED 160 ofrece un rendimiento \u00f3ptico de primera clase, dise\u00f1ada tanto para boyas como para instalaciones fijas. Con tres opciones de lentes diferentes.\",\"breadcrumb\":{\"@id\":\"https:\\\/\\\/sabik.com\\\/es\\\/producto\\\/linterna-autonoma-para-boyas-y-balizas-led-160\\\/#breadcrumb\"},\"inLanguage\":\"es\",\"potentialAction\":[{\"@type\":\"ReadAction\",\"target\":[\"https:\\\/\\\/sabik.com\\\/es\\\/producto\\\/linterna-autonoma-para-boyas-y-balizas-led-160\\\/\"]}]},{\"@type\":\"ImageObject\",\"inLanguage\":\"es\",\"@id\":\"https:\\\/\\\/sabik.com\\\/es\\\/producto\\\/linterna-autonoma-para-boyas-y-balizas-led-160\\\/#primaryimage\",\"url\":\"https:\\\/\\\/sabik.com\\\/wp-content\\\/uploads\\\/2024\\\/10\\\/led-160.jpg\",\"contentUrl\":\"https:\\\/\\\/sabik.com\\\/wp-content\\\/uploads\\\/2024\\\/10\\\/led-160.jpg\",\"width\":1000,\"height\":1000,\"caption\":\"LED 160\"},{\"@type\":\"BreadcrumbList\",\"@id\":\"https:\\\/\\\/sabik.com\\\/es\\\/producto\\\/linterna-autonoma-para-boyas-y-balizas-led-160\\\/#breadcrumb\",\"itemListElement\":[{\"@type\":\"ListItem\",\"position\":1,\"name\":\"Home\",\"item\":\"https:\\\/\\\/sabik.com\\\/es\\\/\"},{\"@type\":\"ListItem\",\"position\":2,\"name\":\"Productos\",\"item\":\"https:\\\/\\\/sabik.com\\\/es\\\/tienda\\\/\"},{\"@type\":\"ListItem\",\"position\":3,\"name\":\"Linterna Aut\u00f3noma para Boyas y Balizas LED 160\"}]},{\"@type\":\"WebSite\",\"@id\":\"https:\\\/\\\/sabik.com\\\/#website\",\"url\":\"https:\\\/\\\/sabik.com\\\/\",\"name\":\"Sabik\",\"description\":\"Global Leader in Maritime Aids to Navigation\",\"potentialAction\":[{\"@type\":\"SearchAction\",\"target\":{\"@type\":\"EntryPoint\",\"urlTemplate\":\"https:\\\/\\\/sabik.com\\\/?s={search_term_string}\"},\"query-input\":{\"@type\":\"PropertyValueSpecification\",\"valueRequired\":true,\"valueName\":\"search_term_string\"}}],\"inLanguage\":\"es\"}]}<\/script>\n<!-- \/ Yoast SEO Premium plugin. -->","yoast_head_json":{"title":"LED 160 | Sabik","description":"La linterna marina LED 160 ofrece un rendimiento \u00f3ptico de primera clase, dise\u00f1ada tanto para boyas como para instalaciones fijas. Con tres opciones de lentes diferentes.","robots":{"index":"index","follow":"follow","max-snippet":"max-snippet:-1","max-image-preview":"max-image-preview:large","max-video-preview":"max-video-preview:-1"},"canonical":"https:\/\/sabik.com\/es\/producto\/linterna-autonoma-para-boyas-y-balizas-led-160\/","og_locale":"es_ES","og_type":"article","og_title":"Linterna Aut\u00f3noma para Boyas y Balizas LED 160","og_description":"La linterna marina LED 160 ofrece un rendimiento \u00f3ptico de primera clase, dise\u00f1ada tanto para boyas como para instalaciones fijas. Con tres opciones de lentes diferentes.","og_url":"https:\/\/sabik.com\/es\/producto\/linterna-autonoma-para-boyas-y-balizas-led-160\/","og_site_name":"Sabik","article_modified_time":"2025-01-20T10:16:53+00:00","og_image":[{"width":1000,"height":1000,"url":"https:\/\/sabik.com\/wp-content\/uploads\/2024\/10\/led-160.jpg","type":"image\/jpeg"}],"twitter_card":"summary_large_image","twitter_misc":{"Tiempo de lectura":"1 minuto"},"schema":{"@context":"https:\/\/schema.org","@graph":[{"@type":"WebPage","@id":"https:\/\/sabik.com\/es\/producto\/linterna-autonoma-para-boyas-y-balizas-led-160\/","url":"https:\/\/sabik.com\/es\/producto\/linterna-autonoma-para-boyas-y-balizas-led-160\/","name":"LED 160 | Sabik","isPartOf":{"@id":"https:\/\/sabik.com\/#website"},"primaryImageOfPage":{"@id":"https:\/\/sabik.com\/es\/producto\/linterna-autonoma-para-boyas-y-balizas-led-160\/#primaryimage"},"image":{"@id":"https:\/\/sabik.com\/es\/producto\/linterna-autonoma-para-boyas-y-balizas-led-160\/#primaryimage"},"thumbnailUrl":"https:\/\/sabik.com\/wp-content\/uploads\/2024\/10\/led-160.jpg","datePublished":"2024-09-26T05:25:37+00:00","dateModified":"2025-01-20T10:16:53+00:00","description":"La linterna marina LED 160 ofrece un rendimiento \u00f3ptico de primera clase, dise\u00f1ada tanto para boyas como para instalaciones fijas. Con tres opciones de lentes diferentes.","breadcrumb":{"@id":"https:\/\/sabik.com\/es\/producto\/linterna-autonoma-para-boyas-y-balizas-led-160\/#breadcrumb"},"inLanguage":"es","potentialAction":[{"@type":"ReadAction","target":["https:\/\/sabik.com\/es\/producto\/linterna-autonoma-para-boyas-y-balizas-led-160\/"]}]},{"@type":"ImageObject","inLanguage":"es","@id":"https:\/\/sabik.com\/es\/producto\/linterna-autonoma-para-boyas-y-balizas-led-160\/#primaryimage","url":"https:\/\/sabik.com\/wp-content\/uploads\/2024\/10\/led-160.jpg","contentUrl":"https:\/\/sabik.com\/wp-content\/uploads\/2024\/10\/led-160.jpg","width":1000,"height":1000,"caption":"LED 160"},{"@type":"BreadcrumbList","@id":"https:\/\/sabik.com\/es\/producto\/linterna-autonoma-para-boyas-y-balizas-led-160\/#breadcrumb","itemListElement":[{"@type":"ListItem","position":1,"name":"Home","item":"https:\/\/sabik.com\/es\/"},{"@type":"ListItem","position":2,"name":"Productos","item":"https:\/\/sabik.com\/es\/tienda\/"},{"@type":"ListItem","position":3,"name":"Linterna Aut\u00f3noma para Boyas y Balizas LED 160"}]},{"@type":"WebSite","@id":"https:\/\/sabik.com\/#website","url":"https:\/\/sabik.com\/","name":"Sabik","description":"Global Leader in Maritime Aids to Navigation","potentialAction":[{"@type":"SearchAction","target":{"@type":"EntryPoint","urlTemplate":"https:\/\/sabik.com\/?s={search_term_string}"},"query-input":{"@type":"PropertyValueSpecification","valueRequired":true,"valueName":"search_term_string"}}],"inLanguage":"es"}]}},"_links":{"self":[{"href":"https:\/\/sabik.com\/es\/wp-json\/wp\/v2\/product\/2511","targetHints":{"allow":["GET"]}}],"collection":[{"href":"https:\/\/sabik.com\/es\/wp-json\/wp\/v2\/product"}],"about":[{"href":"https:\/\/sabik.com\/es\/wp-json\/wp\/v2\/types\/product"}],"wp:featuredmedia":[{"embeddable":true,"href":"https:\/\/sabik.com\/es\/wp-json\/wp\/v2\/media\/1209"}],"wp:attachment":[{"href":"https:\/\/sabik.com\/es\/wp-json\/wp\/v2\/media?parent=2511"}],"wp:term":[{"taxonomy":"product_brand","embeddable":true,"href":"https:\/\/sabik.com\/es\/wp-json\/wp\/v2\/product_brand?post=2511"},{"taxonomy":"product_cat","embeddable":true,"href":"https:\/\/sabik.com\/es\/wp-json\/wp\/v2\/product_cat?post=2511"},{"taxonomy":"product_tag","embeddable":true,"href":"https:\/\/sabik.com\/es\/wp-json\/wp\/v2\/product_tag?post=2511"}],"curies":[{"name":"wp","href":"https:\/\/api.w.org\/{rel}","templated":true}]}}