{"id":2514,"date":"2024-09-25T13:14:25","date_gmt":"2024-09-25T10:14:25","guid":{"rendered":"https:\/\/sabik.com\/product\/lightguard-ais\/"},"modified":"2025-01-20T12:16:53","modified_gmt":"2025-01-20T10:16:53","slug":"lightguard-ais","status":"publish","type":"product","link":"https:\/\/sabik.com\/es\/producto\/lightguard-ais\/","title":{"rendered":"LightGuard AIS"},"content":{"rendered":"<div class=\"wpb-content-wrapper\">[vc_row][vc_column][mk_padding_divider][\/vc_column][\/vc_row][vc_row][vc_column width=\u00bb1\/2&#8243;][vc_column_text css=\u00bb.vc_custom_1728538507404{margin-bottom: 0px !important;}\u00bb]\n<h2>Informaci\u00f3n sobre el producto:<\/h2>\n[\/vc_column_text][\/vc_column][vc_column width=\u00bb1\/2&#8243;][vc_column_text css=\u00bb.vc_custom_1728974201911{margin-bottom: 0px !important;}\u00bb]La unidad LightGuard AIS (LGA) es un transpondedor AIS totalmente compatible dise\u00f1ado para todas las instalaciones de ayuda a la navegaci\u00f3n. Alojado en una carcasa duradera con triple protecci\u00f3n dise\u00f1ada para resistir las duras condiciones marinas, puede instalarse en lugares expuestos, como boyas y estructuras fijas. La unidad incluye una antena GNSS integrada, con la opci\u00f3n de conectar una antena externa si es necesario. Tambi\u00e9n viene con un soporte de montaje est\u00e1ndar de acero inoxidable, lo que garantiza una f\u00e1cil instalaci\u00f3n en boyas o estructuras de balizamiento.[\/vc_column_text][\/vc_column][\/vc_row][vc_row][vc_column][mk_padding_divider][\/vc_column][\/vc_row][vc_row][vc_column width=\u00bb1\/2&#8243;][vc_column_text css=\u00bb.vc_custom_1728538512684{margin-bottom: 0px !important;}\u00bb]\n<h2>Documentaci\u00f3n del producto:<\/h2>\n[\/vc_column_text][\/vc_column][vc_column width=\u00bb1\/2&#8243;][vc_column_text css=\u00bb.vc_custom_1731596471266{margin-bottom: 0px !important;}\u00bb]<a href=\"https:\/\/sabik.com\/wp-content\/uploads\/2024\/10\/sabik_marine_datasheet_lightguard_ais_for_aton_2020.pdf\">Ficha t\u00e9cnica del LightGuard AIS (pdf EN)<\/a><\/p>\n<p><a href=\"https:\/\/sabik.com\/wp-content\/uploads\/2024\/10\/sabik_marine_spain_datasheet_lightguard_ais_for_aton_2020.pdf\">Ficha t\u00e9cnica del LightGuard AIS (pdf ES)<\/a><\/p>\n[\/vc_column_text][\/vc_column][\/vc_row][vc_row][vc_column][mk_padding_divider][\/vc_column][\/vc_row][vc_row][vc_column][mk_divider style=\u00bbthin_solid\u00bb margin_top=\u00bb40&#8243; margin_bottom=\u00bb40&#8243;][\/vc_column][\/vc_row]\n<\/div>","protected":false},"excerpt":{"rendered":"<ul>\n<li>Carcasa robusta IPx6\/IPx7<\/li>\n<li>Antena GNSS integrada<\/li>\n<li>Monitoreo del estado de linternas y baliza radar<\/li>\n<li>Placa de sensores opcional para sensores meteorol\u00f3gicos\/h\u00eddricos<\/li>\n<li>Admite hasta 10 mensajes<\/li>\n<li>Amplio rango de tensi\u00f3n (10-32 VCC)<\/li>\n<li>Aprobado por BSH<\/li>\n<\/ul>\n","protected":false},"featured_media":1223,"template":"","meta":{"_improvement_type_select":"improve_an_existing","_thumb_yes_seoaic":false,"_frame_yes_seoaic":false,"seoaic_generate_description":"","seoaic_improve_instructions_prompt":"","seoaic_rollback_content_improvement":"","seoaic_idea_thumbnail_generator":"","thumbnail_generated":false,"thumbnail_generate_prompt":"","seoaic_article_description":""},"product_brand":[],"product_cat":[179],"product_tag":[],"class_list":{"0":"post-2514","1":"product","2":"type-product","3":"status-publish","4":"has-post-thumbnail","6":"product_cat-otros","8":"first","9":"instock","10":"featured","11":"shipping-taxable","12":"product-type-simple"},"yoast_head":"<!-- This site is optimized with the Yoast SEO Premium plugin v26.2 (Yoast SEO v27.4) - https:\/\/yoast.com\/product\/yoast-seo-premium-wordpress\/ -->\n<title>LightGuard AIS | Sabik<\/title>\n<meta name=\"description\" content=\"La unidad LightGuard AIS (LGA) es un transpondedor AIS totalmente compatible dise\u00f1ado para todas las instalaciones de ayuda a la navegaci\u00f3n. Envuelto en un duradero..\" \/>\n<meta name=\"robots\" content=\"index, follow, max-snippet:-1, max-image-preview:large, max-video-preview:-1\" \/>\n<link rel=\"canonical\" href=\"https:\/\/sabik.com\/es\/producto\/lightguard-ais\/\" \/>\n<meta property=\"og:locale\" content=\"es_ES\" \/>\n<meta property=\"og:type\" content=\"article\" \/>\n<meta property=\"og:title\" content=\"LightGuard AIS\" \/>\n<meta property=\"og:description\" content=\"La unidad LightGuard AIS (LGA) es un transpondedor AIS totalmente compatible dise\u00f1ado para todas las instalaciones de ayuda a la navegaci\u00f3n. Envuelto en un duradero..\" \/>\n<meta property=\"og:url\" content=\"https:\/\/sabik.com\/es\/producto\/lightguard-ais\/\" \/>\n<meta property=\"og:site_name\" content=\"Sabik\" \/>\n<meta property=\"article:modified_time\" content=\"2025-01-20T10:16:53+00:00\" \/>\n<meta property=\"og:image\" content=\"https:\/\/sabik.com\/wp-content\/uploads\/2024\/10\/lightguard-ais.jpg\" \/>\n\t<meta property=\"og:image:width\" content=\"1000\" \/>\n\t<meta property=\"og:image:height\" content=\"1000\" \/>\n\t<meta property=\"og:image:type\" content=\"image\/jpeg\" \/>\n<meta name=\"twitter:card\" content=\"summary_large_image\" \/>\n<meta name=\"twitter:label1\" content=\"Tiempo de lectura\" \/>\n\t<meta name=\"twitter:data1\" content=\"1 minuto\" \/>\n<script type=\"application\/ld+json\" class=\"yoast-schema-graph\">{\"@context\":\"https:\\\/\\\/schema.org\",\"@graph\":[{\"@type\":\"WebPage\",\"@id\":\"https:\\\/\\\/sabik.com\\\/es\\\/producto\\\/lightguard-ais\\\/\",\"url\":\"https:\\\/\\\/sabik.com\\\/es\\\/producto\\\/lightguard-ais\\\/\",\"name\":\"LightGuard AIS | Sabik\",\"isPartOf\":{\"@id\":\"https:\\\/\\\/sabik.com\\\/#website\"},\"primaryImageOfPage\":{\"@id\":\"https:\\\/\\\/sabik.com\\\/es\\\/producto\\\/lightguard-ais\\\/#primaryimage\"},\"image\":{\"@id\":\"https:\\\/\\\/sabik.com\\\/es\\\/producto\\\/lightguard-ais\\\/#primaryimage\"},\"thumbnailUrl\":\"https:\\\/\\\/sabik.com\\\/wp-content\\\/uploads\\\/2024\\\/10\\\/lightguard-ais.jpg\",\"datePublished\":\"2024-09-25T10:14:25+00:00\",\"dateModified\":\"2025-01-20T10:16:53+00:00\",\"description\":\"La unidad LightGuard AIS (LGA) es un transpondedor AIS totalmente compatible dise\u00f1ado para todas las instalaciones de ayuda a la navegaci\u00f3n. Envuelto en un duradero..\",\"breadcrumb\":{\"@id\":\"https:\\\/\\\/sabik.com\\\/es\\\/producto\\\/lightguard-ais\\\/#breadcrumb\"},\"inLanguage\":\"es\",\"potentialAction\":[{\"@type\":\"ReadAction\",\"target\":[\"https:\\\/\\\/sabik.com\\\/es\\\/producto\\\/lightguard-ais\\\/\"]}]},{\"@type\":\"ImageObject\",\"inLanguage\":\"es\",\"@id\":\"https:\\\/\\\/sabik.com\\\/es\\\/producto\\\/lightguard-ais\\\/#primaryimage\",\"url\":\"https:\\\/\\\/sabik.com\\\/wp-content\\\/uploads\\\/2024\\\/10\\\/lightguard-ais.jpg\",\"contentUrl\":\"https:\\\/\\\/sabik.com\\\/wp-content\\\/uploads\\\/2024\\\/10\\\/lightguard-ais.jpg\",\"width\":1000,\"height\":1000,\"caption\":\"LightGuard AIS\"},{\"@type\":\"BreadcrumbList\",\"@id\":\"https:\\\/\\\/sabik.com\\\/es\\\/producto\\\/lightguard-ais\\\/#breadcrumb\",\"itemListElement\":[{\"@type\":\"ListItem\",\"position\":1,\"name\":\"Home\",\"item\":\"https:\\\/\\\/sabik.com\\\/es\\\/\"},{\"@type\":\"ListItem\",\"position\":2,\"name\":\"Productos\",\"item\":\"https:\\\/\\\/sabik.com\\\/es\\\/tienda\\\/\"},{\"@type\":\"ListItem\",\"position\":3,\"name\":\"LightGuard AIS\"}]},{\"@type\":\"WebSite\",\"@id\":\"https:\\\/\\\/sabik.com\\\/#website\",\"url\":\"https:\\\/\\\/sabik.com\\\/\",\"name\":\"Sabik\",\"description\":\"Global Leader in Maritime Aids to Navigation\",\"potentialAction\":[{\"@type\":\"SearchAction\",\"target\":{\"@type\":\"EntryPoint\",\"urlTemplate\":\"https:\\\/\\\/sabik.com\\\/?s={search_term_string}\"},\"query-input\":{\"@type\":\"PropertyValueSpecification\",\"valueRequired\":true,\"valueName\":\"search_term_string\"}}],\"inLanguage\":\"es\"}]}<\/script>\n<!-- \/ Yoast SEO Premium plugin. -->","yoast_head_json":{"title":"LightGuard AIS | Sabik","description":"La unidad LightGuard AIS (LGA) es un transpondedor AIS totalmente compatible dise\u00f1ado para todas las instalaciones de ayuda a la navegaci\u00f3n. Envuelto en un duradero..","robots":{"index":"index","follow":"follow","max-snippet":"max-snippet:-1","max-image-preview":"max-image-preview:large","max-video-preview":"max-video-preview:-1"},"canonical":"https:\/\/sabik.com\/es\/producto\/lightguard-ais\/","og_locale":"es_ES","og_type":"article","og_title":"LightGuard AIS","og_description":"La unidad LightGuard AIS (LGA) es un transpondedor AIS totalmente compatible dise\u00f1ado para todas las instalaciones de ayuda a la navegaci\u00f3n. Envuelto en un duradero..","og_url":"https:\/\/sabik.com\/es\/producto\/lightguard-ais\/","og_site_name":"Sabik","article_modified_time":"2025-01-20T10:16:53+00:00","og_image":[{"width":1000,"height":1000,"url":"https:\/\/sabik.com\/wp-content\/uploads\/2024\/10\/lightguard-ais.jpg","type":"image\/jpeg"}],"twitter_card":"summary_large_image","twitter_misc":{"Tiempo de lectura":"1 minuto"},"schema":{"@context":"https:\/\/schema.org","@graph":[{"@type":"WebPage","@id":"https:\/\/sabik.com\/es\/producto\/lightguard-ais\/","url":"https:\/\/sabik.com\/es\/producto\/lightguard-ais\/","name":"LightGuard AIS | Sabik","isPartOf":{"@id":"https:\/\/sabik.com\/#website"},"primaryImageOfPage":{"@id":"https:\/\/sabik.com\/es\/producto\/lightguard-ais\/#primaryimage"},"image":{"@id":"https:\/\/sabik.com\/es\/producto\/lightguard-ais\/#primaryimage"},"thumbnailUrl":"https:\/\/sabik.com\/wp-content\/uploads\/2024\/10\/lightguard-ais.jpg","datePublished":"2024-09-25T10:14:25+00:00","dateModified":"2025-01-20T10:16:53+00:00","description":"La unidad LightGuard AIS (LGA) es un transpondedor AIS totalmente compatible dise\u00f1ado para todas las instalaciones de ayuda a la navegaci\u00f3n. Envuelto en un duradero..","breadcrumb":{"@id":"https:\/\/sabik.com\/es\/producto\/lightguard-ais\/#breadcrumb"},"inLanguage":"es","potentialAction":[{"@type":"ReadAction","target":["https:\/\/sabik.com\/es\/producto\/lightguard-ais\/"]}]},{"@type":"ImageObject","inLanguage":"es","@id":"https:\/\/sabik.com\/es\/producto\/lightguard-ais\/#primaryimage","url":"https:\/\/sabik.com\/wp-content\/uploads\/2024\/10\/lightguard-ais.jpg","contentUrl":"https:\/\/sabik.com\/wp-content\/uploads\/2024\/10\/lightguard-ais.jpg","width":1000,"height":1000,"caption":"LightGuard AIS"},{"@type":"BreadcrumbList","@id":"https:\/\/sabik.com\/es\/producto\/lightguard-ais\/#breadcrumb","itemListElement":[{"@type":"ListItem","position":1,"name":"Home","item":"https:\/\/sabik.com\/es\/"},{"@type":"ListItem","position":2,"name":"Productos","item":"https:\/\/sabik.com\/es\/tienda\/"},{"@type":"ListItem","position":3,"name":"LightGuard AIS"}]},{"@type":"WebSite","@id":"https:\/\/sabik.com\/#website","url":"https:\/\/sabik.com\/","name":"Sabik","description":"Global Leader in Maritime Aids to Navigation","potentialAction":[{"@type":"SearchAction","target":{"@type":"EntryPoint","urlTemplate":"https:\/\/sabik.com\/?s={search_term_string}"},"query-input":{"@type":"PropertyValueSpecification","valueRequired":true,"valueName":"search_term_string"}}],"inLanguage":"es"}]}},"_links":{"self":[{"href":"https:\/\/sabik.com\/es\/wp-json\/wp\/v2\/product\/2514","targetHints":{"allow":["GET"]}}],"collection":[{"href":"https:\/\/sabik.com\/es\/wp-json\/wp\/v2\/product"}],"about":[{"href":"https:\/\/sabik.com\/es\/wp-json\/wp\/v2\/types\/product"}],"wp:featuredmedia":[{"embeddable":true,"href":"https:\/\/sabik.com\/es\/wp-json\/wp\/v2\/media\/1223"}],"wp:attachment":[{"href":"https:\/\/sabik.com\/es\/wp-json\/wp\/v2\/media?parent=2514"}],"wp:term":[{"taxonomy":"product_brand","embeddable":true,"href":"https:\/\/sabik.com\/es\/wp-json\/wp\/v2\/product_brand?post=2514"},{"taxonomy":"product_cat","embeddable":true,"href":"https:\/\/sabik.com\/es\/wp-json\/wp\/v2\/product_cat?post=2514"},{"taxonomy":"product_tag","embeddable":true,"href":"https:\/\/sabik.com\/es\/wp-json\/wp\/v2\/product_tag?post=2514"}],"curies":[{"name":"wp","href":"https:\/\/api.w.org\/{rel}","templated":true}]}}